{"id":993,"date":"2024-12-19T12:45:50","date_gmt":"2024-12-19T10:45:50","guid":{"rendered":"https:\/\/help.jamk.fi\/tietosuoja\/?page_id=993"},"modified":"2024-12-19T12:45:50","modified_gmt":"2024-12-19T10:45:50","slug":"tietosuojaseloste-turnitin-originality-tekstin-samankaltaisuuden-tunnistuspalvelu","status":"publish","type":"page","link":"https:\/\/help.jamk.fi\/tietosuoja\/fi\/muut-palvelut\/tietosuojaseloste-turnitin-originality-tekstin-samankaltaisuuden-tunnistuspalvelu\/","title":{"rendered":"TIETOSUOJASELOSTE Turnitin Originality \u2013 tekstin samankaltaisuuden tunnistuspalvelu"},"content":{"rendered":"\n<p><br>Tietosuoja-asetus 2016\/679<\/p>\n\n\n\n<p>P\u00e4ivitetty 25.11.2024<\/p>\n\n\n\n<p><strong>1 Rekisterinpit\u00e4j\u00e4 <\/strong><\/p>\n\n\n\n<p>Jyv\u00e4skyl\u00e4n Ammattikorkeakoulu Oy<br>PL 207, 40101 Jyv\u00e4skyl\u00e4<br>+358 20 743 8100<\/p>\n\n\n\n<p><strong>2 Rekisterinpit\u00e4j\u00e4n yhteyshenkil\u00f6t<\/strong><\/p>\n\n\n\n<p>Prosessin omistaja: p\u00e4\u00e4llikk\u00f6, koulutuspalvelut<br>Sis\u00e4ll\u00f6llinen p\u00e4\u00e4k\u00e4ytt\u00e4j\u00e4: vanhempi suunnittelija, koulutuksen kehitt\u00e4mispalvelut<br>Tekninen p\u00e4\u00e4k\u00e4ytt\u00e4j\u00e4: j\u00e4rjestelm\u00e4suunnittelija ICT-palvelut<br>etunimi.sukunimi@jamk.fi<\/p>\n\n\n\n<p><strong>3 Rekisterin tiedot ja rekister\u00f6idyt ryhm\u00e4t<\/strong><\/p>\n\n\n\n<p>Jamk ker\u00e4\u00e4 rekisterinpit\u00e4j\u00e4n\u00e4 henkil\u00f6tietoja tekstintunnistuspalveluun liittyen Turnitin Originality-j\u00e4rjestelm\u00e4\u00e4n. Toimittaja on Turnitin LLC (palveluntarjoaja). Palveluntarjoajan tietosuojaseloste https:\/\/help.turnitin.com\/fi\/tietosuoja-ja-tietoturva.htm<\/p>\n\n\n\n<p>Rekisteriin ker\u00e4t\u00e4\u00e4n seuraavia tietoja:<\/p>\n\n\n\n<ul class=\"wp-block-list\">\n<li>henkil\u00f6n nimi, Jamkin s\u00e4hk\u00f6postiosoite<\/li>\n\n\n\n<li>oppilaitos<\/li>\n\n\n\n<li>kirjallisen aineiston eli palautuksen tiedot<\/li>\n\n\n\n<li>tilin rekister\u00f6innin yhteydess\u00e4 ker\u00e4t\u00e4\u00e4n k\u00e4ytt\u00e4j\u00e4tunnus<\/li>\n<\/ul>\n\n\n\n<p>Rekister\u00f6idyt ryhm\u00e4t: 1) henkil\u00f6kunta<\/p>\n\n\n\n<p><strong>4 Henkil\u00f6tietojen k\u00e4sittelyn tarkoitus ja perusteet<\/strong><\/p>\n\n\n\n<p>Jamk ker\u00e4\u00e4 ja k\u00e4sittelee rekisterinpit\u00e4j\u00e4n\u00e4 henkil\u00f6tietoja suorittaakseen tekstintunnistukseen liittyv\u00e4\u00e4 plagioinnintunnistusta. Henkil\u00f6tietoja k\u00e4sitell\u00e4\u00e4n Jamkin henkil\u00f6tietojen k\u00e4sittelyohjeen ja yleisen tietosuojaselosteen https:\/\/www.jamk.fi\/fi\/jamk\/tietosuoja-jamkissa mukaisesti.<\/p>\n\n\n\n<p>Henkil\u00f6tietojen k\u00e4sittelyn peruste on Jamkin lakis\u00e4\u00e4teinen teht\u00e4v\u00e4 koulutuksen j\u00e4rjest\u00e4j\u00e4n\u00e4.<\/p>\n\n\n\n<p><strong>5 Henkil\u00f6tietojen k\u00e4sittelij\u00e4t<\/strong><\/p>\n\n\n\n<p>Henkil\u00f6tietoja k\u00e4sittelev\u00e4t Jamkissa Turnitinin tekniset ja sis\u00e4ll\u00f6lliset p\u00e4\u00e4k\u00e4ytt\u00e4j\u00e4t.<\/p>\n\n\n\n<p><strong>6 Tietol\u00e4hteet<\/strong><\/p>\n\n\n\n<p>Tietol\u00e4hteen\u00e4 ovat henkil\u00f6iden itsens\u00e4 palveluun sy\u00f6tt\u00e4m\u00e4t tiedot.<\/p>\n\n\n\n<p><strong>7 Henkil\u00f6tietojen s\u00e4ilytysaika<\/strong><\/p>\n\n\n\n<p>S\u00e4ilyt\u00e4mme tiettyj\u00e4 k\u00e4ytt\u00e4j\u00e4n henkil\u00f6tietoja niin kauan kuin on tarpeen palveluiden jatkuvan k\u00e4yt\u00f6n mahdollistamiseksi. Se, kuinka kauan s\u00e4ilyt\u00e4mme tiettyj\u00e4 henkil\u00f6tietoja, vaihtelee niiden tyypin ja k\u00e4yt\u00f6n mukaan, mink\u00e4 j\u00e4lkeen ne poistetaan.<\/p>\n\n\n\n<p><strong>8 Rekister\u00f6idyn oikeudet ja niiden toteuttaminen<\/strong><\/p>\n\n\n\n<p>Rekister\u00f6idyll\u00e4 on tietosuoja-asetuksen nojalla oikeus:<\/p>\n\n\n\n<ul class=\"wp-block-list\">\n<li>Suostumuksen peruuttamiseen<\/li>\n\n\n\n<li>P\u00e4\u00e4sy omiin henkil\u00f6tietoihin<\/li>\n\n\n\n<li>Oikeus saada virheet korjatuksi<\/li>\n\n\n\n<li>Oikeus kielt\u00e4\u00e4 suoramarkkinointi<\/li>\n\n\n\n<li>Oikeus vastustaa k\u00e4sittely\u00e4<\/li>\n\n\n\n<li>Oikeus rajoittaa k\u00e4sittely\u00e4<\/li>\n\n\n\n<li>Oikeus saada tiedot siirretyksi.<\/li>\n<\/ul>\n\n\n\n<p>Rekister\u00f6idyn oikeuksien toteuttamiseksi pyydet\u00e4\u00e4n tekem\u00e4\u00e4n pyynt\u00f6 Jamkin tietosuojavastaavalle tietosuoja(at)jamk.fi. Jamkin tietosuojavastaavasta ja rekister\u00f6idyn oikeuksista ja niiden toteuttamisesta kerrotaan lis\u00e4\u00e4 Jamkin henkil\u00f6tietojen k\u00e4sittelyohjeessa ja yleisess\u00e4 tietosuojaselosteessa https:\/\/www.jamk.fi\/fi\/jamk\/tietosuoja-jamkissa<\/p>\n\n\n\n<p><strong>9 Tietoturva ja rekisterin suojauksen periaatteet<\/strong><\/p>\n\n\n\n<p>Palvelussa henkil\u00f6tietoja suojataan asianmukaisin teknisin ja hallinnollisin toimin luvattomalta tai laittomalta k\u00e4sittelylt\u00e4 sek\u00e4 henkil\u00f6tietojen vahingoittumiselta tai h\u00e4vi\u00e4miselt\u00e4. Asiakkaan ja k\u00e4ytt\u00e4j\u00e4n henkil\u00f6kohtaisia tietoja s\u00e4ilytet\u00e4\u00e4n kolmannen osapuolen palvelinkeskuksissa, joissa k\u00e4ytet\u00e4\u00e4n palomuureja, henkil\u00f6tietojen salausta ja muita alan standarditekniikoita ulkopuolisten tunkeutujien h\u00e4iri\u00f6iden tai p\u00e4\u00e4syn est\u00e4miseksi. Internet ei kuitenkaan ole koskaan t\u00e4ysin turvallinen, emmek\u00e4 ole vastuussa tietoturvaloukkauksista, jotka eiv\u00e4t ole kohtuullisesti hallinnassamme.<\/p>\n\n\n\n<p>Palvelua hallitaan EU:n osalta Saksassa, joten kaikki tiedot siirtyv\u00e4t siell\u00e4 oleville palvelimille.<\/p>\n\n\n\n<p>Palveluun kirjaudutaan rekister\u00f6itym\u00e4ll\u00e4 palvelun k\u00e4ytt\u00e4j\u00e4ksi ja luomalla tili, joka sis\u00e4lt\u00e4\u00e4 tunnuksen ja salasanan. Tili yhdistet\u00e4\u00e4n Jamkin s\u00e4hk\u00f6postiosoitteeseen.<\/p>\n\n\n\n<p>K\u00e4ytt\u00e4j\u00e4 on vastuussa tilitunnuksen ja salasanan luottamuksellisuuden s\u00e4ilytt\u00e4misest\u00e4. Jos k\u00e4ytt\u00e4j\u00e4 saa tietoonsa, ett\u00e4 tili\u00e4 k\u00e4ytet\u00e4\u00e4n luvatta tai ett\u00e4 k\u00e4ytt\u00e4j\u00e4- tai asiakastilin tunnisteet ovat kadonneet, tai ep\u00e4ilee tietoturvaloukkausta, k\u00e4ytt\u00e4j\u00e4n vastuulla on ilmoittaa siit\u00e4 viipym\u00e4tt\u00e4 l\u00e4hett\u00e4m\u00e4ll\u00e4 s\u00e4hk\u00f6postia osoitteeseen informationsecurity@turnitin.com.<\/p>\n\n\n\n<p>Ker\u00e4tt\u00e4v\u00e4 ja k\u00e4sitelt\u00e4v\u00e4 henkil\u00f6tieto pidet\u00e4\u00e4n luottamuksellisena eik\u00e4 sit\u00e4 ilmaista muille kuin sit\u00e4 ty\u00f6ss\u00e4\u00e4n tarvitseville taikka luottamuksellisesti ja rajoitetusti palvelusopimusten perusteella rekisterinpit\u00e4j\u00e4n asiakkaille.<\/p>\n\n\n\n<p>Palveluntarjoajan henkil\u00f6st\u00f6 sitoutuu k\u00e4sittelem\u00e4\u00e4n henkil\u00f6tietoja tietoturvallisesti, luottamuksellisesti ja vain tuottaakseen palvelua.<\/p>\n\n\n\n<p><strong>10 Tietojensiirto<\/strong><\/p>\n\n\n\n<p>Henkil\u00f6tietoja tallennetaan vain EU- ja ETA-alueella ja k\u00e4sitell\u00e4\u00e4n vain EU- ja ETA-alueella. Tietojensiirtoa EU- ja ETA-alueen ulkopuolelle tehd\u00e4\u00e4n vain tukitarkoituksessa. T\u00e4ll\u00f6in palveluntarjoaja huolehtii, ett\u00e4 henkil\u00f6tietoja k\u00e4sitell\u00e4\u00e4n tietosuoja-asetuksen vaatimusten mukaisesti ja asetuksen mukainen k\u00e4sittely on sovittu asetuksen vaatimin tietojenk\u00e4sittelysopimuksin.<\/p>\n\n\n\n<p><strong>11 Automaattinen p\u00e4\u00e4t\u00f6ksenteko ja profilointi<\/strong><\/p>\n\n\n\n<p>Rekisterin henkil\u00f6tietoihin ei kohdistu automaattista p\u00e4\u00e4t\u00f6ksentekoa eik\u00e4 profilointia.<\/p>\n","protected":false},"excerpt":{"rendered":"<p>Tietosuoja-asetus 2016\/679 P\u00e4ivitetty 25.11.2024 1 Rekisterinpit\u00e4j\u00e4 Jyv\u00e4skyl\u00e4n Ammattikorkeakoulu OyPL 207, 40101 Jyv\u00e4skyl\u00e4+358 20 743 8100 2 Rekisterinpit\u00e4j\u00e4n yhteyshenkil\u00f6t Prosessin omistaja: p\u00e4\u00e4llikk\u00f6, koulutuspalvelutSis\u00e4ll\u00f6llinen p\u00e4\u00e4k\u00e4ytt\u00e4j\u00e4: vanhempi suunnittelija, koulutuksen kehitt\u00e4mispalvelutTekninen p\u00e4\u00e4k\u00e4ytt\u00e4j\u00e4: j\u00e4rjestelm\u00e4suunnittelija ICT-palvelutetunimi.sukunimi@jamk.fi 3 Rekisterin tiedot ja rekister\u00f6idyt ryhm\u00e4t Jamk ker\u00e4\u00e4 rekisterinpit\u00e4j\u00e4n\u00e4 henkil\u00f6tietoja tekstintunnistuspalveluun liittyen Turnitin Originality-j\u00e4rjestelm\u00e4\u00e4n. Toimittaja on Turnitin LLC (palveluntarjoaja). Palveluntarjoajan tietosuojaseloste https:\/\/help.turnitin.com\/fi\/tietosuoja-ja-tietoturva.htm Rekisteriin ker\u00e4t\u00e4\u00e4n seuraavia [&hellip;]<\/p>\n","protected":false},"author":178,"featured_media":0,"parent":546,"menu_order":0,"comment_status":"closed","ping_status":"closed","template":"","meta":{"_acf_changed":false,"_relevanssi_hide_post":"","_relevanssi_hide_content":"","_relevanssi_pin_for_all":"","_relevanssi_pin_keywords":"","_relevanssi_unpin_keywords":"","_relevanssi_related_keywords":"","_relevanssi_related_include_ids":"","_relevanssi_related_exclude_ids":"","_relevanssi_related_no_append":"","_relevanssi_related_not_related":"","_relevanssi_related_posts":"","_relevanssi_noindex_reason":"","footnotes":""},"categories":[],"tags":[],"class_list":["post-993","page","type-page","status-publish","hentry"],"acf":[],"yoast_head":"<!-- This site is optimized with the Yoast SEO plugin v27.4 - https:\/\/yoast.com\/product\/yoast-seo-wordpress\/ -->\n<title>TIETOSUOJASELOSTE Turnitin Originality \u2013 tekstin samankaltaisuuden tunnistuspalvelu - Tietosuoja<\/title>\n<meta name=\"robots\" content=\"index, follow, max-snippet:-1, max-image-preview:large, max-video-preview:-1\" \/>\n<link rel=\"canonical\" href=\"https:\/\/help.jamk.fi\/tietosuoja\/fi\/muut-palvelut\/tietosuojaseloste-turnitin-originality-tekstin-samankaltaisuuden-tunnistuspalvelu\/\" \/>\n<meta property=\"og:locale\" content=\"fi_FI\" \/>\n<meta property=\"og:type\" content=\"article\" \/>\n<meta property=\"og:title\" content=\"TIETOSUOJASELOSTE Turnitin Originality \u2013 tekstin samankaltaisuuden tunnistuspalvelu - Tietosuoja\" \/>\n<meta property=\"og:description\" content=\"Tietosuoja-asetus 2016\/679 P\u00e4ivitetty 25.11.2024 1 Rekisterinpit\u00e4j\u00e4 Jyv\u00e4skyl\u00e4n Ammattikorkeakoulu OyPL 207, 40101 Jyv\u00e4skyl\u00e4+358 20 743 8100 2 Rekisterinpit\u00e4j\u00e4n yhteyshenkil\u00f6t Prosessin omistaja: p\u00e4\u00e4llikk\u00f6, koulutuspalvelutSis\u00e4ll\u00f6llinen p\u00e4\u00e4k\u00e4ytt\u00e4j\u00e4: vanhempi suunnittelija, koulutuksen kehitt\u00e4mispalvelutTekninen p\u00e4\u00e4k\u00e4ytt\u00e4j\u00e4: j\u00e4rjestelm\u00e4suunnittelija ICT-palvelutetunimi.sukunimi@jamk.fi 3 Rekisterin tiedot ja rekister\u00f6idyt ryhm\u00e4t Jamk ker\u00e4\u00e4 rekisterinpit\u00e4j\u00e4n\u00e4 henkil\u00f6tietoja tekstintunnistuspalveluun liittyen Turnitin Originality-j\u00e4rjestelm\u00e4\u00e4n. Toimittaja on Turnitin LLC (palveluntarjoaja). Palveluntarjoajan tietosuojaseloste https:\/\/help.turnitin.com\/fi\/tietosuoja-ja-tietoturva.htm Rekisteriin ker\u00e4t\u00e4\u00e4n seuraavia [&hellip;]\" \/>\n<meta property=\"og:url\" content=\"https:\/\/help.jamk.fi\/tietosuoja\/fi\/muut-palvelut\/tietosuojaseloste-turnitin-originality-tekstin-samankaltaisuuden-tunnistuspalvelu\/\" \/>\n<meta property=\"og:site_name\" content=\"Tietosuoja\" \/>\n<meta name=\"twitter:card\" content=\"summary_large_image\" \/>\n<meta name=\"twitter:label1\" content=\"Arvioitu lukuaika\" \/>\n\t<meta name=\"twitter:data1\" content=\"3 minuuttia\" \/>\n<script type=\"application\/ld+json\" class=\"yoast-schema-graph\">{\"@context\":\"https:\\\/\\\/schema.org\",\"@graph\":[{\"@type\":\"WebPage\",\"@id\":\"https:\\\/\\\/help.jamk.fi\\\/tietosuoja\\\/fi\\\/muut-palvelut\\\/tietosuojaseloste-turnitin-originality-tekstin-samankaltaisuuden-tunnistuspalvelu\\\/\",\"url\":\"https:\\\/\\\/help.jamk.fi\\\/tietosuoja\\\/fi\\\/muut-palvelut\\\/tietosuojaseloste-turnitin-originality-tekstin-samankaltaisuuden-tunnistuspalvelu\\\/\",\"name\":\"TIETOSUOJASELOSTE Turnitin Originality \u2013 tekstin samankaltaisuuden tunnistuspalvelu - Tietosuoja\",\"isPartOf\":{\"@id\":\"https:\\\/\\\/help.jamk.fi\\\/tietosuoja\\\/#website\"},\"datePublished\":\"2024-12-19T10:45:50+00:00\",\"breadcrumb\":{\"@id\":\"https:\\\/\\\/help.jamk.fi\\\/tietosuoja\\\/fi\\\/muut-palvelut\\\/tietosuojaseloste-turnitin-originality-tekstin-samankaltaisuuden-tunnistuspalvelu\\\/#breadcrumb\"},\"inLanguage\":\"fi\",\"potentialAction\":[{\"@type\":\"ReadAction\",\"target\":[\"https:\\\/\\\/help.jamk.fi\\\/tietosuoja\\\/fi\\\/muut-palvelut\\\/tietosuojaseloste-turnitin-originality-tekstin-samankaltaisuuden-tunnistuspalvelu\\\/\"]}]},{\"@type\":\"BreadcrumbList\",\"@id\":\"https:\\\/\\\/help.jamk.fi\\\/tietosuoja\\\/fi\\\/muut-palvelut\\\/tietosuojaseloste-turnitin-originality-tekstin-samankaltaisuuden-tunnistuspalvelu\\\/#breadcrumb\",\"itemListElement\":[{\"@type\":\"ListItem\",\"position\":1,\"name\":\"Etusivu\",\"item\":\"https:\\\/\\\/help.jamk.fi\\\/tietosuoja\\\/fi\\\/\"},{\"@type\":\"ListItem\",\"position\":2,\"name\":\"Muut palvelut\",\"item\":\"https:\\\/\\\/help.jamk.fi\\\/tietosuoja\\\/fi\\\/muut-palvelut\\\/\"},{\"@type\":\"ListItem\",\"position\":3,\"name\":\"TIETOSUOJASELOSTE Turnitin Originality \u2013 tekstin samankaltaisuuden tunnistuspalvelu\"}]},{\"@type\":\"WebSite\",\"@id\":\"https:\\\/\\\/help.jamk.fi\\\/tietosuoja\\\/#website\",\"url\":\"https:\\\/\\\/help.jamk.fi\\\/tietosuoja\\\/\",\"name\":\"Tietosuoja\",\"description\":\"\",\"potentialAction\":[{\"@type\":\"SearchAction\",\"target\":{\"@type\":\"EntryPoint\",\"urlTemplate\":\"https:\\\/\\\/help.jamk.fi\\\/tietosuoja\\\/?s={search_term_string}\"},\"query-input\":{\"@type\":\"PropertyValueSpecification\",\"valueRequired\":true,\"valueName\":\"search_term_string\"}}],\"inLanguage\":\"fi\"}]}<\/script>\n<!-- \/ Yoast SEO plugin. -->","yoast_head_json":{"title":"TIETOSUOJASELOSTE Turnitin Originality \u2013 tekstin samankaltaisuuden tunnistuspalvelu - Tietosuoja","robots":{"index":"index","follow":"follow","max-snippet":"max-snippet:-1","max-image-preview":"max-image-preview:large","max-video-preview":"max-video-preview:-1"},"canonical":"https:\/\/help.jamk.fi\/tietosuoja\/fi\/muut-palvelut\/tietosuojaseloste-turnitin-originality-tekstin-samankaltaisuuden-tunnistuspalvelu\/","og_locale":"fi_FI","og_type":"article","og_title":"TIETOSUOJASELOSTE Turnitin Originality \u2013 tekstin samankaltaisuuden tunnistuspalvelu - Tietosuoja","og_description":"Tietosuoja-asetus 2016\/679 P\u00e4ivitetty 25.11.2024 1 Rekisterinpit\u00e4j\u00e4 Jyv\u00e4skyl\u00e4n Ammattikorkeakoulu OyPL 207, 40101 Jyv\u00e4skyl\u00e4+358 20 743 8100 2 Rekisterinpit\u00e4j\u00e4n yhteyshenkil\u00f6t Prosessin omistaja: p\u00e4\u00e4llikk\u00f6, koulutuspalvelutSis\u00e4ll\u00f6llinen p\u00e4\u00e4k\u00e4ytt\u00e4j\u00e4: vanhempi suunnittelija, koulutuksen kehitt\u00e4mispalvelutTekninen p\u00e4\u00e4k\u00e4ytt\u00e4j\u00e4: j\u00e4rjestelm\u00e4suunnittelija ICT-palvelutetunimi.sukunimi@jamk.fi 3 Rekisterin tiedot ja rekister\u00f6idyt ryhm\u00e4t Jamk ker\u00e4\u00e4 rekisterinpit\u00e4j\u00e4n\u00e4 henkil\u00f6tietoja tekstintunnistuspalveluun liittyen Turnitin Originality-j\u00e4rjestelm\u00e4\u00e4n. Toimittaja on Turnitin LLC (palveluntarjoaja). Palveluntarjoajan tietosuojaseloste https:\/\/help.turnitin.com\/fi\/tietosuoja-ja-tietoturva.htm Rekisteriin ker\u00e4t\u00e4\u00e4n seuraavia [&hellip;]","og_url":"https:\/\/help.jamk.fi\/tietosuoja\/fi\/muut-palvelut\/tietosuojaseloste-turnitin-originality-tekstin-samankaltaisuuden-tunnistuspalvelu\/","og_site_name":"Tietosuoja","twitter_card":"summary_large_image","twitter_misc":{"Arvioitu lukuaika":"3 minuuttia"},"schema":{"@context":"https:\/\/schema.org","@graph":[{"@type":"WebPage","@id":"https:\/\/help.jamk.fi\/tietosuoja\/fi\/muut-palvelut\/tietosuojaseloste-turnitin-originality-tekstin-samankaltaisuuden-tunnistuspalvelu\/","url":"https:\/\/help.jamk.fi\/tietosuoja\/fi\/muut-palvelut\/tietosuojaseloste-turnitin-originality-tekstin-samankaltaisuuden-tunnistuspalvelu\/","name":"TIETOSUOJASELOSTE Turnitin Originality \u2013 tekstin samankaltaisuuden tunnistuspalvelu - Tietosuoja","isPartOf":{"@id":"https:\/\/help.jamk.fi\/tietosuoja\/#website"},"datePublished":"2024-12-19T10:45:50+00:00","breadcrumb":{"@id":"https:\/\/help.jamk.fi\/tietosuoja\/fi\/muut-palvelut\/tietosuojaseloste-turnitin-originality-tekstin-samankaltaisuuden-tunnistuspalvelu\/#breadcrumb"},"inLanguage":"fi","potentialAction":[{"@type":"ReadAction","target":["https:\/\/help.jamk.fi\/tietosuoja\/fi\/muut-palvelut\/tietosuojaseloste-turnitin-originality-tekstin-samankaltaisuuden-tunnistuspalvelu\/"]}]},{"@type":"BreadcrumbList","@id":"https:\/\/help.jamk.fi\/tietosuoja\/fi\/muut-palvelut\/tietosuojaseloste-turnitin-originality-tekstin-samankaltaisuuden-tunnistuspalvelu\/#breadcrumb","itemListElement":[{"@type":"ListItem","position":1,"name":"Etusivu","item":"https:\/\/help.jamk.fi\/tietosuoja\/fi\/"},{"@type":"ListItem","position":2,"name":"Muut palvelut","item":"https:\/\/help.jamk.fi\/tietosuoja\/fi\/muut-palvelut\/"},{"@type":"ListItem","position":3,"name":"TIETOSUOJASELOSTE Turnitin Originality \u2013 tekstin samankaltaisuuden tunnistuspalvelu"}]},{"@type":"WebSite","@id":"https:\/\/help.jamk.fi\/tietosuoja\/#website","url":"https:\/\/help.jamk.fi\/tietosuoja\/","name":"Tietosuoja","description":"","potentialAction":[{"@type":"SearchAction","target":{"@type":"EntryPoint","urlTemplate":"https:\/\/help.jamk.fi\/tietosuoja\/?s={search_term_string}"},"query-input":{"@type":"PropertyValueSpecification","valueRequired":true,"valueName":"search_term_string"}}],"inLanguage":"fi"}]}},"_links":{"self":[{"href":"https:\/\/help.jamk.fi\/tietosuoja\/wp-json\/wp\/v2\/pages\/993","targetHints":{"allow":["GET"]}}],"collection":[{"href":"https:\/\/help.jamk.fi\/tietosuoja\/wp-json\/wp\/v2\/pages"}],"about":[{"href":"https:\/\/help.jamk.fi\/tietosuoja\/wp-json\/wp\/v2\/types\/page"}],"author":[{"embeddable":true,"href":"https:\/\/help.jamk.fi\/tietosuoja\/wp-json\/wp\/v2\/users\/178"}],"replies":[{"embeddable":true,"href":"https:\/\/help.jamk.fi\/tietosuoja\/wp-json\/wp\/v2\/comments?post=993"}],"version-history":[{"count":1,"href":"https:\/\/help.jamk.fi\/tietosuoja\/wp-json\/wp\/v2\/pages\/993\/revisions"}],"predecessor-version":[{"id":994,"href":"https:\/\/help.jamk.fi\/tietosuoja\/wp-json\/wp\/v2\/pages\/993\/revisions\/994"}],"up":[{"embeddable":true,"href":"https:\/\/help.jamk.fi\/tietosuoja\/wp-json\/wp\/v2\/pages\/546"}],"wp:attachment":[{"href":"https:\/\/help.jamk.fi\/tietosuoja\/wp-json\/wp\/v2\/media?parent=993"}],"wp:term":[{"taxonomy":"category","embeddable":true,"href":"https:\/\/help.jamk.fi\/tietosuoja\/wp-json\/wp\/v2\/categories?post=993"},{"taxonomy":"post_tag","embeddable":true,"href":"https:\/\/help.jamk.fi\/tietosuoja\/wp-json\/wp\/v2\/tags?post=993"}],"curies":[{"name":"wp","href":"https:\/\/api.w.org\/{rel}","templated":true}]}}