{"id":997,"date":"2024-12-19T12:50:30","date_gmt":"2024-12-19T10:50:30","guid":{"rendered":"https:\/\/help.jamk.fi\/tietosuoja\/?page_id=997"},"modified":"2024-12-19T12:50:31","modified_gmt":"2024-12-19T10:50:31","slug":"privacy-statement-turnitin-originality","status":"publish","type":"page","link":"https:\/\/help.jamk.fi\/tietosuoja\/en\/other-services\/privacy-statement-turnitin-originality\/","title":{"rendered":"Privacy Statement &#8211; Turnitin Originality"},"content":{"rendered":"\n<p><br>EU General Data Protection Regulation (2016\/679)<br><\/p>\n\n\n\n<ol class=\"wp-block-list\">\n<li>Data Controller Jyv\u00e4skyl\u00e4 University of Applied Sciences Ltd<br>PL 207, 40101 Jyv\u00e4skyl\u00e4<br>+358 20 743 8100<\/li>\n<\/ol>\n\n\n\n<p>Contact Person for Register Matters, Contact Information During Office Hours<\/p>\n\n\n\n<p>Process Owner: Education Services Manager<br>Content Administrator: Educational Development Services<br>Technical Administrator: ICT Services<\/p>\n\n\n\n<p>firstname.lastname[a]jamk.fi<\/p>\n\n\n\n<ol class=\"wp-block-list\" start=\"2\">\n<li>Content of the Register and registered groups<\/li>\n<\/ol>\n\n\n\n<p>As the data controller, Jamk collects personal data for the text similarity service in connection with Turnitin&#8217;s Originality system. The supplier is Turnitin LLC (service provider). Service provider&#8217;s Privacy Statement https:\/\/guides.turnitin.com\/hc\/en-us\/articles\/27377195682317-Turnitin-Services-Privacy-Policy<\/p>\n\n\n\n<p>The following information is collected in the register:<\/p>\n\n\n\n<ul class=\"wp-block-list\">\n<li>person&#8217;s name, Jamk&#8217;s e-mail address<\/li>\n\n\n\n<li>educational institution<\/li>\n\n\n\n<li>the information of the written material, i.e. the return<\/li>\n\n\n\n<li>a user ID is collected when registering an account<\/li>\n<\/ul>\n\n\n\n<p>Registered groups: 1) staff<\/p>\n\n\n\n<ol class=\"wp-block-list\" start=\"3\">\n<li>Processing of Personal Data and Its Purpose<\/li>\n<\/ol>\n\n\n\n<p>As a data controller, Jamk collects and processes personal data in order to perform plagiarism detection related to text recognition. Personal data is processed in accordance with Jamk&#8217;s personal data handling instructions and the general privacy statement at https:\/\/www.jamk.fi\/en\/jamk\/data-protection-in-jamk.<\/p>\n\n\n\n<ol class=\"wp-block-list\" start=\"4\">\n<li>Personal data processors<\/li>\n<\/ol>\n\n\n\n<p>Personal data is processed by Turnitin&#8217;s technical and content administrators in Jamk.<\/p>\n\n\n\n<ol class=\"wp-block-list\" start=\"5\">\n<li>Regular Data Sources<\/li>\n<\/ol>\n\n\n\n<p>The data source is the information entered into the service by the persons themselves.<\/p>\n\n\n\n<ol class=\"wp-block-list\" start=\"6\">\n<li>Personal data retention period<\/li>\n<\/ol>\n\n\n\n<p>We store certain user personal data as long as necessary to enable continuous use of the services. How long we retain certain personal data varies depending on its type and use, after which it is deleted.<\/p>\n\n\n\n<ol class=\"wp-block-list\" start=\"7\">\n<li>The rights of the registered person and their implementation<\/li>\n<\/ol>\n\n\n\n<p>Based on the data protection regulation, the data subject has the right to:<\/p>\n\n\n\n<ul class=\"wp-block-list\">\n<li>To withdraw consent<\/li>\n\n\n\n<li>Access to your personal data<\/li>\n\n\n\n<li>The right to have errors corrected<\/li>\n\n\n\n<li>The right to prohibit direct marketing<\/li>\n\n\n\n<li>The right to object to processing<\/li>\n\n\n\n<li>The right to restrict processing<\/li>\n\n\n\n<li>The right to have the data transferred.<\/li>\n<\/ul>\n\n\n\n<p>In order to implement the registrant&#8217;s rights, a request is made to Jamk&#8217;s data protection officer, data protection(at)jamk.fi. More information about Jamk&#8217;s data protection officer and the data subject&#8217;s rights and their implementation can be found in Jamk&#8217;s personal data handling instructions and the general privacy statement https:\/\/www.jamk.fi\/en\/jamk\/data-protection-in-jamk.<\/p>\n\n\n\n<ol class=\"wp-block-list\" start=\"8\">\n<li>Information security and principles of registry protection<\/li>\n<\/ol>\n\n\n\n<p>In the service, personal data is protected by appropriate technical and administrative measures against unauthorized or illegal processing and against damage or loss of personal data. The customer&#8217;s and user&#8217;s personal information is stored in third-party data centers, where firewalls, personal data encryption and other industry standard techniques are used to prevent interference or access by outside intruders. However, the Internet is never completely secure and we are not responsible for any security breaches that are beyond our reasonable control.<\/p>\n\n\n\n<p>For the EU, the service is managed in Germany, so all data is transferred to the servers there.<\/p>\n\n\n\n<p>You log in to the service by registering as a service user and creating an account that contains a username and password. The account is linked to Jamk&#8217;s email address.<\/p>\n\n\n\n<p>The user is responsible for maintaining the confidentiality of the account ID and password. If the user becomes aware that the account is being used without permission or that the user or customer account identifiers have been lost, or if you suspect a security breach, it is the user&#8217;s responsibility to report it immediately by sending an email to informationsecurity(at)turnitin.com.<\/p>\n\n\n\n<p>The personal information collected and processed is kept confidential and is not disclosed to anyone other than those who need it in their work or confidentially and to a limited extent based on service contracts to the register controller&#8217;s customers.<\/p>\n\n\n\n<p>The service provider&#8217;s personnel undertakes to process personal data securely, confidentially and only to provide the service.<\/p>\n\n\n\n<ol class=\"wp-block-list\" start=\"9\">\n<li>Data transfer<\/li>\n<\/ol>\n\n\n\n<p>Personal data is only stored in the EU and EEA and processed only in the EU and EEA. Data transfer outside the EU and EEA area is done only for support purposes. In this case, the service provider ensures that personal data is processed in accordance with the requirements of the data protection regulation and the processing in accordance with the regulation is agreed in the data processing agreements required by the regulation.<\/p>\n\n\n\n<ol class=\"wp-block-list\" start=\"10\">\n<li>Profiling and Automated Decision-Making<\/li>\n<\/ol>\n\n\n\n<p>Personal data in the register is not subject to automatic decision-making or profiling.<\/p>\n","protected":false},"excerpt":{"rendered":"<p>EU General Data Protection Regulation (2016\/679) Contact Person for Register Matters, Contact Information During Office Hours Process Owner: Education Services ManagerContent Administrator: Educational Development ServicesTechnical Administrator: ICT Services firstname.lastname[a]jamk.fi As the data controller, Jamk collects personal data for the text similarity service in connection with Turnitin&#8217;s Originality system. The supplier is Turnitin LLC (service provider). [&hellip;]<\/p>\n","protected":false},"author":178,"featured_media":0,"parent":621,"menu_order":0,"comment_status":"closed","ping_status":"closed","template":"","meta":{"_acf_changed":false,"_relevanssi_hide_post":"","_relevanssi_hide_content":"","_relevanssi_pin_for_all":"","_relevanssi_pin_keywords":"","_relevanssi_unpin_keywords":"","_relevanssi_related_keywords":"","_relevanssi_related_include_ids":"","_relevanssi_related_exclude_ids":"","_relevanssi_related_no_append":"","_relevanssi_related_not_related":"","_relevanssi_related_posts":"","_relevanssi_noindex_reason":"","footnotes":""},"categories":[],"tags":[],"class_list":["post-997","page","type-page","status-publish","hentry"],"acf":[],"yoast_head":"<!-- This site is optimized with the Yoast SEO plugin v27.3 - https:\/\/yoast.com\/product\/yoast-seo-wordpress\/ -->\n<title>Privacy Statement - Turnitin Originality - Tietosuoja<\/title>\n<meta name=\"robots\" content=\"index, follow, max-snippet:-1, max-image-preview:large, max-video-preview:-1\" \/>\n<link rel=\"canonical\" href=\"https:\/\/help.jamk.fi\/tietosuoja\/en\/other-services\/privacy-statement-turnitin-originality\/\" \/>\n<meta property=\"og:locale\" content=\"fi_FI\" \/>\n<meta property=\"og:type\" content=\"article\" \/>\n<meta property=\"og:title\" content=\"Privacy Statement - Turnitin Originality - Tietosuoja\" \/>\n<meta property=\"og:description\" content=\"EU General Data Protection Regulation (2016\/679) Contact Person for Register Matters, Contact Information During Office Hours Process Owner: Education Services ManagerContent Administrator: Educational Development ServicesTechnical Administrator: ICT Services firstname.lastname[a]jamk.fi As the data controller, Jamk collects personal data for the text similarity service in connection with Turnitin&#8217;s Originality system. The supplier is Turnitin LLC (service provider). [&hellip;]\" \/>\n<meta property=\"og:url\" content=\"https:\/\/help.jamk.fi\/tietosuoja\/en\/other-services\/privacy-statement-turnitin-originality\/\" \/>\n<meta property=\"og:site_name\" content=\"Tietosuoja\" \/>\n<meta property=\"article:modified_time\" content=\"2024-12-19T10:50:31+00:00\" \/>\n<meta name=\"twitter:card\" content=\"summary_large_image\" \/>\n<meta name=\"twitter:label1\" content=\"Arvioitu lukuaika\" \/>\n\t<meta name=\"twitter:data1\" content=\"5 minuuttia\" \/>\n<script type=\"application\/ld+json\" class=\"yoast-schema-graph\">{\"@context\":\"https:\\\/\\\/schema.org\",\"@graph\":[{\"@type\":\"WebPage\",\"@id\":\"https:\\\/\\\/help.jamk.fi\\\/tietosuoja\\\/en\\\/other-services\\\/privacy-statement-turnitin-originality\\\/\",\"url\":\"https:\\\/\\\/help.jamk.fi\\\/tietosuoja\\\/en\\\/other-services\\\/privacy-statement-turnitin-originality\\\/\",\"name\":\"Privacy Statement - Turnitin Originality - Tietosuoja\",\"isPartOf\":{\"@id\":\"https:\\\/\\\/help.jamk.fi\\\/tietosuoja\\\/#website\"},\"datePublished\":\"2024-12-19T10:50:30+00:00\",\"dateModified\":\"2024-12-19T10:50:31+00:00\",\"breadcrumb\":{\"@id\":\"https:\\\/\\\/help.jamk.fi\\\/tietosuoja\\\/en\\\/other-services\\\/privacy-statement-turnitin-originality\\\/#breadcrumb\"},\"inLanguage\":\"fi\",\"potentialAction\":[{\"@type\":\"ReadAction\",\"target\":[\"https:\\\/\\\/help.jamk.fi\\\/tietosuoja\\\/en\\\/other-services\\\/privacy-statement-turnitin-originality\\\/\"]}]},{\"@type\":\"BreadcrumbList\",\"@id\":\"https:\\\/\\\/help.jamk.fi\\\/tietosuoja\\\/en\\\/other-services\\\/privacy-statement-turnitin-originality\\\/#breadcrumb\",\"itemListElement\":[{\"@type\":\"ListItem\",\"position\":1,\"name\":\"Etusivu\",\"item\":\"https:\\\/\\\/help.jamk.fi\\\/tietosuoja\\\/fi\\\/\"},{\"@type\":\"ListItem\",\"position\":2,\"name\":\"Other Services\",\"item\":\"https:\\\/\\\/help.jamk.fi\\\/tietosuoja\\\/en\\\/other-services\\\/\"},{\"@type\":\"ListItem\",\"position\":3,\"name\":\"Privacy Statement &#8211; Turnitin Originality\"}]},{\"@type\":\"WebSite\",\"@id\":\"https:\\\/\\\/help.jamk.fi\\\/tietosuoja\\\/#website\",\"url\":\"https:\\\/\\\/help.jamk.fi\\\/tietosuoja\\\/\",\"name\":\"Tietosuoja\",\"description\":\"\",\"potentialAction\":[{\"@type\":\"SearchAction\",\"target\":{\"@type\":\"EntryPoint\",\"urlTemplate\":\"https:\\\/\\\/help.jamk.fi\\\/tietosuoja\\\/?s={search_term_string}\"},\"query-input\":{\"@type\":\"PropertyValueSpecification\",\"valueRequired\":true,\"valueName\":\"search_term_string\"}}],\"inLanguage\":\"fi\"}]}<\/script>\n<!-- \/ Yoast SEO plugin. -->","yoast_head_json":{"title":"Privacy Statement - Turnitin Originality - Tietosuoja","robots":{"index":"index","follow":"follow","max-snippet":"max-snippet:-1","max-image-preview":"max-image-preview:large","max-video-preview":"max-video-preview:-1"},"canonical":"https:\/\/help.jamk.fi\/tietosuoja\/en\/other-services\/privacy-statement-turnitin-originality\/","og_locale":"fi_FI","og_type":"article","og_title":"Privacy Statement - Turnitin Originality - Tietosuoja","og_description":"EU General Data Protection Regulation (2016\/679) Contact Person for Register Matters, Contact Information During Office Hours Process Owner: Education Services ManagerContent Administrator: Educational Development ServicesTechnical Administrator: ICT Services firstname.lastname[a]jamk.fi As the data controller, Jamk collects personal data for the text similarity service in connection with Turnitin&#8217;s Originality system. The supplier is Turnitin LLC (service provider). [&hellip;]","og_url":"https:\/\/help.jamk.fi\/tietosuoja\/en\/other-services\/privacy-statement-turnitin-originality\/","og_site_name":"Tietosuoja","article_modified_time":"2024-12-19T10:50:31+00:00","twitter_card":"summary_large_image","twitter_misc":{"Arvioitu lukuaika":"5 minuuttia"},"schema":{"@context":"https:\/\/schema.org","@graph":[{"@type":"WebPage","@id":"https:\/\/help.jamk.fi\/tietosuoja\/en\/other-services\/privacy-statement-turnitin-originality\/","url":"https:\/\/help.jamk.fi\/tietosuoja\/en\/other-services\/privacy-statement-turnitin-originality\/","name":"Privacy Statement - Turnitin Originality - Tietosuoja","isPartOf":{"@id":"https:\/\/help.jamk.fi\/tietosuoja\/#website"},"datePublished":"2024-12-19T10:50:30+00:00","dateModified":"2024-12-19T10:50:31+00:00","breadcrumb":{"@id":"https:\/\/help.jamk.fi\/tietosuoja\/en\/other-services\/privacy-statement-turnitin-originality\/#breadcrumb"},"inLanguage":"fi","potentialAction":[{"@type":"ReadAction","target":["https:\/\/help.jamk.fi\/tietosuoja\/en\/other-services\/privacy-statement-turnitin-originality\/"]}]},{"@type":"BreadcrumbList","@id":"https:\/\/help.jamk.fi\/tietosuoja\/en\/other-services\/privacy-statement-turnitin-originality\/#breadcrumb","itemListElement":[{"@type":"ListItem","position":1,"name":"Etusivu","item":"https:\/\/help.jamk.fi\/tietosuoja\/fi\/"},{"@type":"ListItem","position":2,"name":"Other Services","item":"https:\/\/help.jamk.fi\/tietosuoja\/en\/other-services\/"},{"@type":"ListItem","position":3,"name":"Privacy Statement &#8211; Turnitin Originality"}]},{"@type":"WebSite","@id":"https:\/\/help.jamk.fi\/tietosuoja\/#website","url":"https:\/\/help.jamk.fi\/tietosuoja\/","name":"Tietosuoja","description":"","potentialAction":[{"@type":"SearchAction","target":{"@type":"EntryPoint","urlTemplate":"https:\/\/help.jamk.fi\/tietosuoja\/?s={search_term_string}"},"query-input":{"@type":"PropertyValueSpecification","valueRequired":true,"valueName":"search_term_string"}}],"inLanguage":"fi"}]}},"_links":{"self":[{"href":"https:\/\/help.jamk.fi\/tietosuoja\/wp-json\/wp\/v2\/pages\/997","targetHints":{"allow":["GET"]}}],"collection":[{"href":"https:\/\/help.jamk.fi\/tietosuoja\/wp-json\/wp\/v2\/pages"}],"about":[{"href":"https:\/\/help.jamk.fi\/tietosuoja\/wp-json\/wp\/v2\/types\/page"}],"author":[{"embeddable":true,"href":"https:\/\/help.jamk.fi\/tietosuoja\/wp-json\/wp\/v2\/users\/178"}],"replies":[{"embeddable":true,"href":"https:\/\/help.jamk.fi\/tietosuoja\/wp-json\/wp\/v2\/comments?post=997"}],"version-history":[{"count":1,"href":"https:\/\/help.jamk.fi\/tietosuoja\/wp-json\/wp\/v2\/pages\/997\/revisions"}],"predecessor-version":[{"id":998,"href":"https:\/\/help.jamk.fi\/tietosuoja\/wp-json\/wp\/v2\/pages\/997\/revisions\/998"}],"up":[{"embeddable":true,"href":"https:\/\/help.jamk.fi\/tietosuoja\/wp-json\/wp\/v2\/pages\/621"}],"wp:attachment":[{"href":"https:\/\/help.jamk.fi\/tietosuoja\/wp-json\/wp\/v2\/media?parent=997"}],"wp:term":[{"taxonomy":"category","embeddable":true,"href":"https:\/\/help.jamk.fi\/tietosuoja\/wp-json\/wp\/v2\/categories?post=997"},{"taxonomy":"post_tag","embeddable":true,"href":"https:\/\/help.jamk.fi\/tietosuoja\/wp-json\/wp\/v2\/tags?post=997"}],"curies":[{"name":"wp","href":"https:\/\/api.w.org\/{rel}","templated":true}]}}