{"id":105,"date":"2018-03-07T12:22:27","date_gmt":"2018-03-07T10:22:27","guid":{"rendered":"https:\/\/help.jamk.fi\/tuberoom\/kayttoohjeet\/videoiden-leikkely-ja-editointi\/"},"modified":"2024-01-12T11:29:57","modified_gmt":"2024-01-12T09:29:57","slug":"videoiden-leikkely-ja-editointi","status":"publish","type":"page","link":"https:\/\/help.jamk.fi\/tuberoom\/fi\/kayttoohjeet\/videoiden-leikkely-ja-editointi\/","title":{"rendered":"Videoiden leikkely ja editointi"},"content":{"rendered":"\n<p>Tuberoomin tietokoneelle on asennettu videoiden helppoon leikkelyyn ja muunteluun tarkoitettu Avidemux ja v\u00e4h\u00e4n vaativampaan editointiin tarkoitettu Adobe Premiere. <a href=\"https:\/\/help.jamk.fi\/oppiminen\/fi\/video-oppimistehtavana\/avidemux-videoeditori\/\"> T\u00e4ss\u00e4 linkki Avidemux-ohjeeseen<\/a>. Ajantasaisia ja erinomaisia Premieren ohjeita ja tutoriaaleja l\u00f6yd\u00e4t <a href=\"https:\/\/helpx.adobe.com\/support\/premiere-pro.html\" target=\"_blank\" rel=\"noopener\">Adoben sivuilta<\/a>. L\u00e4hiaikoina on tarkoitus testata Davinci Resolvea, se vaikuttaa lupaavan selke\u00e4lt\u00e4, kepe\u00e4lt\u00e4 ja vakaalta Premiereen verrattuna.<\/p>\n","protected":false},"excerpt":{"rendered":"<p>Tuberoomin tietokoneelle on asennettu videoiden helppoon leikkelyyn ja muunteluun tarkoitettu Avidemux ja v\u00e4h\u00e4n vaativampaan editointiin tarkoitettu Adobe Premiere. T\u00e4ss\u00e4 linkki Avidemux-ohjeeseen. Ajantasaisia ja erinomaisia Premieren ohjeita ja tutoriaaleja l\u00f6yd\u00e4t Adoben sivuilta. L\u00e4hiaikoina on tarkoitus testata Davinci Resolvea, se vaikuttaa lupaavan selke\u00e4lt\u00e4, kepe\u00e4lt\u00e4 ja vakaalta Premiereen verrattuna.<\/p>\n","protected":false},"author":74,"featured_media":0,"parent":6,"menu_order":6,"comment_status":"closed","ping_status":"closed","template":"","meta":{"_acf_changed":false,"_relevanssi_hide_post":"","_relevanssi_hide_content":"","_relevanssi_pin_for_all":"","_relevanssi_pin_keywords":"","_relevanssi_unpin_keywords":"","_relevanssi_related_keywords":"","_relevanssi_related_include_ids":"","_relevanssi_related_exclude_ids":"","_relevanssi_related_no_append":"","_relevanssi_related_not_related":"","_relevanssi_related_posts":"","_relevanssi_noindex_reason":"","footnotes":""},"categories":[],"tags":[],"class_list":["post-105","page","type-page","status-publish","hentry"],"acf":[],"yoast_head":"<!-- This site is optimized with the Yoast SEO plugin v27.4 - https:\/\/yoast.com\/product\/yoast-seo-wordpress\/ -->\n<title>Videoiden leikkely ja editointi - Tuberoom<\/title>\n<meta name=\"robots\" content=\"index, follow, max-snippet:-1, max-image-preview:large, max-video-preview:-1\" \/>\n<link rel=\"canonical\" href=\"https:\/\/help.jamk.fi\/tuberoom\/fi\/kayttoohjeet\/videoiden-leikkely-ja-editointi\/\" \/>\n<meta property=\"og:locale\" content=\"fi_FI\" \/>\n<meta property=\"og:type\" content=\"article\" \/>\n<meta property=\"og:title\" content=\"Videoiden leikkely ja editointi - Tuberoom\" \/>\n<meta property=\"og:description\" content=\"Tuberoomin tietokoneelle on asennettu videoiden helppoon leikkelyyn ja muunteluun tarkoitettu Avidemux ja v\u00e4h\u00e4n vaativampaan editointiin tarkoitettu Adobe Premiere. T\u00e4ss\u00e4 linkki Avidemux-ohjeeseen. Ajantasaisia ja erinomaisia Premieren ohjeita ja tutoriaaleja l\u00f6yd\u00e4t Adoben sivuilta. L\u00e4hiaikoina on tarkoitus testata Davinci Resolvea, se vaikuttaa lupaavan selke\u00e4lt\u00e4, kepe\u00e4lt\u00e4 ja vakaalta Premiereen verrattuna.\" \/>\n<meta property=\"og:url\" content=\"https:\/\/help.jamk.fi\/tuberoom\/fi\/kayttoohjeet\/videoiden-leikkely-ja-editointi\/\" \/>\n<meta property=\"og:site_name\" content=\"Tuberoom\" \/>\n<meta property=\"article:modified_time\" content=\"2024-01-12T09:29:57+00:00\" \/>\n<meta name=\"twitter:card\" content=\"summary_large_image\" \/>\n<meta name=\"twitter:label1\" content=\"Arvioitu lukuaika\" \/>\n\t<meta name=\"twitter:data1\" content=\"1 minuutti\" \/>\n<script type=\"application\/ld+json\" class=\"yoast-schema-graph\">{\"@context\":\"https:\\\/\\\/schema.org\",\"@graph\":[{\"@type\":\"WebPage\",\"@id\":\"https:\\\/\\\/help.jamk.fi\\\/tuberoom\\\/fi\\\/kayttoohjeet\\\/videoiden-leikkely-ja-editointi\\\/\",\"url\":\"https:\\\/\\\/help.jamk.fi\\\/tuberoom\\\/fi\\\/kayttoohjeet\\\/videoiden-leikkely-ja-editointi\\\/\",\"name\":\"Videoiden leikkely ja editointi - Tuberoom\",\"isPartOf\":{\"@id\":\"https:\\\/\\\/help.jamk.fi\\\/tuberoom\\\/#website\"},\"datePublished\":\"2018-03-07T10:22:27+00:00\",\"dateModified\":\"2024-01-12T09:29:57+00:00\",\"breadcrumb\":{\"@id\":\"https:\\\/\\\/help.jamk.fi\\\/tuberoom\\\/fi\\\/kayttoohjeet\\\/videoiden-leikkely-ja-editointi\\\/#breadcrumb\"},\"inLanguage\":\"fi\",\"potentialAction\":[{\"@type\":\"ReadAction\",\"target\":[\"https:\\\/\\\/help.jamk.fi\\\/tuberoom\\\/fi\\\/kayttoohjeet\\\/videoiden-leikkely-ja-editointi\\\/\"]}]},{\"@type\":\"BreadcrumbList\",\"@id\":\"https:\\\/\\\/help.jamk.fi\\\/tuberoom\\\/fi\\\/kayttoohjeet\\\/videoiden-leikkely-ja-editointi\\\/#breadcrumb\",\"itemListElement\":[{\"@type\":\"ListItem\",\"position\":1,\"name\":\"Etusivu\",\"item\":\"https:\\\/\\\/help.jamk.fi\\\/tuberoom\\\/fi\\\/\"},{\"@type\":\"ListItem\",\"position\":2,\"name\":\"K\u00e4ytt\u00f6ohjeet\",\"item\":\"https:\\\/\\\/help.jamk.fi\\\/tuberoom\\\/fi\\\/kayttoohjeet\\\/\"},{\"@type\":\"ListItem\",\"position\":3,\"name\":\"Videoiden leikkely ja editointi\"}]},{\"@type\":\"WebSite\",\"@id\":\"https:\\\/\\\/help.jamk.fi\\\/tuberoom\\\/#website\",\"url\":\"https:\\\/\\\/help.jamk.fi\\\/tuberoom\\\/\",\"name\":\"Tuberoom\",\"description\":\"\",\"potentialAction\":[{\"@type\":\"SearchAction\",\"target\":{\"@type\":\"EntryPoint\",\"urlTemplate\":\"https:\\\/\\\/help.jamk.fi\\\/tuberoom\\\/?s={search_term_string}\"},\"query-input\":{\"@type\":\"PropertyValueSpecification\",\"valueRequired\":true,\"valueName\":\"search_term_string\"}}],\"inLanguage\":\"fi\"}]}<\/script>\n<!-- \/ Yoast SEO plugin. -->","yoast_head_json":{"title":"Videoiden leikkely ja editointi - Tuberoom","robots":{"index":"index","follow":"follow","max-snippet":"max-snippet:-1","max-image-preview":"max-image-preview:large","max-video-preview":"max-video-preview:-1"},"canonical":"https:\/\/help.jamk.fi\/tuberoom\/fi\/kayttoohjeet\/videoiden-leikkely-ja-editointi\/","og_locale":"fi_FI","og_type":"article","og_title":"Videoiden leikkely ja editointi - Tuberoom","og_description":"Tuberoomin tietokoneelle on asennettu videoiden helppoon leikkelyyn ja muunteluun tarkoitettu Avidemux ja v\u00e4h\u00e4n vaativampaan editointiin tarkoitettu Adobe Premiere. T\u00e4ss\u00e4 linkki Avidemux-ohjeeseen. Ajantasaisia ja erinomaisia Premieren ohjeita ja tutoriaaleja l\u00f6yd\u00e4t Adoben sivuilta. L\u00e4hiaikoina on tarkoitus testata Davinci Resolvea, se vaikuttaa lupaavan selke\u00e4lt\u00e4, kepe\u00e4lt\u00e4 ja vakaalta Premiereen verrattuna.","og_url":"https:\/\/help.jamk.fi\/tuberoom\/fi\/kayttoohjeet\/videoiden-leikkely-ja-editointi\/","og_site_name":"Tuberoom","article_modified_time":"2024-01-12T09:29:57+00:00","twitter_card":"summary_large_image","twitter_misc":{"Arvioitu lukuaika":"1 minuutti"},"schema":{"@context":"https:\/\/schema.org","@graph":[{"@type":"WebPage","@id":"https:\/\/help.jamk.fi\/tuberoom\/fi\/kayttoohjeet\/videoiden-leikkely-ja-editointi\/","url":"https:\/\/help.jamk.fi\/tuberoom\/fi\/kayttoohjeet\/videoiden-leikkely-ja-editointi\/","name":"Videoiden leikkely ja editointi - Tuberoom","isPartOf":{"@id":"https:\/\/help.jamk.fi\/tuberoom\/#website"},"datePublished":"2018-03-07T10:22:27+00:00","dateModified":"2024-01-12T09:29:57+00:00","breadcrumb":{"@id":"https:\/\/help.jamk.fi\/tuberoom\/fi\/kayttoohjeet\/videoiden-leikkely-ja-editointi\/#breadcrumb"},"inLanguage":"fi","potentialAction":[{"@type":"ReadAction","target":["https:\/\/help.jamk.fi\/tuberoom\/fi\/kayttoohjeet\/videoiden-leikkely-ja-editointi\/"]}]},{"@type":"BreadcrumbList","@id":"https:\/\/help.jamk.fi\/tuberoom\/fi\/kayttoohjeet\/videoiden-leikkely-ja-editointi\/#breadcrumb","itemListElement":[{"@type":"ListItem","position":1,"name":"Etusivu","item":"https:\/\/help.jamk.fi\/tuberoom\/fi\/"},{"@type":"ListItem","position":2,"name":"K\u00e4ytt\u00f6ohjeet","item":"https:\/\/help.jamk.fi\/tuberoom\/fi\/kayttoohjeet\/"},{"@type":"ListItem","position":3,"name":"Videoiden leikkely ja editointi"}]},{"@type":"WebSite","@id":"https:\/\/help.jamk.fi\/tuberoom\/#website","url":"https:\/\/help.jamk.fi\/tuberoom\/","name":"Tuberoom","description":"","potentialAction":[{"@type":"SearchAction","target":{"@type":"EntryPoint","urlTemplate":"https:\/\/help.jamk.fi\/tuberoom\/?s={search_term_string}"},"query-input":{"@type":"PropertyValueSpecification","valueRequired":true,"valueName":"search_term_string"}}],"inLanguage":"fi"}]}},"_links":{"self":[{"href":"https:\/\/help.jamk.fi\/tuberoom\/wp-json\/wp\/v2\/pages\/105","targetHints":{"allow":["GET"]}}],"collection":[{"href":"https:\/\/help.jamk.fi\/tuberoom\/wp-json\/wp\/v2\/pages"}],"about":[{"href":"https:\/\/help.jamk.fi\/tuberoom\/wp-json\/wp\/v2\/types\/page"}],"author":[{"embeddable":true,"href":"https:\/\/help.jamk.fi\/tuberoom\/wp-json\/wp\/v2\/users\/74"}],"replies":[{"embeddable":true,"href":"https:\/\/help.jamk.fi\/tuberoom\/wp-json\/wp\/v2\/comments?post=105"}],"version-history":[{"count":4,"href":"https:\/\/help.jamk.fi\/tuberoom\/wp-json\/wp\/v2\/pages\/105\/revisions"}],"predecessor-version":[{"id":381,"href":"https:\/\/help.jamk.fi\/tuberoom\/wp-json\/wp\/v2\/pages\/105\/revisions\/381"}],"up":[{"embeddable":true,"href":"https:\/\/help.jamk.fi\/tuberoom\/wp-json\/wp\/v2\/pages\/6"}],"wp:attachment":[{"href":"https:\/\/help.jamk.fi\/tuberoom\/wp-json\/wp\/v2\/media?parent=105"}],"wp:term":[{"taxonomy":"category","embeddable":true,"href":"https:\/\/help.jamk.fi\/tuberoom\/wp-json\/wp\/v2\/categories?post=105"},{"taxonomy":"post_tag","embeddable":true,"href":"https:\/\/help.jamk.fi\/tuberoom\/wp-json\/wp\/v2\/tags?post=105"}],"curies":[{"name":"wp","href":"https:\/\/api.w.org\/{rel}","templated":true}]}}