{"id":108,"date":"2018-03-13T07:45:11","date_gmt":"2018-03-13T05:45:11","guid":{"rendered":"https:\/\/help.jamk.fi\/tuberoom\/asetelmat\/"},"modified":"2023-11-03T16:51:34","modified_gmt":"2023-11-03T14:51:34","slug":"asetelmat","status":"publish","type":"page","link":"https:\/\/help.jamk.fi\/tuberoom\/fi\/asetelmat\/","title":{"rendered":"Asetelmat"},"content":{"rendered":"\n<p>T\u00e4\u00e4lt\u00e4 l\u00f6ytyy vaihtoehtoisia asetelmia erilaisia kuvaustilanteita varten: esim. Lightboard, Greenscreen ja haastattelut.<\/p>\n\n\n\n<p>Kuvassa oletusasetelma. K\u00e4yt\u00f6n j\u00e4lkeen k\u00e4ytt\u00e4j\u00e4t palauttavat liikuteltavat osat kuvan mukaiseen tilanteeseen.<\/p>\n\n\n\n<figure class=\"wp-block-image\"><img decoding=\"async\" src=\"https:\/\/help.jamk.fi\/tuberoom\/wp-content\/uploads\/sites\/66\/2023\/07\/tuberoomin_oletus_leiska-967x1024.png\" alt=\"\" class=\"wp-image-143\"\/><\/figure>\n","protected":false},"excerpt":{"rendered":"<p>T\u00e4\u00e4lt\u00e4 l\u00f6ytyy vaihtoehtoisia asetelmia erilaisia kuvaustilanteita varten: esim. Lightboard, Greenscreen ja haastattelut. Kuvassa oletusasetelma. K\u00e4yt\u00f6n j\u00e4lkeen k\u00e4ytt\u00e4j\u00e4t palauttavat liikuteltavat osat kuvan mukaiseen tilanteeseen.<\/p>\n","protected":false},"author":74,"featured_media":0,"parent":0,"menu_order":5,"comment_status":"closed","ping_status":"closed","template":"","meta":{"_acf_changed":false,"_relevanssi_hide_post":"","_relevanssi_hide_content":"","_relevanssi_pin_for_all":"","_relevanssi_pin_keywords":"","_relevanssi_unpin_keywords":"","_relevanssi_related_keywords":"","_relevanssi_related_include_ids":"","_relevanssi_related_exclude_ids":"","_relevanssi_related_no_append":"","_relevanssi_related_not_related":"","_relevanssi_related_posts":"","_relevanssi_noindex_reason":"","footnotes":""},"categories":[],"tags":[],"class_list":["post-108","page","type-page","status-publish","hentry"],"acf":[],"yoast_head":"<!-- This site is optimized with the Yoast SEO plugin v27.3 - https:\/\/yoast.com\/product\/yoast-seo-wordpress\/ -->\n<title>Asetelmat - Tuberoom<\/title>\n<meta name=\"robots\" content=\"index, follow, max-snippet:-1, max-image-preview:large, max-video-preview:-1\" \/>\n<link rel=\"canonical\" href=\"https:\/\/help.jamk.fi\/tuberoom\/fi\/asetelmat\/\" \/>\n<meta property=\"og:locale\" content=\"fi_FI\" \/>\n<meta property=\"og:type\" content=\"article\" \/>\n<meta property=\"og:title\" content=\"Asetelmat - Tuberoom\" \/>\n<meta property=\"og:description\" content=\"T\u00e4\u00e4lt\u00e4 l\u00f6ytyy vaihtoehtoisia asetelmia erilaisia kuvaustilanteita varten: esim. Lightboard, Greenscreen ja haastattelut. Kuvassa oletusasetelma. K\u00e4yt\u00f6n j\u00e4lkeen k\u00e4ytt\u00e4j\u00e4t palauttavat liikuteltavat osat kuvan mukaiseen tilanteeseen.\" \/>\n<meta property=\"og:url\" content=\"https:\/\/help.jamk.fi\/tuberoom\/fi\/asetelmat\/\" \/>\n<meta property=\"og:site_name\" content=\"Tuberoom\" \/>\n<meta property=\"article:modified_time\" content=\"2023-11-03T14:51:34+00:00\" \/>\n<meta property=\"og:image\" content=\"https:\/\/help.jamk.fi\/tuberoom\/wp-content\/uploads\/sites\/66\/2023\/07\/tuberoomin_oletus_leiska-967x1024.png\" \/>\n<meta name=\"twitter:card\" content=\"summary_large_image\" \/>\n<meta name=\"twitter:label1\" content=\"Arvioitu lukuaika\" \/>\n\t<meta name=\"twitter:data1\" content=\"1 minuutti\" \/>\n<script type=\"application\/ld+json\" class=\"yoast-schema-graph\">{\"@context\":\"https:\\\/\\\/schema.org\",\"@graph\":[{\"@type\":\"WebPage\",\"@id\":\"https:\\\/\\\/help.jamk.fi\\\/tuberoom\\\/fi\\\/asetelmat\\\/\",\"url\":\"https:\\\/\\\/help.jamk.fi\\\/tuberoom\\\/fi\\\/asetelmat\\\/\",\"name\":\"Asetelmat - Tuberoom\",\"isPartOf\":{\"@id\":\"https:\\\/\\\/help.jamk.fi\\\/tuberoom\\\/#website\"},\"primaryImageOfPage\":{\"@id\":\"https:\\\/\\\/help.jamk.fi\\\/tuberoom\\\/fi\\\/asetelmat\\\/#primaryimage\"},\"image\":{\"@id\":\"https:\\\/\\\/help.jamk.fi\\\/tuberoom\\\/fi\\\/asetelmat\\\/#primaryimage\"},\"thumbnailUrl\":\"https:\\\/\\\/help.jamk.fi\\\/tuberoom\\\/wp-content\\\/uploads\\\/sites\\\/66\\\/2023\\\/07\\\/tuberoomin_oletus_leiska-967x1024.png\",\"datePublished\":\"2018-03-13T05:45:11+00:00\",\"dateModified\":\"2023-11-03T14:51:34+00:00\",\"breadcrumb\":{\"@id\":\"https:\\\/\\\/help.jamk.fi\\\/tuberoom\\\/fi\\\/asetelmat\\\/#breadcrumb\"},\"inLanguage\":\"fi\",\"potentialAction\":[{\"@type\":\"ReadAction\",\"target\":[\"https:\\\/\\\/help.jamk.fi\\\/tuberoom\\\/fi\\\/asetelmat\\\/\"]}]},{\"@type\":\"ImageObject\",\"inLanguage\":\"fi\",\"@id\":\"https:\\\/\\\/help.jamk.fi\\\/tuberoom\\\/fi\\\/asetelmat\\\/#primaryimage\",\"url\":\"\",\"contentUrl\":\"\"},{\"@type\":\"BreadcrumbList\",\"@id\":\"https:\\\/\\\/help.jamk.fi\\\/tuberoom\\\/fi\\\/asetelmat\\\/#breadcrumb\",\"itemListElement\":[{\"@type\":\"ListItem\",\"position\":1,\"name\":\"Etusivu\",\"item\":\"https:\\\/\\\/help.jamk.fi\\\/tuberoom\\\/fi\\\/\"},{\"@type\":\"ListItem\",\"position\":2,\"name\":\"Asetelmat\"}]},{\"@type\":\"WebSite\",\"@id\":\"https:\\\/\\\/help.jamk.fi\\\/tuberoom\\\/#website\",\"url\":\"https:\\\/\\\/help.jamk.fi\\\/tuberoom\\\/\",\"name\":\"Tuberoom\",\"description\":\"\",\"potentialAction\":[{\"@type\":\"SearchAction\",\"target\":{\"@type\":\"EntryPoint\",\"urlTemplate\":\"https:\\\/\\\/help.jamk.fi\\\/tuberoom\\\/?s={search_term_string}\"},\"query-input\":{\"@type\":\"PropertyValueSpecification\",\"valueRequired\":true,\"valueName\":\"search_term_string\"}}],\"inLanguage\":\"fi\"}]}<\/script>\n<!-- \/ Yoast SEO plugin. -->","yoast_head_json":{"title":"Asetelmat - Tuberoom","robots":{"index":"index","follow":"follow","max-snippet":"max-snippet:-1","max-image-preview":"max-image-preview:large","max-video-preview":"max-video-preview:-1"},"canonical":"https:\/\/help.jamk.fi\/tuberoom\/fi\/asetelmat\/","og_locale":"fi_FI","og_type":"article","og_title":"Asetelmat - Tuberoom","og_description":"T\u00e4\u00e4lt\u00e4 l\u00f6ytyy vaihtoehtoisia asetelmia erilaisia kuvaustilanteita varten: esim. Lightboard, Greenscreen ja haastattelut. Kuvassa oletusasetelma. K\u00e4yt\u00f6n j\u00e4lkeen k\u00e4ytt\u00e4j\u00e4t palauttavat liikuteltavat osat kuvan mukaiseen tilanteeseen.","og_url":"https:\/\/help.jamk.fi\/tuberoom\/fi\/asetelmat\/","og_site_name":"Tuberoom","article_modified_time":"2023-11-03T14:51:34+00:00","og_image":[{"url":"https:\/\/help.jamk.fi\/tuberoom\/wp-content\/uploads\/sites\/66\/2023\/07\/tuberoomin_oletus_leiska-967x1024.png","type":"","width":"","height":""}],"twitter_card":"summary_large_image","twitter_misc":{"Arvioitu lukuaika":"1 minuutti"},"schema":{"@context":"https:\/\/schema.org","@graph":[{"@type":"WebPage","@id":"https:\/\/help.jamk.fi\/tuberoom\/fi\/asetelmat\/","url":"https:\/\/help.jamk.fi\/tuberoom\/fi\/asetelmat\/","name":"Asetelmat - Tuberoom","isPartOf":{"@id":"https:\/\/help.jamk.fi\/tuberoom\/#website"},"primaryImageOfPage":{"@id":"https:\/\/help.jamk.fi\/tuberoom\/fi\/asetelmat\/#primaryimage"},"image":{"@id":"https:\/\/help.jamk.fi\/tuberoom\/fi\/asetelmat\/#primaryimage"},"thumbnailUrl":"https:\/\/help.jamk.fi\/tuberoom\/wp-content\/uploads\/sites\/66\/2023\/07\/tuberoomin_oletus_leiska-967x1024.png","datePublished":"2018-03-13T05:45:11+00:00","dateModified":"2023-11-03T14:51:34+00:00","breadcrumb":{"@id":"https:\/\/help.jamk.fi\/tuberoom\/fi\/asetelmat\/#breadcrumb"},"inLanguage":"fi","potentialAction":[{"@type":"ReadAction","target":["https:\/\/help.jamk.fi\/tuberoom\/fi\/asetelmat\/"]}]},{"@type":"ImageObject","inLanguage":"fi","@id":"https:\/\/help.jamk.fi\/tuberoom\/fi\/asetelmat\/#primaryimage","url":"","contentUrl":""},{"@type":"BreadcrumbList","@id":"https:\/\/help.jamk.fi\/tuberoom\/fi\/asetelmat\/#breadcrumb","itemListElement":[{"@type":"ListItem","position":1,"name":"Etusivu","item":"https:\/\/help.jamk.fi\/tuberoom\/fi\/"},{"@type":"ListItem","position":2,"name":"Asetelmat"}]},{"@type":"WebSite","@id":"https:\/\/help.jamk.fi\/tuberoom\/#website","url":"https:\/\/help.jamk.fi\/tuberoom\/","name":"Tuberoom","description":"","potentialAction":[{"@type":"SearchAction","target":{"@type":"EntryPoint","urlTemplate":"https:\/\/help.jamk.fi\/tuberoom\/?s={search_term_string}"},"query-input":{"@type":"PropertyValueSpecification","valueRequired":true,"valueName":"search_term_string"}}],"inLanguage":"fi"}]}},"_links":{"self":[{"href":"https:\/\/help.jamk.fi\/tuberoom\/wp-json\/wp\/v2\/pages\/108","targetHints":{"allow":["GET"]}}],"collection":[{"href":"https:\/\/help.jamk.fi\/tuberoom\/wp-json\/wp\/v2\/pages"}],"about":[{"href":"https:\/\/help.jamk.fi\/tuberoom\/wp-json\/wp\/v2\/types\/page"}],"author":[{"embeddable":true,"href":"https:\/\/help.jamk.fi\/tuberoom\/wp-json\/wp\/v2\/users\/74"}],"replies":[{"embeddable":true,"href":"https:\/\/help.jamk.fi\/tuberoom\/wp-json\/wp\/v2\/comments?post=108"}],"version-history":[{"count":2,"href":"https:\/\/help.jamk.fi\/tuberoom\/wp-json\/wp\/v2\/pages\/108\/revisions"}],"predecessor-version":[{"id":296,"href":"https:\/\/help.jamk.fi\/tuberoom\/wp-json\/wp\/v2\/pages\/108\/revisions\/296"}],"wp:attachment":[{"href":"https:\/\/help.jamk.fi\/tuberoom\/wp-json\/wp\/v2\/media?parent=108"}],"wp:term":[{"taxonomy":"category","embeddable":true,"href":"https:\/\/help.jamk.fi\/tuberoom\/wp-json\/wp\/v2\/categories?post=108"},{"taxonomy":"post_tag","embeddable":true,"href":"https:\/\/help.jamk.fi\/tuberoom\/wp-json\/wp\/v2\/tags?post=108"}],"curies":[{"name":"wp","href":"https:\/\/api.w.org\/{rel}","templated":true}]}}