{"id":115,"date":"2018-03-15T12:17:01","date_gmt":"2018-03-15T10:17:01","guid":{"rendered":"https:\/\/help.jamk.fi\/tuberoom\/asetelmat\/lightboard-asettelu-v-2\/"},"modified":"2023-11-20T13:20:50","modified_gmt":"2023-11-20T11:20:50","slug":"lightboard-asettelu-v-2","status":"publish","type":"page","link":"https:\/\/help.jamk.fi\/tuberoom\/fi\/asetelmat\/lightboard-asettelu-v-2\/","title":{"rendered":"Lightboard-asettelu v.2"},"content":{"rendered":"\n<p>T\u00e4ss\u00e4 oletusasettelun muunnelmassa pieni apup\u00f6yt\u00e4 on siirretty oikeaan nurkkaan ja esikatselumonitori nostettu p\u00f6yd\u00e4n p\u00e4\u00e4lle. N\u00e4in esiintyj\u00e4n katse saadaan nostettua yl\u00f6s. Esiintyj\u00e4 sijoittuu lasin taakse vasemmalle reunalle jolloin piirrokset ja mahdolliset esityssis\u00e4ll\u00f6t j\u00e4\u00e4v\u00e4t esiintyj\u00e4n oikealle puolelle ja esiintyj\u00e4 n\u00e4ytt\u00e4\u00e4 katsovan piirrosten ja sis\u00e4lt\u00f6jen suuntaan.<\/p>\n\n\n\n<figure class=\"wp-block-image\"><img decoding=\"async\" src=\"https:\/\/help.jamk.fi\/tuberoom\/wp-content\/uploads\/sites\/66\/2023\/07\/tuberoomin_leiska_lightboard_2-967x1024.png\" alt=\"\" class=\"wp-image-146\"\/><\/figure>\n","protected":false},"excerpt":{"rendered":"<p>T\u00e4ss\u00e4 oletusasettelun muunnelmassa pieni apup\u00f6yt\u00e4 on siirretty oikeaan nurkkaan ja esikatselumonitori nostettu p\u00f6yd\u00e4n p\u00e4\u00e4lle. N\u00e4in esiintyj\u00e4n katse saadaan nostettua yl\u00f6s. Esiintyj\u00e4 sijoittuu lasin taakse vasemmalle reunalle jolloin piirrokset ja mahdolliset esityssis\u00e4ll\u00f6t j\u00e4\u00e4v\u00e4t esiintyj\u00e4n oikealle puolelle ja esiintyj\u00e4 n\u00e4ytt\u00e4\u00e4 katsovan piirrosten ja sis\u00e4lt\u00f6jen suuntaan.<\/p>\n","protected":false},"author":74,"featured_media":0,"parent":108,"menu_order":1,"comment_status":"closed","ping_status":"closed","template":"","meta":{"_acf_changed":false,"_relevanssi_hide_post":"","_relevanssi_hide_content":"","_relevanssi_pin_for_all":"","_relevanssi_pin_keywords":"","_relevanssi_unpin_keywords":"","_relevanssi_related_keywords":"","_relevanssi_related_include_ids":"","_relevanssi_related_exclude_ids":"","_relevanssi_related_no_append":"","_relevanssi_related_not_related":"","_relevanssi_related_posts":"","_relevanssi_noindex_reason":"","footnotes":""},"categories":[],"tags":[],"class_list":["post-115","page","type-page","status-publish","hentry"],"acf":[],"yoast_head":"<!-- This site is optimized with the Yoast SEO plugin v27.4 - https:\/\/yoast.com\/product\/yoast-seo-wordpress\/ -->\n<title>Lightboard-asettelu v.2 - Tuberoom<\/title>\n<meta name=\"robots\" content=\"index, follow, max-snippet:-1, max-image-preview:large, max-video-preview:-1\" \/>\n<link rel=\"canonical\" href=\"https:\/\/help.jamk.fi\/tuberoom\/fi\/asetelmat\/lightboard-asettelu-v-2\/\" \/>\n<meta property=\"og:locale\" content=\"fi_FI\" \/>\n<meta property=\"og:type\" content=\"article\" \/>\n<meta property=\"og:title\" content=\"Lightboard-asettelu v.2 - Tuberoom\" \/>\n<meta property=\"og:description\" content=\"T\u00e4ss\u00e4 oletusasettelun muunnelmassa pieni apup\u00f6yt\u00e4 on siirretty oikeaan nurkkaan ja esikatselumonitori nostettu p\u00f6yd\u00e4n p\u00e4\u00e4lle. N\u00e4in esiintyj\u00e4n katse saadaan nostettua yl\u00f6s. Esiintyj\u00e4 sijoittuu lasin taakse vasemmalle reunalle jolloin piirrokset ja mahdolliset esityssis\u00e4ll\u00f6t j\u00e4\u00e4v\u00e4t esiintyj\u00e4n oikealle puolelle ja esiintyj\u00e4 n\u00e4ytt\u00e4\u00e4 katsovan piirrosten ja sis\u00e4lt\u00f6jen suuntaan.\" \/>\n<meta property=\"og:url\" content=\"https:\/\/help.jamk.fi\/tuberoom\/fi\/asetelmat\/lightboard-asettelu-v-2\/\" \/>\n<meta property=\"og:site_name\" content=\"Tuberoom\" \/>\n<meta property=\"article:modified_time\" content=\"2023-11-20T11:20:50+00:00\" \/>\n<meta property=\"og:image\" content=\"https:\/\/help.jamk.fi\/tuberoom\/wp-content\/uploads\/sites\/66\/2023\/07\/tuberoomin_leiska_lightboard_2-967x1024.png\" \/>\n<meta name=\"twitter:card\" content=\"summary_large_image\" \/>\n<script type=\"application\/ld+json\" class=\"yoast-schema-graph\">{\"@context\":\"https:\\\/\\\/schema.org\",\"@graph\":[{\"@type\":\"WebPage\",\"@id\":\"https:\\\/\\\/help.jamk.fi\\\/tuberoom\\\/fi\\\/asetelmat\\\/lightboard-asettelu-v-2\\\/\",\"url\":\"https:\\\/\\\/help.jamk.fi\\\/tuberoom\\\/fi\\\/asetelmat\\\/lightboard-asettelu-v-2\\\/\",\"name\":\"Lightboard-asettelu v.2 - Tuberoom\",\"isPartOf\":{\"@id\":\"https:\\\/\\\/help.jamk.fi\\\/tuberoom\\\/#website\"},\"primaryImageOfPage\":{\"@id\":\"https:\\\/\\\/help.jamk.fi\\\/tuberoom\\\/fi\\\/asetelmat\\\/lightboard-asettelu-v-2\\\/#primaryimage\"},\"image\":{\"@id\":\"https:\\\/\\\/help.jamk.fi\\\/tuberoom\\\/fi\\\/asetelmat\\\/lightboard-asettelu-v-2\\\/#primaryimage\"},\"thumbnailUrl\":\"https:\\\/\\\/help.jamk.fi\\\/tuberoom\\\/wp-content\\\/uploads\\\/sites\\\/66\\\/2023\\\/07\\\/tuberoomin_leiska_lightboard_2-967x1024.png\",\"datePublished\":\"2018-03-15T10:17:01+00:00\",\"dateModified\":\"2023-11-20T11:20:50+00:00\",\"breadcrumb\":{\"@id\":\"https:\\\/\\\/help.jamk.fi\\\/tuberoom\\\/fi\\\/asetelmat\\\/lightboard-asettelu-v-2\\\/#breadcrumb\"},\"inLanguage\":\"fi\",\"potentialAction\":[{\"@type\":\"ReadAction\",\"target\":[\"https:\\\/\\\/help.jamk.fi\\\/tuberoom\\\/fi\\\/asetelmat\\\/lightboard-asettelu-v-2\\\/\"]}]},{\"@type\":\"ImageObject\",\"inLanguage\":\"fi\",\"@id\":\"https:\\\/\\\/help.jamk.fi\\\/tuberoom\\\/fi\\\/asetelmat\\\/lightboard-asettelu-v-2\\\/#primaryimage\",\"url\":\"\",\"contentUrl\":\"\"},{\"@type\":\"BreadcrumbList\",\"@id\":\"https:\\\/\\\/help.jamk.fi\\\/tuberoom\\\/fi\\\/asetelmat\\\/lightboard-asettelu-v-2\\\/#breadcrumb\",\"itemListElement\":[{\"@type\":\"ListItem\",\"position\":1,\"name\":\"Etusivu\",\"item\":\"https:\\\/\\\/help.jamk.fi\\\/tuberoom\\\/fi\\\/\"},{\"@type\":\"ListItem\",\"position\":2,\"name\":\"Asetelmat\",\"item\":\"https:\\\/\\\/help.jamk.fi\\\/tuberoom\\\/fi\\\/asetelmat\\\/\"},{\"@type\":\"ListItem\",\"position\":3,\"name\":\"Lightboard-asettelu v.2\"}]},{\"@type\":\"WebSite\",\"@id\":\"https:\\\/\\\/help.jamk.fi\\\/tuberoom\\\/#website\",\"url\":\"https:\\\/\\\/help.jamk.fi\\\/tuberoom\\\/\",\"name\":\"Tuberoom\",\"description\":\"\",\"potentialAction\":[{\"@type\":\"SearchAction\",\"target\":{\"@type\":\"EntryPoint\",\"urlTemplate\":\"https:\\\/\\\/help.jamk.fi\\\/tuberoom\\\/?s={search_term_string}\"},\"query-input\":{\"@type\":\"PropertyValueSpecification\",\"valueRequired\":true,\"valueName\":\"search_term_string\"}}],\"inLanguage\":\"fi\"}]}<\/script>\n<!-- \/ Yoast SEO plugin. -->","yoast_head_json":{"title":"Lightboard-asettelu v.2 - Tuberoom","robots":{"index":"index","follow":"follow","max-snippet":"max-snippet:-1","max-image-preview":"max-image-preview:large","max-video-preview":"max-video-preview:-1"},"canonical":"https:\/\/help.jamk.fi\/tuberoom\/fi\/asetelmat\/lightboard-asettelu-v-2\/","og_locale":"fi_FI","og_type":"article","og_title":"Lightboard-asettelu v.2 - Tuberoom","og_description":"T\u00e4ss\u00e4 oletusasettelun muunnelmassa pieni apup\u00f6yt\u00e4 on siirretty oikeaan nurkkaan ja esikatselumonitori nostettu p\u00f6yd\u00e4n p\u00e4\u00e4lle. N\u00e4in esiintyj\u00e4n katse saadaan nostettua yl\u00f6s. Esiintyj\u00e4 sijoittuu lasin taakse vasemmalle reunalle jolloin piirrokset ja mahdolliset esityssis\u00e4ll\u00f6t j\u00e4\u00e4v\u00e4t esiintyj\u00e4n oikealle puolelle ja esiintyj\u00e4 n\u00e4ytt\u00e4\u00e4 katsovan piirrosten ja sis\u00e4lt\u00f6jen suuntaan.","og_url":"https:\/\/help.jamk.fi\/tuberoom\/fi\/asetelmat\/lightboard-asettelu-v-2\/","og_site_name":"Tuberoom","article_modified_time":"2023-11-20T11:20:50+00:00","og_image":[{"url":"https:\/\/help.jamk.fi\/tuberoom\/wp-content\/uploads\/sites\/66\/2023\/07\/tuberoomin_leiska_lightboard_2-967x1024.png","type":"","width":"","height":""}],"twitter_card":"summary_large_image","schema":{"@context":"https:\/\/schema.org","@graph":[{"@type":"WebPage","@id":"https:\/\/help.jamk.fi\/tuberoom\/fi\/asetelmat\/lightboard-asettelu-v-2\/","url":"https:\/\/help.jamk.fi\/tuberoom\/fi\/asetelmat\/lightboard-asettelu-v-2\/","name":"Lightboard-asettelu v.2 - Tuberoom","isPartOf":{"@id":"https:\/\/help.jamk.fi\/tuberoom\/#website"},"primaryImageOfPage":{"@id":"https:\/\/help.jamk.fi\/tuberoom\/fi\/asetelmat\/lightboard-asettelu-v-2\/#primaryimage"},"image":{"@id":"https:\/\/help.jamk.fi\/tuberoom\/fi\/asetelmat\/lightboard-asettelu-v-2\/#primaryimage"},"thumbnailUrl":"https:\/\/help.jamk.fi\/tuberoom\/wp-content\/uploads\/sites\/66\/2023\/07\/tuberoomin_leiska_lightboard_2-967x1024.png","datePublished":"2018-03-15T10:17:01+00:00","dateModified":"2023-11-20T11:20:50+00:00","breadcrumb":{"@id":"https:\/\/help.jamk.fi\/tuberoom\/fi\/asetelmat\/lightboard-asettelu-v-2\/#breadcrumb"},"inLanguage":"fi","potentialAction":[{"@type":"ReadAction","target":["https:\/\/help.jamk.fi\/tuberoom\/fi\/asetelmat\/lightboard-asettelu-v-2\/"]}]},{"@type":"ImageObject","inLanguage":"fi","@id":"https:\/\/help.jamk.fi\/tuberoom\/fi\/asetelmat\/lightboard-asettelu-v-2\/#primaryimage","url":"","contentUrl":""},{"@type":"BreadcrumbList","@id":"https:\/\/help.jamk.fi\/tuberoom\/fi\/asetelmat\/lightboard-asettelu-v-2\/#breadcrumb","itemListElement":[{"@type":"ListItem","position":1,"name":"Etusivu","item":"https:\/\/help.jamk.fi\/tuberoom\/fi\/"},{"@type":"ListItem","position":2,"name":"Asetelmat","item":"https:\/\/help.jamk.fi\/tuberoom\/fi\/asetelmat\/"},{"@type":"ListItem","position":3,"name":"Lightboard-asettelu v.2"}]},{"@type":"WebSite","@id":"https:\/\/help.jamk.fi\/tuberoom\/#website","url":"https:\/\/help.jamk.fi\/tuberoom\/","name":"Tuberoom","description":"","potentialAction":[{"@type":"SearchAction","target":{"@type":"EntryPoint","urlTemplate":"https:\/\/help.jamk.fi\/tuberoom\/?s={search_term_string}"},"query-input":{"@type":"PropertyValueSpecification","valueRequired":true,"valueName":"search_term_string"}}],"inLanguage":"fi"}]}},"_links":{"self":[{"href":"https:\/\/help.jamk.fi\/tuberoom\/wp-json\/wp\/v2\/pages\/115","targetHints":{"allow":["GET"]}}],"collection":[{"href":"https:\/\/help.jamk.fi\/tuberoom\/wp-json\/wp\/v2\/pages"}],"about":[{"href":"https:\/\/help.jamk.fi\/tuberoom\/wp-json\/wp\/v2\/types\/page"}],"author":[{"embeddable":true,"href":"https:\/\/help.jamk.fi\/tuberoom\/wp-json\/wp\/v2\/users\/74"}],"replies":[{"embeddable":true,"href":"https:\/\/help.jamk.fi\/tuberoom\/wp-json\/wp\/v2\/comments?post=115"}],"version-history":[{"count":2,"href":"https:\/\/help.jamk.fi\/tuberoom\/wp-json\/wp\/v2\/pages\/115\/revisions"}],"predecessor-version":[{"id":335,"href":"https:\/\/help.jamk.fi\/tuberoom\/wp-json\/wp\/v2\/pages\/115\/revisions\/335"}],"up":[{"embeddable":true,"href":"https:\/\/help.jamk.fi\/tuberoom\/wp-json\/wp\/v2\/pages\/108"}],"wp:attachment":[{"href":"https:\/\/help.jamk.fi\/tuberoom\/wp-json\/wp\/v2\/media?parent=115"}],"wp:term":[{"taxonomy":"category","embeddable":true,"href":"https:\/\/help.jamk.fi\/tuberoom\/wp-json\/wp\/v2\/categories?post=115"},{"taxonomy":"post_tag","embeddable":true,"href":"https:\/\/help.jamk.fi\/tuberoom\/wp-json\/wp\/v2\/tags?post=115"}],"curies":[{"name":"wp","href":"https:\/\/api.w.org\/{rel}","templated":true}]}}