{"id":12,"date":"2018-02-15T11:33:36","date_gmt":"2018-02-15T09:33:36","guid":{"rendered":"https:\/\/help.jamk.fi\/tuberoom\/kayttoohjeet\/nain-paaset-alkuun\/"},"modified":"2024-01-11T09:19:55","modified_gmt":"2024-01-11T07:19:55","slug":"nain-paaset-alkuun","status":"publish","type":"page","link":"https:\/\/help.jamk.fi\/tuberoom\/fi\/kayttoohjeet\/nain-paaset-alkuun\/","title":{"rendered":"N\u00e4in p\u00e4\u00e4set alkuun"},"content":{"rendered":"\n<p>Ensimm\u00e4isell\u00e4 k\u00e4ytt\u00f6kerralla sovi perehdytys (av-palvelut@jamk.fi tai joku toinen kokenut k\u00e4ytt\u00e4j\u00e4) ja varaa Tuberoom Outlookin kalenterista (huone:\u00a0Rajakatu 35 R35_FK28 Tuberoom-videopaja). Perehdytyksen j\u00e4lkeen voit varailla tilaa itsen\u00e4isesti videoty\u00f6skentelyyn.<\/p>\n\n\n\n<p>Huoneen p\u00e4\u00e4see s\u00e4hk\u00f6avaimella, kulkuoikeuksia voi kysell\u00e4 vahtimestareilta sen j\u00e4lkeen kun on saanut perehdytyksen.<\/p>\n\n\n\n<p>Alku- ja perustoimet huoneessa:<\/p>\n\n\n\n<ul class=\"wp-block-list\">\n<li>Laita valot p\u00f6yt\u00e4valaisimeen ja esitysvaloihin (esitysvalot kaukos\u00e4\u00e4timell\u00e4 painikkeet A, B, C).<\/li>\n\n\n\n<li>Laita virta laitteisiin tietokonep\u00f6yd\u00e4n oikealla puolella lattialla olevasta katkaisimesta.<\/li>\n\n\n\n<li>Laita virta tietokoneeseen ja anna sen k\u00e4ynnisty\u00e4.<\/li>\n\n\n\n<li>Kirjaudu tietokoneelle ja odota ett\u00e4 VMix ohjelma k\u00e4ynnistyy oletusasetuksille.<\/li>\n\n\n\n<li>Kun VMix on k\u00e4ynnistynyt ota langaton solmiomikrofoni lataustelineest\u00e4 ja laita siihen virta. Mikrofoni on mykistettyn\u00e4 jos siin\u00e4 palaa punainen valo, p\u00e4\u00e4ll\u00e4 jos siin\u00e4 palaa vihre\u00e4 valo. Mykistys-kytkin l\u00f6ytyy mikrofonin p\u00e4\u00e4lt\u00e4 (mute). Mikrofoniin puhuttaessa VMix-ohjelmiston keskell\u00e4 olevat \u00e4\u00e4nentasomittarit heiluvat silloin kuin \u00e4\u00e4ni kulkee mikrofonista tietokoneelle. Uutena vaihtoehtona on kokeilussa langallinen kondensaattorimikrofoni, jonka etuna on k\u00e4yt\u00f6n helppous. Mikrofoni on valmiina Lightboardin edess\u00e4 alhaalla. Sill\u00e4 on helpompi taltioida useamman samanaikaisen puhujan esityksi\u00e4. Kokeillaan sit\u00e4 jonkin aikaa, ja katsotaan j\u00e4\u00e4k\u00f6 se oletusmikrofoniksi.<\/li>\n\n\n\n<li>Tallennus k\u00e4ynnistyy Record-painikkeella ruudun alareunassa (tai sitten Logitechin pointterilla, mik\u00e4li siihen on m\u00e4\u00e4ritelty nauhoitustriggeri perehdytyksen yhteydess\u00e4)<\/li>\n\n\n\n<li>VMix-ohjelmisto n\u00e4kyy my\u00f6s esiintymistilassa olevasta esikatselumonitorista, joka helpottaa sijoittumista kuvaan. S\u00e4\u00e4d\u00e4 tarvittaessa jalustalla olevan kameran asentoa jalustan kahvalla ja rajausta kameran zoom painikkeella (kameran oikealla sivulla)<\/li>\n\n\n\n<li>VMix-ohjelmistossa n\u00e4kyy vasemmalla Preview ja oikealla Live. Live on se n\u00e4kym\u00e4 joka tallentuu tietokoneen levylle nauhoituksen ollessa k\u00e4ynniss\u00e4. Logitechin pointterilla tallennuksen voit k\u00e4ynnist\u00e4\u00e4 ja pys\u00e4ytt\u00e4\u00e4 esiintyess\u00e4si (mik\u00e4li siihen on m\u00e4\u00e4ritelty tallennuskomennot). Jos pointteri ei ole k\u00e4ytett\u00e4viss\u00e4 voit k\u00e4ynnist\u00e4\u00e4 tallennuksen suoraan VMix-ohjelmistosta ja pys\u00e4ytt\u00e4\u00e4 sen sitten lopetettuasi. Turhat kohdat voit leikell\u00e4 esim. Avidemuxilla tai tietokoneessa olevalla Adobe Premierell\u00e4. Tallenteet tallentuvat tietokoneen levylle E:capture -hakemistoon<\/li>\n\n\n\n<li>Lightboardin tussit l\u00f6ytyv\u00e4t esiintymistilan lattialla olevasta korista tai lightboardin&nbsp;alla olevalta p\u00f6yd\u00e4lt\u00e4, samoin lasin puhdistusv\u00e4lineet (mikrokuituliinat ja puhdistusaineet). K\u00e4yt\u00e4v\u00e4ll\u00e4 on lavuaari, jossa voi pest\u00e4 ja kastella puhdistusliinat vedell\u00e4.<\/li>\n<\/ul>\n","protected":false},"excerpt":{"rendered":"<p>Ensimm\u00e4isell\u00e4 k\u00e4ytt\u00f6kerralla sovi perehdytys (av-palvelut@jamk.fi tai joku toinen kokenut k\u00e4ytt\u00e4j\u00e4) ja varaa Tuberoom Outlookin kalenterista (huone:\u00a0Rajakatu 35 R35_FK28 Tuberoom-videopaja). Perehdytyksen j\u00e4lkeen voit varailla tilaa itsen\u00e4isesti videoty\u00f6skentelyyn. Huoneen p\u00e4\u00e4see s\u00e4hk\u00f6avaimella, kulkuoikeuksia voi kysell\u00e4 vahtimestareilta sen j\u00e4lkeen kun on saanut perehdytyksen. Alku- ja perustoimet huoneessa:<\/p>\n","protected":false},"author":74,"featured_media":0,"parent":6,"menu_order":1,"comment_status":"closed","ping_status":"closed","template":"","meta":{"_acf_changed":false,"_relevanssi_hide_post":"","_relevanssi_hide_content":"","_relevanssi_pin_for_all":"","_relevanssi_pin_keywords":"","_relevanssi_unpin_keywords":"","_relevanssi_related_keywords":"","_relevanssi_related_include_ids":"","_relevanssi_related_exclude_ids":"","_relevanssi_related_no_append":"","_relevanssi_related_not_related":"","_relevanssi_related_posts":"","_relevanssi_noindex_reason":"","footnotes":""},"categories":[],"tags":[],"class_list":["post-12","page","type-page","status-publish","hentry"],"acf":[],"yoast_head":"<!-- This site is optimized with the Yoast SEO plugin v27.4 - https:\/\/yoast.com\/product\/yoast-seo-wordpress\/ -->\n<title>N\u00e4in p\u00e4\u00e4set alkuun - Tuberoom<\/title>\n<meta name=\"robots\" content=\"index, follow, max-snippet:-1, max-image-preview:large, max-video-preview:-1\" \/>\n<link rel=\"canonical\" href=\"https:\/\/help.jamk.fi\/tuberoom\/fi\/kayttoohjeet\/nain-paaset-alkuun\/\" \/>\n<meta property=\"og:locale\" content=\"fi_FI\" \/>\n<meta property=\"og:type\" content=\"article\" \/>\n<meta property=\"og:title\" content=\"N\u00e4in p\u00e4\u00e4set alkuun - Tuberoom\" \/>\n<meta property=\"og:description\" content=\"Ensimm\u00e4isell\u00e4 k\u00e4ytt\u00f6kerralla sovi perehdytys (av-palvelut@jamk.fi tai joku toinen kokenut k\u00e4ytt\u00e4j\u00e4) ja varaa Tuberoom Outlookin kalenterista (huone:\u00a0Rajakatu 35 R35_FK28 Tuberoom-videopaja). Perehdytyksen j\u00e4lkeen voit varailla tilaa itsen\u00e4isesti videoty\u00f6skentelyyn. Huoneen p\u00e4\u00e4see s\u00e4hk\u00f6avaimella, kulkuoikeuksia voi kysell\u00e4 vahtimestareilta sen j\u00e4lkeen kun on saanut perehdytyksen. Alku- ja perustoimet huoneessa:\" \/>\n<meta property=\"og:url\" content=\"https:\/\/help.jamk.fi\/tuberoom\/fi\/kayttoohjeet\/nain-paaset-alkuun\/\" \/>\n<meta property=\"og:site_name\" content=\"Tuberoom\" \/>\n<meta property=\"article:modified_time\" content=\"2024-01-11T07:19:55+00:00\" \/>\n<meta name=\"twitter:card\" content=\"summary_large_image\" \/>\n<meta name=\"twitter:label1\" content=\"Arvioitu lukuaika\" \/>\n\t<meta name=\"twitter:data1\" content=\"2 minuuttia\" \/>\n<script type=\"application\/ld+json\" class=\"yoast-schema-graph\">{\"@context\":\"https:\\\/\\\/schema.org\",\"@graph\":[{\"@type\":\"WebPage\",\"@id\":\"https:\\\/\\\/help.jamk.fi\\\/tuberoom\\\/fi\\\/kayttoohjeet\\\/nain-paaset-alkuun\\\/\",\"url\":\"https:\\\/\\\/help.jamk.fi\\\/tuberoom\\\/fi\\\/kayttoohjeet\\\/nain-paaset-alkuun\\\/\",\"name\":\"N\u00e4in p\u00e4\u00e4set alkuun - Tuberoom\",\"isPartOf\":{\"@id\":\"https:\\\/\\\/help.jamk.fi\\\/tuberoom\\\/#website\"},\"datePublished\":\"2018-02-15T09:33:36+00:00\",\"dateModified\":\"2024-01-11T07:19:55+00:00\",\"breadcrumb\":{\"@id\":\"https:\\\/\\\/help.jamk.fi\\\/tuberoom\\\/fi\\\/kayttoohjeet\\\/nain-paaset-alkuun\\\/#breadcrumb\"},\"inLanguage\":\"fi\",\"potentialAction\":[{\"@type\":\"ReadAction\",\"target\":[\"https:\\\/\\\/help.jamk.fi\\\/tuberoom\\\/fi\\\/kayttoohjeet\\\/nain-paaset-alkuun\\\/\"]}]},{\"@type\":\"BreadcrumbList\",\"@id\":\"https:\\\/\\\/help.jamk.fi\\\/tuberoom\\\/fi\\\/kayttoohjeet\\\/nain-paaset-alkuun\\\/#breadcrumb\",\"itemListElement\":[{\"@type\":\"ListItem\",\"position\":1,\"name\":\"Etusivu\",\"item\":\"https:\\\/\\\/help.jamk.fi\\\/tuberoom\\\/fi\\\/\"},{\"@type\":\"ListItem\",\"position\":2,\"name\":\"K\u00e4ytt\u00f6ohjeet\",\"item\":\"https:\\\/\\\/help.jamk.fi\\\/tuberoom\\\/fi\\\/kayttoohjeet\\\/\"},{\"@type\":\"ListItem\",\"position\":3,\"name\":\"N\u00e4in p\u00e4\u00e4set alkuun\"}]},{\"@type\":\"WebSite\",\"@id\":\"https:\\\/\\\/help.jamk.fi\\\/tuberoom\\\/#website\",\"url\":\"https:\\\/\\\/help.jamk.fi\\\/tuberoom\\\/\",\"name\":\"Tuberoom\",\"description\":\"\",\"potentialAction\":[{\"@type\":\"SearchAction\",\"target\":{\"@type\":\"EntryPoint\",\"urlTemplate\":\"https:\\\/\\\/help.jamk.fi\\\/tuberoom\\\/?s={search_term_string}\"},\"query-input\":{\"@type\":\"PropertyValueSpecification\",\"valueRequired\":true,\"valueName\":\"search_term_string\"}}],\"inLanguage\":\"fi\"}]}<\/script>\n<!-- \/ Yoast SEO plugin. -->","yoast_head_json":{"title":"N\u00e4in p\u00e4\u00e4set alkuun - Tuberoom","robots":{"index":"index","follow":"follow","max-snippet":"max-snippet:-1","max-image-preview":"max-image-preview:large","max-video-preview":"max-video-preview:-1"},"canonical":"https:\/\/help.jamk.fi\/tuberoom\/fi\/kayttoohjeet\/nain-paaset-alkuun\/","og_locale":"fi_FI","og_type":"article","og_title":"N\u00e4in p\u00e4\u00e4set alkuun - Tuberoom","og_description":"Ensimm\u00e4isell\u00e4 k\u00e4ytt\u00f6kerralla sovi perehdytys (av-palvelut@jamk.fi tai joku toinen kokenut k\u00e4ytt\u00e4j\u00e4) ja varaa Tuberoom Outlookin kalenterista (huone:\u00a0Rajakatu 35 R35_FK28 Tuberoom-videopaja). Perehdytyksen j\u00e4lkeen voit varailla tilaa itsen\u00e4isesti videoty\u00f6skentelyyn. Huoneen p\u00e4\u00e4see s\u00e4hk\u00f6avaimella, kulkuoikeuksia voi kysell\u00e4 vahtimestareilta sen j\u00e4lkeen kun on saanut perehdytyksen. Alku- ja perustoimet huoneessa:","og_url":"https:\/\/help.jamk.fi\/tuberoom\/fi\/kayttoohjeet\/nain-paaset-alkuun\/","og_site_name":"Tuberoom","article_modified_time":"2024-01-11T07:19:55+00:00","twitter_card":"summary_large_image","twitter_misc":{"Arvioitu lukuaika":"2 minuuttia"},"schema":{"@context":"https:\/\/schema.org","@graph":[{"@type":"WebPage","@id":"https:\/\/help.jamk.fi\/tuberoom\/fi\/kayttoohjeet\/nain-paaset-alkuun\/","url":"https:\/\/help.jamk.fi\/tuberoom\/fi\/kayttoohjeet\/nain-paaset-alkuun\/","name":"N\u00e4in p\u00e4\u00e4set alkuun - Tuberoom","isPartOf":{"@id":"https:\/\/help.jamk.fi\/tuberoom\/#website"},"datePublished":"2018-02-15T09:33:36+00:00","dateModified":"2024-01-11T07:19:55+00:00","breadcrumb":{"@id":"https:\/\/help.jamk.fi\/tuberoom\/fi\/kayttoohjeet\/nain-paaset-alkuun\/#breadcrumb"},"inLanguage":"fi","potentialAction":[{"@type":"ReadAction","target":["https:\/\/help.jamk.fi\/tuberoom\/fi\/kayttoohjeet\/nain-paaset-alkuun\/"]}]},{"@type":"BreadcrumbList","@id":"https:\/\/help.jamk.fi\/tuberoom\/fi\/kayttoohjeet\/nain-paaset-alkuun\/#breadcrumb","itemListElement":[{"@type":"ListItem","position":1,"name":"Etusivu","item":"https:\/\/help.jamk.fi\/tuberoom\/fi\/"},{"@type":"ListItem","position":2,"name":"K\u00e4ytt\u00f6ohjeet","item":"https:\/\/help.jamk.fi\/tuberoom\/fi\/kayttoohjeet\/"},{"@type":"ListItem","position":3,"name":"N\u00e4in p\u00e4\u00e4set alkuun"}]},{"@type":"WebSite","@id":"https:\/\/help.jamk.fi\/tuberoom\/#website","url":"https:\/\/help.jamk.fi\/tuberoom\/","name":"Tuberoom","description":"","potentialAction":[{"@type":"SearchAction","target":{"@type":"EntryPoint","urlTemplate":"https:\/\/help.jamk.fi\/tuberoom\/?s={search_term_string}"},"query-input":{"@type":"PropertyValueSpecification","valueRequired":true,"valueName":"search_term_string"}}],"inLanguage":"fi"}]}},"_links":{"self":[{"href":"https:\/\/help.jamk.fi\/tuberoom\/wp-json\/wp\/v2\/pages\/12","targetHints":{"allow":["GET"]}}],"collection":[{"href":"https:\/\/help.jamk.fi\/tuberoom\/wp-json\/wp\/v2\/pages"}],"about":[{"href":"https:\/\/help.jamk.fi\/tuberoom\/wp-json\/wp\/v2\/types\/page"}],"author":[{"embeddable":true,"href":"https:\/\/help.jamk.fi\/tuberoom\/wp-json\/wp\/v2\/users\/74"}],"replies":[{"embeddable":true,"href":"https:\/\/help.jamk.fi\/tuberoom\/wp-json\/wp\/v2\/comments?post=12"}],"version-history":[{"count":8,"href":"https:\/\/help.jamk.fi\/tuberoom\/wp-json\/wp\/v2\/pages\/12\/revisions"}],"predecessor-version":[{"id":378,"href":"https:\/\/help.jamk.fi\/tuberoom\/wp-json\/wp\/v2\/pages\/12\/revisions\/378"}],"up":[{"embeddable":true,"href":"https:\/\/help.jamk.fi\/tuberoom\/wp-json\/wp\/v2\/pages\/6"}],"wp:attachment":[{"href":"https:\/\/help.jamk.fi\/tuberoom\/wp-json\/wp\/v2\/media?parent=12"}],"wp:term":[{"taxonomy":"category","embeddable":true,"href":"https:\/\/help.jamk.fi\/tuberoom\/wp-json\/wp\/v2\/categories?post=12"},{"taxonomy":"post_tag","embeddable":true,"href":"https:\/\/help.jamk.fi\/tuberoom\/wp-json\/wp\/v2\/tags?post=12"}],"curies":[{"name":"wp","href":"https:\/\/api.w.org\/{rel}","templated":true}]}}