{"id":124,"date":"2018-03-15T12:23:36","date_gmt":"2018-03-15T10:23:36","guid":{"rendered":"https:\/\/help.jamk.fi\/tuberoom\/asetelmat\/lightboard-asettelu-v-1\/"},"modified":"2023-11-20T13:20:40","modified_gmt":"2023-11-20T11:20:40","slug":"lightboard-asettelu-v-1","status":"publish","type":"page","link":"https:\/\/help.jamk.fi\/tuberoom\/fi\/asetelmat\/lightboard-asettelu-v-1\/","title":{"rendered":"Lightboard-asettelu v.1"},"content":{"rendered":"\n<p>T\u00e4ss\u00e4 oletusasettelun mukaisessa asetelmassa esiintyj\u00e4 katsoo suoraan kameraan. Esikatselumonitori on lattialla heijastusten v\u00e4ltt\u00e4miseksi. Esiintyj\u00e4n katse saattaa suuntautua helposti alasp\u00e4in, joten esityst\u00e4 on syyt\u00e4 harjoitella ja pit\u00e4\u00e4 leuka ylh\u00e4\u00e4ll\u00e4.<\/p>\n\n\n\n<p>Esiintyj\u00e4 tarkistaa oman paikkansa videotallennuksessa esikatselumonitorista.<\/p>\n\n\n\n<figure class=\"wp-block-image\"><img decoding=\"async\" src=\"https:\/\/help.jamk.fi\/tuberoom\/wp-content\/uploads\/sites\/66\/2023\/07\/tuberoomin_leiska_lightboard_1-1-967x1024.png\" alt=\"\" class=\"wp-image-151\"\/><\/figure>\n","protected":false},"excerpt":{"rendered":"<p>T\u00e4ss\u00e4 oletusasettelun mukaisessa asetelmassa esiintyj\u00e4 katsoo suoraan kameraan. Esikatselumonitori on lattialla heijastusten v\u00e4ltt\u00e4miseksi. Esiintyj\u00e4n katse saattaa suuntautua helposti alasp\u00e4in, joten esityst\u00e4 on syyt\u00e4 harjoitella ja pit\u00e4\u00e4 leuka ylh\u00e4\u00e4ll\u00e4. Esiintyj\u00e4 tarkistaa oman paikkansa videotallennuksessa esikatselumonitorista.<\/p>\n","protected":false},"author":74,"featured_media":0,"parent":108,"menu_order":0,"comment_status":"closed","ping_status":"closed","template":"","meta":{"_acf_changed":false,"_relevanssi_hide_post":"","_relevanssi_hide_content":"","_relevanssi_pin_for_all":"","_relevanssi_pin_keywords":"","_relevanssi_unpin_keywords":"","_relevanssi_related_keywords":"","_relevanssi_related_include_ids":"","_relevanssi_related_exclude_ids":"","_relevanssi_related_no_append":"","_relevanssi_related_not_related":"","_relevanssi_related_posts":"","_relevanssi_noindex_reason":"","footnotes":""},"categories":[],"tags":[],"class_list":["post-124","page","type-page","status-publish","hentry"],"acf":[],"yoast_head":"<!-- This site is optimized with the Yoast SEO plugin v27.4 - https:\/\/yoast.com\/product\/yoast-seo-wordpress\/ -->\n<title>Lightboard-asettelu v.1 - Tuberoom<\/title>\n<meta name=\"robots\" content=\"index, follow, max-snippet:-1, max-image-preview:large, max-video-preview:-1\" \/>\n<link rel=\"canonical\" href=\"https:\/\/help.jamk.fi\/tuberoom\/fi\/asetelmat\/lightboard-asettelu-v-1\/\" \/>\n<meta property=\"og:locale\" content=\"fi_FI\" \/>\n<meta property=\"og:type\" content=\"article\" \/>\n<meta property=\"og:title\" content=\"Lightboard-asettelu v.1 - Tuberoom\" \/>\n<meta property=\"og:description\" content=\"T\u00e4ss\u00e4 oletusasettelun mukaisessa asetelmassa esiintyj\u00e4 katsoo suoraan kameraan. Esikatselumonitori on lattialla heijastusten v\u00e4ltt\u00e4miseksi. Esiintyj\u00e4n katse saattaa suuntautua helposti alasp\u00e4in, joten esityst\u00e4 on syyt\u00e4 harjoitella ja pit\u00e4\u00e4 leuka ylh\u00e4\u00e4ll\u00e4. Esiintyj\u00e4 tarkistaa oman paikkansa videotallennuksessa esikatselumonitorista.\" \/>\n<meta property=\"og:url\" content=\"https:\/\/help.jamk.fi\/tuberoom\/fi\/asetelmat\/lightboard-asettelu-v-1\/\" \/>\n<meta property=\"og:site_name\" content=\"Tuberoom\" \/>\n<meta property=\"article:modified_time\" content=\"2023-11-20T11:20:40+00:00\" \/>\n<meta property=\"og:image\" content=\"https:\/\/help.jamk.fi\/tuberoom\/wp-content\/uploads\/sites\/66\/2023\/07\/tuberoomin_leiska_lightboard_1-1-967x1024.png\" \/>\n<meta name=\"twitter:card\" content=\"summary_large_image\" \/>\n<meta name=\"twitter:label1\" content=\"Arvioitu lukuaika\" \/>\n\t<meta name=\"twitter:data1\" content=\"1 minuutti\" \/>\n<script type=\"application\/ld+json\" class=\"yoast-schema-graph\">{\"@context\":\"https:\\\/\\\/schema.org\",\"@graph\":[{\"@type\":\"WebPage\",\"@id\":\"https:\\\/\\\/help.jamk.fi\\\/tuberoom\\\/fi\\\/asetelmat\\\/lightboard-asettelu-v-1\\\/\",\"url\":\"https:\\\/\\\/help.jamk.fi\\\/tuberoom\\\/fi\\\/asetelmat\\\/lightboard-asettelu-v-1\\\/\",\"name\":\"Lightboard-asettelu v.1 - Tuberoom\",\"isPartOf\":{\"@id\":\"https:\\\/\\\/help.jamk.fi\\\/tuberoom\\\/#website\"},\"primaryImageOfPage\":{\"@id\":\"https:\\\/\\\/help.jamk.fi\\\/tuberoom\\\/fi\\\/asetelmat\\\/lightboard-asettelu-v-1\\\/#primaryimage\"},\"image\":{\"@id\":\"https:\\\/\\\/help.jamk.fi\\\/tuberoom\\\/fi\\\/asetelmat\\\/lightboard-asettelu-v-1\\\/#primaryimage\"},\"thumbnailUrl\":\"https:\\\/\\\/help.jamk.fi\\\/tuberoom\\\/wp-content\\\/uploads\\\/sites\\\/66\\\/2023\\\/07\\\/tuberoomin_leiska_lightboard_1-1-967x1024.png\",\"datePublished\":\"2018-03-15T10:23:36+00:00\",\"dateModified\":\"2023-11-20T11:20:40+00:00\",\"breadcrumb\":{\"@id\":\"https:\\\/\\\/help.jamk.fi\\\/tuberoom\\\/fi\\\/asetelmat\\\/lightboard-asettelu-v-1\\\/#breadcrumb\"},\"inLanguage\":\"fi\",\"potentialAction\":[{\"@type\":\"ReadAction\",\"target\":[\"https:\\\/\\\/help.jamk.fi\\\/tuberoom\\\/fi\\\/asetelmat\\\/lightboard-asettelu-v-1\\\/\"]}]},{\"@type\":\"ImageObject\",\"inLanguage\":\"fi\",\"@id\":\"https:\\\/\\\/help.jamk.fi\\\/tuberoom\\\/fi\\\/asetelmat\\\/lightboard-asettelu-v-1\\\/#primaryimage\",\"url\":\"\",\"contentUrl\":\"\"},{\"@type\":\"BreadcrumbList\",\"@id\":\"https:\\\/\\\/help.jamk.fi\\\/tuberoom\\\/fi\\\/asetelmat\\\/lightboard-asettelu-v-1\\\/#breadcrumb\",\"itemListElement\":[{\"@type\":\"ListItem\",\"position\":1,\"name\":\"Etusivu\",\"item\":\"https:\\\/\\\/help.jamk.fi\\\/tuberoom\\\/fi\\\/\"},{\"@type\":\"ListItem\",\"position\":2,\"name\":\"Asetelmat\",\"item\":\"https:\\\/\\\/help.jamk.fi\\\/tuberoom\\\/fi\\\/asetelmat\\\/\"},{\"@type\":\"ListItem\",\"position\":3,\"name\":\"Lightboard-asettelu v.1\"}]},{\"@type\":\"WebSite\",\"@id\":\"https:\\\/\\\/help.jamk.fi\\\/tuberoom\\\/#website\",\"url\":\"https:\\\/\\\/help.jamk.fi\\\/tuberoom\\\/\",\"name\":\"Tuberoom\",\"description\":\"\",\"potentialAction\":[{\"@type\":\"SearchAction\",\"target\":{\"@type\":\"EntryPoint\",\"urlTemplate\":\"https:\\\/\\\/help.jamk.fi\\\/tuberoom\\\/?s={search_term_string}\"},\"query-input\":{\"@type\":\"PropertyValueSpecification\",\"valueRequired\":true,\"valueName\":\"search_term_string\"}}],\"inLanguage\":\"fi\"}]}<\/script>\n<!-- \/ Yoast SEO plugin. -->","yoast_head_json":{"title":"Lightboard-asettelu v.1 - Tuberoom","robots":{"index":"index","follow":"follow","max-snippet":"max-snippet:-1","max-image-preview":"max-image-preview:large","max-video-preview":"max-video-preview:-1"},"canonical":"https:\/\/help.jamk.fi\/tuberoom\/fi\/asetelmat\/lightboard-asettelu-v-1\/","og_locale":"fi_FI","og_type":"article","og_title":"Lightboard-asettelu v.1 - Tuberoom","og_description":"T\u00e4ss\u00e4 oletusasettelun mukaisessa asetelmassa esiintyj\u00e4 katsoo suoraan kameraan. Esikatselumonitori on lattialla heijastusten v\u00e4ltt\u00e4miseksi. Esiintyj\u00e4n katse saattaa suuntautua helposti alasp\u00e4in, joten esityst\u00e4 on syyt\u00e4 harjoitella ja pit\u00e4\u00e4 leuka ylh\u00e4\u00e4ll\u00e4. Esiintyj\u00e4 tarkistaa oman paikkansa videotallennuksessa esikatselumonitorista.","og_url":"https:\/\/help.jamk.fi\/tuberoom\/fi\/asetelmat\/lightboard-asettelu-v-1\/","og_site_name":"Tuberoom","article_modified_time":"2023-11-20T11:20:40+00:00","og_image":[{"url":"https:\/\/help.jamk.fi\/tuberoom\/wp-content\/uploads\/sites\/66\/2023\/07\/tuberoomin_leiska_lightboard_1-1-967x1024.png","type":"","width":"","height":""}],"twitter_card":"summary_large_image","twitter_misc":{"Arvioitu lukuaika":"1 minuutti"},"schema":{"@context":"https:\/\/schema.org","@graph":[{"@type":"WebPage","@id":"https:\/\/help.jamk.fi\/tuberoom\/fi\/asetelmat\/lightboard-asettelu-v-1\/","url":"https:\/\/help.jamk.fi\/tuberoom\/fi\/asetelmat\/lightboard-asettelu-v-1\/","name":"Lightboard-asettelu v.1 - Tuberoom","isPartOf":{"@id":"https:\/\/help.jamk.fi\/tuberoom\/#website"},"primaryImageOfPage":{"@id":"https:\/\/help.jamk.fi\/tuberoom\/fi\/asetelmat\/lightboard-asettelu-v-1\/#primaryimage"},"image":{"@id":"https:\/\/help.jamk.fi\/tuberoom\/fi\/asetelmat\/lightboard-asettelu-v-1\/#primaryimage"},"thumbnailUrl":"https:\/\/help.jamk.fi\/tuberoom\/wp-content\/uploads\/sites\/66\/2023\/07\/tuberoomin_leiska_lightboard_1-1-967x1024.png","datePublished":"2018-03-15T10:23:36+00:00","dateModified":"2023-11-20T11:20:40+00:00","breadcrumb":{"@id":"https:\/\/help.jamk.fi\/tuberoom\/fi\/asetelmat\/lightboard-asettelu-v-1\/#breadcrumb"},"inLanguage":"fi","potentialAction":[{"@type":"ReadAction","target":["https:\/\/help.jamk.fi\/tuberoom\/fi\/asetelmat\/lightboard-asettelu-v-1\/"]}]},{"@type":"ImageObject","inLanguage":"fi","@id":"https:\/\/help.jamk.fi\/tuberoom\/fi\/asetelmat\/lightboard-asettelu-v-1\/#primaryimage","url":"","contentUrl":""},{"@type":"BreadcrumbList","@id":"https:\/\/help.jamk.fi\/tuberoom\/fi\/asetelmat\/lightboard-asettelu-v-1\/#breadcrumb","itemListElement":[{"@type":"ListItem","position":1,"name":"Etusivu","item":"https:\/\/help.jamk.fi\/tuberoom\/fi\/"},{"@type":"ListItem","position":2,"name":"Asetelmat","item":"https:\/\/help.jamk.fi\/tuberoom\/fi\/asetelmat\/"},{"@type":"ListItem","position":3,"name":"Lightboard-asettelu v.1"}]},{"@type":"WebSite","@id":"https:\/\/help.jamk.fi\/tuberoom\/#website","url":"https:\/\/help.jamk.fi\/tuberoom\/","name":"Tuberoom","description":"","potentialAction":[{"@type":"SearchAction","target":{"@type":"EntryPoint","urlTemplate":"https:\/\/help.jamk.fi\/tuberoom\/?s={search_term_string}"},"query-input":{"@type":"PropertyValueSpecification","valueRequired":true,"valueName":"search_term_string"}}],"inLanguage":"fi"}]}},"_links":{"self":[{"href":"https:\/\/help.jamk.fi\/tuberoom\/wp-json\/wp\/v2\/pages\/124","targetHints":{"allow":["GET"]}}],"collection":[{"href":"https:\/\/help.jamk.fi\/tuberoom\/wp-json\/wp\/v2\/pages"}],"about":[{"href":"https:\/\/help.jamk.fi\/tuberoom\/wp-json\/wp\/v2\/types\/page"}],"author":[{"embeddable":true,"href":"https:\/\/help.jamk.fi\/tuberoom\/wp-json\/wp\/v2\/users\/74"}],"replies":[{"embeddable":true,"href":"https:\/\/help.jamk.fi\/tuberoom\/wp-json\/wp\/v2\/comments?post=124"}],"version-history":[{"count":2,"href":"https:\/\/help.jamk.fi\/tuberoom\/wp-json\/wp\/v2\/pages\/124\/revisions"}],"predecessor-version":[{"id":334,"href":"https:\/\/help.jamk.fi\/tuberoom\/wp-json\/wp\/v2\/pages\/124\/revisions\/334"}],"up":[{"embeddable":true,"href":"https:\/\/help.jamk.fi\/tuberoom\/wp-json\/wp\/v2\/pages\/108"}],"wp:attachment":[{"href":"https:\/\/help.jamk.fi\/tuberoom\/wp-json\/wp\/v2\/media?parent=124"}],"wp:term":[{"taxonomy":"category","embeddable":true,"href":"https:\/\/help.jamk.fi\/tuberoom\/wp-json\/wp\/v2\/categories?post=124"},{"taxonomy":"post_tag","embeddable":true,"href":"https:\/\/help.jamk.fi\/tuberoom\/wp-json\/wp\/v2\/tags?post=124"}],"curies":[{"name":"wp","href":"https:\/\/api.w.org\/{rel}","templated":true}]}}