{"id":145,"date":"2018-03-15T13:20:44","date_gmt":"2018-03-15T11:20:44","guid":{"rendered":"https:\/\/help.jamk.fi\/tuberoom\/asetelmat\/kangaskehikko-ja-greenscreen\/"},"modified":"2023-11-03T16:51:37","modified_gmt":"2023-11-03T14:51:37","slug":"kangaskehikko-ja-greenscreen","status":"publish","type":"page","link":"https:\/\/help.jamk.fi\/tuberoom\/fi\/asetelmat\/kangaskehikko-ja-greenscreen\/","title":{"rendered":"Kangaskehikko ja Greenscreen"},"content":{"rendered":"\n<p>Kuvassa n\u00e4kyy kangaskehikon sijoittelu huoneen per\u00e4lle. Esimerkiss\u00e4 kehikkoon on ripustettu vihre\u00e4 kangas kehikkoon ja levitetty kangasta my\u00f6s jalkojen alle. Valojen paikkoja on sommittelu uudelleen ja pystymalliset stripeledit on suunnattu viistosti kohden kangasta. V\u00e4rih\u00e4iveen hienos\u00e4\u00e4t\u00f6 on syyt\u00e4 tehd\u00e4 esikatselun avulla VMix ohjelmiston kuval\u00e4hteen Color Key -asetuksista.<\/p>\n\n\n\n<figure class=\"wp-block-image\"><img decoding=\"async\" src=\"https:\/\/help.jamk.fi\/tuberoom\/wp-content\/uploads\/sites\/66\/2023\/07\/tuberoomin_leiska_greenscreen-967x1024.png\" alt=\"\" class=\"wp-image-318\"\/><\/figure>\n","protected":false},"excerpt":{"rendered":"<p>Kuvassa n\u00e4kyy kangaskehikon sijoittelu huoneen per\u00e4lle. Esimerkiss\u00e4 kehikkoon on ripustettu vihre\u00e4 kangas kehikkoon ja levitetty kangasta my\u00f6s jalkojen alle. Valojen paikkoja on sommittelu uudelleen ja pystymalliset stripeledit on suunnattu viistosti kohden kangasta. V\u00e4rih\u00e4iveen hienos\u00e4\u00e4t\u00f6 on syyt\u00e4 tehd\u00e4 esikatselun avulla VMix ohjelmiston kuval\u00e4hteen Color Key -asetuksista.<\/p>\n","protected":false},"author":74,"featured_media":0,"parent":108,"menu_order":3,"comment_status":"closed","ping_status":"closed","template":"","meta":{"_acf_changed":false,"_relevanssi_hide_post":"","_relevanssi_hide_content":"","_relevanssi_pin_for_all":"","_relevanssi_pin_keywords":"","_relevanssi_unpin_keywords":"","_relevanssi_related_keywords":"","_relevanssi_related_include_ids":"","_relevanssi_related_exclude_ids":"","_relevanssi_related_no_append":"","_relevanssi_related_not_related":"","_relevanssi_related_posts":"","_relevanssi_noindex_reason":"","footnotes":""},"categories":[],"tags":[],"class_list":["post-145","page","type-page","status-publish","hentry"],"acf":[],"yoast_head":"<!-- This site is optimized with the Yoast SEO plugin v27.4 - https:\/\/yoast.com\/product\/yoast-seo-wordpress\/ -->\n<title>Kangaskehikko ja Greenscreen - Tuberoom<\/title>\n<meta name=\"robots\" content=\"index, follow, max-snippet:-1, max-image-preview:large, max-video-preview:-1\" \/>\n<link rel=\"canonical\" href=\"https:\/\/help.jamk.fi\/tuberoom\/fi\/asetelmat\/kangaskehikko-ja-greenscreen\/\" \/>\n<meta property=\"og:locale\" content=\"fi_FI\" \/>\n<meta property=\"og:type\" content=\"article\" \/>\n<meta property=\"og:title\" content=\"Kangaskehikko ja Greenscreen - Tuberoom\" \/>\n<meta property=\"og:description\" content=\"Kuvassa n\u00e4kyy kangaskehikon sijoittelu huoneen per\u00e4lle. Esimerkiss\u00e4 kehikkoon on ripustettu vihre\u00e4 kangas kehikkoon ja levitetty kangasta my\u00f6s jalkojen alle. Valojen paikkoja on sommittelu uudelleen ja pystymalliset stripeledit on suunnattu viistosti kohden kangasta. V\u00e4rih\u00e4iveen hienos\u00e4\u00e4t\u00f6 on syyt\u00e4 tehd\u00e4 esikatselun avulla VMix ohjelmiston kuval\u00e4hteen Color Key -asetuksista.\" \/>\n<meta property=\"og:url\" content=\"https:\/\/help.jamk.fi\/tuberoom\/fi\/asetelmat\/kangaskehikko-ja-greenscreen\/\" \/>\n<meta property=\"og:site_name\" content=\"Tuberoom\" \/>\n<meta property=\"article:modified_time\" content=\"2023-11-03T14:51:37+00:00\" \/>\n<meta property=\"og:image\" content=\"https:\/\/help.jamk.fi\/tuberoom\/wp-content\/uploads\/sites\/66\/2023\/07\/tuberoomin_leiska_greenscreen-967x1024.png\" \/>\n<meta name=\"twitter:card\" content=\"summary_large_image\" \/>\n<meta name=\"twitter:label1\" content=\"Arvioitu lukuaika\" \/>\n\t<meta name=\"twitter:data1\" content=\"1 minuutti\" \/>\n<script type=\"application\/ld+json\" class=\"yoast-schema-graph\">{\"@context\":\"https:\\\/\\\/schema.org\",\"@graph\":[{\"@type\":\"WebPage\",\"@id\":\"https:\\\/\\\/help.jamk.fi\\\/tuberoom\\\/fi\\\/asetelmat\\\/kangaskehikko-ja-greenscreen\\\/\",\"url\":\"https:\\\/\\\/help.jamk.fi\\\/tuberoom\\\/fi\\\/asetelmat\\\/kangaskehikko-ja-greenscreen\\\/\",\"name\":\"Kangaskehikko ja Greenscreen - Tuberoom\",\"isPartOf\":{\"@id\":\"https:\\\/\\\/help.jamk.fi\\\/tuberoom\\\/#website\"},\"primaryImageOfPage\":{\"@id\":\"https:\\\/\\\/help.jamk.fi\\\/tuberoom\\\/fi\\\/asetelmat\\\/kangaskehikko-ja-greenscreen\\\/#primaryimage\"},\"image\":{\"@id\":\"https:\\\/\\\/help.jamk.fi\\\/tuberoom\\\/fi\\\/asetelmat\\\/kangaskehikko-ja-greenscreen\\\/#primaryimage\"},\"thumbnailUrl\":\"https:\\\/\\\/help.jamk.fi\\\/tuberoom\\\/wp-content\\\/uploads\\\/sites\\\/66\\\/2023\\\/07\\\/tuberoomin_leiska_greenscreen-967x1024.png\",\"datePublished\":\"2018-03-15T11:20:44+00:00\",\"dateModified\":\"2023-11-03T14:51:37+00:00\",\"breadcrumb\":{\"@id\":\"https:\\\/\\\/help.jamk.fi\\\/tuberoom\\\/fi\\\/asetelmat\\\/kangaskehikko-ja-greenscreen\\\/#breadcrumb\"},\"inLanguage\":\"fi\",\"potentialAction\":[{\"@type\":\"ReadAction\",\"target\":[\"https:\\\/\\\/help.jamk.fi\\\/tuberoom\\\/fi\\\/asetelmat\\\/kangaskehikko-ja-greenscreen\\\/\"]}]},{\"@type\":\"ImageObject\",\"inLanguage\":\"fi\",\"@id\":\"https:\\\/\\\/help.jamk.fi\\\/tuberoom\\\/fi\\\/asetelmat\\\/kangaskehikko-ja-greenscreen\\\/#primaryimage\",\"url\":\"\",\"contentUrl\":\"\"},{\"@type\":\"BreadcrumbList\",\"@id\":\"https:\\\/\\\/help.jamk.fi\\\/tuberoom\\\/fi\\\/asetelmat\\\/kangaskehikko-ja-greenscreen\\\/#breadcrumb\",\"itemListElement\":[{\"@type\":\"ListItem\",\"position\":1,\"name\":\"Etusivu\",\"item\":\"https:\\\/\\\/help.jamk.fi\\\/tuberoom\\\/fi\\\/\"},{\"@type\":\"ListItem\",\"position\":2,\"name\":\"Asetelmat\",\"item\":\"https:\\\/\\\/help.jamk.fi\\\/tuberoom\\\/fi\\\/asetelmat\\\/\"},{\"@type\":\"ListItem\",\"position\":3,\"name\":\"Kangaskehikko ja Greenscreen\"}]},{\"@type\":\"WebSite\",\"@id\":\"https:\\\/\\\/help.jamk.fi\\\/tuberoom\\\/#website\",\"url\":\"https:\\\/\\\/help.jamk.fi\\\/tuberoom\\\/\",\"name\":\"Tuberoom\",\"description\":\"\",\"potentialAction\":[{\"@type\":\"SearchAction\",\"target\":{\"@type\":\"EntryPoint\",\"urlTemplate\":\"https:\\\/\\\/help.jamk.fi\\\/tuberoom\\\/?s={search_term_string}\"},\"query-input\":{\"@type\":\"PropertyValueSpecification\",\"valueRequired\":true,\"valueName\":\"search_term_string\"}}],\"inLanguage\":\"fi\"}]}<\/script>\n<!-- \/ Yoast SEO plugin. -->","yoast_head_json":{"title":"Kangaskehikko ja Greenscreen - Tuberoom","robots":{"index":"index","follow":"follow","max-snippet":"max-snippet:-1","max-image-preview":"max-image-preview:large","max-video-preview":"max-video-preview:-1"},"canonical":"https:\/\/help.jamk.fi\/tuberoom\/fi\/asetelmat\/kangaskehikko-ja-greenscreen\/","og_locale":"fi_FI","og_type":"article","og_title":"Kangaskehikko ja Greenscreen - Tuberoom","og_description":"Kuvassa n\u00e4kyy kangaskehikon sijoittelu huoneen per\u00e4lle. Esimerkiss\u00e4 kehikkoon on ripustettu vihre\u00e4 kangas kehikkoon ja levitetty kangasta my\u00f6s jalkojen alle. Valojen paikkoja on sommittelu uudelleen ja pystymalliset stripeledit on suunnattu viistosti kohden kangasta. V\u00e4rih\u00e4iveen hienos\u00e4\u00e4t\u00f6 on syyt\u00e4 tehd\u00e4 esikatselun avulla VMix ohjelmiston kuval\u00e4hteen Color Key -asetuksista.","og_url":"https:\/\/help.jamk.fi\/tuberoom\/fi\/asetelmat\/kangaskehikko-ja-greenscreen\/","og_site_name":"Tuberoom","article_modified_time":"2023-11-03T14:51:37+00:00","og_image":[{"url":"https:\/\/help.jamk.fi\/tuberoom\/wp-content\/uploads\/sites\/66\/2023\/07\/tuberoomin_leiska_greenscreen-967x1024.png","type":"","width":"","height":""}],"twitter_card":"summary_large_image","twitter_misc":{"Arvioitu lukuaika":"1 minuutti"},"schema":{"@context":"https:\/\/schema.org","@graph":[{"@type":"WebPage","@id":"https:\/\/help.jamk.fi\/tuberoom\/fi\/asetelmat\/kangaskehikko-ja-greenscreen\/","url":"https:\/\/help.jamk.fi\/tuberoom\/fi\/asetelmat\/kangaskehikko-ja-greenscreen\/","name":"Kangaskehikko ja Greenscreen - Tuberoom","isPartOf":{"@id":"https:\/\/help.jamk.fi\/tuberoom\/#website"},"primaryImageOfPage":{"@id":"https:\/\/help.jamk.fi\/tuberoom\/fi\/asetelmat\/kangaskehikko-ja-greenscreen\/#primaryimage"},"image":{"@id":"https:\/\/help.jamk.fi\/tuberoom\/fi\/asetelmat\/kangaskehikko-ja-greenscreen\/#primaryimage"},"thumbnailUrl":"https:\/\/help.jamk.fi\/tuberoom\/wp-content\/uploads\/sites\/66\/2023\/07\/tuberoomin_leiska_greenscreen-967x1024.png","datePublished":"2018-03-15T11:20:44+00:00","dateModified":"2023-11-03T14:51:37+00:00","breadcrumb":{"@id":"https:\/\/help.jamk.fi\/tuberoom\/fi\/asetelmat\/kangaskehikko-ja-greenscreen\/#breadcrumb"},"inLanguage":"fi","potentialAction":[{"@type":"ReadAction","target":["https:\/\/help.jamk.fi\/tuberoom\/fi\/asetelmat\/kangaskehikko-ja-greenscreen\/"]}]},{"@type":"ImageObject","inLanguage":"fi","@id":"https:\/\/help.jamk.fi\/tuberoom\/fi\/asetelmat\/kangaskehikko-ja-greenscreen\/#primaryimage","url":"","contentUrl":""},{"@type":"BreadcrumbList","@id":"https:\/\/help.jamk.fi\/tuberoom\/fi\/asetelmat\/kangaskehikko-ja-greenscreen\/#breadcrumb","itemListElement":[{"@type":"ListItem","position":1,"name":"Etusivu","item":"https:\/\/help.jamk.fi\/tuberoom\/fi\/"},{"@type":"ListItem","position":2,"name":"Asetelmat","item":"https:\/\/help.jamk.fi\/tuberoom\/fi\/asetelmat\/"},{"@type":"ListItem","position":3,"name":"Kangaskehikko ja Greenscreen"}]},{"@type":"WebSite","@id":"https:\/\/help.jamk.fi\/tuberoom\/#website","url":"https:\/\/help.jamk.fi\/tuberoom\/","name":"Tuberoom","description":"","potentialAction":[{"@type":"SearchAction","target":{"@type":"EntryPoint","urlTemplate":"https:\/\/help.jamk.fi\/tuberoom\/?s={search_term_string}"},"query-input":{"@type":"PropertyValueSpecification","valueRequired":true,"valueName":"search_term_string"}}],"inLanguage":"fi"}]}},"_links":{"self":[{"href":"https:\/\/help.jamk.fi\/tuberoom\/wp-json\/wp\/v2\/pages\/145","targetHints":{"allow":["GET"]}}],"collection":[{"href":"https:\/\/help.jamk.fi\/tuberoom\/wp-json\/wp\/v2\/pages"}],"about":[{"href":"https:\/\/help.jamk.fi\/tuberoom\/wp-json\/wp\/v2\/types\/page"}],"author":[{"embeddable":true,"href":"https:\/\/help.jamk.fi\/tuberoom\/wp-json\/wp\/v2\/users\/74"}],"replies":[{"embeddable":true,"href":"https:\/\/help.jamk.fi\/tuberoom\/wp-json\/wp\/v2\/comments?post=145"}],"version-history":[{"count":2,"href":"https:\/\/help.jamk.fi\/tuberoom\/wp-json\/wp\/v2\/pages\/145\/revisions"}],"predecessor-version":[{"id":306,"href":"https:\/\/help.jamk.fi\/tuberoom\/wp-json\/wp\/v2\/pages\/145\/revisions\/306"}],"up":[{"embeddable":true,"href":"https:\/\/help.jamk.fi\/tuberoom\/wp-json\/wp\/v2\/pages\/108"}],"wp:attachment":[{"href":"https:\/\/help.jamk.fi\/tuberoom\/wp-json\/wp\/v2\/media?parent=145"}],"wp:term":[{"taxonomy":"category","embeddable":true,"href":"https:\/\/help.jamk.fi\/tuberoom\/wp-json\/wp\/v2\/categories?post=145"},{"taxonomy":"post_tag","embeddable":true,"href":"https:\/\/help.jamk.fi\/tuberoom\/wp-json\/wp\/v2\/tags?post=145"}],"curies":[{"name":"wp","href":"https:\/\/api.w.org\/{rel}","templated":true}]}}