{"id":154,"date":"2018-03-23T11:43:03","date_gmt":"2018-03-23T09:43:03","guid":{"rendered":"https:\/\/help.jamk.fi\/tuberoom\/missa\/"},"modified":"2023-11-03T16:50:51","modified_gmt":"2023-11-03T14:50:51","slug":"missa","status":"publish","type":"page","link":"https:\/\/help.jamk.fi\/tuberoom\/fi\/missa\/","title":{"rendered":"Miss\u00e4?"},"content":{"rendered":"\n<p>Tuberoomin l\u00f6yd\u00e4t Jamkin p\u00e4\u00e4kampukselta, osoite on Rajakatu 35. Huone sijaitsee kirjaston alapuolella olevalla k\u00e4yt\u00e4v\u00e4ll\u00e4, tila FK28. Parhaiten p\u00e4\u00e4set sis\u00e4\u00e4n F-siiven ovesta ja portaat alas, k\u00e4\u00e4nny sitten oikealle k\u00e4yt\u00e4v\u00e4\u00e4 pitkin, lasiovien j\u00e4lkeen kolmas ovi oikealla. Ovesta p\u00e4\u00e4see sis\u00e4\u00e4n henkil\u00f6kunnan s\u00e4hk\u00f6avaimella. Kulkuoikeuksia voi tiedustella vahtimestareilta.<\/p>\n\n\n\n<figure class=\"wp-block-image\"><img decoding=\"async\" src=\"https:\/\/help.jamk.fi\/tuberoom\/wp-content\/uploads\/sites\/66\/2023\/07\/tuberoom_kartta.png\" alt=\"\" class=\"wp-image-164\"\/><\/figure>\n","protected":false},"excerpt":{"rendered":"<p>Tuberoomin l\u00f6yd\u00e4t Jamkin p\u00e4\u00e4kampukselta, osoite on Rajakatu 35. Huone sijaitsee kirjaston alapuolella olevalla k\u00e4yt\u00e4v\u00e4ll\u00e4, tila FK28. Parhaiten p\u00e4\u00e4set sis\u00e4\u00e4n F-siiven ovesta ja portaat alas, k\u00e4\u00e4nny sitten oikealle k\u00e4yt\u00e4v\u00e4\u00e4 pitkin, lasiovien j\u00e4lkeen kolmas ovi oikealla. Ovesta p\u00e4\u00e4see sis\u00e4\u00e4n henkil\u00f6kunnan s\u00e4hk\u00f6avaimella. Kulkuoikeuksia voi tiedustella vahtimestareilta.<\/p>\n","protected":false},"author":74,"featured_media":0,"parent":0,"menu_order":2,"comment_status":"closed","ping_status":"closed","template":"","meta":{"_acf_changed":false,"_relevanssi_hide_post":"","_relevanssi_hide_content":"","_relevanssi_pin_for_all":"","_relevanssi_pin_keywords":"","_relevanssi_unpin_keywords":"","_relevanssi_related_keywords":"","_relevanssi_related_include_ids":"","_relevanssi_related_exclude_ids":"","_relevanssi_related_no_append":"","_relevanssi_related_not_related":"","_relevanssi_related_posts":"","_relevanssi_noindex_reason":"","footnotes":""},"categories":[],"tags":[],"class_list":["post-154","page","type-page","status-publish","hentry"],"acf":[],"yoast_head":"<!-- This site is optimized with the Yoast SEO plugin v27.4 - https:\/\/yoast.com\/product\/yoast-seo-wordpress\/ -->\n<title>Miss\u00e4? - Tuberoom<\/title>\n<meta name=\"robots\" content=\"index, follow, max-snippet:-1, max-image-preview:large, max-video-preview:-1\" \/>\n<link rel=\"canonical\" href=\"https:\/\/help.jamk.fi\/tuberoom\/fi\/missa\/\" \/>\n<meta property=\"og:locale\" content=\"fi_FI\" \/>\n<meta property=\"og:type\" content=\"article\" \/>\n<meta property=\"og:title\" content=\"Miss\u00e4? - Tuberoom\" \/>\n<meta property=\"og:description\" content=\"Tuberoomin l\u00f6yd\u00e4t Jamkin p\u00e4\u00e4kampukselta, osoite on Rajakatu 35. Huone sijaitsee kirjaston alapuolella olevalla k\u00e4yt\u00e4v\u00e4ll\u00e4, tila FK28. Parhaiten p\u00e4\u00e4set sis\u00e4\u00e4n F-siiven ovesta ja portaat alas, k\u00e4\u00e4nny sitten oikealle k\u00e4yt\u00e4v\u00e4\u00e4 pitkin, lasiovien j\u00e4lkeen kolmas ovi oikealla. Ovesta p\u00e4\u00e4see sis\u00e4\u00e4n henkil\u00f6kunnan s\u00e4hk\u00f6avaimella. Kulkuoikeuksia voi tiedustella vahtimestareilta.\" \/>\n<meta property=\"og:url\" content=\"https:\/\/help.jamk.fi\/tuberoom\/fi\/missa\/\" \/>\n<meta property=\"og:site_name\" content=\"Tuberoom\" \/>\n<meta property=\"article:modified_time\" content=\"2023-11-03T14:50:51+00:00\" \/>\n<meta property=\"og:image\" content=\"https:\/\/help.jamk.fi\/tuberoom\/wp-content\/uploads\/sites\/66\/2023\/07\/tuberoom_kartta.png\" \/>\n<meta name=\"twitter:card\" content=\"summary_large_image\" \/>\n<meta name=\"twitter:label1\" content=\"Arvioitu lukuaika\" \/>\n\t<meta name=\"twitter:data1\" content=\"1 minuutti\" \/>\n<script type=\"application\/ld+json\" class=\"yoast-schema-graph\">{\"@context\":\"https:\\\/\\\/schema.org\",\"@graph\":[{\"@type\":\"WebPage\",\"@id\":\"https:\\\/\\\/help.jamk.fi\\\/tuberoom\\\/fi\\\/missa\\\/\",\"url\":\"https:\\\/\\\/help.jamk.fi\\\/tuberoom\\\/fi\\\/missa\\\/\",\"name\":\"Miss\u00e4? - Tuberoom\",\"isPartOf\":{\"@id\":\"https:\\\/\\\/help.jamk.fi\\\/tuberoom\\\/#website\"},\"primaryImageOfPage\":{\"@id\":\"https:\\\/\\\/help.jamk.fi\\\/tuberoom\\\/fi\\\/missa\\\/#primaryimage\"},\"image\":{\"@id\":\"https:\\\/\\\/help.jamk.fi\\\/tuberoom\\\/fi\\\/missa\\\/#primaryimage\"},\"thumbnailUrl\":\"https:\\\/\\\/help.jamk.fi\\\/tuberoom\\\/wp-content\\\/uploads\\\/sites\\\/66\\\/2023\\\/07\\\/tuberoom_kartta.png\",\"datePublished\":\"2018-03-23T09:43:03+00:00\",\"dateModified\":\"2023-11-03T14:50:51+00:00\",\"breadcrumb\":{\"@id\":\"https:\\\/\\\/help.jamk.fi\\\/tuberoom\\\/fi\\\/missa\\\/#breadcrumb\"},\"inLanguage\":\"fi\",\"potentialAction\":[{\"@type\":\"ReadAction\",\"target\":[\"https:\\\/\\\/help.jamk.fi\\\/tuberoom\\\/fi\\\/missa\\\/\"]}]},{\"@type\":\"ImageObject\",\"inLanguage\":\"fi\",\"@id\":\"https:\\\/\\\/help.jamk.fi\\\/tuberoom\\\/fi\\\/missa\\\/#primaryimage\",\"url\":\"\",\"contentUrl\":\"\"},{\"@type\":\"BreadcrumbList\",\"@id\":\"https:\\\/\\\/help.jamk.fi\\\/tuberoom\\\/fi\\\/missa\\\/#breadcrumb\",\"itemListElement\":[{\"@type\":\"ListItem\",\"position\":1,\"name\":\"Etusivu\",\"item\":\"https:\\\/\\\/help.jamk.fi\\\/tuberoom\\\/fi\\\/\"},{\"@type\":\"ListItem\",\"position\":2,\"name\":\"Miss\u00e4?\"}]},{\"@type\":\"WebSite\",\"@id\":\"https:\\\/\\\/help.jamk.fi\\\/tuberoom\\\/#website\",\"url\":\"https:\\\/\\\/help.jamk.fi\\\/tuberoom\\\/\",\"name\":\"Tuberoom\",\"description\":\"\",\"potentialAction\":[{\"@type\":\"SearchAction\",\"target\":{\"@type\":\"EntryPoint\",\"urlTemplate\":\"https:\\\/\\\/help.jamk.fi\\\/tuberoom\\\/?s={search_term_string}\"},\"query-input\":{\"@type\":\"PropertyValueSpecification\",\"valueRequired\":true,\"valueName\":\"search_term_string\"}}],\"inLanguage\":\"fi\"}]}<\/script>\n<!-- \/ Yoast SEO plugin. -->","yoast_head_json":{"title":"Miss\u00e4? - Tuberoom","robots":{"index":"index","follow":"follow","max-snippet":"max-snippet:-1","max-image-preview":"max-image-preview:large","max-video-preview":"max-video-preview:-1"},"canonical":"https:\/\/help.jamk.fi\/tuberoom\/fi\/missa\/","og_locale":"fi_FI","og_type":"article","og_title":"Miss\u00e4? - Tuberoom","og_description":"Tuberoomin l\u00f6yd\u00e4t Jamkin p\u00e4\u00e4kampukselta, osoite on Rajakatu 35. Huone sijaitsee kirjaston alapuolella olevalla k\u00e4yt\u00e4v\u00e4ll\u00e4, tila FK28. Parhaiten p\u00e4\u00e4set sis\u00e4\u00e4n F-siiven ovesta ja portaat alas, k\u00e4\u00e4nny sitten oikealle k\u00e4yt\u00e4v\u00e4\u00e4 pitkin, lasiovien j\u00e4lkeen kolmas ovi oikealla. Ovesta p\u00e4\u00e4see sis\u00e4\u00e4n henkil\u00f6kunnan s\u00e4hk\u00f6avaimella. Kulkuoikeuksia voi tiedustella vahtimestareilta.","og_url":"https:\/\/help.jamk.fi\/tuberoom\/fi\/missa\/","og_site_name":"Tuberoom","article_modified_time":"2023-11-03T14:50:51+00:00","og_image":[{"url":"https:\/\/help.jamk.fi\/tuberoom\/wp-content\/uploads\/sites\/66\/2023\/07\/tuberoom_kartta.png","type":"","width":"","height":""}],"twitter_card":"summary_large_image","twitter_misc":{"Arvioitu lukuaika":"1 minuutti"},"schema":{"@context":"https:\/\/schema.org","@graph":[{"@type":"WebPage","@id":"https:\/\/help.jamk.fi\/tuberoom\/fi\/missa\/","url":"https:\/\/help.jamk.fi\/tuberoom\/fi\/missa\/","name":"Miss\u00e4? - Tuberoom","isPartOf":{"@id":"https:\/\/help.jamk.fi\/tuberoom\/#website"},"primaryImageOfPage":{"@id":"https:\/\/help.jamk.fi\/tuberoom\/fi\/missa\/#primaryimage"},"image":{"@id":"https:\/\/help.jamk.fi\/tuberoom\/fi\/missa\/#primaryimage"},"thumbnailUrl":"https:\/\/help.jamk.fi\/tuberoom\/wp-content\/uploads\/sites\/66\/2023\/07\/tuberoom_kartta.png","datePublished":"2018-03-23T09:43:03+00:00","dateModified":"2023-11-03T14:50:51+00:00","breadcrumb":{"@id":"https:\/\/help.jamk.fi\/tuberoom\/fi\/missa\/#breadcrumb"},"inLanguage":"fi","potentialAction":[{"@type":"ReadAction","target":["https:\/\/help.jamk.fi\/tuberoom\/fi\/missa\/"]}]},{"@type":"ImageObject","inLanguage":"fi","@id":"https:\/\/help.jamk.fi\/tuberoom\/fi\/missa\/#primaryimage","url":"","contentUrl":""},{"@type":"BreadcrumbList","@id":"https:\/\/help.jamk.fi\/tuberoom\/fi\/missa\/#breadcrumb","itemListElement":[{"@type":"ListItem","position":1,"name":"Etusivu","item":"https:\/\/help.jamk.fi\/tuberoom\/fi\/"},{"@type":"ListItem","position":2,"name":"Miss\u00e4?"}]},{"@type":"WebSite","@id":"https:\/\/help.jamk.fi\/tuberoom\/#website","url":"https:\/\/help.jamk.fi\/tuberoom\/","name":"Tuberoom","description":"","potentialAction":[{"@type":"SearchAction","target":{"@type":"EntryPoint","urlTemplate":"https:\/\/help.jamk.fi\/tuberoom\/?s={search_term_string}"},"query-input":{"@type":"PropertyValueSpecification","valueRequired":true,"valueName":"search_term_string"}}],"inLanguage":"fi"}]}},"_links":{"self":[{"href":"https:\/\/help.jamk.fi\/tuberoom\/wp-json\/wp\/v2\/pages\/154","targetHints":{"allow":["GET"]}}],"collection":[{"href":"https:\/\/help.jamk.fi\/tuberoom\/wp-json\/wp\/v2\/pages"}],"about":[{"href":"https:\/\/help.jamk.fi\/tuberoom\/wp-json\/wp\/v2\/types\/page"}],"author":[{"embeddable":true,"href":"https:\/\/help.jamk.fi\/tuberoom\/wp-json\/wp\/v2\/users\/74"}],"replies":[{"embeddable":true,"href":"https:\/\/help.jamk.fi\/tuberoom\/wp-json\/wp\/v2\/comments?post=154"}],"version-history":[{"count":2,"href":"https:\/\/help.jamk.fi\/tuberoom\/wp-json\/wp\/v2\/pages\/154\/revisions"}],"predecessor-version":[{"id":293,"href":"https:\/\/help.jamk.fi\/tuberoom\/wp-json\/wp\/v2\/pages\/154\/revisions\/293"}],"wp:attachment":[{"href":"https:\/\/help.jamk.fi\/tuberoom\/wp-json\/wp\/v2\/media?parent=154"}],"wp:term":[{"taxonomy":"category","embeddable":true,"href":"https:\/\/help.jamk.fi\/tuberoom\/wp-json\/wp\/v2\/categories?post=154"},{"taxonomy":"post_tag","embeddable":true,"href":"https:\/\/help.jamk.fi\/tuberoom\/wp-json\/wp\/v2\/tags?post=154"}],"curies":[{"name":"wp","href":"https:\/\/api.w.org\/{rel}","templated":true}]}}