{"id":175,"date":"2018-04-27T06:43:06","date_gmt":"2018-04-27T03:43:06","guid":{"rendered":"https:\/\/help.jamk.fi\/tuberoom\/kayttoohjeet\/mikrofonit\/"},"modified":"2024-01-11T15:48:17","modified_gmt":"2024-01-11T13:48:17","slug":"mikrofonit","status":"publish","type":"page","link":"https:\/\/help.jamk.fi\/tuberoom\/fi\/kayttoohjeet\/mikrofonit\/","title":{"rendered":"Mikrofonit"},"content":{"rendered":"<div class=\"wp-block-image\">\n<figure class=\"alignright is-resized\"><img decoding=\"async\" src=\"https:\/\/help.jamk.fi\/tuberoom\/wp-content\/uploads\/sites\/66\/2023\/07\/IMG_0092-e1524813330223-scaled.jpg\" alt=\"\" class=\"wp-image-226\" style=\"width:200px\"\/><\/figure>\n<\/div>\n\n\n<p> Tuberoomissa on vakiona kaksi mikrofonia. Ensisijaisesti kannattaa k\u00e4ytt\u00e4\u00e4 Shuren (KSM44A) langallista kondensaattorimikrofonia. Se on liitetty usb-\u00e4\u00e4nilaitteen vasempaan eli 1-inputtiin. Sill\u00e4 on helppo nauhoittaa useamman henkil\u00f6n esityksi\u00e4 ja haastatteluita. T\u00e4ss\u00e4 <a href=\"https:\/\/pubs.shure.com\/guide\/KSM44A\/en-US?_ga=2.27518133.882544263.1524811081-872354255.1524811081\" target=\"_blank\" rel=\"noopener\">linkki<\/a> mikrofonin ohjeisiin (Tuberoom-k\u00e4yt\u00f6ss\u00e4 oletus valinnat ovat: 0 db, Omnidirectional, Low frequence cutoff). Mikrofonin tasot on asetettu keskim\u00e4\u00e4rin kohdilleen, mutta jos niit\u00e4 syyst\u00e4 tai toisesta tarvitsee s\u00e4\u00e4t\u00e4\u00e4, niin se on mahdollista DBX-prosessorin main volume s\u00e4\u00e4timest\u00e4, USB-\u00e4\u00e4nilaitteen mikrofoni tulon 1 s\u00e4\u00e4timest\u00e4, tai VMixin audio-s\u00e4\u00e4timist\u00e4.<\/p>\n\n\n\n<p>Langaton mikrofoni on liitetty inputtiin 2, ja sen tasoa voit s\u00e4\u00e4t\u00e4\u00e4 l\u00e4hinn\u00e4 USB-\u00e4\u00e4nilaitteen mikrofoni tulon 2 s\u00e4\u00e4timest\u00e4 tai VMixin audio-s\u00e4\u00e4timist\u00e4. Langaton mikrofoni sopii sellaiselle esiintyj\u00e4lle joka liikkuu tilassa paljon. Sit\u00e4 voi k\u00e4ytt\u00e4\u00e4 my\u00f6s esim. videokuvan ulkopuolella oleva haastattelija tai kommentaattori. Langaton mikrofoni on latausyksik\u00f6ss\u00e4, ja se l\u00e4htee p\u00e4\u00e4lle kun painaa p\u00e4\u00e4ll\u00e4 olevaa virtakytkint\u00e4. Siin\u00e4 on my\u00f6s mykistyskytkin virtakytkimen vieress\u00e4. Silloin kun mikrofonissa palaa punainen valo, se on mykistetty, ja kun vihre\u00e4 valo, se on p\u00e4\u00e4ll\u00e4.<\/p>\n","protected":false},"excerpt":{"rendered":"<p>Tuberoomissa on vakiona kaksi mikrofonia. Ensisijaisesti kannattaa k\u00e4ytt\u00e4\u00e4 Shuren (KSM44A) langallista kondensaattorimikrofonia. Se on liitetty usb-\u00e4\u00e4nilaitteen vasempaan eli 1-inputtiin. Sill\u00e4 on helppo nauhoittaa useamman henkil\u00f6n esityksi\u00e4 ja haastatteluita. T\u00e4ss\u00e4 linkki mikrofonin ohjeisiin (Tuberoom-k\u00e4yt\u00f6ss\u00e4 oletus valinnat ovat: 0 db, Omnidirectional, Low frequence cutoff). Mikrofonin tasot on asetettu keskim\u00e4\u00e4rin kohdilleen, mutta jos niit\u00e4 syyst\u00e4 tai toisesta tarvitsee [&hellip;]<\/p>\n","protected":false},"author":74,"featured_media":0,"parent":6,"menu_order":5,"comment_status":"closed","ping_status":"closed","template":"","meta":{"_acf_changed":false,"_relevanssi_hide_post":"","_relevanssi_hide_content":"","_relevanssi_pin_for_all":"","_relevanssi_pin_keywords":"","_relevanssi_unpin_keywords":"","_relevanssi_related_keywords":"","_relevanssi_related_include_ids":"","_relevanssi_related_exclude_ids":"","_relevanssi_related_no_append":"","_relevanssi_related_not_related":"","_relevanssi_related_posts":"","_relevanssi_noindex_reason":"","footnotes":""},"categories":[],"tags":[],"class_list":["post-175","page","type-page","status-publish","hentry"],"acf":[],"yoast_head":"<!-- This site is optimized with the Yoast SEO plugin v27.3 - https:\/\/yoast.com\/product\/yoast-seo-wordpress\/ -->\n<title>Mikrofonit - Tuberoom<\/title>\n<meta name=\"robots\" content=\"index, follow, max-snippet:-1, max-image-preview:large, max-video-preview:-1\" \/>\n<link rel=\"canonical\" href=\"https:\/\/help.jamk.fi\/tuberoom\/fi\/kayttoohjeet\/mikrofonit\/\" \/>\n<meta property=\"og:locale\" content=\"fi_FI\" \/>\n<meta property=\"og:type\" content=\"article\" \/>\n<meta property=\"og:title\" content=\"Mikrofonit - Tuberoom\" \/>\n<meta property=\"og:description\" content=\"Tuberoomissa on vakiona kaksi mikrofonia. Ensisijaisesti kannattaa k\u00e4ytt\u00e4\u00e4 Shuren (KSM44A) langallista kondensaattorimikrofonia. Se on liitetty usb-\u00e4\u00e4nilaitteen vasempaan eli 1-inputtiin. Sill\u00e4 on helppo nauhoittaa useamman henkil\u00f6n esityksi\u00e4 ja haastatteluita. T\u00e4ss\u00e4 linkki mikrofonin ohjeisiin (Tuberoom-k\u00e4yt\u00f6ss\u00e4 oletus valinnat ovat: 0 db, Omnidirectional, Low frequence cutoff). Mikrofonin tasot on asetettu keskim\u00e4\u00e4rin kohdilleen, mutta jos niit\u00e4 syyst\u00e4 tai toisesta tarvitsee [&hellip;]\" \/>\n<meta property=\"og:url\" content=\"https:\/\/help.jamk.fi\/tuberoom\/fi\/kayttoohjeet\/mikrofonit\/\" \/>\n<meta property=\"og:site_name\" content=\"Tuberoom\" \/>\n<meta property=\"article:modified_time\" content=\"2024-01-11T13:48:17+00:00\" \/>\n<meta property=\"og:image\" content=\"https:\/\/help.jamk.fi\/tuberoom\/wp-content\/uploads\/sites\/66\/2023\/07\/IMG_0092-e1524813330223-scaled.jpg\" \/>\n<meta name=\"twitter:card\" content=\"summary_large_image\" \/>\n<meta name=\"twitter:label1\" content=\"Arvioitu lukuaika\" \/>\n\t<meta name=\"twitter:data1\" content=\"2 minuuttia\" \/>\n<script type=\"application\/ld+json\" class=\"yoast-schema-graph\">{\"@context\":\"https:\\\/\\\/schema.org\",\"@graph\":[{\"@type\":\"WebPage\",\"@id\":\"https:\\\/\\\/help.jamk.fi\\\/tuberoom\\\/fi\\\/kayttoohjeet\\\/mikrofonit\\\/\",\"url\":\"https:\\\/\\\/help.jamk.fi\\\/tuberoom\\\/fi\\\/kayttoohjeet\\\/mikrofonit\\\/\",\"name\":\"Mikrofonit - Tuberoom\",\"isPartOf\":{\"@id\":\"https:\\\/\\\/help.jamk.fi\\\/tuberoom\\\/#website\"},\"primaryImageOfPage\":{\"@id\":\"https:\\\/\\\/help.jamk.fi\\\/tuberoom\\\/fi\\\/kayttoohjeet\\\/mikrofonit\\\/#primaryimage\"},\"image\":{\"@id\":\"https:\\\/\\\/help.jamk.fi\\\/tuberoom\\\/fi\\\/kayttoohjeet\\\/mikrofonit\\\/#primaryimage\"},\"thumbnailUrl\":\"https:\\\/\\\/help.jamk.fi\\\/tuberoom\\\/wp-content\\\/uploads\\\/sites\\\/66\\\/2023\\\/07\\\/IMG_0092-e1524813330223-scaled.jpg\",\"datePublished\":\"2018-04-27T03:43:06+00:00\",\"dateModified\":\"2024-01-11T13:48:17+00:00\",\"breadcrumb\":{\"@id\":\"https:\\\/\\\/help.jamk.fi\\\/tuberoom\\\/fi\\\/kayttoohjeet\\\/mikrofonit\\\/#breadcrumb\"},\"inLanguage\":\"fi\",\"potentialAction\":[{\"@type\":\"ReadAction\",\"target\":[\"https:\\\/\\\/help.jamk.fi\\\/tuberoom\\\/fi\\\/kayttoohjeet\\\/mikrofonit\\\/\"]}]},{\"@type\":\"ImageObject\",\"inLanguage\":\"fi\",\"@id\":\"https:\\\/\\\/help.jamk.fi\\\/tuberoom\\\/fi\\\/kayttoohjeet\\\/mikrofonit\\\/#primaryimage\",\"url\":\"\",\"contentUrl\":\"\"},{\"@type\":\"BreadcrumbList\",\"@id\":\"https:\\\/\\\/help.jamk.fi\\\/tuberoom\\\/fi\\\/kayttoohjeet\\\/mikrofonit\\\/#breadcrumb\",\"itemListElement\":[{\"@type\":\"ListItem\",\"position\":1,\"name\":\"Etusivu\",\"item\":\"https:\\\/\\\/help.jamk.fi\\\/tuberoom\\\/fi\\\/\"},{\"@type\":\"ListItem\",\"position\":2,\"name\":\"K\u00e4ytt\u00f6ohjeet\",\"item\":\"https:\\\/\\\/help.jamk.fi\\\/tuberoom\\\/fi\\\/kayttoohjeet\\\/\"},{\"@type\":\"ListItem\",\"position\":3,\"name\":\"Mikrofonit\"}]},{\"@type\":\"WebSite\",\"@id\":\"https:\\\/\\\/help.jamk.fi\\\/tuberoom\\\/#website\",\"url\":\"https:\\\/\\\/help.jamk.fi\\\/tuberoom\\\/\",\"name\":\"Tuberoom\",\"description\":\"\",\"potentialAction\":[{\"@type\":\"SearchAction\",\"target\":{\"@type\":\"EntryPoint\",\"urlTemplate\":\"https:\\\/\\\/help.jamk.fi\\\/tuberoom\\\/?s={search_term_string}\"},\"query-input\":{\"@type\":\"PropertyValueSpecification\",\"valueRequired\":true,\"valueName\":\"search_term_string\"}}],\"inLanguage\":\"fi\"}]}<\/script>\n<!-- \/ Yoast SEO plugin. -->","yoast_head_json":{"title":"Mikrofonit - Tuberoom","robots":{"index":"index","follow":"follow","max-snippet":"max-snippet:-1","max-image-preview":"max-image-preview:large","max-video-preview":"max-video-preview:-1"},"canonical":"https:\/\/help.jamk.fi\/tuberoom\/fi\/kayttoohjeet\/mikrofonit\/","og_locale":"fi_FI","og_type":"article","og_title":"Mikrofonit - Tuberoom","og_description":"Tuberoomissa on vakiona kaksi mikrofonia. Ensisijaisesti kannattaa k\u00e4ytt\u00e4\u00e4 Shuren (KSM44A) langallista kondensaattorimikrofonia. Se on liitetty usb-\u00e4\u00e4nilaitteen vasempaan eli 1-inputtiin. Sill\u00e4 on helppo nauhoittaa useamman henkil\u00f6n esityksi\u00e4 ja haastatteluita. T\u00e4ss\u00e4 linkki mikrofonin ohjeisiin (Tuberoom-k\u00e4yt\u00f6ss\u00e4 oletus valinnat ovat: 0 db, Omnidirectional, Low frequence cutoff). Mikrofonin tasot on asetettu keskim\u00e4\u00e4rin kohdilleen, mutta jos niit\u00e4 syyst\u00e4 tai toisesta tarvitsee [&hellip;]","og_url":"https:\/\/help.jamk.fi\/tuberoom\/fi\/kayttoohjeet\/mikrofonit\/","og_site_name":"Tuberoom","article_modified_time":"2024-01-11T13:48:17+00:00","og_image":[{"url":"https:\/\/help.jamk.fi\/tuberoom\/wp-content\/uploads\/sites\/66\/2023\/07\/IMG_0092-e1524813330223-scaled.jpg","type":"","width":"","height":""}],"twitter_card":"summary_large_image","twitter_misc":{"Arvioitu lukuaika":"2 minuuttia"},"schema":{"@context":"https:\/\/schema.org","@graph":[{"@type":"WebPage","@id":"https:\/\/help.jamk.fi\/tuberoom\/fi\/kayttoohjeet\/mikrofonit\/","url":"https:\/\/help.jamk.fi\/tuberoom\/fi\/kayttoohjeet\/mikrofonit\/","name":"Mikrofonit - Tuberoom","isPartOf":{"@id":"https:\/\/help.jamk.fi\/tuberoom\/#website"},"primaryImageOfPage":{"@id":"https:\/\/help.jamk.fi\/tuberoom\/fi\/kayttoohjeet\/mikrofonit\/#primaryimage"},"image":{"@id":"https:\/\/help.jamk.fi\/tuberoom\/fi\/kayttoohjeet\/mikrofonit\/#primaryimage"},"thumbnailUrl":"https:\/\/help.jamk.fi\/tuberoom\/wp-content\/uploads\/sites\/66\/2023\/07\/IMG_0092-e1524813330223-scaled.jpg","datePublished":"2018-04-27T03:43:06+00:00","dateModified":"2024-01-11T13:48:17+00:00","breadcrumb":{"@id":"https:\/\/help.jamk.fi\/tuberoom\/fi\/kayttoohjeet\/mikrofonit\/#breadcrumb"},"inLanguage":"fi","potentialAction":[{"@type":"ReadAction","target":["https:\/\/help.jamk.fi\/tuberoom\/fi\/kayttoohjeet\/mikrofonit\/"]}]},{"@type":"ImageObject","inLanguage":"fi","@id":"https:\/\/help.jamk.fi\/tuberoom\/fi\/kayttoohjeet\/mikrofonit\/#primaryimage","url":"","contentUrl":""},{"@type":"BreadcrumbList","@id":"https:\/\/help.jamk.fi\/tuberoom\/fi\/kayttoohjeet\/mikrofonit\/#breadcrumb","itemListElement":[{"@type":"ListItem","position":1,"name":"Etusivu","item":"https:\/\/help.jamk.fi\/tuberoom\/fi\/"},{"@type":"ListItem","position":2,"name":"K\u00e4ytt\u00f6ohjeet","item":"https:\/\/help.jamk.fi\/tuberoom\/fi\/kayttoohjeet\/"},{"@type":"ListItem","position":3,"name":"Mikrofonit"}]},{"@type":"WebSite","@id":"https:\/\/help.jamk.fi\/tuberoom\/#website","url":"https:\/\/help.jamk.fi\/tuberoom\/","name":"Tuberoom","description":"","potentialAction":[{"@type":"SearchAction","target":{"@type":"EntryPoint","urlTemplate":"https:\/\/help.jamk.fi\/tuberoom\/?s={search_term_string}"},"query-input":{"@type":"PropertyValueSpecification","valueRequired":true,"valueName":"search_term_string"}}],"inLanguage":"fi"}]}},"_links":{"self":[{"href":"https:\/\/help.jamk.fi\/tuberoom\/wp-json\/wp\/v2\/pages\/175","targetHints":{"allow":["GET"]}}],"collection":[{"href":"https:\/\/help.jamk.fi\/tuberoom\/wp-json\/wp\/v2\/pages"}],"about":[{"href":"https:\/\/help.jamk.fi\/tuberoom\/wp-json\/wp\/v2\/types\/page"}],"author":[{"embeddable":true,"href":"https:\/\/help.jamk.fi\/tuberoom\/wp-json\/wp\/v2\/users\/74"}],"replies":[{"embeddable":true,"href":"https:\/\/help.jamk.fi\/tuberoom\/wp-json\/wp\/v2\/comments?post=175"}],"version-history":[{"count":5,"href":"https:\/\/help.jamk.fi\/tuberoom\/wp-json\/wp\/v2\/pages\/175\/revisions"}],"predecessor-version":[{"id":380,"href":"https:\/\/help.jamk.fi\/tuberoom\/wp-json\/wp\/v2\/pages\/175\/revisions\/380"}],"up":[{"embeddable":true,"href":"https:\/\/help.jamk.fi\/tuberoom\/wp-json\/wp\/v2\/pages\/6"}],"wp:attachment":[{"href":"https:\/\/help.jamk.fi\/tuberoom\/wp-json\/wp\/v2\/media?parent=175"}],"wp:term":[{"taxonomy":"category","embeddable":true,"href":"https:\/\/help.jamk.fi\/tuberoom\/wp-json\/wp\/v2\/categories?post=175"},{"taxonomy":"post_tag","embeddable":true,"href":"https:\/\/help.jamk.fi\/tuberoom\/wp-json\/wp\/v2\/tags?post=175"}],"curies":[{"name":"wp","href":"https:\/\/api.w.org\/{rel}","templated":true}]}}