{"id":18,"date":"2018-02-15T11:35:20","date_gmt":"2018-02-15T09:35:20","guid":{"rendered":"https:\/\/help.jamk.fi\/tuberoom\/kayttoohjeet\/tallennus-vmix-ohjelmistolla\/"},"modified":"2024-01-19T17:03:44","modified_gmt":"2024-01-19T15:03:44","slug":"tallennus-vmix-ohjelmistolla","status":"publish","type":"page","link":"https:\/\/help.jamk.fi\/tuberoom\/fi\/kayttoohjeet\/tallennus-vmix-ohjelmistolla\/","title":{"rendered":"Tallennus Vmix-ohjelmistolla"},"content":{"rendered":"\n<p>Tuberoomissa videot tallennetaan kamerasta suoraan huoneessa olevan tietokoneen kovalevylle. Tallennus tapahtuu VMix-ohjelmistolla, joka k\u00e4ynnistyy samalla kertaa tietokoneen k\u00e4ynnistyess\u00e4 oletusasetuksille (tallennus E:Capture -hakemistoon peilikuvana mp4-muotoon 1920&#215;1080 tarkkuudella). Tiedostot nimet\u00e4\u00e4n aikaleiman mukaan, eli ajan mukaan se my\u00f6s l\u00f6ytyy kyseisest\u00e4 hakemistosta. VMix-ohjelmiston alareunassa on painike Record, jolla tallennus l\u00e4htee k\u00e4yntiin ja my\u00f6s pys\u00e4ytet\u00e4\u00e4n. Tallennusta varten on mahdollista m\u00e4\u00e4ritell\u00e4 makro (StarStopRecording) Logitechin pointterille VMix-ohjelmiston Settings-valikon Shotcuts-asetuksella. N\u00e4in my\u00f6s pyrit\u00e4\u00e4n tekem\u00e4\u00e4n kullekin k\u00e4ytt\u00e4j\u00e4lle ensimm\u00e4isen perehdytyskerran aikana. Logitechin pointteri helpottaa tallennuksen k\u00e4ynnistyst\u00e4 ja pys\u00e4ytyst\u00e4 varsinkin&nbsp;yksin esiintyess\u00e4\u00e4n kameran edess\u00e4 ja lightboardin takana.<\/p>\n\n\n\n<p>Kuvassa tallennuksen k\u00e4ynnistys.<\/p>\n\n\n\n<figure class=\"wp-block-image\"><img decoding=\"async\" src=\"https:\/\/help.jamk.fi\/tuberoom\/wp-content\/uploads\/sites\/66\/2023\/07\/vmix_tallennus1-1024x577.png\" alt=\"\" class=\"wp-image-96\"\/><\/figure>\n\n\n\n<p>Kuva: Tallennusmakron voi m\u00e4\u00e4ritell\u00e4 VMix-ohjelmiston Settings-valikon Shortcuts-kohdasta.<\/p>\n\n\n\n<figure class=\"wp-block-image\"><img decoding=\"async\" src=\"https:\/\/help.jamk.fi\/tuberoom\/wp-content\/uploads\/sites\/66\/2023\/07\/vmix_shotcuts1-1024x577.png\" alt=\"\" class=\"wp-image-100\"\/><\/figure>\n\n\n\n<p>VMix ohjelmiston k\u00e4ytt\u00f6liittym\u00e4ss\u00e4 vasemmalla puolella n\u00e4kyy kuval\u00e4hteen esikatselu ja oikealla puolella &#8221;live&#8221;-kuva, eli tallennukseen menev\u00e4 kuval\u00e4hde. Alareunan Add Input painikkeella saat lis\u00e4tty\u00e4 uusia kuval\u00e4hteit\u00e4. Kaikki lis\u00e4tyt kuval\u00e4hteet n\u00e4kyv\u00e4t pienoiskuvina esikatselukuvan ja livekuvan alapuolella. Kun valitset jonkin kuval\u00e4hteen hiirell\u00e4, se vaihtuu esikatselukuval\u00e4hteeksi vasempaan isoon kuvaruutuun. Esikatselukuvan ja livekuvan v\u00e4liss\u00e4 olevalla Cut-painikkeella saat vaihdettua esikatselukuval\u00e4hteen livekuvaksi.<\/p>\n\n\n\n<p>Kuvan esimerkiss\u00e4 lis\u00e4t\u00e4\u00e4n PowerPoint-tiedosto uudeksi kuval\u00e4hteeksi.<\/p>\n\n\n\n<figure class=\"wp-block-image\"><img decoding=\"async\" src=\"https:\/\/help.jamk.fi\/tuberoom\/wp-content\/uploads\/sites\/66\/2023\/07\/vmix_input_powerpoint1-1024x576.png\" alt=\"\" class=\"wp-image-108\"\/><\/figure>\n\n\n\n<p>Lis\u00e4\u00e4 ohjeita VMixin <a href=\"https:\/\/www.vmix.com\/help20\/\" target=\"_blank\" rel=\"noopener\">k\u00e4ytt\u00f6ohjeissa<\/a>.<\/p>\n","protected":false},"excerpt":{"rendered":"<p>Tuberoomissa videot tallennetaan kamerasta suoraan huoneessa olevan tietokoneen kovalevylle. Tallennus tapahtuu VMix-ohjelmistolla, joka k\u00e4ynnistyy samalla kertaa tietokoneen k\u00e4ynnistyess\u00e4 oletusasetuksille (tallennus E:Capture -hakemistoon peilikuvana mp4-muotoon 1920&#215;1080 tarkkuudella). Tiedostot nimet\u00e4\u00e4n aikaleiman mukaan, eli ajan mukaan se my\u00f6s l\u00f6ytyy kyseisest\u00e4 hakemistosta. VMix-ohjelmiston alareunassa on painike Record, jolla tallennus l\u00e4htee k\u00e4yntiin ja my\u00f6s pys\u00e4ytet\u00e4\u00e4n. Tallennusta varten on mahdollista m\u00e4\u00e4ritell\u00e4 [&hellip;]<\/p>\n","protected":false},"author":74,"featured_media":0,"parent":6,"menu_order":2,"comment_status":"closed","ping_status":"closed","template":"","meta":{"_acf_changed":false,"_relevanssi_hide_post":"","_relevanssi_hide_content":"","_relevanssi_pin_for_all":"","_relevanssi_pin_keywords":"","_relevanssi_unpin_keywords":"","_relevanssi_related_keywords":"","_relevanssi_related_include_ids":"","_relevanssi_related_exclude_ids":"","_relevanssi_related_no_append":"","_relevanssi_related_not_related":"","_relevanssi_related_posts":"","_relevanssi_noindex_reason":"","footnotes":""},"categories":[],"tags":[],"class_list":["post-18","page","type-page","status-publish","hentry"],"acf":[],"yoast_head":"<!-- This site is optimized with the Yoast SEO plugin v27.3 - https:\/\/yoast.com\/product\/yoast-seo-wordpress\/ -->\n<title>Tallennus Vmix-ohjelmistolla - Tuberoom<\/title>\n<meta name=\"robots\" content=\"index, follow, max-snippet:-1, max-image-preview:large, max-video-preview:-1\" \/>\n<link rel=\"canonical\" href=\"https:\/\/help.jamk.fi\/tuberoom\/fi\/kayttoohjeet\/tallennus-vmix-ohjelmistolla\/\" \/>\n<meta property=\"og:locale\" content=\"fi_FI\" \/>\n<meta property=\"og:type\" content=\"article\" \/>\n<meta property=\"og:title\" content=\"Tallennus Vmix-ohjelmistolla - Tuberoom\" \/>\n<meta property=\"og:description\" content=\"Tuberoomissa videot tallennetaan kamerasta suoraan huoneessa olevan tietokoneen kovalevylle. Tallennus tapahtuu VMix-ohjelmistolla, joka k\u00e4ynnistyy samalla kertaa tietokoneen k\u00e4ynnistyess\u00e4 oletusasetuksille (tallennus E:Capture -hakemistoon peilikuvana mp4-muotoon 1920&#215;1080 tarkkuudella). Tiedostot nimet\u00e4\u00e4n aikaleiman mukaan, eli ajan mukaan se my\u00f6s l\u00f6ytyy kyseisest\u00e4 hakemistosta. VMix-ohjelmiston alareunassa on painike Record, jolla tallennus l\u00e4htee k\u00e4yntiin ja my\u00f6s pys\u00e4ytet\u00e4\u00e4n. Tallennusta varten on mahdollista m\u00e4\u00e4ritell\u00e4 [&hellip;]\" \/>\n<meta property=\"og:url\" content=\"https:\/\/help.jamk.fi\/tuberoom\/fi\/kayttoohjeet\/tallennus-vmix-ohjelmistolla\/\" \/>\n<meta property=\"og:site_name\" content=\"Tuberoom\" \/>\n<meta property=\"article:modified_time\" content=\"2024-01-19T15:03:44+00:00\" \/>\n<meta property=\"og:image\" content=\"https:\/\/help.jamk.fi\/tuberoom\/wp-content\/uploads\/sites\/66\/2023\/07\/vmix_tallennus1-1024x577.png\" \/>\n<meta name=\"twitter:card\" content=\"summary_large_image\" \/>\n<meta name=\"twitter:label1\" content=\"Arvioitu lukuaika\" \/>\n\t<meta name=\"twitter:data1\" content=\"2 minuuttia\" \/>\n<script type=\"application\/ld+json\" class=\"yoast-schema-graph\">{\"@context\":\"https:\\\/\\\/schema.org\",\"@graph\":[{\"@type\":\"WebPage\",\"@id\":\"https:\\\/\\\/help.jamk.fi\\\/tuberoom\\\/fi\\\/kayttoohjeet\\\/tallennus-vmix-ohjelmistolla\\\/\",\"url\":\"https:\\\/\\\/help.jamk.fi\\\/tuberoom\\\/fi\\\/kayttoohjeet\\\/tallennus-vmix-ohjelmistolla\\\/\",\"name\":\"Tallennus Vmix-ohjelmistolla - Tuberoom\",\"isPartOf\":{\"@id\":\"https:\\\/\\\/help.jamk.fi\\\/tuberoom\\\/#website\"},\"primaryImageOfPage\":{\"@id\":\"https:\\\/\\\/help.jamk.fi\\\/tuberoom\\\/fi\\\/kayttoohjeet\\\/tallennus-vmix-ohjelmistolla\\\/#primaryimage\"},\"image\":{\"@id\":\"https:\\\/\\\/help.jamk.fi\\\/tuberoom\\\/fi\\\/kayttoohjeet\\\/tallennus-vmix-ohjelmistolla\\\/#primaryimage\"},\"thumbnailUrl\":\"https:\\\/\\\/help.jamk.fi\\\/tuberoom\\\/wp-content\\\/uploads\\\/sites\\\/66\\\/2023\\\/07\\\/vmix_tallennus1-1024x577.png\",\"datePublished\":\"2018-02-15T09:35:20+00:00\",\"dateModified\":\"2024-01-19T15:03:44+00:00\",\"breadcrumb\":{\"@id\":\"https:\\\/\\\/help.jamk.fi\\\/tuberoom\\\/fi\\\/kayttoohjeet\\\/tallennus-vmix-ohjelmistolla\\\/#breadcrumb\"},\"inLanguage\":\"fi\",\"potentialAction\":[{\"@type\":\"ReadAction\",\"target\":[\"https:\\\/\\\/help.jamk.fi\\\/tuberoom\\\/fi\\\/kayttoohjeet\\\/tallennus-vmix-ohjelmistolla\\\/\"]}]},{\"@type\":\"ImageObject\",\"inLanguage\":\"fi\",\"@id\":\"https:\\\/\\\/help.jamk.fi\\\/tuberoom\\\/fi\\\/kayttoohjeet\\\/tallennus-vmix-ohjelmistolla\\\/#primaryimage\",\"url\":\"\",\"contentUrl\":\"\"},{\"@type\":\"BreadcrumbList\",\"@id\":\"https:\\\/\\\/help.jamk.fi\\\/tuberoom\\\/fi\\\/kayttoohjeet\\\/tallennus-vmix-ohjelmistolla\\\/#breadcrumb\",\"itemListElement\":[{\"@type\":\"ListItem\",\"position\":1,\"name\":\"Etusivu\",\"item\":\"https:\\\/\\\/help.jamk.fi\\\/tuberoom\\\/fi\\\/\"},{\"@type\":\"ListItem\",\"position\":2,\"name\":\"K\u00e4ytt\u00f6ohjeet\",\"item\":\"https:\\\/\\\/help.jamk.fi\\\/tuberoom\\\/fi\\\/kayttoohjeet\\\/\"},{\"@type\":\"ListItem\",\"position\":3,\"name\":\"Tallennus Vmix-ohjelmistolla\"}]},{\"@type\":\"WebSite\",\"@id\":\"https:\\\/\\\/help.jamk.fi\\\/tuberoom\\\/#website\",\"url\":\"https:\\\/\\\/help.jamk.fi\\\/tuberoom\\\/\",\"name\":\"Tuberoom\",\"description\":\"\",\"potentialAction\":[{\"@type\":\"SearchAction\",\"target\":{\"@type\":\"EntryPoint\",\"urlTemplate\":\"https:\\\/\\\/help.jamk.fi\\\/tuberoom\\\/?s={search_term_string}\"},\"query-input\":{\"@type\":\"PropertyValueSpecification\",\"valueRequired\":true,\"valueName\":\"search_term_string\"}}],\"inLanguage\":\"fi\"}]}<\/script>\n<!-- \/ Yoast SEO plugin. -->","yoast_head_json":{"title":"Tallennus Vmix-ohjelmistolla - Tuberoom","robots":{"index":"index","follow":"follow","max-snippet":"max-snippet:-1","max-image-preview":"max-image-preview:large","max-video-preview":"max-video-preview:-1"},"canonical":"https:\/\/help.jamk.fi\/tuberoom\/fi\/kayttoohjeet\/tallennus-vmix-ohjelmistolla\/","og_locale":"fi_FI","og_type":"article","og_title":"Tallennus Vmix-ohjelmistolla - Tuberoom","og_description":"Tuberoomissa videot tallennetaan kamerasta suoraan huoneessa olevan tietokoneen kovalevylle. Tallennus tapahtuu VMix-ohjelmistolla, joka k\u00e4ynnistyy samalla kertaa tietokoneen k\u00e4ynnistyess\u00e4 oletusasetuksille (tallennus E:Capture -hakemistoon peilikuvana mp4-muotoon 1920&#215;1080 tarkkuudella). Tiedostot nimet\u00e4\u00e4n aikaleiman mukaan, eli ajan mukaan se my\u00f6s l\u00f6ytyy kyseisest\u00e4 hakemistosta. VMix-ohjelmiston alareunassa on painike Record, jolla tallennus l\u00e4htee k\u00e4yntiin ja my\u00f6s pys\u00e4ytet\u00e4\u00e4n. Tallennusta varten on mahdollista m\u00e4\u00e4ritell\u00e4 [&hellip;]","og_url":"https:\/\/help.jamk.fi\/tuberoom\/fi\/kayttoohjeet\/tallennus-vmix-ohjelmistolla\/","og_site_name":"Tuberoom","article_modified_time":"2024-01-19T15:03:44+00:00","og_image":[{"url":"https:\/\/help.jamk.fi\/tuberoom\/wp-content\/uploads\/sites\/66\/2023\/07\/vmix_tallennus1-1024x577.png","type":"","width":"","height":""}],"twitter_card":"summary_large_image","twitter_misc":{"Arvioitu lukuaika":"2 minuuttia"},"schema":{"@context":"https:\/\/schema.org","@graph":[{"@type":"WebPage","@id":"https:\/\/help.jamk.fi\/tuberoom\/fi\/kayttoohjeet\/tallennus-vmix-ohjelmistolla\/","url":"https:\/\/help.jamk.fi\/tuberoom\/fi\/kayttoohjeet\/tallennus-vmix-ohjelmistolla\/","name":"Tallennus Vmix-ohjelmistolla - Tuberoom","isPartOf":{"@id":"https:\/\/help.jamk.fi\/tuberoom\/#website"},"primaryImageOfPage":{"@id":"https:\/\/help.jamk.fi\/tuberoom\/fi\/kayttoohjeet\/tallennus-vmix-ohjelmistolla\/#primaryimage"},"image":{"@id":"https:\/\/help.jamk.fi\/tuberoom\/fi\/kayttoohjeet\/tallennus-vmix-ohjelmistolla\/#primaryimage"},"thumbnailUrl":"https:\/\/help.jamk.fi\/tuberoom\/wp-content\/uploads\/sites\/66\/2023\/07\/vmix_tallennus1-1024x577.png","datePublished":"2018-02-15T09:35:20+00:00","dateModified":"2024-01-19T15:03:44+00:00","breadcrumb":{"@id":"https:\/\/help.jamk.fi\/tuberoom\/fi\/kayttoohjeet\/tallennus-vmix-ohjelmistolla\/#breadcrumb"},"inLanguage":"fi","potentialAction":[{"@type":"ReadAction","target":["https:\/\/help.jamk.fi\/tuberoom\/fi\/kayttoohjeet\/tallennus-vmix-ohjelmistolla\/"]}]},{"@type":"ImageObject","inLanguage":"fi","@id":"https:\/\/help.jamk.fi\/tuberoom\/fi\/kayttoohjeet\/tallennus-vmix-ohjelmistolla\/#primaryimage","url":"","contentUrl":""},{"@type":"BreadcrumbList","@id":"https:\/\/help.jamk.fi\/tuberoom\/fi\/kayttoohjeet\/tallennus-vmix-ohjelmistolla\/#breadcrumb","itemListElement":[{"@type":"ListItem","position":1,"name":"Etusivu","item":"https:\/\/help.jamk.fi\/tuberoom\/fi\/"},{"@type":"ListItem","position":2,"name":"K\u00e4ytt\u00f6ohjeet","item":"https:\/\/help.jamk.fi\/tuberoom\/fi\/kayttoohjeet\/"},{"@type":"ListItem","position":3,"name":"Tallennus Vmix-ohjelmistolla"}]},{"@type":"WebSite","@id":"https:\/\/help.jamk.fi\/tuberoom\/#website","url":"https:\/\/help.jamk.fi\/tuberoom\/","name":"Tuberoom","description":"","potentialAction":[{"@type":"SearchAction","target":{"@type":"EntryPoint","urlTemplate":"https:\/\/help.jamk.fi\/tuberoom\/?s={search_term_string}"},"query-input":{"@type":"PropertyValueSpecification","valueRequired":true,"valueName":"search_term_string"}}],"inLanguage":"fi"}]}},"_links":{"self":[{"href":"https:\/\/help.jamk.fi\/tuberoom\/wp-json\/wp\/v2\/pages\/18","targetHints":{"allow":["GET"]}}],"collection":[{"href":"https:\/\/help.jamk.fi\/tuberoom\/wp-json\/wp\/v2\/pages"}],"about":[{"href":"https:\/\/help.jamk.fi\/tuberoom\/wp-json\/wp\/v2\/types\/page"}],"author":[{"embeddable":true,"href":"https:\/\/help.jamk.fi\/tuberoom\/wp-json\/wp\/v2\/users\/74"}],"replies":[{"embeddable":true,"href":"https:\/\/help.jamk.fi\/tuberoom\/wp-json\/wp\/v2\/comments?post=18"}],"version-history":[{"count":3,"href":"https:\/\/help.jamk.fi\/tuberoom\/wp-json\/wp\/v2\/pages\/18\/revisions"}],"predecessor-version":[{"id":386,"href":"https:\/\/help.jamk.fi\/tuberoom\/wp-json\/wp\/v2\/pages\/18\/revisions\/386"}],"up":[{"embeddable":true,"href":"https:\/\/help.jamk.fi\/tuberoom\/wp-json\/wp\/v2\/pages\/6"}],"wp:attachment":[{"href":"https:\/\/help.jamk.fi\/tuberoom\/wp-json\/wp\/v2\/media?parent=18"}],"wp:term":[{"taxonomy":"category","embeddable":true,"href":"https:\/\/help.jamk.fi\/tuberoom\/wp-json\/wp\/v2\/categories?post=18"},{"taxonomy":"post_tag","embeddable":true,"href":"https:\/\/help.jamk.fi\/tuberoom\/wp-json\/wp\/v2\/tags?post=18"}],"curies":[{"name":"wp","href":"https:\/\/api.w.org\/{rel}","templated":true}]}}