{"id":3,"date":"2018-02-15T07:58:58","date_gmt":"2018-02-15T05:58:58","guid":{"rendered":"https:\/\/help.jamk.fi\/tuberoom\/mika\/"},"modified":"2024-01-04T15:25:26","modified_gmt":"2024-01-04T13:25:26","slug":"mika","status":"publish","type":"page","link":"https:\/\/help.jamk.fi\/tuberoom\/fi\/","title":{"rendered":"Mik\u00e4?"},"content":{"rendered":"\n<div id=\"text-column-block_7bddf17467ca9e44aa6a4142a1c86a7f\" class=\"text-column block-text-column\">\n  <div class=\"block-text-column__wrapper\">\n                  <div class=\"row block-text-column__column-section\">\n          <div class=\"col-12 col-md-5 block-text-column__column-section--column\">\n            <div class=\"block-text-column__column-section--title-wrap\">\n                          <\/div>\n          <\/div>\n          <div class=\"col-12 col-md-7 block-text-column__column-section--column\">\n                          <div class=\"block-text-column__column-section--text_area\">\n                <p>Tuberoom on helppok\u00e4ytt\u00f6inen videopaja, jossa videotuotannoissa tarvittava v\u00e4lineist\u00f6 on valmiina. Opettajat voivat harjoitella tuetusti, itsen\u00e4isesti tai pieness\u00e4 ryhm\u00e4ss\u00e4 esiintymist\u00e4, esitt\u00e4mist\u00e4 sek\u00e4 editointia ja samalla tuottaa omann\u00e4k\u00f6isi\u00e4\u00e4n opetusvideoita. Tilaan rakennetun Lightboardin avulla on mahdollista kuvata liitutauluty\u00f6skentely\u00e4, mik\u00e4 soveltuu erinomaisesti mm. matemaattisten teht\u00e4vien ja ratkaisuprosessien esitt\u00e4miseen. Tilassa opettajien on mahdollisuus kehitt\u00e4\u00e4 omaa video-osaamistaan ja osaamisen kehittyess\u00e4 tukea toinen toistaan yhteis\u00f6llisesti uusilla ideoilla. Osaaminen kilpailukyvyksi, vai miten sit\u00e4 meill\u00e4 Jamkilla tavataankaan sanoa?<\/p>\n              <\/div>\n                      <\/div>\n        <\/div>\n              <div class=\"row block-text-column__column-section\">\n          <div class=\"col-12 col-md-5 block-text-column__column-section--column\">\n            <div class=\"block-text-column__column-section--title-wrap\">\n                          <\/div>\n          <\/div>\n          <div class=\"col-12 col-md-7 block-text-column__column-section--column\">\n                          <div class=\"block-text-column__column-section--text_area\">\n                <p>Tuberoom-projekti sai alkunsa kev\u00e4\u00e4ll\u00e4 2017, kun mietimme opettajien video-osaamisen kehitt\u00e4mist\u00e4 ammattikorkeakoulussamme ja innostuimme muutamista YouTuben Lightboard-mallivideoista, mit\u00e4 maailmalla oli tehty. Samaan aikaan vapautui sopiva tila videopajaa varten, joten edellytykset uudentyyppiselle, Lightboard-taulua hy\u00f6dynt\u00e4v\u00e4lle videopajalle olivat kasassa. Tila otettiin k\u00e4ytt\u00f6\u00f6n syksyll\u00e4 2017 ja se her\u00e4tti heti kiinnostusta ja innostusta opettajien keskuudessa.\u00a0 Tuberoom on t\u00e4ll\u00e4 hetkell\u00e4 ainut laatuaan alueellamme ja se on her\u00e4tt\u00e4nyt mielenkiintoa my\u00f6s muissa suomalaisissa koulutusorganisaatioissa.<\/p>\n              <\/div>\n                      <\/div>\n        <\/div>\n              <div class=\"row block-text-column__column-section\">\n          <div class=\"col-12 col-md-5 block-text-column__column-section--column\">\n            <div class=\"block-text-column__column-section--title-wrap\">\n                          <\/div>\n          <\/div>\n          <div class=\"col-12 col-md-7 block-text-column__column-section--column\">\n                          <div class=\"block-text-column__column-section--text_area\">\n                <p>Tuberoom voitti vuoden <a href=\"https:\/\/www.eoppimiskeskus.fi\/ajankohtaista\/uutiset\/item\/542-eeemeli-kilpailussa-vuoden-parhaaksi-oppimisratkaisuksi-valittiin-tawasta-oy-n-futural-skills\" target=\"_blank\" rel=\"noopener\">2018 eEemeli-kilpailussa<\/a> oppilaitossarjan. Tuomaristo luonnehti voittajaa n\u00e4in:\u00a0<em>Oppilaitossarjan voittanut\u00a0<strong>Tuberoom<\/strong>\u00a0on innostava kokonaisuus, jossa n\u00e4kyy edell\u00e4k\u00e4vij\u00f6iden k\u00e4denj\u00e4lki. Tuote on syntynyt aidosta halusta lis\u00e4t\u00e4 videoiden k\u00e4ytt\u00f6\u00e4 opetuksessa. Tuberoom mahdollistaa opettajien video-osaamisen kehitt\u00e4misen itsen\u00e4isen harjoittelun tai pienryhm\u00e4ty\u00f6skentelyn kautta. Raati kiitt\u00e4\u00e4 raikasta toteutustapaa, jossa puhuvan p\u00e4\u00e4n tilalla on koko ihminen. Raati n\u00e4kee tuotteen tarjoavan my\u00f6s paljon uusia mahdollisuuksia opetuksen digitalisaatiolle.<\/em> Tuberoom-konseptia olen hahmotellut <a href=\"https:\/\/help.jamk.fi\/tuberoom\/fi\/konsepti\/kuinka-rakennan-oman\/\">t\u00e4nne<\/a>.<\/p>\n<p>Aiheesta my\u00f6s kirjoitus <a href=\"http:\/\/blogit.jamk.fi\/aavee\/2017\/09\/11\/tuberoom-ja-lightboard-opettajille-avuksi-videotuotantoihin\/\">aavee-blogissa<\/a>.<\/p>\n              <\/div>\n                      <\/div>\n        <\/div>\n            <\/div>\n<\/div>\n\n\n<figure class=\"wp-block-embed is-type-video is-provider-youtube wp-block-embed-youtube wp-embed-aspect-16-9 wp-has-aspect-ratio\"><div class=\"wp-block-embed__wrapper\">\n<iframe title=\"Tuberoomin ja Lightboardin esittely\" width=\"500\" height=\"281\" data-cookieconsent=\"marketing\" data-cookieblock-src=\"https:\/\/www.youtube.com\/embed\/bfui9UEDzB8?feature=oembed\" frameborder=\"0\" allow=\"accelerometer; autoplay; clipboard-write; encrypted-media; gyroscope; picture-in-picture; web-share\" referrerpolicy=\"strict-origin-when-cross-origin\" allowfullscreen><\/iframe>\n<\/div><div class=\"block-embed__cookie-notice--wrapper cookieconsent-optout-marketing\"><div class=\"block-embed__cookie-notice--text\"><p>Oops! This video will not be shown because you have disabled the marketing cookies. To see the video, <a href=\"javascript:Cookiebot.submitCustomConsent(false,false,true)\">accept marketing cookies<\/a>.<\/p><\/div><\/div><\/figure>\n\n\n\n<figure class=\"wp-block-embed is-type-video is-provider-youtube wp-block-embed-youtube wp-embed-aspect-16-9 wp-has-aspect-ratio\"><div class=\"wp-block-embed__wrapper\">\n<iframe title=\"Tuberoom Teaser\" width=\"500\" height=\"281\" data-cookieconsent=\"marketing\" data-cookieblock-src=\"https:\/\/www.youtube.com\/embed\/jnnyIiphSDo?feature=oembed\" frameborder=\"0\" allow=\"accelerometer; autoplay; clipboard-write; encrypted-media; gyroscope; picture-in-picture; web-share\" referrerpolicy=\"strict-origin-when-cross-origin\" allowfullscreen><\/iframe>\n<\/div><div class=\"block-embed__cookie-notice--wrapper cookieconsent-optout-marketing\"><div class=\"block-embed__cookie-notice--text\"><p>Oops! This video will not be shown because you have disabled the marketing cookies. To see the video, <a href=\"javascript:Cookiebot.submitCustomConsent(false,false,true)\">accept marketing cookies<\/a>.<\/p><\/div><\/div><\/figure>\n","protected":false},"excerpt":{"rendered":"","protected":false},"author":74,"featured_media":0,"parent":0,"menu_order":1,"comment_status":"closed","ping_status":"closed","template":"templates\/template-full-width.php","meta":{"_acf_changed":false,"_relevanssi_hide_post":"","_relevanssi_hide_content":"","_relevanssi_pin_for_all":"","_relevanssi_pin_keywords":"","_relevanssi_unpin_keywords":"","_relevanssi_related_keywords":"","_relevanssi_related_include_ids":"","_relevanssi_related_exclude_ids":"","_relevanssi_related_no_append":"","_relevanssi_related_not_related":"","_relevanssi_related_posts":"","_relevanssi_noindex_reason":"","footnotes":""},"categories":[],"tags":[],"class_list":["post-3","page","type-page","status-publish","hentry"],"acf":[],"yoast_head":"<!-- This site is optimized with the Yoast SEO plugin v27.3 - https:\/\/yoast.com\/product\/yoast-seo-wordpress\/ -->\n<title>Mik\u00e4? - Tuberoom<\/title>\n<meta name=\"robots\" content=\"index, follow, max-snippet:-1, max-image-preview:large, max-video-preview:-1\" \/>\n<link rel=\"canonical\" href=\"https:\/\/help.jamk.fi\/tuberoom\/fi\/\" \/>\n<meta property=\"og:locale\" content=\"fi_FI\" \/>\n<meta property=\"og:type\" content=\"article\" \/>\n<meta property=\"og:title\" content=\"Mik\u00e4? - Tuberoom\" \/>\n<meta property=\"og:url\" content=\"https:\/\/help.jamk.fi\/tuberoom\/fi\/\" \/>\n<meta property=\"og:site_name\" content=\"Tuberoom\" \/>\n<meta property=\"article:modified_time\" content=\"2024-01-04T13:25:26+00:00\" \/>\n<meta name=\"twitter:card\" content=\"summary_large_image\" \/>\n<meta name=\"twitter:label1\" content=\"Arvioitu lukuaika\" \/>\n\t<meta name=\"twitter:data1\" content=\"1 minuutti\" \/>\n<script type=\"application\/ld+json\" class=\"yoast-schema-graph\">{\"@context\":\"https:\\\/\\\/schema.org\",\"@graph\":[{\"@type\":\"WebPage\",\"@id\":\"https:\\\/\\\/help.jamk.fi\\\/tuberoom\\\/fi\\\/\",\"url\":\"https:\\\/\\\/help.jamk.fi\\\/tuberoom\\\/fi\\\/\",\"name\":\"Mik\u00e4? - Tuberoom\",\"isPartOf\":{\"@id\":\"https:\\\/\\\/help.jamk.fi\\\/tuberoom\\\/#website\"},\"datePublished\":\"2018-02-15T05:58:58+00:00\",\"dateModified\":\"2024-01-04T13:25:26+00:00\",\"breadcrumb\":{\"@id\":\"https:\\\/\\\/help.jamk.fi\\\/tuberoom\\\/fi\\\/#breadcrumb\"},\"inLanguage\":\"fi\",\"potentialAction\":[{\"@type\":\"ReadAction\",\"target\":[\"https:\\\/\\\/help.jamk.fi\\\/tuberoom\\\/fi\\\/\"]}]},{\"@type\":\"BreadcrumbList\",\"@id\":\"https:\\\/\\\/help.jamk.fi\\\/tuberoom\\\/fi\\\/#breadcrumb\",\"itemListElement\":[{\"@type\":\"ListItem\",\"position\":1,\"name\":\"Etusivu\",\"item\":\"https:\\\/\\\/help.jamk.fi\\\/tuberoom\\\/fi\\\/\"},{\"@type\":\"ListItem\",\"position\":2,\"name\":\"Mik\u00e4?\"}]},{\"@type\":\"WebSite\",\"@id\":\"https:\\\/\\\/help.jamk.fi\\\/tuberoom\\\/#website\",\"url\":\"https:\\\/\\\/help.jamk.fi\\\/tuberoom\\\/\",\"name\":\"Tuberoom\",\"description\":\"\",\"potentialAction\":[{\"@type\":\"SearchAction\",\"target\":{\"@type\":\"EntryPoint\",\"urlTemplate\":\"https:\\\/\\\/help.jamk.fi\\\/tuberoom\\\/?s={search_term_string}\"},\"query-input\":{\"@type\":\"PropertyValueSpecification\",\"valueRequired\":true,\"valueName\":\"search_term_string\"}}],\"inLanguage\":\"fi\"}]}<\/script>\n<!-- \/ Yoast SEO plugin. -->","yoast_head_json":{"title":"Mik\u00e4? - Tuberoom","robots":{"index":"index","follow":"follow","max-snippet":"max-snippet:-1","max-image-preview":"max-image-preview:large","max-video-preview":"max-video-preview:-1"},"canonical":"https:\/\/help.jamk.fi\/tuberoom\/fi\/","og_locale":"fi_FI","og_type":"article","og_title":"Mik\u00e4? - Tuberoom","og_url":"https:\/\/help.jamk.fi\/tuberoom\/fi\/","og_site_name":"Tuberoom","article_modified_time":"2024-01-04T13:25:26+00:00","twitter_card":"summary_large_image","twitter_misc":{"Arvioitu lukuaika":"1 minuutti"},"schema":{"@context":"https:\/\/schema.org","@graph":[{"@type":"WebPage","@id":"https:\/\/help.jamk.fi\/tuberoom\/fi\/","url":"https:\/\/help.jamk.fi\/tuberoom\/fi\/","name":"Mik\u00e4? - Tuberoom","isPartOf":{"@id":"https:\/\/help.jamk.fi\/tuberoom\/#website"},"datePublished":"2018-02-15T05:58:58+00:00","dateModified":"2024-01-04T13:25:26+00:00","breadcrumb":{"@id":"https:\/\/help.jamk.fi\/tuberoom\/fi\/#breadcrumb"},"inLanguage":"fi","potentialAction":[{"@type":"ReadAction","target":["https:\/\/help.jamk.fi\/tuberoom\/fi\/"]}]},{"@type":"BreadcrumbList","@id":"https:\/\/help.jamk.fi\/tuberoom\/fi\/#breadcrumb","itemListElement":[{"@type":"ListItem","position":1,"name":"Etusivu","item":"https:\/\/help.jamk.fi\/tuberoom\/fi\/"},{"@type":"ListItem","position":2,"name":"Mik\u00e4?"}]},{"@type":"WebSite","@id":"https:\/\/help.jamk.fi\/tuberoom\/#website","url":"https:\/\/help.jamk.fi\/tuberoom\/","name":"Tuberoom","description":"","potentialAction":[{"@type":"SearchAction","target":{"@type":"EntryPoint","urlTemplate":"https:\/\/help.jamk.fi\/tuberoom\/?s={search_term_string}"},"query-input":{"@type":"PropertyValueSpecification","valueRequired":true,"valueName":"search_term_string"}}],"inLanguage":"fi"}]}},"_links":{"self":[{"href":"https:\/\/help.jamk.fi\/tuberoom\/wp-json\/wp\/v2\/pages\/3","targetHints":{"allow":["GET"]}}],"collection":[{"href":"https:\/\/help.jamk.fi\/tuberoom\/wp-json\/wp\/v2\/pages"}],"about":[{"href":"https:\/\/help.jamk.fi\/tuberoom\/wp-json\/wp\/v2\/types\/page"}],"author":[{"embeddable":true,"href":"https:\/\/help.jamk.fi\/tuberoom\/wp-json\/wp\/v2\/users\/74"}],"replies":[{"embeddable":true,"href":"https:\/\/help.jamk.fi\/tuberoom\/wp-json\/wp\/v2\/comments?post=3"}],"version-history":[{"count":15,"href":"https:\/\/help.jamk.fi\/tuberoom\/wp-json\/wp\/v2\/pages\/3\/revisions"}],"predecessor-version":[{"id":366,"href":"https:\/\/help.jamk.fi\/tuberoom\/wp-json\/wp\/v2\/pages\/3\/revisions\/366"}],"wp:attachment":[{"href":"https:\/\/help.jamk.fi\/tuberoom\/wp-json\/wp\/v2\/media?parent=3"}],"wp:term":[{"taxonomy":"category","embeddable":true,"href":"https:\/\/help.jamk.fi\/tuberoom\/wp-json\/wp\/v2\/categories?post=3"},{"taxonomy":"post_tag","embeddable":true,"href":"https:\/\/help.jamk.fi\/tuberoom\/wp-json\/wp\/v2\/tags?post=3"}],"curies":[{"name":"wp","href":"https:\/\/api.w.org\/{rel}","templated":true}]}}