{"id":45,"date":"2018-02-15T11:36:07","date_gmt":"2018-02-15T09:36:07","guid":{"rendered":"https:\/\/help.jamk.fi\/tuberoom\/kayttoohjeet\/kameran-saadot\/"},"modified":"2024-01-22T11:55:52","modified_gmt":"2024-01-22T09:55:52","slug":"kameran-saadot","status":"publish","type":"page","link":"https:\/\/help.jamk.fi\/tuberoom\/fi\/kayttoohjeet\/kameran-saadot\/","title":{"rendered":"Kameran s\u00e4\u00e4d\u00f6t"},"content":{"rendered":"\n<p>Tuberoomin kamerana on&nbsp;Panasonicin AG-HPX170, ammattik\u00e4ytt\u00f6\u00f6n tarkoitettu videokamera. Siihen tehty valmiiksi sopivat s\u00e4\u00e4d\u00f6t, joissa olennaista on lightboard-tallennukseen sopiva aukko F4.0-4.8. Kamera on asetettu automaattitarkennukselle.<\/p>\n\n\n\n<p>Joissakin tapauksissa on tarpeen s\u00e4\u00e4t\u00e4\u00e4 kameran asentoa ja kuvakulmaa, esim. esiintyj\u00e4n pituuden mukaan. Silloin kameran asentoa voi s\u00e4\u00e4t\u00e4\u00e4 jalustan yl\u00e4osassa kameran takana olevan kahvan avulla liikuttamalla kahvaa yl\u00f6s tai alas samalla kun katsoo kameran monitorista milloin asento on sopiva. Kuvakulmaa eli rajausta voi s\u00e4\u00e4t\u00e4\u00e4 kameran p\u00e4\u00e4ll\u00e4 takaa katsottuna oikealla puolella olevasta Zoom-painikkeesta.<\/p>\n\n\n\n<figure class=\"wp-block-image\"><img decoding=\"async\" src=\"https:\/\/help.jamk.fi\/tuberoom\/wp-content\/uploads\/sites\/66\/2023\/07\/kameran_osat-1024x777.png\" alt=\"\" class=\"wp-image-104\"\/><\/figure>\n","protected":false},"excerpt":{"rendered":"<p>Tuberoomin kamerana on&nbsp;Panasonicin AG-HPX170, ammattik\u00e4ytt\u00f6\u00f6n tarkoitettu videokamera. Siihen tehty valmiiksi sopivat s\u00e4\u00e4d\u00f6t, joissa olennaista on lightboard-tallennukseen sopiva aukko F4.0-4.8. Kamera on asetettu automaattitarkennukselle. Joissakin tapauksissa on tarpeen s\u00e4\u00e4t\u00e4\u00e4 kameran asentoa ja kuvakulmaa, esim. esiintyj\u00e4n pituuden mukaan. Silloin kameran asentoa voi s\u00e4\u00e4t\u00e4\u00e4 jalustan yl\u00e4osassa kameran takana olevan kahvan avulla liikuttamalla kahvaa yl\u00f6s tai alas samalla kun [&hellip;]<\/p>\n","protected":false},"author":74,"featured_media":0,"parent":6,"menu_order":3,"comment_status":"closed","ping_status":"closed","template":"","meta":{"_acf_changed":false,"_relevanssi_hide_post":"","_relevanssi_hide_content":"","_relevanssi_pin_for_all":"","_relevanssi_pin_keywords":"","_relevanssi_unpin_keywords":"","_relevanssi_related_keywords":"","_relevanssi_related_include_ids":"","_relevanssi_related_exclude_ids":"","_relevanssi_related_no_append":"","_relevanssi_related_not_related":"","_relevanssi_related_posts":"","_relevanssi_noindex_reason":"","footnotes":""},"categories":[],"tags":[],"class_list":["post-45","page","type-page","status-publish","hentry"],"acf":[],"yoast_head":"<!-- This site is optimized with the Yoast SEO plugin v27.3 - https:\/\/yoast.com\/product\/yoast-seo-wordpress\/ -->\n<title>Kameran s\u00e4\u00e4d\u00f6t - Tuberoom<\/title>\n<meta name=\"robots\" content=\"index, follow, max-snippet:-1, max-image-preview:large, max-video-preview:-1\" \/>\n<link rel=\"canonical\" href=\"https:\/\/help.jamk.fi\/tuberoom\/fi\/kayttoohjeet\/kameran-saadot\/\" \/>\n<meta property=\"og:locale\" content=\"fi_FI\" \/>\n<meta property=\"og:type\" content=\"article\" \/>\n<meta property=\"og:title\" content=\"Kameran s\u00e4\u00e4d\u00f6t - Tuberoom\" \/>\n<meta property=\"og:description\" content=\"Tuberoomin kamerana on&nbsp;Panasonicin AG-HPX170, ammattik\u00e4ytt\u00f6\u00f6n tarkoitettu videokamera. Siihen tehty valmiiksi sopivat s\u00e4\u00e4d\u00f6t, joissa olennaista on lightboard-tallennukseen sopiva aukko F4.0-4.8. Kamera on asetettu automaattitarkennukselle. Joissakin tapauksissa on tarpeen s\u00e4\u00e4t\u00e4\u00e4 kameran asentoa ja kuvakulmaa, esim. esiintyj\u00e4n pituuden mukaan. Silloin kameran asentoa voi s\u00e4\u00e4t\u00e4\u00e4 jalustan yl\u00e4osassa kameran takana olevan kahvan avulla liikuttamalla kahvaa yl\u00f6s tai alas samalla kun [&hellip;]\" \/>\n<meta property=\"og:url\" content=\"https:\/\/help.jamk.fi\/tuberoom\/fi\/kayttoohjeet\/kameran-saadot\/\" \/>\n<meta property=\"og:site_name\" content=\"Tuberoom\" \/>\n<meta property=\"article:modified_time\" content=\"2024-01-22T09:55:52+00:00\" \/>\n<meta property=\"og:image\" content=\"https:\/\/help.jamk.fi\/tuberoom\/wp-content\/uploads\/sites\/66\/2023\/07\/kameran_osat-1024x777.png\" \/>\n<meta name=\"twitter:card\" content=\"summary_large_image\" \/>\n<meta name=\"twitter:label1\" content=\"Arvioitu lukuaika\" \/>\n\t<meta name=\"twitter:data1\" content=\"1 minuutti\" \/>\n<script type=\"application\/ld+json\" class=\"yoast-schema-graph\">{\"@context\":\"https:\\\/\\\/schema.org\",\"@graph\":[{\"@type\":\"WebPage\",\"@id\":\"https:\\\/\\\/help.jamk.fi\\\/tuberoom\\\/fi\\\/kayttoohjeet\\\/kameran-saadot\\\/\",\"url\":\"https:\\\/\\\/help.jamk.fi\\\/tuberoom\\\/fi\\\/kayttoohjeet\\\/kameran-saadot\\\/\",\"name\":\"Kameran s\u00e4\u00e4d\u00f6t - Tuberoom\",\"isPartOf\":{\"@id\":\"https:\\\/\\\/help.jamk.fi\\\/tuberoom\\\/#website\"},\"primaryImageOfPage\":{\"@id\":\"https:\\\/\\\/help.jamk.fi\\\/tuberoom\\\/fi\\\/kayttoohjeet\\\/kameran-saadot\\\/#primaryimage\"},\"image\":{\"@id\":\"https:\\\/\\\/help.jamk.fi\\\/tuberoom\\\/fi\\\/kayttoohjeet\\\/kameran-saadot\\\/#primaryimage\"},\"thumbnailUrl\":\"https:\\\/\\\/help.jamk.fi\\\/tuberoom\\\/wp-content\\\/uploads\\\/sites\\\/66\\\/2023\\\/07\\\/kameran_osat-1024x777.png\",\"datePublished\":\"2018-02-15T09:36:07+00:00\",\"dateModified\":\"2024-01-22T09:55:52+00:00\",\"breadcrumb\":{\"@id\":\"https:\\\/\\\/help.jamk.fi\\\/tuberoom\\\/fi\\\/kayttoohjeet\\\/kameran-saadot\\\/#breadcrumb\"},\"inLanguage\":\"fi\",\"potentialAction\":[{\"@type\":\"ReadAction\",\"target\":[\"https:\\\/\\\/help.jamk.fi\\\/tuberoom\\\/fi\\\/kayttoohjeet\\\/kameran-saadot\\\/\"]}]},{\"@type\":\"ImageObject\",\"inLanguage\":\"fi\",\"@id\":\"https:\\\/\\\/help.jamk.fi\\\/tuberoom\\\/fi\\\/kayttoohjeet\\\/kameran-saadot\\\/#primaryimage\",\"url\":\"\",\"contentUrl\":\"\"},{\"@type\":\"BreadcrumbList\",\"@id\":\"https:\\\/\\\/help.jamk.fi\\\/tuberoom\\\/fi\\\/kayttoohjeet\\\/kameran-saadot\\\/#breadcrumb\",\"itemListElement\":[{\"@type\":\"ListItem\",\"position\":1,\"name\":\"Etusivu\",\"item\":\"https:\\\/\\\/help.jamk.fi\\\/tuberoom\\\/fi\\\/\"},{\"@type\":\"ListItem\",\"position\":2,\"name\":\"K\u00e4ytt\u00f6ohjeet\",\"item\":\"https:\\\/\\\/help.jamk.fi\\\/tuberoom\\\/fi\\\/kayttoohjeet\\\/\"},{\"@type\":\"ListItem\",\"position\":3,\"name\":\"Kameran s\u00e4\u00e4d\u00f6t\"}]},{\"@type\":\"WebSite\",\"@id\":\"https:\\\/\\\/help.jamk.fi\\\/tuberoom\\\/#website\",\"url\":\"https:\\\/\\\/help.jamk.fi\\\/tuberoom\\\/\",\"name\":\"Tuberoom\",\"description\":\"\",\"potentialAction\":[{\"@type\":\"SearchAction\",\"target\":{\"@type\":\"EntryPoint\",\"urlTemplate\":\"https:\\\/\\\/help.jamk.fi\\\/tuberoom\\\/?s={search_term_string}\"},\"query-input\":{\"@type\":\"PropertyValueSpecification\",\"valueRequired\":true,\"valueName\":\"search_term_string\"}}],\"inLanguage\":\"fi\"}]}<\/script>\n<!-- \/ Yoast SEO plugin. -->","yoast_head_json":{"title":"Kameran s\u00e4\u00e4d\u00f6t - Tuberoom","robots":{"index":"index","follow":"follow","max-snippet":"max-snippet:-1","max-image-preview":"max-image-preview:large","max-video-preview":"max-video-preview:-1"},"canonical":"https:\/\/help.jamk.fi\/tuberoom\/fi\/kayttoohjeet\/kameran-saadot\/","og_locale":"fi_FI","og_type":"article","og_title":"Kameran s\u00e4\u00e4d\u00f6t - Tuberoom","og_description":"Tuberoomin kamerana on&nbsp;Panasonicin AG-HPX170, ammattik\u00e4ytt\u00f6\u00f6n tarkoitettu videokamera. Siihen tehty valmiiksi sopivat s\u00e4\u00e4d\u00f6t, joissa olennaista on lightboard-tallennukseen sopiva aukko F4.0-4.8. Kamera on asetettu automaattitarkennukselle. Joissakin tapauksissa on tarpeen s\u00e4\u00e4t\u00e4\u00e4 kameran asentoa ja kuvakulmaa, esim. esiintyj\u00e4n pituuden mukaan. Silloin kameran asentoa voi s\u00e4\u00e4t\u00e4\u00e4 jalustan yl\u00e4osassa kameran takana olevan kahvan avulla liikuttamalla kahvaa yl\u00f6s tai alas samalla kun [&hellip;]","og_url":"https:\/\/help.jamk.fi\/tuberoom\/fi\/kayttoohjeet\/kameran-saadot\/","og_site_name":"Tuberoom","article_modified_time":"2024-01-22T09:55:52+00:00","og_image":[{"url":"https:\/\/help.jamk.fi\/tuberoom\/wp-content\/uploads\/sites\/66\/2023\/07\/kameran_osat-1024x777.png","type":"","width":"","height":""}],"twitter_card":"summary_large_image","twitter_misc":{"Arvioitu lukuaika":"1 minuutti"},"schema":{"@context":"https:\/\/schema.org","@graph":[{"@type":"WebPage","@id":"https:\/\/help.jamk.fi\/tuberoom\/fi\/kayttoohjeet\/kameran-saadot\/","url":"https:\/\/help.jamk.fi\/tuberoom\/fi\/kayttoohjeet\/kameran-saadot\/","name":"Kameran s\u00e4\u00e4d\u00f6t - Tuberoom","isPartOf":{"@id":"https:\/\/help.jamk.fi\/tuberoom\/#website"},"primaryImageOfPage":{"@id":"https:\/\/help.jamk.fi\/tuberoom\/fi\/kayttoohjeet\/kameran-saadot\/#primaryimage"},"image":{"@id":"https:\/\/help.jamk.fi\/tuberoom\/fi\/kayttoohjeet\/kameran-saadot\/#primaryimage"},"thumbnailUrl":"https:\/\/help.jamk.fi\/tuberoom\/wp-content\/uploads\/sites\/66\/2023\/07\/kameran_osat-1024x777.png","datePublished":"2018-02-15T09:36:07+00:00","dateModified":"2024-01-22T09:55:52+00:00","breadcrumb":{"@id":"https:\/\/help.jamk.fi\/tuberoom\/fi\/kayttoohjeet\/kameran-saadot\/#breadcrumb"},"inLanguage":"fi","potentialAction":[{"@type":"ReadAction","target":["https:\/\/help.jamk.fi\/tuberoom\/fi\/kayttoohjeet\/kameran-saadot\/"]}]},{"@type":"ImageObject","inLanguage":"fi","@id":"https:\/\/help.jamk.fi\/tuberoom\/fi\/kayttoohjeet\/kameran-saadot\/#primaryimage","url":"","contentUrl":""},{"@type":"BreadcrumbList","@id":"https:\/\/help.jamk.fi\/tuberoom\/fi\/kayttoohjeet\/kameran-saadot\/#breadcrumb","itemListElement":[{"@type":"ListItem","position":1,"name":"Etusivu","item":"https:\/\/help.jamk.fi\/tuberoom\/fi\/"},{"@type":"ListItem","position":2,"name":"K\u00e4ytt\u00f6ohjeet","item":"https:\/\/help.jamk.fi\/tuberoom\/fi\/kayttoohjeet\/"},{"@type":"ListItem","position":3,"name":"Kameran s\u00e4\u00e4d\u00f6t"}]},{"@type":"WebSite","@id":"https:\/\/help.jamk.fi\/tuberoom\/#website","url":"https:\/\/help.jamk.fi\/tuberoom\/","name":"Tuberoom","description":"","potentialAction":[{"@type":"SearchAction","target":{"@type":"EntryPoint","urlTemplate":"https:\/\/help.jamk.fi\/tuberoom\/?s={search_term_string}"},"query-input":{"@type":"PropertyValueSpecification","valueRequired":true,"valueName":"search_term_string"}}],"inLanguage":"fi"}]}},"_links":{"self":[{"href":"https:\/\/help.jamk.fi\/tuberoom\/wp-json\/wp\/v2\/pages\/45","targetHints":{"allow":["GET"]}}],"collection":[{"href":"https:\/\/help.jamk.fi\/tuberoom\/wp-json\/wp\/v2\/pages"}],"about":[{"href":"https:\/\/help.jamk.fi\/tuberoom\/wp-json\/wp\/v2\/types\/page"}],"author":[{"embeddable":true,"href":"https:\/\/help.jamk.fi\/tuberoom\/wp-json\/wp\/v2\/users\/74"}],"replies":[{"embeddable":true,"href":"https:\/\/help.jamk.fi\/tuberoom\/wp-json\/wp\/v2\/comments?post=45"}],"version-history":[{"count":3,"href":"https:\/\/help.jamk.fi\/tuberoom\/wp-json\/wp\/v2\/pages\/45\/revisions"}],"predecessor-version":[{"id":392,"href":"https:\/\/help.jamk.fi\/tuberoom\/wp-json\/wp\/v2\/pages\/45\/revisions\/392"}],"up":[{"embeddable":true,"href":"https:\/\/help.jamk.fi\/tuberoom\/wp-json\/wp\/v2\/pages\/6"}],"wp:attachment":[{"href":"https:\/\/help.jamk.fi\/tuberoom\/wp-json\/wp\/v2\/media?parent=45"}],"wp:term":[{"taxonomy":"category","embeddable":true,"href":"https:\/\/help.jamk.fi\/tuberoom\/wp-json\/wp\/v2\/categories?post=45"},{"taxonomy":"post_tag","embeddable":true,"href":"https:\/\/help.jamk.fi\/tuberoom\/wp-json\/wp\/v2\/tags?post=45"}],"curies":[{"name":"wp","href":"https:\/\/api.w.org\/{rel}","templated":true}]}}