{"id":63,"date":"2018-02-15T11:39:55","date_gmt":"2018-02-15T09:39:55","guid":{"rendered":"https:\/\/help.jamk.fi\/tuberoom\/kayttoohjeet\/esityksen-kaappaaminen-tietokoneelta\/"},"modified":"2024-01-22T11:45:36","modified_gmt":"2024-01-22T09:45:36","slug":"esityksen-kaappaaminen-tietokoneelta","status":"publish","type":"page","link":"https:\/\/help.jamk.fi\/tuberoom\/fi\/kayttoohjeet\/esityksen-kaappaaminen-tietokoneelta\/","title":{"rendered":"Esityksen kaappaaminen tietokoneelta"},"content":{"rendered":"\n<p>Tuberoomissa on mahdollisuus kaapata oman tietokoneen kuvaa VMix-ohjelmiston videotallennukseen kahdella tapaa.<\/p>\n\n\n\n<ol class=\"wp-block-list\">\n<li>Helpoin tapa on kaapata kuvaa HDMI-USB3-kaapparin avulla, eli silloin tietokoneesi n\u00e4kyy ik\u00e4\u00e4n kuin toisena kamerana. Tietokone liitet\u00e4\u00e4n joko suoraan tuberoomin lattialla tai apup\u00f6yd\u00e4ll\u00e4 olevaan HDMI-kaapeliin tai Displayport-adapteriin, mik\u00e4li koneessasi on vain DP-liit\u00e4nt\u00e4. Sen j\u00e4lkeen kun olet koneesi liitt\u00e4nyt hdmi-kaapeliin, voit lis\u00e4t\u00e4 kuvaruutusi VMix-ohjelmaan Add input komennolla valitsemalla vaihtoehdoista Camera ja sielt\u00e4 AV.IO 4K (t\u00e4m\u00e4 on tallennettu valmiiksi inputiksi oletuspohjaan).<\/li>\n\n\n\n<li>Mik\u00e4li tietokoneesi on rajakadun verkkoalueella, se k\u00e4y helpoiten asentamalla tietokoneesi Software centerist\u00e4 NDI Scan Converter sovellus. Kun kytket tietokoneesi asennuksen j\u00e4lkeen tuberoomin lankaverkkoon (valkoinen pitk\u00e4 verkkokaapeli ovelta katsoen oikealla), p\u00e4\u00e4set samalle verkkoalueelle tallentavan tietokoneen kanssa. Sen j\u00e4lkeen k\u00e4ynnist\u00e4t Scan Converter ohjelmiston ja m\u00e4\u00e4rit\u00e4t siit\u00e4 l\u00e4het\u00e4tk\u00f6 kaappaukseen tietokoneen ty\u00f6p\u00f6yt\u00e4si kuvaa vaiko jotakin tietty\u00e4 ohjelmaa. Kaappauksen saat lis\u00e4tty\u00e4 VMix-ohjelmistoon kuval\u00e4hteeksi Add input -toiminnolla valitsemalla sielt\u00e4 NDI\/Desktop Capture. Mik\u00e4li VMix saa yhteyden tietokoneeseesi, valintaikkunassa n\u00e4kyy sallimasi kaappaussis\u00e4ll\u00f6t (Desktop, tai jokin ohjelmistoikkuna). NDI:n kautta kulkee sujuvasti my\u00f6s video ja \u00e4\u00e4ni ja kaapattavan \u00e4\u00e4nen voimakkuutta voit s\u00e4\u00e4t\u00e4\u00e4 VMixin \u00e4\u00e4nenvoimakkuusmikserin asetuksista.<\/li>\n<\/ol>\n\n\n\n<p>Kuvassa NDI-kuvanl\u00e4hteen lis\u00e4\u00e4minen VMix-ohjelmaan.<\/p>\n\n\n\n<figure class=\"wp-block-image\"><img decoding=\"async\" src=\"https:\/\/help.jamk.fi\/tuberoom\/wp-content\/uploads\/sites\/66\/2023\/07\/vmix_ndi_input-1024x576.png\" alt=\"\" class=\"wp-image-120\"\/><\/figure>\n\n\n\n<p>Kuvassa Camera-inputin lis\u00e4\u00e4minen VMix-ohjelmaan.<\/p>\n\n\n\n<figure class=\"wp-block-image\"><img decoding=\"async\" src=\"https:\/\/help.jamk.fi\/tuberoom\/wp-content\/uploads\/sites\/66\/2023\/07\/vmix_input_camera-1024x576.png\" alt=\"\" class=\"wp-image-121\"\/><\/figure>\n","protected":false},"excerpt":{"rendered":"<p>Tuberoomissa on mahdollisuus kaapata oman tietokoneen kuvaa VMix-ohjelmiston videotallennukseen kahdella tapaa. Kuvassa NDI-kuvanl\u00e4hteen lis\u00e4\u00e4minen VMix-ohjelmaan. Kuvassa Camera-inputin lis\u00e4\u00e4minen VMix-ohjelmaan.<\/p>\n","protected":false},"author":74,"featured_media":0,"parent":6,"menu_order":6,"comment_status":"closed","ping_status":"closed","template":"","meta":{"_acf_changed":false,"_relevanssi_hide_post":"","_relevanssi_hide_content":"","_relevanssi_pin_for_all":"","_relevanssi_pin_keywords":"","_relevanssi_unpin_keywords":"","_relevanssi_related_keywords":"","_relevanssi_related_include_ids":"","_relevanssi_related_exclude_ids":"","_relevanssi_related_no_append":"","_relevanssi_related_not_related":"","_relevanssi_related_posts":"","_relevanssi_noindex_reason":"","footnotes":""},"categories":[],"tags":[],"class_list":["post-63","page","type-page","status-publish","hentry"],"acf":[],"yoast_head":"<!-- This site is optimized with the Yoast SEO plugin v27.3 - https:\/\/yoast.com\/product\/yoast-seo-wordpress\/ -->\n<title>Esityksen kaappaaminen tietokoneelta - Tuberoom<\/title>\n<meta name=\"robots\" content=\"index, follow, max-snippet:-1, max-image-preview:large, max-video-preview:-1\" \/>\n<link rel=\"canonical\" href=\"https:\/\/help.jamk.fi\/tuberoom\/fi\/kayttoohjeet\/esityksen-kaappaaminen-tietokoneelta\/\" \/>\n<meta property=\"og:locale\" content=\"fi_FI\" \/>\n<meta property=\"og:type\" content=\"article\" \/>\n<meta property=\"og:title\" content=\"Esityksen kaappaaminen tietokoneelta - Tuberoom\" \/>\n<meta property=\"og:description\" content=\"Tuberoomissa on mahdollisuus kaapata oman tietokoneen kuvaa VMix-ohjelmiston videotallennukseen kahdella tapaa. Kuvassa NDI-kuvanl\u00e4hteen lis\u00e4\u00e4minen VMix-ohjelmaan. Kuvassa Camera-inputin lis\u00e4\u00e4minen VMix-ohjelmaan.\" \/>\n<meta property=\"og:url\" content=\"https:\/\/help.jamk.fi\/tuberoom\/fi\/kayttoohjeet\/esityksen-kaappaaminen-tietokoneelta\/\" \/>\n<meta property=\"og:site_name\" content=\"Tuberoom\" \/>\n<meta property=\"article:modified_time\" content=\"2024-01-22T09:45:36+00:00\" \/>\n<meta property=\"og:image\" content=\"https:\/\/help.jamk.fi\/tuberoom\/wp-content\/uploads\/sites\/66\/2023\/07\/vmix_ndi_input-1024x576.png\" \/>\n<meta name=\"twitter:card\" content=\"summary_large_image\" \/>\n<meta name=\"twitter:label1\" content=\"Arvioitu lukuaika\" \/>\n\t<meta name=\"twitter:data1\" content=\"2 minuuttia\" \/>\n<script type=\"application\/ld+json\" class=\"yoast-schema-graph\">{\"@context\":\"https:\\\/\\\/schema.org\",\"@graph\":[{\"@type\":\"WebPage\",\"@id\":\"https:\\\/\\\/help.jamk.fi\\\/tuberoom\\\/fi\\\/kayttoohjeet\\\/esityksen-kaappaaminen-tietokoneelta\\\/\",\"url\":\"https:\\\/\\\/help.jamk.fi\\\/tuberoom\\\/fi\\\/kayttoohjeet\\\/esityksen-kaappaaminen-tietokoneelta\\\/\",\"name\":\"Esityksen kaappaaminen tietokoneelta - Tuberoom\",\"isPartOf\":{\"@id\":\"https:\\\/\\\/help.jamk.fi\\\/tuberoom\\\/#website\"},\"primaryImageOfPage\":{\"@id\":\"https:\\\/\\\/help.jamk.fi\\\/tuberoom\\\/fi\\\/kayttoohjeet\\\/esityksen-kaappaaminen-tietokoneelta\\\/#primaryimage\"},\"image\":{\"@id\":\"https:\\\/\\\/help.jamk.fi\\\/tuberoom\\\/fi\\\/kayttoohjeet\\\/esityksen-kaappaaminen-tietokoneelta\\\/#primaryimage\"},\"thumbnailUrl\":\"https:\\\/\\\/help.jamk.fi\\\/tuberoom\\\/wp-content\\\/uploads\\\/sites\\\/66\\\/2023\\\/07\\\/vmix_ndi_input-1024x576.png\",\"datePublished\":\"2018-02-15T09:39:55+00:00\",\"dateModified\":\"2024-01-22T09:45:36+00:00\",\"breadcrumb\":{\"@id\":\"https:\\\/\\\/help.jamk.fi\\\/tuberoom\\\/fi\\\/kayttoohjeet\\\/esityksen-kaappaaminen-tietokoneelta\\\/#breadcrumb\"},\"inLanguage\":\"fi\",\"potentialAction\":[{\"@type\":\"ReadAction\",\"target\":[\"https:\\\/\\\/help.jamk.fi\\\/tuberoom\\\/fi\\\/kayttoohjeet\\\/esityksen-kaappaaminen-tietokoneelta\\\/\"]}]},{\"@type\":\"ImageObject\",\"inLanguage\":\"fi\",\"@id\":\"https:\\\/\\\/help.jamk.fi\\\/tuberoom\\\/fi\\\/kayttoohjeet\\\/esityksen-kaappaaminen-tietokoneelta\\\/#primaryimage\",\"url\":\"\",\"contentUrl\":\"\"},{\"@type\":\"BreadcrumbList\",\"@id\":\"https:\\\/\\\/help.jamk.fi\\\/tuberoom\\\/fi\\\/kayttoohjeet\\\/esityksen-kaappaaminen-tietokoneelta\\\/#breadcrumb\",\"itemListElement\":[{\"@type\":\"ListItem\",\"position\":1,\"name\":\"Etusivu\",\"item\":\"https:\\\/\\\/help.jamk.fi\\\/tuberoom\\\/fi\\\/\"},{\"@type\":\"ListItem\",\"position\":2,\"name\":\"K\u00e4ytt\u00f6ohjeet\",\"item\":\"https:\\\/\\\/help.jamk.fi\\\/tuberoom\\\/fi\\\/kayttoohjeet\\\/\"},{\"@type\":\"ListItem\",\"position\":3,\"name\":\"Esityksen kaappaaminen tietokoneelta\"}]},{\"@type\":\"WebSite\",\"@id\":\"https:\\\/\\\/help.jamk.fi\\\/tuberoom\\\/#website\",\"url\":\"https:\\\/\\\/help.jamk.fi\\\/tuberoom\\\/\",\"name\":\"Tuberoom\",\"description\":\"\",\"potentialAction\":[{\"@type\":\"SearchAction\",\"target\":{\"@type\":\"EntryPoint\",\"urlTemplate\":\"https:\\\/\\\/help.jamk.fi\\\/tuberoom\\\/?s={search_term_string}\"},\"query-input\":{\"@type\":\"PropertyValueSpecification\",\"valueRequired\":true,\"valueName\":\"search_term_string\"}}],\"inLanguage\":\"fi\"}]}<\/script>\n<!-- \/ Yoast SEO plugin. -->","yoast_head_json":{"title":"Esityksen kaappaaminen tietokoneelta - Tuberoom","robots":{"index":"index","follow":"follow","max-snippet":"max-snippet:-1","max-image-preview":"max-image-preview:large","max-video-preview":"max-video-preview:-1"},"canonical":"https:\/\/help.jamk.fi\/tuberoom\/fi\/kayttoohjeet\/esityksen-kaappaaminen-tietokoneelta\/","og_locale":"fi_FI","og_type":"article","og_title":"Esityksen kaappaaminen tietokoneelta - Tuberoom","og_description":"Tuberoomissa on mahdollisuus kaapata oman tietokoneen kuvaa VMix-ohjelmiston videotallennukseen kahdella tapaa. Kuvassa NDI-kuvanl\u00e4hteen lis\u00e4\u00e4minen VMix-ohjelmaan. Kuvassa Camera-inputin lis\u00e4\u00e4minen VMix-ohjelmaan.","og_url":"https:\/\/help.jamk.fi\/tuberoom\/fi\/kayttoohjeet\/esityksen-kaappaaminen-tietokoneelta\/","og_site_name":"Tuberoom","article_modified_time":"2024-01-22T09:45:36+00:00","og_image":[{"url":"https:\/\/help.jamk.fi\/tuberoom\/wp-content\/uploads\/sites\/66\/2023\/07\/vmix_ndi_input-1024x576.png","type":"","width":"","height":""}],"twitter_card":"summary_large_image","twitter_misc":{"Arvioitu lukuaika":"2 minuuttia"},"schema":{"@context":"https:\/\/schema.org","@graph":[{"@type":"WebPage","@id":"https:\/\/help.jamk.fi\/tuberoom\/fi\/kayttoohjeet\/esityksen-kaappaaminen-tietokoneelta\/","url":"https:\/\/help.jamk.fi\/tuberoom\/fi\/kayttoohjeet\/esityksen-kaappaaminen-tietokoneelta\/","name":"Esityksen kaappaaminen tietokoneelta - Tuberoom","isPartOf":{"@id":"https:\/\/help.jamk.fi\/tuberoom\/#website"},"primaryImageOfPage":{"@id":"https:\/\/help.jamk.fi\/tuberoom\/fi\/kayttoohjeet\/esityksen-kaappaaminen-tietokoneelta\/#primaryimage"},"image":{"@id":"https:\/\/help.jamk.fi\/tuberoom\/fi\/kayttoohjeet\/esityksen-kaappaaminen-tietokoneelta\/#primaryimage"},"thumbnailUrl":"https:\/\/help.jamk.fi\/tuberoom\/wp-content\/uploads\/sites\/66\/2023\/07\/vmix_ndi_input-1024x576.png","datePublished":"2018-02-15T09:39:55+00:00","dateModified":"2024-01-22T09:45:36+00:00","breadcrumb":{"@id":"https:\/\/help.jamk.fi\/tuberoom\/fi\/kayttoohjeet\/esityksen-kaappaaminen-tietokoneelta\/#breadcrumb"},"inLanguage":"fi","potentialAction":[{"@type":"ReadAction","target":["https:\/\/help.jamk.fi\/tuberoom\/fi\/kayttoohjeet\/esityksen-kaappaaminen-tietokoneelta\/"]}]},{"@type":"ImageObject","inLanguage":"fi","@id":"https:\/\/help.jamk.fi\/tuberoom\/fi\/kayttoohjeet\/esityksen-kaappaaminen-tietokoneelta\/#primaryimage","url":"","contentUrl":""},{"@type":"BreadcrumbList","@id":"https:\/\/help.jamk.fi\/tuberoom\/fi\/kayttoohjeet\/esityksen-kaappaaminen-tietokoneelta\/#breadcrumb","itemListElement":[{"@type":"ListItem","position":1,"name":"Etusivu","item":"https:\/\/help.jamk.fi\/tuberoom\/fi\/"},{"@type":"ListItem","position":2,"name":"K\u00e4ytt\u00f6ohjeet","item":"https:\/\/help.jamk.fi\/tuberoom\/fi\/kayttoohjeet\/"},{"@type":"ListItem","position":3,"name":"Esityksen kaappaaminen tietokoneelta"}]},{"@type":"WebSite","@id":"https:\/\/help.jamk.fi\/tuberoom\/#website","url":"https:\/\/help.jamk.fi\/tuberoom\/","name":"Tuberoom","description":"","potentialAction":[{"@type":"SearchAction","target":{"@type":"EntryPoint","urlTemplate":"https:\/\/help.jamk.fi\/tuberoom\/?s={search_term_string}"},"query-input":{"@type":"PropertyValueSpecification","valueRequired":true,"valueName":"search_term_string"}}],"inLanguage":"fi"}]}},"_links":{"self":[{"href":"https:\/\/help.jamk.fi\/tuberoom\/wp-json\/wp\/v2\/pages\/63","targetHints":{"allow":["GET"]}}],"collection":[{"href":"https:\/\/help.jamk.fi\/tuberoom\/wp-json\/wp\/v2\/pages"}],"about":[{"href":"https:\/\/help.jamk.fi\/tuberoom\/wp-json\/wp\/v2\/types\/page"}],"author":[{"embeddable":true,"href":"https:\/\/help.jamk.fi\/tuberoom\/wp-json\/wp\/v2\/users\/74"}],"replies":[{"embeddable":true,"href":"https:\/\/help.jamk.fi\/tuberoom\/wp-json\/wp\/v2\/comments?post=63"}],"version-history":[{"count":4,"href":"https:\/\/help.jamk.fi\/tuberoom\/wp-json\/wp\/v2\/pages\/63\/revisions"}],"predecessor-version":[{"id":389,"href":"https:\/\/help.jamk.fi\/tuberoom\/wp-json\/wp\/v2\/pages\/63\/revisions\/389"}],"up":[{"embeddable":true,"href":"https:\/\/help.jamk.fi\/tuberoom\/wp-json\/wp\/v2\/pages\/6"}],"wp:attachment":[{"href":"https:\/\/help.jamk.fi\/tuberoom\/wp-json\/wp\/v2\/media?parent=63"}],"wp:term":[{"taxonomy":"category","embeddable":true,"href":"https:\/\/help.jamk.fi\/tuberoom\/wp-json\/wp\/v2\/categories?post=63"},{"taxonomy":"post_tag","embeddable":true,"href":"https:\/\/help.jamk.fi\/tuberoom\/wp-json\/wp\/v2\/tags?post=63"}],"curies":[{"name":"wp","href":"https:\/\/api.w.org\/{rel}","templated":true}]}}