{"id":75,"date":"2018-02-15T11:41:34","date_gmt":"2018-02-15T09:41:34","guid":{"rendered":"https:\/\/help.jamk.fi\/tuberoom\/kayttoohjeet\/lightboardin-kaytto\/"},"modified":"2024-01-22T11:47:33","modified_gmt":"2024-01-22T09:47:33","slug":"lightboardin-kaytto","status":"publish","type":"page","link":"https:\/\/help.jamk.fi\/tuberoom\/fi\/kayttoohjeet\/lightboardin-kaytto\/","title":{"rendered":"Lightboardin k\u00e4ytt\u00f6"},"content":{"rendered":"\n<p>Lightboard on k\u00e4yt\u00e4nn\u00f6ss\u00e4 ikkunalasista tehty l\u00e4pin\u00e4kyv\u00e4 liitutaulu, johon voi piirt\u00e4\u00e4 kalkkipohjaisilla tusseilla. Tuberoomin lattialla on kori, jossa on valikoima eri v\u00e4risi\u00e4 ja eri paksuisia kalkkitusseja. Kokemusten mukaan valkoinen n\u00e4kyy parhaiten, mutta muitakin kannattaa kokeilla ja k\u00e4ytt\u00e4\u00e4. Ihan valkoisia tai vaaleita vaatteita ei kannata piirt\u00e4ess\u00e4 k\u00e4ytt\u00e4\u00e4, koska piirrokset eiv\u00e4t silloin erotu kovinkaan hyvin taustalla h\u00e4\u00e4r\u00e4ilev\u00e4st\u00e4 hahmosta. Piirrokset voi pyyhki\u00e4 v\u00e4lill\u00e4 uusien piirrosten alta vedell\u00e4 kastellulla m\u00e4r\u00e4ll\u00e4 mikrokuituliinalla. Tuberoomissa on my\u00f6s pari suihkepulloa, joissa ikkunanpesuainetta ja yleispuhdistusainetta. Niill\u00e4 on hyv\u00e4 putsata lasi kunnolla varsinkin ankaran piirustelusession lopuksi.<\/p>\n\n\n\n<p>Kameran kuvakulma on rajattu pienemm\u00e4ksi kuin lasin piirtoalue. Esikatselumonitorista n\u00e4et tallentuvan piirtoalueen laajuuden. Kuvakulmaa \u00a0voit halutessasi s\u00e4\u00e4t\u00e4\u00e4 kameran Zoom-painikkeilla ja\u00a0kameran asentoa jalustan kahvalla. Jotkut piirustelijat ovat merkanneet kalkkitusseilla itselleen sopivan piirtoalueen rajat pienin merkein ikkunaan.<\/p>\n\n\n\n<p>Esikatselumonitori on oletuksena lattialla lightboardin edess\u00e4 heijastusten v\u00e4ltt\u00e4miseksi. Sen paikkaa voit kokeilla vaihtaa my\u00f6s lightboardista n\u00e4hden oikealle sivulle tuberoomissa olevan pienen p\u00f6yd\u00e4n p\u00e4\u00e4lle. N\u00e4in saat nostettua katsettasi ylemm\u00e4ksi, mik\u00e4li sinulla on tarve silm\u00e4ill\u00e4 esikatselumonitoriin esityksesi aikana.<\/p>\n","protected":false},"excerpt":{"rendered":"<p>Lightboard on k\u00e4yt\u00e4nn\u00f6ss\u00e4 ikkunalasista tehty l\u00e4pin\u00e4kyv\u00e4 liitutaulu, johon voi piirt\u00e4\u00e4 kalkkipohjaisilla tusseilla. Tuberoomin lattialla on kori, jossa on valikoima eri v\u00e4risi\u00e4 ja eri paksuisia kalkkitusseja. Kokemusten mukaan valkoinen n\u00e4kyy parhaiten, mutta muitakin kannattaa kokeilla ja k\u00e4ytt\u00e4\u00e4. Ihan valkoisia tai vaaleita vaatteita ei kannata piirt\u00e4ess\u00e4 k\u00e4ytt\u00e4\u00e4, koska piirrokset eiv\u00e4t silloin erotu kovinkaan hyvin taustalla h\u00e4\u00e4r\u00e4ilev\u00e4st\u00e4 hahmosta. [&hellip;]<\/p>\n","protected":false},"author":74,"featured_media":0,"parent":6,"menu_order":5,"comment_status":"closed","ping_status":"closed","template":"","meta":{"_acf_changed":false,"_relevanssi_hide_post":"","_relevanssi_hide_content":"","_relevanssi_pin_for_all":"","_relevanssi_pin_keywords":"","_relevanssi_unpin_keywords":"","_relevanssi_related_keywords":"","_relevanssi_related_include_ids":"","_relevanssi_related_exclude_ids":"","_relevanssi_related_no_append":"","_relevanssi_related_not_related":"","_relevanssi_related_posts":"","_relevanssi_noindex_reason":"","footnotes":""},"categories":[],"tags":[],"class_list":["post-75","page","type-page","status-publish","hentry"],"acf":[],"yoast_head":"<!-- This site is optimized with the Yoast SEO plugin v27.4 - https:\/\/yoast.com\/product\/yoast-seo-wordpress\/ -->\n<title>Lightboardin k\u00e4ytt\u00f6 - Tuberoom<\/title>\n<meta name=\"robots\" content=\"index, follow, max-snippet:-1, max-image-preview:large, max-video-preview:-1\" \/>\n<link rel=\"canonical\" href=\"https:\/\/help.jamk.fi\/tuberoom\/fi\/kayttoohjeet\/lightboardin-kaytto\/\" \/>\n<meta property=\"og:locale\" content=\"fi_FI\" \/>\n<meta property=\"og:type\" content=\"article\" \/>\n<meta property=\"og:title\" content=\"Lightboardin k\u00e4ytt\u00f6 - Tuberoom\" \/>\n<meta property=\"og:description\" content=\"Lightboard on k\u00e4yt\u00e4nn\u00f6ss\u00e4 ikkunalasista tehty l\u00e4pin\u00e4kyv\u00e4 liitutaulu, johon voi piirt\u00e4\u00e4 kalkkipohjaisilla tusseilla. Tuberoomin lattialla on kori, jossa on valikoima eri v\u00e4risi\u00e4 ja eri paksuisia kalkkitusseja. Kokemusten mukaan valkoinen n\u00e4kyy parhaiten, mutta muitakin kannattaa kokeilla ja k\u00e4ytt\u00e4\u00e4. Ihan valkoisia tai vaaleita vaatteita ei kannata piirt\u00e4ess\u00e4 k\u00e4ytt\u00e4\u00e4, koska piirrokset eiv\u00e4t silloin erotu kovinkaan hyvin taustalla h\u00e4\u00e4r\u00e4ilev\u00e4st\u00e4 hahmosta. [&hellip;]\" \/>\n<meta property=\"og:url\" content=\"https:\/\/help.jamk.fi\/tuberoom\/fi\/kayttoohjeet\/lightboardin-kaytto\/\" \/>\n<meta property=\"og:site_name\" content=\"Tuberoom\" \/>\n<meta property=\"article:modified_time\" content=\"2024-01-22T09:47:33+00:00\" \/>\n<meta name=\"twitter:card\" content=\"summary_large_image\" \/>\n<meta name=\"twitter:label1\" content=\"Arvioitu lukuaika\" \/>\n\t<meta name=\"twitter:data1\" content=\"1 minuutti\" \/>\n<script type=\"application\/ld+json\" class=\"yoast-schema-graph\">{\"@context\":\"https:\\\/\\\/schema.org\",\"@graph\":[{\"@type\":\"WebPage\",\"@id\":\"https:\\\/\\\/help.jamk.fi\\\/tuberoom\\\/fi\\\/kayttoohjeet\\\/lightboardin-kaytto\\\/\",\"url\":\"https:\\\/\\\/help.jamk.fi\\\/tuberoom\\\/fi\\\/kayttoohjeet\\\/lightboardin-kaytto\\\/\",\"name\":\"Lightboardin k\u00e4ytt\u00f6 - Tuberoom\",\"isPartOf\":{\"@id\":\"https:\\\/\\\/help.jamk.fi\\\/tuberoom\\\/#website\"},\"datePublished\":\"2018-02-15T09:41:34+00:00\",\"dateModified\":\"2024-01-22T09:47:33+00:00\",\"breadcrumb\":{\"@id\":\"https:\\\/\\\/help.jamk.fi\\\/tuberoom\\\/fi\\\/kayttoohjeet\\\/lightboardin-kaytto\\\/#breadcrumb\"},\"inLanguage\":\"fi\",\"potentialAction\":[{\"@type\":\"ReadAction\",\"target\":[\"https:\\\/\\\/help.jamk.fi\\\/tuberoom\\\/fi\\\/kayttoohjeet\\\/lightboardin-kaytto\\\/\"]}]},{\"@type\":\"BreadcrumbList\",\"@id\":\"https:\\\/\\\/help.jamk.fi\\\/tuberoom\\\/fi\\\/kayttoohjeet\\\/lightboardin-kaytto\\\/#breadcrumb\",\"itemListElement\":[{\"@type\":\"ListItem\",\"position\":1,\"name\":\"Etusivu\",\"item\":\"https:\\\/\\\/help.jamk.fi\\\/tuberoom\\\/fi\\\/\"},{\"@type\":\"ListItem\",\"position\":2,\"name\":\"K\u00e4ytt\u00f6ohjeet\",\"item\":\"https:\\\/\\\/help.jamk.fi\\\/tuberoom\\\/fi\\\/kayttoohjeet\\\/\"},{\"@type\":\"ListItem\",\"position\":3,\"name\":\"Lightboardin k\u00e4ytt\u00f6\"}]},{\"@type\":\"WebSite\",\"@id\":\"https:\\\/\\\/help.jamk.fi\\\/tuberoom\\\/#website\",\"url\":\"https:\\\/\\\/help.jamk.fi\\\/tuberoom\\\/\",\"name\":\"Tuberoom\",\"description\":\"\",\"potentialAction\":[{\"@type\":\"SearchAction\",\"target\":{\"@type\":\"EntryPoint\",\"urlTemplate\":\"https:\\\/\\\/help.jamk.fi\\\/tuberoom\\\/?s={search_term_string}\"},\"query-input\":{\"@type\":\"PropertyValueSpecification\",\"valueRequired\":true,\"valueName\":\"search_term_string\"}}],\"inLanguage\":\"fi\"}]}<\/script>\n<!-- \/ Yoast SEO plugin. -->","yoast_head_json":{"title":"Lightboardin k\u00e4ytt\u00f6 - Tuberoom","robots":{"index":"index","follow":"follow","max-snippet":"max-snippet:-1","max-image-preview":"max-image-preview:large","max-video-preview":"max-video-preview:-1"},"canonical":"https:\/\/help.jamk.fi\/tuberoom\/fi\/kayttoohjeet\/lightboardin-kaytto\/","og_locale":"fi_FI","og_type":"article","og_title":"Lightboardin k\u00e4ytt\u00f6 - Tuberoom","og_description":"Lightboard on k\u00e4yt\u00e4nn\u00f6ss\u00e4 ikkunalasista tehty l\u00e4pin\u00e4kyv\u00e4 liitutaulu, johon voi piirt\u00e4\u00e4 kalkkipohjaisilla tusseilla. Tuberoomin lattialla on kori, jossa on valikoima eri v\u00e4risi\u00e4 ja eri paksuisia kalkkitusseja. Kokemusten mukaan valkoinen n\u00e4kyy parhaiten, mutta muitakin kannattaa kokeilla ja k\u00e4ytt\u00e4\u00e4. Ihan valkoisia tai vaaleita vaatteita ei kannata piirt\u00e4ess\u00e4 k\u00e4ytt\u00e4\u00e4, koska piirrokset eiv\u00e4t silloin erotu kovinkaan hyvin taustalla h\u00e4\u00e4r\u00e4ilev\u00e4st\u00e4 hahmosta. [&hellip;]","og_url":"https:\/\/help.jamk.fi\/tuberoom\/fi\/kayttoohjeet\/lightboardin-kaytto\/","og_site_name":"Tuberoom","article_modified_time":"2024-01-22T09:47:33+00:00","twitter_card":"summary_large_image","twitter_misc":{"Arvioitu lukuaika":"1 minuutti"},"schema":{"@context":"https:\/\/schema.org","@graph":[{"@type":"WebPage","@id":"https:\/\/help.jamk.fi\/tuberoom\/fi\/kayttoohjeet\/lightboardin-kaytto\/","url":"https:\/\/help.jamk.fi\/tuberoom\/fi\/kayttoohjeet\/lightboardin-kaytto\/","name":"Lightboardin k\u00e4ytt\u00f6 - Tuberoom","isPartOf":{"@id":"https:\/\/help.jamk.fi\/tuberoom\/#website"},"datePublished":"2018-02-15T09:41:34+00:00","dateModified":"2024-01-22T09:47:33+00:00","breadcrumb":{"@id":"https:\/\/help.jamk.fi\/tuberoom\/fi\/kayttoohjeet\/lightboardin-kaytto\/#breadcrumb"},"inLanguage":"fi","potentialAction":[{"@type":"ReadAction","target":["https:\/\/help.jamk.fi\/tuberoom\/fi\/kayttoohjeet\/lightboardin-kaytto\/"]}]},{"@type":"BreadcrumbList","@id":"https:\/\/help.jamk.fi\/tuberoom\/fi\/kayttoohjeet\/lightboardin-kaytto\/#breadcrumb","itemListElement":[{"@type":"ListItem","position":1,"name":"Etusivu","item":"https:\/\/help.jamk.fi\/tuberoom\/fi\/"},{"@type":"ListItem","position":2,"name":"K\u00e4ytt\u00f6ohjeet","item":"https:\/\/help.jamk.fi\/tuberoom\/fi\/kayttoohjeet\/"},{"@type":"ListItem","position":3,"name":"Lightboardin k\u00e4ytt\u00f6"}]},{"@type":"WebSite","@id":"https:\/\/help.jamk.fi\/tuberoom\/#website","url":"https:\/\/help.jamk.fi\/tuberoom\/","name":"Tuberoom","description":"","potentialAction":[{"@type":"SearchAction","target":{"@type":"EntryPoint","urlTemplate":"https:\/\/help.jamk.fi\/tuberoom\/?s={search_term_string}"},"query-input":{"@type":"PropertyValueSpecification","valueRequired":true,"valueName":"search_term_string"}}],"inLanguage":"fi"}]}},"_links":{"self":[{"href":"https:\/\/help.jamk.fi\/tuberoom\/wp-json\/wp\/v2\/pages\/75","targetHints":{"allow":["GET"]}}],"collection":[{"href":"https:\/\/help.jamk.fi\/tuberoom\/wp-json\/wp\/v2\/pages"}],"about":[{"href":"https:\/\/help.jamk.fi\/tuberoom\/wp-json\/wp\/v2\/types\/page"}],"author":[{"embeddable":true,"href":"https:\/\/help.jamk.fi\/tuberoom\/wp-json\/wp\/v2\/users\/74"}],"replies":[{"embeddable":true,"href":"https:\/\/help.jamk.fi\/tuberoom\/wp-json\/wp\/v2\/comments?post=75"}],"version-history":[{"count":3,"href":"https:\/\/help.jamk.fi\/tuberoom\/wp-json\/wp\/v2\/pages\/75\/revisions"}],"predecessor-version":[{"id":390,"href":"https:\/\/help.jamk.fi\/tuberoom\/wp-json\/wp\/v2\/pages\/75\/revisions\/390"}],"up":[{"embeddable":true,"href":"https:\/\/help.jamk.fi\/tuberoom\/wp-json\/wp\/v2\/pages\/6"}],"wp:attachment":[{"href":"https:\/\/help.jamk.fi\/tuberoom\/wp-json\/wp\/v2\/media?parent=75"}],"wp:term":[{"taxonomy":"category","embeddable":true,"href":"https:\/\/help.jamk.fi\/tuberoom\/wp-json\/wp\/v2\/categories?post=75"},{"taxonomy":"post_tag","embeddable":true,"href":"https:\/\/help.jamk.fi\/tuberoom\/wp-json\/wp\/v2\/tags?post=75"}],"curies":[{"name":"wp","href":"https:\/\/api.w.org\/{rel}","templated":true}]}}