{"id":78,"date":"2018-02-15T11:44:21","date_gmt":"2018-02-15T09:44:21","guid":{"rendered":"https:\/\/help.jamk.fi\/tuberoom\/kayttoohjeet\/taustakankaat\/"},"modified":"2023-11-20T13:19:47","modified_gmt":"2023-11-20T11:19:47","slug":"taustakankaat","status":"publish","type":"page","link":"https:\/\/help.jamk.fi\/tuberoom\/fi\/kayttoohjeet\/taustakankaat\/","title":{"rendered":"Taustakankaat"},"content":{"rendered":"\n<p>Mustan taustakankaan tilalle voi pystytt\u00e4\u00e4 my\u00f6s erillisen kangaskehikon, johon voidaan ripustaa taustaksi eriv\u00e4risi\u00e4 kankaita. T\u00e4ll\u00e4 hetkell\u00e4 huoneessa on tarjolla vihre\u00e4 ja valkoinen taustakangas. Vihre\u00e4\u00e4 voi k\u00e4ytt\u00e4\u00e4 taustan h\u00e4ivytt\u00e4miseen, jolloin voidaan hy\u00f6dynt\u00e4\u00e4 virtuaalisia taustoja. Vihre\u00e4 taustakangas kannattaa valaista Ledgo:n Stripeledeill\u00e4 molemmilta puolin, niin esiintyj\u00e4n varjot eiv\u00e4t h\u00e4iritse niin pahoin ja taustan saa h\u00e4ivytetty\u00e4 tasaisemmin.<\/p>\n","protected":false},"excerpt":{"rendered":"<p>Mustan taustakankaan tilalle voi pystytt\u00e4\u00e4 my\u00f6s erillisen kangaskehikon, johon voidaan ripustaa taustaksi eriv\u00e4risi\u00e4 kankaita. T\u00e4ll\u00e4 hetkell\u00e4 huoneessa on tarjolla vihre\u00e4 ja valkoinen taustakangas. Vihre\u00e4\u00e4 voi k\u00e4ytt\u00e4\u00e4 taustan h\u00e4ivytt\u00e4miseen, jolloin voidaan hy\u00f6dynt\u00e4\u00e4 virtuaalisia taustoja. Vihre\u00e4 taustakangas kannattaa valaista Ledgo:n Stripeledeill\u00e4 molemmilta puolin, niin esiintyj\u00e4n varjot eiv\u00e4t h\u00e4iritse niin pahoin ja taustan saa h\u00e4ivytetty\u00e4 tasaisemmin.<\/p>\n","protected":false},"author":74,"featured_media":0,"parent":6,"menu_order":7,"comment_status":"closed","ping_status":"closed","template":"","meta":{"_acf_changed":false,"_relevanssi_hide_post":"","_relevanssi_hide_content":"","_relevanssi_pin_for_all":"","_relevanssi_pin_keywords":"","_relevanssi_unpin_keywords":"","_relevanssi_related_keywords":"","_relevanssi_related_include_ids":"","_relevanssi_related_exclude_ids":"","_relevanssi_related_no_append":"","_relevanssi_related_not_related":"","_relevanssi_related_posts":"","_relevanssi_noindex_reason":"","footnotes":""},"categories":[],"tags":[],"class_list":["post-78","page","type-page","status-publish","hentry"],"acf":[],"yoast_head":"<!-- This site is optimized with the Yoast SEO plugin v27.3 - https:\/\/yoast.com\/product\/yoast-seo-wordpress\/ -->\n<title>Taustakankaat - Tuberoom<\/title>\n<meta name=\"robots\" content=\"index, follow, max-snippet:-1, max-image-preview:large, max-video-preview:-1\" \/>\n<link rel=\"canonical\" href=\"https:\/\/help.jamk.fi\/tuberoom\/fi\/kayttoohjeet\/taustakankaat\/\" \/>\n<meta property=\"og:locale\" content=\"fi_FI\" \/>\n<meta property=\"og:type\" content=\"article\" \/>\n<meta property=\"og:title\" content=\"Taustakankaat - Tuberoom\" \/>\n<meta property=\"og:description\" content=\"Mustan taustakankaan tilalle voi pystytt\u00e4\u00e4 my\u00f6s erillisen kangaskehikon, johon voidaan ripustaa taustaksi eriv\u00e4risi\u00e4 kankaita. T\u00e4ll\u00e4 hetkell\u00e4 huoneessa on tarjolla vihre\u00e4 ja valkoinen taustakangas. Vihre\u00e4\u00e4 voi k\u00e4ytt\u00e4\u00e4 taustan h\u00e4ivytt\u00e4miseen, jolloin voidaan hy\u00f6dynt\u00e4\u00e4 virtuaalisia taustoja. Vihre\u00e4 taustakangas kannattaa valaista Ledgo:n Stripeledeill\u00e4 molemmilta puolin, niin esiintyj\u00e4n varjot eiv\u00e4t h\u00e4iritse niin pahoin ja taustan saa h\u00e4ivytetty\u00e4 tasaisemmin.\" \/>\n<meta property=\"og:url\" content=\"https:\/\/help.jamk.fi\/tuberoom\/fi\/kayttoohjeet\/taustakankaat\/\" \/>\n<meta property=\"og:site_name\" content=\"Tuberoom\" \/>\n<meta property=\"article:modified_time\" content=\"2023-11-20T11:19:47+00:00\" \/>\n<meta name=\"twitter:card\" content=\"summary_large_image\" \/>\n<script type=\"application\/ld+json\" class=\"yoast-schema-graph\">{\"@context\":\"https:\\\/\\\/schema.org\",\"@graph\":[{\"@type\":\"WebPage\",\"@id\":\"https:\\\/\\\/help.jamk.fi\\\/tuberoom\\\/fi\\\/kayttoohjeet\\\/taustakankaat\\\/\",\"url\":\"https:\\\/\\\/help.jamk.fi\\\/tuberoom\\\/fi\\\/kayttoohjeet\\\/taustakankaat\\\/\",\"name\":\"Taustakankaat - Tuberoom\",\"isPartOf\":{\"@id\":\"https:\\\/\\\/help.jamk.fi\\\/tuberoom\\\/#website\"},\"datePublished\":\"2018-02-15T09:44:21+00:00\",\"dateModified\":\"2023-11-20T11:19:47+00:00\",\"breadcrumb\":{\"@id\":\"https:\\\/\\\/help.jamk.fi\\\/tuberoom\\\/fi\\\/kayttoohjeet\\\/taustakankaat\\\/#breadcrumb\"},\"inLanguage\":\"fi\",\"potentialAction\":[{\"@type\":\"ReadAction\",\"target\":[\"https:\\\/\\\/help.jamk.fi\\\/tuberoom\\\/fi\\\/kayttoohjeet\\\/taustakankaat\\\/\"]}]},{\"@type\":\"BreadcrumbList\",\"@id\":\"https:\\\/\\\/help.jamk.fi\\\/tuberoom\\\/fi\\\/kayttoohjeet\\\/taustakankaat\\\/#breadcrumb\",\"itemListElement\":[{\"@type\":\"ListItem\",\"position\":1,\"name\":\"Etusivu\",\"item\":\"https:\\\/\\\/help.jamk.fi\\\/tuberoom\\\/fi\\\/\"},{\"@type\":\"ListItem\",\"position\":2,\"name\":\"K\u00e4ytt\u00f6ohjeet\",\"item\":\"https:\\\/\\\/help.jamk.fi\\\/tuberoom\\\/fi\\\/kayttoohjeet\\\/\"},{\"@type\":\"ListItem\",\"position\":3,\"name\":\"Taustakankaat\"}]},{\"@type\":\"WebSite\",\"@id\":\"https:\\\/\\\/help.jamk.fi\\\/tuberoom\\\/#website\",\"url\":\"https:\\\/\\\/help.jamk.fi\\\/tuberoom\\\/\",\"name\":\"Tuberoom\",\"description\":\"\",\"potentialAction\":[{\"@type\":\"SearchAction\",\"target\":{\"@type\":\"EntryPoint\",\"urlTemplate\":\"https:\\\/\\\/help.jamk.fi\\\/tuberoom\\\/?s={search_term_string}\"},\"query-input\":{\"@type\":\"PropertyValueSpecification\",\"valueRequired\":true,\"valueName\":\"search_term_string\"}}],\"inLanguage\":\"fi\"}]}<\/script>\n<!-- \/ Yoast SEO plugin. -->","yoast_head_json":{"title":"Taustakankaat - Tuberoom","robots":{"index":"index","follow":"follow","max-snippet":"max-snippet:-1","max-image-preview":"max-image-preview:large","max-video-preview":"max-video-preview:-1"},"canonical":"https:\/\/help.jamk.fi\/tuberoom\/fi\/kayttoohjeet\/taustakankaat\/","og_locale":"fi_FI","og_type":"article","og_title":"Taustakankaat - Tuberoom","og_description":"Mustan taustakankaan tilalle voi pystytt\u00e4\u00e4 my\u00f6s erillisen kangaskehikon, johon voidaan ripustaa taustaksi eriv\u00e4risi\u00e4 kankaita. T\u00e4ll\u00e4 hetkell\u00e4 huoneessa on tarjolla vihre\u00e4 ja valkoinen taustakangas. Vihre\u00e4\u00e4 voi k\u00e4ytt\u00e4\u00e4 taustan h\u00e4ivytt\u00e4miseen, jolloin voidaan hy\u00f6dynt\u00e4\u00e4 virtuaalisia taustoja. Vihre\u00e4 taustakangas kannattaa valaista Ledgo:n Stripeledeill\u00e4 molemmilta puolin, niin esiintyj\u00e4n varjot eiv\u00e4t h\u00e4iritse niin pahoin ja taustan saa h\u00e4ivytetty\u00e4 tasaisemmin.","og_url":"https:\/\/help.jamk.fi\/tuberoom\/fi\/kayttoohjeet\/taustakankaat\/","og_site_name":"Tuberoom","article_modified_time":"2023-11-20T11:19:47+00:00","twitter_card":"summary_large_image","schema":{"@context":"https:\/\/schema.org","@graph":[{"@type":"WebPage","@id":"https:\/\/help.jamk.fi\/tuberoom\/fi\/kayttoohjeet\/taustakankaat\/","url":"https:\/\/help.jamk.fi\/tuberoom\/fi\/kayttoohjeet\/taustakankaat\/","name":"Taustakankaat - Tuberoom","isPartOf":{"@id":"https:\/\/help.jamk.fi\/tuberoom\/#website"},"datePublished":"2018-02-15T09:44:21+00:00","dateModified":"2023-11-20T11:19:47+00:00","breadcrumb":{"@id":"https:\/\/help.jamk.fi\/tuberoom\/fi\/kayttoohjeet\/taustakankaat\/#breadcrumb"},"inLanguage":"fi","potentialAction":[{"@type":"ReadAction","target":["https:\/\/help.jamk.fi\/tuberoom\/fi\/kayttoohjeet\/taustakankaat\/"]}]},{"@type":"BreadcrumbList","@id":"https:\/\/help.jamk.fi\/tuberoom\/fi\/kayttoohjeet\/taustakankaat\/#breadcrumb","itemListElement":[{"@type":"ListItem","position":1,"name":"Etusivu","item":"https:\/\/help.jamk.fi\/tuberoom\/fi\/"},{"@type":"ListItem","position":2,"name":"K\u00e4ytt\u00f6ohjeet","item":"https:\/\/help.jamk.fi\/tuberoom\/fi\/kayttoohjeet\/"},{"@type":"ListItem","position":3,"name":"Taustakankaat"}]},{"@type":"WebSite","@id":"https:\/\/help.jamk.fi\/tuberoom\/#website","url":"https:\/\/help.jamk.fi\/tuberoom\/","name":"Tuberoom","description":"","potentialAction":[{"@type":"SearchAction","target":{"@type":"EntryPoint","urlTemplate":"https:\/\/help.jamk.fi\/tuberoom\/?s={search_term_string}"},"query-input":{"@type":"PropertyValueSpecification","valueRequired":true,"valueName":"search_term_string"}}],"inLanguage":"fi"}]}},"_links":{"self":[{"href":"https:\/\/help.jamk.fi\/tuberoom\/wp-json\/wp\/v2\/pages\/78","targetHints":{"allow":["GET"]}}],"collection":[{"href":"https:\/\/help.jamk.fi\/tuberoom\/wp-json\/wp\/v2\/pages"}],"about":[{"href":"https:\/\/help.jamk.fi\/tuberoom\/wp-json\/wp\/v2\/types\/page"}],"author":[{"embeddable":true,"href":"https:\/\/help.jamk.fi\/tuberoom\/wp-json\/wp\/v2\/users\/74"}],"replies":[{"embeddable":true,"href":"https:\/\/help.jamk.fi\/tuberoom\/wp-json\/wp\/v2\/comments?post=78"}],"version-history":[{"count":2,"href":"https:\/\/help.jamk.fi\/tuberoom\/wp-json\/wp\/v2\/pages\/78\/revisions"}],"predecessor-version":[{"id":332,"href":"https:\/\/help.jamk.fi\/tuberoom\/wp-json\/wp\/v2\/pages\/78\/revisions\/332"}],"up":[{"embeddable":true,"href":"https:\/\/help.jamk.fi\/tuberoom\/wp-json\/wp\/v2\/pages\/6"}],"wp:attachment":[{"href":"https:\/\/help.jamk.fi\/tuberoom\/wp-json\/wp\/v2\/media?parent=78"}],"wp:term":[{"taxonomy":"category","embeddable":true,"href":"https:\/\/help.jamk.fi\/tuberoom\/wp-json\/wp\/v2\/categories?post=78"},{"taxonomy":"post_tag","embeddable":true,"href":"https:\/\/help.jamk.fi\/tuberoom\/wp-json\/wp\/v2\/tags?post=78"}],"curies":[{"name":"wp","href":"https:\/\/api.w.org\/{rel}","templated":true}]}}