{"id":81,"date":"2018-02-15T11:46:05","date_gmt":"2018-02-15T09:46:05","guid":{"rendered":"https:\/\/help.jamk.fi\/tuberoom\/kayttoohjeet\/chromakey-asetukset\/"},"modified":"2024-01-19T17:58:49","modified_gmt":"2024-01-19T15:58:49","slug":"chromakey-asetukset","status":"publish","type":"page","link":"https:\/\/help.jamk.fi\/tuberoom\/fi\/kayttoohjeet\/chromakey-asetukset\/","title":{"rendered":"Color Key ja Chroma Key -asetukset"},"content":{"rendered":"\n<p>Vihre\u00e4\u00e4 taustakangasta vasten kuvattaessa vihre\u00e4n v\u00e4rin saa s\u00e4\u00e4detty\u00e4 l\u00e4pin\u00e4kyv\u00e4ksi kuval\u00e4hteen hammasrattaan kuvakkeen kautta Color Key-asetuksista. Valitse ensin Color Key ja pipettity\u00f6kalulla kuvasta h\u00e4ivytett\u00e4v\u00e4 v\u00e4ri (musta on oletuksena). Muilla s\u00e4\u00e4timill\u00e4 voi sitten koettaa hienos\u00e4\u00e4t\u00e4\u00e4 h\u00e4ivett\u00e4. Mustan taustan kanssa oletus toimii yleens\u00e4 suoraan, varsinkin tilanteissa joissa p\u00e4\u00e4llimm\u00e4isell\u00e4 tasolla (Multi View -asetus) olevasta PowerPoint-kalvosta halutaan h\u00e4ivytt\u00e4\u00e4 tausta pois (sik\u00e4li kun tausta on musta, muitakin taustav\u00e4rej\u00e4 voi kokeilla h\u00e4ivytt\u00e4\u00e4).<\/p>\n","protected":false},"excerpt":{"rendered":"<p>Vihre\u00e4\u00e4 taustakangasta vasten kuvattaessa vihre\u00e4n v\u00e4rin saa s\u00e4\u00e4detty\u00e4 l\u00e4pin\u00e4kyv\u00e4ksi kuval\u00e4hteen hammasrattaan kuvakkeen kautta Color Key-asetuksista. Valitse ensin Color Key ja pipettity\u00f6kalulla kuvasta h\u00e4ivytett\u00e4v\u00e4 v\u00e4ri (musta on oletuksena). Muilla s\u00e4\u00e4timill\u00e4 voi sitten koettaa hienos\u00e4\u00e4t\u00e4\u00e4 h\u00e4ivett\u00e4. Mustan taustan kanssa oletus toimii yleens\u00e4 suoraan, varsinkin tilanteissa joissa p\u00e4\u00e4llimm\u00e4isell\u00e4 tasolla (Multi View -asetus) olevasta PowerPoint-kalvosta halutaan h\u00e4ivytt\u00e4\u00e4 tausta pois [&hellip;]<\/p>\n","protected":false},"author":74,"featured_media":0,"parent":6,"menu_order":8,"comment_status":"closed","ping_status":"closed","template":"","meta":{"_acf_changed":false,"_relevanssi_hide_post":"","_relevanssi_hide_content":"","_relevanssi_pin_for_all":"","_relevanssi_pin_keywords":"","_relevanssi_unpin_keywords":"","_relevanssi_related_keywords":"","_relevanssi_related_include_ids":"","_relevanssi_related_exclude_ids":"","_relevanssi_related_no_append":"","_relevanssi_related_not_related":"","_relevanssi_related_posts":"","_relevanssi_noindex_reason":"","footnotes":""},"categories":[],"tags":[],"class_list":["post-81","page","type-page","status-publish","hentry"],"acf":[],"yoast_head":"<!-- This site is optimized with the Yoast SEO plugin v27.3 - https:\/\/yoast.com\/product\/yoast-seo-wordpress\/ -->\n<title>Color Key ja Chroma Key -asetukset - Tuberoom<\/title>\n<meta name=\"robots\" content=\"index, follow, max-snippet:-1, max-image-preview:large, max-video-preview:-1\" \/>\n<link rel=\"canonical\" href=\"https:\/\/help.jamk.fi\/tuberoom\/fi\/kayttoohjeet\/chromakey-asetukset\/\" \/>\n<meta property=\"og:locale\" content=\"fi_FI\" \/>\n<meta property=\"og:type\" content=\"article\" \/>\n<meta property=\"og:title\" content=\"Color Key ja Chroma Key -asetukset - Tuberoom\" \/>\n<meta property=\"og:description\" content=\"Vihre\u00e4\u00e4 taustakangasta vasten kuvattaessa vihre\u00e4n v\u00e4rin saa s\u00e4\u00e4detty\u00e4 l\u00e4pin\u00e4kyv\u00e4ksi kuval\u00e4hteen hammasrattaan kuvakkeen kautta Color Key-asetuksista. Valitse ensin Color Key ja pipettity\u00f6kalulla kuvasta h\u00e4ivytett\u00e4v\u00e4 v\u00e4ri (musta on oletuksena). Muilla s\u00e4\u00e4timill\u00e4 voi sitten koettaa hienos\u00e4\u00e4t\u00e4\u00e4 h\u00e4ivett\u00e4. Mustan taustan kanssa oletus toimii yleens\u00e4 suoraan, varsinkin tilanteissa joissa p\u00e4\u00e4llimm\u00e4isell\u00e4 tasolla (Multi View -asetus) olevasta PowerPoint-kalvosta halutaan h\u00e4ivytt\u00e4\u00e4 tausta pois [&hellip;]\" \/>\n<meta property=\"og:url\" content=\"https:\/\/help.jamk.fi\/tuberoom\/fi\/kayttoohjeet\/chromakey-asetukset\/\" \/>\n<meta property=\"og:site_name\" content=\"Tuberoom\" \/>\n<meta property=\"article:modified_time\" content=\"2024-01-19T15:58:49+00:00\" \/>\n<meta name=\"twitter:card\" content=\"summary_large_image\" \/>\n<meta name=\"twitter:label1\" content=\"Arvioitu lukuaika\" \/>\n\t<meta name=\"twitter:data1\" content=\"1 minuutti\" \/>\n<script type=\"application\/ld+json\" class=\"yoast-schema-graph\">{\"@context\":\"https:\\\/\\\/schema.org\",\"@graph\":[{\"@type\":\"WebPage\",\"@id\":\"https:\\\/\\\/help.jamk.fi\\\/tuberoom\\\/fi\\\/kayttoohjeet\\\/chromakey-asetukset\\\/\",\"url\":\"https:\\\/\\\/help.jamk.fi\\\/tuberoom\\\/fi\\\/kayttoohjeet\\\/chromakey-asetukset\\\/\",\"name\":\"Color Key ja Chroma Key -asetukset - Tuberoom\",\"isPartOf\":{\"@id\":\"https:\\\/\\\/help.jamk.fi\\\/tuberoom\\\/#website\"},\"datePublished\":\"2018-02-15T09:46:05+00:00\",\"dateModified\":\"2024-01-19T15:58:49+00:00\",\"breadcrumb\":{\"@id\":\"https:\\\/\\\/help.jamk.fi\\\/tuberoom\\\/fi\\\/kayttoohjeet\\\/chromakey-asetukset\\\/#breadcrumb\"},\"inLanguage\":\"fi\",\"potentialAction\":[{\"@type\":\"ReadAction\",\"target\":[\"https:\\\/\\\/help.jamk.fi\\\/tuberoom\\\/fi\\\/kayttoohjeet\\\/chromakey-asetukset\\\/\"]}]},{\"@type\":\"BreadcrumbList\",\"@id\":\"https:\\\/\\\/help.jamk.fi\\\/tuberoom\\\/fi\\\/kayttoohjeet\\\/chromakey-asetukset\\\/#breadcrumb\",\"itemListElement\":[{\"@type\":\"ListItem\",\"position\":1,\"name\":\"Etusivu\",\"item\":\"https:\\\/\\\/help.jamk.fi\\\/tuberoom\\\/fi\\\/\"},{\"@type\":\"ListItem\",\"position\":2,\"name\":\"K\u00e4ytt\u00f6ohjeet\",\"item\":\"https:\\\/\\\/help.jamk.fi\\\/tuberoom\\\/fi\\\/kayttoohjeet\\\/\"},{\"@type\":\"ListItem\",\"position\":3,\"name\":\"Color Key ja Chroma Key -asetukset\"}]},{\"@type\":\"WebSite\",\"@id\":\"https:\\\/\\\/help.jamk.fi\\\/tuberoom\\\/#website\",\"url\":\"https:\\\/\\\/help.jamk.fi\\\/tuberoom\\\/\",\"name\":\"Tuberoom\",\"description\":\"\",\"potentialAction\":[{\"@type\":\"SearchAction\",\"target\":{\"@type\":\"EntryPoint\",\"urlTemplate\":\"https:\\\/\\\/help.jamk.fi\\\/tuberoom\\\/?s={search_term_string}\"},\"query-input\":{\"@type\":\"PropertyValueSpecification\",\"valueRequired\":true,\"valueName\":\"search_term_string\"}}],\"inLanguage\":\"fi\"}]}<\/script>\n<!-- \/ Yoast SEO plugin. -->","yoast_head_json":{"title":"Color Key ja Chroma Key -asetukset - Tuberoom","robots":{"index":"index","follow":"follow","max-snippet":"max-snippet:-1","max-image-preview":"max-image-preview:large","max-video-preview":"max-video-preview:-1"},"canonical":"https:\/\/help.jamk.fi\/tuberoom\/fi\/kayttoohjeet\/chromakey-asetukset\/","og_locale":"fi_FI","og_type":"article","og_title":"Color Key ja Chroma Key -asetukset - Tuberoom","og_description":"Vihre\u00e4\u00e4 taustakangasta vasten kuvattaessa vihre\u00e4n v\u00e4rin saa s\u00e4\u00e4detty\u00e4 l\u00e4pin\u00e4kyv\u00e4ksi kuval\u00e4hteen hammasrattaan kuvakkeen kautta Color Key-asetuksista. Valitse ensin Color Key ja pipettity\u00f6kalulla kuvasta h\u00e4ivytett\u00e4v\u00e4 v\u00e4ri (musta on oletuksena). Muilla s\u00e4\u00e4timill\u00e4 voi sitten koettaa hienos\u00e4\u00e4t\u00e4\u00e4 h\u00e4ivett\u00e4. Mustan taustan kanssa oletus toimii yleens\u00e4 suoraan, varsinkin tilanteissa joissa p\u00e4\u00e4llimm\u00e4isell\u00e4 tasolla (Multi View -asetus) olevasta PowerPoint-kalvosta halutaan h\u00e4ivytt\u00e4\u00e4 tausta pois [&hellip;]","og_url":"https:\/\/help.jamk.fi\/tuberoom\/fi\/kayttoohjeet\/chromakey-asetukset\/","og_site_name":"Tuberoom","article_modified_time":"2024-01-19T15:58:49+00:00","twitter_card":"summary_large_image","twitter_misc":{"Arvioitu lukuaika":"1 minuutti"},"schema":{"@context":"https:\/\/schema.org","@graph":[{"@type":"WebPage","@id":"https:\/\/help.jamk.fi\/tuberoom\/fi\/kayttoohjeet\/chromakey-asetukset\/","url":"https:\/\/help.jamk.fi\/tuberoom\/fi\/kayttoohjeet\/chromakey-asetukset\/","name":"Color Key ja Chroma Key -asetukset - Tuberoom","isPartOf":{"@id":"https:\/\/help.jamk.fi\/tuberoom\/#website"},"datePublished":"2018-02-15T09:46:05+00:00","dateModified":"2024-01-19T15:58:49+00:00","breadcrumb":{"@id":"https:\/\/help.jamk.fi\/tuberoom\/fi\/kayttoohjeet\/chromakey-asetukset\/#breadcrumb"},"inLanguage":"fi","potentialAction":[{"@type":"ReadAction","target":["https:\/\/help.jamk.fi\/tuberoom\/fi\/kayttoohjeet\/chromakey-asetukset\/"]}]},{"@type":"BreadcrumbList","@id":"https:\/\/help.jamk.fi\/tuberoom\/fi\/kayttoohjeet\/chromakey-asetukset\/#breadcrumb","itemListElement":[{"@type":"ListItem","position":1,"name":"Etusivu","item":"https:\/\/help.jamk.fi\/tuberoom\/fi\/"},{"@type":"ListItem","position":2,"name":"K\u00e4ytt\u00f6ohjeet","item":"https:\/\/help.jamk.fi\/tuberoom\/fi\/kayttoohjeet\/"},{"@type":"ListItem","position":3,"name":"Color Key ja Chroma Key -asetukset"}]},{"@type":"WebSite","@id":"https:\/\/help.jamk.fi\/tuberoom\/#website","url":"https:\/\/help.jamk.fi\/tuberoom\/","name":"Tuberoom","description":"","potentialAction":[{"@type":"SearchAction","target":{"@type":"EntryPoint","urlTemplate":"https:\/\/help.jamk.fi\/tuberoom\/?s={search_term_string}"},"query-input":{"@type":"PropertyValueSpecification","valueRequired":true,"valueName":"search_term_string"}}],"inLanguage":"fi"}]}},"_links":{"self":[{"href":"https:\/\/help.jamk.fi\/tuberoom\/wp-json\/wp\/v2\/pages\/81","targetHints":{"allow":["GET"]}}],"collection":[{"href":"https:\/\/help.jamk.fi\/tuberoom\/wp-json\/wp\/v2\/pages"}],"about":[{"href":"https:\/\/help.jamk.fi\/tuberoom\/wp-json\/wp\/v2\/types\/page"}],"author":[{"embeddable":true,"href":"https:\/\/help.jamk.fi\/tuberoom\/wp-json\/wp\/v2\/users\/74"}],"replies":[{"embeddable":true,"href":"https:\/\/help.jamk.fi\/tuberoom\/wp-json\/wp\/v2\/comments?post=81"}],"version-history":[{"count":3,"href":"https:\/\/help.jamk.fi\/tuberoom\/wp-json\/wp\/v2\/pages\/81\/revisions"}],"predecessor-version":[{"id":388,"href":"https:\/\/help.jamk.fi\/tuberoom\/wp-json\/wp\/v2\/pages\/81\/revisions\/388"}],"up":[{"embeddable":true,"href":"https:\/\/help.jamk.fi\/tuberoom\/wp-json\/wp\/v2\/pages\/6"}],"wp:attachment":[{"href":"https:\/\/help.jamk.fi\/tuberoom\/wp-json\/wp\/v2\/media?parent=81"}],"wp:term":[{"taxonomy":"category","embeddable":true,"href":"https:\/\/help.jamk.fi\/tuberoom\/wp-json\/wp\/v2\/categories?post=81"},{"taxonomy":"post_tag","embeddable":true,"href":"https:\/\/help.jamk.fi\/tuberoom\/wp-json\/wp\/v2\/tags?post=81"}],"curies":[{"name":"wp","href":"https:\/\/api.w.org\/{rel}","templated":true}]}}