{"id":84,"date":"2018-02-15T11:46:48","date_gmt":"2018-02-15T09:46:48","guid":{"rendered":"https:\/\/help.jamk.fi\/tuberoom\/kayttoohjeet\/livestriimaus\/"},"modified":"2024-01-19T16:45:59","modified_gmt":"2024-01-19T14:45:59","slug":"livestriimaus","status":"publish","type":"page","link":"https:\/\/help.jamk.fi\/tuberoom\/fi\/kayttoohjeet\/livestriimaus\/","title":{"rendered":"Livestriimaus"},"content":{"rendered":"\n<p>Livel\u00e4hetykset m\u00e4\u00e4ritell\u00e4\u00e4n VMix-ohjelmiston alareunan Stream-painikkeen vasemmalla puolella olevasta hammasratas-kuvakkeesta. Siell\u00e4 pit\u00e4\u00e4 m\u00e4\u00e4ritell\u00e4 streaming-palvelun osoite, enkoodausasetukset ja joissakin tapauksissa autentikointi tai streaming-avain. Moniviestin-striimausta varten av-palvelut m\u00e4\u00e4rittelee osoitteen ja autentikoinnin, muissa tapauksissa k\u00e4ytt\u00e4j\u00e4 itse (esim. YouTube live tai Facebook live). Oletusasetuksilla (valitset vain striimin laadun ja tarkkuuden) voi ensin kokeilla toimiiko, ellei niin sitten pit\u00e4\u00e4 tarkistaa, onko jakelupalvelua varten eritysohjeita.<\/p>\n","protected":false},"excerpt":{"rendered":"<p>Livel\u00e4hetykset m\u00e4\u00e4ritell\u00e4\u00e4n VMix-ohjelmiston alareunan Stream-painikkeen vasemmalla puolella olevasta hammasratas-kuvakkeesta. Siell\u00e4 pit\u00e4\u00e4 m\u00e4\u00e4ritell\u00e4 streaming-palvelun osoite, enkoodausasetukset ja joissakin tapauksissa autentikointi tai streaming-avain. Moniviestin-striimausta varten av-palvelut m\u00e4\u00e4rittelee osoitteen ja autentikoinnin, muissa tapauksissa k\u00e4ytt\u00e4j\u00e4 itse (esim. YouTube live tai Facebook live). Oletusasetuksilla (valitset vain striimin laadun ja tarkkuuden) voi ensin kokeilla toimiiko, ellei niin sitten pit\u00e4\u00e4 tarkistaa, onko [&hellip;]<\/p>\n","protected":false},"author":74,"featured_media":0,"parent":6,"menu_order":8,"comment_status":"closed","ping_status":"closed","template":"","meta":{"_acf_changed":false,"_relevanssi_hide_post":"","_relevanssi_hide_content":"","_relevanssi_pin_for_all":"","_relevanssi_pin_keywords":"","_relevanssi_unpin_keywords":"","_relevanssi_related_keywords":"","_relevanssi_related_include_ids":"","_relevanssi_related_exclude_ids":"","_relevanssi_related_no_append":"","_relevanssi_related_not_related":"","_relevanssi_related_posts":"","_relevanssi_noindex_reason":"","footnotes":""},"categories":[],"tags":[],"class_list":["post-84","page","type-page","status-publish","hentry"],"acf":[],"yoast_head":"<!-- This site is optimized with the Yoast SEO plugin v27.3 - https:\/\/yoast.com\/product\/yoast-seo-wordpress\/ -->\n<title>Livestriimaus - Tuberoom<\/title>\n<meta name=\"robots\" content=\"index, follow, max-snippet:-1, max-image-preview:large, max-video-preview:-1\" \/>\n<link rel=\"canonical\" href=\"https:\/\/help.jamk.fi\/tuberoom\/fi\/kayttoohjeet\/livestriimaus\/\" \/>\n<meta property=\"og:locale\" content=\"fi_FI\" \/>\n<meta property=\"og:type\" content=\"article\" \/>\n<meta property=\"og:title\" content=\"Livestriimaus - Tuberoom\" \/>\n<meta property=\"og:description\" content=\"Livel\u00e4hetykset m\u00e4\u00e4ritell\u00e4\u00e4n VMix-ohjelmiston alareunan Stream-painikkeen vasemmalla puolella olevasta hammasratas-kuvakkeesta. Siell\u00e4 pit\u00e4\u00e4 m\u00e4\u00e4ritell\u00e4 streaming-palvelun osoite, enkoodausasetukset ja joissakin tapauksissa autentikointi tai streaming-avain. Moniviestin-striimausta varten av-palvelut m\u00e4\u00e4rittelee osoitteen ja autentikoinnin, muissa tapauksissa k\u00e4ytt\u00e4j\u00e4 itse (esim. YouTube live tai Facebook live). Oletusasetuksilla (valitset vain striimin laadun ja tarkkuuden) voi ensin kokeilla toimiiko, ellei niin sitten pit\u00e4\u00e4 tarkistaa, onko [&hellip;]\" \/>\n<meta property=\"og:url\" content=\"https:\/\/help.jamk.fi\/tuberoom\/fi\/kayttoohjeet\/livestriimaus\/\" \/>\n<meta property=\"og:site_name\" content=\"Tuberoom\" \/>\n<meta property=\"article:modified_time\" content=\"2024-01-19T14:45:59+00:00\" \/>\n<meta name=\"twitter:card\" content=\"summary_large_image\" \/>\n<meta name=\"twitter:label1\" content=\"Arvioitu lukuaika\" \/>\n\t<meta name=\"twitter:data1\" content=\"1 minuutti\" \/>\n<script type=\"application\/ld+json\" class=\"yoast-schema-graph\">{\"@context\":\"https:\\\/\\\/schema.org\",\"@graph\":[{\"@type\":\"WebPage\",\"@id\":\"https:\\\/\\\/help.jamk.fi\\\/tuberoom\\\/fi\\\/kayttoohjeet\\\/livestriimaus\\\/\",\"url\":\"https:\\\/\\\/help.jamk.fi\\\/tuberoom\\\/fi\\\/kayttoohjeet\\\/livestriimaus\\\/\",\"name\":\"Livestriimaus - Tuberoom\",\"isPartOf\":{\"@id\":\"https:\\\/\\\/help.jamk.fi\\\/tuberoom\\\/#website\"},\"datePublished\":\"2018-02-15T09:46:48+00:00\",\"dateModified\":\"2024-01-19T14:45:59+00:00\",\"breadcrumb\":{\"@id\":\"https:\\\/\\\/help.jamk.fi\\\/tuberoom\\\/fi\\\/kayttoohjeet\\\/livestriimaus\\\/#breadcrumb\"},\"inLanguage\":\"fi\",\"potentialAction\":[{\"@type\":\"ReadAction\",\"target\":[\"https:\\\/\\\/help.jamk.fi\\\/tuberoom\\\/fi\\\/kayttoohjeet\\\/livestriimaus\\\/\"]}]},{\"@type\":\"BreadcrumbList\",\"@id\":\"https:\\\/\\\/help.jamk.fi\\\/tuberoom\\\/fi\\\/kayttoohjeet\\\/livestriimaus\\\/#breadcrumb\",\"itemListElement\":[{\"@type\":\"ListItem\",\"position\":1,\"name\":\"Etusivu\",\"item\":\"https:\\\/\\\/help.jamk.fi\\\/tuberoom\\\/fi\\\/\"},{\"@type\":\"ListItem\",\"position\":2,\"name\":\"K\u00e4ytt\u00f6ohjeet\",\"item\":\"https:\\\/\\\/help.jamk.fi\\\/tuberoom\\\/fi\\\/kayttoohjeet\\\/\"},{\"@type\":\"ListItem\",\"position\":3,\"name\":\"Livestriimaus\"}]},{\"@type\":\"WebSite\",\"@id\":\"https:\\\/\\\/help.jamk.fi\\\/tuberoom\\\/#website\",\"url\":\"https:\\\/\\\/help.jamk.fi\\\/tuberoom\\\/\",\"name\":\"Tuberoom\",\"description\":\"\",\"potentialAction\":[{\"@type\":\"SearchAction\",\"target\":{\"@type\":\"EntryPoint\",\"urlTemplate\":\"https:\\\/\\\/help.jamk.fi\\\/tuberoom\\\/?s={search_term_string}\"},\"query-input\":{\"@type\":\"PropertyValueSpecification\",\"valueRequired\":true,\"valueName\":\"search_term_string\"}}],\"inLanguage\":\"fi\"}]}<\/script>\n<!-- \/ Yoast SEO plugin. -->","yoast_head_json":{"title":"Livestriimaus - Tuberoom","robots":{"index":"index","follow":"follow","max-snippet":"max-snippet:-1","max-image-preview":"max-image-preview:large","max-video-preview":"max-video-preview:-1"},"canonical":"https:\/\/help.jamk.fi\/tuberoom\/fi\/kayttoohjeet\/livestriimaus\/","og_locale":"fi_FI","og_type":"article","og_title":"Livestriimaus - Tuberoom","og_description":"Livel\u00e4hetykset m\u00e4\u00e4ritell\u00e4\u00e4n VMix-ohjelmiston alareunan Stream-painikkeen vasemmalla puolella olevasta hammasratas-kuvakkeesta. Siell\u00e4 pit\u00e4\u00e4 m\u00e4\u00e4ritell\u00e4 streaming-palvelun osoite, enkoodausasetukset ja joissakin tapauksissa autentikointi tai streaming-avain. Moniviestin-striimausta varten av-palvelut m\u00e4\u00e4rittelee osoitteen ja autentikoinnin, muissa tapauksissa k\u00e4ytt\u00e4j\u00e4 itse (esim. YouTube live tai Facebook live). Oletusasetuksilla (valitset vain striimin laadun ja tarkkuuden) voi ensin kokeilla toimiiko, ellei niin sitten pit\u00e4\u00e4 tarkistaa, onko [&hellip;]","og_url":"https:\/\/help.jamk.fi\/tuberoom\/fi\/kayttoohjeet\/livestriimaus\/","og_site_name":"Tuberoom","article_modified_time":"2024-01-19T14:45:59+00:00","twitter_card":"summary_large_image","twitter_misc":{"Arvioitu lukuaika":"1 minuutti"},"schema":{"@context":"https:\/\/schema.org","@graph":[{"@type":"WebPage","@id":"https:\/\/help.jamk.fi\/tuberoom\/fi\/kayttoohjeet\/livestriimaus\/","url":"https:\/\/help.jamk.fi\/tuberoom\/fi\/kayttoohjeet\/livestriimaus\/","name":"Livestriimaus - Tuberoom","isPartOf":{"@id":"https:\/\/help.jamk.fi\/tuberoom\/#website"},"datePublished":"2018-02-15T09:46:48+00:00","dateModified":"2024-01-19T14:45:59+00:00","breadcrumb":{"@id":"https:\/\/help.jamk.fi\/tuberoom\/fi\/kayttoohjeet\/livestriimaus\/#breadcrumb"},"inLanguage":"fi","potentialAction":[{"@type":"ReadAction","target":["https:\/\/help.jamk.fi\/tuberoom\/fi\/kayttoohjeet\/livestriimaus\/"]}]},{"@type":"BreadcrumbList","@id":"https:\/\/help.jamk.fi\/tuberoom\/fi\/kayttoohjeet\/livestriimaus\/#breadcrumb","itemListElement":[{"@type":"ListItem","position":1,"name":"Etusivu","item":"https:\/\/help.jamk.fi\/tuberoom\/fi\/"},{"@type":"ListItem","position":2,"name":"K\u00e4ytt\u00f6ohjeet","item":"https:\/\/help.jamk.fi\/tuberoom\/fi\/kayttoohjeet\/"},{"@type":"ListItem","position":3,"name":"Livestriimaus"}]},{"@type":"WebSite","@id":"https:\/\/help.jamk.fi\/tuberoom\/#website","url":"https:\/\/help.jamk.fi\/tuberoom\/","name":"Tuberoom","description":"","potentialAction":[{"@type":"SearchAction","target":{"@type":"EntryPoint","urlTemplate":"https:\/\/help.jamk.fi\/tuberoom\/?s={search_term_string}"},"query-input":{"@type":"PropertyValueSpecification","valueRequired":true,"valueName":"search_term_string"}}],"inLanguage":"fi"}]}},"_links":{"self":[{"href":"https:\/\/help.jamk.fi\/tuberoom\/wp-json\/wp\/v2\/pages\/84","targetHints":{"allow":["GET"]}}],"collection":[{"href":"https:\/\/help.jamk.fi\/tuberoom\/wp-json\/wp\/v2\/pages"}],"about":[{"href":"https:\/\/help.jamk.fi\/tuberoom\/wp-json\/wp\/v2\/types\/page"}],"author":[{"embeddable":true,"href":"https:\/\/help.jamk.fi\/tuberoom\/wp-json\/wp\/v2\/users\/74"}],"replies":[{"embeddable":true,"href":"https:\/\/help.jamk.fi\/tuberoom\/wp-json\/wp\/v2\/comments?post=84"}],"version-history":[{"count":3,"href":"https:\/\/help.jamk.fi\/tuberoom\/wp-json\/wp\/v2\/pages\/84\/revisions"}],"predecessor-version":[{"id":384,"href":"https:\/\/help.jamk.fi\/tuberoom\/wp-json\/wp\/v2\/pages\/84\/revisions\/384"}],"up":[{"embeddable":true,"href":"https:\/\/help.jamk.fi\/tuberoom\/wp-json\/wp\/v2\/pages\/6"}],"wp:attachment":[{"href":"https:\/\/help.jamk.fi\/tuberoom\/wp-json\/wp\/v2\/media?parent=84"}],"wp:term":[{"taxonomy":"category","embeddable":true,"href":"https:\/\/help.jamk.fi\/tuberoom\/wp-json\/wp\/v2\/categories?post=84"},{"taxonomy":"post_tag","embeddable":true,"href":"https:\/\/help.jamk.fi\/tuberoom\/wp-json\/wp\/v2\/tags?post=84"}],"curies":[{"name":"wp","href":"https:\/\/api.w.org\/{rel}","templated":true}]}}