{"id":87,"date":"2018-02-15T11:48:21","date_gmt":"2018-02-15T09:48:21","guid":{"rendered":"https:\/\/help.jamk.fi\/tuberoom\/kayttoohjeet\/vuorovaikutteiset-videolahetykset\/"},"modified":"2024-01-19T16:46:39","modified_gmt":"2024-01-19T14:46:39","slug":"vuorovaikutteiset-videolahetykset","status":"publish","type":"page","link":"https:\/\/help.jamk.fi\/tuberoom\/fi\/kayttoohjeet\/vuorovaikutteiset-videolahetykset\/","title":{"rendered":"Vuorovaikutteiset videol\u00e4hetykset"},"content":{"rendered":"\n<p>Tuberoomin koneelta onnistuu my\u00f6s vuorovaikutteiset videol\u00e4hetykset. Silloin k\u00e4yt\u00e4nn\u00f6ss\u00e4 l\u00e4hetys &#8221;kierr\u00e4tet\u00e4\u00e4n&#8221; jonkun kaksisuuntaisen verkkokokousj\u00e4rjestelm\u00e4n kautta. T\u00e4m\u00e4 menetelm\u00e4 on testattu sek\u00e4 Skype for Business ett\u00e4 Zoom-ohjelmistojen kanssa. Ensin k\u00e4ynnistet\u00e4\u00e4n VMix-ohjelmisto normaalisti, m\u00e4\u00e4ritell\u00e4\u00e4n VMixiin halutut kuval\u00e4hteet ja sen j\u00e4lkeen painetaan External-nappia VMixin alareunassa. T\u00e4ll\u00f6in VMix alkaa l\u00e4hett\u00e4\u00e4 livekuvaa VMix-nimiselle virtuaalikameralle. Verkkokokous-ohjelmiston kamera-asetuksista valitaan kameraksi VMix, jolloin VMixin l\u00e4hett\u00e4m\u00e4 kuva ilmestyy kokousohjelmiston kameraksi. \u00c4\u00e4net saa parhaiten toimimaan siten, ett\u00e4 VMixin audiomikserist\u00e4 mykistet\u00e4\u00e4n \u00e4\u00e4nil\u00e4hde, ja valitaan vastaavasti Onyx Producer 2&#215;2 \u00e4\u00e4nil\u00e4hteeksi verkkokokousohjelmistoon. T\u00e4ll\u00f6in kokousohjelmisto huolehtii kaiunkumouksesta oikein. Tietokoneen kaiuttimet tulee luonnollisesti laittaa p\u00e4\u00e4lle, jotta kuulee \u00e4\u00e4net kokousj\u00e4rjestelm\u00e4st\u00e4. Esim. Zoomin kanssa t\u00e4m\u00e4 toimii hienosti, kun muistaa viel\u00e4 m\u00e4\u00e4ritell\u00e4 Zoomin kameran asetuksista laaduksi HD. Kun Zoom-ohjelmiston pienent\u00e4\u00e4 taustalle, niin se n\u00e4ytt\u00e4\u00e4 pient\u00e4 videokuvaa VMix-ohjelmiston p\u00e4\u00e4ll\u00e4. N\u00e4in homma pysyy kontrollissa yhdell\u00e4 n\u00e4yt\u00f6ll\u00e4.<\/p>\n\n\n\n<p><\/p>\n","protected":false},"excerpt":{"rendered":"<p>Tuberoomin koneelta onnistuu my\u00f6s vuorovaikutteiset videol\u00e4hetykset. Silloin k\u00e4yt\u00e4nn\u00f6ss\u00e4 l\u00e4hetys &#8221;kierr\u00e4tet\u00e4\u00e4n&#8221; jonkun kaksisuuntaisen verkkokokousj\u00e4rjestelm\u00e4n kautta. T\u00e4m\u00e4 menetelm\u00e4 on testattu sek\u00e4 Skype for Business ett\u00e4 Zoom-ohjelmistojen kanssa. Ensin k\u00e4ynnistet\u00e4\u00e4n VMix-ohjelmisto normaalisti, m\u00e4\u00e4ritell\u00e4\u00e4n VMixiin halutut kuval\u00e4hteet ja sen j\u00e4lkeen painetaan External-nappia VMixin alareunassa. T\u00e4ll\u00f6in VMix alkaa l\u00e4hett\u00e4\u00e4 livekuvaa VMix-nimiselle virtuaalikameralle. Verkkokokous-ohjelmiston kamera-asetuksista valitaan kameraksi VMix, jolloin VMixin l\u00e4hett\u00e4m\u00e4 [&hellip;]<\/p>\n","protected":false},"author":74,"featured_media":0,"parent":6,"menu_order":9,"comment_status":"closed","ping_status":"closed","template":"","meta":{"_acf_changed":false,"_relevanssi_hide_post":"","_relevanssi_hide_content":"","_relevanssi_pin_for_all":"","_relevanssi_pin_keywords":"","_relevanssi_unpin_keywords":"","_relevanssi_related_keywords":"","_relevanssi_related_include_ids":"","_relevanssi_related_exclude_ids":"","_relevanssi_related_no_append":"","_relevanssi_related_not_related":"","_relevanssi_related_posts":"","_relevanssi_noindex_reason":"","footnotes":""},"categories":[],"tags":[],"class_list":["post-87","page","type-page","status-publish","hentry"],"acf":[],"yoast_head":"<!-- This site is optimized with the Yoast SEO plugin v27.4 - https:\/\/yoast.com\/product\/yoast-seo-wordpress\/ -->\n<title>Vuorovaikutteiset videol\u00e4hetykset - Tuberoom<\/title>\n<meta name=\"robots\" content=\"index, follow, max-snippet:-1, max-image-preview:large, max-video-preview:-1\" \/>\n<link rel=\"canonical\" href=\"https:\/\/help.jamk.fi\/tuberoom\/fi\/kayttoohjeet\/vuorovaikutteiset-videolahetykset\/\" \/>\n<meta property=\"og:locale\" content=\"fi_FI\" \/>\n<meta property=\"og:type\" content=\"article\" \/>\n<meta property=\"og:title\" content=\"Vuorovaikutteiset videol\u00e4hetykset - Tuberoom\" \/>\n<meta property=\"og:description\" content=\"Tuberoomin koneelta onnistuu my\u00f6s vuorovaikutteiset videol\u00e4hetykset. Silloin k\u00e4yt\u00e4nn\u00f6ss\u00e4 l\u00e4hetys &#8221;kierr\u00e4tet\u00e4\u00e4n&#8221; jonkun kaksisuuntaisen verkkokokousj\u00e4rjestelm\u00e4n kautta. T\u00e4m\u00e4 menetelm\u00e4 on testattu sek\u00e4 Skype for Business ett\u00e4 Zoom-ohjelmistojen kanssa. Ensin k\u00e4ynnistet\u00e4\u00e4n VMix-ohjelmisto normaalisti, m\u00e4\u00e4ritell\u00e4\u00e4n VMixiin halutut kuval\u00e4hteet ja sen j\u00e4lkeen painetaan External-nappia VMixin alareunassa. T\u00e4ll\u00f6in VMix alkaa l\u00e4hett\u00e4\u00e4 livekuvaa VMix-nimiselle virtuaalikameralle. Verkkokokous-ohjelmiston kamera-asetuksista valitaan kameraksi VMix, jolloin VMixin l\u00e4hett\u00e4m\u00e4 [&hellip;]\" \/>\n<meta property=\"og:url\" content=\"https:\/\/help.jamk.fi\/tuberoom\/fi\/kayttoohjeet\/vuorovaikutteiset-videolahetykset\/\" \/>\n<meta property=\"og:site_name\" content=\"Tuberoom\" \/>\n<meta property=\"article:modified_time\" content=\"2024-01-19T14:46:39+00:00\" \/>\n<meta name=\"twitter:card\" content=\"summary_large_image\" \/>\n<meta name=\"twitter:label1\" content=\"Arvioitu lukuaika\" \/>\n\t<meta name=\"twitter:data1\" content=\"1 minuutti\" \/>\n<script type=\"application\/ld+json\" class=\"yoast-schema-graph\">{\"@context\":\"https:\\\/\\\/schema.org\",\"@graph\":[{\"@type\":\"WebPage\",\"@id\":\"https:\\\/\\\/help.jamk.fi\\\/tuberoom\\\/fi\\\/kayttoohjeet\\\/vuorovaikutteiset-videolahetykset\\\/\",\"url\":\"https:\\\/\\\/help.jamk.fi\\\/tuberoom\\\/fi\\\/kayttoohjeet\\\/vuorovaikutteiset-videolahetykset\\\/\",\"name\":\"Vuorovaikutteiset videol\u00e4hetykset - Tuberoom\",\"isPartOf\":{\"@id\":\"https:\\\/\\\/help.jamk.fi\\\/tuberoom\\\/#website\"},\"datePublished\":\"2018-02-15T09:48:21+00:00\",\"dateModified\":\"2024-01-19T14:46:39+00:00\",\"breadcrumb\":{\"@id\":\"https:\\\/\\\/help.jamk.fi\\\/tuberoom\\\/fi\\\/kayttoohjeet\\\/vuorovaikutteiset-videolahetykset\\\/#breadcrumb\"},\"inLanguage\":\"fi\",\"potentialAction\":[{\"@type\":\"ReadAction\",\"target\":[\"https:\\\/\\\/help.jamk.fi\\\/tuberoom\\\/fi\\\/kayttoohjeet\\\/vuorovaikutteiset-videolahetykset\\\/\"]}]},{\"@type\":\"BreadcrumbList\",\"@id\":\"https:\\\/\\\/help.jamk.fi\\\/tuberoom\\\/fi\\\/kayttoohjeet\\\/vuorovaikutteiset-videolahetykset\\\/#breadcrumb\",\"itemListElement\":[{\"@type\":\"ListItem\",\"position\":1,\"name\":\"Etusivu\",\"item\":\"https:\\\/\\\/help.jamk.fi\\\/tuberoom\\\/fi\\\/\"},{\"@type\":\"ListItem\",\"position\":2,\"name\":\"K\u00e4ytt\u00f6ohjeet\",\"item\":\"https:\\\/\\\/help.jamk.fi\\\/tuberoom\\\/fi\\\/kayttoohjeet\\\/\"},{\"@type\":\"ListItem\",\"position\":3,\"name\":\"Vuorovaikutteiset videol\u00e4hetykset\"}]},{\"@type\":\"WebSite\",\"@id\":\"https:\\\/\\\/help.jamk.fi\\\/tuberoom\\\/#website\",\"url\":\"https:\\\/\\\/help.jamk.fi\\\/tuberoom\\\/\",\"name\":\"Tuberoom\",\"description\":\"\",\"potentialAction\":[{\"@type\":\"SearchAction\",\"target\":{\"@type\":\"EntryPoint\",\"urlTemplate\":\"https:\\\/\\\/help.jamk.fi\\\/tuberoom\\\/?s={search_term_string}\"},\"query-input\":{\"@type\":\"PropertyValueSpecification\",\"valueRequired\":true,\"valueName\":\"search_term_string\"}}],\"inLanguage\":\"fi\"}]}<\/script>\n<!-- \/ Yoast SEO plugin. -->","yoast_head_json":{"title":"Vuorovaikutteiset videol\u00e4hetykset - Tuberoom","robots":{"index":"index","follow":"follow","max-snippet":"max-snippet:-1","max-image-preview":"max-image-preview:large","max-video-preview":"max-video-preview:-1"},"canonical":"https:\/\/help.jamk.fi\/tuberoom\/fi\/kayttoohjeet\/vuorovaikutteiset-videolahetykset\/","og_locale":"fi_FI","og_type":"article","og_title":"Vuorovaikutteiset videol\u00e4hetykset - Tuberoom","og_description":"Tuberoomin koneelta onnistuu my\u00f6s vuorovaikutteiset videol\u00e4hetykset. Silloin k\u00e4yt\u00e4nn\u00f6ss\u00e4 l\u00e4hetys &#8221;kierr\u00e4tet\u00e4\u00e4n&#8221; jonkun kaksisuuntaisen verkkokokousj\u00e4rjestelm\u00e4n kautta. T\u00e4m\u00e4 menetelm\u00e4 on testattu sek\u00e4 Skype for Business ett\u00e4 Zoom-ohjelmistojen kanssa. Ensin k\u00e4ynnistet\u00e4\u00e4n VMix-ohjelmisto normaalisti, m\u00e4\u00e4ritell\u00e4\u00e4n VMixiin halutut kuval\u00e4hteet ja sen j\u00e4lkeen painetaan External-nappia VMixin alareunassa. T\u00e4ll\u00f6in VMix alkaa l\u00e4hett\u00e4\u00e4 livekuvaa VMix-nimiselle virtuaalikameralle. Verkkokokous-ohjelmiston kamera-asetuksista valitaan kameraksi VMix, jolloin VMixin l\u00e4hett\u00e4m\u00e4 [&hellip;]","og_url":"https:\/\/help.jamk.fi\/tuberoom\/fi\/kayttoohjeet\/vuorovaikutteiset-videolahetykset\/","og_site_name":"Tuberoom","article_modified_time":"2024-01-19T14:46:39+00:00","twitter_card":"summary_large_image","twitter_misc":{"Arvioitu lukuaika":"1 minuutti"},"schema":{"@context":"https:\/\/schema.org","@graph":[{"@type":"WebPage","@id":"https:\/\/help.jamk.fi\/tuberoom\/fi\/kayttoohjeet\/vuorovaikutteiset-videolahetykset\/","url":"https:\/\/help.jamk.fi\/tuberoom\/fi\/kayttoohjeet\/vuorovaikutteiset-videolahetykset\/","name":"Vuorovaikutteiset videol\u00e4hetykset - Tuberoom","isPartOf":{"@id":"https:\/\/help.jamk.fi\/tuberoom\/#website"},"datePublished":"2018-02-15T09:48:21+00:00","dateModified":"2024-01-19T14:46:39+00:00","breadcrumb":{"@id":"https:\/\/help.jamk.fi\/tuberoom\/fi\/kayttoohjeet\/vuorovaikutteiset-videolahetykset\/#breadcrumb"},"inLanguage":"fi","potentialAction":[{"@type":"ReadAction","target":["https:\/\/help.jamk.fi\/tuberoom\/fi\/kayttoohjeet\/vuorovaikutteiset-videolahetykset\/"]}]},{"@type":"BreadcrumbList","@id":"https:\/\/help.jamk.fi\/tuberoom\/fi\/kayttoohjeet\/vuorovaikutteiset-videolahetykset\/#breadcrumb","itemListElement":[{"@type":"ListItem","position":1,"name":"Etusivu","item":"https:\/\/help.jamk.fi\/tuberoom\/fi\/"},{"@type":"ListItem","position":2,"name":"K\u00e4ytt\u00f6ohjeet","item":"https:\/\/help.jamk.fi\/tuberoom\/fi\/kayttoohjeet\/"},{"@type":"ListItem","position":3,"name":"Vuorovaikutteiset videol\u00e4hetykset"}]},{"@type":"WebSite","@id":"https:\/\/help.jamk.fi\/tuberoom\/#website","url":"https:\/\/help.jamk.fi\/tuberoom\/","name":"Tuberoom","description":"","potentialAction":[{"@type":"SearchAction","target":{"@type":"EntryPoint","urlTemplate":"https:\/\/help.jamk.fi\/tuberoom\/?s={search_term_string}"},"query-input":{"@type":"PropertyValueSpecification","valueRequired":true,"valueName":"search_term_string"}}],"inLanguage":"fi"}]}},"_links":{"self":[{"href":"https:\/\/help.jamk.fi\/tuberoom\/wp-json\/wp\/v2\/pages\/87","targetHints":{"allow":["GET"]}}],"collection":[{"href":"https:\/\/help.jamk.fi\/tuberoom\/wp-json\/wp\/v2\/pages"}],"about":[{"href":"https:\/\/help.jamk.fi\/tuberoom\/wp-json\/wp\/v2\/types\/page"}],"author":[{"embeddable":true,"href":"https:\/\/help.jamk.fi\/tuberoom\/wp-json\/wp\/v2\/users\/74"}],"replies":[{"embeddable":true,"href":"https:\/\/help.jamk.fi\/tuberoom\/wp-json\/wp\/v2\/comments?post=87"}],"version-history":[{"count":4,"href":"https:\/\/help.jamk.fi\/tuberoom\/wp-json\/wp\/v2\/pages\/87\/revisions"}],"predecessor-version":[{"id":385,"href":"https:\/\/help.jamk.fi\/tuberoom\/wp-json\/wp\/v2\/pages\/87\/revisions\/385"}],"up":[{"embeddable":true,"href":"https:\/\/help.jamk.fi\/tuberoom\/wp-json\/wp\/v2\/pages\/6"}],"wp:attachment":[{"href":"https:\/\/help.jamk.fi\/tuberoom\/wp-json\/wp\/v2\/media?parent=87"}],"wp:term":[{"taxonomy":"category","embeddable":true,"href":"https:\/\/help.jamk.fi\/tuberoom\/wp-json\/wp\/v2\/categories?post=87"},{"taxonomy":"post_tag","embeddable":true,"href":"https:\/\/help.jamk.fi\/tuberoom\/wp-json\/wp\/v2\/tags?post=87"}],"curies":[{"name":"wp","href":"https:\/\/api.w.org\/{rel}","templated":true}]}}