{"id":9,"date":"2018-02-15T08:12:51","date_gmt":"2018-02-15T06:12:51","guid":{"rendered":"https:\/\/help.jamk.fi\/tuberoom\/esimerkkeja\/"},"modified":"2023-11-03T16:51:38","modified_gmt":"2023-11-03T14:51:38","slug":"esimerkkeja","status":"publish","type":"page","link":"https:\/\/help.jamk.fi\/tuberoom\/fi\/esimerkkeja\/","title":{"rendered":"Esimerkkej\u00e4"},"content":{"rendered":"\n<p>T\u00e4m\u00e4n otsikon alta l\u00f6yd\u00e4t esimerkkej\u00e4.<\/p>\n","protected":false},"excerpt":{"rendered":"<p>T\u00e4m\u00e4n otsikon alta l\u00f6yd\u00e4t esimerkkej\u00e4.<\/p>\n","protected":false},"author":74,"featured_media":0,"parent":0,"menu_order":6,"comment_status":"closed","ping_status":"closed","template":"","meta":{"_acf_changed":false,"_relevanssi_hide_post":"","_relevanssi_hide_content":"","_relevanssi_pin_for_all":"","_relevanssi_pin_keywords":"","_relevanssi_unpin_keywords":"","_relevanssi_related_keywords":"","_relevanssi_related_include_ids":"","_relevanssi_related_exclude_ids":"","_relevanssi_related_no_append":"","_relevanssi_related_not_related":"","_relevanssi_related_posts":"","_relevanssi_noindex_reason":"","footnotes":""},"categories":[],"tags":[],"class_list":["post-9","page","type-page","status-publish","hentry"],"acf":[],"yoast_head":"<!-- This site is optimized with the Yoast SEO plugin v27.3 - https:\/\/yoast.com\/product\/yoast-seo-wordpress\/ -->\n<title>Esimerkkej\u00e4 - Tuberoom<\/title>\n<meta name=\"robots\" content=\"index, follow, max-snippet:-1, max-image-preview:large, max-video-preview:-1\" \/>\n<link rel=\"canonical\" href=\"https:\/\/help.jamk.fi\/tuberoom\/fi\/esimerkkeja\/\" \/>\n<meta property=\"og:locale\" content=\"fi_FI\" \/>\n<meta property=\"og:type\" content=\"article\" \/>\n<meta property=\"og:title\" content=\"Esimerkkej\u00e4 - Tuberoom\" \/>\n<meta property=\"og:description\" content=\"T\u00e4m\u00e4n otsikon alta l\u00f6yd\u00e4t esimerkkej\u00e4.\" \/>\n<meta property=\"og:url\" content=\"https:\/\/help.jamk.fi\/tuberoom\/fi\/esimerkkeja\/\" \/>\n<meta property=\"og:site_name\" content=\"Tuberoom\" \/>\n<meta property=\"article:modified_time\" content=\"2023-11-03T14:51:38+00:00\" \/>\n<meta name=\"twitter:card\" content=\"summary_large_image\" \/>\n<meta name=\"twitter:label1\" content=\"Arvioitu lukuaika\" \/>\n\t<meta name=\"twitter:data1\" content=\"1 minuutti\" \/>\n<script type=\"application\/ld+json\" class=\"yoast-schema-graph\">{\"@context\":\"https:\\\/\\\/schema.org\",\"@graph\":[{\"@type\":\"WebPage\",\"@id\":\"https:\\\/\\\/help.jamk.fi\\\/tuberoom\\\/fi\\\/esimerkkeja\\\/\",\"url\":\"https:\\\/\\\/help.jamk.fi\\\/tuberoom\\\/fi\\\/esimerkkeja\\\/\",\"name\":\"Esimerkkej\u00e4 - Tuberoom\",\"isPartOf\":{\"@id\":\"https:\\\/\\\/help.jamk.fi\\\/tuberoom\\\/#website\"},\"datePublished\":\"2018-02-15T06:12:51+00:00\",\"dateModified\":\"2023-11-03T14:51:38+00:00\",\"breadcrumb\":{\"@id\":\"https:\\\/\\\/help.jamk.fi\\\/tuberoom\\\/fi\\\/esimerkkeja\\\/#breadcrumb\"},\"inLanguage\":\"fi\",\"potentialAction\":[{\"@type\":\"ReadAction\",\"target\":[\"https:\\\/\\\/help.jamk.fi\\\/tuberoom\\\/fi\\\/esimerkkeja\\\/\"]}]},{\"@type\":\"BreadcrumbList\",\"@id\":\"https:\\\/\\\/help.jamk.fi\\\/tuberoom\\\/fi\\\/esimerkkeja\\\/#breadcrumb\",\"itemListElement\":[{\"@type\":\"ListItem\",\"position\":1,\"name\":\"Etusivu\",\"item\":\"https:\\\/\\\/help.jamk.fi\\\/tuberoom\\\/fi\\\/\"},{\"@type\":\"ListItem\",\"position\":2,\"name\":\"Esimerkkej\u00e4\"}]},{\"@type\":\"WebSite\",\"@id\":\"https:\\\/\\\/help.jamk.fi\\\/tuberoom\\\/#website\",\"url\":\"https:\\\/\\\/help.jamk.fi\\\/tuberoom\\\/\",\"name\":\"Tuberoom\",\"description\":\"\",\"potentialAction\":[{\"@type\":\"SearchAction\",\"target\":{\"@type\":\"EntryPoint\",\"urlTemplate\":\"https:\\\/\\\/help.jamk.fi\\\/tuberoom\\\/?s={search_term_string}\"},\"query-input\":{\"@type\":\"PropertyValueSpecification\",\"valueRequired\":true,\"valueName\":\"search_term_string\"}}],\"inLanguage\":\"fi\"}]}<\/script>\n<!-- \/ Yoast SEO plugin. -->","yoast_head_json":{"title":"Esimerkkej\u00e4 - Tuberoom","robots":{"index":"index","follow":"follow","max-snippet":"max-snippet:-1","max-image-preview":"max-image-preview:large","max-video-preview":"max-video-preview:-1"},"canonical":"https:\/\/help.jamk.fi\/tuberoom\/fi\/esimerkkeja\/","og_locale":"fi_FI","og_type":"article","og_title":"Esimerkkej\u00e4 - Tuberoom","og_description":"T\u00e4m\u00e4n otsikon alta l\u00f6yd\u00e4t esimerkkej\u00e4.","og_url":"https:\/\/help.jamk.fi\/tuberoom\/fi\/esimerkkeja\/","og_site_name":"Tuberoom","article_modified_time":"2023-11-03T14:51:38+00:00","twitter_card":"summary_large_image","twitter_misc":{"Arvioitu lukuaika":"1 minuutti"},"schema":{"@context":"https:\/\/schema.org","@graph":[{"@type":"WebPage","@id":"https:\/\/help.jamk.fi\/tuberoom\/fi\/esimerkkeja\/","url":"https:\/\/help.jamk.fi\/tuberoom\/fi\/esimerkkeja\/","name":"Esimerkkej\u00e4 - Tuberoom","isPartOf":{"@id":"https:\/\/help.jamk.fi\/tuberoom\/#website"},"datePublished":"2018-02-15T06:12:51+00:00","dateModified":"2023-11-03T14:51:38+00:00","breadcrumb":{"@id":"https:\/\/help.jamk.fi\/tuberoom\/fi\/esimerkkeja\/#breadcrumb"},"inLanguage":"fi","potentialAction":[{"@type":"ReadAction","target":["https:\/\/help.jamk.fi\/tuberoom\/fi\/esimerkkeja\/"]}]},{"@type":"BreadcrumbList","@id":"https:\/\/help.jamk.fi\/tuberoom\/fi\/esimerkkeja\/#breadcrumb","itemListElement":[{"@type":"ListItem","position":1,"name":"Etusivu","item":"https:\/\/help.jamk.fi\/tuberoom\/fi\/"},{"@type":"ListItem","position":2,"name":"Esimerkkej\u00e4"}]},{"@type":"WebSite","@id":"https:\/\/help.jamk.fi\/tuberoom\/#website","url":"https:\/\/help.jamk.fi\/tuberoom\/","name":"Tuberoom","description":"","potentialAction":[{"@type":"SearchAction","target":{"@type":"EntryPoint","urlTemplate":"https:\/\/help.jamk.fi\/tuberoom\/?s={search_term_string}"},"query-input":{"@type":"PropertyValueSpecification","valueRequired":true,"valueName":"search_term_string"}}],"inLanguage":"fi"}]}},"_links":{"self":[{"href":"https:\/\/help.jamk.fi\/tuberoom\/wp-json\/wp\/v2\/pages\/9","targetHints":{"allow":["GET"]}}],"collection":[{"href":"https:\/\/help.jamk.fi\/tuberoom\/wp-json\/wp\/v2\/pages"}],"about":[{"href":"https:\/\/help.jamk.fi\/tuberoom\/wp-json\/wp\/v2\/types\/page"}],"author":[{"embeddable":true,"href":"https:\/\/help.jamk.fi\/tuberoom\/wp-json\/wp\/v2\/users\/74"}],"replies":[{"embeddable":true,"href":"https:\/\/help.jamk.fi\/tuberoom\/wp-json\/wp\/v2\/comments?post=9"}],"version-history":[{"count":4,"href":"https:\/\/help.jamk.fi\/tuberoom\/wp-json\/wp\/v2\/pages\/9\/revisions"}],"predecessor-version":[{"id":300,"href":"https:\/\/help.jamk.fi\/tuberoom\/wp-json\/wp\/v2\/pages\/9\/revisions\/300"}],"wp:attachment":[{"href":"https:\/\/help.jamk.fi\/tuberoom\/wp-json\/wp\/v2\/media?parent=9"}],"wp:term":[{"taxonomy":"category","embeddable":true,"href":"https:\/\/help.jamk.fi\/tuberoom\/wp-json\/wp\/v2\/categories?post=9"},{"taxonomy":"post_tag","embeddable":true,"href":"https:\/\/help.jamk.fi\/tuberoom\/wp-json\/wp\/v2\/tags?post=9"}],"curies":[{"name":"wp","href":"https:\/\/api.w.org\/{rel}","templated":true}]}}