{"id":90,"date":"2018-02-15T11:49:44","date_gmt":"2018-02-15T09:49:44","guid":{"rendered":"https:\/\/help.jamk.fi\/tuberoom\/kayttoohjeet\/haastattelut-ja-keskustelut\/"},"modified":"2024-01-19T17:58:30","modified_gmt":"2024-01-19T15:58:30","slug":"haastattelut-ja-keskustelut","status":"publish","type":"page","link":"https:\/\/help.jamk.fi\/tuberoom\/fi\/kayttoohjeet\/haastattelut-ja-keskustelut\/","title":{"rendered":"Haastattelut ja keskustelut"},"content":{"rendered":"\n<p>Useamman puhujan tilanteita varten kannattaa valita Shuren mikrofonista sopiva suuntakuvio ja sijoittautua niin ett\u00e4 mikrofoni on mahdollisimman l\u00e4hell\u00e4 ja keskell\u00e4 puhujia. Esim. kahdenv\u00e4lisi\u00e4 haastatteluja varten sopii herttakuvio. Jos haastattelija on kuvan ulkopuolella, niin silloin voidaan hy\u00f6dynt\u00e4\u00e4 langatonta solmiomikrofonia. Jos lightboard on tiell\u00e4 eik\u00e4 sit\u00e4 tarvita, sen voi k\u00e4\u00e4nt\u00e4\u00e4 sivuun. Valot kannattaa sijoitella uudelleen siten, ett\u00e4 kaksi valoa on etupuolella esiintyji\u00e4 molemmin puolen valaisten kasvot ja kolmas valo on takavalo, joka valaiseen keskustelijoiden \u00e4\u00e4riviivat.<\/p>\n","protected":false},"excerpt":{"rendered":"<p>Useamman puhujan tilanteita varten kannattaa valita Shuren mikrofonista sopiva suuntakuvio ja sijoittautua niin ett\u00e4 mikrofoni on mahdollisimman l\u00e4hell\u00e4 ja keskell\u00e4 puhujia. Esim. kahdenv\u00e4lisi\u00e4 haastatteluja varten sopii herttakuvio. Jos haastattelija on kuvan ulkopuolella, niin silloin voidaan hy\u00f6dynt\u00e4\u00e4 langatonta solmiomikrofonia. Jos lightboard on tiell\u00e4 eik\u00e4 sit\u00e4 tarvita, sen voi k\u00e4\u00e4nt\u00e4\u00e4 sivuun. Valot kannattaa sijoitella uudelleen siten, ett\u00e4 [&hellip;]<\/p>\n","protected":false},"author":74,"featured_media":0,"parent":6,"menu_order":10,"comment_status":"closed","ping_status":"closed","template":"","meta":{"_acf_changed":false,"_relevanssi_hide_post":"","_relevanssi_hide_content":"","_relevanssi_pin_for_all":"","_relevanssi_pin_keywords":"","_relevanssi_unpin_keywords":"","_relevanssi_related_keywords":"","_relevanssi_related_include_ids":"","_relevanssi_related_exclude_ids":"","_relevanssi_related_no_append":"","_relevanssi_related_not_related":"","_relevanssi_related_posts":"","_relevanssi_noindex_reason":"","footnotes":""},"categories":[],"tags":[],"class_list":["post-90","page","type-page","status-publish","hentry"],"acf":[],"yoast_head":"<!-- This site is optimized with the Yoast SEO plugin v27.3 - https:\/\/yoast.com\/product\/yoast-seo-wordpress\/ -->\n<title>Haastattelut ja keskustelut - Tuberoom<\/title>\n<meta name=\"robots\" content=\"index, follow, max-snippet:-1, max-image-preview:large, max-video-preview:-1\" \/>\n<link rel=\"canonical\" href=\"https:\/\/help.jamk.fi\/tuberoom\/fi\/kayttoohjeet\/haastattelut-ja-keskustelut\/\" \/>\n<meta property=\"og:locale\" content=\"fi_FI\" \/>\n<meta property=\"og:type\" content=\"article\" \/>\n<meta property=\"og:title\" content=\"Haastattelut ja keskustelut - Tuberoom\" \/>\n<meta property=\"og:description\" content=\"Useamman puhujan tilanteita varten kannattaa valita Shuren mikrofonista sopiva suuntakuvio ja sijoittautua niin ett\u00e4 mikrofoni on mahdollisimman l\u00e4hell\u00e4 ja keskell\u00e4 puhujia. Esim. kahdenv\u00e4lisi\u00e4 haastatteluja varten sopii herttakuvio. Jos haastattelija on kuvan ulkopuolella, niin silloin voidaan hy\u00f6dynt\u00e4\u00e4 langatonta solmiomikrofonia. Jos lightboard on tiell\u00e4 eik\u00e4 sit\u00e4 tarvita, sen voi k\u00e4\u00e4nt\u00e4\u00e4 sivuun. Valot kannattaa sijoitella uudelleen siten, ett\u00e4 [&hellip;]\" \/>\n<meta property=\"og:url\" content=\"https:\/\/help.jamk.fi\/tuberoom\/fi\/kayttoohjeet\/haastattelut-ja-keskustelut\/\" \/>\n<meta property=\"og:site_name\" content=\"Tuberoom\" \/>\n<meta property=\"article:modified_time\" content=\"2024-01-19T15:58:30+00:00\" \/>\n<meta name=\"twitter:card\" content=\"summary_large_image\" \/>\n<meta name=\"twitter:label1\" content=\"Arvioitu lukuaika\" \/>\n\t<meta name=\"twitter:data1\" content=\"1 minuutti\" \/>\n<script type=\"application\/ld+json\" class=\"yoast-schema-graph\">{\"@context\":\"https:\\\/\\\/schema.org\",\"@graph\":[{\"@type\":\"WebPage\",\"@id\":\"https:\\\/\\\/help.jamk.fi\\\/tuberoom\\\/fi\\\/kayttoohjeet\\\/haastattelut-ja-keskustelut\\\/\",\"url\":\"https:\\\/\\\/help.jamk.fi\\\/tuberoom\\\/fi\\\/kayttoohjeet\\\/haastattelut-ja-keskustelut\\\/\",\"name\":\"Haastattelut ja keskustelut - Tuberoom\",\"isPartOf\":{\"@id\":\"https:\\\/\\\/help.jamk.fi\\\/tuberoom\\\/#website\"},\"datePublished\":\"2018-02-15T09:49:44+00:00\",\"dateModified\":\"2024-01-19T15:58:30+00:00\",\"breadcrumb\":{\"@id\":\"https:\\\/\\\/help.jamk.fi\\\/tuberoom\\\/fi\\\/kayttoohjeet\\\/haastattelut-ja-keskustelut\\\/#breadcrumb\"},\"inLanguage\":\"fi\",\"potentialAction\":[{\"@type\":\"ReadAction\",\"target\":[\"https:\\\/\\\/help.jamk.fi\\\/tuberoom\\\/fi\\\/kayttoohjeet\\\/haastattelut-ja-keskustelut\\\/\"]}]},{\"@type\":\"BreadcrumbList\",\"@id\":\"https:\\\/\\\/help.jamk.fi\\\/tuberoom\\\/fi\\\/kayttoohjeet\\\/haastattelut-ja-keskustelut\\\/#breadcrumb\",\"itemListElement\":[{\"@type\":\"ListItem\",\"position\":1,\"name\":\"Etusivu\",\"item\":\"https:\\\/\\\/help.jamk.fi\\\/tuberoom\\\/fi\\\/\"},{\"@type\":\"ListItem\",\"position\":2,\"name\":\"K\u00e4ytt\u00f6ohjeet\",\"item\":\"https:\\\/\\\/help.jamk.fi\\\/tuberoom\\\/fi\\\/kayttoohjeet\\\/\"},{\"@type\":\"ListItem\",\"position\":3,\"name\":\"Haastattelut ja keskustelut\"}]},{\"@type\":\"WebSite\",\"@id\":\"https:\\\/\\\/help.jamk.fi\\\/tuberoom\\\/#website\",\"url\":\"https:\\\/\\\/help.jamk.fi\\\/tuberoom\\\/\",\"name\":\"Tuberoom\",\"description\":\"\",\"potentialAction\":[{\"@type\":\"SearchAction\",\"target\":{\"@type\":\"EntryPoint\",\"urlTemplate\":\"https:\\\/\\\/help.jamk.fi\\\/tuberoom\\\/?s={search_term_string}\"},\"query-input\":{\"@type\":\"PropertyValueSpecification\",\"valueRequired\":true,\"valueName\":\"search_term_string\"}}],\"inLanguage\":\"fi\"}]}<\/script>\n<!-- \/ Yoast SEO plugin. -->","yoast_head_json":{"title":"Haastattelut ja keskustelut - Tuberoom","robots":{"index":"index","follow":"follow","max-snippet":"max-snippet:-1","max-image-preview":"max-image-preview:large","max-video-preview":"max-video-preview:-1"},"canonical":"https:\/\/help.jamk.fi\/tuberoom\/fi\/kayttoohjeet\/haastattelut-ja-keskustelut\/","og_locale":"fi_FI","og_type":"article","og_title":"Haastattelut ja keskustelut - Tuberoom","og_description":"Useamman puhujan tilanteita varten kannattaa valita Shuren mikrofonista sopiva suuntakuvio ja sijoittautua niin ett\u00e4 mikrofoni on mahdollisimman l\u00e4hell\u00e4 ja keskell\u00e4 puhujia. Esim. kahdenv\u00e4lisi\u00e4 haastatteluja varten sopii herttakuvio. Jos haastattelija on kuvan ulkopuolella, niin silloin voidaan hy\u00f6dynt\u00e4\u00e4 langatonta solmiomikrofonia. Jos lightboard on tiell\u00e4 eik\u00e4 sit\u00e4 tarvita, sen voi k\u00e4\u00e4nt\u00e4\u00e4 sivuun. Valot kannattaa sijoitella uudelleen siten, ett\u00e4 [&hellip;]","og_url":"https:\/\/help.jamk.fi\/tuberoom\/fi\/kayttoohjeet\/haastattelut-ja-keskustelut\/","og_site_name":"Tuberoom","article_modified_time":"2024-01-19T15:58:30+00:00","twitter_card":"summary_large_image","twitter_misc":{"Arvioitu lukuaika":"1 minuutti"},"schema":{"@context":"https:\/\/schema.org","@graph":[{"@type":"WebPage","@id":"https:\/\/help.jamk.fi\/tuberoom\/fi\/kayttoohjeet\/haastattelut-ja-keskustelut\/","url":"https:\/\/help.jamk.fi\/tuberoom\/fi\/kayttoohjeet\/haastattelut-ja-keskustelut\/","name":"Haastattelut ja keskustelut - Tuberoom","isPartOf":{"@id":"https:\/\/help.jamk.fi\/tuberoom\/#website"},"datePublished":"2018-02-15T09:49:44+00:00","dateModified":"2024-01-19T15:58:30+00:00","breadcrumb":{"@id":"https:\/\/help.jamk.fi\/tuberoom\/fi\/kayttoohjeet\/haastattelut-ja-keskustelut\/#breadcrumb"},"inLanguage":"fi","potentialAction":[{"@type":"ReadAction","target":["https:\/\/help.jamk.fi\/tuberoom\/fi\/kayttoohjeet\/haastattelut-ja-keskustelut\/"]}]},{"@type":"BreadcrumbList","@id":"https:\/\/help.jamk.fi\/tuberoom\/fi\/kayttoohjeet\/haastattelut-ja-keskustelut\/#breadcrumb","itemListElement":[{"@type":"ListItem","position":1,"name":"Etusivu","item":"https:\/\/help.jamk.fi\/tuberoom\/fi\/"},{"@type":"ListItem","position":2,"name":"K\u00e4ytt\u00f6ohjeet","item":"https:\/\/help.jamk.fi\/tuberoom\/fi\/kayttoohjeet\/"},{"@type":"ListItem","position":3,"name":"Haastattelut ja keskustelut"}]},{"@type":"WebSite","@id":"https:\/\/help.jamk.fi\/tuberoom\/#website","url":"https:\/\/help.jamk.fi\/tuberoom\/","name":"Tuberoom","description":"","potentialAction":[{"@type":"SearchAction","target":{"@type":"EntryPoint","urlTemplate":"https:\/\/help.jamk.fi\/tuberoom\/?s={search_term_string}"},"query-input":{"@type":"PropertyValueSpecification","valueRequired":true,"valueName":"search_term_string"}}],"inLanguage":"fi"}]}},"_links":{"self":[{"href":"https:\/\/help.jamk.fi\/tuberoom\/wp-json\/wp\/v2\/pages\/90","targetHints":{"allow":["GET"]}}],"collection":[{"href":"https:\/\/help.jamk.fi\/tuberoom\/wp-json\/wp\/v2\/pages"}],"about":[{"href":"https:\/\/help.jamk.fi\/tuberoom\/wp-json\/wp\/v2\/types\/page"}],"author":[{"embeddable":true,"href":"https:\/\/help.jamk.fi\/tuberoom\/wp-json\/wp\/v2\/users\/74"}],"replies":[{"embeddable":true,"href":"https:\/\/help.jamk.fi\/tuberoom\/wp-json\/wp\/v2\/comments?post=90"}],"version-history":[{"count":3,"href":"https:\/\/help.jamk.fi\/tuberoom\/wp-json\/wp\/v2\/pages\/90\/revisions"}],"predecessor-version":[{"id":387,"href":"https:\/\/help.jamk.fi\/tuberoom\/wp-json\/wp\/v2\/pages\/90\/revisions\/387"}],"up":[{"embeddable":true,"href":"https:\/\/help.jamk.fi\/tuberoom\/wp-json\/wp\/v2\/pages\/6"}],"wp:attachment":[{"href":"https:\/\/help.jamk.fi\/tuberoom\/wp-json\/wp\/v2\/media?parent=90"}],"wp:term":[{"taxonomy":"category","embeddable":true,"href":"https:\/\/help.jamk.fi\/tuberoom\/wp-json\/wp\/v2\/categories?post=90"},{"taxonomy":"post_tag","embeddable":true,"href":"https:\/\/help.jamk.fi\/tuberoom\/wp-json\/wp\/v2\/tags?post=90"}],"curies":[{"name":"wp","href":"https:\/\/api.w.org\/{rel}","templated":true}]}}