{"id":93,"date":"2018-02-20T12:16:13","date_gmt":"2018-02-20T10:16:13","guid":{"rendered":"https:\/\/help.jamk.fi\/tuberoom\/kayttoohjeet\/kayttosaannot\/"},"modified":"2024-01-11T09:17:03","modified_gmt":"2024-01-11T07:17:03","slug":"kayttosaannot","status":"publish","type":"page","link":"https:\/\/help.jamk.fi\/tuberoom\/fi\/kayttoohjeet\/kayttosaannot\/","title":{"rendered":"K\u00e4ytt\u00f6s\u00e4\u00e4nn\u00f6t"},"content":{"rendered":"\n<p>K\u00e4ytt\u00f6tarkoitus: henkil\u00f6kunnan video-osaamisen kehitt\u00e4minen, mahdollisuus videoiden tallennukseen ja editointiin itsen\u00e4isesti tai tuetusti asianmukaisilla v\u00e4lineill\u00e4<\/p>\n\n\n\n<p>K\u00e4ytt\u00f6s\u00e4\u00e4nn\u00f6t:<br>&#8211; tilasta ei vied\u00e4 v\u00e4lineit\u00e4 ulos<br>&#8211; k\u00e4yt\u00f6n j\u00e4lkeen v\u00e4lineet palautetaan paikoilleen ja siivotaan, ikkunataulu putsataan<br>&#8211; k\u00e4yt\u00f6n j\u00e4lkeen laitteet sammutetaan<br>&#8211; matolla k\u00e4vell\u00e4\u00e4n puhtailla kengill\u00e4 tai sukkasillaan<br>&#8211; muistetaan varata tila Outlookin kautta<\/p>\n\n\n\n<p>Tuki:<br>&#8211; eka k\u00e4yntikerralla perehdytys (av-palvelut tai joku toinen kokenut k\u00e4ytt\u00e4j\u00e4), sitten voi menn\u00e4 itsekseen ja voidaan my\u00f6nt\u00e4\u00e4 kulkulupa s\u00e4hk\u00f6lukkoon<br>&#8211; tarpeen mukaan voi pyyt\u00e4\u00e4 tukea allekirjoittaneelta tai my\u00f6s muilta k\u00e4ytt\u00e4jilt\u00e4<\/p>\n","protected":false},"excerpt":{"rendered":"<p>K\u00e4ytt\u00f6tarkoitus: henkil\u00f6kunnan video-osaamisen kehitt\u00e4minen, mahdollisuus videoiden tallennukseen ja editointiin itsen\u00e4isesti tai tuetusti asianmukaisilla v\u00e4lineill\u00e4 K\u00e4ytt\u00f6s\u00e4\u00e4nn\u00f6t:&#8211; tilasta ei vied\u00e4 v\u00e4lineit\u00e4 ulos&#8211; k\u00e4yt\u00f6n j\u00e4lkeen v\u00e4lineet palautetaan paikoilleen ja siivotaan, ikkunataulu putsataan&#8211; k\u00e4yt\u00f6n j\u00e4lkeen laitteet sammutetaan&#8211; matolla k\u00e4vell\u00e4\u00e4n puhtailla kengill\u00e4 tai sukkasillaan&#8211; muistetaan varata tila Outlookin kautta Tuki:&#8211; eka k\u00e4yntikerralla perehdytys (av-palvelut tai joku toinen kokenut k\u00e4ytt\u00e4j\u00e4), sitten [&hellip;]<\/p>\n","protected":false},"author":74,"featured_media":0,"parent":6,"menu_order":0,"comment_status":"closed","ping_status":"closed","template":"","meta":{"_acf_changed":false,"_relevanssi_hide_post":"","_relevanssi_hide_content":"","_relevanssi_pin_for_all":"","_relevanssi_pin_keywords":"","_relevanssi_unpin_keywords":"","_relevanssi_related_keywords":"","_relevanssi_related_include_ids":"","_relevanssi_related_exclude_ids":"","_relevanssi_related_no_append":"","_relevanssi_related_not_related":"","_relevanssi_related_posts":"","_relevanssi_noindex_reason":"","footnotes":""},"categories":[],"tags":[],"class_list":["post-93","page","type-page","status-publish","hentry"],"acf":[],"yoast_head":"<!-- This site is optimized with the Yoast SEO plugin v27.3 - https:\/\/yoast.com\/product\/yoast-seo-wordpress\/ -->\n<title>K\u00e4ytt\u00f6s\u00e4\u00e4nn\u00f6t - Tuberoom<\/title>\n<meta name=\"robots\" content=\"index, follow, max-snippet:-1, max-image-preview:large, max-video-preview:-1\" \/>\n<link rel=\"canonical\" href=\"https:\/\/help.jamk.fi\/tuberoom\/fi\/kayttoohjeet\/kayttosaannot\/\" \/>\n<meta property=\"og:locale\" content=\"fi_FI\" \/>\n<meta property=\"og:type\" content=\"article\" \/>\n<meta property=\"og:title\" content=\"K\u00e4ytt\u00f6s\u00e4\u00e4nn\u00f6t - Tuberoom\" \/>\n<meta property=\"og:description\" content=\"K\u00e4ytt\u00f6tarkoitus: henkil\u00f6kunnan video-osaamisen kehitt\u00e4minen, mahdollisuus videoiden tallennukseen ja editointiin itsen\u00e4isesti tai tuetusti asianmukaisilla v\u00e4lineill\u00e4 K\u00e4ytt\u00f6s\u00e4\u00e4nn\u00f6t:&#8211; tilasta ei vied\u00e4 v\u00e4lineit\u00e4 ulos&#8211; k\u00e4yt\u00f6n j\u00e4lkeen v\u00e4lineet palautetaan paikoilleen ja siivotaan, ikkunataulu putsataan&#8211; k\u00e4yt\u00f6n j\u00e4lkeen laitteet sammutetaan&#8211; matolla k\u00e4vell\u00e4\u00e4n puhtailla kengill\u00e4 tai sukkasillaan&#8211; muistetaan varata tila Outlookin kautta Tuki:&#8211; eka k\u00e4yntikerralla perehdytys (av-palvelut tai joku toinen kokenut k\u00e4ytt\u00e4j\u00e4), sitten [&hellip;]\" \/>\n<meta property=\"og:url\" content=\"https:\/\/help.jamk.fi\/tuberoom\/fi\/kayttoohjeet\/kayttosaannot\/\" \/>\n<meta property=\"og:site_name\" content=\"Tuberoom\" \/>\n<meta property=\"article:modified_time\" content=\"2024-01-11T07:17:03+00:00\" \/>\n<meta name=\"twitter:card\" content=\"summary_large_image\" \/>\n<script type=\"application\/ld+json\" class=\"yoast-schema-graph\">{\"@context\":\"https:\\\/\\\/schema.org\",\"@graph\":[{\"@type\":\"WebPage\",\"@id\":\"https:\\\/\\\/help.jamk.fi\\\/tuberoom\\\/fi\\\/kayttoohjeet\\\/kayttosaannot\\\/\",\"url\":\"https:\\\/\\\/help.jamk.fi\\\/tuberoom\\\/fi\\\/kayttoohjeet\\\/kayttosaannot\\\/\",\"name\":\"K\u00e4ytt\u00f6s\u00e4\u00e4nn\u00f6t - Tuberoom\",\"isPartOf\":{\"@id\":\"https:\\\/\\\/help.jamk.fi\\\/tuberoom\\\/#website\"},\"datePublished\":\"2018-02-20T10:16:13+00:00\",\"dateModified\":\"2024-01-11T07:17:03+00:00\",\"breadcrumb\":{\"@id\":\"https:\\\/\\\/help.jamk.fi\\\/tuberoom\\\/fi\\\/kayttoohjeet\\\/kayttosaannot\\\/#breadcrumb\"},\"inLanguage\":\"fi\",\"potentialAction\":[{\"@type\":\"ReadAction\",\"target\":[\"https:\\\/\\\/help.jamk.fi\\\/tuberoom\\\/fi\\\/kayttoohjeet\\\/kayttosaannot\\\/\"]}]},{\"@type\":\"BreadcrumbList\",\"@id\":\"https:\\\/\\\/help.jamk.fi\\\/tuberoom\\\/fi\\\/kayttoohjeet\\\/kayttosaannot\\\/#breadcrumb\",\"itemListElement\":[{\"@type\":\"ListItem\",\"position\":1,\"name\":\"Etusivu\",\"item\":\"https:\\\/\\\/help.jamk.fi\\\/tuberoom\\\/fi\\\/\"},{\"@type\":\"ListItem\",\"position\":2,\"name\":\"K\u00e4ytt\u00f6ohjeet\",\"item\":\"https:\\\/\\\/help.jamk.fi\\\/tuberoom\\\/fi\\\/kayttoohjeet\\\/\"},{\"@type\":\"ListItem\",\"position\":3,\"name\":\"K\u00e4ytt\u00f6s\u00e4\u00e4nn\u00f6t\"}]},{\"@type\":\"WebSite\",\"@id\":\"https:\\\/\\\/help.jamk.fi\\\/tuberoom\\\/#website\",\"url\":\"https:\\\/\\\/help.jamk.fi\\\/tuberoom\\\/\",\"name\":\"Tuberoom\",\"description\":\"\",\"potentialAction\":[{\"@type\":\"SearchAction\",\"target\":{\"@type\":\"EntryPoint\",\"urlTemplate\":\"https:\\\/\\\/help.jamk.fi\\\/tuberoom\\\/?s={search_term_string}\"},\"query-input\":{\"@type\":\"PropertyValueSpecification\",\"valueRequired\":true,\"valueName\":\"search_term_string\"}}],\"inLanguage\":\"fi\"}]}<\/script>\n<!-- \/ Yoast SEO plugin. -->","yoast_head_json":{"title":"K\u00e4ytt\u00f6s\u00e4\u00e4nn\u00f6t - Tuberoom","robots":{"index":"index","follow":"follow","max-snippet":"max-snippet:-1","max-image-preview":"max-image-preview:large","max-video-preview":"max-video-preview:-1"},"canonical":"https:\/\/help.jamk.fi\/tuberoom\/fi\/kayttoohjeet\/kayttosaannot\/","og_locale":"fi_FI","og_type":"article","og_title":"K\u00e4ytt\u00f6s\u00e4\u00e4nn\u00f6t - Tuberoom","og_description":"K\u00e4ytt\u00f6tarkoitus: henkil\u00f6kunnan video-osaamisen kehitt\u00e4minen, mahdollisuus videoiden tallennukseen ja editointiin itsen\u00e4isesti tai tuetusti asianmukaisilla v\u00e4lineill\u00e4 K\u00e4ytt\u00f6s\u00e4\u00e4nn\u00f6t:&#8211; tilasta ei vied\u00e4 v\u00e4lineit\u00e4 ulos&#8211; k\u00e4yt\u00f6n j\u00e4lkeen v\u00e4lineet palautetaan paikoilleen ja siivotaan, ikkunataulu putsataan&#8211; k\u00e4yt\u00f6n j\u00e4lkeen laitteet sammutetaan&#8211; matolla k\u00e4vell\u00e4\u00e4n puhtailla kengill\u00e4 tai sukkasillaan&#8211; muistetaan varata tila Outlookin kautta Tuki:&#8211; eka k\u00e4yntikerralla perehdytys (av-palvelut tai joku toinen kokenut k\u00e4ytt\u00e4j\u00e4), sitten [&hellip;]","og_url":"https:\/\/help.jamk.fi\/tuberoom\/fi\/kayttoohjeet\/kayttosaannot\/","og_site_name":"Tuberoom","article_modified_time":"2024-01-11T07:17:03+00:00","twitter_card":"summary_large_image","schema":{"@context":"https:\/\/schema.org","@graph":[{"@type":"WebPage","@id":"https:\/\/help.jamk.fi\/tuberoom\/fi\/kayttoohjeet\/kayttosaannot\/","url":"https:\/\/help.jamk.fi\/tuberoom\/fi\/kayttoohjeet\/kayttosaannot\/","name":"K\u00e4ytt\u00f6s\u00e4\u00e4nn\u00f6t - Tuberoom","isPartOf":{"@id":"https:\/\/help.jamk.fi\/tuberoom\/#website"},"datePublished":"2018-02-20T10:16:13+00:00","dateModified":"2024-01-11T07:17:03+00:00","breadcrumb":{"@id":"https:\/\/help.jamk.fi\/tuberoom\/fi\/kayttoohjeet\/kayttosaannot\/#breadcrumb"},"inLanguage":"fi","potentialAction":[{"@type":"ReadAction","target":["https:\/\/help.jamk.fi\/tuberoom\/fi\/kayttoohjeet\/kayttosaannot\/"]}]},{"@type":"BreadcrumbList","@id":"https:\/\/help.jamk.fi\/tuberoom\/fi\/kayttoohjeet\/kayttosaannot\/#breadcrumb","itemListElement":[{"@type":"ListItem","position":1,"name":"Etusivu","item":"https:\/\/help.jamk.fi\/tuberoom\/fi\/"},{"@type":"ListItem","position":2,"name":"K\u00e4ytt\u00f6ohjeet","item":"https:\/\/help.jamk.fi\/tuberoom\/fi\/kayttoohjeet\/"},{"@type":"ListItem","position":3,"name":"K\u00e4ytt\u00f6s\u00e4\u00e4nn\u00f6t"}]},{"@type":"WebSite","@id":"https:\/\/help.jamk.fi\/tuberoom\/#website","url":"https:\/\/help.jamk.fi\/tuberoom\/","name":"Tuberoom","description":"","potentialAction":[{"@type":"SearchAction","target":{"@type":"EntryPoint","urlTemplate":"https:\/\/help.jamk.fi\/tuberoom\/?s={search_term_string}"},"query-input":{"@type":"PropertyValueSpecification","valueRequired":true,"valueName":"search_term_string"}}],"inLanguage":"fi"}]}},"_links":{"self":[{"href":"https:\/\/help.jamk.fi\/tuberoom\/wp-json\/wp\/v2\/pages\/93","targetHints":{"allow":["GET"]}}],"collection":[{"href":"https:\/\/help.jamk.fi\/tuberoom\/wp-json\/wp\/v2\/pages"}],"about":[{"href":"https:\/\/help.jamk.fi\/tuberoom\/wp-json\/wp\/v2\/types\/page"}],"author":[{"embeddable":true,"href":"https:\/\/help.jamk.fi\/tuberoom\/wp-json\/wp\/v2\/users\/74"}],"replies":[{"embeddable":true,"href":"https:\/\/help.jamk.fi\/tuberoom\/wp-json\/wp\/v2\/comments?post=93"}],"version-history":[{"count":3,"href":"https:\/\/help.jamk.fi\/tuberoom\/wp-json\/wp\/v2\/pages\/93\/revisions"}],"predecessor-version":[{"id":375,"href":"https:\/\/help.jamk.fi\/tuberoom\/wp-json\/wp\/v2\/pages\/93\/revisions\/375"}],"up":[{"embeddable":true,"href":"https:\/\/help.jamk.fi\/tuberoom\/wp-json\/wp\/v2\/pages\/6"}],"wp:attachment":[{"href":"https:\/\/help.jamk.fi\/tuberoom\/wp-json\/wp\/v2\/media?parent=93"}],"wp:term":[{"taxonomy":"category","embeddable":true,"href":"https:\/\/help.jamk.fi\/tuberoom\/wp-json\/wp\/v2\/categories?post=93"},{"taxonomy":"post_tag","embeddable":true,"href":"https:\/\/help.jamk.fi\/tuberoom\/wp-json\/wp\/v2\/tags?post=93"}],"curies":[{"name":"wp","href":"https:\/\/api.w.org\/{rel}","templated":true}]}}