{"id":6,"date":"2023-10-03T14:56:25","date_gmt":"2023-10-03T11:56:25","guid":{"rendered":"https:\/\/help.jamk.fi\/tuudo\/?page_id=6"},"modified":"2024-05-06T15:43:38","modified_gmt":"2024-05-06T12:43:38","slug":"tuudo-etusivu","status":"publish","type":"page","link":"https:\/\/help.jamk.fi\/tuudo\/fi\/","title":{"rendered":"Tuudo-ohjeet opiskelijoille"},"content":{"rendered":"\n<div id=\"text-column-block_68a3270d810dfed04fc58f98cb1d6e64\" class=\"text-column block-text-column\">\n  <div class=\"block-text-column__wrapper\">\n                  <div class=\"row block-text-column__column-section\">\n          <div class=\"col-12 col-md-5 block-text-column__column-section--column\">\n            <div class=\"block-text-column__column-section--title-wrap\">\n                              <h2 class=\"\">Tuudo ohjeet opiskelijoille<\/h2>\n                          <\/div>\n          <\/div>\n          <div class=\"col-12 col-md-7 block-text-column__column-section--column\">\n                          <div class=\"block-text-column__column-section--text_area\">\n                <p>Nyt voit keskitty\u00e4 opintoihin, sill\u00e4 Tuudo tekee opiskelustasi helpompaa.\u00a0Tuudo-mobiilisovellus kokoaa usein tarvitsemasi tiedot Jamkin j\u00e4rjestelmist\u00e4 (esim. Peppi, kirjasto ja Elmo-intra) ja niiden ulkopuolelta. Tuudo on samaan aikaan lukuj\u00e4rjestys, kurssi-ilmoittautumiskanava, opintopistelaskuri, kampuskartta, lounaslista, kirjastokortti, uutiskanava, polku ty\u00f6el\u00e4m\u00e4\u00e4n ja paljon muuta.<\/p>\n              <\/div>\n                      <\/div>\n        <\/div>\n              <div class=\"row block-text-column__column-section\">\n          <div class=\"col-12 col-md-5 block-text-column__column-section--column\">\n            <div class=\"block-text-column__column-section--title-wrap\">\n                              <h2 class=\"\">Lataa Tuudo<\/h2>\n                          <\/div>\n          <\/div>\n          <div class=\"col-12 col-md-7 block-text-column__column-section--column\">\n                          <div class=\"block-text-column__column-section--text_area\">\n                <p>Halutessasi Tuudon palvelut k\u00e4ytt\u00f6\u00f6si, voit ladata Tuudon puhelimesi sovelluskaupasta. Tuudon k\u00e4ytt\u00f6 on opiskelijalle maksutonta ja vapaaehtoista. Voit k\u00e4ytt\u00e4\u00e4 Tuudoa Android-, HarmonyOS- sek\u00e4 iOS-laitteella.<\/p>\n<p>Tuudo ilmoittaa push-notifikaatioiden avulla t\u00e4rkeist\u00e4 viesteist\u00e4 ja muistuttaa sinua aikatauluistasi. Salli ilmoitusten l\u00e4hett\u00e4minen Tuudon asennuksen yhteydess\u00e4.<\/p>\n              <\/div>\n                      <\/div>\n        <\/div>\n            <\/div>\n<\/div>\n\n<div id=\"icon-lift-block_204fe2abb1799834a08ed50f86e1fd91\" class=\"block-centered-icon-lift block-centered-icon-lift\">\n  <div class=\"row\">\n                  <div class=\"col-12 col-md-6 col-lg-4\">\n          <div class=\"block-centered-icon-lift__item\">\n            <div class=\"block-centered-icon-lift__image-wrapper\">\n              <img decoding=\"async\" src=\"https:\/\/help.jamk.fi\/tuudo\/wp-content\/uploads\/sites\/127\/2023\/10\/appgallery_nappi.png\" alt=\"Huawei AppGallery\">\n            <\/div>\n                          <h4 class=\"block-centered-icon-lift__heading\">\n                <a target=\"_blank\" href=\"https:\/\/appgallery.huawei.com\/#\/app\/C101714387\">Explore it on AppGallery<\/a>\n              <\/h4>\n                        <p class=\"block-centered-icon-lift__text\"><\/p>\n                          <a class=\"block-centered-icon-lift__link small-text-button-icon\" href=\"\" aria-hidden=\"true\" tabindex=\"-1\">Lataa AppGallerysta<i  ><svg aria-hidden=\"true\" viewBox=\"0 0 4 7\" fill=\"none\" xmlns=\"http:\/\/www.w3.org\/2000\/svg\"><path d=\"M1.696 7H0l2.208-3.312L0 .376h1.696l2.208 3.312L1.696 7z\" fill=\"#0D004C\"\/><\/svg><\/i><\/a>\n                      <\/div>\n        <\/div>\n              <div class=\"col-12 col-md-6 col-lg-4\">\n          <div class=\"block-centered-icon-lift__item\">\n            <div class=\"block-centered-icon-lift__image-wrapper\">\n              <img decoding=\"async\" src=\"https:\/\/help.jamk.fi\/tuudo\/wp-content\/uploads\/sites\/127\/2023\/10\/playstore_nappi.png\" alt=\"Google Play\">\n            <\/div>\n                          <h4 class=\"block-centered-icon-lift__heading\">\n                <a target=\"_blank\" href=\"https:\/\/play.google.com\/store\/apps\/details?id=fi.caleidon.tuudo\">Get it on Google Play<\/a>\n              <\/h4>\n                        <p class=\"block-centered-icon-lift__text\"><\/p>\n                          <a class=\"block-centered-icon-lift__link small-text-button-icon\" href=\"\" aria-hidden=\"true\" tabindex=\"-1\">Lataa Google Playsta<i  ><svg aria-hidden=\"true\" viewBox=\"0 0 4 7\" fill=\"none\" xmlns=\"http:\/\/www.w3.org\/2000\/svg\"><path d=\"M1.696 7H0l2.208-3.312L0 .376h1.696l2.208 3.312L1.696 7z\" fill=\"#0D004C\"\/><\/svg><\/i><\/a>\n                      <\/div>\n        <\/div>\n              <div class=\"col-12 col-md-6 col-lg-4\">\n          <div class=\"block-centered-icon-lift__item\">\n            <div class=\"block-centered-icon-lift__image-wrapper\">\n              <img decoding=\"async\" src=\"https:\/\/help.jamk.fi\/tuudo\/wp-content\/uploads\/sites\/127\/2023\/10\/Appstore_nappi.png\" alt=\"AppStore\">\n            <\/div>\n                          <h4 class=\"block-centered-icon-lift__heading\">\n                <a target=\"_blank\" href=\"https:\/\/apps.apple.com\/fi\/app\/tuudo\/id1128326282\">Download on the AppStore<\/a>\n              <\/h4>\n                        <p class=\"block-centered-icon-lift__text\"><\/p>\n                          <a class=\"block-centered-icon-lift__link small-text-button-icon\" href=\"\" aria-hidden=\"true\" tabindex=\"-1\">Lataa App Storesta<i  ><svg aria-hidden=\"true\" viewBox=\"0 0 4 7\" fill=\"none\" xmlns=\"http:\/\/www.w3.org\/2000\/svg\"><path d=\"M1.696 7H0l2.208-3.312L0 .376h1.696l2.208 3.312L1.696 7z\" fill=\"#0D004C\"\/><\/svg><\/i><\/a>\n                      <\/div>\n        <\/div>\n            <\/div>\n<\/div>\n\n<div id=\"icon-lift-block_b5c7ed7de4e2b2c1ed530dcb63ecd72c\" class=\"block-icon-lift block-icon-lift\">\n  <div class=\"row\">\n                  <div class=\"col-12 col-md-6 col-lg-3\">\n          <div class=\"block-icon-lift__item\">\n            <div class=\"block-icon-lift__image-wrapper\">\n                          <\/div>\n            <h4 class=\"block-icon-lift__heading\">Lukuj\u00e4rjestyksesi Tuudossa<\/h4>\n            <p class=\"block-icon-lift__text\">Tuudo n\u00e4ytt\u00e4\u00e4 lukuj\u00e4rjestyksesi ilmoittautumistesi perusteella, jos toteutukselle on tehty lukuj\u00e4rjestys. Voit my\u00f6s\u00a0valita\u00a0tulevat ja meneill\u00e4\u00e4n olevat opintojaksot tai pienryhm\u00e4t, joiden aikataulut haluat lukuj\u00e4rjestyksell\u00e4si n\u00e4kyviin tai piilottaa.<\/p>\n                          <a class=\"block-icon-lift__link small-text-button-icon\" target=\"\" href=\"https:\/\/help.jamk.fi\/peppi\/fi\/kalenteri\/tuudon-kalenteritoiminnot\/tuudon-lukujarjestys\/\">Tuudon lukuj\u00e4rjestys<i  ><svg aria-hidden=\"true\" viewBox=\"0 0 4 7\" fill=\"none\" xmlns=\"http:\/\/www.w3.org\/2000\/svg\"><path d=\"M1.696 7H0l2.208-3.312L0 .376h1.696l2.208 3.312L1.696 7z\" fill=\"#0D004C\"\/><\/svg><\/i><\/a>\n                      <\/div>\n        <\/div>\n              <div class=\"col-12 col-md-6 col-lg-3\">\n          <div class=\"block-icon-lift__item\">\n            <div class=\"block-icon-lift__image-wrapper\">\n                          <\/div>\n            <h4 class=\"block-icon-lift__heading\">Katso tilojen varauskalentereita<\/h4>\n            <p class=\"block-icon-lift__text\">Voit katsoa tilojen varauskalentereita Tuudo-sovelluksesta tai tarkistaa varaustilanteen tilojen ovienpieliss\u00e4 olevista QR-koodeista.<\/p>\n                          <a class=\"block-icon-lift__link small-text-button-icon\" target=\"\" href=\"https:\/\/help.jamk.fi\/peppi\/fi\/kalenteri\/tuudon-kalenteritoiminnot\/tilakalentereiden-katseleminen-tuudosta\/\">Tuudon tilojen varauskalenterit<i  ><svg aria-hidden=\"true\" viewBox=\"0 0 4 7\" fill=\"none\" xmlns=\"http:\/\/www.w3.org\/2000\/svg\"><path d=\"M1.696 7H0l2.208-3.312L0 .376h1.696l2.208 3.312L1.696 7z\" fill=\"#0D004C\"\/><\/svg><\/i><\/a>\n                      <\/div>\n        <\/div>\n              <div class=\"col-12 col-md-6 col-lg-3\">\n          <div class=\"block-icon-lift__item\">\n            <div class=\"block-icon-lift__image-wrapper\">\n                          <\/div>\n            <h4 class=\"block-icon-lift__heading\">Varaa tiloja harjoitteluun<\/h4>\n            <p class=\"block-icon-lift__text\">Osa opiskelijoista voi varata tiloja Tuudossa opintoihin kuuluvia harjoitteluja varten. Varausoikeudet ovat samat kuin Peppi-opiskelutietoj\u00e4rjestelm\u00e4ss\u00e4kin.<\/p>\n                          <a class=\"block-icon-lift__link small-text-button-icon\" target=\"\" href=\"https:\/\/help.jamk.fi\/peppi\/fi\/kalenteri\/tuudon-kalenteritoiminnot\/tilojen-varaaminen-tuudosta\/\">Tilojen varaaminen Tuudosta<i  ><svg aria-hidden=\"true\" viewBox=\"0 0 4 7\" fill=\"none\" xmlns=\"http:\/\/www.w3.org\/2000\/svg\"><path d=\"M1.696 7H0l2.208-3.312L0 .376h1.696l2.208 3.312L1.696 7z\" fill=\"#0D004C\"\/><\/svg><\/i><\/a>\n                      <\/div>\n        <\/div>\n              <div class=\"col-12 col-md-6 col-lg-3\">\n          <div class=\"block-icon-lift__item\">\n            <div class=\"block-icon-lift__image-wrapper\">\n                          <\/div>\n            <h4 class=\"block-icon-lift__heading\">Yhdist\u00e4 kalenterisi<\/h4>\n            <p class=\"block-icon-lift__text\">Jos haluat vied\u00e4 lukuj\u00e4rjestyksesi esimerkiksi puhelimesi kalenteriin tai muuhun ulkoiseen kalenteriin, voit yhdist\u00e4\u00e4 Tuudo-kalenterin k\u00e4ytt\u00e4m\u00e4\u00e4si kalenteriin.<\/p>\n                          <a class=\"block-icon-lift__link small-text-button-icon\" target=\"\" href=\"https:\/\/www.tuudo.fi\/2021\/11\/02\/tuudo-kalenterin-yhdistaminen-ulkoiseen-kalenteriin\/\">Kalenterin yhdist\u00e4minen<i  ><svg aria-hidden=\"true\" viewBox=\"0 0 4 7\" fill=\"none\" xmlns=\"http:\/\/www.w3.org\/2000\/svg\"><path d=\"M1.696 7H0l2.208-3.312L0 .376h1.696l2.208 3.312L1.696 7z\" fill=\"#0D004C\"\/><\/svg><\/i><\/a>\n                      <\/div>\n        <\/div>\n              <div class=\"col-12 col-md-6 col-lg-3\">\n          <div class=\"block-icon-lift__item\">\n            <div class=\"block-icon-lift__image-wrapper\">\n                          <\/div>\n            <h4 class=\"block-icon-lift__heading\">Ota kirjastokortti k\u00e4ytt\u00f6\u00f6si Tuudossa<\/h4>\n            <p class=\"block-icon-lift__text\">Mobiilikortilla voit kulkea Jamkin kirjastoihin omatoimiajalla ja lainata automaatilla.\u00a0Tuudossa voit uusia lainojasi, seurata varauksiasi sek\u00e4 peruuttaa varauksen. N\u00e4et my\u00f6s mahdolliset maksusi sek\u00e4 kampuskirjastojen aukioloajat.\u00a0Tuudo muistuttaa lainojesi er\u00e4p\u00e4iv\u00e4n l\u00e4hestymisest\u00e4 sek\u00e4 ilmoittaa, kun varauksesi on noudettavissa.<\/p>\n                          <a class=\"block-icon-lift__link small-text-button-icon\" target=\"\" href=\"https:\/\/www.jamk.fi\/fi\/palvelut\/kirjasto\/lainaa-uusi-varaa\/kirjasto-on-myos-tuudossa\">Kirjastokortin k\u00e4ytt\u00f6\u00f6notto Tuudossa<i  ><svg aria-hidden=\"true\" viewBox=\"0 0 4 7\" fill=\"none\" xmlns=\"http:\/\/www.w3.org\/2000\/svg\"><path d=\"M1.696 7H0l2.208-3.312L0 .376h1.696l2.208 3.312L1.696 7z\" fill=\"#0D004C\"\/><\/svg><\/i><\/a>\n                      <\/div>\n        <\/div>\n              <div class=\"col-12 col-md-6 col-lg-3\">\n          <div class=\"block-icon-lift__item\">\n            <div class=\"block-icon-lift__image-wrapper\">\n                          <\/div>\n            <h4 class=\"block-icon-lift__heading\">Ole turvassa &#8211; vastaanota kriisiviestit<\/h4>\n            <p class=\"block-icon-lift__text\">Tuudo on osa Jamkin kriisiviestint\u00e4j\u00e4rjestelm\u00e4\u00e4. Turvallisuutta uhkaavissa tilanteissa ja h\u00e4iri\u00f6tilanteissa kriisiviestit opiskelijoille tulevat Tuudo-sovelluksen kautta puhelimeen push-notifikaatioina<\/p>\n                          <a class=\"block-icon-lift__link small-text-button-icon\" target=\"\" href=\"https:\/\/jamkstudent.sharepoint.com\/sites\/Tilat-ja-turvallisuus-Elmo\/SitePages\/Turvallisuus.aspx\">Kriisiviestit Tuudossa<i  ><svg aria-hidden=\"true\" viewBox=\"0 0 4 7\" fill=\"none\" xmlns=\"http:\/\/www.w3.org\/2000\/svg\"><path d=\"M1.696 7H0l2.208-3.312L0 .376h1.696l2.208 3.312L1.696 7z\" fill=\"#0D004C\"\/><\/svg><\/i><\/a>\n                      <\/div>\n        <\/div>\n            <\/div>\n<\/div>\n\n\n<div id=\"text-column-block_ce2b5ca2dfa707c9f4fde2051696c54a\" class=\"text-column block-text-column\">\n  <div class=\"block-text-column__wrapper\">\n                  <div class=\"row block-text-column__column-section\">\n          <div class=\"col-12 col-md-5 block-text-column__column-section--column\">\n            <div class=\"block-text-column__column-section--title-wrap\">\n                              <h2 class=\"\">Usein kysytyt kysymykset<\/h2>\n                          <\/div>\n          <\/div>\n          <div class=\"col-12 col-md-7 block-text-column__column-section--column\">\n                          <div class=\"block-text-column__column-section--text_area\">\n                <h3 class=\"wp-block-heading\">Miten k\u00e4yt\u00e4n Tuudoa?<\/h3>\n<p><!-- \/wp:heading --> <!-- wp:paragraph --><\/p>\n<p>Lataa Tuudo sovelluskaupasta. Voit k\u00e4ytt\u00e4\u00e4 Tuudoa Android-, HarmonyOS- sek\u00e4 iOS-laitteella. Avaa sovellus ja valitse oppilaitoksesi listasta. Kirjaudu sis\u00e4\u00e4n Jamkin tunnuksilla, joilla kirjaudut muihinkin oppilaitoksen palveluihin. Jatkossa kirjautumista ei tarvita. Varmista, ett\u00e4 k\u00e4yt\u00f6ss\u00e4si on aina sovelluksen uusin versio.<\/p>\n<h3 class=\"wp-block-heading\">Mit\u00e4 Tuudossa on?<\/h3>\n<p>Jamkin Tuudosta l\u00f6yd\u00e4t<\/p>\n<p><!-- \/wp:paragraph --> <!-- wp:list --><\/p>\n<ul>\n<li style=\"list-style-type: none;\">\n<ul><!-- wp:list-item --><\/p>\n<li>lukuj\u00e4rjestyksesi<\/li>\n<\/ul>\n<\/li>\n<\/ul>\n<p><!-- \/wp:list-item --> <!-- wp:list-item --><\/p>\n<ul>\n<li style=\"list-style-type: none;\">\n<ul>\n<li>opintosuoritustietosi<\/li>\n<\/ul>\n<\/li>\n<\/ul>\n<p><!-- \/wp:list-item --> <!-- wp:list-item --><\/p>\n<ul>\n<li style=\"list-style-type: none;\">\n<ul>\n<li>Jamkin uutiset<\/li>\n<\/ul>\n<\/li>\n<\/ul>\n<p><!-- \/wp:list-item --> <!-- wp:list-item --><\/p>\n<ul>\n<li style=\"list-style-type: none;\">\n<ul>\n<li>kirjastokortin<\/li>\n<\/ul>\n<\/li>\n<\/ul>\n<p><!-- \/wp:list-item --> <!-- wp:list-item --><\/p>\n<ul>\n<li style=\"list-style-type: none;\">\n<ul>\n<li>kampuskartat<\/li>\n<\/ul>\n<\/li>\n<\/ul>\n<p><!-- \/wp:list-item --> <!-- wp:list-item --><\/p>\n<ul>\n<li style=\"list-style-type: none;\">\n<ul>\n<li>Jamkin tilojen varaamisen henkil\u00f6kohtaiseen opiskeluk\u00e4ytt\u00f6\u00f6n<\/li>\n<\/ul>\n<\/li>\n<\/ul>\n<p><!-- \/wp:list-item --> <!-- wp:list-item --><\/p>\n<ul>\n<li style=\"list-style-type: none;\">\n<ul>\n<li>ilmoittautumisen opintojaksoille<\/li>\n<\/ul>\n<\/li>\n<\/ul>\n<p><!-- \/wp:list-item --> <!-- wp:list-item --><\/p>\n<ul>\n<li style=\"list-style-type: none;\">\n<ul>\n<li>kampusravintoloiden lounaslistat<\/li>\n<\/ul>\n<\/li>\n<\/ul>\n<p><!-- \/wp:list-item --> <!-- wp:list-item --><\/p>\n<ul>\n<li style=\"list-style-type: none;\">\n<ul>\n<li>harjoittelupaikat<\/li>\n<\/ul>\n<\/li>\n<\/ul>\n<p><!-- \/wp:list-item --> <!-- wp:list-item --><\/p>\n<ul>\n<li style=\"list-style-type: none;\">\n<ul>\n<li>muita hy\u00f6dyllisi\u00e4 palveluita, mm. julkisen liikenteen aikataulut<\/li>\n<\/ul>\n<\/li>\n<\/ul>\n<p><!-- \/wp:list-item --><\/p>\n<p><!-- \/wp:list --> <!-- wp:heading {\"level\":3} --><\/p>\n<h3 class=\"wp-block-heading\">Miten n\u00e4en lukuj\u00e4rjestykseni?<\/h3>\n<p><!-- \/wp:heading --> <!-- wp:paragraph --><\/p>\n<p>Kun olet kirjautunut sis\u00e4\u00e4n, lukuj\u00e4rjestyksesi muodostuu Tuudon etusivulle sek\u00e4 kalenterin\u00e4kym\u00e4\u00e4n automaattisesti. Lukuj\u00e4rjestyksesi koostuu niist\u00e4 kursseista, joille olet ilmoittautunut tai joita olet seurannut Tuudossa.<\/p>\n<p><!-- \/wp:paragraph --> <!-- wp:heading {\"level\":3} --><\/p>\n<h3 class=\"wp-block-heading\">Ovatko tietoni turvassa?<\/h3>\n<p><!-- \/wp:heading --> <!-- wp:paragraph --><\/p>\n<p>Voit tarkastella omia tietojasi Tuudolla, kun kirjaudut sovellukseen oppilaitoksesi opiskelijatunnuksella. Tuudo ei tallenna opintotietojasi, vaan ainoastaan v\u00e4litt\u00e4\u00e4 ne sinulle. Tuudo on turvallinen sovellus k\u00e4ytt\u00e4\u00e4; yksityisyytesi on Tuudolle eritt\u00e4in t\u00e4rke\u00e4 asia.<\/p>\n              <\/div>\n                      <\/div>\n        <\/div>\n            <\/div>\n<\/div>\n\n  <div id=\"quick-links-block_5b8d90cb4977294d68d33662eb1f6607\" class=\"block-quick-links block-quick-links\">\n          <h2 class=\"block-quick-links__heading\">Lis\u00e4tietoja<\/h2>\n    \n    <ul class=\"quick-links-list\">\n                                <li class=\"quick-links-list__item\">\n            <a class=\"button-primary-icon\" href=\"https:\/\/static.tuudo.fi\/privacy\/fi\/\" target=\"\" >\n              Tuudon tietosuojaseloste            <\/a>\n          <\/li>\n                                           <li class=\"quick-links-list__item\">\n            <a class=\"button-primary-icon\" href=\"https:\/\/static.tuudo.fi\/accessibility_statement\/\" target=\"\" >\n              Tuudon saavutettavuusseloste            <\/a>\n          <\/li>\n                     <\/ul>\n  <\/div>\n","protected":false},"excerpt":{"rendered":"","protected":false},"author":82,"featured_media":0,"parent":0,"menu_order":0,"comment_status":"closed","ping_status":"closed","template":"templates\/template-full-width.php","meta":{"_acf_changed":false,"_relevanssi_hide_post":"","_relevanssi_hide_content":"","_relevanssi_pin_for_all":"","_relevanssi_pin_keywords":"","_relevanssi_unpin_keywords":"","_relevanssi_related_keywords":"","_relevanssi_related_include_ids":"","_relevanssi_related_exclude_ids":"","_relevanssi_related_no_append":"","_relevanssi_related_not_related":"","_relevanssi_related_posts":"","_relevanssi_noindex_reason":"","footnotes":""},"categories":[],"tags":[10],"class_list":["post-6","page","type-page","status-publish","hentry","tag-tuudo"],"acf":[],"yoast_head":"<!-- This site is optimized with the Yoast SEO plugin v27.3 - https:\/\/yoast.com\/product\/yoast-seo-wordpress\/ -->\n<title>Tuudo-ohjeet opiskelijoille - Tuudo<\/title>\n<meta name=\"robots\" content=\"index, follow, max-snippet:-1, max-image-preview:large, max-video-preview:-1\" \/>\n<link rel=\"canonical\" href=\"https:\/\/help.jamk.fi\/tuudo\/fi\/\" \/>\n<meta property=\"og:locale\" content=\"fi_FI\" \/>\n<meta property=\"og:type\" content=\"article\" \/>\n<meta property=\"og:title\" content=\"Tuudo-ohjeet opiskelijoille - Tuudo\" \/>\n<meta property=\"og:url\" content=\"https:\/\/help.jamk.fi\/tuudo\/fi\/\" \/>\n<meta property=\"og:site_name\" content=\"Tuudo\" \/>\n<meta property=\"article:modified_time\" content=\"2024-05-06T12:43:38+00:00\" \/>\n<meta name=\"twitter:card\" content=\"summary_large_image\" \/>\n<script type=\"application\/ld+json\" class=\"yoast-schema-graph\">{\"@context\":\"https:\\\/\\\/schema.org\",\"@graph\":[{\"@type\":\"WebPage\",\"@id\":\"https:\\\/\\\/help.jamk.fi\\\/tuudo\\\/fi\\\/\",\"url\":\"https:\\\/\\\/help.jamk.fi\\\/tuudo\\\/fi\\\/\",\"name\":\"Tuudo-ohjeet opiskelijoille - Tuudo\",\"isPartOf\":{\"@id\":\"https:\\\/\\\/help.jamk.fi\\\/tuudo\\\/#website\"},\"datePublished\":\"2023-10-03T11:56:25+00:00\",\"dateModified\":\"2024-05-06T12:43:38+00:00\",\"breadcrumb\":{\"@id\":\"https:\\\/\\\/help.jamk.fi\\\/tuudo\\\/fi\\\/#breadcrumb\"},\"inLanguage\":\"fi\",\"potentialAction\":[{\"@type\":\"ReadAction\",\"target\":[\"https:\\\/\\\/help.jamk.fi\\\/tuudo\\\/fi\\\/\"]}]},{\"@type\":\"BreadcrumbList\",\"@id\":\"https:\\\/\\\/help.jamk.fi\\\/tuudo\\\/fi\\\/#breadcrumb\",\"itemListElement\":[{\"@type\":\"ListItem\",\"position\":1,\"name\":\"Etusivu\",\"item\":\"https:\\\/\\\/help.jamk.fi\\\/tuudo\\\/fi\\\/\"},{\"@type\":\"ListItem\",\"position\":2,\"name\":\"Tuudo-ohjeet opiskelijoille\"}]},{\"@type\":\"WebSite\",\"@id\":\"https:\\\/\\\/help.jamk.fi\\\/tuudo\\\/#website\",\"url\":\"https:\\\/\\\/help.jamk.fi\\\/tuudo\\\/\",\"name\":\"Tuudo\",\"description\":\"Tuudo-mobiilisovelluksen ohjeet.\",\"potentialAction\":[{\"@type\":\"SearchAction\",\"target\":{\"@type\":\"EntryPoint\",\"urlTemplate\":\"https:\\\/\\\/help.jamk.fi\\\/tuudo\\\/?s={search_term_string}\"},\"query-input\":{\"@type\":\"PropertyValueSpecification\",\"valueRequired\":true,\"valueName\":\"search_term_string\"}}],\"inLanguage\":\"fi\"}]}<\/script>\n<!-- \/ Yoast SEO plugin. -->","yoast_head_json":{"title":"Tuudo-ohjeet opiskelijoille - Tuudo","robots":{"index":"index","follow":"follow","max-snippet":"max-snippet:-1","max-image-preview":"max-image-preview:large","max-video-preview":"max-video-preview:-1"},"canonical":"https:\/\/help.jamk.fi\/tuudo\/fi\/","og_locale":"fi_FI","og_type":"article","og_title":"Tuudo-ohjeet opiskelijoille - Tuudo","og_url":"https:\/\/help.jamk.fi\/tuudo\/fi\/","og_site_name":"Tuudo","article_modified_time":"2024-05-06T12:43:38+00:00","twitter_card":"summary_large_image","schema":{"@context":"https:\/\/schema.org","@graph":[{"@type":"WebPage","@id":"https:\/\/help.jamk.fi\/tuudo\/fi\/","url":"https:\/\/help.jamk.fi\/tuudo\/fi\/","name":"Tuudo-ohjeet opiskelijoille - Tuudo","isPartOf":{"@id":"https:\/\/help.jamk.fi\/tuudo\/#website"},"datePublished":"2023-10-03T11:56:25+00:00","dateModified":"2024-05-06T12:43:38+00:00","breadcrumb":{"@id":"https:\/\/help.jamk.fi\/tuudo\/fi\/#breadcrumb"},"inLanguage":"fi","potentialAction":[{"@type":"ReadAction","target":["https:\/\/help.jamk.fi\/tuudo\/fi\/"]}]},{"@type":"BreadcrumbList","@id":"https:\/\/help.jamk.fi\/tuudo\/fi\/#breadcrumb","itemListElement":[{"@type":"ListItem","position":1,"name":"Etusivu","item":"https:\/\/help.jamk.fi\/tuudo\/fi\/"},{"@type":"ListItem","position":2,"name":"Tuudo-ohjeet opiskelijoille"}]},{"@type":"WebSite","@id":"https:\/\/help.jamk.fi\/tuudo\/#website","url":"https:\/\/help.jamk.fi\/tuudo\/","name":"Tuudo","description":"Tuudo-mobiilisovelluksen ohjeet.","potentialAction":[{"@type":"SearchAction","target":{"@type":"EntryPoint","urlTemplate":"https:\/\/help.jamk.fi\/tuudo\/?s={search_term_string}"},"query-input":{"@type":"PropertyValueSpecification","valueRequired":true,"valueName":"search_term_string"}}],"inLanguage":"fi"}]}},"_links":{"self":[{"href":"https:\/\/help.jamk.fi\/tuudo\/wp-json\/wp\/v2\/pages\/6","targetHints":{"allow":["GET"]}}],"collection":[{"href":"https:\/\/help.jamk.fi\/tuudo\/wp-json\/wp\/v2\/pages"}],"about":[{"href":"https:\/\/help.jamk.fi\/tuudo\/wp-json\/wp\/v2\/types\/page"}],"author":[{"embeddable":true,"href":"https:\/\/help.jamk.fi\/tuudo\/wp-json\/wp\/v2\/users\/82"}],"replies":[{"embeddable":true,"href":"https:\/\/help.jamk.fi\/tuudo\/wp-json\/wp\/v2\/comments?post=6"}],"version-history":[{"count":84,"href":"https:\/\/help.jamk.fi\/tuudo\/wp-json\/wp\/v2\/pages\/6\/revisions"}],"predecessor-version":[{"id":240,"href":"https:\/\/help.jamk.fi\/tuudo\/wp-json\/wp\/v2\/pages\/6\/revisions\/240"}],"wp:attachment":[{"href":"https:\/\/help.jamk.fi\/tuudo\/wp-json\/wp\/v2\/media?parent=6"}],"wp:term":[{"taxonomy":"category","embeddable":true,"href":"https:\/\/help.jamk.fi\/tuudo\/wp-json\/wp\/v2\/categories?post=6"},{"taxonomy":"post_tag","embeddable":true,"href":"https:\/\/help.jamk.fi\/tuudo\/wp-json\/wp\/v2\/tags?post=6"}],"curies":[{"name":"wp","href":"https:\/\/api.w.org\/{rel}","templated":true}]}}