{"id":108,"date":"2018-06-07T11:04:08","date_gmt":"2018-06-07T08:04:08","guid":{"rendered":"https:\/\/help.jamk.fi\/videoteknologiat\/valineet-ja-ohjelmistot\/zoom\/zoom-kokouksen-ajastaminen-ja-kutsun-lahettaminen\/"},"modified":"2024-01-19T14:51:10","modified_gmt":"2024-01-19T12:51:10","slug":"zoom-kokouksen-ajastaminen-ja-kutsun-lahettaminen","status":"publish","type":"page","link":"https:\/\/help.jamk.fi\/videoteknologiat\/fi\/valineet-ja-ohjelmistot\/zoom\/zoom-kokouksen-ajastaminen-ja-kutsun-lahettaminen\/","title":{"rendered":"Zoom &#8211; kokouksen ajastaminen ja kutsun l\u00e4hett\u00e4minen"},"content":{"rendered":"\n<p>Kokousis\u00e4nt\u00e4 voi ajastaa kokouksen ja kutsua osallistujat parilla tapaa. K\u00e4tevimmin se k\u00e4y joko Zoom-sovelluksen kautta tai Outlookin kalenterista, jos sinulla on Zoomin Outlook-lis\u00e4osa asennettuna.<\/p>\n\n\n\n<p>Zoom-sovelluksesta kokouksen ajastamisen voi tehd\u00e4 sinisest\u00e4 <strong>Schedule<\/strong>-painikkeesta painamalla, jolloin avautuu kuvan mukaiset kokouksen ajastusasetukset.<\/p>\n\n\n\n<figure class=\"wp-block-image alignnone wp-image-112\"><img decoding=\"async\" src=\"https:\/\/help.jamk.fi\/videoteknologiat\/wp-content\/uploads\/sites\/67\/2023\/09\/zoom_apps.png\" alt=\"\" class=\"wp-image-112\"\/><figcaption class=\"wp-element-caption\">Zoom-sovellus<\/figcaption><\/figure>\n\n\n\n<p>Ajastusasetuksista voit s\u00e4\u00e4t\u00e4\u00e4 seuraavia ominaisuuksia: k\u00e4ynnistet\u00e4\u00e4nk\u00f6 video oletuksena, mink\u00e4 v\u00e4lineen kautta \u00e4\u00e4ni kulkee (puhelin\/tietokone vai molemmat, jos molemmat, niin valitse my\u00f6s maa josta soitellaan), yleiset kokousominaisuudet (tarvitaanko salasanaa liittymiseen, voiko liitty\u00e4 kokoukseen ennen kokousis\u00e4nt\u00e4\u00e4, mykistet\u00e4\u00e4nk\u00f6 \u00e4\u00e4net, k\u00e4ytet\u00e4\u00e4nk\u00f6 henkil\u00f6kohtaista kokous-id:t\u00e4, tallennetaanko automaattisesti, m\u00e4\u00e4ritell\u00e4\u00e4nk\u00f6 rinnakkaiset is\u00e4nn\u00e4t) ja mink\u00e4 muotoisen kokouskutsun alareunassa olevan <strong>Schedule<\/strong>-painikkeen painallus generoi toimenpiteen lopuksi.<\/p>\n\n\n\n<figure class=\"wp-block-image alignnone wp-image-113\"><img decoding=\"async\" src=\"https:\/\/help.jamk.fi\/videoteknologiat\/wp-content\/uploads\/sites\/67\/2023\/09\/schedule_meeting.png\" alt=\"\" class=\"wp-image-113\"\/><figcaption class=\"wp-element-caption\">Ajastusasetukset<\/figcaption><\/figure>\n\n\n\n<p>Ohessa generoitu kutsu, jonka voi l\u00e4hett\u00e4\u00e4 s\u00e4hk\u00f6postilla osallistujille (tai liitt\u00e4\u00e4 sen vaikka Moodlen ty\u00f6tilaan)<\/p>\n\n\n\n<figure class=\"wp-block-image alignnone wp-image-114\"><img decoding=\"async\" src=\"https:\/\/help.jamk.fi\/videoteknologiat\/wp-content\/uploads\/sites\/67\/2023\/09\/kutsu.png\" alt=\"\" class=\"wp-image-114\"\/><figcaption class=\"wp-element-caption\">Kokouskutsu s\u00e4hk\u00f6postiin<\/figcaption><\/figure>\n\n\n\n<p>Ohessa Outlookin lis\u00e4osan avulla generoitu kutsu<\/p>\n\n\n\n<figure class=\"wp-block-image size-large\"><img decoding=\"async\" src=\"https:\/\/help.jamk.fi\/videoteknologiat\/wp-content\/uploads\/sites\/67\/2023\/12\/outlook-1024x918.png\" alt=\"\" class=\"wp-image-2272\"\/><figcaption class=\"wp-element-caption\">Kokouskutsu Outlook-kalenterin kautta Outlook-lis\u00e4osalla<\/figcaption><\/figure>\n\n\n\n<p>Omat ajastetut kutsut voit tarkistaa Zoom-sovelluksen Meetings-v\u00e4lilehdelt\u00e4 kuvan mukaisesti<\/p>\n\n\n\n<figure class=\"wp-block-image alignnone size-large wp-image-116\"><img decoding=\"async\" src=\"https:\/\/help.jamk.fi\/videoteknologiat\/wp-content\/uploads\/sites\/67\/2023\/09\/meetings.png\" alt=\"\" class=\"wp-image-116\"\/><figcaption class=\"wp-element-caption\">Meetings-v\u00e4lilehti<\/figcaption><\/figure>\n","protected":false},"excerpt":{"rendered":"<p>Kokousis\u00e4nt\u00e4 voi ajastaa kokouksen ja kutsua osallistujat parilla tapaa. K\u00e4tevimmin se k\u00e4y joko Zoom-sovelluksen kautta tai Outlookin kalenterista, jos sinulla on Zoomin Outlook-lis\u00e4osa asennettuna. Zoom-sovelluksesta kokouksen ajastamisen voi tehd\u00e4 sinisest\u00e4 Schedule-painikkeesta painamalla, jolloin avautuu kuvan mukaiset kokouksen ajastusasetukset. Ajastusasetuksista voit s\u00e4\u00e4t\u00e4\u00e4 seuraavia ominaisuuksia: k\u00e4ynnistet\u00e4\u00e4nk\u00f6 video oletuksena, mink\u00e4 v\u00e4lineen kautta \u00e4\u00e4ni kulkee (puhelin\/tietokone vai molemmat, jos [&hellip;]<\/p>\n","protected":false},"author":65,"featured_media":0,"parent":69,"menu_order":0,"comment_status":"closed","ping_status":"closed","template":"","meta":{"_acf_changed":false,"_relevanssi_hide_post":"","_relevanssi_hide_content":"","_relevanssi_pin_for_all":"","_relevanssi_pin_keywords":"","_relevanssi_unpin_keywords":"","_relevanssi_related_keywords":"","_relevanssi_related_include_ids":"","_relevanssi_related_exclude_ids":"","_relevanssi_related_no_append":"","_relevanssi_related_not_related":"","_relevanssi_related_posts":"","_relevanssi_noindex_reason":"","footnotes":""},"categories":[],"tags":[],"class_list":["post-108","page","type-page","status-publish","hentry"],"acf":[],"yoast_head":"<!-- This site is optimized with the Yoast SEO plugin v27.3 - https:\/\/yoast.com\/product\/yoast-seo-wordpress\/ -->\n<title>Zoom - kokouksen ajastaminen ja kutsun l\u00e4hett\u00e4minen - Videoteknologiat<\/title>\n<meta name=\"robots\" content=\"index, follow, max-snippet:-1, max-image-preview:large, max-video-preview:-1\" \/>\n<link rel=\"canonical\" href=\"https:\/\/help.jamk.fi\/videoteknologiat\/fi\/valineet-ja-ohjelmistot\/zoom\/zoom-kokouksen-ajastaminen-ja-kutsun-lahettaminen\/\" \/>\n<meta property=\"og:locale\" content=\"fi_FI\" \/>\n<meta property=\"og:type\" content=\"article\" \/>\n<meta property=\"og:title\" content=\"Zoom - kokouksen ajastaminen ja kutsun l\u00e4hett\u00e4minen - Videoteknologiat\" \/>\n<meta property=\"og:description\" content=\"Kokousis\u00e4nt\u00e4 voi ajastaa kokouksen ja kutsua osallistujat parilla tapaa. K\u00e4tevimmin se k\u00e4y joko Zoom-sovelluksen kautta tai Outlookin kalenterista, jos sinulla on Zoomin Outlook-lis\u00e4osa asennettuna. Zoom-sovelluksesta kokouksen ajastamisen voi tehd\u00e4 sinisest\u00e4 Schedule-painikkeesta painamalla, jolloin avautuu kuvan mukaiset kokouksen ajastusasetukset. Ajastusasetuksista voit s\u00e4\u00e4t\u00e4\u00e4 seuraavia ominaisuuksia: k\u00e4ynnistet\u00e4\u00e4nk\u00f6 video oletuksena, mink\u00e4 v\u00e4lineen kautta \u00e4\u00e4ni kulkee (puhelin\/tietokone vai molemmat, jos [&hellip;]\" \/>\n<meta property=\"og:url\" content=\"https:\/\/help.jamk.fi\/videoteknologiat\/fi\/valineet-ja-ohjelmistot\/zoom\/zoom-kokouksen-ajastaminen-ja-kutsun-lahettaminen\/\" \/>\n<meta property=\"og:site_name\" content=\"Videoteknologiat\" \/>\n<meta property=\"article:modified_time\" content=\"2024-01-19T12:51:10+00:00\" \/>\n<meta property=\"og:image\" content=\"https:\/\/help.jamk.fi\/videoteknologiat\/wp-content\/uploads\/sites\/67\/2023\/09\/zoom_apps.png\" \/>\n<meta name=\"twitter:card\" content=\"summary_large_image\" \/>\n<meta name=\"twitter:label1\" content=\"Arvioitu lukuaika\" \/>\n\t<meta name=\"twitter:data1\" content=\"2 minuuttia\" \/>\n<script type=\"application\/ld+json\" class=\"yoast-schema-graph\">{\"@context\":\"https:\\\/\\\/schema.org\",\"@graph\":[{\"@type\":\"WebPage\",\"@id\":\"https:\\\/\\\/help.jamk.fi\\\/videoteknologiat\\\/fi\\\/valineet-ja-ohjelmistot\\\/zoom\\\/zoom-kokouksen-ajastaminen-ja-kutsun-lahettaminen\\\/\",\"url\":\"https:\\\/\\\/help.jamk.fi\\\/videoteknologiat\\\/fi\\\/valineet-ja-ohjelmistot\\\/zoom\\\/zoom-kokouksen-ajastaminen-ja-kutsun-lahettaminen\\\/\",\"name\":\"Zoom - kokouksen ajastaminen ja kutsun l\u00e4hett\u00e4minen - Videoteknologiat\",\"isPartOf\":{\"@id\":\"https:\\\/\\\/help.jamk.fi\\\/videoteknologiat\\\/#website\"},\"primaryImageOfPage\":{\"@id\":\"https:\\\/\\\/help.jamk.fi\\\/videoteknologiat\\\/fi\\\/valineet-ja-ohjelmistot\\\/zoom\\\/zoom-kokouksen-ajastaminen-ja-kutsun-lahettaminen\\\/#primaryimage\"},\"image\":{\"@id\":\"https:\\\/\\\/help.jamk.fi\\\/videoteknologiat\\\/fi\\\/valineet-ja-ohjelmistot\\\/zoom\\\/zoom-kokouksen-ajastaminen-ja-kutsun-lahettaminen\\\/#primaryimage\"},\"thumbnailUrl\":\"https:\\\/\\\/help.jamk.fi\\\/videoteknologiat\\\/wp-content\\\/uploads\\\/sites\\\/67\\\/2023\\\/09\\\/zoom_apps.png\",\"datePublished\":\"2018-06-07T08:04:08+00:00\",\"dateModified\":\"2024-01-19T12:51:10+00:00\",\"breadcrumb\":{\"@id\":\"https:\\\/\\\/help.jamk.fi\\\/videoteknologiat\\\/fi\\\/valineet-ja-ohjelmistot\\\/zoom\\\/zoom-kokouksen-ajastaminen-ja-kutsun-lahettaminen\\\/#breadcrumb\"},\"inLanguage\":\"fi\",\"potentialAction\":[{\"@type\":\"ReadAction\",\"target\":[\"https:\\\/\\\/help.jamk.fi\\\/videoteknologiat\\\/fi\\\/valineet-ja-ohjelmistot\\\/zoom\\\/zoom-kokouksen-ajastaminen-ja-kutsun-lahettaminen\\\/\"]}]},{\"@type\":\"ImageObject\",\"inLanguage\":\"fi\",\"@id\":\"https:\\\/\\\/help.jamk.fi\\\/videoteknologiat\\\/fi\\\/valineet-ja-ohjelmistot\\\/zoom\\\/zoom-kokouksen-ajastaminen-ja-kutsun-lahettaminen\\\/#primaryimage\",\"url\":\"\",\"contentUrl\":\"\"},{\"@type\":\"BreadcrumbList\",\"@id\":\"https:\\\/\\\/help.jamk.fi\\\/videoteknologiat\\\/fi\\\/valineet-ja-ohjelmistot\\\/zoom\\\/zoom-kokouksen-ajastaminen-ja-kutsun-lahettaminen\\\/#breadcrumb\",\"itemListElement\":[{\"@type\":\"ListItem\",\"position\":1,\"name\":\"Etusivu\",\"item\":\"https:\\\/\\\/help.jamk.fi\\\/videoteknologiat\\\/fi\\\/\"},{\"@type\":\"ListItem\",\"position\":2,\"name\":\"V\u00e4lineet ja ohjelmistot\",\"item\":\"https:\\\/\\\/help.jamk.fi\\\/videoteknologiat\\\/fi\\\/valineet-ja-ohjelmistot\\\/\"},{\"@type\":\"ListItem\",\"position\":3,\"name\":\"Zoom\",\"item\":\"https:\\\/\\\/help.jamk.fi\\\/videoteknologiat\\\/fi\\\/valineet-ja-ohjelmistot\\\/zoom\\\/\"},{\"@type\":\"ListItem\",\"position\":4,\"name\":\"Zoom &#8211; kokouksen ajastaminen ja kutsun l\u00e4hett\u00e4minen\"}]},{\"@type\":\"WebSite\",\"@id\":\"https:\\\/\\\/help.jamk.fi\\\/videoteknologiat\\\/#website\",\"url\":\"https:\\\/\\\/help.jamk.fi\\\/videoteknologiat\\\/\",\"name\":\"Videoteknologiat\",\"description\":\"\",\"potentialAction\":[{\"@type\":\"SearchAction\",\"target\":{\"@type\":\"EntryPoint\",\"urlTemplate\":\"https:\\\/\\\/help.jamk.fi\\\/videoteknologiat\\\/?s={search_term_string}\"},\"query-input\":{\"@type\":\"PropertyValueSpecification\",\"valueRequired\":true,\"valueName\":\"search_term_string\"}}],\"inLanguage\":\"fi\"}]}<\/script>\n<!-- \/ Yoast SEO plugin. -->","yoast_head_json":{"title":"Zoom - kokouksen ajastaminen ja kutsun l\u00e4hett\u00e4minen - Videoteknologiat","robots":{"index":"index","follow":"follow","max-snippet":"max-snippet:-1","max-image-preview":"max-image-preview:large","max-video-preview":"max-video-preview:-1"},"canonical":"https:\/\/help.jamk.fi\/videoteknologiat\/fi\/valineet-ja-ohjelmistot\/zoom\/zoom-kokouksen-ajastaminen-ja-kutsun-lahettaminen\/","og_locale":"fi_FI","og_type":"article","og_title":"Zoom - kokouksen ajastaminen ja kutsun l\u00e4hett\u00e4minen - Videoteknologiat","og_description":"Kokousis\u00e4nt\u00e4 voi ajastaa kokouksen ja kutsua osallistujat parilla tapaa. K\u00e4tevimmin se k\u00e4y joko Zoom-sovelluksen kautta tai Outlookin kalenterista, jos sinulla on Zoomin Outlook-lis\u00e4osa asennettuna. Zoom-sovelluksesta kokouksen ajastamisen voi tehd\u00e4 sinisest\u00e4 Schedule-painikkeesta painamalla, jolloin avautuu kuvan mukaiset kokouksen ajastusasetukset. Ajastusasetuksista voit s\u00e4\u00e4t\u00e4\u00e4 seuraavia ominaisuuksia: k\u00e4ynnistet\u00e4\u00e4nk\u00f6 video oletuksena, mink\u00e4 v\u00e4lineen kautta \u00e4\u00e4ni kulkee (puhelin\/tietokone vai molemmat, jos [&hellip;]","og_url":"https:\/\/help.jamk.fi\/videoteknologiat\/fi\/valineet-ja-ohjelmistot\/zoom\/zoom-kokouksen-ajastaminen-ja-kutsun-lahettaminen\/","og_site_name":"Videoteknologiat","article_modified_time":"2024-01-19T12:51:10+00:00","og_image":[{"url":"https:\/\/help.jamk.fi\/videoteknologiat\/wp-content\/uploads\/sites\/67\/2023\/09\/zoom_apps.png","type":"","width":"","height":""}],"twitter_card":"summary_large_image","twitter_misc":{"Arvioitu lukuaika":"2 minuuttia"},"schema":{"@context":"https:\/\/schema.org","@graph":[{"@type":"WebPage","@id":"https:\/\/help.jamk.fi\/videoteknologiat\/fi\/valineet-ja-ohjelmistot\/zoom\/zoom-kokouksen-ajastaminen-ja-kutsun-lahettaminen\/","url":"https:\/\/help.jamk.fi\/videoteknologiat\/fi\/valineet-ja-ohjelmistot\/zoom\/zoom-kokouksen-ajastaminen-ja-kutsun-lahettaminen\/","name":"Zoom - kokouksen ajastaminen ja kutsun l\u00e4hett\u00e4minen - Videoteknologiat","isPartOf":{"@id":"https:\/\/help.jamk.fi\/videoteknologiat\/#website"},"primaryImageOfPage":{"@id":"https:\/\/help.jamk.fi\/videoteknologiat\/fi\/valineet-ja-ohjelmistot\/zoom\/zoom-kokouksen-ajastaminen-ja-kutsun-lahettaminen\/#primaryimage"},"image":{"@id":"https:\/\/help.jamk.fi\/videoteknologiat\/fi\/valineet-ja-ohjelmistot\/zoom\/zoom-kokouksen-ajastaminen-ja-kutsun-lahettaminen\/#primaryimage"},"thumbnailUrl":"https:\/\/help.jamk.fi\/videoteknologiat\/wp-content\/uploads\/sites\/67\/2023\/09\/zoom_apps.png","datePublished":"2018-06-07T08:04:08+00:00","dateModified":"2024-01-19T12:51:10+00:00","breadcrumb":{"@id":"https:\/\/help.jamk.fi\/videoteknologiat\/fi\/valineet-ja-ohjelmistot\/zoom\/zoom-kokouksen-ajastaminen-ja-kutsun-lahettaminen\/#breadcrumb"},"inLanguage":"fi","potentialAction":[{"@type":"ReadAction","target":["https:\/\/help.jamk.fi\/videoteknologiat\/fi\/valineet-ja-ohjelmistot\/zoom\/zoom-kokouksen-ajastaminen-ja-kutsun-lahettaminen\/"]}]},{"@type":"ImageObject","inLanguage":"fi","@id":"https:\/\/help.jamk.fi\/videoteknologiat\/fi\/valineet-ja-ohjelmistot\/zoom\/zoom-kokouksen-ajastaminen-ja-kutsun-lahettaminen\/#primaryimage","url":"","contentUrl":""},{"@type":"BreadcrumbList","@id":"https:\/\/help.jamk.fi\/videoteknologiat\/fi\/valineet-ja-ohjelmistot\/zoom\/zoom-kokouksen-ajastaminen-ja-kutsun-lahettaminen\/#breadcrumb","itemListElement":[{"@type":"ListItem","position":1,"name":"Etusivu","item":"https:\/\/help.jamk.fi\/videoteknologiat\/fi\/"},{"@type":"ListItem","position":2,"name":"V\u00e4lineet ja ohjelmistot","item":"https:\/\/help.jamk.fi\/videoteknologiat\/fi\/valineet-ja-ohjelmistot\/"},{"@type":"ListItem","position":3,"name":"Zoom","item":"https:\/\/help.jamk.fi\/videoteknologiat\/fi\/valineet-ja-ohjelmistot\/zoom\/"},{"@type":"ListItem","position":4,"name":"Zoom &#8211; kokouksen ajastaminen ja kutsun l\u00e4hett\u00e4minen"}]},{"@type":"WebSite","@id":"https:\/\/help.jamk.fi\/videoteknologiat\/#website","url":"https:\/\/help.jamk.fi\/videoteknologiat\/","name":"Videoteknologiat","description":"","potentialAction":[{"@type":"SearchAction","target":{"@type":"EntryPoint","urlTemplate":"https:\/\/help.jamk.fi\/videoteknologiat\/?s={search_term_string}"},"query-input":{"@type":"PropertyValueSpecification","valueRequired":true,"valueName":"search_term_string"}}],"inLanguage":"fi"}]}},"_links":{"self":[{"href":"https:\/\/help.jamk.fi\/videoteknologiat\/wp-json\/wp\/v2\/pages\/108","targetHints":{"allow":["GET"]}}],"collection":[{"href":"https:\/\/help.jamk.fi\/videoteknologiat\/wp-json\/wp\/v2\/pages"}],"about":[{"href":"https:\/\/help.jamk.fi\/videoteknologiat\/wp-json\/wp\/v2\/types\/page"}],"author":[{"embeddable":true,"href":"https:\/\/help.jamk.fi\/videoteknologiat\/wp-json\/wp\/v2\/users\/65"}],"replies":[{"embeddable":true,"href":"https:\/\/help.jamk.fi\/videoteknologiat\/wp-json\/wp\/v2\/comments?post=108"}],"version-history":[{"count":25,"href":"https:\/\/help.jamk.fi\/videoteknologiat\/wp-json\/wp\/v2\/pages\/108\/revisions"}],"predecessor-version":[{"id":2324,"href":"https:\/\/help.jamk.fi\/videoteknologiat\/wp-json\/wp\/v2\/pages\/108\/revisions\/2324"}],"up":[{"embeddable":true,"href":"https:\/\/help.jamk.fi\/videoteknologiat\/wp-json\/wp\/v2\/pages\/69"}],"wp:attachment":[{"href":"https:\/\/help.jamk.fi\/videoteknologiat\/wp-json\/wp\/v2\/media?parent=108"}],"wp:term":[{"taxonomy":"category","embeddable":true,"href":"https:\/\/help.jamk.fi\/videoteknologiat\/wp-json\/wp\/v2\/categories?post=108"},{"taxonomy":"post_tag","embeddable":true,"href":"https:\/\/help.jamk.fi\/videoteknologiat\/wp-json\/wp\/v2\/tags?post=108"}],"curies":[{"name":"wp","href":"https:\/\/api.w.org\/{rel}","templated":true}]}}