{"id":129,"date":"2018-08-06T06:58:40","date_gmt":"2018-08-06T03:58:40","guid":{"rendered":"https:\/\/help.jamk.fi\/videoteknologiat\/tilat\/luentotallennustila-f306\/"},"modified":"2024-01-12T12:11:11","modified_gmt":"2024-01-12T10:11:11","slug":"luentotallennustila-f306","status":"publish","type":"page","link":"https:\/\/help.jamk.fi\/videoteknologiat\/fi\/tilat\/luentotallennustila-f306\/","title":{"rendered":"Luentotallennustila F306"},"content":{"rendered":"\n<p>Luokassa F306 on tilatallennusj\u00e4rjestelm\u00e4, johon kuuluu tallenninlaite (Epiphan Pearl 2), kolme kameraa, kattomikrofonit sek\u00e4 kaksi langatonta mikrofonia. Tallentimeen voidaan kaapata my\u00f6s projektorilla n\u00e4ytett\u00e4v\u00e4\u00e4 kuvaa. Projektorin kuval\u00e4hde valitaan opettajan p\u00f6yd\u00e4ll\u00e4 olevasta valitsimesta seuraavista nelj\u00e4st\u00e4 vaihtoehdoista: PC, Laptop 1, Dokumentti kamera, Laptop 2. Laptop 2:n liit\u00e4nt\u00e4piste sijaitsee pitk\u00e4n sein\u00e4n keskivaiheilla tv-monitorin oikealla puolella, jossa on vaihtoehtoinen esityspiste. Sek\u00e4 projektorilla ett\u00e4 TV-monitorissa n\u00e4kyy sama kuva silloin kun molemmat laitteet ovat k\u00e4ynniss\u00e4. Projektori ja televisio k\u00e4ynnistet\u00e4\u00e4n laitteiden omalla kaukos\u00e4\u00e4timell\u00e4. Kaiuttimista kuuluvan \u00e4\u00e4nen tasoa voi s\u00e4\u00e4t\u00e4\u00e4 projektorin tasos\u00e4\u00e4d\u00f6ill\u00e4 (tai tietokoneen s\u00e4\u00e4d\u00f6ill\u00e4)..<\/p>\n\n\n\n<p>Luokan kamerat saa k\u00e4yntiin tallentimen p\u00e4\u00e4ll\u00e4 olevasta kosketuspaneelista. Luokan takaosassa keskell\u00e4 oleva kamera seuraa luennoitsijan liikkeit\u00e4 automaattisesti esityspisteen ollessa luokan etuosassa opettajan p\u00f6yd\u00e4n \u00e4\u00e4rell\u00e4. Liikkeiden seuranta perustuu hahmontunnistukseen. Kahden pitkill\u00e4 seinill\u00e4 olevan kameran kuvakulmaa ja asentoa voi s\u00e4\u00e4t\u00e4\u00e4 kosketuspaneelin painikkeilla.<\/p>\n\n\n\n<p>Luokan etuosan lataustelakassa on kaksi langatonta mikrofonia: headset ja kapulamikrofoni. On suositeltavaa, ett\u00e4 opettaja k\u00e4ytt\u00e4\u00e4 headset-mikrofonia tallennuksen aikana. Kapulaa voidaan hy\u00f6dynt\u00e4\u00e4 tarvittaessa keskustelutilanteissa, kuten my\u00f6skin kattomikrofoneja. Kattomikrofonit v\u00e4litt\u00e4v\u00e4t keskustelun parhaiten jos puhutaan seisaaltaan ja selke\u00e4ll\u00e4 \u00e4\u00e4nell\u00e4. K\u00e4yt\u00f6n j\u00e4lkeen langattomat mikrofonit laitetaan takaisin lataustelakkaan latautumaan.<\/p>\n\n\n\n<p>Tallentimessa on kosketuspaneeli, josta tallennus k\u00e4ynnistet\u00e4\u00e4n ja pys\u00e4ytet\u00e4\u00e4n. Tallentimeen on tehty valmiiksi erilaisia esiasetuksia joista voi k\u00e4ynnist\u00e4\u00e4 tallennuksen ja valita tallennuksen aikana paneelin n\u00e4kymist\u00e4 kuhunkin tilanteeseen sopiva kamera tai yhdistelm\u00e4kuva (esim. esityksen ja kameran yhdistelm\u00e4). Paneelista l\u00f6ytyy my\u00f6s ns. <em>One Touch Button<\/em>, jolla voidaan k\u00e4ynnist\u00e4\u00e4 kaikkien kameroiden ja esityksen rinnakkainen tallennus samalla kertaa. T\u00e4m\u00e4 mahdollistaa j\u00e4lkik\u00e4teen eri kameroiden ja esitysten yhdistelyn editoimalla.<\/p>\n\n\n\n<p>Tallennin on suojattu pin-koodilla, jonka saa kysym\u00e4ll\u00e4 av-palveluista (av-palvelut@jamk.fi). Pin-koodia vaihdellaan aika ajoin. Laite menee pin-koodi -tilaan 60 minuutin j\u00e4lkeen, mutta tallennus toki jatkuu jos se on silloin k\u00e4ynniss\u00e4 ja paneelin lukituksen saa auki sy\u00f6tt\u00e4m\u00e4ll\u00e4 pin-koodin uudestaan.<\/p>\n\n\n\n<p>Tallenteiden julkaisusta ja mahdollisesta j\u00e4lkik\u00e4sittelyst\u00e4 pit\u00e4\u00e4 sopia erikseen tallennuksen j\u00e4lkeen av-palveluiden kanssa. Tallentajan pyynn\u00f6st\u00e4 Av-palvelut lataa videotiedostot verkon v\u00e4lityksell\u00e4 laitteen et\u00e4hallinnasta talteen ja tarvittaessa l\u00e4hett\u00e4\u00e4 tallenteet edelleen asianomaisille jatkoty\u00f6st\u00f6\u00e4 ja julkaisua varten.<\/p>\n\n\n\n<p>Laitteella on mahdollista erillissopimuksesta l\u00e4hett\u00e4\u00e4 my\u00f6s suoraa videol\u00e4hetyst\u00e4 esim. Moniviestimen tai YouTuben kautta. Sit\u00e4 varten Av-palvelut tekee laitteeseen l\u00e4hetysosoitteen haluttuun jakelukanavaan ja ilmoittaa siit\u00e4 asiakkaalle.<\/p>\n\n\n\n<p>Varustukseen kuuluu nyt my\u00f6s hdmi-usb-muunnin, jolla tallentimesta valitun kameran kuva saadaan muunnettua usb-webkameraksi. Mikrofonien \u00e4\u00e4ni kulkee my\u00f6skin saman muuntimen kautta. Oletuksena usb-johto on kytketty tilan tietokoneeseen ja merkattu tekstill\u00e4 webcam. N\u00e4in salin kuva ja \u00e4\u00e4nij\u00e4rjestelm\u00e4\u00e4 voi hy\u00f6dynt\u00e4\u00e4 esim. Zoom-kokouksissa ja hybridiopetuksessa.<\/p>\n\n\n\n<p><a href=\"https:\/\/help.jamk.fi\/videoteknologiat\/fi\/tilat\/luentotallennustila-f306\/luentotallennusjarjestelman-kayttoohje-f306\/\">Luentotallennuksen k\u00e4ytt\u00f6ohjeeseen<\/a><br> <a href=\"https:\/\/help.jamk.fi\/videoteknologiat\/fi\/tilat\/luentotallennustila-f306\/f306-hybridiopetuksessa\/\">Hybridiopetus ja webinaarit<\/a><\/p>\n","protected":false},"excerpt":{"rendered":"<p>Luokassa F306 on tilatallennusj\u00e4rjestelm\u00e4, johon kuuluu tallenninlaite (Epiphan Pearl 2), kolme kameraa, kattomikrofonit sek\u00e4 kaksi langatonta mikrofonia. Tallentimeen voidaan kaapata my\u00f6s projektorilla n\u00e4ytett\u00e4v\u00e4\u00e4 kuvaa. Projektorin kuval\u00e4hde valitaan opettajan p\u00f6yd\u00e4ll\u00e4 olevasta valitsimesta seuraavista nelj\u00e4st\u00e4 vaihtoehdoista: PC, Laptop 1, Dokumentti kamera, Laptop 2. Laptop 2:n liit\u00e4nt\u00e4piste sijaitsee pitk\u00e4n sein\u00e4n keskivaiheilla tv-monitorin oikealla puolella, jossa on vaihtoehtoinen esityspiste. [&hellip;]<\/p>\n","protected":false},"author":65,"featured_media":0,"parent":30,"menu_order":0,"comment_status":"closed","ping_status":"closed","template":"","meta":{"_acf_changed":false,"_relevanssi_hide_post":"","_relevanssi_hide_content":"","_relevanssi_pin_for_all":"","_relevanssi_pin_keywords":"","_relevanssi_unpin_keywords":"","_relevanssi_related_keywords":"","_relevanssi_related_include_ids":"","_relevanssi_related_exclude_ids":"","_relevanssi_related_no_append":"","_relevanssi_related_not_related":"","_relevanssi_related_posts":"","_relevanssi_noindex_reason":"","footnotes":""},"categories":[],"tags":[],"class_list":["post-129","page","type-page","status-publish","hentry"],"acf":[],"yoast_head":"<!-- This site is optimized with the Yoast SEO plugin v27.4 - https:\/\/yoast.com\/product\/yoast-seo-wordpress\/ -->\n<title>Luentotallennustila F306 - Videoteknologiat<\/title>\n<meta name=\"robots\" content=\"index, follow, max-snippet:-1, max-image-preview:large, max-video-preview:-1\" \/>\n<link rel=\"canonical\" href=\"https:\/\/help.jamk.fi\/videoteknologiat\/fi\/tilat\/luentotallennustila-f306\/\" \/>\n<meta property=\"og:locale\" content=\"fi_FI\" \/>\n<meta property=\"og:type\" content=\"article\" \/>\n<meta property=\"og:title\" content=\"Luentotallennustila F306 - Videoteknologiat\" \/>\n<meta property=\"og:description\" content=\"Luokassa F306 on tilatallennusj\u00e4rjestelm\u00e4, johon kuuluu tallenninlaite (Epiphan Pearl 2), kolme kameraa, kattomikrofonit sek\u00e4 kaksi langatonta mikrofonia. Tallentimeen voidaan kaapata my\u00f6s projektorilla n\u00e4ytett\u00e4v\u00e4\u00e4 kuvaa. Projektorin kuval\u00e4hde valitaan opettajan p\u00f6yd\u00e4ll\u00e4 olevasta valitsimesta seuraavista nelj\u00e4st\u00e4 vaihtoehdoista: PC, Laptop 1, Dokumentti kamera, Laptop 2. Laptop 2:n liit\u00e4nt\u00e4piste sijaitsee pitk\u00e4n sein\u00e4n keskivaiheilla tv-monitorin oikealla puolella, jossa on vaihtoehtoinen esityspiste. [&hellip;]\" \/>\n<meta property=\"og:url\" content=\"https:\/\/help.jamk.fi\/videoteknologiat\/fi\/tilat\/luentotallennustila-f306\/\" \/>\n<meta property=\"og:site_name\" content=\"Videoteknologiat\" \/>\n<meta property=\"article:modified_time\" content=\"2024-01-12T10:11:11+00:00\" \/>\n<meta name=\"twitter:card\" content=\"summary_large_image\" \/>\n<meta name=\"twitter:label1\" content=\"Arvioitu lukuaika\" \/>\n\t<meta name=\"twitter:data1\" content=\"3 minuuttia\" \/>\n<script type=\"application\/ld+json\" class=\"yoast-schema-graph\">{\"@context\":\"https:\\\/\\\/schema.org\",\"@graph\":[{\"@type\":\"WebPage\",\"@id\":\"https:\\\/\\\/help.jamk.fi\\\/videoteknologiat\\\/fi\\\/tilat\\\/luentotallennustila-f306\\\/\",\"url\":\"https:\\\/\\\/help.jamk.fi\\\/videoteknologiat\\\/fi\\\/tilat\\\/luentotallennustila-f306\\\/\",\"name\":\"Luentotallennustila F306 - Videoteknologiat\",\"isPartOf\":{\"@id\":\"https:\\\/\\\/help.jamk.fi\\\/videoteknologiat\\\/#website\"},\"datePublished\":\"2018-08-06T03:58:40+00:00\",\"dateModified\":\"2024-01-12T10:11:11+00:00\",\"breadcrumb\":{\"@id\":\"https:\\\/\\\/help.jamk.fi\\\/videoteknologiat\\\/fi\\\/tilat\\\/luentotallennustila-f306\\\/#breadcrumb\"},\"inLanguage\":\"fi\",\"potentialAction\":[{\"@type\":\"ReadAction\",\"target\":[\"https:\\\/\\\/help.jamk.fi\\\/videoteknologiat\\\/fi\\\/tilat\\\/luentotallennustila-f306\\\/\"]}]},{\"@type\":\"BreadcrumbList\",\"@id\":\"https:\\\/\\\/help.jamk.fi\\\/videoteknologiat\\\/fi\\\/tilat\\\/luentotallennustila-f306\\\/#breadcrumb\",\"itemListElement\":[{\"@type\":\"ListItem\",\"position\":1,\"name\":\"Etusivu\",\"item\":\"https:\\\/\\\/help.jamk.fi\\\/videoteknologiat\\\/fi\\\/\"},{\"@type\":\"ListItem\",\"position\":2,\"name\":\"Tilat\",\"item\":\"https:\\\/\\\/help.jamk.fi\\\/videoteknologiat\\\/fi\\\/tilat\\\/\"},{\"@type\":\"ListItem\",\"position\":3,\"name\":\"Luentotallennustila F306\"}]},{\"@type\":\"WebSite\",\"@id\":\"https:\\\/\\\/help.jamk.fi\\\/videoteknologiat\\\/#website\",\"url\":\"https:\\\/\\\/help.jamk.fi\\\/videoteknologiat\\\/\",\"name\":\"Videoteknologiat\",\"description\":\"\",\"potentialAction\":[{\"@type\":\"SearchAction\",\"target\":{\"@type\":\"EntryPoint\",\"urlTemplate\":\"https:\\\/\\\/help.jamk.fi\\\/videoteknologiat\\\/?s={search_term_string}\"},\"query-input\":{\"@type\":\"PropertyValueSpecification\",\"valueRequired\":true,\"valueName\":\"search_term_string\"}}],\"inLanguage\":\"fi\"}]}<\/script>\n<!-- \/ Yoast SEO plugin. -->","yoast_head_json":{"title":"Luentotallennustila F306 - Videoteknologiat","robots":{"index":"index","follow":"follow","max-snippet":"max-snippet:-1","max-image-preview":"max-image-preview:large","max-video-preview":"max-video-preview:-1"},"canonical":"https:\/\/help.jamk.fi\/videoteknologiat\/fi\/tilat\/luentotallennustila-f306\/","og_locale":"fi_FI","og_type":"article","og_title":"Luentotallennustila F306 - Videoteknologiat","og_description":"Luokassa F306 on tilatallennusj\u00e4rjestelm\u00e4, johon kuuluu tallenninlaite (Epiphan Pearl 2), kolme kameraa, kattomikrofonit sek\u00e4 kaksi langatonta mikrofonia. Tallentimeen voidaan kaapata my\u00f6s projektorilla n\u00e4ytett\u00e4v\u00e4\u00e4 kuvaa. Projektorin kuval\u00e4hde valitaan opettajan p\u00f6yd\u00e4ll\u00e4 olevasta valitsimesta seuraavista nelj\u00e4st\u00e4 vaihtoehdoista: PC, Laptop 1, Dokumentti kamera, Laptop 2. Laptop 2:n liit\u00e4nt\u00e4piste sijaitsee pitk\u00e4n sein\u00e4n keskivaiheilla tv-monitorin oikealla puolella, jossa on vaihtoehtoinen esityspiste. [&hellip;]","og_url":"https:\/\/help.jamk.fi\/videoteknologiat\/fi\/tilat\/luentotallennustila-f306\/","og_site_name":"Videoteknologiat","article_modified_time":"2024-01-12T10:11:11+00:00","twitter_card":"summary_large_image","twitter_misc":{"Arvioitu lukuaika":"3 minuuttia"},"schema":{"@context":"https:\/\/schema.org","@graph":[{"@type":"WebPage","@id":"https:\/\/help.jamk.fi\/videoteknologiat\/fi\/tilat\/luentotallennustila-f306\/","url":"https:\/\/help.jamk.fi\/videoteknologiat\/fi\/tilat\/luentotallennustila-f306\/","name":"Luentotallennustila F306 - Videoteknologiat","isPartOf":{"@id":"https:\/\/help.jamk.fi\/videoteknologiat\/#website"},"datePublished":"2018-08-06T03:58:40+00:00","dateModified":"2024-01-12T10:11:11+00:00","breadcrumb":{"@id":"https:\/\/help.jamk.fi\/videoteknologiat\/fi\/tilat\/luentotallennustila-f306\/#breadcrumb"},"inLanguage":"fi","potentialAction":[{"@type":"ReadAction","target":["https:\/\/help.jamk.fi\/videoteknologiat\/fi\/tilat\/luentotallennustila-f306\/"]}]},{"@type":"BreadcrumbList","@id":"https:\/\/help.jamk.fi\/videoteknologiat\/fi\/tilat\/luentotallennustila-f306\/#breadcrumb","itemListElement":[{"@type":"ListItem","position":1,"name":"Etusivu","item":"https:\/\/help.jamk.fi\/videoteknologiat\/fi\/"},{"@type":"ListItem","position":2,"name":"Tilat","item":"https:\/\/help.jamk.fi\/videoteknologiat\/fi\/tilat\/"},{"@type":"ListItem","position":3,"name":"Luentotallennustila F306"}]},{"@type":"WebSite","@id":"https:\/\/help.jamk.fi\/videoteknologiat\/#website","url":"https:\/\/help.jamk.fi\/videoteknologiat\/","name":"Videoteknologiat","description":"","potentialAction":[{"@type":"SearchAction","target":{"@type":"EntryPoint","urlTemplate":"https:\/\/help.jamk.fi\/videoteknologiat\/?s={search_term_string}"},"query-input":{"@type":"PropertyValueSpecification","valueRequired":true,"valueName":"search_term_string"}}],"inLanguage":"fi"}]}},"_links":{"self":[{"href":"https:\/\/help.jamk.fi\/videoteknologiat\/wp-json\/wp\/v2\/pages\/129","targetHints":{"allow":["GET"]}}],"collection":[{"href":"https:\/\/help.jamk.fi\/videoteknologiat\/wp-json\/wp\/v2\/pages"}],"about":[{"href":"https:\/\/help.jamk.fi\/videoteknologiat\/wp-json\/wp\/v2\/types\/page"}],"author":[{"embeddable":true,"href":"https:\/\/help.jamk.fi\/videoteknologiat\/wp-json\/wp\/v2\/users\/65"}],"replies":[{"embeddable":true,"href":"https:\/\/help.jamk.fi\/videoteknologiat\/wp-json\/wp\/v2\/comments?post=129"}],"version-history":[{"count":4,"href":"https:\/\/help.jamk.fi\/videoteknologiat\/wp-json\/wp\/v2\/pages\/129\/revisions"}],"predecessor-version":[{"id":2313,"href":"https:\/\/help.jamk.fi\/videoteknologiat\/wp-json\/wp\/v2\/pages\/129\/revisions\/2313"}],"up":[{"embeddable":true,"href":"https:\/\/help.jamk.fi\/videoteknologiat\/wp-json\/wp\/v2\/pages\/30"}],"wp:attachment":[{"href":"https:\/\/help.jamk.fi\/videoteknologiat\/wp-json\/wp\/v2\/media?parent=129"}],"wp:term":[{"taxonomy":"category","embeddable":true,"href":"https:\/\/help.jamk.fi\/videoteknologiat\/wp-json\/wp\/v2\/categories?post=129"},{"taxonomy":"post_tag","embeddable":true,"href":"https:\/\/help.jamk.fi\/videoteknologiat\/wp-json\/wp\/v2\/tags?post=129"}],"curies":[{"name":"wp","href":"https:\/\/api.w.org\/{rel}","templated":true}]}}