{"id":132,"date":"2018-08-06T07:35:56","date_gmt":"2018-08-06T04:35:56","guid":{"rendered":"https:\/\/help.jamk.fi\/videoteknologiat\/tilat\/luentotallennustila-f306\/luentotallennusjarjestelman-kayttoohje-f306\/"},"modified":"2024-01-22T15:03:58","modified_gmt":"2024-01-22T13:03:58","slug":"luentotallennusjarjestelman-kayttoohje-f306","status":"publish","type":"page","link":"https:\/\/help.jamk.fi\/videoteknologiat\/fi\/tilat\/luentotallennustila-f306\/luentotallennusjarjestelman-kayttoohje-f306\/","title":{"rendered":"Luentotallennusj\u00e4rjestelm\u00e4n k\u00e4ytt\u00f6ohje (F306)"},"content":{"rendered":"\n<p><b>Pikaohje tallennukseen<\/b><\/p>\n\n\n\n<p>1. K\u00e4ynnist\u00e4 kamerat tallentimen p\u00e4\u00e4ll\u00e4 olevasta kosketuspaneelista (AMX).<\/p>\n\n\n\n<figure class=\"wp-block-image\"><img decoding=\"async\" src=\"https:\/\/help.jamk.fi\/videoteknologiat\/wp-content\/uploads\/sites\/67\/2023\/09\/amx3.png\" alt=\"\" class=\"wp-image-160\"\/><\/figure>\n\n\n\n<p>2. Avaa Epiphan-tallentimen kosketuspaneelin <b>oletus k\u00e4ytt\u00f6liittym\u00e4<\/b> nelinumeroisella PIN-koodilla (PIN-koodin saat Av-palveluista)<\/p>\n\n\n\n<figure class=\"wp-block-image alignnone wp-image-133 size-medium\"><img decoding=\"async\" src=\"https:\/\/help.jamk.fi\/videoteknologiat\/wp-content\/uploads\/sites\/67\/2023\/09\/pin.jpg\" alt=\"\" class=\"wp-image-133\"\/><figcaption class=\"wp-element-caption\">Pin-koodin sy\u00f6tt\u00e4minen<\/figcaption><\/figure>\n\n\n\n<p>3. Tarkista paneelista <b>selaamalla kuval\u00e4hteet<\/b> ja kameroiden kuvakulma (Suuntaa tarvittaessa seinill\u00e4 olevia kameroita AMX-paneelin avulla. Epiphan-tallentimen kosketusn\u00e4yt\u00f6st\u00e4 voit tarkistaa kameroiden suunnan ja rajauksen).<span class=\"Apple-converted-space\"><span class=\"Apple-converted-space\">&nbsp;&nbsp;<\/span><\/span><\/p>\n\n\n\n<figure class=\"wp-block-image alignnone wp-image-137 size-medium\"><img decoding=\"async\" src=\"https:\/\/help.jamk.fi\/videoteknologiat\/wp-content\/uploads\/sites\/67\/2023\/09\/selailu.jpg\" alt=\"\" class=\"wp-image-137\"\/><figcaption class=\"wp-element-caption\">Kuval\u00e4hteiden selailu &#8211; vasemmalla esikatselu, oikealla tallentuva kuval\u00e4hde, alla selailu<\/figcaption><\/figure>\n\n\n\n<figure class=\"wp-block-image alignnone size-medium wp-image-162\"><img decoding=\"async\" src=\"https:\/\/help.jamk.fi\/videoteknologiat\/wp-content\/uploads\/sites\/67\/2023\/09\/amx1.png\" alt=\"\" class=\"wp-image-162\"\/><figcaption class=\"wp-element-caption\">Sein\u00e4kameroiden kuvan suuntaus ja rajaus (AMX)<\/figcaption><\/figure>\n\n\n\n<p>4. Tallennus<\/p>\n\n\n\n<p>A) Jos haluat tallentaa vain yht\u00e4 valittua kuval\u00e4hdett\u00e4, niin k\u00e4yt\u00e4 siihen oletusk\u00e4ytt\u00f6liittym\u00e4n valitun kuval\u00e4hteen py\u00f6re\u00e4\u00e4 punaista tallennus -painiketta Muista lopettaa tallennus samasta painikkeesta.<\/p>\n\n\n\n<figure class=\"wp-block-image alignnone wp-image-136 size-medium\"><img decoding=\"async\" src=\"https:\/\/help.jamk.fi\/videoteknologiat\/wp-content\/uploads\/sites\/67\/2023\/09\/oletus.jpg\" alt=\"\" class=\"wp-image-136\"\/><figcaption class=\"wp-element-caption\">Oletusn\u00e4kym\u00e4 &#8211; kuvassa n\u00e4kyv\u00e4n kuval\u00e4hteen tallennus oikean yl\u00e4kulman punaisesta rec-painikkeesta<\/figcaption><\/figure>\n\n\n\n<p>B) Jos haluat tallentaa kaikkia kuval\u00e4hteit\u00e4 samalla kertaa, siirry <b>pikatallennus<\/b> -n\u00e4kym\u00e4\u00e4n (One Touch Button) ja k\u00e4ynnist\u00e4 kaikkien kuval\u00e4hteiden tallennus Start-painikkeesta. Muista lopettaa tallennus Stop-painikkeella luennon loputtua<\/p>\n\n\n\n<figure class=\"wp-block-image alignnone wp-image-139 size-full\"><img decoding=\"async\" src=\"https:\/\/help.jamk.fi\/videoteknologiat\/wp-content\/uploads\/sites\/67\/2023\/09\/onetouchbutton.jpg\" alt=\"\" class=\"wp-image-139\"\/><figcaption class=\"wp-element-caption\">One Touch Button<\/figcaption><\/figure>\n\n\n\n<figure class=\"wp-block-image alignnone wp-image-134 size-medium\"><img decoding=\"async\" src=\"https:\/\/help.jamk.fi\/videoteknologiat\/wp-content\/uploads\/sites\/67\/2023\/09\/start.jpg\" alt=\"\" class=\"wp-image-134\"\/><figcaption class=\"wp-element-caption\">One Touch Button &#8211; Tallennuksen k\u00e4ynnistys Start-painikkeesta<\/figcaption><\/figure>\n\n\n\n<figure class=\"wp-block-image alignnone wp-image-135 size-medium\"><img decoding=\"async\" src=\"https:\/\/help.jamk.fi\/videoteknologiat\/wp-content\/uploads\/sites\/67\/2023\/09\/stop.jpg\" alt=\"\" class=\"wp-image-135\"\/><figcaption class=\"wp-element-caption\">One Touch Button &#8211; tallennuksen pys\u00e4ytys Stop-napista<\/figcaption><\/figure>\n\n\n\n<p>&nbsp;&nbsp;&nbsp;.<\/p>\n","protected":false},"excerpt":{"rendered":"<p>Pikaohje tallennukseen 1. K\u00e4ynnist\u00e4 kamerat tallentimen p\u00e4\u00e4ll\u00e4 olevasta kosketuspaneelista (AMX). 2. Avaa Epiphan-tallentimen kosketuspaneelin oletus k\u00e4ytt\u00f6liittym\u00e4 nelinumeroisella PIN-koodilla (PIN-koodin saat Av-palveluista) 3. Tarkista paneelista selaamalla kuval\u00e4hteet ja kameroiden kuvakulma (Suuntaa tarvittaessa seinill\u00e4 olevia kameroita AMX-paneelin avulla. Epiphan-tallentimen kosketusn\u00e4yt\u00f6st\u00e4 voit tarkistaa kameroiden suunnan ja rajauksen).&nbsp;&nbsp; 4. Tallennus A) Jos haluat tallentaa vain yht\u00e4 valittua kuval\u00e4hdett\u00e4, niin [&hellip;]<\/p>\n","protected":false},"author":65,"featured_media":0,"parent":129,"menu_order":0,"comment_status":"closed","ping_status":"closed","template":"","meta":{"_acf_changed":false,"_relevanssi_hide_post":"","_relevanssi_hide_content":"","_relevanssi_pin_for_all":"","_relevanssi_pin_keywords":"","_relevanssi_unpin_keywords":"","_relevanssi_related_keywords":"","_relevanssi_related_include_ids":"","_relevanssi_related_exclude_ids":"","_relevanssi_related_no_append":"","_relevanssi_related_not_related":"","_relevanssi_related_posts":"","_relevanssi_noindex_reason":"","footnotes":""},"categories":[],"tags":[],"class_list":["post-132","page","type-page","status-publish","hentry"],"acf":[],"yoast_head":"<!-- This site is optimized with the Yoast SEO plugin v27.4 - https:\/\/yoast.com\/product\/yoast-seo-wordpress\/ -->\n<title>Luentotallennusj\u00e4rjestelm\u00e4n k\u00e4ytt\u00f6ohje (F306) - Videoteknologiat<\/title>\n<meta name=\"robots\" content=\"index, follow, max-snippet:-1, max-image-preview:large, max-video-preview:-1\" \/>\n<link rel=\"canonical\" href=\"https:\/\/help.jamk.fi\/videoteknologiat\/fi\/tilat\/luentotallennustila-f306\/luentotallennusjarjestelman-kayttoohje-f306\/\" \/>\n<meta property=\"og:locale\" content=\"fi_FI\" \/>\n<meta property=\"og:type\" content=\"article\" \/>\n<meta property=\"og:title\" content=\"Luentotallennusj\u00e4rjestelm\u00e4n k\u00e4ytt\u00f6ohje (F306) - Videoteknologiat\" \/>\n<meta property=\"og:description\" content=\"Pikaohje tallennukseen 1. K\u00e4ynnist\u00e4 kamerat tallentimen p\u00e4\u00e4ll\u00e4 olevasta kosketuspaneelista (AMX). 2. Avaa Epiphan-tallentimen kosketuspaneelin oletus k\u00e4ytt\u00f6liittym\u00e4 nelinumeroisella PIN-koodilla (PIN-koodin saat Av-palveluista) 3. Tarkista paneelista selaamalla kuval\u00e4hteet ja kameroiden kuvakulma (Suuntaa tarvittaessa seinill\u00e4 olevia kameroita AMX-paneelin avulla. Epiphan-tallentimen kosketusn\u00e4yt\u00f6st\u00e4 voit tarkistaa kameroiden suunnan ja rajauksen).&nbsp;&nbsp; 4. Tallennus A) Jos haluat tallentaa vain yht\u00e4 valittua kuval\u00e4hdett\u00e4, niin [&hellip;]\" \/>\n<meta property=\"og:url\" content=\"https:\/\/help.jamk.fi\/videoteknologiat\/fi\/tilat\/luentotallennustila-f306\/luentotallennusjarjestelman-kayttoohje-f306\/\" \/>\n<meta property=\"og:site_name\" content=\"Videoteknologiat\" \/>\n<meta property=\"article:modified_time\" content=\"2024-01-22T13:03:58+00:00\" \/>\n<meta property=\"og:image\" content=\"https:\/\/help.jamk.fi\/videoteknologiat\/wp-content\/uploads\/sites\/67\/2023\/09\/amx3.png\" \/>\n<meta name=\"twitter:card\" content=\"summary_large_image\" \/>\n<meta name=\"twitter:label1\" content=\"Arvioitu lukuaika\" \/>\n\t<meta name=\"twitter:data1\" content=\"3 minuuttia\" \/>\n<script type=\"application\/ld+json\" class=\"yoast-schema-graph\">{\"@context\":\"https:\\\/\\\/schema.org\",\"@graph\":[{\"@type\":\"WebPage\",\"@id\":\"https:\\\/\\\/help.jamk.fi\\\/videoteknologiat\\\/fi\\\/tilat\\\/luentotallennustila-f306\\\/luentotallennusjarjestelman-kayttoohje-f306\\\/\",\"url\":\"https:\\\/\\\/help.jamk.fi\\\/videoteknologiat\\\/fi\\\/tilat\\\/luentotallennustila-f306\\\/luentotallennusjarjestelman-kayttoohje-f306\\\/\",\"name\":\"Luentotallennusj\u00e4rjestelm\u00e4n k\u00e4ytt\u00f6ohje (F306) - Videoteknologiat\",\"isPartOf\":{\"@id\":\"https:\\\/\\\/help.jamk.fi\\\/videoteknologiat\\\/#website\"},\"primaryImageOfPage\":{\"@id\":\"https:\\\/\\\/help.jamk.fi\\\/videoteknologiat\\\/fi\\\/tilat\\\/luentotallennustila-f306\\\/luentotallennusjarjestelman-kayttoohje-f306\\\/#primaryimage\"},\"image\":{\"@id\":\"https:\\\/\\\/help.jamk.fi\\\/videoteknologiat\\\/fi\\\/tilat\\\/luentotallennustila-f306\\\/luentotallennusjarjestelman-kayttoohje-f306\\\/#primaryimage\"},\"thumbnailUrl\":\"https:\\\/\\\/help.jamk.fi\\\/videoteknologiat\\\/wp-content\\\/uploads\\\/sites\\\/67\\\/2023\\\/09\\\/amx3.png\",\"datePublished\":\"2018-08-06T04:35:56+00:00\",\"dateModified\":\"2024-01-22T13:03:58+00:00\",\"breadcrumb\":{\"@id\":\"https:\\\/\\\/help.jamk.fi\\\/videoteknologiat\\\/fi\\\/tilat\\\/luentotallennustila-f306\\\/luentotallennusjarjestelman-kayttoohje-f306\\\/#breadcrumb\"},\"inLanguage\":\"fi\",\"potentialAction\":[{\"@type\":\"ReadAction\",\"target\":[\"https:\\\/\\\/help.jamk.fi\\\/videoteknologiat\\\/fi\\\/tilat\\\/luentotallennustila-f306\\\/luentotallennusjarjestelman-kayttoohje-f306\\\/\"]}]},{\"@type\":\"ImageObject\",\"inLanguage\":\"fi\",\"@id\":\"https:\\\/\\\/help.jamk.fi\\\/videoteknologiat\\\/fi\\\/tilat\\\/luentotallennustila-f306\\\/luentotallennusjarjestelman-kayttoohje-f306\\\/#primaryimage\",\"url\":\"\",\"contentUrl\":\"\"},{\"@type\":\"BreadcrumbList\",\"@id\":\"https:\\\/\\\/help.jamk.fi\\\/videoteknologiat\\\/fi\\\/tilat\\\/luentotallennustila-f306\\\/luentotallennusjarjestelman-kayttoohje-f306\\\/#breadcrumb\",\"itemListElement\":[{\"@type\":\"ListItem\",\"position\":1,\"name\":\"Etusivu\",\"item\":\"https:\\\/\\\/help.jamk.fi\\\/videoteknologiat\\\/fi\\\/\"},{\"@type\":\"ListItem\",\"position\":2,\"name\":\"Tilat\",\"item\":\"https:\\\/\\\/help.jamk.fi\\\/videoteknologiat\\\/fi\\\/tilat\\\/\"},{\"@type\":\"ListItem\",\"position\":3,\"name\":\"Luentotallennustila F306\",\"item\":\"https:\\\/\\\/help.jamk.fi\\\/videoteknologiat\\\/fi\\\/tilat\\\/luentotallennustila-f306\\\/\"},{\"@type\":\"ListItem\",\"position\":4,\"name\":\"Luentotallennusj\u00e4rjestelm\u00e4n k\u00e4ytt\u00f6ohje (F306)\"}]},{\"@type\":\"WebSite\",\"@id\":\"https:\\\/\\\/help.jamk.fi\\\/videoteknologiat\\\/#website\",\"url\":\"https:\\\/\\\/help.jamk.fi\\\/videoteknologiat\\\/\",\"name\":\"Videoteknologiat\",\"description\":\"\",\"potentialAction\":[{\"@type\":\"SearchAction\",\"target\":{\"@type\":\"EntryPoint\",\"urlTemplate\":\"https:\\\/\\\/help.jamk.fi\\\/videoteknologiat\\\/?s={search_term_string}\"},\"query-input\":{\"@type\":\"PropertyValueSpecification\",\"valueRequired\":true,\"valueName\":\"search_term_string\"}}],\"inLanguage\":\"fi\"}]}<\/script>\n<!-- \/ Yoast SEO plugin. -->","yoast_head_json":{"title":"Luentotallennusj\u00e4rjestelm\u00e4n k\u00e4ytt\u00f6ohje (F306) - Videoteknologiat","robots":{"index":"index","follow":"follow","max-snippet":"max-snippet:-1","max-image-preview":"max-image-preview:large","max-video-preview":"max-video-preview:-1"},"canonical":"https:\/\/help.jamk.fi\/videoteknologiat\/fi\/tilat\/luentotallennustila-f306\/luentotallennusjarjestelman-kayttoohje-f306\/","og_locale":"fi_FI","og_type":"article","og_title":"Luentotallennusj\u00e4rjestelm\u00e4n k\u00e4ytt\u00f6ohje (F306) - Videoteknologiat","og_description":"Pikaohje tallennukseen 1. K\u00e4ynnist\u00e4 kamerat tallentimen p\u00e4\u00e4ll\u00e4 olevasta kosketuspaneelista (AMX). 2. Avaa Epiphan-tallentimen kosketuspaneelin oletus k\u00e4ytt\u00f6liittym\u00e4 nelinumeroisella PIN-koodilla (PIN-koodin saat Av-palveluista) 3. Tarkista paneelista selaamalla kuval\u00e4hteet ja kameroiden kuvakulma (Suuntaa tarvittaessa seinill\u00e4 olevia kameroita AMX-paneelin avulla. Epiphan-tallentimen kosketusn\u00e4yt\u00f6st\u00e4 voit tarkistaa kameroiden suunnan ja rajauksen).&nbsp;&nbsp; 4. Tallennus A) Jos haluat tallentaa vain yht\u00e4 valittua kuval\u00e4hdett\u00e4, niin [&hellip;]","og_url":"https:\/\/help.jamk.fi\/videoteknologiat\/fi\/tilat\/luentotallennustila-f306\/luentotallennusjarjestelman-kayttoohje-f306\/","og_site_name":"Videoteknologiat","article_modified_time":"2024-01-22T13:03:58+00:00","og_image":[{"url":"https:\/\/help.jamk.fi\/videoteknologiat\/wp-content\/uploads\/sites\/67\/2023\/09\/amx3.png","type":"","width":"","height":""}],"twitter_card":"summary_large_image","twitter_misc":{"Arvioitu lukuaika":"3 minuuttia"},"schema":{"@context":"https:\/\/schema.org","@graph":[{"@type":"WebPage","@id":"https:\/\/help.jamk.fi\/videoteknologiat\/fi\/tilat\/luentotallennustila-f306\/luentotallennusjarjestelman-kayttoohje-f306\/","url":"https:\/\/help.jamk.fi\/videoteknologiat\/fi\/tilat\/luentotallennustila-f306\/luentotallennusjarjestelman-kayttoohje-f306\/","name":"Luentotallennusj\u00e4rjestelm\u00e4n k\u00e4ytt\u00f6ohje (F306) - Videoteknologiat","isPartOf":{"@id":"https:\/\/help.jamk.fi\/videoteknologiat\/#website"},"primaryImageOfPage":{"@id":"https:\/\/help.jamk.fi\/videoteknologiat\/fi\/tilat\/luentotallennustila-f306\/luentotallennusjarjestelman-kayttoohje-f306\/#primaryimage"},"image":{"@id":"https:\/\/help.jamk.fi\/videoteknologiat\/fi\/tilat\/luentotallennustila-f306\/luentotallennusjarjestelman-kayttoohje-f306\/#primaryimage"},"thumbnailUrl":"https:\/\/help.jamk.fi\/videoteknologiat\/wp-content\/uploads\/sites\/67\/2023\/09\/amx3.png","datePublished":"2018-08-06T04:35:56+00:00","dateModified":"2024-01-22T13:03:58+00:00","breadcrumb":{"@id":"https:\/\/help.jamk.fi\/videoteknologiat\/fi\/tilat\/luentotallennustila-f306\/luentotallennusjarjestelman-kayttoohje-f306\/#breadcrumb"},"inLanguage":"fi","potentialAction":[{"@type":"ReadAction","target":["https:\/\/help.jamk.fi\/videoteknologiat\/fi\/tilat\/luentotallennustila-f306\/luentotallennusjarjestelman-kayttoohje-f306\/"]}]},{"@type":"ImageObject","inLanguage":"fi","@id":"https:\/\/help.jamk.fi\/videoteknologiat\/fi\/tilat\/luentotallennustila-f306\/luentotallennusjarjestelman-kayttoohje-f306\/#primaryimage","url":"","contentUrl":""},{"@type":"BreadcrumbList","@id":"https:\/\/help.jamk.fi\/videoteknologiat\/fi\/tilat\/luentotallennustila-f306\/luentotallennusjarjestelman-kayttoohje-f306\/#breadcrumb","itemListElement":[{"@type":"ListItem","position":1,"name":"Etusivu","item":"https:\/\/help.jamk.fi\/videoteknologiat\/fi\/"},{"@type":"ListItem","position":2,"name":"Tilat","item":"https:\/\/help.jamk.fi\/videoteknologiat\/fi\/tilat\/"},{"@type":"ListItem","position":3,"name":"Luentotallennustila F306","item":"https:\/\/help.jamk.fi\/videoteknologiat\/fi\/tilat\/luentotallennustila-f306\/"},{"@type":"ListItem","position":4,"name":"Luentotallennusj\u00e4rjestelm\u00e4n k\u00e4ytt\u00f6ohje (F306)"}]},{"@type":"WebSite","@id":"https:\/\/help.jamk.fi\/videoteknologiat\/#website","url":"https:\/\/help.jamk.fi\/videoteknologiat\/","name":"Videoteknologiat","description":"","potentialAction":[{"@type":"SearchAction","target":{"@type":"EntryPoint","urlTemplate":"https:\/\/help.jamk.fi\/videoteknologiat\/?s={search_term_string}"},"query-input":{"@type":"PropertyValueSpecification","valueRequired":true,"valueName":"search_term_string"}}],"inLanguage":"fi"}]}},"_links":{"self":[{"href":"https:\/\/help.jamk.fi\/videoteknologiat\/wp-json\/wp\/v2\/pages\/132","targetHints":{"allow":["GET"]}}],"collection":[{"href":"https:\/\/help.jamk.fi\/videoteknologiat\/wp-json\/wp\/v2\/pages"}],"about":[{"href":"https:\/\/help.jamk.fi\/videoteknologiat\/wp-json\/wp\/v2\/types\/page"}],"author":[{"embeddable":true,"href":"https:\/\/help.jamk.fi\/videoteknologiat\/wp-json\/wp\/v2\/users\/65"}],"replies":[{"embeddable":true,"href":"https:\/\/help.jamk.fi\/videoteknologiat\/wp-json\/wp\/v2\/comments?post=132"}],"version-history":[{"count":22,"href":"https:\/\/help.jamk.fi\/videoteknologiat\/wp-json\/wp\/v2\/pages\/132\/revisions"}],"predecessor-version":[{"id":2334,"href":"https:\/\/help.jamk.fi\/videoteknologiat\/wp-json\/wp\/v2\/pages\/132\/revisions\/2334"}],"up":[{"embeddable":true,"href":"https:\/\/help.jamk.fi\/videoteknologiat\/wp-json\/wp\/v2\/pages\/129"}],"wp:attachment":[{"href":"https:\/\/help.jamk.fi\/videoteknologiat\/wp-json\/wp\/v2\/media?parent=132"}],"wp:term":[{"taxonomy":"category","embeddable":true,"href":"https:\/\/help.jamk.fi\/videoteknologiat\/wp-json\/wp\/v2\/categories?post=132"},{"taxonomy":"post_tag","embeddable":true,"href":"https:\/\/help.jamk.fi\/videoteknologiat\/wp-json\/wp\/v2\/tags?post=132"}],"curies":[{"name":"wp","href":"https:\/\/api.w.org\/{rel}","templated":true}]}}