{"id":168,"date":"2018-08-06T11:34:23","date_gmt":"2018-08-06T08:34:23","guid":{"rendered":"https:\/\/help.jamk.fi\/videoteknologiat\/tilat\/hybridiopetustilat\/"},"modified":"2023-11-20T13:47:35","modified_gmt":"2023-11-20T11:47:35","slug":"hybridiopetustilat","status":"publish","type":"page","link":"https:\/\/help.jamk.fi\/videoteknologiat\/fi\/tilat\/hybridiopetustilat\/","title":{"rendered":"Hybridiopetustilat"},"content":{"rendered":"\n<p>Hybridiopetustiloiksi Jamkilla nimitet\u00e4\u00e4n opetustiloja, joista l\u00f6ytyy vakiona hybridi-muotoiseen et\u00e4opetukseen soveltuva laitteisto. Hybridill\u00e4 t\u00e4ss\u00e4 tarkoitetaan opetusta, jossa osallistujat voivat olla l\u00e4sn\u00e4 paikan p\u00e4\u00e4ll\u00e4 fyysisesti, tai virtuaalisesti videon ja \u00e4\u00e4nen v\u00e4lityksell\u00e4. Varustuksen perustan muodostavat tyypillisesti mikrofoni(t), \u00e4\u00e4nentoistoj\u00e4rjestelm\u00e4, webkamera, kahdella n\u00e4yt\u00f6ll\u00e4 varustettu tietokone ja kaksi projektoria. Muutamissa tiloissa on my\u00f6s AV-ohjausj\u00e4rjestelm\u00e4, josta j\u00e4rjestelm\u00e4 k\u00e4ynnistyy napin painalluksella valmiustilaan. Videoviestint\u00e4j\u00e4rjestelm\u00e4n\u00e4 k\u00e4ytett\u00e4\u00e4n p\u00e4\u00e4asiassa Zoom-verkkokokousj\u00e4rjestelm\u00e4\u00e4 (siirtym\u00e4ajan puitteissa my\u00f6s Adobe Connectia, tai joissakin tapauksissa esim. ohjaukseen tai pienryhm\u00e4ty\u00f6skentelyyn &nbsp;Microsoft Teams -j\u00e4rjestelm\u00e4\u00e4).<\/p>\n\n\n\n<p>Oheisessa taulukossa kootusti Hybridiopetukseen varustellut tilat ja varusteet:<\/p>\n\n\n\n<figure class=\"wp-block-image\"><img decoding=\"async\" src=\"https:\/\/help.jamk.fi\/videoteknologiat\/wp-content\/uploads\/sites\/67\/2023\/09\/hybridi1.png\" alt=\"\" class=\"wp-image-170\"\/><\/figure>\n","protected":false},"excerpt":{"rendered":"<p>Hybridiopetustiloiksi Jamkilla nimitet\u00e4\u00e4n opetustiloja, joista l\u00f6ytyy vakiona hybridi-muotoiseen et\u00e4opetukseen soveltuva laitteisto. Hybridill\u00e4 t\u00e4ss\u00e4 tarkoitetaan opetusta, jossa osallistujat voivat olla l\u00e4sn\u00e4 paikan p\u00e4\u00e4ll\u00e4 fyysisesti, tai virtuaalisesti videon ja \u00e4\u00e4nen v\u00e4lityksell\u00e4. Varustuksen perustan muodostavat tyypillisesti mikrofoni(t), \u00e4\u00e4nentoistoj\u00e4rjestelm\u00e4, webkamera, kahdella n\u00e4yt\u00f6ll\u00e4 varustettu tietokone ja kaksi projektoria. Muutamissa tiloissa on my\u00f6s AV-ohjausj\u00e4rjestelm\u00e4, josta j\u00e4rjestelm\u00e4 k\u00e4ynnistyy napin painalluksella valmiustilaan. Videoviestint\u00e4j\u00e4rjestelm\u00e4n\u00e4 [&hellip;]<\/p>\n","protected":false},"author":65,"featured_media":0,"parent":30,"menu_order":0,"comment_status":"closed","ping_status":"closed","template":"","meta":{"_acf_changed":false,"_relevanssi_hide_post":"","_relevanssi_hide_content":"","_relevanssi_pin_for_all":"","_relevanssi_pin_keywords":"","_relevanssi_unpin_keywords":"","_relevanssi_related_keywords":"","_relevanssi_related_include_ids":"","_relevanssi_related_exclude_ids":"","_relevanssi_related_no_append":"","_relevanssi_related_not_related":"","_relevanssi_related_posts":"","_relevanssi_noindex_reason":"","footnotes":""},"categories":[],"tags":[],"class_list":["post-168","page","type-page","status-publish","hentry"],"acf":[],"yoast_head":"<!-- This site is optimized with the Yoast SEO plugin v27.4 - https:\/\/yoast.com\/product\/yoast-seo-wordpress\/ -->\n<title>Hybridiopetustilat - Videoteknologiat<\/title>\n<meta name=\"robots\" content=\"index, follow, max-snippet:-1, max-image-preview:large, max-video-preview:-1\" \/>\n<link rel=\"canonical\" href=\"https:\/\/help.jamk.fi\/videoteknologiat\/fi\/tilat\/hybridiopetustilat\/\" \/>\n<meta property=\"og:locale\" content=\"fi_FI\" \/>\n<meta property=\"og:type\" content=\"article\" \/>\n<meta property=\"og:title\" content=\"Hybridiopetustilat - Videoteknologiat\" \/>\n<meta property=\"og:description\" content=\"Hybridiopetustiloiksi Jamkilla nimitet\u00e4\u00e4n opetustiloja, joista l\u00f6ytyy vakiona hybridi-muotoiseen et\u00e4opetukseen soveltuva laitteisto. Hybridill\u00e4 t\u00e4ss\u00e4 tarkoitetaan opetusta, jossa osallistujat voivat olla l\u00e4sn\u00e4 paikan p\u00e4\u00e4ll\u00e4 fyysisesti, tai virtuaalisesti videon ja \u00e4\u00e4nen v\u00e4lityksell\u00e4. Varustuksen perustan muodostavat tyypillisesti mikrofoni(t), \u00e4\u00e4nentoistoj\u00e4rjestelm\u00e4, webkamera, kahdella n\u00e4yt\u00f6ll\u00e4 varustettu tietokone ja kaksi projektoria. Muutamissa tiloissa on my\u00f6s AV-ohjausj\u00e4rjestelm\u00e4, josta j\u00e4rjestelm\u00e4 k\u00e4ynnistyy napin painalluksella valmiustilaan. Videoviestint\u00e4j\u00e4rjestelm\u00e4n\u00e4 [&hellip;]\" \/>\n<meta property=\"og:url\" content=\"https:\/\/help.jamk.fi\/videoteknologiat\/fi\/tilat\/hybridiopetustilat\/\" \/>\n<meta property=\"og:site_name\" content=\"Videoteknologiat\" \/>\n<meta property=\"article:modified_time\" content=\"2023-11-20T11:47:35+00:00\" \/>\n<meta property=\"og:image\" content=\"https:\/\/help.jamk.fi\/videoteknologiat\/wp-content\/uploads\/sites\/67\/2023\/09\/hybridi1.png\" \/>\n<meta name=\"twitter:card\" content=\"summary_large_image\" \/>\n<meta name=\"twitter:label1\" content=\"Arvioitu lukuaika\" \/>\n\t<meta name=\"twitter:data1\" content=\"1 minuutti\" \/>\n<script type=\"application\/ld+json\" class=\"yoast-schema-graph\">{\"@context\":\"https:\\\/\\\/schema.org\",\"@graph\":[{\"@type\":\"WebPage\",\"@id\":\"https:\\\/\\\/help.jamk.fi\\\/videoteknologiat\\\/fi\\\/tilat\\\/hybridiopetustilat\\\/\",\"url\":\"https:\\\/\\\/help.jamk.fi\\\/videoteknologiat\\\/fi\\\/tilat\\\/hybridiopetustilat\\\/\",\"name\":\"Hybridiopetustilat - Videoteknologiat\",\"isPartOf\":{\"@id\":\"https:\\\/\\\/help.jamk.fi\\\/videoteknologiat\\\/#website\"},\"primaryImageOfPage\":{\"@id\":\"https:\\\/\\\/help.jamk.fi\\\/videoteknologiat\\\/fi\\\/tilat\\\/hybridiopetustilat\\\/#primaryimage\"},\"image\":{\"@id\":\"https:\\\/\\\/help.jamk.fi\\\/videoteknologiat\\\/fi\\\/tilat\\\/hybridiopetustilat\\\/#primaryimage\"},\"thumbnailUrl\":\"https:\\\/\\\/help.jamk.fi\\\/videoteknologiat\\\/wp-content\\\/uploads\\\/sites\\\/67\\\/2023\\\/09\\\/hybridi1.png\",\"datePublished\":\"2018-08-06T08:34:23+00:00\",\"dateModified\":\"2023-11-20T11:47:35+00:00\",\"breadcrumb\":{\"@id\":\"https:\\\/\\\/help.jamk.fi\\\/videoteknologiat\\\/fi\\\/tilat\\\/hybridiopetustilat\\\/#breadcrumb\"},\"inLanguage\":\"fi\",\"potentialAction\":[{\"@type\":\"ReadAction\",\"target\":[\"https:\\\/\\\/help.jamk.fi\\\/videoteknologiat\\\/fi\\\/tilat\\\/hybridiopetustilat\\\/\"]}]},{\"@type\":\"ImageObject\",\"inLanguage\":\"fi\",\"@id\":\"https:\\\/\\\/help.jamk.fi\\\/videoteknologiat\\\/fi\\\/tilat\\\/hybridiopetustilat\\\/#primaryimage\",\"url\":\"\",\"contentUrl\":\"\"},{\"@type\":\"BreadcrumbList\",\"@id\":\"https:\\\/\\\/help.jamk.fi\\\/videoteknologiat\\\/fi\\\/tilat\\\/hybridiopetustilat\\\/#breadcrumb\",\"itemListElement\":[{\"@type\":\"ListItem\",\"position\":1,\"name\":\"Etusivu\",\"item\":\"https:\\\/\\\/help.jamk.fi\\\/videoteknologiat\\\/fi\\\/\"},{\"@type\":\"ListItem\",\"position\":2,\"name\":\"Tilat\",\"item\":\"https:\\\/\\\/help.jamk.fi\\\/videoteknologiat\\\/fi\\\/tilat\\\/\"},{\"@type\":\"ListItem\",\"position\":3,\"name\":\"Hybridiopetustilat\"}]},{\"@type\":\"WebSite\",\"@id\":\"https:\\\/\\\/help.jamk.fi\\\/videoteknologiat\\\/#website\",\"url\":\"https:\\\/\\\/help.jamk.fi\\\/videoteknologiat\\\/\",\"name\":\"Videoteknologiat\",\"description\":\"\",\"potentialAction\":[{\"@type\":\"SearchAction\",\"target\":{\"@type\":\"EntryPoint\",\"urlTemplate\":\"https:\\\/\\\/help.jamk.fi\\\/videoteknologiat\\\/?s={search_term_string}\"},\"query-input\":{\"@type\":\"PropertyValueSpecification\",\"valueRequired\":true,\"valueName\":\"search_term_string\"}}],\"inLanguage\":\"fi\"}]}<\/script>\n<!-- \/ Yoast SEO plugin. -->","yoast_head_json":{"title":"Hybridiopetustilat - Videoteknologiat","robots":{"index":"index","follow":"follow","max-snippet":"max-snippet:-1","max-image-preview":"max-image-preview:large","max-video-preview":"max-video-preview:-1"},"canonical":"https:\/\/help.jamk.fi\/videoteknologiat\/fi\/tilat\/hybridiopetustilat\/","og_locale":"fi_FI","og_type":"article","og_title":"Hybridiopetustilat - Videoteknologiat","og_description":"Hybridiopetustiloiksi Jamkilla nimitet\u00e4\u00e4n opetustiloja, joista l\u00f6ytyy vakiona hybridi-muotoiseen et\u00e4opetukseen soveltuva laitteisto. Hybridill\u00e4 t\u00e4ss\u00e4 tarkoitetaan opetusta, jossa osallistujat voivat olla l\u00e4sn\u00e4 paikan p\u00e4\u00e4ll\u00e4 fyysisesti, tai virtuaalisesti videon ja \u00e4\u00e4nen v\u00e4lityksell\u00e4. Varustuksen perustan muodostavat tyypillisesti mikrofoni(t), \u00e4\u00e4nentoistoj\u00e4rjestelm\u00e4, webkamera, kahdella n\u00e4yt\u00f6ll\u00e4 varustettu tietokone ja kaksi projektoria. Muutamissa tiloissa on my\u00f6s AV-ohjausj\u00e4rjestelm\u00e4, josta j\u00e4rjestelm\u00e4 k\u00e4ynnistyy napin painalluksella valmiustilaan. Videoviestint\u00e4j\u00e4rjestelm\u00e4n\u00e4 [&hellip;]","og_url":"https:\/\/help.jamk.fi\/videoteknologiat\/fi\/tilat\/hybridiopetustilat\/","og_site_name":"Videoteknologiat","article_modified_time":"2023-11-20T11:47:35+00:00","og_image":[{"url":"https:\/\/help.jamk.fi\/videoteknologiat\/wp-content\/uploads\/sites\/67\/2023\/09\/hybridi1.png","type":"","width":"","height":""}],"twitter_card":"summary_large_image","twitter_misc":{"Arvioitu lukuaika":"1 minuutti"},"schema":{"@context":"https:\/\/schema.org","@graph":[{"@type":"WebPage","@id":"https:\/\/help.jamk.fi\/videoteknologiat\/fi\/tilat\/hybridiopetustilat\/","url":"https:\/\/help.jamk.fi\/videoteknologiat\/fi\/tilat\/hybridiopetustilat\/","name":"Hybridiopetustilat - Videoteknologiat","isPartOf":{"@id":"https:\/\/help.jamk.fi\/videoteknologiat\/#website"},"primaryImageOfPage":{"@id":"https:\/\/help.jamk.fi\/videoteknologiat\/fi\/tilat\/hybridiopetustilat\/#primaryimage"},"image":{"@id":"https:\/\/help.jamk.fi\/videoteknologiat\/fi\/tilat\/hybridiopetustilat\/#primaryimage"},"thumbnailUrl":"https:\/\/help.jamk.fi\/videoteknologiat\/wp-content\/uploads\/sites\/67\/2023\/09\/hybridi1.png","datePublished":"2018-08-06T08:34:23+00:00","dateModified":"2023-11-20T11:47:35+00:00","breadcrumb":{"@id":"https:\/\/help.jamk.fi\/videoteknologiat\/fi\/tilat\/hybridiopetustilat\/#breadcrumb"},"inLanguage":"fi","potentialAction":[{"@type":"ReadAction","target":["https:\/\/help.jamk.fi\/videoteknologiat\/fi\/tilat\/hybridiopetustilat\/"]}]},{"@type":"ImageObject","inLanguage":"fi","@id":"https:\/\/help.jamk.fi\/videoteknologiat\/fi\/tilat\/hybridiopetustilat\/#primaryimage","url":"","contentUrl":""},{"@type":"BreadcrumbList","@id":"https:\/\/help.jamk.fi\/videoteknologiat\/fi\/tilat\/hybridiopetustilat\/#breadcrumb","itemListElement":[{"@type":"ListItem","position":1,"name":"Etusivu","item":"https:\/\/help.jamk.fi\/videoteknologiat\/fi\/"},{"@type":"ListItem","position":2,"name":"Tilat","item":"https:\/\/help.jamk.fi\/videoteknologiat\/fi\/tilat\/"},{"@type":"ListItem","position":3,"name":"Hybridiopetustilat"}]},{"@type":"WebSite","@id":"https:\/\/help.jamk.fi\/videoteknologiat\/#website","url":"https:\/\/help.jamk.fi\/videoteknologiat\/","name":"Videoteknologiat","description":"","potentialAction":[{"@type":"SearchAction","target":{"@type":"EntryPoint","urlTemplate":"https:\/\/help.jamk.fi\/videoteknologiat\/?s={search_term_string}"},"query-input":{"@type":"PropertyValueSpecification","valueRequired":true,"valueName":"search_term_string"}}],"inLanguage":"fi"}]}},"_links":{"self":[{"href":"https:\/\/help.jamk.fi\/videoteknologiat\/wp-json\/wp\/v2\/pages\/168","targetHints":{"allow":["GET"]}}],"collection":[{"href":"https:\/\/help.jamk.fi\/videoteknologiat\/wp-json\/wp\/v2\/pages"}],"about":[{"href":"https:\/\/help.jamk.fi\/videoteknologiat\/wp-json\/wp\/v2\/types\/page"}],"author":[{"embeddable":true,"href":"https:\/\/help.jamk.fi\/videoteknologiat\/wp-json\/wp\/v2\/users\/65"}],"replies":[{"embeddable":true,"href":"https:\/\/help.jamk.fi\/videoteknologiat\/wp-json\/wp\/v2\/comments?post=168"}],"version-history":[{"count":14,"href":"https:\/\/help.jamk.fi\/videoteknologiat\/wp-json\/wp\/v2\/pages\/168\/revisions"}],"predecessor-version":[{"id":2238,"href":"https:\/\/help.jamk.fi\/videoteknologiat\/wp-json\/wp\/v2\/pages\/168\/revisions\/2238"}],"up":[{"embeddable":true,"href":"https:\/\/help.jamk.fi\/videoteknologiat\/wp-json\/wp\/v2\/pages\/30"}],"wp:attachment":[{"href":"https:\/\/help.jamk.fi\/videoteknologiat\/wp-json\/wp\/v2\/media?parent=168"}],"wp:term":[{"taxonomy":"category","embeddable":true,"href":"https:\/\/help.jamk.fi\/videoteknologiat\/wp-json\/wp\/v2\/categories?post=168"},{"taxonomy":"post_tag","embeddable":true,"href":"https:\/\/help.jamk.fi\/videoteknologiat\/wp-json\/wp\/v2\/tags?post=168"}],"curies":[{"name":"wp","href":"https:\/\/api.w.org\/{rel}","templated":true}]}}