{"id":180,"date":"2018-08-22T05:34:39","date_gmt":"2018-08-22T02:34:39","guid":{"rendered":"https:\/\/help.jamk.fi\/videoteknologiat\/tilat\/videoseina\/"},"modified":"2024-01-02T13:57:37","modified_gmt":"2024-01-02T11:57:37","slug":"videoseina","status":"publish","type":"page","link":"https:\/\/help.jamk.fi\/videoteknologiat\/fi\/tilat\/videoseina\/","title":{"rendered":"Videosein\u00e4"},"content":{"rendered":"\n<p>Dynamon Bittipannu-ruokalan videosein\u00e4 on varustettu \u00e4\u00e4nij\u00e4rjestelm\u00e4ll\u00e4, joka tukee my\u00f6s videokokouksia. Varustukseen kuuluu langaton headset- ja kapula-mikrofonit. \u00c4\u00e4nij\u00e4rjestelm\u00e4n mikrofonit saa k\u00e4ytt\u00f6\u00f6n usb-liit\u00e4nn\u00e4n kautta. Kokousj\u00e4rjestelm\u00e4n \u00e4\u00e4ni toistetaan tilan kaiuttimista hdmi-liit\u00e4nn\u00e4n kautta. Vakiovarustukseen ei kuulu kameraa (ellei k\u00e4yt\u00e4 l\u00e4pp\u00e4rin webkameraa). Erillinen kamera voidaan kuitenkin helposti lis\u00e4t\u00e4 tarvittaessa, esim. hy\u00f6dynt\u00e4m\u00e4ll\u00e4 videokuvausrepun kameroita ja erillist\u00e4 sdi-usb-muunninta.<\/p>\n\n\n\n<p>J\u00e4rjestelm\u00e4 k\u00e4ynnistet\u00e4\u00e4n ohjauspaneelista n\u00e4ytt\u00f6\u00e4 koskettamalla:<\/p>\n\n\n\n<figure class=\"wp-block-image alignnone size-large wp-image-422\"><img decoding=\"async\" src=\"https:\/\/help.jamk.fi\/videoteknologiat\/wp-content\/uploads\/sites\/67\/2023\/09\/start.jpg\" alt=\"\" class=\"wp-image-422\"\/><figcaption class=\"wp-element-caption\">Koske n\u00e4ytt\u00f6\u00e4 k\u00e4ynnist\u00e4\u00e4ksesi j\u00e4rjestelm\u00e4n<\/figcaption><\/figure>\n\n\n\n<figure class=\"wp-block-image alignnone size-large wp-image-423\"><img decoding=\"async\" src=\"https:\/\/help.jamk.fi\/videoteknologiat\/wp-content\/uploads\/sites\/67\/2023\/09\/valikko.jpg\" alt=\"\" class=\"wp-image-423\"\/><figcaption class=\"wp-element-caption\">Valitse ensin l\u00e4hde (source) ja sitten esityslaite (presentation device) n\u00e4ytt\u00e4\u00e4ksesi esityksesi. Esim. LAPTOP HDMI -nappia klikkaamalla valitset esityslaitteeksi kannettavan tietokoneen ja videosein\u00e4-nappia klikkaamalla saat n\u00e4kyviin sen kuvan videosein\u00e4lle, Display 2 k\u00e4ynnist\u00e4\u00e4 valitun esitysv\u00e4lineen n\u00e4yt\u00f6n ruokalan per\u00e4ll\u00e4 olevalle n\u00e4yt\u00f6lle ja Speakers k\u00e4ynnist\u00e4\u00e4 ohjelma\u00e4\u00e4nen toiston kaiuttimien kautta.<\/figcaption><\/figure>\n\n\n\n<p>Muistathan k\u00e4yt\u00f6n j\u00e4lkeen sammuttaa av-j\u00e4rjestelm\u00e4n kosketuspaneelista. Videosein\u00e4 sammuu samalla.<\/p>\n\n\n\n<figure class=\"wp-block-image alignnone size-large wp-image-425\"><img decoding=\"async\" src=\"https:\/\/help.jamk.fi\/videoteknologiat\/wp-content\/uploads\/sites\/67\/2023\/09\/UNADJUSTEDNONRAW_thumb_668.jpg\" alt=\"\" class=\"wp-image-425\"\/><figcaption class=\"wp-element-caption\">Videosein\u00e4 k\u00e4ynniss\u00e4<\/figcaption><\/figure>\n","protected":false},"excerpt":{"rendered":"<p>Dynamon Bittipannu-ruokalan videosein\u00e4 on varustettu \u00e4\u00e4nij\u00e4rjestelm\u00e4ll\u00e4, joka tukee my\u00f6s videokokouksia. Varustukseen kuuluu langaton headset- ja kapula-mikrofonit. \u00c4\u00e4nij\u00e4rjestelm\u00e4n mikrofonit saa k\u00e4ytt\u00f6\u00f6n usb-liit\u00e4nn\u00e4n kautta. Kokousj\u00e4rjestelm\u00e4n \u00e4\u00e4ni toistetaan tilan kaiuttimista hdmi-liit\u00e4nn\u00e4n kautta. Vakiovarustukseen ei kuulu kameraa (ellei k\u00e4yt\u00e4 l\u00e4pp\u00e4rin webkameraa). Erillinen kamera voidaan kuitenkin helposti lis\u00e4t\u00e4 tarvittaessa, esim. hy\u00f6dynt\u00e4m\u00e4ll\u00e4 videokuvausrepun kameroita ja erillist\u00e4 sdi-usb-muunninta. J\u00e4rjestelm\u00e4 k\u00e4ynnistet\u00e4\u00e4n ohjauspaneelista n\u00e4ytt\u00f6\u00e4 [&hellip;]<\/p>\n","protected":false},"author":65,"featured_media":0,"parent":30,"menu_order":0,"comment_status":"closed","ping_status":"closed","template":"","meta":{"_acf_changed":false,"_relevanssi_hide_post":"","_relevanssi_hide_content":"","_relevanssi_pin_for_all":"","_relevanssi_pin_keywords":"","_relevanssi_unpin_keywords":"","_relevanssi_related_keywords":"","_relevanssi_related_include_ids":"","_relevanssi_related_exclude_ids":"","_relevanssi_related_no_append":"","_relevanssi_related_not_related":"","_relevanssi_related_posts":"","_relevanssi_noindex_reason":"","footnotes":""},"categories":[],"tags":[],"class_list":["post-180","page","type-page","status-publish","hentry"],"acf":[],"yoast_head":"<!-- This site is optimized with the Yoast SEO plugin v27.4 - https:\/\/yoast.com\/product\/yoast-seo-wordpress\/ -->\n<title>Videosein\u00e4 - Videoteknologiat<\/title>\n<meta name=\"robots\" content=\"index, follow, max-snippet:-1, max-image-preview:large, max-video-preview:-1\" \/>\n<link rel=\"canonical\" href=\"https:\/\/help.jamk.fi\/videoteknologiat\/fi\/tilat\/videoseina\/\" \/>\n<meta property=\"og:locale\" content=\"fi_FI\" \/>\n<meta property=\"og:type\" content=\"article\" \/>\n<meta property=\"og:title\" content=\"Videosein\u00e4 - Videoteknologiat\" \/>\n<meta property=\"og:description\" content=\"Dynamon Bittipannu-ruokalan videosein\u00e4 on varustettu \u00e4\u00e4nij\u00e4rjestelm\u00e4ll\u00e4, joka tukee my\u00f6s videokokouksia. Varustukseen kuuluu langaton headset- ja kapula-mikrofonit. \u00c4\u00e4nij\u00e4rjestelm\u00e4n mikrofonit saa k\u00e4ytt\u00f6\u00f6n usb-liit\u00e4nn\u00e4n kautta. Kokousj\u00e4rjestelm\u00e4n \u00e4\u00e4ni toistetaan tilan kaiuttimista hdmi-liit\u00e4nn\u00e4n kautta. Vakiovarustukseen ei kuulu kameraa (ellei k\u00e4yt\u00e4 l\u00e4pp\u00e4rin webkameraa). Erillinen kamera voidaan kuitenkin helposti lis\u00e4t\u00e4 tarvittaessa, esim. hy\u00f6dynt\u00e4m\u00e4ll\u00e4 videokuvausrepun kameroita ja erillist\u00e4 sdi-usb-muunninta. J\u00e4rjestelm\u00e4 k\u00e4ynnistet\u00e4\u00e4n ohjauspaneelista n\u00e4ytt\u00f6\u00e4 [&hellip;]\" \/>\n<meta property=\"og:url\" content=\"https:\/\/help.jamk.fi\/videoteknologiat\/fi\/tilat\/videoseina\/\" \/>\n<meta property=\"og:site_name\" content=\"Videoteknologiat\" \/>\n<meta property=\"article:modified_time\" content=\"2024-01-02T11:57:37+00:00\" \/>\n<meta property=\"og:image\" content=\"https:\/\/help.jamk.fi\/videoteknologiat\/wp-content\/uploads\/sites\/67\/2023\/09\/start.jpg\" \/>\n<meta name=\"twitter:card\" content=\"summary_large_image\" \/>\n<meta name=\"twitter:label1\" content=\"Arvioitu lukuaika\" \/>\n\t<meta name=\"twitter:data1\" content=\"2 minuuttia\" \/>\n<script type=\"application\/ld+json\" class=\"yoast-schema-graph\">{\"@context\":\"https:\\\/\\\/schema.org\",\"@graph\":[{\"@type\":\"WebPage\",\"@id\":\"https:\\\/\\\/help.jamk.fi\\\/videoteknologiat\\\/fi\\\/tilat\\\/videoseina\\\/\",\"url\":\"https:\\\/\\\/help.jamk.fi\\\/videoteknologiat\\\/fi\\\/tilat\\\/videoseina\\\/\",\"name\":\"Videosein\u00e4 - Videoteknologiat\",\"isPartOf\":{\"@id\":\"https:\\\/\\\/help.jamk.fi\\\/videoteknologiat\\\/#website\"},\"primaryImageOfPage\":{\"@id\":\"https:\\\/\\\/help.jamk.fi\\\/videoteknologiat\\\/fi\\\/tilat\\\/videoseina\\\/#primaryimage\"},\"image\":{\"@id\":\"https:\\\/\\\/help.jamk.fi\\\/videoteknologiat\\\/fi\\\/tilat\\\/videoseina\\\/#primaryimage\"},\"thumbnailUrl\":\"https:\\\/\\\/help.jamk.fi\\\/videoteknologiat\\\/wp-content\\\/uploads\\\/sites\\\/67\\\/2023\\\/09\\\/start.jpg\",\"datePublished\":\"2018-08-22T02:34:39+00:00\",\"dateModified\":\"2024-01-02T11:57:37+00:00\",\"breadcrumb\":{\"@id\":\"https:\\\/\\\/help.jamk.fi\\\/videoteknologiat\\\/fi\\\/tilat\\\/videoseina\\\/#breadcrumb\"},\"inLanguage\":\"fi\",\"potentialAction\":[{\"@type\":\"ReadAction\",\"target\":[\"https:\\\/\\\/help.jamk.fi\\\/videoteknologiat\\\/fi\\\/tilat\\\/videoseina\\\/\"]}]},{\"@type\":\"ImageObject\",\"inLanguage\":\"fi\",\"@id\":\"https:\\\/\\\/help.jamk.fi\\\/videoteknologiat\\\/fi\\\/tilat\\\/videoseina\\\/#primaryimage\",\"url\":\"\",\"contentUrl\":\"\"},{\"@type\":\"BreadcrumbList\",\"@id\":\"https:\\\/\\\/help.jamk.fi\\\/videoteknologiat\\\/fi\\\/tilat\\\/videoseina\\\/#breadcrumb\",\"itemListElement\":[{\"@type\":\"ListItem\",\"position\":1,\"name\":\"Etusivu\",\"item\":\"https:\\\/\\\/help.jamk.fi\\\/videoteknologiat\\\/fi\\\/\"},{\"@type\":\"ListItem\",\"position\":2,\"name\":\"Tilat\",\"item\":\"https:\\\/\\\/help.jamk.fi\\\/videoteknologiat\\\/fi\\\/tilat\\\/\"},{\"@type\":\"ListItem\",\"position\":3,\"name\":\"Videosein\u00e4\"}]},{\"@type\":\"WebSite\",\"@id\":\"https:\\\/\\\/help.jamk.fi\\\/videoteknologiat\\\/#website\",\"url\":\"https:\\\/\\\/help.jamk.fi\\\/videoteknologiat\\\/\",\"name\":\"Videoteknologiat\",\"description\":\"\",\"potentialAction\":[{\"@type\":\"SearchAction\",\"target\":{\"@type\":\"EntryPoint\",\"urlTemplate\":\"https:\\\/\\\/help.jamk.fi\\\/videoteknologiat\\\/?s={search_term_string}\"},\"query-input\":{\"@type\":\"PropertyValueSpecification\",\"valueRequired\":true,\"valueName\":\"search_term_string\"}}],\"inLanguage\":\"fi\"}]}<\/script>\n<!-- \/ Yoast SEO plugin. -->","yoast_head_json":{"title":"Videosein\u00e4 - Videoteknologiat","robots":{"index":"index","follow":"follow","max-snippet":"max-snippet:-1","max-image-preview":"max-image-preview:large","max-video-preview":"max-video-preview:-1"},"canonical":"https:\/\/help.jamk.fi\/videoteknologiat\/fi\/tilat\/videoseina\/","og_locale":"fi_FI","og_type":"article","og_title":"Videosein\u00e4 - Videoteknologiat","og_description":"Dynamon Bittipannu-ruokalan videosein\u00e4 on varustettu \u00e4\u00e4nij\u00e4rjestelm\u00e4ll\u00e4, joka tukee my\u00f6s videokokouksia. Varustukseen kuuluu langaton headset- ja kapula-mikrofonit. \u00c4\u00e4nij\u00e4rjestelm\u00e4n mikrofonit saa k\u00e4ytt\u00f6\u00f6n usb-liit\u00e4nn\u00e4n kautta. Kokousj\u00e4rjestelm\u00e4n \u00e4\u00e4ni toistetaan tilan kaiuttimista hdmi-liit\u00e4nn\u00e4n kautta. Vakiovarustukseen ei kuulu kameraa (ellei k\u00e4yt\u00e4 l\u00e4pp\u00e4rin webkameraa). Erillinen kamera voidaan kuitenkin helposti lis\u00e4t\u00e4 tarvittaessa, esim. hy\u00f6dynt\u00e4m\u00e4ll\u00e4 videokuvausrepun kameroita ja erillist\u00e4 sdi-usb-muunninta. J\u00e4rjestelm\u00e4 k\u00e4ynnistet\u00e4\u00e4n ohjauspaneelista n\u00e4ytt\u00f6\u00e4 [&hellip;]","og_url":"https:\/\/help.jamk.fi\/videoteknologiat\/fi\/tilat\/videoseina\/","og_site_name":"Videoteknologiat","article_modified_time":"2024-01-02T11:57:37+00:00","og_image":[{"url":"https:\/\/help.jamk.fi\/videoteknologiat\/wp-content\/uploads\/sites\/67\/2023\/09\/start.jpg","type":"","width":"","height":""}],"twitter_card":"summary_large_image","twitter_misc":{"Arvioitu lukuaika":"2 minuuttia"},"schema":{"@context":"https:\/\/schema.org","@graph":[{"@type":"WebPage","@id":"https:\/\/help.jamk.fi\/videoteknologiat\/fi\/tilat\/videoseina\/","url":"https:\/\/help.jamk.fi\/videoteknologiat\/fi\/tilat\/videoseina\/","name":"Videosein\u00e4 - Videoteknologiat","isPartOf":{"@id":"https:\/\/help.jamk.fi\/videoteknologiat\/#website"},"primaryImageOfPage":{"@id":"https:\/\/help.jamk.fi\/videoteknologiat\/fi\/tilat\/videoseina\/#primaryimage"},"image":{"@id":"https:\/\/help.jamk.fi\/videoteknologiat\/fi\/tilat\/videoseina\/#primaryimage"},"thumbnailUrl":"https:\/\/help.jamk.fi\/videoteknologiat\/wp-content\/uploads\/sites\/67\/2023\/09\/start.jpg","datePublished":"2018-08-22T02:34:39+00:00","dateModified":"2024-01-02T11:57:37+00:00","breadcrumb":{"@id":"https:\/\/help.jamk.fi\/videoteknologiat\/fi\/tilat\/videoseina\/#breadcrumb"},"inLanguage":"fi","potentialAction":[{"@type":"ReadAction","target":["https:\/\/help.jamk.fi\/videoteknologiat\/fi\/tilat\/videoseina\/"]}]},{"@type":"ImageObject","inLanguage":"fi","@id":"https:\/\/help.jamk.fi\/videoteknologiat\/fi\/tilat\/videoseina\/#primaryimage","url":"","contentUrl":""},{"@type":"BreadcrumbList","@id":"https:\/\/help.jamk.fi\/videoteknologiat\/fi\/tilat\/videoseina\/#breadcrumb","itemListElement":[{"@type":"ListItem","position":1,"name":"Etusivu","item":"https:\/\/help.jamk.fi\/videoteknologiat\/fi\/"},{"@type":"ListItem","position":2,"name":"Tilat","item":"https:\/\/help.jamk.fi\/videoteknologiat\/fi\/tilat\/"},{"@type":"ListItem","position":3,"name":"Videosein\u00e4"}]},{"@type":"WebSite","@id":"https:\/\/help.jamk.fi\/videoteknologiat\/#website","url":"https:\/\/help.jamk.fi\/videoteknologiat\/","name":"Videoteknologiat","description":"","potentialAction":[{"@type":"SearchAction","target":{"@type":"EntryPoint","urlTemplate":"https:\/\/help.jamk.fi\/videoteknologiat\/?s={search_term_string}"},"query-input":{"@type":"PropertyValueSpecification","valueRequired":true,"valueName":"search_term_string"}}],"inLanguage":"fi"}]}},"_links":{"self":[{"href":"https:\/\/help.jamk.fi\/videoteknologiat\/wp-json\/wp\/v2\/pages\/180","targetHints":{"allow":["GET"]}}],"collection":[{"href":"https:\/\/help.jamk.fi\/videoteknologiat\/wp-json\/wp\/v2\/pages"}],"about":[{"href":"https:\/\/help.jamk.fi\/videoteknologiat\/wp-json\/wp\/v2\/types\/page"}],"author":[{"embeddable":true,"href":"https:\/\/help.jamk.fi\/videoteknologiat\/wp-json\/wp\/v2\/users\/65"}],"replies":[{"embeddable":true,"href":"https:\/\/help.jamk.fi\/videoteknologiat\/wp-json\/wp\/v2\/comments?post=180"}],"version-history":[{"count":17,"href":"https:\/\/help.jamk.fi\/videoteknologiat\/wp-json\/wp\/v2\/pages\/180\/revisions"}],"predecessor-version":[{"id":2284,"href":"https:\/\/help.jamk.fi\/videoteknologiat\/wp-json\/wp\/v2\/pages\/180\/revisions\/2284"}],"up":[{"embeddable":true,"href":"https:\/\/help.jamk.fi\/videoteknologiat\/wp-json\/wp\/v2\/pages\/30"}],"wp:attachment":[{"href":"https:\/\/help.jamk.fi\/videoteknologiat\/wp-json\/wp\/v2\/media?parent=180"}],"wp:term":[{"taxonomy":"category","embeddable":true,"href":"https:\/\/help.jamk.fi\/videoteknologiat\/wp-json\/wp\/v2\/categories?post=180"},{"taxonomy":"post_tag","embeddable":true,"href":"https:\/\/help.jamk.fi\/videoteknologiat\/wp-json\/wp\/v2\/tags?post=180"}],"curies":[{"name":"wp","href":"https:\/\/api.w.org\/{rel}","templated":true}]}}