{"id":192,"date":"2018-08-22T05:35:17","date_gmt":"2018-08-22T02:35:17","guid":{"rendered":"https:\/\/help.jamk.fi\/videoteknologiat\/tilat\/simulaatiotila\/"},"modified":"2024-01-19T14:51:31","modified_gmt":"2024-01-19T12:51:31","slug":"simulaatiotila","status":"publish","type":"page","link":"https:\/\/help.jamk.fi\/videoteknologiat\/fi\/tilat\/simulaatiotila\/","title":{"rendered":"Simulaatiotila"},"content":{"rendered":"\n<p>Lutakon kampuksella on hyvinvointiyksik\u00f6ll\u00e4 k\u00e4yt\u00f6ss\u00e4 erityinen hoitoty\u00f6n simulaatio-opetustila. Tila on jaettu kolmeen osaan: opettajan tarkkaamo, varsinainen simuulaatiohuone ja observointitila. Opettaja ohjaa tarkkaamosta k\u00e4sin simulaation toteutusta ja k\u00e4ynnist\u00e4\u00e4 erilaisia simulaatiotilanteita. Simulaatiohuoneessa opiskelijaryhm\u00e4 suorittaa varsinaista simulaatiota ja observointitilassa muut opiskelijat seuraavat simulaation edistymist\u00e4. Simulaation j\u00e4lkeen simulaation toteutuminen k\u00e4yd\u00e4\u00e4n l\u00e4pi videotallenteiden avulla observointitilassa. Simulaatiotilassa on hoitonuken lis\u00e4ksi kolme valvontakameraa ja mikrofonit. Valvontakameroiden ja simulaatioj\u00e4rjestelm\u00e4n tapahtumat tallentuvat tallennusj\u00e4rjestelm\u00e4\u00e4n j\u00e4lkik\u00e4teen katsottavaksi. Opettaja voi tehd\u00e4 tallenteeseen muistiinpanoja ja huomioita simulaation aikana. Tallennusj\u00e4rjestelm\u00e4n\u00e4 toimii Nordic Simulatorsin RecMobile, ja hoitonukke on L\u00e4erdahlin valmistama.<\/p>\n","protected":false},"excerpt":{"rendered":"<p>Lutakon kampuksella on hyvinvointiyksik\u00f6ll\u00e4 k\u00e4yt\u00f6ss\u00e4 erityinen hoitoty\u00f6n simulaatio-opetustila. Tila on jaettu kolmeen osaan: opettajan tarkkaamo, varsinainen simuulaatiohuone ja observointitila. Opettaja ohjaa tarkkaamosta k\u00e4sin simulaation toteutusta ja k\u00e4ynnist\u00e4\u00e4 erilaisia simulaatiotilanteita. Simulaatiohuoneessa opiskelijaryhm\u00e4 suorittaa varsinaista simulaatiota ja observointitilassa muut opiskelijat seuraavat simulaation edistymist\u00e4. Simulaation j\u00e4lkeen simulaation toteutuminen k\u00e4yd\u00e4\u00e4n l\u00e4pi videotallenteiden avulla observointitilassa. Simulaatiotilassa on hoitonuken lis\u00e4ksi kolme [&hellip;]<\/p>\n","protected":false},"author":65,"featured_media":0,"parent":30,"menu_order":0,"comment_status":"closed","ping_status":"closed","template":"","meta":{"_acf_changed":false,"_relevanssi_hide_post":"","_relevanssi_hide_content":"","_relevanssi_pin_for_all":"","_relevanssi_pin_keywords":"","_relevanssi_unpin_keywords":"","_relevanssi_related_keywords":"","_relevanssi_related_include_ids":"","_relevanssi_related_exclude_ids":"","_relevanssi_related_no_append":"","_relevanssi_related_not_related":"","_relevanssi_related_posts":"","_relevanssi_noindex_reason":"","footnotes":""},"categories":[],"tags":[],"class_list":["post-192","page","type-page","status-publish","hentry"],"acf":[],"yoast_head":"<!-- This site is optimized with the Yoast SEO plugin v27.4 - https:\/\/yoast.com\/product\/yoast-seo-wordpress\/ -->\n<title>Simulaatiotila - Videoteknologiat<\/title>\n<meta name=\"robots\" content=\"index, follow, max-snippet:-1, max-image-preview:large, max-video-preview:-1\" \/>\n<link rel=\"canonical\" href=\"https:\/\/help.jamk.fi\/videoteknologiat\/fi\/tilat\/simulaatiotila\/\" \/>\n<meta property=\"og:locale\" content=\"fi_FI\" \/>\n<meta property=\"og:type\" content=\"article\" \/>\n<meta property=\"og:title\" content=\"Simulaatiotila - Videoteknologiat\" \/>\n<meta property=\"og:description\" content=\"Lutakon kampuksella on hyvinvointiyksik\u00f6ll\u00e4 k\u00e4yt\u00f6ss\u00e4 erityinen hoitoty\u00f6n simulaatio-opetustila. Tila on jaettu kolmeen osaan: opettajan tarkkaamo, varsinainen simuulaatiohuone ja observointitila. Opettaja ohjaa tarkkaamosta k\u00e4sin simulaation toteutusta ja k\u00e4ynnist\u00e4\u00e4 erilaisia simulaatiotilanteita. Simulaatiohuoneessa opiskelijaryhm\u00e4 suorittaa varsinaista simulaatiota ja observointitilassa muut opiskelijat seuraavat simulaation edistymist\u00e4. Simulaation j\u00e4lkeen simulaation toteutuminen k\u00e4yd\u00e4\u00e4n l\u00e4pi videotallenteiden avulla observointitilassa. Simulaatiotilassa on hoitonuken lis\u00e4ksi kolme [&hellip;]\" \/>\n<meta property=\"og:url\" content=\"https:\/\/help.jamk.fi\/videoteknologiat\/fi\/tilat\/simulaatiotila\/\" \/>\n<meta property=\"og:site_name\" content=\"Videoteknologiat\" \/>\n<meta property=\"article:modified_time\" content=\"2024-01-19T12:51:31+00:00\" \/>\n<meta name=\"twitter:card\" content=\"summary_large_image\" \/>\n<meta name=\"twitter:label1\" content=\"Arvioitu lukuaika\" \/>\n\t<meta name=\"twitter:data1\" content=\"1 minuutti\" \/>\n<script type=\"application\/ld+json\" class=\"yoast-schema-graph\">{\"@context\":\"https:\\\/\\\/schema.org\",\"@graph\":[{\"@type\":\"WebPage\",\"@id\":\"https:\\\/\\\/help.jamk.fi\\\/videoteknologiat\\\/fi\\\/tilat\\\/simulaatiotila\\\/\",\"url\":\"https:\\\/\\\/help.jamk.fi\\\/videoteknologiat\\\/fi\\\/tilat\\\/simulaatiotila\\\/\",\"name\":\"Simulaatiotila - Videoteknologiat\",\"isPartOf\":{\"@id\":\"https:\\\/\\\/help.jamk.fi\\\/videoteknologiat\\\/#website\"},\"datePublished\":\"2018-08-22T02:35:17+00:00\",\"dateModified\":\"2024-01-19T12:51:31+00:00\",\"breadcrumb\":{\"@id\":\"https:\\\/\\\/help.jamk.fi\\\/videoteknologiat\\\/fi\\\/tilat\\\/simulaatiotila\\\/#breadcrumb\"},\"inLanguage\":\"fi\",\"potentialAction\":[{\"@type\":\"ReadAction\",\"target\":[\"https:\\\/\\\/help.jamk.fi\\\/videoteknologiat\\\/fi\\\/tilat\\\/simulaatiotila\\\/\"]}]},{\"@type\":\"BreadcrumbList\",\"@id\":\"https:\\\/\\\/help.jamk.fi\\\/videoteknologiat\\\/fi\\\/tilat\\\/simulaatiotila\\\/#breadcrumb\",\"itemListElement\":[{\"@type\":\"ListItem\",\"position\":1,\"name\":\"Etusivu\",\"item\":\"https:\\\/\\\/help.jamk.fi\\\/videoteknologiat\\\/fi\\\/\"},{\"@type\":\"ListItem\",\"position\":2,\"name\":\"Tilat\",\"item\":\"https:\\\/\\\/help.jamk.fi\\\/videoteknologiat\\\/fi\\\/tilat\\\/\"},{\"@type\":\"ListItem\",\"position\":3,\"name\":\"Simulaatiotila\"}]},{\"@type\":\"WebSite\",\"@id\":\"https:\\\/\\\/help.jamk.fi\\\/videoteknologiat\\\/#website\",\"url\":\"https:\\\/\\\/help.jamk.fi\\\/videoteknologiat\\\/\",\"name\":\"Videoteknologiat\",\"description\":\"\",\"potentialAction\":[{\"@type\":\"SearchAction\",\"target\":{\"@type\":\"EntryPoint\",\"urlTemplate\":\"https:\\\/\\\/help.jamk.fi\\\/videoteknologiat\\\/?s={search_term_string}\"},\"query-input\":{\"@type\":\"PropertyValueSpecification\",\"valueRequired\":true,\"valueName\":\"search_term_string\"}}],\"inLanguage\":\"fi\"}]}<\/script>\n<!-- \/ Yoast SEO plugin. -->","yoast_head_json":{"title":"Simulaatiotila - Videoteknologiat","robots":{"index":"index","follow":"follow","max-snippet":"max-snippet:-1","max-image-preview":"max-image-preview:large","max-video-preview":"max-video-preview:-1"},"canonical":"https:\/\/help.jamk.fi\/videoteknologiat\/fi\/tilat\/simulaatiotila\/","og_locale":"fi_FI","og_type":"article","og_title":"Simulaatiotila - Videoteknologiat","og_description":"Lutakon kampuksella on hyvinvointiyksik\u00f6ll\u00e4 k\u00e4yt\u00f6ss\u00e4 erityinen hoitoty\u00f6n simulaatio-opetustila. Tila on jaettu kolmeen osaan: opettajan tarkkaamo, varsinainen simuulaatiohuone ja observointitila. Opettaja ohjaa tarkkaamosta k\u00e4sin simulaation toteutusta ja k\u00e4ynnist\u00e4\u00e4 erilaisia simulaatiotilanteita. Simulaatiohuoneessa opiskelijaryhm\u00e4 suorittaa varsinaista simulaatiota ja observointitilassa muut opiskelijat seuraavat simulaation edistymist\u00e4. Simulaation j\u00e4lkeen simulaation toteutuminen k\u00e4yd\u00e4\u00e4n l\u00e4pi videotallenteiden avulla observointitilassa. Simulaatiotilassa on hoitonuken lis\u00e4ksi kolme [&hellip;]","og_url":"https:\/\/help.jamk.fi\/videoteknologiat\/fi\/tilat\/simulaatiotila\/","og_site_name":"Videoteknologiat","article_modified_time":"2024-01-19T12:51:31+00:00","twitter_card":"summary_large_image","twitter_misc":{"Arvioitu lukuaika":"1 minuutti"},"schema":{"@context":"https:\/\/schema.org","@graph":[{"@type":"WebPage","@id":"https:\/\/help.jamk.fi\/videoteknologiat\/fi\/tilat\/simulaatiotila\/","url":"https:\/\/help.jamk.fi\/videoteknologiat\/fi\/tilat\/simulaatiotila\/","name":"Simulaatiotila - Videoteknologiat","isPartOf":{"@id":"https:\/\/help.jamk.fi\/videoteknologiat\/#website"},"datePublished":"2018-08-22T02:35:17+00:00","dateModified":"2024-01-19T12:51:31+00:00","breadcrumb":{"@id":"https:\/\/help.jamk.fi\/videoteknologiat\/fi\/tilat\/simulaatiotila\/#breadcrumb"},"inLanguage":"fi","potentialAction":[{"@type":"ReadAction","target":["https:\/\/help.jamk.fi\/videoteknologiat\/fi\/tilat\/simulaatiotila\/"]}]},{"@type":"BreadcrumbList","@id":"https:\/\/help.jamk.fi\/videoteknologiat\/fi\/tilat\/simulaatiotila\/#breadcrumb","itemListElement":[{"@type":"ListItem","position":1,"name":"Etusivu","item":"https:\/\/help.jamk.fi\/videoteknologiat\/fi\/"},{"@type":"ListItem","position":2,"name":"Tilat","item":"https:\/\/help.jamk.fi\/videoteknologiat\/fi\/tilat\/"},{"@type":"ListItem","position":3,"name":"Simulaatiotila"}]},{"@type":"WebSite","@id":"https:\/\/help.jamk.fi\/videoteknologiat\/#website","url":"https:\/\/help.jamk.fi\/videoteknologiat\/","name":"Videoteknologiat","description":"","potentialAction":[{"@type":"SearchAction","target":{"@type":"EntryPoint","urlTemplate":"https:\/\/help.jamk.fi\/videoteknologiat\/?s={search_term_string}"},"query-input":{"@type":"PropertyValueSpecification","valueRequired":true,"valueName":"search_term_string"}}],"inLanguage":"fi"}]}},"_links":{"self":[{"href":"https:\/\/help.jamk.fi\/videoteknologiat\/wp-json\/wp\/v2\/pages\/192","targetHints":{"allow":["GET"]}}],"collection":[{"href":"https:\/\/help.jamk.fi\/videoteknologiat\/wp-json\/wp\/v2\/pages"}],"about":[{"href":"https:\/\/help.jamk.fi\/videoteknologiat\/wp-json\/wp\/v2\/types\/page"}],"author":[{"embeddable":true,"href":"https:\/\/help.jamk.fi\/videoteknologiat\/wp-json\/wp\/v2\/users\/65"}],"replies":[{"embeddable":true,"href":"https:\/\/help.jamk.fi\/videoteknologiat\/wp-json\/wp\/v2\/comments?post=192"}],"version-history":[{"count":5,"href":"https:\/\/help.jamk.fi\/videoteknologiat\/wp-json\/wp\/v2\/pages\/192\/revisions"}],"predecessor-version":[{"id":2322,"href":"https:\/\/help.jamk.fi\/videoteknologiat\/wp-json\/wp\/v2\/pages\/192\/revisions\/2322"}],"up":[{"embeddable":true,"href":"https:\/\/help.jamk.fi\/videoteknologiat\/wp-json\/wp\/v2\/pages\/30"}],"wp:attachment":[{"href":"https:\/\/help.jamk.fi\/videoteknologiat\/wp-json\/wp\/v2\/media?parent=192"}],"wp:term":[{"taxonomy":"category","embeddable":true,"href":"https:\/\/help.jamk.fi\/videoteknologiat\/wp-json\/wp\/v2\/categories?post=192"},{"taxonomy":"post_tag","embeddable":true,"href":"https:\/\/help.jamk.fi\/videoteknologiat\/wp-json\/wp\/v2\/tags?post=192"}],"curies":[{"name":"wp","href":"https:\/\/api.w.org\/{rel}","templated":true}]}}