{"id":198,"date":"2018-08-22T05:37:34","date_gmt":"2018-08-22T02:37:34","guid":{"rendered":"https:\/\/help.jamk.fi\/videoteknologiat\/valineet-ja-ohjelmistot\/liikuteltava-videoneuvotteluvaunu\/"},"modified":"2024-01-22T15:17:41","modified_gmt":"2024-01-22T13:17:41","slug":"liikuteltava-videoneuvotteluvaunu","status":"publish","type":"page","link":"https:\/\/help.jamk.fi\/videoteknologiat\/fi\/valineet-ja-ohjelmistot\/liikuteltava-videoneuvotteluvaunu\/","title":{"rendered":"Liikuteltava videoneuvotteluvaunu"},"content":{"rendered":"\n<p>Jamkilla on k\u00e4ytett\u00e4viss\u00e4 liikuteltavat videoneuvotteluvaunut Rajakadun, Dynamon ja Tarvaalan kampuksilla. Niiden k\u00e4ytt\u00f6\u00e4 voi varata Helpin kautta. Muista varata samalla tila, johon vaunu sijoitetaan ja jossa neuvottelu pidet\u00e4\u00e4n.<\/p>\n","protected":false},"excerpt":{"rendered":"<p>Jamkilla on k\u00e4ytett\u00e4viss\u00e4 liikuteltavat videoneuvotteluvaunut Rajakadun, Dynamon ja Tarvaalan kampuksilla. Niiden k\u00e4ytt\u00f6\u00e4 voi varata Helpin kautta. Muista varata samalla tila, johon vaunu sijoitetaan ja jossa neuvottelu pidet\u00e4\u00e4n.<\/p>\n","protected":false},"author":65,"featured_media":0,"parent":36,"menu_order":0,"comment_status":"closed","ping_status":"closed","template":"","meta":{"_acf_changed":false,"_relevanssi_hide_post":"","_relevanssi_hide_content":"","_relevanssi_pin_for_all":"","_relevanssi_pin_keywords":"","_relevanssi_unpin_keywords":"","_relevanssi_related_keywords":"","_relevanssi_related_include_ids":"","_relevanssi_related_exclude_ids":"","_relevanssi_related_no_append":"","_relevanssi_related_not_related":"","_relevanssi_related_posts":"","_relevanssi_noindex_reason":"","footnotes":""},"categories":[],"tags":[],"class_list":["post-198","page","type-page","status-publish","hentry"],"acf":[],"yoast_head":"<!-- This site is optimized with the Yoast SEO plugin v27.4 - https:\/\/yoast.com\/product\/yoast-seo-wordpress\/ -->\n<title>Liikuteltava videoneuvotteluvaunu - Videoteknologiat<\/title>\n<meta name=\"robots\" content=\"index, follow, max-snippet:-1, max-image-preview:large, max-video-preview:-1\" \/>\n<link rel=\"canonical\" href=\"https:\/\/help.jamk.fi\/videoteknologiat\/fi\/valineet-ja-ohjelmistot\/liikuteltava-videoneuvotteluvaunu\/\" \/>\n<meta property=\"og:locale\" content=\"fi_FI\" \/>\n<meta property=\"og:type\" content=\"article\" \/>\n<meta property=\"og:title\" content=\"Liikuteltava videoneuvotteluvaunu - Videoteknologiat\" \/>\n<meta property=\"og:description\" content=\"Jamkilla on k\u00e4ytett\u00e4viss\u00e4 liikuteltavat videoneuvotteluvaunut Rajakadun, Dynamon ja Tarvaalan kampuksilla. Niiden k\u00e4ytt\u00f6\u00e4 voi varata Helpin kautta. Muista varata samalla tila, johon vaunu sijoitetaan ja jossa neuvottelu pidet\u00e4\u00e4n.\" \/>\n<meta property=\"og:url\" content=\"https:\/\/help.jamk.fi\/videoteknologiat\/fi\/valineet-ja-ohjelmistot\/liikuteltava-videoneuvotteluvaunu\/\" \/>\n<meta property=\"og:site_name\" content=\"Videoteknologiat\" \/>\n<meta property=\"article:modified_time\" content=\"2024-01-22T13:17:41+00:00\" \/>\n<meta name=\"twitter:card\" content=\"summary_large_image\" \/>\n<meta name=\"twitter:label1\" content=\"Arvioitu lukuaika\" \/>\n\t<meta name=\"twitter:data1\" content=\"1 minuutti\" \/>\n<script type=\"application\/ld+json\" class=\"yoast-schema-graph\">{\"@context\":\"https:\\\/\\\/schema.org\",\"@graph\":[{\"@type\":\"WebPage\",\"@id\":\"https:\\\/\\\/help.jamk.fi\\\/videoteknologiat\\\/fi\\\/valineet-ja-ohjelmistot\\\/liikuteltava-videoneuvotteluvaunu\\\/\",\"url\":\"https:\\\/\\\/help.jamk.fi\\\/videoteknologiat\\\/fi\\\/valineet-ja-ohjelmistot\\\/liikuteltava-videoneuvotteluvaunu\\\/\",\"name\":\"Liikuteltava videoneuvotteluvaunu - Videoteknologiat\",\"isPartOf\":{\"@id\":\"https:\\\/\\\/help.jamk.fi\\\/videoteknologiat\\\/#website\"},\"datePublished\":\"2018-08-22T02:37:34+00:00\",\"dateModified\":\"2024-01-22T13:17:41+00:00\",\"breadcrumb\":{\"@id\":\"https:\\\/\\\/help.jamk.fi\\\/videoteknologiat\\\/fi\\\/valineet-ja-ohjelmistot\\\/liikuteltava-videoneuvotteluvaunu\\\/#breadcrumb\"},\"inLanguage\":\"fi\",\"potentialAction\":[{\"@type\":\"ReadAction\",\"target\":[\"https:\\\/\\\/help.jamk.fi\\\/videoteknologiat\\\/fi\\\/valineet-ja-ohjelmistot\\\/liikuteltava-videoneuvotteluvaunu\\\/\"]}]},{\"@type\":\"BreadcrumbList\",\"@id\":\"https:\\\/\\\/help.jamk.fi\\\/videoteknologiat\\\/fi\\\/valineet-ja-ohjelmistot\\\/liikuteltava-videoneuvotteluvaunu\\\/#breadcrumb\",\"itemListElement\":[{\"@type\":\"ListItem\",\"position\":1,\"name\":\"Etusivu\",\"item\":\"https:\\\/\\\/help.jamk.fi\\\/videoteknologiat\\\/fi\\\/\"},{\"@type\":\"ListItem\",\"position\":2,\"name\":\"V\u00e4lineet ja ohjelmistot\",\"item\":\"https:\\\/\\\/help.jamk.fi\\\/videoteknologiat\\\/fi\\\/valineet-ja-ohjelmistot\\\/\"},{\"@type\":\"ListItem\",\"position\":3,\"name\":\"Liikuteltava videoneuvotteluvaunu\"}]},{\"@type\":\"WebSite\",\"@id\":\"https:\\\/\\\/help.jamk.fi\\\/videoteknologiat\\\/#website\",\"url\":\"https:\\\/\\\/help.jamk.fi\\\/videoteknologiat\\\/\",\"name\":\"Videoteknologiat\",\"description\":\"\",\"potentialAction\":[{\"@type\":\"SearchAction\",\"target\":{\"@type\":\"EntryPoint\",\"urlTemplate\":\"https:\\\/\\\/help.jamk.fi\\\/videoteknologiat\\\/?s={search_term_string}\"},\"query-input\":{\"@type\":\"PropertyValueSpecification\",\"valueRequired\":true,\"valueName\":\"search_term_string\"}}],\"inLanguage\":\"fi\"}]}<\/script>\n<!-- \/ Yoast SEO plugin. -->","yoast_head_json":{"title":"Liikuteltava videoneuvotteluvaunu - Videoteknologiat","robots":{"index":"index","follow":"follow","max-snippet":"max-snippet:-1","max-image-preview":"max-image-preview:large","max-video-preview":"max-video-preview:-1"},"canonical":"https:\/\/help.jamk.fi\/videoteknologiat\/fi\/valineet-ja-ohjelmistot\/liikuteltava-videoneuvotteluvaunu\/","og_locale":"fi_FI","og_type":"article","og_title":"Liikuteltava videoneuvotteluvaunu - Videoteknologiat","og_description":"Jamkilla on k\u00e4ytett\u00e4viss\u00e4 liikuteltavat videoneuvotteluvaunut Rajakadun, Dynamon ja Tarvaalan kampuksilla. Niiden k\u00e4ytt\u00f6\u00e4 voi varata Helpin kautta. Muista varata samalla tila, johon vaunu sijoitetaan ja jossa neuvottelu pidet\u00e4\u00e4n.","og_url":"https:\/\/help.jamk.fi\/videoteknologiat\/fi\/valineet-ja-ohjelmistot\/liikuteltava-videoneuvotteluvaunu\/","og_site_name":"Videoteknologiat","article_modified_time":"2024-01-22T13:17:41+00:00","twitter_card":"summary_large_image","twitter_misc":{"Arvioitu lukuaika":"1 minuutti"},"schema":{"@context":"https:\/\/schema.org","@graph":[{"@type":"WebPage","@id":"https:\/\/help.jamk.fi\/videoteknologiat\/fi\/valineet-ja-ohjelmistot\/liikuteltava-videoneuvotteluvaunu\/","url":"https:\/\/help.jamk.fi\/videoteknologiat\/fi\/valineet-ja-ohjelmistot\/liikuteltava-videoneuvotteluvaunu\/","name":"Liikuteltava videoneuvotteluvaunu - Videoteknologiat","isPartOf":{"@id":"https:\/\/help.jamk.fi\/videoteknologiat\/#website"},"datePublished":"2018-08-22T02:37:34+00:00","dateModified":"2024-01-22T13:17:41+00:00","breadcrumb":{"@id":"https:\/\/help.jamk.fi\/videoteknologiat\/fi\/valineet-ja-ohjelmistot\/liikuteltava-videoneuvotteluvaunu\/#breadcrumb"},"inLanguage":"fi","potentialAction":[{"@type":"ReadAction","target":["https:\/\/help.jamk.fi\/videoteknologiat\/fi\/valineet-ja-ohjelmistot\/liikuteltava-videoneuvotteluvaunu\/"]}]},{"@type":"BreadcrumbList","@id":"https:\/\/help.jamk.fi\/videoteknologiat\/fi\/valineet-ja-ohjelmistot\/liikuteltava-videoneuvotteluvaunu\/#breadcrumb","itemListElement":[{"@type":"ListItem","position":1,"name":"Etusivu","item":"https:\/\/help.jamk.fi\/videoteknologiat\/fi\/"},{"@type":"ListItem","position":2,"name":"V\u00e4lineet ja ohjelmistot","item":"https:\/\/help.jamk.fi\/videoteknologiat\/fi\/valineet-ja-ohjelmistot\/"},{"@type":"ListItem","position":3,"name":"Liikuteltava videoneuvotteluvaunu"}]},{"@type":"WebSite","@id":"https:\/\/help.jamk.fi\/videoteknologiat\/#website","url":"https:\/\/help.jamk.fi\/videoteknologiat\/","name":"Videoteknologiat","description":"","potentialAction":[{"@type":"SearchAction","target":{"@type":"EntryPoint","urlTemplate":"https:\/\/help.jamk.fi\/videoteknologiat\/?s={search_term_string}"},"query-input":{"@type":"PropertyValueSpecification","valueRequired":true,"valueName":"search_term_string"}}],"inLanguage":"fi"}]}},"_links":{"self":[{"href":"https:\/\/help.jamk.fi\/videoteknologiat\/wp-json\/wp\/v2\/pages\/198","targetHints":{"allow":["GET"]}}],"collection":[{"href":"https:\/\/help.jamk.fi\/videoteknologiat\/wp-json\/wp\/v2\/pages"}],"about":[{"href":"https:\/\/help.jamk.fi\/videoteknologiat\/wp-json\/wp\/v2\/types\/page"}],"author":[{"embeddable":true,"href":"https:\/\/help.jamk.fi\/videoteknologiat\/wp-json\/wp\/v2\/users\/65"}],"replies":[{"embeddable":true,"href":"https:\/\/help.jamk.fi\/videoteknologiat\/wp-json\/wp\/v2\/comments?post=198"}],"version-history":[{"count":3,"href":"https:\/\/help.jamk.fi\/videoteknologiat\/wp-json\/wp\/v2\/pages\/198\/revisions"}],"predecessor-version":[{"id":2335,"href":"https:\/\/help.jamk.fi\/videoteknologiat\/wp-json\/wp\/v2\/pages\/198\/revisions\/2335"}],"up":[{"embeddable":true,"href":"https:\/\/help.jamk.fi\/videoteknologiat\/wp-json\/wp\/v2\/pages\/36"}],"wp:attachment":[{"href":"https:\/\/help.jamk.fi\/videoteknologiat\/wp-json\/wp\/v2\/media?parent=198"}],"wp:term":[{"taxonomy":"category","embeddable":true,"href":"https:\/\/help.jamk.fi\/videoteknologiat\/wp-json\/wp\/v2\/categories?post=198"},{"taxonomy":"post_tag","embeddable":true,"href":"https:\/\/help.jamk.fi\/videoteknologiat\/wp-json\/wp\/v2\/tags?post=198"}],"curies":[{"name":"wp","href":"https:\/\/api.w.org\/{rel}","templated":true}]}}