{"id":201,"date":"2018-08-22T05:41:16","date_gmt":"2018-08-22T02:41:16","guid":{"rendered":"https:\/\/help.jamk.fi\/videoteknologiat\/tilat\/videoneuvottelu\/"},"modified":"2024-01-12T12:20:01","modified_gmt":"2024-01-12T10:20:01","slug":"videoneuvottelu","status":"publish","type":"page","link":"https:\/\/help.jamk.fi\/videoteknologiat\/fi\/tilat\/videoneuvottelu\/","title":{"rendered":"Videoneuvottelu"},"content":{"rendered":"\n<p>Jamkilla on liikuteltavia <a href=\"https:\/\/help.jamk.fi\/videoteknologiat\/fi\/valineet-ja-ohjelmistot\/liikuteltava-videoneuvotteluvaunu\/\">videoneuvotteluvaunuja<\/a> eri kampuksilla (Rajakatu, Lutakko, Tarvaala) yhteens\u00e4 3 kpl. Videoneuvotteluihin pit\u00e4\u00e4 varata vaunun lis\u00e4ksi joku tila jossa neuvottelu pidet\u00e4\u00e4n. Vaunu on hyv\u00e4 varata hyviss\u00e4 ajoin helpdeskist\u00e4. Mit\u00e4\u00e4n erillist\u00e4 videoneuvotteluun tarkoitettua tilaa ei ole en\u00e4\u00e4 k\u00e4ytett\u00e4viss\u00e4, eli helpdeskist\u00e4 joku siirt\u00e4\u00e4 sovittuna aikaan liikuteltavan vaunun varattuun neuvottelutilaan.<\/p>\n","protected":false},"excerpt":{"rendered":"<p>Jamkilla on liikuteltavia videoneuvotteluvaunuja eri kampuksilla (Rajakatu, Lutakko, Tarvaala) yhteens\u00e4 3 kpl. Videoneuvotteluihin pit\u00e4\u00e4 varata vaunun lis\u00e4ksi joku tila jossa neuvottelu pidet\u00e4\u00e4n. Vaunu on hyv\u00e4 varata hyviss\u00e4 ajoin helpdeskist\u00e4. Mit\u00e4\u00e4n erillist\u00e4 videoneuvotteluun tarkoitettua tilaa ei ole en\u00e4\u00e4 k\u00e4ytett\u00e4viss\u00e4, eli helpdeskist\u00e4 joku siirt\u00e4\u00e4 sovittuna aikaan liikuteltavan vaunun varattuun neuvottelutilaan.<\/p>\n","protected":false},"author":65,"featured_media":0,"parent":30,"menu_order":0,"comment_status":"closed","ping_status":"closed","template":"","meta":{"_acf_changed":false,"_relevanssi_hide_post":"","_relevanssi_hide_content":"","_relevanssi_pin_for_all":"","_relevanssi_pin_keywords":"","_relevanssi_unpin_keywords":"","_relevanssi_related_keywords":"","_relevanssi_related_include_ids":"","_relevanssi_related_exclude_ids":"","_relevanssi_related_no_append":"","_relevanssi_related_not_related":"","_relevanssi_related_posts":"","_relevanssi_noindex_reason":"","footnotes":""},"categories":[],"tags":[],"class_list":["post-201","page","type-page","status-publish","hentry"],"acf":[],"yoast_head":"<!-- This site is optimized with the Yoast SEO plugin v27.4 - https:\/\/yoast.com\/product\/yoast-seo-wordpress\/ -->\n<title>Videoneuvottelu - Videoteknologiat<\/title>\n<meta name=\"robots\" content=\"index, follow, max-snippet:-1, max-image-preview:large, max-video-preview:-1\" \/>\n<link rel=\"canonical\" href=\"https:\/\/help.jamk.fi\/videoteknologiat\/fi\/tilat\/videoneuvottelu\/\" \/>\n<meta property=\"og:locale\" content=\"fi_FI\" \/>\n<meta property=\"og:type\" content=\"article\" \/>\n<meta property=\"og:title\" content=\"Videoneuvottelu - Videoteknologiat\" \/>\n<meta property=\"og:description\" content=\"Jamkilla on liikuteltavia videoneuvotteluvaunuja eri kampuksilla (Rajakatu, Lutakko, Tarvaala) yhteens\u00e4 3 kpl. Videoneuvotteluihin pit\u00e4\u00e4 varata vaunun lis\u00e4ksi joku tila jossa neuvottelu pidet\u00e4\u00e4n. Vaunu on hyv\u00e4 varata hyviss\u00e4 ajoin helpdeskist\u00e4. Mit\u00e4\u00e4n erillist\u00e4 videoneuvotteluun tarkoitettua tilaa ei ole en\u00e4\u00e4 k\u00e4ytett\u00e4viss\u00e4, eli helpdeskist\u00e4 joku siirt\u00e4\u00e4 sovittuna aikaan liikuteltavan vaunun varattuun neuvottelutilaan.\" \/>\n<meta property=\"og:url\" content=\"https:\/\/help.jamk.fi\/videoteknologiat\/fi\/tilat\/videoneuvottelu\/\" \/>\n<meta property=\"og:site_name\" content=\"Videoteknologiat\" \/>\n<meta property=\"article:modified_time\" content=\"2024-01-12T10:20:01+00:00\" \/>\n<meta name=\"twitter:card\" content=\"summary_large_image\" \/>\n<meta name=\"twitter:label1\" content=\"Arvioitu lukuaika\" \/>\n\t<meta name=\"twitter:data1\" content=\"1 minuutti\" \/>\n<script type=\"application\/ld+json\" class=\"yoast-schema-graph\">{\"@context\":\"https:\\\/\\\/schema.org\",\"@graph\":[{\"@type\":\"WebPage\",\"@id\":\"https:\\\/\\\/help.jamk.fi\\\/videoteknologiat\\\/fi\\\/tilat\\\/videoneuvottelu\\\/\",\"url\":\"https:\\\/\\\/help.jamk.fi\\\/videoteknologiat\\\/fi\\\/tilat\\\/videoneuvottelu\\\/\",\"name\":\"Videoneuvottelu - Videoteknologiat\",\"isPartOf\":{\"@id\":\"https:\\\/\\\/help.jamk.fi\\\/videoteknologiat\\\/#website\"},\"datePublished\":\"2018-08-22T02:41:16+00:00\",\"dateModified\":\"2024-01-12T10:20:01+00:00\",\"breadcrumb\":{\"@id\":\"https:\\\/\\\/help.jamk.fi\\\/videoteknologiat\\\/fi\\\/tilat\\\/videoneuvottelu\\\/#breadcrumb\"},\"inLanguage\":\"fi\",\"potentialAction\":[{\"@type\":\"ReadAction\",\"target\":[\"https:\\\/\\\/help.jamk.fi\\\/videoteknologiat\\\/fi\\\/tilat\\\/videoneuvottelu\\\/\"]}]},{\"@type\":\"BreadcrumbList\",\"@id\":\"https:\\\/\\\/help.jamk.fi\\\/videoteknologiat\\\/fi\\\/tilat\\\/videoneuvottelu\\\/#breadcrumb\",\"itemListElement\":[{\"@type\":\"ListItem\",\"position\":1,\"name\":\"Etusivu\",\"item\":\"https:\\\/\\\/help.jamk.fi\\\/videoteknologiat\\\/fi\\\/\"},{\"@type\":\"ListItem\",\"position\":2,\"name\":\"Tilat\",\"item\":\"https:\\\/\\\/help.jamk.fi\\\/videoteknologiat\\\/fi\\\/tilat\\\/\"},{\"@type\":\"ListItem\",\"position\":3,\"name\":\"Videoneuvottelu\"}]},{\"@type\":\"WebSite\",\"@id\":\"https:\\\/\\\/help.jamk.fi\\\/videoteknologiat\\\/#website\",\"url\":\"https:\\\/\\\/help.jamk.fi\\\/videoteknologiat\\\/\",\"name\":\"Videoteknologiat\",\"description\":\"\",\"potentialAction\":[{\"@type\":\"SearchAction\",\"target\":{\"@type\":\"EntryPoint\",\"urlTemplate\":\"https:\\\/\\\/help.jamk.fi\\\/videoteknologiat\\\/?s={search_term_string}\"},\"query-input\":{\"@type\":\"PropertyValueSpecification\",\"valueRequired\":true,\"valueName\":\"search_term_string\"}}],\"inLanguage\":\"fi\"}]}<\/script>\n<!-- \/ Yoast SEO plugin. -->","yoast_head_json":{"title":"Videoneuvottelu - Videoteknologiat","robots":{"index":"index","follow":"follow","max-snippet":"max-snippet:-1","max-image-preview":"max-image-preview:large","max-video-preview":"max-video-preview:-1"},"canonical":"https:\/\/help.jamk.fi\/videoteknologiat\/fi\/tilat\/videoneuvottelu\/","og_locale":"fi_FI","og_type":"article","og_title":"Videoneuvottelu - Videoteknologiat","og_description":"Jamkilla on liikuteltavia videoneuvotteluvaunuja eri kampuksilla (Rajakatu, Lutakko, Tarvaala) yhteens\u00e4 3 kpl. Videoneuvotteluihin pit\u00e4\u00e4 varata vaunun lis\u00e4ksi joku tila jossa neuvottelu pidet\u00e4\u00e4n. Vaunu on hyv\u00e4 varata hyviss\u00e4 ajoin helpdeskist\u00e4. Mit\u00e4\u00e4n erillist\u00e4 videoneuvotteluun tarkoitettua tilaa ei ole en\u00e4\u00e4 k\u00e4ytett\u00e4viss\u00e4, eli helpdeskist\u00e4 joku siirt\u00e4\u00e4 sovittuna aikaan liikuteltavan vaunun varattuun neuvottelutilaan.","og_url":"https:\/\/help.jamk.fi\/videoteknologiat\/fi\/tilat\/videoneuvottelu\/","og_site_name":"Videoteknologiat","article_modified_time":"2024-01-12T10:20:01+00:00","twitter_card":"summary_large_image","twitter_misc":{"Arvioitu lukuaika":"1 minuutti"},"schema":{"@context":"https:\/\/schema.org","@graph":[{"@type":"WebPage","@id":"https:\/\/help.jamk.fi\/videoteknologiat\/fi\/tilat\/videoneuvottelu\/","url":"https:\/\/help.jamk.fi\/videoteknologiat\/fi\/tilat\/videoneuvottelu\/","name":"Videoneuvottelu - Videoteknologiat","isPartOf":{"@id":"https:\/\/help.jamk.fi\/videoteknologiat\/#website"},"datePublished":"2018-08-22T02:41:16+00:00","dateModified":"2024-01-12T10:20:01+00:00","breadcrumb":{"@id":"https:\/\/help.jamk.fi\/videoteknologiat\/fi\/tilat\/videoneuvottelu\/#breadcrumb"},"inLanguage":"fi","potentialAction":[{"@type":"ReadAction","target":["https:\/\/help.jamk.fi\/videoteknologiat\/fi\/tilat\/videoneuvottelu\/"]}]},{"@type":"BreadcrumbList","@id":"https:\/\/help.jamk.fi\/videoteknologiat\/fi\/tilat\/videoneuvottelu\/#breadcrumb","itemListElement":[{"@type":"ListItem","position":1,"name":"Etusivu","item":"https:\/\/help.jamk.fi\/videoteknologiat\/fi\/"},{"@type":"ListItem","position":2,"name":"Tilat","item":"https:\/\/help.jamk.fi\/videoteknologiat\/fi\/tilat\/"},{"@type":"ListItem","position":3,"name":"Videoneuvottelu"}]},{"@type":"WebSite","@id":"https:\/\/help.jamk.fi\/videoteknologiat\/#website","url":"https:\/\/help.jamk.fi\/videoteknologiat\/","name":"Videoteknologiat","description":"","potentialAction":[{"@type":"SearchAction","target":{"@type":"EntryPoint","urlTemplate":"https:\/\/help.jamk.fi\/videoteknologiat\/?s={search_term_string}"},"query-input":{"@type":"PropertyValueSpecification","valueRequired":true,"valueName":"search_term_string"}}],"inLanguage":"fi"}]}},"_links":{"self":[{"href":"https:\/\/help.jamk.fi\/videoteknologiat\/wp-json\/wp\/v2\/pages\/201","targetHints":{"allow":["GET"]}}],"collection":[{"href":"https:\/\/help.jamk.fi\/videoteknologiat\/wp-json\/wp\/v2\/pages"}],"about":[{"href":"https:\/\/help.jamk.fi\/videoteknologiat\/wp-json\/wp\/v2\/types\/page"}],"author":[{"embeddable":true,"href":"https:\/\/help.jamk.fi\/videoteknologiat\/wp-json\/wp\/v2\/users\/65"}],"replies":[{"embeddable":true,"href":"https:\/\/help.jamk.fi\/videoteknologiat\/wp-json\/wp\/v2\/comments?post=201"}],"version-history":[{"count":3,"href":"https:\/\/help.jamk.fi\/videoteknologiat\/wp-json\/wp\/v2\/pages\/201\/revisions"}],"predecessor-version":[{"id":2315,"href":"https:\/\/help.jamk.fi\/videoteknologiat\/wp-json\/wp\/v2\/pages\/201\/revisions\/2315"}],"up":[{"embeddable":true,"href":"https:\/\/help.jamk.fi\/videoteknologiat\/wp-json\/wp\/v2\/pages\/30"}],"wp:attachment":[{"href":"https:\/\/help.jamk.fi\/videoteknologiat\/wp-json\/wp\/v2\/media?parent=201"}],"wp:term":[{"taxonomy":"category","embeddable":true,"href":"https:\/\/help.jamk.fi\/videoteknologiat\/wp-json\/wp\/v2\/categories?post=201"},{"taxonomy":"post_tag","embeddable":true,"href":"https:\/\/help.jamk.fi\/videoteknologiat\/wp-json\/wp\/v2\/tags?post=201"}],"curies":[{"name":"wp","href":"https:\/\/api.w.org\/{rel}","templated":true}]}}