{"id":211,"date":"2018-08-22T05:47:15","date_gmt":"2018-08-22T02:47:15","guid":{"rendered":"https:\/\/help.jamk.fi\/videoteknologiat\/valineet-ja-ohjelmistot\/teams\/"},"modified":"2023-11-20T13:42:48","modified_gmt":"2023-11-20T11:42:48","slug":"teams","status":"publish","type":"page","link":"https:\/\/help.jamk.fi\/videoteknologiat\/fi\/valineet-ja-ohjelmistot\/teams\/","title":{"rendered":"Teams"},"content":{"rendered":"\n<p>Microsoftin Teamsiin sis\u00e4ltyy my\u00f6skin ns. kanavakokousominaisuus, jossa Teamsin ty\u00f6ryhm\u00e4 voi j\u00e4rjest\u00e4\u00e4 kokouksia tiimin kesken jo v\u00e4litt\u00f6m\u00e4sti tai ajastetusti. Tiimill\u00e4 on silloin k\u00e4yt\u00f6ss\u00e4\u00e4n tiimitilan ty\u00f6kalut ja dokumentit, sek\u00e4 k\u00e4yt\u00e4nn\u00f6ss\u00e4 skype tiimitilaan integroituna. T\u00e4m\u00e4 sopii tiimikokousten ohella, opiskelijoiden v\u00e4liseen pienryhm\u00e4ty\u00f6skentelyyn ja vaikkapa oppilaiden ohjaukseen. Kokoukset voidaan my\u00f6s nauhoittaa, jolloin tallenteet tallentuvat Microsoftin Streamiin.<\/p>\n","protected":false},"excerpt":{"rendered":"<p>Microsoftin Teamsiin sis\u00e4ltyy my\u00f6skin ns. kanavakokousominaisuus, jossa Teamsin ty\u00f6ryhm\u00e4 voi j\u00e4rjest\u00e4\u00e4 kokouksia tiimin kesken jo v\u00e4litt\u00f6m\u00e4sti tai ajastetusti. Tiimill\u00e4 on silloin k\u00e4yt\u00f6ss\u00e4\u00e4n tiimitilan ty\u00f6kalut ja dokumentit, sek\u00e4 k\u00e4yt\u00e4nn\u00f6ss\u00e4 skype tiimitilaan integroituna. T\u00e4m\u00e4 sopii tiimikokousten ohella, opiskelijoiden v\u00e4liseen pienryhm\u00e4ty\u00f6skentelyyn ja vaikkapa oppilaiden ohjaukseen. Kokoukset voidaan my\u00f6s nauhoittaa, jolloin tallenteet tallentuvat Microsoftin Streamiin.<\/p>\n","protected":false},"author":65,"featured_media":0,"parent":36,"menu_order":0,"comment_status":"closed","ping_status":"closed","template":"","meta":{"_acf_changed":false,"_relevanssi_hide_post":"","_relevanssi_hide_content":"","_relevanssi_pin_for_all":"","_relevanssi_pin_keywords":"","_relevanssi_unpin_keywords":"","_relevanssi_related_keywords":"","_relevanssi_related_include_ids":"","_relevanssi_related_exclude_ids":"","_relevanssi_related_no_append":"","_relevanssi_related_not_related":"","_relevanssi_related_posts":"","_relevanssi_noindex_reason":"","footnotes":""},"categories":[],"tags":[],"class_list":["post-211","page","type-page","status-publish","hentry"],"acf":[],"yoast_head":"<!-- This site is optimized with the Yoast SEO plugin v27.3 - https:\/\/yoast.com\/product\/yoast-seo-wordpress\/ -->\n<title>Teams - Videoteknologiat<\/title>\n<meta name=\"robots\" content=\"index, follow, max-snippet:-1, max-image-preview:large, max-video-preview:-1\" \/>\n<link rel=\"canonical\" href=\"https:\/\/help.jamk.fi\/videoteknologiat\/fi\/valineet-ja-ohjelmistot\/teams\/\" \/>\n<meta property=\"og:locale\" content=\"fi_FI\" \/>\n<meta property=\"og:type\" content=\"article\" \/>\n<meta property=\"og:title\" content=\"Teams - Videoteknologiat\" \/>\n<meta property=\"og:description\" content=\"Microsoftin Teamsiin sis\u00e4ltyy my\u00f6skin ns. kanavakokousominaisuus, jossa Teamsin ty\u00f6ryhm\u00e4 voi j\u00e4rjest\u00e4\u00e4 kokouksia tiimin kesken jo v\u00e4litt\u00f6m\u00e4sti tai ajastetusti. Tiimill\u00e4 on silloin k\u00e4yt\u00f6ss\u00e4\u00e4n tiimitilan ty\u00f6kalut ja dokumentit, sek\u00e4 k\u00e4yt\u00e4nn\u00f6ss\u00e4 skype tiimitilaan integroituna. T\u00e4m\u00e4 sopii tiimikokousten ohella, opiskelijoiden v\u00e4liseen pienryhm\u00e4ty\u00f6skentelyyn ja vaikkapa oppilaiden ohjaukseen. Kokoukset voidaan my\u00f6s nauhoittaa, jolloin tallenteet tallentuvat Microsoftin Streamiin.\" \/>\n<meta property=\"og:url\" content=\"https:\/\/help.jamk.fi\/videoteknologiat\/fi\/valineet-ja-ohjelmistot\/teams\/\" \/>\n<meta property=\"og:site_name\" content=\"Videoteknologiat\" \/>\n<meta property=\"article:modified_time\" content=\"2023-11-20T11:42:48+00:00\" \/>\n<meta name=\"twitter:card\" content=\"summary_large_image\" \/>\n<script type=\"application\/ld+json\" class=\"yoast-schema-graph\">{\"@context\":\"https:\\\/\\\/schema.org\",\"@graph\":[{\"@type\":\"WebPage\",\"@id\":\"https:\\\/\\\/help.jamk.fi\\\/videoteknologiat\\\/fi\\\/valineet-ja-ohjelmistot\\\/teams\\\/\",\"url\":\"https:\\\/\\\/help.jamk.fi\\\/videoteknologiat\\\/fi\\\/valineet-ja-ohjelmistot\\\/teams\\\/\",\"name\":\"Teams - Videoteknologiat\",\"isPartOf\":{\"@id\":\"https:\\\/\\\/help.jamk.fi\\\/videoteknologiat\\\/#website\"},\"datePublished\":\"2018-08-22T02:47:15+00:00\",\"dateModified\":\"2023-11-20T11:42:48+00:00\",\"breadcrumb\":{\"@id\":\"https:\\\/\\\/help.jamk.fi\\\/videoteknologiat\\\/fi\\\/valineet-ja-ohjelmistot\\\/teams\\\/#breadcrumb\"},\"inLanguage\":\"fi\",\"potentialAction\":[{\"@type\":\"ReadAction\",\"target\":[\"https:\\\/\\\/help.jamk.fi\\\/videoteknologiat\\\/fi\\\/valineet-ja-ohjelmistot\\\/teams\\\/\"]}]},{\"@type\":\"BreadcrumbList\",\"@id\":\"https:\\\/\\\/help.jamk.fi\\\/videoteknologiat\\\/fi\\\/valineet-ja-ohjelmistot\\\/teams\\\/#breadcrumb\",\"itemListElement\":[{\"@type\":\"ListItem\",\"position\":1,\"name\":\"Etusivu\",\"item\":\"https:\\\/\\\/help.jamk.fi\\\/videoteknologiat\\\/fi\\\/\"},{\"@type\":\"ListItem\",\"position\":2,\"name\":\"V\u00e4lineet ja ohjelmistot\",\"item\":\"https:\\\/\\\/help.jamk.fi\\\/videoteknologiat\\\/fi\\\/valineet-ja-ohjelmistot\\\/\"},{\"@type\":\"ListItem\",\"position\":3,\"name\":\"Teams\"}]},{\"@type\":\"WebSite\",\"@id\":\"https:\\\/\\\/help.jamk.fi\\\/videoteknologiat\\\/#website\",\"url\":\"https:\\\/\\\/help.jamk.fi\\\/videoteknologiat\\\/\",\"name\":\"Videoteknologiat\",\"description\":\"\",\"potentialAction\":[{\"@type\":\"SearchAction\",\"target\":{\"@type\":\"EntryPoint\",\"urlTemplate\":\"https:\\\/\\\/help.jamk.fi\\\/videoteknologiat\\\/?s={search_term_string}\"},\"query-input\":{\"@type\":\"PropertyValueSpecification\",\"valueRequired\":true,\"valueName\":\"search_term_string\"}}],\"inLanguage\":\"fi\"}]}<\/script>\n<!-- \/ Yoast SEO plugin. -->","yoast_head_json":{"title":"Teams - Videoteknologiat","robots":{"index":"index","follow":"follow","max-snippet":"max-snippet:-1","max-image-preview":"max-image-preview:large","max-video-preview":"max-video-preview:-1"},"canonical":"https:\/\/help.jamk.fi\/videoteknologiat\/fi\/valineet-ja-ohjelmistot\/teams\/","og_locale":"fi_FI","og_type":"article","og_title":"Teams - Videoteknologiat","og_description":"Microsoftin Teamsiin sis\u00e4ltyy my\u00f6skin ns. kanavakokousominaisuus, jossa Teamsin ty\u00f6ryhm\u00e4 voi j\u00e4rjest\u00e4\u00e4 kokouksia tiimin kesken jo v\u00e4litt\u00f6m\u00e4sti tai ajastetusti. Tiimill\u00e4 on silloin k\u00e4yt\u00f6ss\u00e4\u00e4n tiimitilan ty\u00f6kalut ja dokumentit, sek\u00e4 k\u00e4yt\u00e4nn\u00f6ss\u00e4 skype tiimitilaan integroituna. T\u00e4m\u00e4 sopii tiimikokousten ohella, opiskelijoiden v\u00e4liseen pienryhm\u00e4ty\u00f6skentelyyn ja vaikkapa oppilaiden ohjaukseen. Kokoukset voidaan my\u00f6s nauhoittaa, jolloin tallenteet tallentuvat Microsoftin Streamiin.","og_url":"https:\/\/help.jamk.fi\/videoteknologiat\/fi\/valineet-ja-ohjelmistot\/teams\/","og_site_name":"Videoteknologiat","article_modified_time":"2023-11-20T11:42:48+00:00","twitter_card":"summary_large_image","schema":{"@context":"https:\/\/schema.org","@graph":[{"@type":"WebPage","@id":"https:\/\/help.jamk.fi\/videoteknologiat\/fi\/valineet-ja-ohjelmistot\/teams\/","url":"https:\/\/help.jamk.fi\/videoteknologiat\/fi\/valineet-ja-ohjelmistot\/teams\/","name":"Teams - Videoteknologiat","isPartOf":{"@id":"https:\/\/help.jamk.fi\/videoteknologiat\/#website"},"datePublished":"2018-08-22T02:47:15+00:00","dateModified":"2023-11-20T11:42:48+00:00","breadcrumb":{"@id":"https:\/\/help.jamk.fi\/videoteknologiat\/fi\/valineet-ja-ohjelmistot\/teams\/#breadcrumb"},"inLanguage":"fi","potentialAction":[{"@type":"ReadAction","target":["https:\/\/help.jamk.fi\/videoteknologiat\/fi\/valineet-ja-ohjelmistot\/teams\/"]}]},{"@type":"BreadcrumbList","@id":"https:\/\/help.jamk.fi\/videoteknologiat\/fi\/valineet-ja-ohjelmistot\/teams\/#breadcrumb","itemListElement":[{"@type":"ListItem","position":1,"name":"Etusivu","item":"https:\/\/help.jamk.fi\/videoteknologiat\/fi\/"},{"@type":"ListItem","position":2,"name":"V\u00e4lineet ja ohjelmistot","item":"https:\/\/help.jamk.fi\/videoteknologiat\/fi\/valineet-ja-ohjelmistot\/"},{"@type":"ListItem","position":3,"name":"Teams"}]},{"@type":"WebSite","@id":"https:\/\/help.jamk.fi\/videoteknologiat\/#website","url":"https:\/\/help.jamk.fi\/videoteknologiat\/","name":"Videoteknologiat","description":"","potentialAction":[{"@type":"SearchAction","target":{"@type":"EntryPoint","urlTemplate":"https:\/\/help.jamk.fi\/videoteknologiat\/?s={search_term_string}"},"query-input":{"@type":"PropertyValueSpecification","valueRequired":true,"valueName":"search_term_string"}}],"inLanguage":"fi"}]}},"_links":{"self":[{"href":"https:\/\/help.jamk.fi\/videoteknologiat\/wp-json\/wp\/v2\/pages\/211","targetHints":{"allow":["GET"]}}],"collection":[{"href":"https:\/\/help.jamk.fi\/videoteknologiat\/wp-json\/wp\/v2\/pages"}],"about":[{"href":"https:\/\/help.jamk.fi\/videoteknologiat\/wp-json\/wp\/v2\/types\/page"}],"author":[{"embeddable":true,"href":"https:\/\/help.jamk.fi\/videoteknologiat\/wp-json\/wp\/v2\/users\/65"}],"replies":[{"embeddable":true,"href":"https:\/\/help.jamk.fi\/videoteknologiat\/wp-json\/wp\/v2\/comments?post=211"}],"version-history":[{"count":2,"href":"https:\/\/help.jamk.fi\/videoteknologiat\/wp-json\/wp\/v2\/pages\/211\/revisions"}],"predecessor-version":[{"id":2230,"href":"https:\/\/help.jamk.fi\/videoteknologiat\/wp-json\/wp\/v2\/pages\/211\/revisions\/2230"}],"up":[{"embeddable":true,"href":"https:\/\/help.jamk.fi\/videoteknologiat\/wp-json\/wp\/v2\/pages\/36"}],"wp:attachment":[{"href":"https:\/\/help.jamk.fi\/videoteknologiat\/wp-json\/wp\/v2\/media?parent=211"}],"wp:term":[{"taxonomy":"category","embeddable":true,"href":"https:\/\/help.jamk.fi\/videoteknologiat\/wp-json\/wp\/v2\/categories?post=211"},{"taxonomy":"post_tag","embeddable":true,"href":"https:\/\/help.jamk.fi\/videoteknologiat\/wp-json\/wp\/v2\/tags?post=211"}],"curies":[{"name":"wp","href":"https:\/\/api.w.org\/{rel}","templated":true}]}}