{"id":226,"date":"2018-08-27T09:48:17","date_gmt":"2018-08-27T06:48:17","guid":{"rendered":"https:\/\/help.jamk.fi\/videoteknologiat\/videotuotanto\/"},"modified":"2024-01-12T12:08:53","modified_gmt":"2024-01-12T10:08:53","slug":"videotuotanto","status":"publish","type":"page","link":"https:\/\/help.jamk.fi\/videoteknologiat\/fi\/videotuotanto\/","title":{"rendered":"Videotuotanto"},"content":{"rendered":"\n<p>Videoiden tuotantoa tukevia tiloja ovat Jamkilla mm. <a href=\"https:\/\/help.jamk.fi\/videoteknologiat\/fi\/tilat\/studio\/\">Studio<\/a> ja <a href=\"https:\/\/help.jamk.fi\/videoteknologiat\/fi\/tilat\/tuberoom\/\">Tuberoom<\/a>. Tiloissa on ohjelmistoja ja v\u00e4lineist\u00f6\u00e4 laadukkaiden videotallenteiden tekoon ja j\u00e4lkik\u00e4sittelyyn. My\u00f6s omilla kannettavilla tietokoneilla voi tuottaa videoita k\u00e4ytett\u00e4viss\u00e4 olevia ohjelmistoja hy\u00f6dynt\u00e4en. Esim. avoimen l\u00e4hdekoodin ilmainen\u00a0<a href=\"https:\/\/help.jamk.fi\/videoteknologiat\/fi\/valineet-ja-ohjelmistot\/obs-studio\/\">OBS Studio<\/a> soveltuu hyvin omatoimisten kuvaruutunauhoitusten tekoon. Videokuvauspalvelusta voi tilata apua videotallenteiden tekoon esim. hankkeisiin tai opetuksen taltiointiin.<\/p>\n\n\n\n<p>Opettajat tekev\u00e4t opetusvideoita itse tai tilaavat siihen apuja videokuvauspalveluista. Omatoimisen tekemisen tiloja, v\u00e4lineit\u00e4 ja v\u00e4lineiden k\u00e4ytett\u00e4vyytt\u00e4 pyrit\u00e4\u00e4n kehitt\u00e4m\u00e4\u00e4n l\u00e4hitulevaisuudessa.<\/p>\n\n\n\n<p>Tuotannon suunnitteluun ja toteutukseen l\u00f6yd\u00e4t ohjeita t\u00e4m\u00e4n osion alaluvuista.<\/p>\n","protected":false},"excerpt":{"rendered":"<p>Videoiden tuotantoa tukevia tiloja ovat Jamkilla mm. Studio ja Tuberoom. Tiloissa on ohjelmistoja ja v\u00e4lineist\u00f6\u00e4 laadukkaiden videotallenteiden tekoon ja j\u00e4lkik\u00e4sittelyyn. My\u00f6s omilla kannettavilla tietokoneilla voi tuottaa videoita k\u00e4ytett\u00e4viss\u00e4 olevia ohjelmistoja hy\u00f6dynt\u00e4en. Esim. avoimen l\u00e4hdekoodin ilmainen\u00a0OBS Studio soveltuu hyvin omatoimisten kuvaruutunauhoitusten tekoon. Videokuvauspalvelusta voi tilata apua videotallenteiden tekoon esim. hankkeisiin tai opetuksen taltiointiin. Opettajat tekev\u00e4t opetusvideoita [&hellip;]<\/p>\n","protected":false},"author":65,"featured_media":0,"parent":0,"menu_order":2,"comment_status":"closed","ping_status":"closed","template":"","meta":{"_acf_changed":false,"_relevanssi_hide_post":"","_relevanssi_hide_content":"","_relevanssi_pin_for_all":"","_relevanssi_pin_keywords":"","_relevanssi_unpin_keywords":"","_relevanssi_related_keywords":"","_relevanssi_related_include_ids":"","_relevanssi_related_exclude_ids":"","_relevanssi_related_no_append":"","_relevanssi_related_not_related":"","_relevanssi_related_posts":"","_relevanssi_noindex_reason":"","footnotes":""},"categories":[],"tags":[],"class_list":["post-226","page","type-page","status-publish","hentry"],"acf":[],"yoast_head":"<!-- This site is optimized with the Yoast SEO plugin v27.4 - https:\/\/yoast.com\/product\/yoast-seo-wordpress\/ -->\n<title>Videotuotanto - Videoteknologiat<\/title>\n<meta name=\"robots\" content=\"index, follow, max-snippet:-1, max-image-preview:large, max-video-preview:-1\" \/>\n<link rel=\"canonical\" href=\"https:\/\/help.jamk.fi\/videoteknologiat\/fi\/videotuotanto\/\" \/>\n<meta property=\"og:locale\" content=\"fi_FI\" \/>\n<meta property=\"og:type\" content=\"article\" \/>\n<meta property=\"og:title\" content=\"Videotuotanto - Videoteknologiat\" \/>\n<meta property=\"og:description\" content=\"Videoiden tuotantoa tukevia tiloja ovat Jamkilla mm. Studio ja Tuberoom. Tiloissa on ohjelmistoja ja v\u00e4lineist\u00f6\u00e4 laadukkaiden videotallenteiden tekoon ja j\u00e4lkik\u00e4sittelyyn. My\u00f6s omilla kannettavilla tietokoneilla voi tuottaa videoita k\u00e4ytett\u00e4viss\u00e4 olevia ohjelmistoja hy\u00f6dynt\u00e4en. Esim. avoimen l\u00e4hdekoodin ilmainen\u00a0OBS Studio soveltuu hyvin omatoimisten kuvaruutunauhoitusten tekoon. Videokuvauspalvelusta voi tilata apua videotallenteiden tekoon esim. hankkeisiin tai opetuksen taltiointiin. Opettajat tekev\u00e4t opetusvideoita [&hellip;]\" \/>\n<meta property=\"og:url\" content=\"https:\/\/help.jamk.fi\/videoteknologiat\/fi\/videotuotanto\/\" \/>\n<meta property=\"og:site_name\" content=\"Videoteknologiat\" \/>\n<meta property=\"article:modified_time\" content=\"2024-01-12T10:08:53+00:00\" \/>\n<meta name=\"twitter:card\" content=\"summary_large_image\" \/>\n<meta name=\"twitter:label1\" content=\"Arvioitu lukuaika\" \/>\n\t<meta name=\"twitter:data1\" content=\"1 minuutti\" \/>\n<script type=\"application\/ld+json\" class=\"yoast-schema-graph\">{\"@context\":\"https:\\\/\\\/schema.org\",\"@graph\":[{\"@type\":\"WebPage\",\"@id\":\"https:\\\/\\\/help.jamk.fi\\\/videoteknologiat\\\/fi\\\/videotuotanto\\\/\",\"url\":\"https:\\\/\\\/help.jamk.fi\\\/videoteknologiat\\\/fi\\\/videotuotanto\\\/\",\"name\":\"Videotuotanto - Videoteknologiat\",\"isPartOf\":{\"@id\":\"https:\\\/\\\/help.jamk.fi\\\/videoteknologiat\\\/#website\"},\"datePublished\":\"2018-08-27T06:48:17+00:00\",\"dateModified\":\"2024-01-12T10:08:53+00:00\",\"breadcrumb\":{\"@id\":\"https:\\\/\\\/help.jamk.fi\\\/videoteknologiat\\\/fi\\\/videotuotanto\\\/#breadcrumb\"},\"inLanguage\":\"fi\",\"potentialAction\":[{\"@type\":\"ReadAction\",\"target\":[\"https:\\\/\\\/help.jamk.fi\\\/videoteknologiat\\\/fi\\\/videotuotanto\\\/\"]}]},{\"@type\":\"BreadcrumbList\",\"@id\":\"https:\\\/\\\/help.jamk.fi\\\/videoteknologiat\\\/fi\\\/videotuotanto\\\/#breadcrumb\",\"itemListElement\":[{\"@type\":\"ListItem\",\"position\":1,\"name\":\"Etusivu\",\"item\":\"https:\\\/\\\/help.jamk.fi\\\/videoteknologiat\\\/fi\\\/\"},{\"@type\":\"ListItem\",\"position\":2,\"name\":\"Videotuotanto\"}]},{\"@type\":\"WebSite\",\"@id\":\"https:\\\/\\\/help.jamk.fi\\\/videoteknologiat\\\/#website\",\"url\":\"https:\\\/\\\/help.jamk.fi\\\/videoteknologiat\\\/\",\"name\":\"Videoteknologiat\",\"description\":\"\",\"potentialAction\":[{\"@type\":\"SearchAction\",\"target\":{\"@type\":\"EntryPoint\",\"urlTemplate\":\"https:\\\/\\\/help.jamk.fi\\\/videoteknologiat\\\/?s={search_term_string}\"},\"query-input\":{\"@type\":\"PropertyValueSpecification\",\"valueRequired\":true,\"valueName\":\"search_term_string\"}}],\"inLanguage\":\"fi\"}]}<\/script>\n<!-- \/ Yoast SEO plugin. -->","yoast_head_json":{"title":"Videotuotanto - Videoteknologiat","robots":{"index":"index","follow":"follow","max-snippet":"max-snippet:-1","max-image-preview":"max-image-preview:large","max-video-preview":"max-video-preview:-1"},"canonical":"https:\/\/help.jamk.fi\/videoteknologiat\/fi\/videotuotanto\/","og_locale":"fi_FI","og_type":"article","og_title":"Videotuotanto - Videoteknologiat","og_description":"Videoiden tuotantoa tukevia tiloja ovat Jamkilla mm. Studio ja Tuberoom. Tiloissa on ohjelmistoja ja v\u00e4lineist\u00f6\u00e4 laadukkaiden videotallenteiden tekoon ja j\u00e4lkik\u00e4sittelyyn. My\u00f6s omilla kannettavilla tietokoneilla voi tuottaa videoita k\u00e4ytett\u00e4viss\u00e4 olevia ohjelmistoja hy\u00f6dynt\u00e4en. Esim. avoimen l\u00e4hdekoodin ilmainen\u00a0OBS Studio soveltuu hyvin omatoimisten kuvaruutunauhoitusten tekoon. Videokuvauspalvelusta voi tilata apua videotallenteiden tekoon esim. hankkeisiin tai opetuksen taltiointiin. Opettajat tekev\u00e4t opetusvideoita [&hellip;]","og_url":"https:\/\/help.jamk.fi\/videoteknologiat\/fi\/videotuotanto\/","og_site_name":"Videoteknologiat","article_modified_time":"2024-01-12T10:08:53+00:00","twitter_card":"summary_large_image","twitter_misc":{"Arvioitu lukuaika":"1 minuutti"},"schema":{"@context":"https:\/\/schema.org","@graph":[{"@type":"WebPage","@id":"https:\/\/help.jamk.fi\/videoteknologiat\/fi\/videotuotanto\/","url":"https:\/\/help.jamk.fi\/videoteknologiat\/fi\/videotuotanto\/","name":"Videotuotanto - Videoteknologiat","isPartOf":{"@id":"https:\/\/help.jamk.fi\/videoteknologiat\/#website"},"datePublished":"2018-08-27T06:48:17+00:00","dateModified":"2024-01-12T10:08:53+00:00","breadcrumb":{"@id":"https:\/\/help.jamk.fi\/videoteknologiat\/fi\/videotuotanto\/#breadcrumb"},"inLanguage":"fi","potentialAction":[{"@type":"ReadAction","target":["https:\/\/help.jamk.fi\/videoteknologiat\/fi\/videotuotanto\/"]}]},{"@type":"BreadcrumbList","@id":"https:\/\/help.jamk.fi\/videoteknologiat\/fi\/videotuotanto\/#breadcrumb","itemListElement":[{"@type":"ListItem","position":1,"name":"Etusivu","item":"https:\/\/help.jamk.fi\/videoteknologiat\/fi\/"},{"@type":"ListItem","position":2,"name":"Videotuotanto"}]},{"@type":"WebSite","@id":"https:\/\/help.jamk.fi\/videoteknologiat\/#website","url":"https:\/\/help.jamk.fi\/videoteknologiat\/","name":"Videoteknologiat","description":"","potentialAction":[{"@type":"SearchAction","target":{"@type":"EntryPoint","urlTemplate":"https:\/\/help.jamk.fi\/videoteknologiat\/?s={search_term_string}"},"query-input":{"@type":"PropertyValueSpecification","valueRequired":true,"valueName":"search_term_string"}}],"inLanguage":"fi"}]}},"_links":{"self":[{"href":"https:\/\/help.jamk.fi\/videoteknologiat\/wp-json\/wp\/v2\/pages\/226","targetHints":{"allow":["GET"]}}],"collection":[{"href":"https:\/\/help.jamk.fi\/videoteknologiat\/wp-json\/wp\/v2\/pages"}],"about":[{"href":"https:\/\/help.jamk.fi\/videoteknologiat\/wp-json\/wp\/v2\/types\/page"}],"author":[{"embeddable":true,"href":"https:\/\/help.jamk.fi\/videoteknologiat\/wp-json\/wp\/v2\/users\/65"}],"replies":[{"embeddable":true,"href":"https:\/\/help.jamk.fi\/videoteknologiat\/wp-json\/wp\/v2\/comments?post=226"}],"version-history":[{"count":3,"href":"https:\/\/help.jamk.fi\/videoteknologiat\/wp-json\/wp\/v2\/pages\/226\/revisions"}],"predecessor-version":[{"id":2311,"href":"https:\/\/help.jamk.fi\/videoteknologiat\/wp-json\/wp\/v2\/pages\/226\/revisions\/2311"}],"wp:attachment":[{"href":"https:\/\/help.jamk.fi\/videoteknologiat\/wp-json\/wp\/v2\/media?parent=226"}],"wp:term":[{"taxonomy":"category","embeddable":true,"href":"https:\/\/help.jamk.fi\/videoteknologiat\/wp-json\/wp\/v2\/categories?post=226"},{"taxonomy":"post_tag","embeddable":true,"href":"https:\/\/help.jamk.fi\/videoteknologiat\/wp-json\/wp\/v2\/tags?post=226"}],"curies":[{"name":"wp","href":"https:\/\/api.w.org\/{rel}","templated":true}]}}