{"id":229,"date":"2018-09-07T06:35:19","date_gmt":"2018-09-07T03:35:19","guid":{"rendered":"https:\/\/help.jamk.fi\/videoteknologiat\/videotuotanto\/tuotantoprosessi\/"},"modified":"2024-01-19T16:28:22","modified_gmt":"2024-01-19T14:28:22","slug":"tuotantoprosessi","status":"publish","type":"page","link":"https:\/\/help.jamk.fi\/videoteknologiat\/fi\/videotuotanto\/tuotantoprosessi\/","title":{"rendered":"Tuotantoprosessi"},"content":{"rendered":"\n<p>Yksinkertaisenkin videon tekeminen kannattaa aina ajatella prosessiksi. Olipa tuotettavan materiaalin pituus pari minuuttia tai tunnin p\u00e4tk\u00e4, niin seuraava prosessi kannattaa aina k\u00e4yd\u00e4 l\u00e4pi:<\/p>\n\n\n\n<ol class=\"wp-block-list\">\n<li><a href=\"https:\/\/help.jamk.fi\/videoteknologiat\/fi\/videotuotanto\/ideointi-ja-kasikirjoittaminen\/\"><strong>Ideointi ja k\u00e4sikirjoitus<\/strong><\/a>. T\u00e4ss\u00e4 vaiheessa mietit\u00e4\u00e4n mit\u00e4 videon avulla on tarkoitus oppia, mik\u00e4 on kohderyhm\u00e4n\u00e4 ja niin edelleen. Tapoja toteuttaa idea voi olla lukuisia. Valitun tavan perusteella tehd\u00e4\u00e4n k\u00e4sikirjoitus, v\u00e4hint\u00e4\u00e4n kevyt kuvak\u00e4sikirjoitus. Jos kyseess\u00e4 on screencasting (kuvaruutunauhoitus), (kuva)k\u00e4sikirjoituksessa k\u00e4visi ilmi esimerkiksi otokset, joissa tallennus tehd\u00e4\u00e4n.Toisin sanoen kohdat, joissa tallennus laitetaan pauselle ja vedet\u00e4\u00e4n henke\u00e4 sek\u00e4 valmistaudutaan seuraavaan otokseen ja sen sis\u00e4lt\u00f6\u00f6n.<\/li>\n\n\n\n<li><strong><a href=\"https:\/\/help.jamk.fi\/videoteknologiat\/fi\/videotuotanto\/videokuvaus\/\">Kuvaus<\/a><\/strong>. Suoritetaan kuvaukset edell\u00e4 tehdyn suunnitelman mukaan.<\/li>\n\n\n\n<li><a href=\"https:\/\/help.jamk.fi\/videoteknologiat\/fi\/videotuotanto\/editointi\/\"><strong>Editointi<\/strong><\/a>. Esimerkiksi poistetaan pieleen menneet p\u00e4tk\u00e4t, lis\u00e4t\u00e4\u00e4n alku- ja lopputekstit, yhdistell\u00e4\u00e4n eri otokset jos niit\u00e4 on ollut useampia.<\/li>\n\n\n\n<li><a href=\"https:\/\/help.jamk.fi\/videoteknologiat\/fi\/videotuotanto\/julkaisu-ja-jakelu\/\"><strong>Julkaisu ja jakelu.<\/strong><\/a> Ladataan materiaali sovitulla alustalla ja huolehditaan, ett\u00e4 kohdeyleis\u00f6 l\u00f6yt\u00e4\u00e4 sen.<\/li>\n<\/ol>\n\n\n\n<p><em>L\u00e4hde: Mika Loponen, AOKK. Video pedagogisena ty\u00f6kaluna -verkkokurssi.<\/em><\/p>\n\n\n\n<p><\/p>\n","protected":false},"excerpt":{"rendered":"<p>Yksinkertaisenkin videon tekeminen kannattaa aina ajatella prosessiksi. Olipa tuotettavan materiaalin pituus pari minuuttia tai tunnin p\u00e4tk\u00e4, niin seuraava prosessi kannattaa aina k\u00e4yd\u00e4 l\u00e4pi: L\u00e4hde: Mika Loponen, AOKK. Video pedagogisena ty\u00f6kaluna -verkkokurssi.<\/p>\n","protected":false},"author":65,"featured_media":0,"parent":226,"menu_order":0,"comment_status":"closed","ping_status":"closed","template":"","meta":{"_acf_changed":false,"_relevanssi_hide_post":"","_relevanssi_hide_content":"","_relevanssi_pin_for_all":"","_relevanssi_pin_keywords":"","_relevanssi_unpin_keywords":"","_relevanssi_related_keywords":"","_relevanssi_related_include_ids":"","_relevanssi_related_exclude_ids":"","_relevanssi_related_no_append":"","_relevanssi_related_not_related":"","_relevanssi_related_posts":"","_relevanssi_noindex_reason":"","footnotes":""},"categories":[],"tags":[],"class_list":["post-229","page","type-page","status-publish","hentry"],"acf":[],"yoast_head":"<!-- This site is optimized with the Yoast SEO plugin v27.3 - https:\/\/yoast.com\/product\/yoast-seo-wordpress\/ -->\n<title>Tuotantoprosessi - Videoteknologiat<\/title>\n<meta name=\"robots\" content=\"index, follow, max-snippet:-1, max-image-preview:large, max-video-preview:-1\" \/>\n<link rel=\"canonical\" href=\"https:\/\/help.jamk.fi\/videoteknologiat\/fi\/videotuotanto\/tuotantoprosessi\/\" \/>\n<meta property=\"og:locale\" content=\"fi_FI\" \/>\n<meta property=\"og:type\" content=\"article\" \/>\n<meta property=\"og:title\" content=\"Tuotantoprosessi - Videoteknologiat\" \/>\n<meta property=\"og:description\" content=\"Yksinkertaisenkin videon tekeminen kannattaa aina ajatella prosessiksi. Olipa tuotettavan materiaalin pituus pari minuuttia tai tunnin p\u00e4tk\u00e4, niin seuraava prosessi kannattaa aina k\u00e4yd\u00e4 l\u00e4pi: L\u00e4hde: Mika Loponen, AOKK. Video pedagogisena ty\u00f6kaluna -verkkokurssi.\" \/>\n<meta property=\"og:url\" content=\"https:\/\/help.jamk.fi\/videoteknologiat\/fi\/videotuotanto\/tuotantoprosessi\/\" \/>\n<meta property=\"og:site_name\" content=\"Videoteknologiat\" \/>\n<meta property=\"article:modified_time\" content=\"2024-01-19T14:28:22+00:00\" \/>\n<meta name=\"twitter:card\" content=\"summary_large_image\" \/>\n<meta name=\"twitter:label1\" content=\"Arvioitu lukuaika\" \/>\n\t<meta name=\"twitter:data1\" content=\"1 minuutti\" \/>\n<script type=\"application\/ld+json\" class=\"yoast-schema-graph\">{\"@context\":\"https:\\\/\\\/schema.org\",\"@graph\":[{\"@type\":\"WebPage\",\"@id\":\"https:\\\/\\\/help.jamk.fi\\\/videoteknologiat\\\/fi\\\/videotuotanto\\\/tuotantoprosessi\\\/\",\"url\":\"https:\\\/\\\/help.jamk.fi\\\/videoteknologiat\\\/fi\\\/videotuotanto\\\/tuotantoprosessi\\\/\",\"name\":\"Tuotantoprosessi - Videoteknologiat\",\"isPartOf\":{\"@id\":\"https:\\\/\\\/help.jamk.fi\\\/videoteknologiat\\\/#website\"},\"datePublished\":\"2018-09-07T03:35:19+00:00\",\"dateModified\":\"2024-01-19T14:28:22+00:00\",\"breadcrumb\":{\"@id\":\"https:\\\/\\\/help.jamk.fi\\\/videoteknologiat\\\/fi\\\/videotuotanto\\\/tuotantoprosessi\\\/#breadcrumb\"},\"inLanguage\":\"fi\",\"potentialAction\":[{\"@type\":\"ReadAction\",\"target\":[\"https:\\\/\\\/help.jamk.fi\\\/videoteknologiat\\\/fi\\\/videotuotanto\\\/tuotantoprosessi\\\/\"]}]},{\"@type\":\"BreadcrumbList\",\"@id\":\"https:\\\/\\\/help.jamk.fi\\\/videoteknologiat\\\/fi\\\/videotuotanto\\\/tuotantoprosessi\\\/#breadcrumb\",\"itemListElement\":[{\"@type\":\"ListItem\",\"position\":1,\"name\":\"Etusivu\",\"item\":\"https:\\\/\\\/help.jamk.fi\\\/videoteknologiat\\\/fi\\\/\"},{\"@type\":\"ListItem\",\"position\":2,\"name\":\"Videotuotanto\",\"item\":\"https:\\\/\\\/help.jamk.fi\\\/videoteknologiat\\\/fi\\\/videotuotanto\\\/\"},{\"@type\":\"ListItem\",\"position\":3,\"name\":\"Tuotantoprosessi\"}]},{\"@type\":\"WebSite\",\"@id\":\"https:\\\/\\\/help.jamk.fi\\\/videoteknologiat\\\/#website\",\"url\":\"https:\\\/\\\/help.jamk.fi\\\/videoteknologiat\\\/\",\"name\":\"Videoteknologiat\",\"description\":\"\",\"potentialAction\":[{\"@type\":\"SearchAction\",\"target\":{\"@type\":\"EntryPoint\",\"urlTemplate\":\"https:\\\/\\\/help.jamk.fi\\\/videoteknologiat\\\/?s={search_term_string}\"},\"query-input\":{\"@type\":\"PropertyValueSpecification\",\"valueRequired\":true,\"valueName\":\"search_term_string\"}}],\"inLanguage\":\"fi\"}]}<\/script>\n<!-- \/ Yoast SEO plugin. -->","yoast_head_json":{"title":"Tuotantoprosessi - Videoteknologiat","robots":{"index":"index","follow":"follow","max-snippet":"max-snippet:-1","max-image-preview":"max-image-preview:large","max-video-preview":"max-video-preview:-1"},"canonical":"https:\/\/help.jamk.fi\/videoteknologiat\/fi\/videotuotanto\/tuotantoprosessi\/","og_locale":"fi_FI","og_type":"article","og_title":"Tuotantoprosessi - Videoteknologiat","og_description":"Yksinkertaisenkin videon tekeminen kannattaa aina ajatella prosessiksi. Olipa tuotettavan materiaalin pituus pari minuuttia tai tunnin p\u00e4tk\u00e4, niin seuraava prosessi kannattaa aina k\u00e4yd\u00e4 l\u00e4pi: L\u00e4hde: Mika Loponen, AOKK. Video pedagogisena ty\u00f6kaluna -verkkokurssi.","og_url":"https:\/\/help.jamk.fi\/videoteknologiat\/fi\/videotuotanto\/tuotantoprosessi\/","og_site_name":"Videoteknologiat","article_modified_time":"2024-01-19T14:28:22+00:00","twitter_card":"summary_large_image","twitter_misc":{"Arvioitu lukuaika":"1 minuutti"},"schema":{"@context":"https:\/\/schema.org","@graph":[{"@type":"WebPage","@id":"https:\/\/help.jamk.fi\/videoteknologiat\/fi\/videotuotanto\/tuotantoprosessi\/","url":"https:\/\/help.jamk.fi\/videoteknologiat\/fi\/videotuotanto\/tuotantoprosessi\/","name":"Tuotantoprosessi - Videoteknologiat","isPartOf":{"@id":"https:\/\/help.jamk.fi\/videoteknologiat\/#website"},"datePublished":"2018-09-07T03:35:19+00:00","dateModified":"2024-01-19T14:28:22+00:00","breadcrumb":{"@id":"https:\/\/help.jamk.fi\/videoteknologiat\/fi\/videotuotanto\/tuotantoprosessi\/#breadcrumb"},"inLanguage":"fi","potentialAction":[{"@type":"ReadAction","target":["https:\/\/help.jamk.fi\/videoteknologiat\/fi\/videotuotanto\/tuotantoprosessi\/"]}]},{"@type":"BreadcrumbList","@id":"https:\/\/help.jamk.fi\/videoteknologiat\/fi\/videotuotanto\/tuotantoprosessi\/#breadcrumb","itemListElement":[{"@type":"ListItem","position":1,"name":"Etusivu","item":"https:\/\/help.jamk.fi\/videoteknologiat\/fi\/"},{"@type":"ListItem","position":2,"name":"Videotuotanto","item":"https:\/\/help.jamk.fi\/videoteknologiat\/fi\/videotuotanto\/"},{"@type":"ListItem","position":3,"name":"Tuotantoprosessi"}]},{"@type":"WebSite","@id":"https:\/\/help.jamk.fi\/videoteknologiat\/#website","url":"https:\/\/help.jamk.fi\/videoteknologiat\/","name":"Videoteknologiat","description":"","potentialAction":[{"@type":"SearchAction","target":{"@type":"EntryPoint","urlTemplate":"https:\/\/help.jamk.fi\/videoteknologiat\/?s={search_term_string}"},"query-input":{"@type":"PropertyValueSpecification","valueRequired":true,"valueName":"search_term_string"}}],"inLanguage":"fi"}]}},"_links":{"self":[{"href":"https:\/\/help.jamk.fi\/videoteknologiat\/wp-json\/wp\/v2\/pages\/229","targetHints":{"allow":["GET"]}}],"collection":[{"href":"https:\/\/help.jamk.fi\/videoteknologiat\/wp-json\/wp\/v2\/pages"}],"about":[{"href":"https:\/\/help.jamk.fi\/videoteknologiat\/wp-json\/wp\/v2\/types\/page"}],"author":[{"embeddable":true,"href":"https:\/\/help.jamk.fi\/videoteknologiat\/wp-json\/wp\/v2\/users\/65"}],"replies":[{"embeddable":true,"href":"https:\/\/help.jamk.fi\/videoteknologiat\/wp-json\/wp\/v2\/comments?post=229"}],"version-history":[{"count":4,"href":"https:\/\/help.jamk.fi\/videoteknologiat\/wp-json\/wp\/v2\/pages\/229\/revisions"}],"predecessor-version":[{"id":2330,"href":"https:\/\/help.jamk.fi\/videoteknologiat\/wp-json\/wp\/v2\/pages\/229\/revisions\/2330"}],"up":[{"embeddable":true,"href":"https:\/\/help.jamk.fi\/videoteknologiat\/wp-json\/wp\/v2\/pages\/226"}],"wp:attachment":[{"href":"https:\/\/help.jamk.fi\/videoteknologiat\/wp-json\/wp\/v2\/media?parent=229"}],"wp:term":[{"taxonomy":"category","embeddable":true,"href":"https:\/\/help.jamk.fi\/videoteknologiat\/wp-json\/wp\/v2\/categories?post=229"},{"taxonomy":"post_tag","embeddable":true,"href":"https:\/\/help.jamk.fi\/videoteknologiat\/wp-json\/wp\/v2\/tags?post=229"}],"curies":[{"name":"wp","href":"https:\/\/api.w.org\/{rel}","templated":true}]}}