{"id":232,"date":"2018-09-07T06:42:24","date_gmt":"2018-09-07T03:42:24","guid":{"rendered":"https:\/\/help.jamk.fi\/videoteknologiat\/videotuotanto\/ideointi-ja-kasikirjoittaminen\/"},"modified":"2023-11-20T13:35:22","modified_gmt":"2023-11-20T11:35:22","slug":"ideointi-ja-kasikirjoittaminen","status":"publish","type":"page","link":"https:\/\/help.jamk.fi\/videoteknologiat\/fi\/videotuotanto\/ideointi-ja-kasikirjoittaminen\/","title":{"rendered":"Ideointi ja k\u00e4sikirjoittaminen"},"content":{"rendered":"\n<p>Opetusk\u00e4ytt\u00f6\u00f6n tulevissa videoissa kaikki l\u00e4htee oppimistavoitteista. Idea tulee siis melkein automaattisesti, koska kohderyhm\u00e4 (omat opiskelijat) ja oppimistavoitteet (ops) ovat jo selvill\u00e4. Tyylilaji on yleens\u00e4 aika opetuksellinen, ellei intouduta tekem\u00e4\u00e4n esimerkiksi humoristista opetusvideota.<\/p>\n\n\n\n<p>Useimmiten opetusk\u00e4ytt\u00f6\u00f6n tulevan videon suunnittelussa k\u00e4sikirjoituksen teht\u00e4v\u00e4\u00e4 t\u00e4ytt\u00e4m\u00e4\u00e4n riitt\u00e4\u00e4 <strong>synopsis<\/strong>, mahdollisesti <strong>kuvak\u00e4sikirjoituksella<\/strong> t\u00e4ydennettyn\u00e4. <em>(L\u00e4hde: Mika Loponen, AOKK. Video pedagogisena ty\u00f6kaluna -verkkokurssi.)<\/em><\/p>\n\n\n\n<p><strong>Synopsis<\/strong> on k\u00e4sikirjoituksen tiivistelm\u00e4, jossa vastataan kysymyksiin miksi, mit\u00e4, kenelle ja miten.<\/p>\n\n\n\n<p><strong>Kuvak\u00e4sikirjoitus<\/strong> eli <strong>storyboard<\/strong> on videon k\u00e4sikirjoitukseen perustuva kuvasuunnitelma, jossa videon tapahtumat esitet\u00e4\u00e4n sarjakuvan tapaan. Siin\u00e4 m\u00e4\u00e4ritell\u00e4\u00e4n yleens\u00e4 k\u00e4ytett\u00e4v\u00e4t kuvakoot, kuvakulmat, toiminnan suunnat ja kameraliikkeet (panorointi, zoomaus, kamera-ajot).<\/p>\n\n\n\n<p>Laajempaan elokuvatyyppiseen k\u00e4sikirjoitukseen kirjataan&nbsp;kohtaus kohtaukselta yl\u00f6s toteutuksen kannalta merkitykselliset asiat (sik\u00e4li kun sellaiseen on tarvetta):<\/p>\n\n\n\n<ul class=\"wp-block-list\">\n<li>milj\u00f6\u00f6n yleisilme ja t\u00e4rke\u00e4t yksityiskohdat<\/li>\n\n\n\n<li>esiintyjien repliikit<\/li>\n\n\n\n<li>esiintyjien liikkeet ja eleet<\/li>\n\n\n\n<li>kuvakoko ja kameran liikkeet<\/li>\n\n\n\n<li>\u00e4\u00e4nitehosteet ja musiikki<\/li>\n<\/ul>\n\n\n\n<p>Ilmainen ty\u00f6kalu kuvak\u00e4sikirjoituksen tekoon:<br>\n<a href=\"https:\/\/wonderunit.com\/storyboarder\/\" target=\"_blank\" rel=\"noopener\">https:\/\/wonderunit.com\/storyboarder\/<\/a><\/p>\n","protected":false},"excerpt":{"rendered":"<p>Opetusk\u00e4ytt\u00f6\u00f6n tulevissa videoissa kaikki l\u00e4htee oppimistavoitteista. Idea tulee siis melkein automaattisesti, koska kohderyhm\u00e4 (omat opiskelijat) ja oppimistavoitteet (ops) ovat jo selvill\u00e4. Tyylilaji on yleens\u00e4 aika opetuksellinen, ellei intouduta tekem\u00e4\u00e4n esimerkiksi humoristista opetusvideota. Useimmiten opetusk\u00e4ytt\u00f6\u00f6n tulevan videon suunnittelussa k\u00e4sikirjoituksen teht\u00e4v\u00e4\u00e4 t\u00e4ytt\u00e4m\u00e4\u00e4n riitt\u00e4\u00e4 synopsis, mahdollisesti kuvak\u00e4sikirjoituksella t\u00e4ydennettyn\u00e4. (L\u00e4hde: Mika Loponen, AOKK. Video pedagogisena ty\u00f6kaluna -verkkokurssi.) Synopsis on [&hellip;]<\/p>\n","protected":false},"author":65,"featured_media":0,"parent":226,"menu_order":1,"comment_status":"closed","ping_status":"closed","template":"","meta":{"_acf_changed":false,"_relevanssi_hide_post":"","_relevanssi_hide_content":"","_relevanssi_pin_for_all":"","_relevanssi_pin_keywords":"","_relevanssi_unpin_keywords":"","_relevanssi_related_keywords":"","_relevanssi_related_include_ids":"","_relevanssi_related_exclude_ids":"","_relevanssi_related_no_append":"","_relevanssi_related_not_related":"","_relevanssi_related_posts":"","_relevanssi_noindex_reason":"","footnotes":""},"categories":[],"tags":[],"class_list":["post-232","page","type-page","status-publish","hentry"],"acf":[],"yoast_head":"<!-- This site is optimized with the Yoast SEO plugin v27.4 - https:\/\/yoast.com\/product\/yoast-seo-wordpress\/ -->\n<title>Ideointi ja k\u00e4sikirjoittaminen - Videoteknologiat<\/title>\n<meta name=\"robots\" content=\"index, follow, max-snippet:-1, max-image-preview:large, max-video-preview:-1\" \/>\n<link rel=\"canonical\" href=\"https:\/\/help.jamk.fi\/videoteknologiat\/fi\/videotuotanto\/ideointi-ja-kasikirjoittaminen\/\" \/>\n<meta property=\"og:locale\" content=\"fi_FI\" \/>\n<meta property=\"og:type\" content=\"article\" \/>\n<meta property=\"og:title\" content=\"Ideointi ja k\u00e4sikirjoittaminen - Videoteknologiat\" \/>\n<meta property=\"og:description\" content=\"Opetusk\u00e4ytt\u00f6\u00f6n tulevissa videoissa kaikki l\u00e4htee oppimistavoitteista. Idea tulee siis melkein automaattisesti, koska kohderyhm\u00e4 (omat opiskelijat) ja oppimistavoitteet (ops) ovat jo selvill\u00e4. Tyylilaji on yleens\u00e4 aika opetuksellinen, ellei intouduta tekem\u00e4\u00e4n esimerkiksi humoristista opetusvideota. Useimmiten opetusk\u00e4ytt\u00f6\u00f6n tulevan videon suunnittelussa k\u00e4sikirjoituksen teht\u00e4v\u00e4\u00e4 t\u00e4ytt\u00e4m\u00e4\u00e4n riitt\u00e4\u00e4 synopsis, mahdollisesti kuvak\u00e4sikirjoituksella t\u00e4ydennettyn\u00e4. (L\u00e4hde: Mika Loponen, AOKK. Video pedagogisena ty\u00f6kaluna -verkkokurssi.) Synopsis on [&hellip;]\" \/>\n<meta property=\"og:url\" content=\"https:\/\/help.jamk.fi\/videoteknologiat\/fi\/videotuotanto\/ideointi-ja-kasikirjoittaminen\/\" \/>\n<meta property=\"og:site_name\" content=\"Videoteknologiat\" \/>\n<meta property=\"article:modified_time\" content=\"2023-11-20T11:35:22+00:00\" \/>\n<meta name=\"twitter:card\" content=\"summary_large_image\" \/>\n<script type=\"application\/ld+json\" class=\"yoast-schema-graph\">{\"@context\":\"https:\\\/\\\/schema.org\",\"@graph\":[{\"@type\":\"WebPage\",\"@id\":\"https:\\\/\\\/help.jamk.fi\\\/videoteknologiat\\\/fi\\\/videotuotanto\\\/ideointi-ja-kasikirjoittaminen\\\/\",\"url\":\"https:\\\/\\\/help.jamk.fi\\\/videoteknologiat\\\/fi\\\/videotuotanto\\\/ideointi-ja-kasikirjoittaminen\\\/\",\"name\":\"Ideointi ja k\u00e4sikirjoittaminen - Videoteknologiat\",\"isPartOf\":{\"@id\":\"https:\\\/\\\/help.jamk.fi\\\/videoteknologiat\\\/#website\"},\"datePublished\":\"2018-09-07T03:42:24+00:00\",\"dateModified\":\"2023-11-20T11:35:22+00:00\",\"breadcrumb\":{\"@id\":\"https:\\\/\\\/help.jamk.fi\\\/videoteknologiat\\\/fi\\\/videotuotanto\\\/ideointi-ja-kasikirjoittaminen\\\/#breadcrumb\"},\"inLanguage\":\"fi\",\"potentialAction\":[{\"@type\":\"ReadAction\",\"target\":[\"https:\\\/\\\/help.jamk.fi\\\/videoteknologiat\\\/fi\\\/videotuotanto\\\/ideointi-ja-kasikirjoittaminen\\\/\"]}]},{\"@type\":\"BreadcrumbList\",\"@id\":\"https:\\\/\\\/help.jamk.fi\\\/videoteknologiat\\\/fi\\\/videotuotanto\\\/ideointi-ja-kasikirjoittaminen\\\/#breadcrumb\",\"itemListElement\":[{\"@type\":\"ListItem\",\"position\":1,\"name\":\"Etusivu\",\"item\":\"https:\\\/\\\/help.jamk.fi\\\/videoteknologiat\\\/fi\\\/\"},{\"@type\":\"ListItem\",\"position\":2,\"name\":\"Videotuotanto\",\"item\":\"https:\\\/\\\/help.jamk.fi\\\/videoteknologiat\\\/fi\\\/videotuotanto\\\/\"},{\"@type\":\"ListItem\",\"position\":3,\"name\":\"Ideointi ja k\u00e4sikirjoittaminen\"}]},{\"@type\":\"WebSite\",\"@id\":\"https:\\\/\\\/help.jamk.fi\\\/videoteknologiat\\\/#website\",\"url\":\"https:\\\/\\\/help.jamk.fi\\\/videoteknologiat\\\/\",\"name\":\"Videoteknologiat\",\"description\":\"\",\"potentialAction\":[{\"@type\":\"SearchAction\",\"target\":{\"@type\":\"EntryPoint\",\"urlTemplate\":\"https:\\\/\\\/help.jamk.fi\\\/videoteknologiat\\\/?s={search_term_string}\"},\"query-input\":{\"@type\":\"PropertyValueSpecification\",\"valueRequired\":true,\"valueName\":\"search_term_string\"}}],\"inLanguage\":\"fi\"}]}<\/script>\n<!-- \/ Yoast SEO plugin. -->","yoast_head_json":{"title":"Ideointi ja k\u00e4sikirjoittaminen - Videoteknologiat","robots":{"index":"index","follow":"follow","max-snippet":"max-snippet:-1","max-image-preview":"max-image-preview:large","max-video-preview":"max-video-preview:-1"},"canonical":"https:\/\/help.jamk.fi\/videoteknologiat\/fi\/videotuotanto\/ideointi-ja-kasikirjoittaminen\/","og_locale":"fi_FI","og_type":"article","og_title":"Ideointi ja k\u00e4sikirjoittaminen - Videoteknologiat","og_description":"Opetusk\u00e4ytt\u00f6\u00f6n tulevissa videoissa kaikki l\u00e4htee oppimistavoitteista. Idea tulee siis melkein automaattisesti, koska kohderyhm\u00e4 (omat opiskelijat) ja oppimistavoitteet (ops) ovat jo selvill\u00e4. Tyylilaji on yleens\u00e4 aika opetuksellinen, ellei intouduta tekem\u00e4\u00e4n esimerkiksi humoristista opetusvideota. Useimmiten opetusk\u00e4ytt\u00f6\u00f6n tulevan videon suunnittelussa k\u00e4sikirjoituksen teht\u00e4v\u00e4\u00e4 t\u00e4ytt\u00e4m\u00e4\u00e4n riitt\u00e4\u00e4 synopsis, mahdollisesti kuvak\u00e4sikirjoituksella t\u00e4ydennettyn\u00e4. (L\u00e4hde: Mika Loponen, AOKK. Video pedagogisena ty\u00f6kaluna -verkkokurssi.) Synopsis on [&hellip;]","og_url":"https:\/\/help.jamk.fi\/videoteknologiat\/fi\/videotuotanto\/ideointi-ja-kasikirjoittaminen\/","og_site_name":"Videoteknologiat","article_modified_time":"2023-11-20T11:35:22+00:00","twitter_card":"summary_large_image","schema":{"@context":"https:\/\/schema.org","@graph":[{"@type":"WebPage","@id":"https:\/\/help.jamk.fi\/videoteknologiat\/fi\/videotuotanto\/ideointi-ja-kasikirjoittaminen\/","url":"https:\/\/help.jamk.fi\/videoteknologiat\/fi\/videotuotanto\/ideointi-ja-kasikirjoittaminen\/","name":"Ideointi ja k\u00e4sikirjoittaminen - Videoteknologiat","isPartOf":{"@id":"https:\/\/help.jamk.fi\/videoteknologiat\/#website"},"datePublished":"2018-09-07T03:42:24+00:00","dateModified":"2023-11-20T11:35:22+00:00","breadcrumb":{"@id":"https:\/\/help.jamk.fi\/videoteknologiat\/fi\/videotuotanto\/ideointi-ja-kasikirjoittaminen\/#breadcrumb"},"inLanguage":"fi","potentialAction":[{"@type":"ReadAction","target":["https:\/\/help.jamk.fi\/videoteknologiat\/fi\/videotuotanto\/ideointi-ja-kasikirjoittaminen\/"]}]},{"@type":"BreadcrumbList","@id":"https:\/\/help.jamk.fi\/videoteknologiat\/fi\/videotuotanto\/ideointi-ja-kasikirjoittaminen\/#breadcrumb","itemListElement":[{"@type":"ListItem","position":1,"name":"Etusivu","item":"https:\/\/help.jamk.fi\/videoteknologiat\/fi\/"},{"@type":"ListItem","position":2,"name":"Videotuotanto","item":"https:\/\/help.jamk.fi\/videoteknologiat\/fi\/videotuotanto\/"},{"@type":"ListItem","position":3,"name":"Ideointi ja k\u00e4sikirjoittaminen"}]},{"@type":"WebSite","@id":"https:\/\/help.jamk.fi\/videoteknologiat\/#website","url":"https:\/\/help.jamk.fi\/videoteknologiat\/","name":"Videoteknologiat","description":"","potentialAction":[{"@type":"SearchAction","target":{"@type":"EntryPoint","urlTemplate":"https:\/\/help.jamk.fi\/videoteknologiat\/?s={search_term_string}"},"query-input":{"@type":"PropertyValueSpecification","valueRequired":true,"valueName":"search_term_string"}}],"inLanguage":"fi"}]}},"_links":{"self":[{"href":"https:\/\/help.jamk.fi\/videoteknologiat\/wp-json\/wp\/v2\/pages\/232","targetHints":{"allow":["GET"]}}],"collection":[{"href":"https:\/\/help.jamk.fi\/videoteknologiat\/wp-json\/wp\/v2\/pages"}],"about":[{"href":"https:\/\/help.jamk.fi\/videoteknologiat\/wp-json\/wp\/v2\/types\/page"}],"author":[{"embeddable":true,"href":"https:\/\/help.jamk.fi\/videoteknologiat\/wp-json\/wp\/v2\/users\/65"}],"replies":[{"embeddable":true,"href":"https:\/\/help.jamk.fi\/videoteknologiat\/wp-json\/wp\/v2\/comments?post=232"}],"version-history":[{"count":2,"href":"https:\/\/help.jamk.fi\/videoteknologiat\/wp-json\/wp\/v2\/pages\/232\/revisions"}],"predecessor-version":[{"id":2220,"href":"https:\/\/help.jamk.fi\/videoteknologiat\/wp-json\/wp\/v2\/pages\/232\/revisions\/2220"}],"up":[{"embeddable":true,"href":"https:\/\/help.jamk.fi\/videoteknologiat\/wp-json\/wp\/v2\/pages\/226"}],"wp:attachment":[{"href":"https:\/\/help.jamk.fi\/videoteknologiat\/wp-json\/wp\/v2\/media?parent=232"}],"wp:term":[{"taxonomy":"category","embeddable":true,"href":"https:\/\/help.jamk.fi\/videoteknologiat\/wp-json\/wp\/v2\/categories?post=232"},{"taxonomy":"post_tag","embeddable":true,"href":"https:\/\/help.jamk.fi\/videoteknologiat\/wp-json\/wp\/v2\/tags?post=232"}],"curies":[{"name":"wp","href":"https:\/\/api.w.org\/{rel}","templated":true}]}}