{"id":235,"date":"2018-09-07T06:43:02","date_gmt":"2018-09-07T03:43:02","guid":{"rendered":"https:\/\/help.jamk.fi\/videoteknologiat\/videotuotanto\/videokuvaus\/"},"modified":"2023-11-20T13:35:43","modified_gmt":"2023-11-20T11:35:43","slug":"videokuvaus","status":"publish","type":"page","link":"https:\/\/help.jamk.fi\/videoteknologiat\/fi\/videotuotanto\/videokuvaus\/","title":{"rendered":"Videokuvaus"},"content":{"rendered":"\n<p><strong>Kuvakoon<\/strong> valitsemisella eli kuva-alan rajaamisella voidaan vaikuttaa todella paljon siihen mihin huomio kiinnittyy.&nbsp;Opetusvideoissa t\u00e4m\u00e4 tarkoittaa sit\u00e4, ett\u00e4 rajataan kuva aina niin, ett\u00e4 vain olennainen mahtuu kuvaan. Kaikki ymp\u00e4rill\u00e4 ja taustalla oleva varastaa muuten huomiota itse asialta. Ota kuvakoot siis huomioon jo kuvak\u00e4sikirjoitusvaiheessa, jotta saat katsojan kiinnitt\u00e4m\u00e4\u00e4n huomionsa haluamaasi asiaan.<\/p>\n\n\n\n<p>Videokuvauksissa tyypillinen <strong>kuvakulma<\/strong> on sellainen, ett\u00e4 kamera sijoitetaan keskimittaisen ihmisen silmien korkeudelle. Toista ihmist\u00e4 kuvatessa tai itse\u00e4si kuvatessa t\u00e4m\u00e4 on erityisen t\u00e4rke\u00e4\u00e4. Korkeutta voi toki vaihdella tehokeinona jos haluaa alistaa (kamera silmien yl\u00e4puolella) tai kohottaa (kamera silmien alapuolella) kuvattavaa henkil\u00f6 suhteessa muihin.<\/p>\n\n\n\n<p>Asioita ja esineit\u00e4 kuvatessa vaikkapa ohjevideota varten kuvakulma m\u00e4\u00e4r\u00e4ytyy sis\u00e4ll\u00f6n mukaan. Kuvakulma suunnitellaan niin, ett\u00e4 itse asia p\u00e4\u00e4see keski\u00f6\u00f6n ja huomio kiinnittyy siihen. Kuvakulmalla voi my\u00f6skin leikitell\u00e4 keksim\u00e4ll\u00e4 sellaisia kuvakulmia, joihin ihmissilm\u00e4 ei yleens\u00e4 p\u00e4\u00e4se.<\/p>\n\n\n\n<p>Kuvan <strong>sommittelussa<\/strong> helpointa on k\u00e4ytt\u00e4\u00e4 1\/3-s\u00e4\u00e4nt\u00f6\u00e4. Siin\u00e4 kuva-ala jaetaan kolmeen osaan sek\u00e4 vaaka- ett\u00e4 pystysuunnassa ja kiintopiste\/et sijoitetaan n\u00e4iden linjojen leikkauspisteisiin. T\u00e4llaiset &#8221;apulinjat&#8221; saa n\u00e4kyviin useiden \u00e4lypuhelinten kameran asetuksista. Keskeissommitteluakin voi k\u00e4ytt\u00e4\u00e4, mutta se saattaa tehd\u00e4 kuvasta liiankin stabiilin.<\/p>\n\n\n\n<p>Kuvatessa kannattaa aina kiinnitt\u00e4\u00e4 huomiota <strong>valoon<\/strong>. V\u00e4lt\u00e4 vastavaloa ja pyri liikuttamaan valoja tai tallennuslaitteistoasi niin, ett\u00e4 kuvauksen kohteelle tulee hyv\u00e4 valo. K\u00e4yt\u00e4 apuna videokuvausvaloja, jos sellaisia on saatavilla.<\/p>\n\n\n\n<p>Videokameroissa, webkameroissa ja \u00e4lylaitteissa on yleens\u00e4&nbsp;sis\u00e4inen mikrofoni, jolla <strong>\u00e4\u00e4net<\/strong> saa tallennettua suoraan videoon mukaan. Useimpiin kameroihin ja \u00e4lylaitteisiin saa liitetty\u00e4 tarvittaessa erillisen mikrofoninkin \u00e4\u00e4nen laatua parantamaan. My\u00f6s erillisi\u00e4 tallenninlaitteita voi k\u00e4ytt\u00e4\u00e4, silloin tallennettu \u00e4\u00e4ni lis\u00e4t\u00e4\u00e4n videoleikkaukseen editoinnissa j\u00e4lkik\u00e4teen. Erill\u00e4\u00e4n tallennettu \u00e4\u00e4niraita synkronoidaan kohdilleen hy\u00f6dynt\u00e4m\u00e4ll\u00e4 alkuper\u00e4isen videotallenteen \u00e4\u00e4nt\u00e4. \u00c4\u00e4ni\u00e4 on syyt\u00e4 testata etuk\u00e4teen tallentaen ja kuunnellen jotta varmistuu \u00e4\u00e4nen tasosta ja laadusta.<\/p>\n\n\n\n<p>Vaikka olisit opettajana puheammattilainen, niin videolla <strong>esiintyminen<\/strong> ei ole alussa helppoa. Puheesta tulee helposti hiukan j\u00e4ykk\u00e4\u00e4 kun rentous katoaa. Joillakin puhe muuttuu liian nopeaksi ja artikulointi muuttuu huolimattomaksi.&nbsp;Videolle puhumista onkin hyv\u00e4 harjoitella.<\/p>\n\n\n\n<p>Jos kuvaat tavallisella videokameralla saat parasta j\u00e4lke\u00e4 aikaiseksi jos asetat sen jalustalle. K\u00e4sivaralta kuvattu heiluva kamera voi olla tehokeino, mutta toimi harvoin opetusk\u00e4ytt\u00f6\u00f6n tarkoitetuissa videoissa. My\u00f6s mobiililaitteille on tarjolla sovittimia, jolla ne saa kiinni tavalliseen jalustaan.<\/p>\n\n\n\n<p>Jos kuvaat esimerkiksi puhelimella ja k\u00e4yt\u00f6ss\u00e4si ei ole sovitinta\/jalustaa, niin pyri tukemaan kamera esimerkiksi sein\u00e4 tai p\u00f6yt\u00e4tasoa vasten. Jos t\u00e4m\u00e4 ei ole mahdollista, kuvaa k\u00e4det mahdollisimman l\u00e4hell\u00e4 vartaloa ja pyri mahdollisuuksien mukaan kuvaamaan lyhyit\u00e4 otoksia.<\/p>\n\n\n\n<p><em>L\u00e4hde: Mika Loponen, AOKK. Video pedagogisena ty\u00f6kaluna -verkkokurssi.<\/em><\/p>\n","protected":false},"excerpt":{"rendered":"<p>Kuvakoon valitsemisella eli kuva-alan rajaamisella voidaan vaikuttaa todella paljon siihen mihin huomio kiinnittyy.&nbsp;Opetusvideoissa t\u00e4m\u00e4 tarkoittaa sit\u00e4, ett\u00e4 rajataan kuva aina niin, ett\u00e4 vain olennainen mahtuu kuvaan. Kaikki ymp\u00e4rill\u00e4 ja taustalla oleva varastaa muuten huomiota itse asialta. Ota kuvakoot siis huomioon jo kuvak\u00e4sikirjoitusvaiheessa, jotta saat katsojan kiinnitt\u00e4m\u00e4\u00e4n huomionsa haluamaasi asiaan. Videokuvauksissa tyypillinen kuvakulma on sellainen, ett\u00e4 [&hellip;]<\/p>\n","protected":false},"author":65,"featured_media":0,"parent":226,"menu_order":2,"comment_status":"closed","ping_status":"closed","template":"","meta":{"_acf_changed":false,"_relevanssi_hide_post":"","_relevanssi_hide_content":"","_relevanssi_pin_for_all":"","_relevanssi_pin_keywords":"","_relevanssi_unpin_keywords":"","_relevanssi_related_keywords":"","_relevanssi_related_include_ids":"","_relevanssi_related_exclude_ids":"","_relevanssi_related_no_append":"","_relevanssi_related_not_related":"","_relevanssi_related_posts":"","_relevanssi_noindex_reason":"","footnotes":""},"categories":[],"tags":[],"class_list":["post-235","page","type-page","status-publish","hentry"],"acf":[],"yoast_head":"<!-- This site is optimized with the Yoast SEO plugin v27.4 - https:\/\/yoast.com\/product\/yoast-seo-wordpress\/ -->\n<title>Videokuvaus - Videoteknologiat<\/title>\n<meta name=\"robots\" content=\"index, follow, max-snippet:-1, max-image-preview:large, max-video-preview:-1\" \/>\n<link rel=\"canonical\" href=\"https:\/\/help.jamk.fi\/videoteknologiat\/fi\/videotuotanto\/videokuvaus\/\" \/>\n<meta property=\"og:locale\" content=\"fi_FI\" \/>\n<meta property=\"og:type\" content=\"article\" \/>\n<meta property=\"og:title\" content=\"Videokuvaus - Videoteknologiat\" \/>\n<meta property=\"og:description\" content=\"Kuvakoon valitsemisella eli kuva-alan rajaamisella voidaan vaikuttaa todella paljon siihen mihin huomio kiinnittyy.&nbsp;Opetusvideoissa t\u00e4m\u00e4 tarkoittaa sit\u00e4, ett\u00e4 rajataan kuva aina niin, ett\u00e4 vain olennainen mahtuu kuvaan. Kaikki ymp\u00e4rill\u00e4 ja taustalla oleva varastaa muuten huomiota itse asialta. Ota kuvakoot siis huomioon jo kuvak\u00e4sikirjoitusvaiheessa, jotta saat katsojan kiinnitt\u00e4m\u00e4\u00e4n huomionsa haluamaasi asiaan. Videokuvauksissa tyypillinen kuvakulma on sellainen, ett\u00e4 [&hellip;]\" \/>\n<meta property=\"og:url\" content=\"https:\/\/help.jamk.fi\/videoteknologiat\/fi\/videotuotanto\/videokuvaus\/\" \/>\n<meta property=\"og:site_name\" content=\"Videoteknologiat\" \/>\n<meta property=\"article:modified_time\" content=\"2023-11-20T11:35:43+00:00\" \/>\n<meta name=\"twitter:card\" content=\"summary_large_image\" \/>\n<script type=\"application\/ld+json\" class=\"yoast-schema-graph\">{\"@context\":\"https:\\\/\\\/schema.org\",\"@graph\":[{\"@type\":\"WebPage\",\"@id\":\"https:\\\/\\\/help.jamk.fi\\\/videoteknologiat\\\/fi\\\/videotuotanto\\\/videokuvaus\\\/\",\"url\":\"https:\\\/\\\/help.jamk.fi\\\/videoteknologiat\\\/fi\\\/videotuotanto\\\/videokuvaus\\\/\",\"name\":\"Videokuvaus - Videoteknologiat\",\"isPartOf\":{\"@id\":\"https:\\\/\\\/help.jamk.fi\\\/videoteknologiat\\\/#website\"},\"datePublished\":\"2018-09-07T03:43:02+00:00\",\"dateModified\":\"2023-11-20T11:35:43+00:00\",\"breadcrumb\":{\"@id\":\"https:\\\/\\\/help.jamk.fi\\\/videoteknologiat\\\/fi\\\/videotuotanto\\\/videokuvaus\\\/#breadcrumb\"},\"inLanguage\":\"fi\",\"potentialAction\":[{\"@type\":\"ReadAction\",\"target\":[\"https:\\\/\\\/help.jamk.fi\\\/videoteknologiat\\\/fi\\\/videotuotanto\\\/videokuvaus\\\/\"]}]},{\"@type\":\"BreadcrumbList\",\"@id\":\"https:\\\/\\\/help.jamk.fi\\\/videoteknologiat\\\/fi\\\/videotuotanto\\\/videokuvaus\\\/#breadcrumb\",\"itemListElement\":[{\"@type\":\"ListItem\",\"position\":1,\"name\":\"Etusivu\",\"item\":\"https:\\\/\\\/help.jamk.fi\\\/videoteknologiat\\\/fi\\\/\"},{\"@type\":\"ListItem\",\"position\":2,\"name\":\"Videotuotanto\",\"item\":\"https:\\\/\\\/help.jamk.fi\\\/videoteknologiat\\\/fi\\\/videotuotanto\\\/\"},{\"@type\":\"ListItem\",\"position\":3,\"name\":\"Videokuvaus\"}]},{\"@type\":\"WebSite\",\"@id\":\"https:\\\/\\\/help.jamk.fi\\\/videoteknologiat\\\/#website\",\"url\":\"https:\\\/\\\/help.jamk.fi\\\/videoteknologiat\\\/\",\"name\":\"Videoteknologiat\",\"description\":\"\",\"potentialAction\":[{\"@type\":\"SearchAction\",\"target\":{\"@type\":\"EntryPoint\",\"urlTemplate\":\"https:\\\/\\\/help.jamk.fi\\\/videoteknologiat\\\/?s={search_term_string}\"},\"query-input\":{\"@type\":\"PropertyValueSpecification\",\"valueRequired\":true,\"valueName\":\"search_term_string\"}}],\"inLanguage\":\"fi\"}]}<\/script>\n<!-- \/ Yoast SEO plugin. -->","yoast_head_json":{"title":"Videokuvaus - Videoteknologiat","robots":{"index":"index","follow":"follow","max-snippet":"max-snippet:-1","max-image-preview":"max-image-preview:large","max-video-preview":"max-video-preview:-1"},"canonical":"https:\/\/help.jamk.fi\/videoteknologiat\/fi\/videotuotanto\/videokuvaus\/","og_locale":"fi_FI","og_type":"article","og_title":"Videokuvaus - Videoteknologiat","og_description":"Kuvakoon valitsemisella eli kuva-alan rajaamisella voidaan vaikuttaa todella paljon siihen mihin huomio kiinnittyy.&nbsp;Opetusvideoissa t\u00e4m\u00e4 tarkoittaa sit\u00e4, ett\u00e4 rajataan kuva aina niin, ett\u00e4 vain olennainen mahtuu kuvaan. Kaikki ymp\u00e4rill\u00e4 ja taustalla oleva varastaa muuten huomiota itse asialta. Ota kuvakoot siis huomioon jo kuvak\u00e4sikirjoitusvaiheessa, jotta saat katsojan kiinnitt\u00e4m\u00e4\u00e4n huomionsa haluamaasi asiaan. Videokuvauksissa tyypillinen kuvakulma on sellainen, ett\u00e4 [&hellip;]","og_url":"https:\/\/help.jamk.fi\/videoteknologiat\/fi\/videotuotanto\/videokuvaus\/","og_site_name":"Videoteknologiat","article_modified_time":"2023-11-20T11:35:43+00:00","twitter_card":"summary_large_image","schema":{"@context":"https:\/\/schema.org","@graph":[{"@type":"WebPage","@id":"https:\/\/help.jamk.fi\/videoteknologiat\/fi\/videotuotanto\/videokuvaus\/","url":"https:\/\/help.jamk.fi\/videoteknologiat\/fi\/videotuotanto\/videokuvaus\/","name":"Videokuvaus - Videoteknologiat","isPartOf":{"@id":"https:\/\/help.jamk.fi\/videoteknologiat\/#website"},"datePublished":"2018-09-07T03:43:02+00:00","dateModified":"2023-11-20T11:35:43+00:00","breadcrumb":{"@id":"https:\/\/help.jamk.fi\/videoteknologiat\/fi\/videotuotanto\/videokuvaus\/#breadcrumb"},"inLanguage":"fi","potentialAction":[{"@type":"ReadAction","target":["https:\/\/help.jamk.fi\/videoteknologiat\/fi\/videotuotanto\/videokuvaus\/"]}]},{"@type":"BreadcrumbList","@id":"https:\/\/help.jamk.fi\/videoteknologiat\/fi\/videotuotanto\/videokuvaus\/#breadcrumb","itemListElement":[{"@type":"ListItem","position":1,"name":"Etusivu","item":"https:\/\/help.jamk.fi\/videoteknologiat\/fi\/"},{"@type":"ListItem","position":2,"name":"Videotuotanto","item":"https:\/\/help.jamk.fi\/videoteknologiat\/fi\/videotuotanto\/"},{"@type":"ListItem","position":3,"name":"Videokuvaus"}]},{"@type":"WebSite","@id":"https:\/\/help.jamk.fi\/videoteknologiat\/#website","url":"https:\/\/help.jamk.fi\/videoteknologiat\/","name":"Videoteknologiat","description":"","potentialAction":[{"@type":"SearchAction","target":{"@type":"EntryPoint","urlTemplate":"https:\/\/help.jamk.fi\/videoteknologiat\/?s={search_term_string}"},"query-input":{"@type":"PropertyValueSpecification","valueRequired":true,"valueName":"search_term_string"}}],"inLanguage":"fi"}]}},"_links":{"self":[{"href":"https:\/\/help.jamk.fi\/videoteknologiat\/wp-json\/wp\/v2\/pages\/235","targetHints":{"allow":["GET"]}}],"collection":[{"href":"https:\/\/help.jamk.fi\/videoteknologiat\/wp-json\/wp\/v2\/pages"}],"about":[{"href":"https:\/\/help.jamk.fi\/videoteknologiat\/wp-json\/wp\/v2\/types\/page"}],"author":[{"embeddable":true,"href":"https:\/\/help.jamk.fi\/videoteknologiat\/wp-json\/wp\/v2\/users\/65"}],"replies":[{"embeddable":true,"href":"https:\/\/help.jamk.fi\/videoteknologiat\/wp-json\/wp\/v2\/comments?post=235"}],"version-history":[{"count":2,"href":"https:\/\/help.jamk.fi\/videoteknologiat\/wp-json\/wp\/v2\/pages\/235\/revisions"}],"predecessor-version":[{"id":2221,"href":"https:\/\/help.jamk.fi\/videoteknologiat\/wp-json\/wp\/v2\/pages\/235\/revisions\/2221"}],"up":[{"embeddable":true,"href":"https:\/\/help.jamk.fi\/videoteknologiat\/wp-json\/wp\/v2\/pages\/226"}],"wp:attachment":[{"href":"https:\/\/help.jamk.fi\/videoteknologiat\/wp-json\/wp\/v2\/media?parent=235"}],"wp:term":[{"taxonomy":"category","embeddable":true,"href":"https:\/\/help.jamk.fi\/videoteknologiat\/wp-json\/wp\/v2\/categories?post=235"},{"taxonomy":"post_tag","embeddable":true,"href":"https:\/\/help.jamk.fi\/videoteknologiat\/wp-json\/wp\/v2\/tags?post=235"}],"curies":[{"name":"wp","href":"https:\/\/api.w.org\/{rel}","templated":true}]}}