{"id":263,"date":"2018-10-18T08:33:42","date_gmt":"2018-10-18T05:33:42","guid":{"rendered":"https:\/\/help.jamk.fi\/videoteknologiat\/tilat\/luentotallennustila-f306\/f306-zoom-oma-lappari\/"},"modified":"2024-01-24T10:42:32","modified_gmt":"2024-01-24T08:42:32","slug":"f306-zoom-oma-lappari","status":"publish","type":"page","link":"https:\/\/help.jamk.fi\/videoteknologiat\/fi\/tilat\/luentotallennustila-f306\/f306-zoom-oma-lappari\/","title":{"rendered":"F306 &amp; Zoom &amp; oma l\u00e4pp\u00e4ri"},"content":{"rendered":"\n<h2 class=\"wp-block-heading\">F306 PIKAOHJE <span style=\"color: #E60000;\">ALOITTAMISEEN<\/span><\/h2>\n\n\n\n<h3 class=\"wp-block-heading\"><em>Ohje: Tarja Moilanen<\/em><\/h3>\n\n\n\n<p>Zoomista luokkaan ja maailmalle omalla kannettavalla<\/p>\n\n\n\n<div>\n<p>1. Liit\u00e4 valkoinen HDMI \u201dLaptop\u201d-johto kannettavaan tietokoneeseesi (kuva1).<\/p>\n<\/div>\n\n\n<div class=\"wp-block-image wp-image-433\">\n<figure class=\"alignright\"><img decoding=\"async\" src=\"https:\/\/help.jamk.fi\/videoteknologiat\/wp-content\/uploads\/sites\/67\/2023\/09\/kuva01.png\" alt=\"\"\/><figcaption class=\"wp-element-caption\">Kuva1<\/figcaption><\/figure>\n<\/div>\n\n\n<div>2. Irrota luokan kiinte\u00e4n koneen takaosasta musta usb \u201dWEBCAM\u201d-johto ja liit\u00e4 se omaan koneeseesi. <span style=\"color: #E60000;\">MUISTA<\/span> laittaa se takaisin, kun lopetat (kuva1).<\/div>\n\n\n\n<div>\n<div>\n<p>3. K\u00e4ynnist\u00e4 projektori sen omalla kauko-ohjaimella (Sony, kuva2).<\/p>\n<\/div><\/div>\n\n\n<div class=\"wp-block-image size-full wp-image-434\">\n<figure class=\"alignright\"><img decoding=\"async\" src=\"https:\/\/help.jamk.fi\/videoteknologiat\/wp-content\/uploads\/sites\/67\/2023\/09\/kuva03.png\" alt=\"\"\/><figcaption class=\"wp-element-caption\">Kuva2<\/figcaption><\/figure>\n<\/div>\n\n\n<div>4. Her\u00e4t\u00e4 AMX koskettamalla n\u00e4ytt\u00f6\u00e4<\/div>\n\n\n\n<div>\n<p>&gt; k\u00e4ynnist\u00e4 painamalla: &#8221;Kameroiden k\u00e4ynnistys&#8221; (kuva3)<\/p>\n<\/div>\n\n\n\n<figure class=\"wp-block-image alignnone size-full wp-image-437\"><img decoding=\"async\" src=\"https:\/\/help.jamk.fi\/videoteknologiat\/wp-content\/uploads\/sites\/67\/2023\/09\/kuva02.png\" alt=\"\"\/><figcaption class=\"wp-element-caption\">Kuva3<\/figcaption><\/figure>\n\n\n\n<div>\n<p>jos AMX on j\u00e4\u00e4nyt edelliselt\u00e4 k\u00e4ytt\u00e4j\u00e4lt\u00e4 p\u00e4\u00e4lle, n\u00e4kym\u00e4 on alla olevan kuvan mukainen &gt; sammuta j\u00e4rjestelm\u00e4 painamalla oik. yl\u00e4kulma \u201dSammuta j\u00e4rjestelm\u00e4\u201d &gt; k\u00e4ynnist\u00e4 painamalla \u201dKameroiden k\u00e4ynnistys\u201d (kuva4)<\/p>\n<\/div>\n\n\n\n<figure class=\"wp-block-image alignnone size-full wp-image-439\"><img decoding=\"async\" src=\"https:\/\/help.jamk.fi\/videoteknologiat\/wp-content\/uploads\/sites\/67\/2023\/09\/kuva04.png\" alt=\"\"\/><figcaption class=\"wp-element-caption\">Kuva4<\/figcaption><\/figure>\n\n\n\n<div>\n<div>&nbsp;<\/div>\n<div>5. Kosketa PEARLin n\u00e4ytt\u00f6\u00e4 ja anna pin 3210&nbsp;(kuva5)<\/div>\n<div>\n<\/div><\/div>\n\n\n\n<figure class=\"wp-block-image alignnone size-full wp-image-442\"><img decoding=\"async\" src=\"https:\/\/help.jamk.fi\/videoteknologiat\/wp-content\/uploads\/sites\/67\/2023\/09\/kuva05.png\" alt=\"\" class=\"wp-image-442\"\/><figcaption class=\"wp-element-caption\">Kuva5<\/figcaption><\/figure>\n\n\n\n<div>&gt; Paina PEARLia n\u00e4yt\u00f6n alaosasta &nbsp;kuvan osoittama painike ja valitse \u201dF306\u201d (kuvat 6-7)<\/div>\n\n\n\n<div>\n<\/div>\n\n\n<div class=\"wp-block-image size-full wp-image-445\">\n<figure class=\"alignleft\"><img decoding=\"async\" src=\"https:\/\/help.jamk.fi\/videoteknologiat\/wp-content\/uploads\/sites\/67\/2023\/09\/kuva06.png\" alt=\"\"\/><figcaption class=\"wp-element-caption\">Kuva6<\/figcaption><\/figure>\n<\/div>\n\n\n<figure class=\"wp-block-image alignnone size-full wp-image-446\"><img decoding=\"async\" src=\"https:\/\/help.jamk.fi\/videoteknologiat\/wp-content\/uploads\/sites\/67\/2023\/09\/kuva07.png\" alt=\"\"\/><figcaption class=\"wp-element-caption\">Kuva7<\/figcaption><\/figure>\n\n\n\n<div>\n<div>&gt; Jos haluat vaihtaa n\u00e4kym\u00e4\u00e4, valitse &nbsp;kuvan mukainen painike ja valitse esim. Tracking camera<\/div>\n<div>&gt; paina Apply (oik. yl\u00e4kulma), paina Back (vas. yl\u00e4kulma) (kuvat 8-9)<\/div>\n<\/div>\n\n\n\n<div>\n<\/div>\n\n\n\n<figure class=\"wp-block-image alignnone size-full wp-image-447\"><img decoding=\"async\" src=\"https:\/\/help.jamk.fi\/videoteknologiat\/wp-content\/uploads\/sites\/67\/2023\/09\/kuva08.png\" alt=\"\"\/><figcaption class=\"wp-element-caption\">Kuva8<\/figcaption><\/figure>\n\n\n\n<figure class=\"wp-block-image alignnone size-full wp-image-448\"><img decoding=\"async\" src=\"https:\/\/help.jamk.fi\/videoteknologiat\/wp-content\/uploads\/sites\/67\/2023\/09\/kuva09.png\" alt=\"\"\/><figcaption class=\"wp-element-caption\">Kuva9<\/figcaption><\/figure>\n\n\n\n<div>&nbsp;<\/div>\n\n\n\n<div>\n<div>\n<div>\n<div>6. Valitse Extron-paneelista \u201dLaptop\u201d (kuva10)<\/div>\n<div>\n<\/div><\/div><\/div><\/div>\n\n\n\n<figure class=\"wp-block-image alignnone size-full wp-image-451\"><img decoding=\"async\" src=\"https:\/\/help.jamk.fi\/videoteknologiat\/wp-content\/uploads\/sites\/67\/2023\/09\/kuva10.png\" alt=\"\"\/><figcaption class=\"wp-element-caption\">Kuva10<\/figcaption><\/figure>\n\n\n\n<div>&nbsp;<\/div>\n\n\n\n<div>&#8230;sitten mikit ja Zoomin asetukset &gt;<\/div>\n\n\n\n<div>P\u00e4\u00e4- ja kapulamikki l\u00f6ytyv\u00e4t sivup\u00f6yd\u00e4lt\u00e4 lataustelineest\u00e4. (kuva11)<\/div>\n\n\n\n<div>\n<\/div>\n\n\n\n<figure class=\"wp-block-image alignnone size-full wp-image-453\"><img decoding=\"async\" src=\"https:\/\/help.jamk.fi\/videoteknologiat\/wp-content\/uploads\/sites\/67\/2023\/09\/kuva11.png\" alt=\"\"\/><figcaption class=\"wp-element-caption\">Kuva11<\/figcaption><\/figure>\n\n\n\n<div>&nbsp;<\/div>\n\n\n\n<div>P\u00e4\u00e4mikki p\u00e4\u00e4lle\/kiinni ja \u00e4\u00e4nett\u00f6m\u00e4ksi:<\/div>\n\n\n\n<div>\n<div>\u2022 ON\/OFF-painike, paina niin pitk\u00e4\u00e4n, ett\u00e4 pieneen etupaneeliin tulee valo.<\/div>\n<div>\u2022 MUTE-nappulalla saat \u00e4\u00e4nett\u00f6m\u00e4ksi &gt; etupaneelissa oleva valo muuttuu punaiseksi. Kun mikki on p\u00e4\u00e4ll\u00e4, valo on vihre\u00e4. (kuva12)<\/div>\n<div>\n<\/div><\/div>\n\n\n\n<figure class=\"wp-block-image alignnone size-full wp-image-454\"><img decoding=\"async\" src=\"https:\/\/help.jamk.fi\/videoteknologiat\/wp-content\/uploads\/sites\/67\/2023\/09\/kuva12.png\" alt=\"\"\/><figcaption class=\"wp-element-caption\">Kuva12<\/figcaption><\/figure>\n\n\n\n<p>P\u00e4\u00e4mikki tulee olla suoraan suun edess\u00e4 (kuvat 13-15):<\/p>\n\n\n\n<figure class=\"wp-block-image alignnone size-full wp-image-455\"><img decoding=\"async\" src=\"https:\/\/help.jamk.fi\/videoteknologiat\/wp-content\/uploads\/sites\/67\/2023\/09\/kuva13-15.png\" alt=\"\"\/><figcaption class=\"wp-element-caption\">Kuvat 13-15<\/figcaption><\/figure>\n\n\n\n<div>&nbsp;<\/div>\n\n\n\n<div>Kapulamikki samoin (kuvat 16-18):<\/div>\n\n\n\n<div>\n<\/div>\n\n\n\n<figure class=\"wp-block-image alignnone size-full wp-image-457\"><img decoding=\"async\" src=\"https:\/\/help.jamk.fi\/videoteknologiat\/wp-content\/uploads\/sites\/67\/2023\/09\/kuva16-18.png\" alt=\"\"\/><figcaption class=\"wp-element-caption\">Kuvat 16-18<\/figcaption><\/figure>\n\n\n\n<div>&nbsp;<\/div>\n\n\n\n<div>Zoomin \u00e4\u00e4ni- ja kamera-asetukset:<\/div>\n\n\n\n<div>\n<div>1. Klikkaa pient\u00e4 nuolta mikrofoni-ikonin vieress\u00e4 ja valitse (kuva19)<\/div>\n<div>a. Microphone: Blackmagic Web Presenter<\/div>\n<div>b. Speaker: Extron HDMI<\/div>\n<div>\n<\/div><\/div>\n\n\n\n<figure class=\"wp-block-image alignnone size-full wp-image-459\"><img decoding=\"async\" src=\"https:\/\/help.jamk.fi\/videoteknologiat\/wp-content\/uploads\/sites\/67\/2023\/09\/kuva19-20.png\" alt=\"\"\/><figcaption class=\"wp-element-caption\">Kuva19<\/figcaption><\/figure>\n\n\n\n<div>&nbsp;<\/div>\n\n\n\n<div>Klikkaa pient\u00e4 nuolta kamera ikonin vieress\u00e4<\/div>\n\n\n\n<div>ja valitse Blackmagic Web Presenter<\/div>\n\n\n\n<div>\n<\/div>\n\n\n\n<figure class=\"wp-block-image alignnone size-full wp-image-460\"><img decoding=\"async\" src=\"https:\/\/help.jamk.fi\/videoteknologiat\/wp-content\/uploads\/sites\/67\/2023\/09\/kuva21-22.png\" alt=\"\"\/><figcaption class=\"wp-element-caption\">Kuva20<\/figcaption><\/figure>\n\n\n\n<div>&nbsp;<\/div>\n\n\n\n<h2 class=\"wp-block-heading\">F306 PIKAOHJE <span style=\"color: #ff0000;\">LOPETTAMISEEN<\/span><\/h2>\n\n\n\n<div>\n<p>Sammuta projektori sen omalla kauko-ohjaimella (Sony, kuva21)<\/p>\n<\/div>\n\n\n\n<figure class=\"wp-block-image alignnone size-full wp-image-434\"><img decoding=\"async\" src=\"https:\/\/help.jamk.fi\/videoteknologiat\/wp-content\/uploads\/sites\/67\/2023\/09\/kuva03.png\" alt=\"\"\/><figcaption class=\"wp-element-caption\">Kuva21<\/figcaption><\/figure>\n\n\n\n<div>&nbsp;<\/div>\n\n\n\n<div>Sammuta AMX koskettamalla \u201dSammuta j\u00e4rjestelm\u00e4\u201d (oik. yl\u00e4kulma, kuva22)<\/div>\n\n\n\n<div>\n<\/div>\n\n\n\n<figure class=\"wp-block-image alignnone size-full wp-image-439\"><img decoding=\"async\" src=\"https:\/\/help.jamk.fi\/videoteknologiat\/wp-content\/uploads\/sites\/67\/2023\/09\/kuva04.png\" alt=\"\"\/><figcaption class=\"wp-element-caption\">Kuva22<\/figcaption><\/figure>\n\n\n\n<div>J\u00e4rjestelm\u00e4 on sammunut, kun n\u00e4ytt\u00f6 on alla olevan kuvan kaltainen (kuva23)<\/div>\n\n\n\n<div>\n<\/div>\n\n\n\n<figure class=\"wp-block-image alignnone size-full wp-image-437\"><img decoding=\"async\" src=\"https:\/\/help.jamk.fi\/videoteknologiat\/wp-content\/uploads\/sites\/67\/2023\/09\/kuva02.png\" alt=\"\"\/><figcaption class=\"wp-element-caption\">Kuva23<\/figcaption><\/figure>\n\n\n\n<div>&nbsp;<\/div>\n\n\n\n<div>PEARLia eli AMX:n alla olevaa laitetta ei sammuteta.<\/div>\n\n\n\n<div>&nbsp;<\/div>\n\n\n\n<div><span style=\"color: #E60000;\">T\u00c4RKE\u00c4\u00c4:<\/span> Laita \u201dWEBCAM\u201d usb-johto takaisin kiinni luokan kiinte\u00e4n koneen takaosaan. (Kuvat 24-25)<\/div>\n\n\n\n<div>\n<\/div>\n\n\n\n<figure class=\"wp-block-image alignnone size-full wp-image-433\"><img decoding=\"async\" src=\"https:\/\/help.jamk.fi\/videoteknologiat\/wp-content\/uploads\/sites\/67\/2023\/09\/kuva01.png\" alt=\"\"\/><figcaption class=\"wp-element-caption\">Kuva24<\/figcaption><\/figure>\n\n\n\n<figure class=\"wp-block-image alignnone size-full wp-image-467\"><img decoding=\"async\" src=\"https:\/\/help.jamk.fi\/videoteknologiat\/wp-content\/uploads\/sites\/67\/2023\/09\/kuva27.png\" alt=\"\"\/><figcaption class=\"wp-element-caption\">Kuva25<\/figcaption><\/figure>\n\n\n\n<div>&nbsp;<\/div>\n\n\n\n<div><span style=\"color: #E60000;\">T\u00c4RKE\u00c4\u00c4:<\/span> Laita mikit lataukseen ja tarkista, ett\u00e4 ne l\u00e4htev\u00e4t latautumaan (kuva26)<\/div>\n\n\n\n<div>\n<div>\uf0a7 Charge-valo vihre\u00e4<\/div>\n<div>\uf0a7 Recover-valo vilkkuva oranssi<\/div>\n<div>\n<\/div><\/div>\n\n\n\n<figure class=\"wp-block-image alignnone size-full wp-image-468\"><img decoding=\"async\" src=\"https:\/\/help.jamk.fi\/videoteknologiat\/wp-content\/uploads\/sites\/67\/2023\/09\/kuva28.png\" alt=\"\"\/><figcaption class=\"wp-element-caption\">Kuva26<\/figcaption><\/figure>\n","protected":false},"excerpt":{"rendered":"<p>F306 PIKAOHJE ALOITTAMISEEN Ohje: Tarja Moilanen Zoomista luokkaan ja maailmalle omalla kannettavalla 1. Liit\u00e4 valkoinen HDMI \u201dLaptop\u201d-johto kannettavaan tietokoneeseesi (kuva1). 2. Irrota luokan kiinte\u00e4n koneen takaosasta musta usb \u201dWEBCAM\u201d-johto ja liit\u00e4 se omaan koneeseesi. MUISTA laittaa se takaisin, kun lopetat (kuva1). 3. K\u00e4ynnist\u00e4 projektori sen omalla kauko-ohjaimella (Sony, kuva2). 4. Her\u00e4t\u00e4 AMX koskettamalla n\u00e4ytt\u00f6\u00e4 &gt; [&hellip;]<\/p>\n","protected":false},"author":65,"featured_media":0,"parent":129,"menu_order":3,"comment_status":"closed","ping_status":"closed","template":"","meta":{"_acf_changed":false,"_relevanssi_hide_post":"","_relevanssi_hide_content":"","_relevanssi_pin_for_all":"","_relevanssi_pin_keywords":"","_relevanssi_unpin_keywords":"","_relevanssi_related_keywords":"","_relevanssi_related_include_ids":"","_relevanssi_related_exclude_ids":"","_relevanssi_related_no_append":"","_relevanssi_related_not_related":"","_relevanssi_related_posts":"","_relevanssi_noindex_reason":"","footnotes":""},"categories":[],"tags":[],"class_list":["post-263","page","type-page","status-publish","hentry"],"acf":[],"yoast_head":"<!-- This site is optimized with the Yoast SEO plugin v27.4 - https:\/\/yoast.com\/product\/yoast-seo-wordpress\/ -->\n<title>F306 &amp; Zoom &amp; oma l\u00e4pp\u00e4ri - Videoteknologiat<\/title>\n<meta name=\"robots\" content=\"index, follow, max-snippet:-1, max-image-preview:large, max-video-preview:-1\" \/>\n<link rel=\"canonical\" href=\"https:\/\/help.jamk.fi\/videoteknologiat\/fi\/tilat\/luentotallennustila-f306\/f306-zoom-oma-lappari\/\" \/>\n<meta property=\"og:locale\" content=\"fi_FI\" \/>\n<meta property=\"og:type\" content=\"article\" \/>\n<meta property=\"og:title\" content=\"F306 &amp; Zoom &amp; oma l\u00e4pp\u00e4ri - Videoteknologiat\" \/>\n<meta property=\"og:description\" content=\"F306 PIKAOHJE ALOITTAMISEEN Ohje: Tarja Moilanen Zoomista luokkaan ja maailmalle omalla kannettavalla 1. Liit\u00e4 valkoinen HDMI \u201dLaptop\u201d-johto kannettavaan tietokoneeseesi (kuva1). 2. Irrota luokan kiinte\u00e4n koneen takaosasta musta usb \u201dWEBCAM\u201d-johto ja liit\u00e4 se omaan koneeseesi. MUISTA laittaa se takaisin, kun lopetat (kuva1). 3. K\u00e4ynnist\u00e4 projektori sen omalla kauko-ohjaimella (Sony, kuva2). 4. Her\u00e4t\u00e4 AMX koskettamalla n\u00e4ytt\u00f6\u00e4 &gt; [&hellip;]\" \/>\n<meta property=\"og:url\" content=\"https:\/\/help.jamk.fi\/videoteknologiat\/fi\/tilat\/luentotallennustila-f306\/f306-zoom-oma-lappari\/\" \/>\n<meta property=\"og:site_name\" content=\"Videoteknologiat\" \/>\n<meta property=\"article:modified_time\" content=\"2024-01-24T08:42:32+00:00\" \/>\n<meta property=\"og:image\" content=\"https:\/\/help.jamk.fi\/videoteknologiat\/wp-content\/uploads\/sites\/67\/2023\/09\/kuva01.png\" \/>\n<meta name=\"twitter:card\" content=\"summary_large_image\" \/>\n<meta name=\"twitter:label1\" content=\"Arvioitu lukuaika\" \/>\n\t<meta name=\"twitter:data1\" content=\"7 minuuttia\" \/>\n<script type=\"application\/ld+json\" class=\"yoast-schema-graph\">{\"@context\":\"https:\\\/\\\/schema.org\",\"@graph\":[{\"@type\":\"WebPage\",\"@id\":\"https:\\\/\\\/help.jamk.fi\\\/videoteknologiat\\\/fi\\\/tilat\\\/luentotallennustila-f306\\\/f306-zoom-oma-lappari\\\/\",\"url\":\"https:\\\/\\\/help.jamk.fi\\\/videoteknologiat\\\/fi\\\/tilat\\\/luentotallennustila-f306\\\/f306-zoom-oma-lappari\\\/\",\"name\":\"F306 &amp; Zoom &amp; oma l\u00e4pp\u00e4ri - Videoteknologiat\",\"isPartOf\":{\"@id\":\"https:\\\/\\\/help.jamk.fi\\\/videoteknologiat\\\/#website\"},\"primaryImageOfPage\":{\"@id\":\"https:\\\/\\\/help.jamk.fi\\\/videoteknologiat\\\/fi\\\/tilat\\\/luentotallennustila-f306\\\/f306-zoom-oma-lappari\\\/#primaryimage\"},\"image\":{\"@id\":\"https:\\\/\\\/help.jamk.fi\\\/videoteknologiat\\\/fi\\\/tilat\\\/luentotallennustila-f306\\\/f306-zoom-oma-lappari\\\/#primaryimage\"},\"thumbnailUrl\":\"https:\\\/\\\/help.jamk.fi\\\/videoteknologiat\\\/wp-content\\\/uploads\\\/sites\\\/67\\\/2023\\\/09\\\/kuva01.png\",\"datePublished\":\"2018-10-18T05:33:42+00:00\",\"dateModified\":\"2024-01-24T08:42:32+00:00\",\"breadcrumb\":{\"@id\":\"https:\\\/\\\/help.jamk.fi\\\/videoteknologiat\\\/fi\\\/tilat\\\/luentotallennustila-f306\\\/f306-zoom-oma-lappari\\\/#breadcrumb\"},\"inLanguage\":\"fi\",\"potentialAction\":[{\"@type\":\"ReadAction\",\"target\":[\"https:\\\/\\\/help.jamk.fi\\\/videoteknologiat\\\/fi\\\/tilat\\\/luentotallennustila-f306\\\/f306-zoom-oma-lappari\\\/\"]}]},{\"@type\":\"ImageObject\",\"inLanguage\":\"fi\",\"@id\":\"https:\\\/\\\/help.jamk.fi\\\/videoteknologiat\\\/fi\\\/tilat\\\/luentotallennustila-f306\\\/f306-zoom-oma-lappari\\\/#primaryimage\",\"url\":\"\",\"contentUrl\":\"\"},{\"@type\":\"BreadcrumbList\",\"@id\":\"https:\\\/\\\/help.jamk.fi\\\/videoteknologiat\\\/fi\\\/tilat\\\/luentotallennustila-f306\\\/f306-zoom-oma-lappari\\\/#breadcrumb\",\"itemListElement\":[{\"@type\":\"ListItem\",\"position\":1,\"name\":\"Etusivu\",\"item\":\"https:\\\/\\\/help.jamk.fi\\\/videoteknologiat\\\/fi\\\/\"},{\"@type\":\"ListItem\",\"position\":2,\"name\":\"Tilat\",\"item\":\"https:\\\/\\\/help.jamk.fi\\\/videoteknologiat\\\/fi\\\/tilat\\\/\"},{\"@type\":\"ListItem\",\"position\":3,\"name\":\"Luentotallennustila F306\",\"item\":\"https:\\\/\\\/help.jamk.fi\\\/videoteknologiat\\\/fi\\\/tilat\\\/luentotallennustila-f306\\\/\"},{\"@type\":\"ListItem\",\"position\":4,\"name\":\"F306 &amp; Zoom &amp; oma l\u00e4pp\u00e4ri\"}]},{\"@type\":\"WebSite\",\"@id\":\"https:\\\/\\\/help.jamk.fi\\\/videoteknologiat\\\/#website\",\"url\":\"https:\\\/\\\/help.jamk.fi\\\/videoteknologiat\\\/\",\"name\":\"Videoteknologiat\",\"description\":\"\",\"potentialAction\":[{\"@type\":\"SearchAction\",\"target\":{\"@type\":\"EntryPoint\",\"urlTemplate\":\"https:\\\/\\\/help.jamk.fi\\\/videoteknologiat\\\/?s={search_term_string}\"},\"query-input\":{\"@type\":\"PropertyValueSpecification\",\"valueRequired\":true,\"valueName\":\"search_term_string\"}}],\"inLanguage\":\"fi\"}]}<\/script>\n<!-- \/ Yoast SEO plugin. -->","yoast_head_json":{"title":"F306 &amp; Zoom &amp; oma l\u00e4pp\u00e4ri - Videoteknologiat","robots":{"index":"index","follow":"follow","max-snippet":"max-snippet:-1","max-image-preview":"max-image-preview:large","max-video-preview":"max-video-preview:-1"},"canonical":"https:\/\/help.jamk.fi\/videoteknologiat\/fi\/tilat\/luentotallennustila-f306\/f306-zoom-oma-lappari\/","og_locale":"fi_FI","og_type":"article","og_title":"F306 &amp; Zoom &amp; oma l\u00e4pp\u00e4ri - Videoteknologiat","og_description":"F306 PIKAOHJE ALOITTAMISEEN Ohje: Tarja Moilanen Zoomista luokkaan ja maailmalle omalla kannettavalla 1. Liit\u00e4 valkoinen HDMI \u201dLaptop\u201d-johto kannettavaan tietokoneeseesi (kuva1). 2. Irrota luokan kiinte\u00e4n koneen takaosasta musta usb \u201dWEBCAM\u201d-johto ja liit\u00e4 se omaan koneeseesi. MUISTA laittaa se takaisin, kun lopetat (kuva1). 3. K\u00e4ynnist\u00e4 projektori sen omalla kauko-ohjaimella (Sony, kuva2). 4. Her\u00e4t\u00e4 AMX koskettamalla n\u00e4ytt\u00f6\u00e4 &gt; [&hellip;]","og_url":"https:\/\/help.jamk.fi\/videoteknologiat\/fi\/tilat\/luentotallennustila-f306\/f306-zoom-oma-lappari\/","og_site_name":"Videoteknologiat","article_modified_time":"2024-01-24T08:42:32+00:00","og_image":[{"url":"https:\/\/help.jamk.fi\/videoteknologiat\/wp-content\/uploads\/sites\/67\/2023\/09\/kuva01.png","type":"","width":"","height":""}],"twitter_card":"summary_large_image","twitter_misc":{"Arvioitu lukuaika":"7 minuuttia"},"schema":{"@context":"https:\/\/schema.org","@graph":[{"@type":"WebPage","@id":"https:\/\/help.jamk.fi\/videoteknologiat\/fi\/tilat\/luentotallennustila-f306\/f306-zoom-oma-lappari\/","url":"https:\/\/help.jamk.fi\/videoteknologiat\/fi\/tilat\/luentotallennustila-f306\/f306-zoom-oma-lappari\/","name":"F306 &amp; Zoom &amp; oma l\u00e4pp\u00e4ri - Videoteknologiat","isPartOf":{"@id":"https:\/\/help.jamk.fi\/videoteknologiat\/#website"},"primaryImageOfPage":{"@id":"https:\/\/help.jamk.fi\/videoteknologiat\/fi\/tilat\/luentotallennustila-f306\/f306-zoom-oma-lappari\/#primaryimage"},"image":{"@id":"https:\/\/help.jamk.fi\/videoteknologiat\/fi\/tilat\/luentotallennustila-f306\/f306-zoom-oma-lappari\/#primaryimage"},"thumbnailUrl":"https:\/\/help.jamk.fi\/videoteknologiat\/wp-content\/uploads\/sites\/67\/2023\/09\/kuva01.png","datePublished":"2018-10-18T05:33:42+00:00","dateModified":"2024-01-24T08:42:32+00:00","breadcrumb":{"@id":"https:\/\/help.jamk.fi\/videoteknologiat\/fi\/tilat\/luentotallennustila-f306\/f306-zoom-oma-lappari\/#breadcrumb"},"inLanguage":"fi","potentialAction":[{"@type":"ReadAction","target":["https:\/\/help.jamk.fi\/videoteknologiat\/fi\/tilat\/luentotallennustila-f306\/f306-zoom-oma-lappari\/"]}]},{"@type":"ImageObject","inLanguage":"fi","@id":"https:\/\/help.jamk.fi\/videoteknologiat\/fi\/tilat\/luentotallennustila-f306\/f306-zoom-oma-lappari\/#primaryimage","url":"","contentUrl":""},{"@type":"BreadcrumbList","@id":"https:\/\/help.jamk.fi\/videoteknologiat\/fi\/tilat\/luentotallennustila-f306\/f306-zoom-oma-lappari\/#breadcrumb","itemListElement":[{"@type":"ListItem","position":1,"name":"Etusivu","item":"https:\/\/help.jamk.fi\/videoteknologiat\/fi\/"},{"@type":"ListItem","position":2,"name":"Tilat","item":"https:\/\/help.jamk.fi\/videoteknologiat\/fi\/tilat\/"},{"@type":"ListItem","position":3,"name":"Luentotallennustila F306","item":"https:\/\/help.jamk.fi\/videoteknologiat\/fi\/tilat\/luentotallennustila-f306\/"},{"@type":"ListItem","position":4,"name":"F306 &amp; Zoom &amp; oma l\u00e4pp\u00e4ri"}]},{"@type":"WebSite","@id":"https:\/\/help.jamk.fi\/videoteknologiat\/#website","url":"https:\/\/help.jamk.fi\/videoteknologiat\/","name":"Videoteknologiat","description":"","potentialAction":[{"@type":"SearchAction","target":{"@type":"EntryPoint","urlTemplate":"https:\/\/help.jamk.fi\/videoteknologiat\/?s={search_term_string}"},"query-input":{"@type":"PropertyValueSpecification","valueRequired":true,"valueName":"search_term_string"}}],"inLanguage":"fi"}]}},"_links":{"self":[{"href":"https:\/\/help.jamk.fi\/videoteknologiat\/wp-json\/wp\/v2\/pages\/263","targetHints":{"allow":["GET"]}}],"collection":[{"href":"https:\/\/help.jamk.fi\/videoteknologiat\/wp-json\/wp\/v2\/pages"}],"about":[{"href":"https:\/\/help.jamk.fi\/videoteknologiat\/wp-json\/wp\/v2\/types\/page"}],"author":[{"embeddable":true,"href":"https:\/\/help.jamk.fi\/videoteknologiat\/wp-json\/wp\/v2\/users\/65"}],"replies":[{"embeddable":true,"href":"https:\/\/help.jamk.fi\/videoteknologiat\/wp-json\/wp\/v2\/comments?post=263"}],"version-history":[{"count":19,"href":"https:\/\/help.jamk.fi\/videoteknologiat\/wp-json\/wp\/v2\/pages\/263\/revisions"}],"predecessor-version":[{"id":2337,"href":"https:\/\/help.jamk.fi\/videoteknologiat\/wp-json\/wp\/v2\/pages\/263\/revisions\/2337"}],"up":[{"embeddable":true,"href":"https:\/\/help.jamk.fi\/videoteknologiat\/wp-json\/wp\/v2\/pages\/129"}],"wp:attachment":[{"href":"https:\/\/help.jamk.fi\/videoteknologiat\/wp-json\/wp\/v2\/media?parent=263"}],"wp:term":[{"taxonomy":"category","embeddable":true,"href":"https:\/\/help.jamk.fi\/videoteknologiat\/wp-json\/wp\/v2\/categories?post=263"},{"taxonomy":"post_tag","embeddable":true,"href":"https:\/\/help.jamk.fi\/videoteknologiat\/wp-json\/wp\/v2\/tags?post=263"}],"curies":[{"name":"wp","href":"https:\/\/api.w.org\/{rel}","templated":true}]}}