{"id":27,"date":"2018-04-18T10:10:40","date_gmt":"2018-04-18T07:10:40","guid":{"rendered":"https:\/\/help.jamk.fi\/videoteknologiat\/yksisuuntainen\/"},"modified":"2023-11-20T13:34:05","modified_gmt":"2023-11-20T11:34:05","slug":"yksisuuntainen","status":"publish","type":"page","link":"https:\/\/help.jamk.fi\/videoteknologiat\/fi\/videoviestinta\/yksisuuntainen\/","title":{"rendered":"Yksisuuntainen"},"content":{"rendered":"\n<p>Yksisuuntaisilla videoteknologioilla tarkoitetaan videojakelua, jossa video tallennetaan johonkin videojakelupalveluun ja sit\u00e4 voi katsella sielt\u00e4 ajasta ja paikasta riippumatta. Osa n\u00e4ist\u00e4 videojakelupalveluista tukee my\u00f6s ns. suoratoistoa, jolloin kyseess\u00e4 on l\u00e4hes reaaliaikainen mutta yksisuuntainen videol\u00e4hetys. Tyypillisesti n\u00e4iss\u00e4 &#8221;suorissa l\u00e4hetyksiss\u00e4&#8221; on k\u00e4ytett\u00e4v\u00e4ss\u00e4 olevista teknologiaratkaisuista johtuva muutamien kymmenien sekuntien viive, jolloin esimerkiksi chatin tai muun vastaavan palautekanavan kautta l\u00e4hetetty palaute (esim. kysymykset) tulevat yleens\u00e4 aina v\u00e4h\u00e4n my\u00f6h\u00e4ss\u00e4. Sik\u00e4li se ei ole ongelma, jos t\u00e4h\u00e4n varautuu ja vastailee n\u00e4ihin kysymyksiin esim. vasta l\u00e4hetyksen tai esityksen lopussa.<\/p>\n\n\n\n<p>Yleisi\u00e4 t\u00e4llaisia videojakeluun k\u00e4ytettyj\u00e4 palveluita ovat mm. Youtube ja Facebook. Paljon k\u00e4ytettyj\u00e4 organisaatioiden ja oppilaitosten sis\u00e4iseen k\u00e4ytt\u00f6\u00f6n tarkoitettuja palveluja ovat Panopto ja Kaltura. Jamkilla t\u00e4h\u00e4n tarkoitukseen on ollut toistaiseksi k\u00e4yt\u00f6ss\u00e4 Jyv\u00e4skyl\u00e4n Yliopiston yll\u00e4pit\u00e4m\u00e4 Moniviestin-palvelu, joka mahdollistaa jakelun ja suoratoiston.<\/p>\n\n\n\n<p>N\u00e4ihin palveluihin videotallenteita voi latailla monella tapaa, osa tukee suoratoiston aikana tapahtuvaa tallennusta suoraan palvelimelle, joihinkin taas tallenteet ladataan pelk\u00e4st\u00e4\u00e4n videotiedostoina. Joistakin palveluista l\u00f6ytyy jopa erilliset sovellukset tallenteiden tekoon ja suoratoistoon (esim. Panopto ja Kaltura). Yleisesti k\u00e4ytettyj\u00e4 suoratoistoa ja tallentamista tukevia sovelluksia ovat mm. Wirecast, Vmix ja OBS Studio.<\/p>\n\n\n\n<p>Opetusk\u00e4yt\u00f6ss\u00e4 yksisuuntainen videojakelu sopii parhaiten tiedon ja oppimisteht\u00e4vien jakeluun ja istuu hyvin my\u00f6s k\u00e4\u00e4nteisen luokkahuoneen ideaan, jossa varsinainen tieto jaetaan opiskelijoille ensin teksti- tai\/ja videomuodossa itsen\u00e4isesti opiskeltavaksi, ja opittuja tietoja sitten sovelletaan yhdess\u00e4 vuorovaikutuksessa toimien joko luokassa ja\/tai hybridiopetuksen keinoin. Videojakelu voi pit\u00e4\u00e4 sis\u00e4ll\u00e4\u00e4n luentotaltiointeja, tai jotain opintojaksoa varten tehtyj\u00e4 lyhyit\u00e4 videoklippej\u00e4. Oppimisteht\u00e4v\u00e4t voivat olla esim. videop\u00e4iv\u00e4kirjoja tai viestint\u00e4harjoitusten taltiointeja. My\u00f6s erilaiset suoritteet (esim. opetusn\u00e4yte tai ty\u00f6n\u00e4yte) on k\u00e4tev\u00e4 toteuttaa videotaltiointina.<\/p>\n\n\n\n<p>Simulaatio-opetus voidaan lukea my\u00f6s t\u00e4h\u00e4n yksisuuntaisten teknologioiden kategoriaan omana erityisen\u00e4 sovelluksena. Siin\u00e4 osa oppilaista suorittaa jossakin tilassa harjoitusta, ja opettaja ja oppilaat seuraavat harjoitusta toisessa tilassa kameroiden ja mikrofonien v\u00e4lityksell\u00e4. Harjoitus tallennetaan ja opettaja tekee tallenteisiin muistiinpanoja, jotka sitten puretaan videota j\u00e4lkik\u00e4teen katsellen yhdess\u00e4 harjoituksessa toimineen ryhm\u00e4n kanssa.<\/p>\n","protected":false},"excerpt":{"rendered":"<p>Yksisuuntaisilla videoteknologioilla tarkoitetaan videojakelua, jossa video tallennetaan johonkin videojakelupalveluun ja sit\u00e4 voi katsella sielt\u00e4 ajasta ja paikasta riippumatta. Osa n\u00e4ist\u00e4 videojakelupalveluista tukee my\u00f6s ns. suoratoistoa, jolloin kyseess\u00e4 on l\u00e4hes reaaliaikainen mutta yksisuuntainen videol\u00e4hetys. Tyypillisesti n\u00e4iss\u00e4 &#8221;suorissa l\u00e4hetyksiss\u00e4&#8221; on k\u00e4ytett\u00e4v\u00e4ss\u00e4 olevista teknologiaratkaisuista johtuva muutamien kymmenien sekuntien viive, jolloin esimerkiksi chatin tai muun vastaavan palautekanavan kautta l\u00e4hetetty [&hellip;]<\/p>\n","protected":false},"author":65,"featured_media":0,"parent":223,"menu_order":1,"comment_status":"closed","ping_status":"closed","template":"","meta":{"_acf_changed":false,"_relevanssi_hide_post":"","_relevanssi_hide_content":"","_relevanssi_pin_for_all":"","_relevanssi_pin_keywords":"","_relevanssi_unpin_keywords":"","_relevanssi_related_keywords":"","_relevanssi_related_include_ids":"","_relevanssi_related_exclude_ids":"","_relevanssi_related_no_append":"","_relevanssi_related_not_related":"","_relevanssi_related_posts":"","_relevanssi_noindex_reason":"","footnotes":""},"categories":[],"tags":[],"class_list":["post-27","page","type-page","status-publish","hentry"],"acf":[],"yoast_head":"<!-- This site is optimized with the Yoast SEO plugin v27.4 - https:\/\/yoast.com\/product\/yoast-seo-wordpress\/ -->\n<title>Yksisuuntainen - Videoteknologiat<\/title>\n<meta name=\"robots\" content=\"index, follow, max-snippet:-1, max-image-preview:large, max-video-preview:-1\" \/>\n<link rel=\"canonical\" href=\"https:\/\/help.jamk.fi\/videoteknologiat\/fi\/videoviestinta\/yksisuuntainen\/\" \/>\n<meta property=\"og:locale\" content=\"fi_FI\" \/>\n<meta property=\"og:type\" content=\"article\" \/>\n<meta property=\"og:title\" content=\"Yksisuuntainen - Videoteknologiat\" \/>\n<meta property=\"og:description\" content=\"Yksisuuntaisilla videoteknologioilla tarkoitetaan videojakelua, jossa video tallennetaan johonkin videojakelupalveluun ja sit\u00e4 voi katsella sielt\u00e4 ajasta ja paikasta riippumatta. Osa n\u00e4ist\u00e4 videojakelupalveluista tukee my\u00f6s ns. suoratoistoa, jolloin kyseess\u00e4 on l\u00e4hes reaaliaikainen mutta yksisuuntainen videol\u00e4hetys. Tyypillisesti n\u00e4iss\u00e4 &#8221;suorissa l\u00e4hetyksiss\u00e4&#8221; on k\u00e4ytett\u00e4v\u00e4ss\u00e4 olevista teknologiaratkaisuista johtuva muutamien kymmenien sekuntien viive, jolloin esimerkiksi chatin tai muun vastaavan palautekanavan kautta l\u00e4hetetty [&hellip;]\" \/>\n<meta property=\"og:url\" content=\"https:\/\/help.jamk.fi\/videoteknologiat\/fi\/videoviestinta\/yksisuuntainen\/\" \/>\n<meta property=\"og:site_name\" content=\"Videoteknologiat\" \/>\n<meta property=\"article:modified_time\" content=\"2023-11-20T11:34:05+00:00\" \/>\n<meta name=\"twitter:card\" content=\"summary_large_image\" \/>\n<meta name=\"twitter:label1\" content=\"Arvioitu lukuaika\" \/>\n\t<meta name=\"twitter:data1\" content=\"2 minuuttia\" \/>\n<script type=\"application\/ld+json\" class=\"yoast-schema-graph\">{\"@context\":\"https:\\\/\\\/schema.org\",\"@graph\":[{\"@type\":\"WebPage\",\"@id\":\"https:\\\/\\\/help.jamk.fi\\\/videoteknologiat\\\/fi\\\/videoviestinta\\\/yksisuuntainen\\\/\",\"url\":\"https:\\\/\\\/help.jamk.fi\\\/videoteknologiat\\\/fi\\\/videoviestinta\\\/yksisuuntainen\\\/\",\"name\":\"Yksisuuntainen - Videoteknologiat\",\"isPartOf\":{\"@id\":\"https:\\\/\\\/help.jamk.fi\\\/videoteknologiat\\\/#website\"},\"datePublished\":\"2018-04-18T07:10:40+00:00\",\"dateModified\":\"2023-11-20T11:34:05+00:00\",\"breadcrumb\":{\"@id\":\"https:\\\/\\\/help.jamk.fi\\\/videoteknologiat\\\/fi\\\/videoviestinta\\\/yksisuuntainen\\\/#breadcrumb\"},\"inLanguage\":\"fi\",\"potentialAction\":[{\"@type\":\"ReadAction\",\"target\":[\"https:\\\/\\\/help.jamk.fi\\\/videoteknologiat\\\/fi\\\/videoviestinta\\\/yksisuuntainen\\\/\"]}]},{\"@type\":\"BreadcrumbList\",\"@id\":\"https:\\\/\\\/help.jamk.fi\\\/videoteknologiat\\\/fi\\\/videoviestinta\\\/yksisuuntainen\\\/#breadcrumb\",\"itemListElement\":[{\"@type\":\"ListItem\",\"position\":1,\"name\":\"Etusivu\",\"item\":\"https:\\\/\\\/help.jamk.fi\\\/videoteknologiat\\\/fi\\\/\"},{\"@type\":\"ListItem\",\"position\":2,\"name\":\"Videoviestint\u00e4\",\"item\":\"https:\\\/\\\/help.jamk.fi\\\/videoteknologiat\\\/fi\\\/videoviestinta\\\/\"},{\"@type\":\"ListItem\",\"position\":3,\"name\":\"Yksisuuntainen\"}]},{\"@type\":\"WebSite\",\"@id\":\"https:\\\/\\\/help.jamk.fi\\\/videoteknologiat\\\/#website\",\"url\":\"https:\\\/\\\/help.jamk.fi\\\/videoteknologiat\\\/\",\"name\":\"Videoteknologiat\",\"description\":\"\",\"potentialAction\":[{\"@type\":\"SearchAction\",\"target\":{\"@type\":\"EntryPoint\",\"urlTemplate\":\"https:\\\/\\\/help.jamk.fi\\\/videoteknologiat\\\/?s={search_term_string}\"},\"query-input\":{\"@type\":\"PropertyValueSpecification\",\"valueRequired\":true,\"valueName\":\"search_term_string\"}}],\"inLanguage\":\"fi\"}]}<\/script>\n<!-- \/ Yoast SEO plugin. -->","yoast_head_json":{"title":"Yksisuuntainen - Videoteknologiat","robots":{"index":"index","follow":"follow","max-snippet":"max-snippet:-1","max-image-preview":"max-image-preview:large","max-video-preview":"max-video-preview:-1"},"canonical":"https:\/\/help.jamk.fi\/videoteknologiat\/fi\/videoviestinta\/yksisuuntainen\/","og_locale":"fi_FI","og_type":"article","og_title":"Yksisuuntainen - Videoteknologiat","og_description":"Yksisuuntaisilla videoteknologioilla tarkoitetaan videojakelua, jossa video tallennetaan johonkin videojakelupalveluun ja sit\u00e4 voi katsella sielt\u00e4 ajasta ja paikasta riippumatta. Osa n\u00e4ist\u00e4 videojakelupalveluista tukee my\u00f6s ns. suoratoistoa, jolloin kyseess\u00e4 on l\u00e4hes reaaliaikainen mutta yksisuuntainen videol\u00e4hetys. Tyypillisesti n\u00e4iss\u00e4 &#8221;suorissa l\u00e4hetyksiss\u00e4&#8221; on k\u00e4ytett\u00e4v\u00e4ss\u00e4 olevista teknologiaratkaisuista johtuva muutamien kymmenien sekuntien viive, jolloin esimerkiksi chatin tai muun vastaavan palautekanavan kautta l\u00e4hetetty [&hellip;]","og_url":"https:\/\/help.jamk.fi\/videoteknologiat\/fi\/videoviestinta\/yksisuuntainen\/","og_site_name":"Videoteknologiat","article_modified_time":"2023-11-20T11:34:05+00:00","twitter_card":"summary_large_image","twitter_misc":{"Arvioitu lukuaika":"2 minuuttia"},"schema":{"@context":"https:\/\/schema.org","@graph":[{"@type":"WebPage","@id":"https:\/\/help.jamk.fi\/videoteknologiat\/fi\/videoviestinta\/yksisuuntainen\/","url":"https:\/\/help.jamk.fi\/videoteknologiat\/fi\/videoviestinta\/yksisuuntainen\/","name":"Yksisuuntainen - Videoteknologiat","isPartOf":{"@id":"https:\/\/help.jamk.fi\/videoteknologiat\/#website"},"datePublished":"2018-04-18T07:10:40+00:00","dateModified":"2023-11-20T11:34:05+00:00","breadcrumb":{"@id":"https:\/\/help.jamk.fi\/videoteknologiat\/fi\/videoviestinta\/yksisuuntainen\/#breadcrumb"},"inLanguage":"fi","potentialAction":[{"@type":"ReadAction","target":["https:\/\/help.jamk.fi\/videoteknologiat\/fi\/videoviestinta\/yksisuuntainen\/"]}]},{"@type":"BreadcrumbList","@id":"https:\/\/help.jamk.fi\/videoteknologiat\/fi\/videoviestinta\/yksisuuntainen\/#breadcrumb","itemListElement":[{"@type":"ListItem","position":1,"name":"Etusivu","item":"https:\/\/help.jamk.fi\/videoteknologiat\/fi\/"},{"@type":"ListItem","position":2,"name":"Videoviestint\u00e4","item":"https:\/\/help.jamk.fi\/videoteknologiat\/fi\/videoviestinta\/"},{"@type":"ListItem","position":3,"name":"Yksisuuntainen"}]},{"@type":"WebSite","@id":"https:\/\/help.jamk.fi\/videoteknologiat\/#website","url":"https:\/\/help.jamk.fi\/videoteknologiat\/","name":"Videoteknologiat","description":"","potentialAction":[{"@type":"SearchAction","target":{"@type":"EntryPoint","urlTemplate":"https:\/\/help.jamk.fi\/videoteknologiat\/?s={search_term_string}"},"query-input":{"@type":"PropertyValueSpecification","valueRequired":true,"valueName":"search_term_string"}}],"inLanguage":"fi"}]}},"_links":{"self":[{"href":"https:\/\/help.jamk.fi\/videoteknologiat\/wp-json\/wp\/v2\/pages\/27","targetHints":{"allow":["GET"]}}],"collection":[{"href":"https:\/\/help.jamk.fi\/videoteknologiat\/wp-json\/wp\/v2\/pages"}],"about":[{"href":"https:\/\/help.jamk.fi\/videoteknologiat\/wp-json\/wp\/v2\/types\/page"}],"author":[{"embeddable":true,"href":"https:\/\/help.jamk.fi\/videoteknologiat\/wp-json\/wp\/v2\/users\/65"}],"replies":[{"embeddable":true,"href":"https:\/\/help.jamk.fi\/videoteknologiat\/wp-json\/wp\/v2\/comments?post=27"}],"version-history":[{"count":2,"href":"https:\/\/help.jamk.fi\/videoteknologiat\/wp-json\/wp\/v2\/pages\/27\/revisions"}],"predecessor-version":[{"id":2217,"href":"https:\/\/help.jamk.fi\/videoteknologiat\/wp-json\/wp\/v2\/pages\/27\/revisions\/2217"}],"up":[{"embeddable":true,"href":"https:\/\/help.jamk.fi\/videoteknologiat\/wp-json\/wp\/v2\/pages\/223"}],"wp:attachment":[{"href":"https:\/\/help.jamk.fi\/videoteknologiat\/wp-json\/wp\/v2\/media?parent=27"}],"wp:term":[{"taxonomy":"category","embeddable":true,"href":"https:\/\/help.jamk.fi\/videoteknologiat\/wp-json\/wp\/v2\/categories?post=27"},{"taxonomy":"post_tag","embeddable":true,"href":"https:\/\/help.jamk.fi\/videoteknologiat\/wp-json\/wp\/v2\/tags?post=27"}],"curies":[{"name":"wp","href":"https:\/\/api.w.org\/{rel}","templated":true}]}}