{"id":323,"date":"2018-11-05T12:52:53","date_gmt":"2018-11-05T10:52:53","guid":{"rendered":"https:\/\/help.jamk.fi\/videoteknologiat\/videotuotanto\/tube-konsepteja\/"},"modified":"2024-01-19T17:55:29","modified_gmt":"2024-01-19T15:55:29","slug":"tube-konsepteja","status":"publish","type":"page","link":"https:\/\/help.jamk.fi\/videoteknologiat\/fi\/videotuotanto\/tube-konsepteja\/","title":{"rendered":"Tube-konsepteja"},"content":{"rendered":"\n<p>Tube-konsepteja videoiden malliksi:<\/p>\n\n\n\n<p><strong>My Day<\/strong> = tubettaja (=t.) kertoo p\u00e4iv\u00e4st\u00e4\u00e4n<br><strong>My Week<\/strong> = t. kertoo viikostaan<br><strong>Story Time<\/strong> = t. kertoo tarinan tai tapahtuman el\u00e4m\u00e4st\u00e4\u00e4n<br><strong>DIY<\/strong> = Do it yourself Eli tee se itse -videoilla opastetaan tekem\u00e4\u00e4n tai rakentamaan jotakin itse<br><strong>Lifehack<\/strong> = kerrotaan jokin el\u00e4m\u00e4\u00e4 helpottava niksi tai ratkaisu ongelmaan<br><strong>Tutoriaali<\/strong> = ohjevideo jonkin asian tekemiseen<br><strong>Haaste<\/strong> = video, jossa suoritetaan esimerkiksi jokin seuraajien heitt\u00e4m\u00e4 tai somessa levi\u00e4v\u00e4 haaste<br><strong>Testi<\/strong> = video, jossa testataan jotakin<br>Kaupallinen yhteisty\u00f6 = video, jolla tubettaja markkinoi yhteisty\u00f6kumppanin tuotetta tai palvelua. Video merkit\u00e4\u00e4n tekstill\u00e4 &#8221;kaupallinen yhteisty\u00f6&#8221;<br><strong>Haul<\/strong> = t. esittelee ostoksiaan<br><strong>MP<\/strong> = t. kertoo mielipiteen jostakin asiasta<br><strong>Unboxing<\/strong> = paketti avataan ja n\u00e4ytet\u00e4\u00e4n, millainen tuote sen sis\u00e4ll\u00e4 on<\/p>\n\n\n\n<p><em>L\u00e4hde: Tube-maailma tulee opetukseen, Opettajalehti nro 19\/2018<\/em><\/p>\n","protected":false},"excerpt":{"rendered":"<p>Tube-konsepteja videoiden malliksi: My Day = tubettaja (=t.) kertoo p\u00e4iv\u00e4st\u00e4\u00e4nMy Week = t. kertoo viikostaanStory Time = t. kertoo tarinan tai tapahtuman el\u00e4m\u00e4st\u00e4\u00e4nDIY = Do it yourself Eli tee se itse -videoilla opastetaan tekem\u00e4\u00e4n tai rakentamaan jotakin itseLifehack = kerrotaan jokin el\u00e4m\u00e4\u00e4 helpottava niksi tai ratkaisu ongelmaanTutoriaali = ohjevideo jonkin asian tekemiseenHaaste = video, jossa [&hellip;]<\/p>\n","protected":false},"author":65,"featured_media":0,"parent":226,"menu_order":7,"comment_status":"closed","ping_status":"closed","template":"","meta":{"_acf_changed":false,"_relevanssi_hide_post":"","_relevanssi_hide_content":"","_relevanssi_pin_for_all":"","_relevanssi_pin_keywords":"","_relevanssi_unpin_keywords":"","_relevanssi_related_keywords":"","_relevanssi_related_include_ids":"","_relevanssi_related_exclude_ids":"","_relevanssi_related_no_append":"","_relevanssi_related_not_related":"","_relevanssi_related_posts":"","_relevanssi_noindex_reason":"","footnotes":""},"categories":[],"tags":[],"class_list":["post-323","page","type-page","status-publish","hentry"],"acf":[],"yoast_head":"<!-- This site is optimized with the Yoast SEO plugin v27.4 - https:\/\/yoast.com\/product\/yoast-seo-wordpress\/ -->\n<title>Tube-konsepteja - Videoteknologiat<\/title>\n<meta name=\"robots\" content=\"index, follow, max-snippet:-1, max-image-preview:large, max-video-preview:-1\" \/>\n<link rel=\"canonical\" href=\"https:\/\/help.jamk.fi\/videoteknologiat\/fi\/videotuotanto\/tube-konsepteja\/\" \/>\n<meta property=\"og:locale\" content=\"fi_FI\" \/>\n<meta property=\"og:type\" content=\"article\" \/>\n<meta property=\"og:title\" content=\"Tube-konsepteja - Videoteknologiat\" \/>\n<meta property=\"og:description\" content=\"Tube-konsepteja videoiden malliksi: My Day = tubettaja (=t.) kertoo p\u00e4iv\u00e4st\u00e4\u00e4nMy Week = t. kertoo viikostaanStory Time = t. kertoo tarinan tai tapahtuman el\u00e4m\u00e4st\u00e4\u00e4nDIY = Do it yourself Eli tee se itse -videoilla opastetaan tekem\u00e4\u00e4n tai rakentamaan jotakin itseLifehack = kerrotaan jokin el\u00e4m\u00e4\u00e4 helpottava niksi tai ratkaisu ongelmaanTutoriaali = ohjevideo jonkin asian tekemiseenHaaste = video, jossa [&hellip;]\" \/>\n<meta property=\"og:url\" content=\"https:\/\/help.jamk.fi\/videoteknologiat\/fi\/videotuotanto\/tube-konsepteja\/\" \/>\n<meta property=\"og:site_name\" content=\"Videoteknologiat\" \/>\n<meta property=\"article:modified_time\" content=\"2024-01-19T15:55:29+00:00\" \/>\n<meta name=\"twitter:card\" content=\"summary_large_image\" \/>\n<meta name=\"twitter:label1\" content=\"Arvioitu lukuaika\" \/>\n\t<meta name=\"twitter:data1\" content=\"1 minuutti\" \/>\n<script type=\"application\/ld+json\" class=\"yoast-schema-graph\">{\"@context\":\"https:\\\/\\\/schema.org\",\"@graph\":[{\"@type\":\"WebPage\",\"@id\":\"https:\\\/\\\/help.jamk.fi\\\/videoteknologiat\\\/fi\\\/videotuotanto\\\/tube-konsepteja\\\/\",\"url\":\"https:\\\/\\\/help.jamk.fi\\\/videoteknologiat\\\/fi\\\/videotuotanto\\\/tube-konsepteja\\\/\",\"name\":\"Tube-konsepteja - Videoteknologiat\",\"isPartOf\":{\"@id\":\"https:\\\/\\\/help.jamk.fi\\\/videoteknologiat\\\/#website\"},\"datePublished\":\"2018-11-05T10:52:53+00:00\",\"dateModified\":\"2024-01-19T15:55:29+00:00\",\"breadcrumb\":{\"@id\":\"https:\\\/\\\/help.jamk.fi\\\/videoteknologiat\\\/fi\\\/videotuotanto\\\/tube-konsepteja\\\/#breadcrumb\"},\"inLanguage\":\"fi\",\"potentialAction\":[{\"@type\":\"ReadAction\",\"target\":[\"https:\\\/\\\/help.jamk.fi\\\/videoteknologiat\\\/fi\\\/videotuotanto\\\/tube-konsepteja\\\/\"]}]},{\"@type\":\"BreadcrumbList\",\"@id\":\"https:\\\/\\\/help.jamk.fi\\\/videoteknologiat\\\/fi\\\/videotuotanto\\\/tube-konsepteja\\\/#breadcrumb\",\"itemListElement\":[{\"@type\":\"ListItem\",\"position\":1,\"name\":\"Etusivu\",\"item\":\"https:\\\/\\\/help.jamk.fi\\\/videoteknologiat\\\/fi\\\/\"},{\"@type\":\"ListItem\",\"position\":2,\"name\":\"Videotuotanto\",\"item\":\"https:\\\/\\\/help.jamk.fi\\\/videoteknologiat\\\/fi\\\/videotuotanto\\\/\"},{\"@type\":\"ListItem\",\"position\":3,\"name\":\"Tube-konsepteja\"}]},{\"@type\":\"WebSite\",\"@id\":\"https:\\\/\\\/help.jamk.fi\\\/videoteknologiat\\\/#website\",\"url\":\"https:\\\/\\\/help.jamk.fi\\\/videoteknologiat\\\/\",\"name\":\"Videoteknologiat\",\"description\":\"\",\"potentialAction\":[{\"@type\":\"SearchAction\",\"target\":{\"@type\":\"EntryPoint\",\"urlTemplate\":\"https:\\\/\\\/help.jamk.fi\\\/videoteknologiat\\\/?s={search_term_string}\"},\"query-input\":{\"@type\":\"PropertyValueSpecification\",\"valueRequired\":true,\"valueName\":\"search_term_string\"}}],\"inLanguage\":\"fi\"}]}<\/script>\n<!-- \/ Yoast SEO plugin. -->","yoast_head_json":{"title":"Tube-konsepteja - Videoteknologiat","robots":{"index":"index","follow":"follow","max-snippet":"max-snippet:-1","max-image-preview":"max-image-preview:large","max-video-preview":"max-video-preview:-1"},"canonical":"https:\/\/help.jamk.fi\/videoteknologiat\/fi\/videotuotanto\/tube-konsepteja\/","og_locale":"fi_FI","og_type":"article","og_title":"Tube-konsepteja - Videoteknologiat","og_description":"Tube-konsepteja videoiden malliksi: My Day = tubettaja (=t.) kertoo p\u00e4iv\u00e4st\u00e4\u00e4nMy Week = t. kertoo viikostaanStory Time = t. kertoo tarinan tai tapahtuman el\u00e4m\u00e4st\u00e4\u00e4nDIY = Do it yourself Eli tee se itse -videoilla opastetaan tekem\u00e4\u00e4n tai rakentamaan jotakin itseLifehack = kerrotaan jokin el\u00e4m\u00e4\u00e4 helpottava niksi tai ratkaisu ongelmaanTutoriaali = ohjevideo jonkin asian tekemiseenHaaste = video, jossa [&hellip;]","og_url":"https:\/\/help.jamk.fi\/videoteknologiat\/fi\/videotuotanto\/tube-konsepteja\/","og_site_name":"Videoteknologiat","article_modified_time":"2024-01-19T15:55:29+00:00","twitter_card":"summary_large_image","twitter_misc":{"Arvioitu lukuaika":"1 minuutti"},"schema":{"@context":"https:\/\/schema.org","@graph":[{"@type":"WebPage","@id":"https:\/\/help.jamk.fi\/videoteknologiat\/fi\/videotuotanto\/tube-konsepteja\/","url":"https:\/\/help.jamk.fi\/videoteknologiat\/fi\/videotuotanto\/tube-konsepteja\/","name":"Tube-konsepteja - Videoteknologiat","isPartOf":{"@id":"https:\/\/help.jamk.fi\/videoteknologiat\/#website"},"datePublished":"2018-11-05T10:52:53+00:00","dateModified":"2024-01-19T15:55:29+00:00","breadcrumb":{"@id":"https:\/\/help.jamk.fi\/videoteknologiat\/fi\/videotuotanto\/tube-konsepteja\/#breadcrumb"},"inLanguage":"fi","potentialAction":[{"@type":"ReadAction","target":["https:\/\/help.jamk.fi\/videoteknologiat\/fi\/videotuotanto\/tube-konsepteja\/"]}]},{"@type":"BreadcrumbList","@id":"https:\/\/help.jamk.fi\/videoteknologiat\/fi\/videotuotanto\/tube-konsepteja\/#breadcrumb","itemListElement":[{"@type":"ListItem","position":1,"name":"Etusivu","item":"https:\/\/help.jamk.fi\/videoteknologiat\/fi\/"},{"@type":"ListItem","position":2,"name":"Videotuotanto","item":"https:\/\/help.jamk.fi\/videoteknologiat\/fi\/videotuotanto\/"},{"@type":"ListItem","position":3,"name":"Tube-konsepteja"}]},{"@type":"WebSite","@id":"https:\/\/help.jamk.fi\/videoteknologiat\/#website","url":"https:\/\/help.jamk.fi\/videoteknologiat\/","name":"Videoteknologiat","description":"","potentialAction":[{"@type":"SearchAction","target":{"@type":"EntryPoint","urlTemplate":"https:\/\/help.jamk.fi\/videoteknologiat\/?s={search_term_string}"},"query-input":{"@type":"PropertyValueSpecification","valueRequired":true,"valueName":"search_term_string"}}],"inLanguage":"fi"}]}},"_links":{"self":[{"href":"https:\/\/help.jamk.fi\/videoteknologiat\/wp-json\/wp\/v2\/pages\/323","targetHints":{"allow":["GET"]}}],"collection":[{"href":"https:\/\/help.jamk.fi\/videoteknologiat\/wp-json\/wp\/v2\/pages"}],"about":[{"href":"https:\/\/help.jamk.fi\/videoteknologiat\/wp-json\/wp\/v2\/types\/page"}],"author":[{"embeddable":true,"href":"https:\/\/help.jamk.fi\/videoteknologiat\/wp-json\/wp\/v2\/users\/65"}],"replies":[{"embeddable":true,"href":"https:\/\/help.jamk.fi\/videoteknologiat\/wp-json\/wp\/v2\/comments?post=323"}],"version-history":[{"count":4,"href":"https:\/\/help.jamk.fi\/videoteknologiat\/wp-json\/wp\/v2\/pages\/323\/revisions"}],"predecessor-version":[{"id":2331,"href":"https:\/\/help.jamk.fi\/videoteknologiat\/wp-json\/wp\/v2\/pages\/323\/revisions\/2331"}],"up":[{"embeddable":true,"href":"https:\/\/help.jamk.fi\/videoteknologiat\/wp-json\/wp\/v2\/pages\/226"}],"wp:attachment":[{"href":"https:\/\/help.jamk.fi\/videoteknologiat\/wp-json\/wp\/v2\/media?parent=323"}],"wp:term":[{"taxonomy":"category","embeddable":true,"href":"https:\/\/help.jamk.fi\/videoteknologiat\/wp-json\/wp\/v2\/categories?post=323"},{"taxonomy":"post_tag","embeddable":true,"href":"https:\/\/help.jamk.fi\/videoteknologiat\/wp-json\/wp\/v2\/tags?post=323"}],"curies":[{"name":"wp","href":"https:\/\/api.w.org\/{rel}","templated":true}]}}