{"id":36,"date":"2018-04-18T10:19:21","date_gmt":"2018-04-18T07:19:21","guid":{"rendered":"https:\/\/help.jamk.fi\/videoteknologiat\/valineet-ja-ohjelmistot\/"},"modified":"2024-01-19T16:27:48","modified_gmt":"2024-01-19T14:27:48","slug":"valineet-ja-ohjelmistot","status":"publish","type":"page","link":"https:\/\/help.jamk.fi\/videoteknologiat\/fi\/valineet-ja-ohjelmistot\/","title":{"rendered":"V\u00e4lineet ja ohjelmistot"},"content":{"rendered":"\n<p>T\u00e4m\u00e4n otsikon alle ker\u00e4t\u00e4\u00e4n ohjeita videoteknologioihin luettavista v\u00e4lineist\u00e4, j\u00e4rjestelmist\u00e4 ja ohjelmistoista. Osa v\u00e4lineist\u00e4 on tuotannollisia (editointi, tallennus) ja osa taas opetusta tukevia viestint\u00e4v\u00e4lineit\u00e4 (esim. verkkoviestint\u00e4j\u00e4rjestelm\u00e4t, suoratoisto, jakelu).<\/p>\n\n\n\n<p>Ohessa listattuna Jamkilla k\u00e4yt\u00f6ss\u00e4 olevia v\u00e4lineit\u00e4, joista luvassa jotain lis\u00e4tietoja t\u00e4m\u00e4n V\u00e4lineet ja ohjelmistot luvun alavalikoihin:<\/p>\n\n\n\n<ul class=\"wp-block-list\">\n<li><a href=\"https:\/\/help.jamk.fi\/videoteknologiat\/fi\/valineet-ja-ohjelmistot\/reppukuvauskalusto\/\">Reppukuvauskalusto<\/a><\/li>\n\n\n\n<li><a href=\"https:\/\/help.jamk.fi\/videoteknologiat\/fi\/valineet-ja-ohjelmistot\/drone\/\">Drone DJI Phantom 4<\/a><\/li>\n\n\n\n<li><a href=\"https:\/\/help.jamk.fi\/videoteknologiat\/fi\/valineet-ja-ohjelmistot\/simulaatiokamerajarjestelma\/\">Simulaatiokameraj\u00e4rjestelm\u00e4 Nordic Simulators<\/a><\/li>\n\n\n\n<li>Iris connect<\/li>\n\n\n\n<li>360\/VR-kamerat<\/li>\n\n\n\n<li>Action-kamerat,<\/li>\n\n\n\n<li>Videoita puhelimella<\/li>\n\n\n\n<li>\u00c4\u00e4ni talteen laadukkaasti<\/li>\n\n\n\n<li>Valaistus<\/li>\n\n\n\n<li>Adobe Creative Suite<\/li>\n\n\n\n<li><a href=\"https:\/\/help.jamk.fi\/videoteknologiat\/fi\/valineet-ja-ohjelmistot\/obs-studio\/\">OBS studio<\/a><\/li>\n\n\n\n<li><a href=\"https:\/\/help.jamk.fi\/videoteknologiat\/fi\/valineet-ja-ohjelmistot\/avidemux\/\">Avidemux<\/a><\/li>\n\n\n\n<li><a href=\"https:\/\/help.jamk.fi\/videoteknologiat\/fi\/valineet-ja-ohjelmistot\/davinci-resolve\/\">DaVinci Resolve<\/a><\/li>\n\n\n\n<li><a href=\"https:\/\/help.jamk.fi\/videoteknologiat\/fi\/valineet-ja-ohjelmistot\/zoom\/\">Funet zoom<\/a><\/li>\n\n\n\n<li>Videoita PowerPointilla<\/li>\n<\/ul>\n","protected":false},"excerpt":{"rendered":"<p>T\u00e4m\u00e4n otsikon alle ker\u00e4t\u00e4\u00e4n ohjeita videoteknologioihin luettavista v\u00e4lineist\u00e4, j\u00e4rjestelmist\u00e4 ja ohjelmistoista. Osa v\u00e4lineist\u00e4 on tuotannollisia (editointi, tallennus) ja osa taas opetusta tukevia viestint\u00e4v\u00e4lineit\u00e4 (esim. verkkoviestint\u00e4j\u00e4rjestelm\u00e4t, suoratoisto, jakelu). Ohessa listattuna Jamkilla k\u00e4yt\u00f6ss\u00e4 olevia v\u00e4lineit\u00e4, joista luvassa jotain lis\u00e4tietoja t\u00e4m\u00e4n V\u00e4lineet ja ohjelmistot luvun alavalikoihin:<\/p>\n","protected":false},"author":65,"featured_media":0,"parent":0,"menu_order":7,"comment_status":"closed","ping_status":"closed","template":"","meta":{"_acf_changed":false,"_relevanssi_hide_post":"","_relevanssi_hide_content":"","_relevanssi_pin_for_all":"","_relevanssi_pin_keywords":"","_relevanssi_unpin_keywords":"","_relevanssi_related_keywords":"","_relevanssi_related_include_ids":"","_relevanssi_related_exclude_ids":"","_relevanssi_related_no_append":"","_relevanssi_related_not_related":"","_relevanssi_related_posts":"","_relevanssi_noindex_reason":"","footnotes":""},"categories":[],"tags":[],"class_list":["post-36","page","type-page","status-publish","hentry"],"acf":[],"yoast_head":"<!-- This site is optimized with the Yoast SEO plugin v27.4 - https:\/\/yoast.com\/product\/yoast-seo-wordpress\/ -->\n<title>V\u00e4lineet ja ohjelmistot - Videoteknologiat<\/title>\n<meta name=\"robots\" content=\"index, follow, max-snippet:-1, max-image-preview:large, max-video-preview:-1\" \/>\n<link rel=\"canonical\" href=\"https:\/\/help.jamk.fi\/videoteknologiat\/fi\/valineet-ja-ohjelmistot\/\" \/>\n<meta property=\"og:locale\" content=\"fi_FI\" \/>\n<meta property=\"og:type\" content=\"article\" \/>\n<meta property=\"og:title\" content=\"V\u00e4lineet ja ohjelmistot - Videoteknologiat\" \/>\n<meta property=\"og:description\" content=\"T\u00e4m\u00e4n otsikon alle ker\u00e4t\u00e4\u00e4n ohjeita videoteknologioihin luettavista v\u00e4lineist\u00e4, j\u00e4rjestelmist\u00e4 ja ohjelmistoista. Osa v\u00e4lineist\u00e4 on tuotannollisia (editointi, tallennus) ja osa taas opetusta tukevia viestint\u00e4v\u00e4lineit\u00e4 (esim. verkkoviestint\u00e4j\u00e4rjestelm\u00e4t, suoratoisto, jakelu). Ohessa listattuna Jamkilla k\u00e4yt\u00f6ss\u00e4 olevia v\u00e4lineit\u00e4, joista luvassa jotain lis\u00e4tietoja t\u00e4m\u00e4n V\u00e4lineet ja ohjelmistot luvun alavalikoihin:\" \/>\n<meta property=\"og:url\" content=\"https:\/\/help.jamk.fi\/videoteknologiat\/fi\/valineet-ja-ohjelmistot\/\" \/>\n<meta property=\"og:site_name\" content=\"Videoteknologiat\" \/>\n<meta property=\"article:modified_time\" content=\"2024-01-19T14:27:48+00:00\" \/>\n<meta name=\"twitter:card\" content=\"summary_large_image\" \/>\n<meta name=\"twitter:label1\" content=\"Arvioitu lukuaika\" \/>\n\t<meta name=\"twitter:data1\" content=\"1 minuutti\" \/>\n<script type=\"application\/ld+json\" class=\"yoast-schema-graph\">{\"@context\":\"https:\\\/\\\/schema.org\",\"@graph\":[{\"@type\":\"WebPage\",\"@id\":\"https:\\\/\\\/help.jamk.fi\\\/videoteknologiat\\\/fi\\\/valineet-ja-ohjelmistot\\\/\",\"url\":\"https:\\\/\\\/help.jamk.fi\\\/videoteknologiat\\\/fi\\\/valineet-ja-ohjelmistot\\\/\",\"name\":\"V\u00e4lineet ja ohjelmistot - Videoteknologiat\",\"isPartOf\":{\"@id\":\"https:\\\/\\\/help.jamk.fi\\\/videoteknologiat\\\/#website\"},\"datePublished\":\"2018-04-18T07:19:21+00:00\",\"dateModified\":\"2024-01-19T14:27:48+00:00\",\"breadcrumb\":{\"@id\":\"https:\\\/\\\/help.jamk.fi\\\/videoteknologiat\\\/fi\\\/valineet-ja-ohjelmistot\\\/#breadcrumb\"},\"inLanguage\":\"fi\",\"potentialAction\":[{\"@type\":\"ReadAction\",\"target\":[\"https:\\\/\\\/help.jamk.fi\\\/videoteknologiat\\\/fi\\\/valineet-ja-ohjelmistot\\\/\"]}]},{\"@type\":\"BreadcrumbList\",\"@id\":\"https:\\\/\\\/help.jamk.fi\\\/videoteknologiat\\\/fi\\\/valineet-ja-ohjelmistot\\\/#breadcrumb\",\"itemListElement\":[{\"@type\":\"ListItem\",\"position\":1,\"name\":\"Etusivu\",\"item\":\"https:\\\/\\\/help.jamk.fi\\\/videoteknologiat\\\/fi\\\/\"},{\"@type\":\"ListItem\",\"position\":2,\"name\":\"V\u00e4lineet ja ohjelmistot\"}]},{\"@type\":\"WebSite\",\"@id\":\"https:\\\/\\\/help.jamk.fi\\\/videoteknologiat\\\/#website\",\"url\":\"https:\\\/\\\/help.jamk.fi\\\/videoteknologiat\\\/\",\"name\":\"Videoteknologiat\",\"description\":\"\",\"potentialAction\":[{\"@type\":\"SearchAction\",\"target\":{\"@type\":\"EntryPoint\",\"urlTemplate\":\"https:\\\/\\\/help.jamk.fi\\\/videoteknologiat\\\/?s={search_term_string}\"},\"query-input\":{\"@type\":\"PropertyValueSpecification\",\"valueRequired\":true,\"valueName\":\"search_term_string\"}}],\"inLanguage\":\"fi\"}]}<\/script>\n<!-- \/ Yoast SEO plugin. -->","yoast_head_json":{"title":"V\u00e4lineet ja ohjelmistot - Videoteknologiat","robots":{"index":"index","follow":"follow","max-snippet":"max-snippet:-1","max-image-preview":"max-image-preview:large","max-video-preview":"max-video-preview:-1"},"canonical":"https:\/\/help.jamk.fi\/videoteknologiat\/fi\/valineet-ja-ohjelmistot\/","og_locale":"fi_FI","og_type":"article","og_title":"V\u00e4lineet ja ohjelmistot - Videoteknologiat","og_description":"T\u00e4m\u00e4n otsikon alle ker\u00e4t\u00e4\u00e4n ohjeita videoteknologioihin luettavista v\u00e4lineist\u00e4, j\u00e4rjestelmist\u00e4 ja ohjelmistoista. Osa v\u00e4lineist\u00e4 on tuotannollisia (editointi, tallennus) ja osa taas opetusta tukevia viestint\u00e4v\u00e4lineit\u00e4 (esim. verkkoviestint\u00e4j\u00e4rjestelm\u00e4t, suoratoisto, jakelu). Ohessa listattuna Jamkilla k\u00e4yt\u00f6ss\u00e4 olevia v\u00e4lineit\u00e4, joista luvassa jotain lis\u00e4tietoja t\u00e4m\u00e4n V\u00e4lineet ja ohjelmistot luvun alavalikoihin:","og_url":"https:\/\/help.jamk.fi\/videoteknologiat\/fi\/valineet-ja-ohjelmistot\/","og_site_name":"Videoteknologiat","article_modified_time":"2024-01-19T14:27:48+00:00","twitter_card":"summary_large_image","twitter_misc":{"Arvioitu lukuaika":"1 minuutti"},"schema":{"@context":"https:\/\/schema.org","@graph":[{"@type":"WebPage","@id":"https:\/\/help.jamk.fi\/videoteknologiat\/fi\/valineet-ja-ohjelmistot\/","url":"https:\/\/help.jamk.fi\/videoteknologiat\/fi\/valineet-ja-ohjelmistot\/","name":"V\u00e4lineet ja ohjelmistot - Videoteknologiat","isPartOf":{"@id":"https:\/\/help.jamk.fi\/videoteknologiat\/#website"},"datePublished":"2018-04-18T07:19:21+00:00","dateModified":"2024-01-19T14:27:48+00:00","breadcrumb":{"@id":"https:\/\/help.jamk.fi\/videoteknologiat\/fi\/valineet-ja-ohjelmistot\/#breadcrumb"},"inLanguage":"fi","potentialAction":[{"@type":"ReadAction","target":["https:\/\/help.jamk.fi\/videoteknologiat\/fi\/valineet-ja-ohjelmistot\/"]}]},{"@type":"BreadcrumbList","@id":"https:\/\/help.jamk.fi\/videoteknologiat\/fi\/valineet-ja-ohjelmistot\/#breadcrumb","itemListElement":[{"@type":"ListItem","position":1,"name":"Etusivu","item":"https:\/\/help.jamk.fi\/videoteknologiat\/fi\/"},{"@type":"ListItem","position":2,"name":"V\u00e4lineet ja ohjelmistot"}]},{"@type":"WebSite","@id":"https:\/\/help.jamk.fi\/videoteknologiat\/#website","url":"https:\/\/help.jamk.fi\/videoteknologiat\/","name":"Videoteknologiat","description":"","potentialAction":[{"@type":"SearchAction","target":{"@type":"EntryPoint","urlTemplate":"https:\/\/help.jamk.fi\/videoteknologiat\/?s={search_term_string}"},"query-input":{"@type":"PropertyValueSpecification","valueRequired":true,"valueName":"search_term_string"}}],"inLanguage":"fi"}]}},"_links":{"self":[{"href":"https:\/\/help.jamk.fi\/videoteknologiat\/wp-json\/wp\/v2\/pages\/36","targetHints":{"allow":["GET"]}}],"collection":[{"href":"https:\/\/help.jamk.fi\/videoteknologiat\/wp-json\/wp\/v2\/pages"}],"about":[{"href":"https:\/\/help.jamk.fi\/videoteknologiat\/wp-json\/wp\/v2\/types\/page"}],"author":[{"embeddable":true,"href":"https:\/\/help.jamk.fi\/videoteknologiat\/wp-json\/wp\/v2\/users\/65"}],"replies":[{"embeddable":true,"href":"https:\/\/help.jamk.fi\/videoteknologiat\/wp-json\/wp\/v2\/comments?post=36"}],"version-history":[{"count":6,"href":"https:\/\/help.jamk.fi\/videoteknologiat\/wp-json\/wp\/v2\/pages\/36\/revisions"}],"predecessor-version":[{"id":2329,"href":"https:\/\/help.jamk.fi\/videoteknologiat\/wp-json\/wp\/v2\/pages\/36\/revisions\/2329"}],"wp:attachment":[{"href":"https:\/\/help.jamk.fi\/videoteknologiat\/wp-json\/wp\/v2\/media?parent=36"}],"wp:term":[{"taxonomy":"category","embeddable":true,"href":"https:\/\/help.jamk.fi\/videoteknologiat\/wp-json\/wp\/v2\/categories?post=36"},{"taxonomy":"post_tag","embeddable":true,"href":"https:\/\/help.jamk.fi\/videoteknologiat\/wp-json\/wp\/v2\/tags?post=36"}],"curies":[{"name":"wp","href":"https:\/\/api.w.org\/{rel}","templated":true}]}}