{"id":6,"date":"2018-04-09T06:05:41","date_gmt":"2018-04-09T03:05:41","guid":{"rendered":"https:\/\/help.jamk.fi\/videoteknologiat\/esimerkkisivu\/"},"modified":"2024-01-04T15:21:47","modified_gmt":"2024-01-04T13:21:47","slug":"esimerkkisivu","status":"publish","type":"page","link":"https:\/\/help.jamk.fi\/videoteknologiat\/fi\/","title":{"rendered":"Videoteknologiat?"},"content":{"rendered":"\n<div id=\"text-column-block_1b00cc30cbde2609e67273197349ad1d\" class=\"text-column block-text-column\">\n  <div class=\"block-text-column__wrapper\">\n                  <div class=\"row block-text-column__column-section\">\n          <div class=\"col-12 col-md-5 block-text-column__column-section--column\">\n            <div class=\"block-text-column__column-section--title-wrap\">\n                          <\/div>\n          <\/div>\n          <div class=\"col-12 col-md-7 block-text-column__column-section--column\">\n                          <div class=\"block-text-column__column-section--text_area\">\n                <p>Videopohjainen verkkoviestint\u00e4 on lis\u00e4\u00e4ntynyt voimakkaasti viimeisen 10-12 vuoden aikana (t\u00e4t\u00e4 kirjoittaessa siis vuoteen 2018 menness\u00e4). Voidaan jopa puhua viestint\u00e4kulttuurin muutoksesta, paluusta oraaliseen kulttuuriin, aikaan ennen kirjoitustaitoa, jolloin tieto siirtyi henkil\u00f6lt\u00e4 toiselle suullisesti tarinoiden muodossa. Tubettamisesta on tullut arkip\u00e4iv\u00e4\u00e4, ja suosituimmat tubekanavat ker\u00e4\u00e4v\u00e4t miljoonia seuraajia kilpaillen jo katselijoista perinteisten televisiokanavien kanssa. Elokuvajakelukin on ollut murroksessa, ja suositut elokuvat ovatkin vuokrattavissa muutaman kuukauden p\u00e4\u00e4st\u00e4 ensi-illasta jostakin pilvipalvelusta. Ty\u00f6- tai opintopaikkaa hakiessa saa varautua usein my\u00f6s videohaastatteluun tai videomuotoiseen esitt\u00e4ytymiseen, ja joillekin vloggaamisesta voi muodostua jopa elinkeino! Opetuksen saralla viimeaikojen pedagogisena trendin\u00e4 on ollut k\u00e4\u00e4nteinen opetus ja oppiminen, joissa videomuotoista viestint\u00e4\u00e4 hy\u00f6dynnet\u00e4\u00e4n sek\u00e4 tiedon jakelussa ett\u00e4 vuorovaikutteisessa toiminnassa.<\/p>\n<p>T\u00e4ll\u00e4 sivustolla pyrit\u00e4\u00e4n antamaan kokonaiskuvan Jamkilla k\u00e4ytett\u00e4viss\u00e4 olevista videoteknologioista ja kokoan ehk\u00e4p\u00e4 hiukan ohjeitakin niiden k\u00e4yt\u00f6st\u00e4. Erilaisia videov\u00e4lineit\u00e4 ja -teknologioita k\u00e4ytet\u00e4\u00e4n niin opetuksessa kuin arkisessa viestinn\u00e4ss\u00e4kin. Osa v\u00e4lineist\u00e4 ja tiloista on tuotannollisia ja osa viestinn\u00e4llisi\u00e4. V\u00e4lineet ja videoviestint\u00e4\u00e4 tukevat tilat kehittyv\u00e4t, muuttuvat, mutta tietyt perusperiaatteet pysyv\u00e4t samana. Videoviestint\u00e4 voi olla reaaliaikaista monen v\u00e4list\u00e4 vuorovaikutusta, hiukan viiveellist\u00e4 suoratoistoa, tai pelk\u00e4st\u00e4\u00e4n yksisuuntaista ajasta ja paikasta riippumatonta videon jakelua halutulle kohderyhm\u00e4lle. Kaikki tarjolla olevat v\u00e4lineet eiv\u00e4t taivu kaikkeen, joten on t\u00e4rke\u00e4\u00e4 osata valita kuhunkin tilanteeseen sopiva teknologia ja ottaa se haltuun!<\/p>\n<p>Tavoitteenamme on \u00a0my\u00f6s kehitt\u00e4\u00e4 palvelujen k\u00e4ytett\u00e4vyytt\u00e4 ja valikoida k\u00e4ytt\u00f6\u00f6n sellaisia v\u00e4lineit\u00e4 ja j\u00e4rjestelmi\u00e4, joita kukin voisi oppia k\u00e4ytt\u00e4m\u00e4\u00e4n ilman asiantuntijan jatkuvaa apua itsen\u00e4isesti.<\/p>\n              <\/div>\n                      <\/div>\n        <\/div>\n            <\/div>\n<\/div>\n\n\n<figure class=\"wp-block-image\"><img decoding=\"async\" src=\"https:\/\/help.jamk.fi\/videoteknologiat\/wp-content\/uploads\/sites\/67\/2023\/09\/Jarvinen_Heil-Himmel-ja-Donnerwetter_Kuva1.png\" alt=\"\" class=\"wp-image-492\"\/><\/figure>\n","protected":false},"excerpt":{"rendered":"","protected":false},"author":65,"featured_media":0,"parent":0,"menu_order":0,"comment_status":"closed","ping_status":"open","template":"templates\/template-full-width.php","meta":{"_acf_changed":false,"_relevanssi_hide_post":"","_relevanssi_hide_content":"","_relevanssi_pin_for_all":"","_relevanssi_pin_keywords":"","_relevanssi_unpin_keywords":"","_relevanssi_related_keywords":"","_relevanssi_related_include_ids":"","_relevanssi_related_exclude_ids":"","_relevanssi_related_no_append":"","_relevanssi_related_not_related":"","_relevanssi_related_posts":"","_relevanssi_noindex_reason":"","footnotes":""},"categories":[],"tags":[],"class_list":["post-6","page","type-page","status-publish","hentry"],"acf":[],"yoast_head":"<!-- This site is optimized with the Yoast SEO plugin v27.4 - https:\/\/yoast.com\/product\/yoast-seo-wordpress\/ -->\n<title>Videoteknologiat? - Videoteknologiat<\/title>\n<meta name=\"robots\" content=\"index, follow, max-snippet:-1, max-image-preview:large, max-video-preview:-1\" \/>\n<link rel=\"canonical\" href=\"https:\/\/help.jamk.fi\/videoteknologiat\/fi\/\" \/>\n<meta property=\"og:locale\" content=\"fi_FI\" \/>\n<meta property=\"og:type\" content=\"article\" \/>\n<meta property=\"og:title\" content=\"Videoteknologiat? - Videoteknologiat\" \/>\n<meta property=\"og:url\" content=\"https:\/\/help.jamk.fi\/videoteknologiat\/fi\/\" \/>\n<meta property=\"og:site_name\" content=\"Videoteknologiat\" \/>\n<meta property=\"article:modified_time\" content=\"2024-01-04T13:21:47+00:00\" \/>\n<meta property=\"og:image\" content=\"https:\/\/help.jamk.fi\/videoteknologiat\/wp-content\/uploads\/sites\/67\/2023\/09\/Jarvinen_Heil-Himmel-ja-Donnerwetter_Kuva1.png\" \/>\n<meta name=\"twitter:card\" content=\"summary_large_image\" \/>\n<meta name=\"twitter:label1\" content=\"Arvioitu lukuaika\" \/>\n\t<meta name=\"twitter:data1\" content=\"1 minuutti\" \/>\n<script type=\"application\/ld+json\" class=\"yoast-schema-graph\">{\"@context\":\"https:\\\/\\\/schema.org\",\"@graph\":[{\"@type\":\"WebPage\",\"@id\":\"https:\\\/\\\/help.jamk.fi\\\/videoteknologiat\\\/fi\\\/\",\"url\":\"https:\\\/\\\/help.jamk.fi\\\/videoteknologiat\\\/fi\\\/\",\"name\":\"Videoteknologiat? - Videoteknologiat\",\"isPartOf\":{\"@id\":\"https:\\\/\\\/help.jamk.fi\\\/videoteknologiat\\\/#website\"},\"primaryImageOfPage\":{\"@id\":\"https:\\\/\\\/help.jamk.fi\\\/videoteknologiat\\\/fi\\\/#primaryimage\"},\"image\":{\"@id\":\"https:\\\/\\\/help.jamk.fi\\\/videoteknologiat\\\/fi\\\/#primaryimage\"},\"thumbnailUrl\":\"https:\\\/\\\/help.jamk.fi\\\/videoteknologiat\\\/wp-content\\\/uploads\\\/sites\\\/67\\\/2023\\\/09\\\/Jarvinen_Heil-Himmel-ja-Donnerwetter_Kuva1.png\",\"datePublished\":\"2018-04-09T03:05:41+00:00\",\"dateModified\":\"2024-01-04T13:21:47+00:00\",\"breadcrumb\":{\"@id\":\"https:\\\/\\\/help.jamk.fi\\\/videoteknologiat\\\/fi\\\/#breadcrumb\"},\"inLanguage\":\"fi\",\"potentialAction\":[{\"@type\":\"ReadAction\",\"target\":[\"https:\\\/\\\/help.jamk.fi\\\/videoteknologiat\\\/fi\\\/\"]}]},{\"@type\":\"ImageObject\",\"inLanguage\":\"fi\",\"@id\":\"https:\\\/\\\/help.jamk.fi\\\/videoteknologiat\\\/fi\\\/#primaryimage\",\"url\":\"\",\"contentUrl\":\"\"},{\"@type\":\"BreadcrumbList\",\"@id\":\"https:\\\/\\\/help.jamk.fi\\\/videoteknologiat\\\/fi\\\/#breadcrumb\",\"itemListElement\":[{\"@type\":\"ListItem\",\"position\":1,\"name\":\"Etusivu\",\"item\":\"https:\\\/\\\/help.jamk.fi\\\/videoteknologiat\\\/fi\\\/\"},{\"@type\":\"ListItem\",\"position\":2,\"name\":\"Videoteknologiat?\"}]},{\"@type\":\"WebSite\",\"@id\":\"https:\\\/\\\/help.jamk.fi\\\/videoteknologiat\\\/#website\",\"url\":\"https:\\\/\\\/help.jamk.fi\\\/videoteknologiat\\\/\",\"name\":\"Videoteknologiat\",\"description\":\"\",\"potentialAction\":[{\"@type\":\"SearchAction\",\"target\":{\"@type\":\"EntryPoint\",\"urlTemplate\":\"https:\\\/\\\/help.jamk.fi\\\/videoteknologiat\\\/?s={search_term_string}\"},\"query-input\":{\"@type\":\"PropertyValueSpecification\",\"valueRequired\":true,\"valueName\":\"search_term_string\"}}],\"inLanguage\":\"fi\"}]}<\/script>\n<!-- \/ Yoast SEO plugin. -->","yoast_head_json":{"title":"Videoteknologiat? - Videoteknologiat","robots":{"index":"index","follow":"follow","max-snippet":"max-snippet:-1","max-image-preview":"max-image-preview:large","max-video-preview":"max-video-preview:-1"},"canonical":"https:\/\/help.jamk.fi\/videoteknologiat\/fi\/","og_locale":"fi_FI","og_type":"article","og_title":"Videoteknologiat? - Videoteknologiat","og_url":"https:\/\/help.jamk.fi\/videoteknologiat\/fi\/","og_site_name":"Videoteknologiat","article_modified_time":"2024-01-04T13:21:47+00:00","og_image":[{"url":"https:\/\/help.jamk.fi\/videoteknologiat\/wp-content\/uploads\/sites\/67\/2023\/09\/Jarvinen_Heil-Himmel-ja-Donnerwetter_Kuva1.png","type":"","width":"","height":""}],"twitter_card":"summary_large_image","twitter_misc":{"Arvioitu lukuaika":"1 minuutti"},"schema":{"@context":"https:\/\/schema.org","@graph":[{"@type":"WebPage","@id":"https:\/\/help.jamk.fi\/videoteknologiat\/fi\/","url":"https:\/\/help.jamk.fi\/videoteknologiat\/fi\/","name":"Videoteknologiat? - Videoteknologiat","isPartOf":{"@id":"https:\/\/help.jamk.fi\/videoteknologiat\/#website"},"primaryImageOfPage":{"@id":"https:\/\/help.jamk.fi\/videoteknologiat\/fi\/#primaryimage"},"image":{"@id":"https:\/\/help.jamk.fi\/videoteknologiat\/fi\/#primaryimage"},"thumbnailUrl":"https:\/\/help.jamk.fi\/videoteknologiat\/wp-content\/uploads\/sites\/67\/2023\/09\/Jarvinen_Heil-Himmel-ja-Donnerwetter_Kuva1.png","datePublished":"2018-04-09T03:05:41+00:00","dateModified":"2024-01-04T13:21:47+00:00","breadcrumb":{"@id":"https:\/\/help.jamk.fi\/videoteknologiat\/fi\/#breadcrumb"},"inLanguage":"fi","potentialAction":[{"@type":"ReadAction","target":["https:\/\/help.jamk.fi\/videoteknologiat\/fi\/"]}]},{"@type":"ImageObject","inLanguage":"fi","@id":"https:\/\/help.jamk.fi\/videoteknologiat\/fi\/#primaryimage","url":"","contentUrl":""},{"@type":"BreadcrumbList","@id":"https:\/\/help.jamk.fi\/videoteknologiat\/fi\/#breadcrumb","itemListElement":[{"@type":"ListItem","position":1,"name":"Etusivu","item":"https:\/\/help.jamk.fi\/videoteknologiat\/fi\/"},{"@type":"ListItem","position":2,"name":"Videoteknologiat?"}]},{"@type":"WebSite","@id":"https:\/\/help.jamk.fi\/videoteknologiat\/#website","url":"https:\/\/help.jamk.fi\/videoteknologiat\/","name":"Videoteknologiat","description":"","potentialAction":[{"@type":"SearchAction","target":{"@type":"EntryPoint","urlTemplate":"https:\/\/help.jamk.fi\/videoteknologiat\/?s={search_term_string}"},"query-input":{"@type":"PropertyValueSpecification","valueRequired":true,"valueName":"search_term_string"}}],"inLanguage":"fi"}]}},"_links":{"self":[{"href":"https:\/\/help.jamk.fi\/videoteknologiat\/wp-json\/wp\/v2\/pages\/6","targetHints":{"allow":["GET"]}}],"collection":[{"href":"https:\/\/help.jamk.fi\/videoteknologiat\/wp-json\/wp\/v2\/pages"}],"about":[{"href":"https:\/\/help.jamk.fi\/videoteknologiat\/wp-json\/wp\/v2\/types\/page"}],"author":[{"embeddable":true,"href":"https:\/\/help.jamk.fi\/videoteknologiat\/wp-json\/wp\/v2\/users\/65"}],"replies":[{"embeddable":true,"href":"https:\/\/help.jamk.fi\/videoteknologiat\/wp-json\/wp\/v2\/comments?post=6"}],"version-history":[{"count":33,"href":"https:\/\/help.jamk.fi\/videoteknologiat\/wp-json\/wp\/v2\/pages\/6\/revisions"}],"predecessor-version":[{"id":2296,"href":"https:\/\/help.jamk.fi\/videoteknologiat\/wp-json\/wp\/v2\/pages\/6\/revisions\/2296"}],"wp:attachment":[{"href":"https:\/\/help.jamk.fi\/videoteknologiat\/wp-json\/wp\/v2\/media?parent=6"}],"wp:term":[{"taxonomy":"category","embeddable":true,"href":"https:\/\/help.jamk.fi\/videoteknologiat\/wp-json\/wp\/v2\/categories?post=6"},{"taxonomy":"post_tag","embeddable":true,"href":"https:\/\/help.jamk.fi\/videoteknologiat\/wp-json\/wp\/v2\/tags?post=6"}],"curies":[{"name":"wp","href":"https:\/\/api.w.org\/{rel}","templated":true}]}}