{"id":69,"date":"2018-06-07T06:27:48","date_gmt":"2018-06-07T03:27:48","guid":{"rendered":"https:\/\/help.jamk.fi\/videoteknologiat\/valineet-ja-ohjelmistot\/zoom\/"},"modified":"2024-03-11T10:50:46","modified_gmt":"2024-03-11T08:50:46","slug":"zoom","status":"publish","type":"page","link":"https:\/\/help.jamk.fi\/videoteknologiat\/fi\/valineet-ja-ohjelmistot\/zoom\/","title":{"rendered":"Zoom"},"content":{"rendered":"\n<p>Funet Zoom on helppok\u00e4ytt\u00f6inen, uuden sukupolven HD-tasoinen virtuaalikokouspalvelu, joka on suunniteltu vastaamaan nykyp\u00e4iv\u00e4n liikkuvan tutkijan, opiskelijan ja opettajan tarpeisiin. Ty\u00f6kaluvalikoima Zoomissa on suunnilleen samanlainen kuin Adobe Connectissa, joten se soveltuu my\u00f6s hybridiopetukseen, mutta edellytt\u00e4\u00e4 hiukan uuden v\u00e4lineen opettelua ja toiminnan uudelleen miettimist\u00e4 \u201d<em>Zoomin tavalla<\/em>\u201d. Kokous on mahdollista tallentaa joko pilveen tai omalle tietokoneelle. Jokainen Jamkin henkil\u00f6kuntaan kuuluva voi k\u00e4ytt\u00e4\u00e4&nbsp; Zoomia ty\u00f6h\u00f6n tai opetukseen liittyviss\u00e4 teht\u00e4viss\u00e4.<\/p>\n\n\n\n<p>Zoomin avulla voidaan j\u00e4rjest\u00e4\u00e4 kokouksia, joissa on jopa 300 samanaikaista osallistujaa ja jakaa sis\u00e4lt\u00f6\u00e4 useilla integroiduilla ty\u00f6kaluilla PC-, Mac-, Linux, iOS- tai Android-laitteilla. 100 osallistujan peruskokouksen lis\u00e4ksi Jamkilla on k\u00e4ytett\u00e4viss\u00e4 5 kpl Large Room (max 500 osallistujaa), ja 5 kpl Webinar (max 500 osallistujaa), lisenssej\u00e4.<\/p>\n\n\n\n<p>Palvelua p\u00e4\u00e4set k\u00e4ytt\u00e4m\u00e4\u00e4n Jamkin k\u00e4ytt\u00e4j\u00e4tunnuksella osoitteesta&nbsp;<a href=\"https:\/\/zoom.jamk.fi\/\">zoom.jamk.fi<\/a>&nbsp;. Sielt\u00e4 kannattaa ladata omalle koneelle Zoom-ohjelmisto, jolla k\u00e4ytt\u00f6 sujuu k\u00e4tev\u00e4sti.&nbsp;Ohjelmiston voit ladata halutessasi my\u00f6s Software Centerist\u00e4. T\u00e4ss\u00e4 video-ohjeessa neuvotaan kuinka p\u00e4\u00e4set alkuun :&nbsp;<a href=\"https:\/\/youtu.be\/2q7uKwhFViA\">https:\/\/youtu.be\/2q7uKwhFViA<\/a><\/p>\n\n\n\n<p>Perusk\u00e4ytt\u00f6 sujuu parhaiten siten, ett\u00e4 kokouksen j\u00e4rjest\u00e4j\u00e4 (host) ajastaa kokouksen ja kutsuu muut osallistujat (participants) Zoom-ohjelmiston avulla. Mik\u00e4li sinulla on k\u00e4yt\u00f6ss\u00e4si Zoomin Outlook-laajennus, se onnistuu my\u00f6s suoraan Outlookin kalenterin kautta. Zoomin ajastusty\u00f6kalu (Zoom-sovellus tai Outlook) luo kutsun, jossa on kokoukseen liittymisohjeet englanniksi (voit halutessasi muokata viesti\u00e4 ennen sen l\u00e4hett\u00e4mist\u00e4). Kutsutut liittyv\u00e4t kokoukseen ohjeen mukaisesti, yleisin tapa on klikata kutsussa olevaa url-osoitetta, jolloin linkki avautuu selaimeen ja tarjoaa kaksi vaihtoehtoa. Suositeltava vaihtoehto on ladata erillinen Zoom-sovellus, joka latauduttuaan k\u00e4ynnist\u00e4\u00e4 sovelluksen suoraan kokoukseen (mik\u00e4li Zoom-sovellus on jo asennettu, selain kysyy vain ett\u00e4 sallitaanko sovelluksen k\u00e4ynnistys). Ellei lataaminen ole mahdollista, kokoukseen voi liitty\u00e4 my\u00f6s selaimella, tosin rajoitetuin toiminnoin (esim. oman web-kameran kuvaa ei saa l\u00e4hetetty\u00e4 silloin).<\/p>\n\n\n\n<p><a href=\"https:\/\/help.jamk.fi\/videoteknologiat\/fi\/valineet-ja-ohjelmistot\/zoom\/zoom-kokouksen-ajastaminen-ja-kutsun-lahettaminen\/\">Zoom-kokouksen ajastaminen ja osallistujien kutsuminen.<\/a><\/p>\n\n\n\n<p><a href=\"https:\/\/help.jamk.fi\/videoteknologiat\/fi\/valineet-ja-ohjelmistot\/zoom\/zoom-osallistujan-polku-kokoukseen-windows\/\">Osallistujan polku Zoom-kokoukseen.<\/a><\/p>\n\n\n\n<p><a href=\"https:\/\/support.zoom.us\/hc\/en-us\">Zoom Help Center (in English)<\/a><\/p>\n","protected":false},"excerpt":{"rendered":"<p>Funet Zoom on helppok\u00e4ytt\u00f6inen, uuden sukupolven HD-tasoinen virtuaalikokouspalvelu, joka on suunniteltu vastaamaan nykyp\u00e4iv\u00e4n liikkuvan tutkijan, opiskelijan ja opettajan tarpeisiin. Ty\u00f6kaluvalikoima Zoomissa on suunnilleen samanlainen kuin Adobe Connectissa, joten se soveltuu my\u00f6s hybridiopetukseen, mutta edellytt\u00e4\u00e4 hiukan uuden v\u00e4lineen opettelua ja toiminnan uudelleen miettimist\u00e4 \u201dZoomin tavalla\u201d. Kokous on mahdollista tallentaa joko pilveen tai omalle tietokoneelle. Jokainen Jamkin [&hellip;]<\/p>\n","protected":false},"author":65,"featured_media":0,"parent":36,"menu_order":0,"comment_status":"closed","ping_status":"closed","template":"","meta":{"_acf_changed":false,"_relevanssi_hide_post":"","_relevanssi_hide_content":"","_relevanssi_pin_for_all":"","_relevanssi_pin_keywords":"","_relevanssi_unpin_keywords":"","_relevanssi_related_keywords":"","_relevanssi_related_include_ids":"","_relevanssi_related_exclude_ids":"","_relevanssi_related_no_append":"","_relevanssi_related_not_related":"","_relevanssi_related_posts":"","_relevanssi_noindex_reason":"","footnotes":""},"categories":[],"tags":[],"class_list":["post-69","page","type-page","status-publish","hentry"],"acf":[],"yoast_head":"<!-- This site is optimized with the Yoast SEO plugin v27.4 - https:\/\/yoast.com\/product\/yoast-seo-wordpress\/ -->\n<title>Zoom - Videoteknologiat<\/title>\n<meta name=\"robots\" content=\"index, follow, max-snippet:-1, max-image-preview:large, max-video-preview:-1\" \/>\n<link rel=\"canonical\" href=\"https:\/\/help.jamk.fi\/videoteknologiat\/fi\/valineet-ja-ohjelmistot\/zoom\/\" \/>\n<meta property=\"og:locale\" content=\"fi_FI\" \/>\n<meta property=\"og:type\" content=\"article\" \/>\n<meta property=\"og:title\" content=\"Zoom - Videoteknologiat\" \/>\n<meta property=\"og:description\" content=\"Funet Zoom on helppok\u00e4ytt\u00f6inen, uuden sukupolven HD-tasoinen virtuaalikokouspalvelu, joka on suunniteltu vastaamaan nykyp\u00e4iv\u00e4n liikkuvan tutkijan, opiskelijan ja opettajan tarpeisiin. Ty\u00f6kaluvalikoima Zoomissa on suunnilleen samanlainen kuin Adobe Connectissa, joten se soveltuu my\u00f6s hybridiopetukseen, mutta edellytt\u00e4\u00e4 hiukan uuden v\u00e4lineen opettelua ja toiminnan uudelleen miettimist\u00e4 \u201dZoomin tavalla\u201d. Kokous on mahdollista tallentaa joko pilveen tai omalle tietokoneelle. Jokainen Jamkin [&hellip;]\" \/>\n<meta property=\"og:url\" content=\"https:\/\/help.jamk.fi\/videoteknologiat\/fi\/valineet-ja-ohjelmistot\/zoom\/\" \/>\n<meta property=\"og:site_name\" content=\"Videoteknologiat\" \/>\n<meta property=\"article:modified_time\" content=\"2024-03-11T08:50:46+00:00\" \/>\n<meta name=\"twitter:card\" content=\"summary_large_image\" \/>\n<meta name=\"twitter:label1\" content=\"Arvioitu lukuaika\" \/>\n\t<meta name=\"twitter:data1\" content=\"2 minuuttia\" \/>\n<script type=\"application\/ld+json\" class=\"yoast-schema-graph\">{\"@context\":\"https:\\\/\\\/schema.org\",\"@graph\":[{\"@type\":\"WebPage\",\"@id\":\"https:\\\/\\\/help.jamk.fi\\\/videoteknologiat\\\/fi\\\/valineet-ja-ohjelmistot\\\/zoom\\\/\",\"url\":\"https:\\\/\\\/help.jamk.fi\\\/videoteknologiat\\\/fi\\\/valineet-ja-ohjelmistot\\\/zoom\\\/\",\"name\":\"Zoom - Videoteknologiat\",\"isPartOf\":{\"@id\":\"https:\\\/\\\/help.jamk.fi\\\/videoteknologiat\\\/#website\"},\"datePublished\":\"2018-06-07T03:27:48+00:00\",\"dateModified\":\"2024-03-11T08:50:46+00:00\",\"breadcrumb\":{\"@id\":\"https:\\\/\\\/help.jamk.fi\\\/videoteknologiat\\\/fi\\\/valineet-ja-ohjelmistot\\\/zoom\\\/#breadcrumb\"},\"inLanguage\":\"fi\",\"potentialAction\":[{\"@type\":\"ReadAction\",\"target\":[\"https:\\\/\\\/help.jamk.fi\\\/videoteknologiat\\\/fi\\\/valineet-ja-ohjelmistot\\\/zoom\\\/\"]}]},{\"@type\":\"BreadcrumbList\",\"@id\":\"https:\\\/\\\/help.jamk.fi\\\/videoteknologiat\\\/fi\\\/valineet-ja-ohjelmistot\\\/zoom\\\/#breadcrumb\",\"itemListElement\":[{\"@type\":\"ListItem\",\"position\":1,\"name\":\"Etusivu\",\"item\":\"https:\\\/\\\/help.jamk.fi\\\/videoteknologiat\\\/fi\\\/\"},{\"@type\":\"ListItem\",\"position\":2,\"name\":\"V\u00e4lineet ja ohjelmistot\",\"item\":\"https:\\\/\\\/help.jamk.fi\\\/videoteknologiat\\\/fi\\\/valineet-ja-ohjelmistot\\\/\"},{\"@type\":\"ListItem\",\"position\":3,\"name\":\"Zoom\"}]},{\"@type\":\"WebSite\",\"@id\":\"https:\\\/\\\/help.jamk.fi\\\/videoteknologiat\\\/#website\",\"url\":\"https:\\\/\\\/help.jamk.fi\\\/videoteknologiat\\\/\",\"name\":\"Videoteknologiat\",\"description\":\"\",\"potentialAction\":[{\"@type\":\"SearchAction\",\"target\":{\"@type\":\"EntryPoint\",\"urlTemplate\":\"https:\\\/\\\/help.jamk.fi\\\/videoteknologiat\\\/?s={search_term_string}\"},\"query-input\":{\"@type\":\"PropertyValueSpecification\",\"valueRequired\":true,\"valueName\":\"search_term_string\"}}],\"inLanguage\":\"fi\"}]}<\/script>\n<!-- \/ Yoast SEO plugin. -->","yoast_head_json":{"title":"Zoom - Videoteknologiat","robots":{"index":"index","follow":"follow","max-snippet":"max-snippet:-1","max-image-preview":"max-image-preview:large","max-video-preview":"max-video-preview:-1"},"canonical":"https:\/\/help.jamk.fi\/videoteknologiat\/fi\/valineet-ja-ohjelmistot\/zoom\/","og_locale":"fi_FI","og_type":"article","og_title":"Zoom - Videoteknologiat","og_description":"Funet Zoom on helppok\u00e4ytt\u00f6inen, uuden sukupolven HD-tasoinen virtuaalikokouspalvelu, joka on suunniteltu vastaamaan nykyp\u00e4iv\u00e4n liikkuvan tutkijan, opiskelijan ja opettajan tarpeisiin. Ty\u00f6kaluvalikoima Zoomissa on suunnilleen samanlainen kuin Adobe Connectissa, joten se soveltuu my\u00f6s hybridiopetukseen, mutta edellytt\u00e4\u00e4 hiukan uuden v\u00e4lineen opettelua ja toiminnan uudelleen miettimist\u00e4 \u201dZoomin tavalla\u201d. Kokous on mahdollista tallentaa joko pilveen tai omalle tietokoneelle. Jokainen Jamkin [&hellip;]","og_url":"https:\/\/help.jamk.fi\/videoteknologiat\/fi\/valineet-ja-ohjelmistot\/zoom\/","og_site_name":"Videoteknologiat","article_modified_time":"2024-03-11T08:50:46+00:00","twitter_card":"summary_large_image","twitter_misc":{"Arvioitu lukuaika":"2 minuuttia"},"schema":{"@context":"https:\/\/schema.org","@graph":[{"@type":"WebPage","@id":"https:\/\/help.jamk.fi\/videoteknologiat\/fi\/valineet-ja-ohjelmistot\/zoom\/","url":"https:\/\/help.jamk.fi\/videoteknologiat\/fi\/valineet-ja-ohjelmistot\/zoom\/","name":"Zoom - Videoteknologiat","isPartOf":{"@id":"https:\/\/help.jamk.fi\/videoteknologiat\/#website"},"datePublished":"2018-06-07T03:27:48+00:00","dateModified":"2024-03-11T08:50:46+00:00","breadcrumb":{"@id":"https:\/\/help.jamk.fi\/videoteknologiat\/fi\/valineet-ja-ohjelmistot\/zoom\/#breadcrumb"},"inLanguage":"fi","potentialAction":[{"@type":"ReadAction","target":["https:\/\/help.jamk.fi\/videoteknologiat\/fi\/valineet-ja-ohjelmistot\/zoom\/"]}]},{"@type":"BreadcrumbList","@id":"https:\/\/help.jamk.fi\/videoteknologiat\/fi\/valineet-ja-ohjelmistot\/zoom\/#breadcrumb","itemListElement":[{"@type":"ListItem","position":1,"name":"Etusivu","item":"https:\/\/help.jamk.fi\/videoteknologiat\/fi\/"},{"@type":"ListItem","position":2,"name":"V\u00e4lineet ja ohjelmistot","item":"https:\/\/help.jamk.fi\/videoteknologiat\/fi\/valineet-ja-ohjelmistot\/"},{"@type":"ListItem","position":3,"name":"Zoom"}]},{"@type":"WebSite","@id":"https:\/\/help.jamk.fi\/videoteknologiat\/#website","url":"https:\/\/help.jamk.fi\/videoteknologiat\/","name":"Videoteknologiat","description":"","potentialAction":[{"@type":"SearchAction","target":{"@type":"EntryPoint","urlTemplate":"https:\/\/help.jamk.fi\/videoteknologiat\/?s={search_term_string}"},"query-input":{"@type":"PropertyValueSpecification","valueRequired":true,"valueName":"search_term_string"}}],"inLanguage":"fi"}]}},"_links":{"self":[{"href":"https:\/\/help.jamk.fi\/videoteknologiat\/wp-json\/wp\/v2\/pages\/69","targetHints":{"allow":["GET"]}}],"collection":[{"href":"https:\/\/help.jamk.fi\/videoteknologiat\/wp-json\/wp\/v2\/pages"}],"about":[{"href":"https:\/\/help.jamk.fi\/videoteknologiat\/wp-json\/wp\/v2\/types\/page"}],"author":[{"embeddable":true,"href":"https:\/\/help.jamk.fi\/videoteknologiat\/wp-json\/wp\/v2\/users\/65"}],"replies":[{"embeddable":true,"href":"https:\/\/help.jamk.fi\/videoteknologiat\/wp-json\/wp\/v2\/comments?post=69"}],"version-history":[{"count":6,"href":"https:\/\/help.jamk.fi\/videoteknologiat\/wp-json\/wp\/v2\/pages\/69\/revisions"}],"predecessor-version":[{"id":2327,"href":"https:\/\/help.jamk.fi\/videoteknologiat\/wp-json\/wp\/v2\/pages\/69\/revisions\/2327"}],"up":[{"embeddable":true,"href":"https:\/\/help.jamk.fi\/videoteknologiat\/wp-json\/wp\/v2\/pages\/36"}],"wp:attachment":[{"href":"https:\/\/help.jamk.fi\/videoteknologiat\/wp-json\/wp\/v2\/media?parent=69"}],"wp:term":[{"taxonomy":"category","embeddable":true,"href":"https:\/\/help.jamk.fi\/videoteknologiat\/wp-json\/wp\/v2\/categories?post=69"},{"taxonomy":"post_tag","embeddable":true,"href":"https:\/\/help.jamk.fi\/videoteknologiat\/wp-json\/wp\/v2\/tags?post=69"}],"curies":[{"name":"wp","href":"https:\/\/api.w.org\/{rel}","templated":true}]}}