{"id":72,"date":"2018-06-07T08:02:42","date_gmt":"2018-06-07T05:02:42","guid":{"rendered":"https:\/\/help.jamk.fi\/videoteknologiat\/valineet-ja-ohjelmistot\/zoom\/zoom-osallistujan-polku-kokoukseen-windows\/"},"modified":"2024-01-19T14:50:27","modified_gmt":"2024-01-19T12:50:27","slug":"zoom-osallistujan-polku-kokoukseen-windows","status":"publish","type":"page","link":"https:\/\/help.jamk.fi\/videoteknologiat\/fi\/valineet-ja-ohjelmistot\/zoom\/zoom-osallistujan-polku-kokoukseen-windows\/","title":{"rendered":"Zoom &#8211; Osallistujan polku kokoukseen (Windows)"},"content":{"rendered":"\n<p>Zoom-kokoukseen p\u00e4\u00e4see liittym\u00e4\u00e4n mukaan kutsussa olevan linkin kautta.<\/p>\n\n\n\n<figure class=\"wp-block-image alignnone wp-image-89 size-full\"><img decoding=\"async\" src=\"https:\/\/help.jamk.fi\/videoteknologiat\/wp-content\/uploads\/sites\/67\/2023\/09\/invitation.png\" alt=\"\" class=\"wp-image-89\"\/><figcaption class=\"wp-element-caption\">Zoom-kokouskutsu<\/figcaption><\/figure>\n\n\n\n<p><strong>Vaihtoehto 1.<\/strong> Linkin klikkaus avaa selaimen, jossa ohjeistetaan lataamaan Zoom-ohjelmisto (<strong>Zoom_launcher.exe<\/strong>). Ohjelman latauduttua asenna se koneellesi klikkaamalla <strong>Zoom_launcher.exe<\/strong> tiedostoa. (Mik\u00e4li asennus ei onnistu, niin selain tarjoaa my\u00f6s selaimella-osallistumisvaihtoehtoa. Silloin osallistujan k\u00e4ytett\u00e4viss\u00e4 olevat toiminnot ovat rajoittuneet ja mm. oman kameran videokuva ei ole k\u00e4ytett\u00e4viss\u00e4). Jos Zoom client on asennettuna, voit liitty\u00e4 sill\u00e4 kokoukseen Join Meeting nappia painamalla ja sy\u00f6tt\u00e4m\u00e4ll\u00e4 kokous id:n.<\/p>\n\n\n\n<figure class=\"wp-block-image alignnone wp-image-88 size-large\"><img decoding=\"async\" src=\"https:\/\/help.jamk.fi\/videoteknologiat\/wp-content\/uploads\/sites\/67\/2023\/09\/browser.png\" alt=\"\" class=\"wp-image-88\"\/><figcaption class=\"wp-element-caption\">Zoom_launcher.exe<\/figcaption><\/figure>\n\n\n\n<p><span style=\"color: #0000ff\"><strong>Vaihtoehto 2.<\/strong> Selaimellakin voi liitty\u00e4 kokoukseen valitsemalla vaihtoehdon <em>join from your browser.<\/em> Ensisijaisesti kannattaa kuitenkin osallistua Zoom-sovelluksella jos vain mahdollista.<\/span><\/p>\n\n\n\n<figure class=\"wp-block-image\"><img decoding=\"async\" src=\"https:\/\/help.jamk.fi\/videoteknologiat\/wp-content\/uploads\/sites\/67\/2023\/09\/join_browser-1.png\" alt=\"\" class=\"wp-image-103\"\/><\/figure>\n\n\n\n<p><strong>Vaihtoehto1 jatkuu<\/strong>. Kun ohjelma on asentunut, se avautuu ja kysyy k\u00e4ytt\u00e4j\u00e4n nime\u00e4. Klikkaa sen j\u00e4lkeen Join-nappia.<\/p>\n\n\n\n<figure class=\"wp-block-image alignnone wp-image-90 size-full\"><img decoding=\"async\" src=\"https:\/\/help.jamk.fi\/videoteknologiat\/wp-content\/uploads\/sites\/67\/2023\/09\/enter.png\" alt=\"\" class=\"wp-image-90\"\/><figcaption class=\"wp-element-caption\">Enter your name<\/figcaption><\/figure>\n\n\n\n<p>Sen j\u00e4lkeen tulee viel\u00e4 hyv\u00e4ksytt\u00e4v\u00e4ksi palveluehdot ja yksityisyyspolitiikka kuvan mukaisesti. Klikkaa tutustuttuasi dokumentteihin I Agree -nappia menn\u00e4ksesi eteenp\u00e4in.<\/p>\n\n\n\n<figure class=\"wp-block-image alignnone size-full wp-image-91\"><img decoding=\"async\" src=\"https:\/\/help.jamk.fi\/videoteknologiat\/wp-content\/uploads\/sites\/67\/2023\/09\/privacy.png\" alt=\"\" class=\"wp-image-91\"\/><figcaption class=\"wp-element-caption\">Palveluehdot ja yksityisyyspolitiikka<\/figcaption><\/figure>\n\n\n\n<p>T\u00e4m\u00e4n j\u00e4lkeen Zoom-ohjelmisto avautuu ja kysyy haluatko liitty\u00e4 kokoukseen k\u00e4ytt\u00e4en tietokoneen \u00e4\u00e4niasetuksia ja -laitteita. Hyv\u00e4ksytty\u00e4si t\u00e4m\u00e4n klikkaamalla nappia Join Audio Conference by Computer, olet mukana kokouksessa ja mikrofoni on auki ja k\u00e4ytett\u00e4viss\u00e4si (ellei sinulla ole sopivia \u00e4\u00e4nilaitteita, voit valita my\u00f6s Phone Call -vaihtoehdon, jolloin voit soittaa k\u00e4ytt\u00e4en puhelinta \u00e4\u00e4nilaitteena mukaan kokoukseen.<\/p>\n\n\n\n<figure class=\"wp-block-image alignnone size-full wp-image-93\"><img decoding=\"async\" src=\"https:\/\/help.jamk.fi\/videoteknologiat\/wp-content\/uploads\/sites\/67\/2023\/09\/zoom_audio.png\" alt=\"\" class=\"wp-image-93\"\/><figcaption class=\"wp-element-caption\">Zoom audio<\/figcaption><\/figure>\n\n\n\n<p>Jos haluat avata videokameran, klikkaa alareunassa vasemmalla olevaa Start Video -nappia. Videokamerasi v\u00e4litt\u00e4m\u00e4 kuva ilmestyy n\u00e4kyville, t\u00e4ss\u00e4 esimerkiss\u00e4 k\u00e4ytt\u00f6liittym\u00e4n yl\u00e4reunaan.<\/p>\n\n\n\n<figure class=\"wp-block-image alignnone size-full wp-image-94\"><img loading=\"lazy\" decoding=\"async\" width=\"500\" height=\"338\" src=\"https:\/\/help.jamk.fi\/videoteknologiat\/wp-content\/uploads\/sites\/67\/2024\/01\/video.png\" alt=\"\" class=\"wp-image-2320\" srcset=\"https:\/\/help.jamk.fi\/videoteknologiat\/wp-content\/uploads\/sites\/67\/2024\/01\/video.png 500w, https:\/\/help.jamk.fi\/videoteknologiat\/wp-content\/uploads\/sites\/67\/2024\/01\/video-300x203.png 300w\" sizes=\"auto, (max-width: 500px) 100vw, 500px\" \/><figcaption class=\"wp-element-caption\">Videokamera k\u00e4ytt\u00f6\u00f6n<\/figcaption><\/figure>\n\n\n\n<p>Videokuvaruudun oikeassa yl\u00e4kulmassa olevasta Gallery View tai Speaker View painikkeista voit valita mill\u00e4 tavalla videokuvat n\u00e4kyv\u00e4t n\u00e4kym\u00e4ss\u00e4. Speaker View suurentaa kulloinkin \u00e4\u00e4ness\u00e4 olevan kuvaa ja Gallery View n\u00e4ytt\u00e4\u00e4 kaikkien kuvat saman kokoisina. Kukin osallistuja voi s\u00e4\u00e4t\u00e4\u00e4 t\u00e4t\u00e4 valintaa omassa laitteessaan itselleen mieluisaksi.<\/p>\n\n\n\n<figure class=\"wp-block-image alignnone size-full wp-image-95\"><img decoding=\"async\" src=\"https:\/\/help.jamk.fi\/videoteknologiat\/wp-content\/uploads\/sites\/67\/2023\/09\/gallery-view.png\" alt=\"\" class=\"wp-image-95\"\/><figcaption class=\"wp-element-caption\">Gallery View<\/figcaption><\/figure>\n\n\n\n<p>K\u00e4ytt\u00f6liittym\u00e4n alaosan painikkeista (Participants, Chat) voit halutessasi avata n\u00e4kyviin osallistujaluettelon ja Chat-n\u00e4kym\u00e4n.<\/p>\n\n\n\n<figure class=\"wp-block-image alignnone size-full wp-image-96\"><img decoding=\"async\" src=\"https:\/\/help.jamk.fi\/videoteknologiat\/wp-content\/uploads\/sites\/67\/2023\/09\/allinclusive.png\" alt=\"\" class=\"wp-image-96\"\/><figcaption class=\"wp-element-caption\">Participants &amp; Chat<\/figcaption><\/figure>\n","protected":false},"excerpt":{"rendered":"<p>Zoom-kokoukseen p\u00e4\u00e4see liittym\u00e4\u00e4n mukaan kutsussa olevan linkin kautta. Vaihtoehto 1. Linkin klikkaus avaa selaimen, jossa ohjeistetaan lataamaan Zoom-ohjelmisto (Zoom_launcher.exe). Ohjelman latauduttua asenna se koneellesi klikkaamalla Zoom_launcher.exe tiedostoa. (Mik\u00e4li asennus ei onnistu, niin selain tarjoaa my\u00f6s selaimella-osallistumisvaihtoehtoa. Silloin osallistujan k\u00e4ytett\u00e4viss\u00e4 olevat toiminnot ovat rajoittuneet ja mm. oman kameran videokuva ei ole k\u00e4ytett\u00e4viss\u00e4). Jos Zoom client on [&hellip;]<\/p>\n","protected":false},"author":65,"featured_media":0,"parent":69,"menu_order":1,"comment_status":"closed","ping_status":"closed","template":"","meta":{"_acf_changed":false,"_relevanssi_hide_post":"","_relevanssi_hide_content":"","_relevanssi_pin_for_all":"","_relevanssi_pin_keywords":"","_relevanssi_unpin_keywords":"","_relevanssi_related_keywords":"","_relevanssi_related_include_ids":"","_relevanssi_related_exclude_ids":"","_relevanssi_related_no_append":"","_relevanssi_related_not_related":"","_relevanssi_related_posts":"","_relevanssi_noindex_reason":"","footnotes":""},"categories":[],"tags":[],"class_list":["post-72","page","type-page","status-publish","hentry"],"acf":[],"yoast_head":"<!-- This site is optimized with the Yoast SEO plugin v27.4 - https:\/\/yoast.com\/product\/yoast-seo-wordpress\/ -->\n<title>Zoom - Osallistujan polku kokoukseen (Windows) - Videoteknologiat<\/title>\n<meta name=\"robots\" content=\"index, follow, max-snippet:-1, max-image-preview:large, max-video-preview:-1\" \/>\n<link rel=\"canonical\" href=\"https:\/\/help.jamk.fi\/videoteknologiat\/fi\/valineet-ja-ohjelmistot\/zoom\/zoom-osallistujan-polku-kokoukseen-windows\/\" \/>\n<meta property=\"og:locale\" content=\"fi_FI\" \/>\n<meta property=\"og:type\" content=\"article\" \/>\n<meta property=\"og:title\" content=\"Zoom - Osallistujan polku kokoukseen (Windows) - Videoteknologiat\" \/>\n<meta property=\"og:description\" content=\"Zoom-kokoukseen p\u00e4\u00e4see liittym\u00e4\u00e4n mukaan kutsussa olevan linkin kautta. Vaihtoehto 1. Linkin klikkaus avaa selaimen, jossa ohjeistetaan lataamaan Zoom-ohjelmisto (Zoom_launcher.exe). Ohjelman latauduttua asenna se koneellesi klikkaamalla Zoom_launcher.exe tiedostoa. (Mik\u00e4li asennus ei onnistu, niin selain tarjoaa my\u00f6s selaimella-osallistumisvaihtoehtoa. Silloin osallistujan k\u00e4ytett\u00e4viss\u00e4 olevat toiminnot ovat rajoittuneet ja mm. oman kameran videokuva ei ole k\u00e4ytett\u00e4viss\u00e4). Jos Zoom client on [&hellip;]\" \/>\n<meta property=\"og:url\" content=\"https:\/\/help.jamk.fi\/videoteknologiat\/fi\/valineet-ja-ohjelmistot\/zoom\/zoom-osallistujan-polku-kokoukseen-windows\/\" \/>\n<meta property=\"og:site_name\" content=\"Videoteknologiat\" \/>\n<meta property=\"article:modified_time\" content=\"2024-01-19T12:50:27+00:00\" \/>\n<meta property=\"og:image\" content=\"https:\/\/help.jamk.fi\/videoteknologiat\/wp-content\/uploads\/sites\/67\/2023\/09\/invitation.png\" \/>\n<meta name=\"twitter:card\" content=\"summary_large_image\" \/>\n<meta name=\"twitter:label1\" content=\"Arvioitu lukuaika\" \/>\n\t<meta name=\"twitter:data1\" content=\"4 minuuttia\" \/>\n<script type=\"application\/ld+json\" class=\"yoast-schema-graph\">{\"@context\":\"https:\\\/\\\/schema.org\",\"@graph\":[{\"@type\":\"WebPage\",\"@id\":\"https:\\\/\\\/help.jamk.fi\\\/videoteknologiat\\\/fi\\\/valineet-ja-ohjelmistot\\\/zoom\\\/zoom-osallistujan-polku-kokoukseen-windows\\\/\",\"url\":\"https:\\\/\\\/help.jamk.fi\\\/videoteknologiat\\\/fi\\\/valineet-ja-ohjelmistot\\\/zoom\\\/zoom-osallistujan-polku-kokoukseen-windows\\\/\",\"name\":\"Zoom - Osallistujan polku kokoukseen (Windows) - Videoteknologiat\",\"isPartOf\":{\"@id\":\"https:\\\/\\\/help.jamk.fi\\\/videoteknologiat\\\/#website\"},\"primaryImageOfPage\":{\"@id\":\"https:\\\/\\\/help.jamk.fi\\\/videoteknologiat\\\/fi\\\/valineet-ja-ohjelmistot\\\/zoom\\\/zoom-osallistujan-polku-kokoukseen-windows\\\/#primaryimage\"},\"image\":{\"@id\":\"https:\\\/\\\/help.jamk.fi\\\/videoteknologiat\\\/fi\\\/valineet-ja-ohjelmistot\\\/zoom\\\/zoom-osallistujan-polku-kokoukseen-windows\\\/#primaryimage\"},\"thumbnailUrl\":\"https:\\\/\\\/help.jamk.fi\\\/videoteknologiat\\\/wp-content\\\/uploads\\\/sites\\\/67\\\/2023\\\/09\\\/invitation.png\",\"datePublished\":\"2018-06-07T05:02:42+00:00\",\"dateModified\":\"2024-01-19T12:50:27+00:00\",\"breadcrumb\":{\"@id\":\"https:\\\/\\\/help.jamk.fi\\\/videoteknologiat\\\/fi\\\/valineet-ja-ohjelmistot\\\/zoom\\\/zoom-osallistujan-polku-kokoukseen-windows\\\/#breadcrumb\"},\"inLanguage\":\"fi\",\"potentialAction\":[{\"@type\":\"ReadAction\",\"target\":[\"https:\\\/\\\/help.jamk.fi\\\/videoteknologiat\\\/fi\\\/valineet-ja-ohjelmistot\\\/zoom\\\/zoom-osallistujan-polku-kokoukseen-windows\\\/\"]}]},{\"@type\":\"ImageObject\",\"inLanguage\":\"fi\",\"@id\":\"https:\\\/\\\/help.jamk.fi\\\/videoteknologiat\\\/fi\\\/valineet-ja-ohjelmistot\\\/zoom\\\/zoom-osallistujan-polku-kokoukseen-windows\\\/#primaryimage\",\"url\":\"\",\"contentUrl\":\"\"},{\"@type\":\"BreadcrumbList\",\"@id\":\"https:\\\/\\\/help.jamk.fi\\\/videoteknologiat\\\/fi\\\/valineet-ja-ohjelmistot\\\/zoom\\\/zoom-osallistujan-polku-kokoukseen-windows\\\/#breadcrumb\",\"itemListElement\":[{\"@type\":\"ListItem\",\"position\":1,\"name\":\"Etusivu\",\"item\":\"https:\\\/\\\/help.jamk.fi\\\/videoteknologiat\\\/fi\\\/\"},{\"@type\":\"ListItem\",\"position\":2,\"name\":\"V\u00e4lineet ja ohjelmistot\",\"item\":\"https:\\\/\\\/help.jamk.fi\\\/videoteknologiat\\\/fi\\\/valineet-ja-ohjelmistot\\\/\"},{\"@type\":\"ListItem\",\"position\":3,\"name\":\"Zoom\",\"item\":\"https:\\\/\\\/help.jamk.fi\\\/videoteknologiat\\\/fi\\\/valineet-ja-ohjelmistot\\\/zoom\\\/\"},{\"@type\":\"ListItem\",\"position\":4,\"name\":\"Zoom &#8211; Osallistujan polku kokoukseen (Windows)\"}]},{\"@type\":\"WebSite\",\"@id\":\"https:\\\/\\\/help.jamk.fi\\\/videoteknologiat\\\/#website\",\"url\":\"https:\\\/\\\/help.jamk.fi\\\/videoteknologiat\\\/\",\"name\":\"Videoteknologiat\",\"description\":\"\",\"potentialAction\":[{\"@type\":\"SearchAction\",\"target\":{\"@type\":\"EntryPoint\",\"urlTemplate\":\"https:\\\/\\\/help.jamk.fi\\\/videoteknologiat\\\/?s={search_term_string}\"},\"query-input\":{\"@type\":\"PropertyValueSpecification\",\"valueRequired\":true,\"valueName\":\"search_term_string\"}}],\"inLanguage\":\"fi\"}]}<\/script>\n<!-- \/ Yoast SEO plugin. -->","yoast_head_json":{"title":"Zoom - Osallistujan polku kokoukseen (Windows) - Videoteknologiat","robots":{"index":"index","follow":"follow","max-snippet":"max-snippet:-1","max-image-preview":"max-image-preview:large","max-video-preview":"max-video-preview:-1"},"canonical":"https:\/\/help.jamk.fi\/videoteknologiat\/fi\/valineet-ja-ohjelmistot\/zoom\/zoom-osallistujan-polku-kokoukseen-windows\/","og_locale":"fi_FI","og_type":"article","og_title":"Zoom - Osallistujan polku kokoukseen (Windows) - Videoteknologiat","og_description":"Zoom-kokoukseen p\u00e4\u00e4see liittym\u00e4\u00e4n mukaan kutsussa olevan linkin kautta. Vaihtoehto 1. Linkin klikkaus avaa selaimen, jossa ohjeistetaan lataamaan Zoom-ohjelmisto (Zoom_launcher.exe). Ohjelman latauduttua asenna se koneellesi klikkaamalla Zoom_launcher.exe tiedostoa. (Mik\u00e4li asennus ei onnistu, niin selain tarjoaa my\u00f6s selaimella-osallistumisvaihtoehtoa. Silloin osallistujan k\u00e4ytett\u00e4viss\u00e4 olevat toiminnot ovat rajoittuneet ja mm. oman kameran videokuva ei ole k\u00e4ytett\u00e4viss\u00e4). Jos Zoom client on [&hellip;]","og_url":"https:\/\/help.jamk.fi\/videoteknologiat\/fi\/valineet-ja-ohjelmistot\/zoom\/zoom-osallistujan-polku-kokoukseen-windows\/","og_site_name":"Videoteknologiat","article_modified_time":"2024-01-19T12:50:27+00:00","og_image":[{"url":"https:\/\/help.jamk.fi\/videoteknologiat\/wp-content\/uploads\/sites\/67\/2023\/09\/invitation.png","type":"","width":"","height":""}],"twitter_card":"summary_large_image","twitter_misc":{"Arvioitu lukuaika":"4 minuuttia"},"schema":{"@context":"https:\/\/schema.org","@graph":[{"@type":"WebPage","@id":"https:\/\/help.jamk.fi\/videoteknologiat\/fi\/valineet-ja-ohjelmistot\/zoom\/zoom-osallistujan-polku-kokoukseen-windows\/","url":"https:\/\/help.jamk.fi\/videoteknologiat\/fi\/valineet-ja-ohjelmistot\/zoom\/zoom-osallistujan-polku-kokoukseen-windows\/","name":"Zoom - Osallistujan polku kokoukseen (Windows) - Videoteknologiat","isPartOf":{"@id":"https:\/\/help.jamk.fi\/videoteknologiat\/#website"},"primaryImageOfPage":{"@id":"https:\/\/help.jamk.fi\/videoteknologiat\/fi\/valineet-ja-ohjelmistot\/zoom\/zoom-osallistujan-polku-kokoukseen-windows\/#primaryimage"},"image":{"@id":"https:\/\/help.jamk.fi\/videoteknologiat\/fi\/valineet-ja-ohjelmistot\/zoom\/zoom-osallistujan-polku-kokoukseen-windows\/#primaryimage"},"thumbnailUrl":"https:\/\/help.jamk.fi\/videoteknologiat\/wp-content\/uploads\/sites\/67\/2023\/09\/invitation.png","datePublished":"2018-06-07T05:02:42+00:00","dateModified":"2024-01-19T12:50:27+00:00","breadcrumb":{"@id":"https:\/\/help.jamk.fi\/videoteknologiat\/fi\/valineet-ja-ohjelmistot\/zoom\/zoom-osallistujan-polku-kokoukseen-windows\/#breadcrumb"},"inLanguage":"fi","potentialAction":[{"@type":"ReadAction","target":["https:\/\/help.jamk.fi\/videoteknologiat\/fi\/valineet-ja-ohjelmistot\/zoom\/zoom-osallistujan-polku-kokoukseen-windows\/"]}]},{"@type":"ImageObject","inLanguage":"fi","@id":"https:\/\/help.jamk.fi\/videoteknologiat\/fi\/valineet-ja-ohjelmistot\/zoom\/zoom-osallistujan-polku-kokoukseen-windows\/#primaryimage","url":"","contentUrl":""},{"@type":"BreadcrumbList","@id":"https:\/\/help.jamk.fi\/videoteknologiat\/fi\/valineet-ja-ohjelmistot\/zoom\/zoom-osallistujan-polku-kokoukseen-windows\/#breadcrumb","itemListElement":[{"@type":"ListItem","position":1,"name":"Etusivu","item":"https:\/\/help.jamk.fi\/videoteknologiat\/fi\/"},{"@type":"ListItem","position":2,"name":"V\u00e4lineet ja ohjelmistot","item":"https:\/\/help.jamk.fi\/videoteknologiat\/fi\/valineet-ja-ohjelmistot\/"},{"@type":"ListItem","position":3,"name":"Zoom","item":"https:\/\/help.jamk.fi\/videoteknologiat\/fi\/valineet-ja-ohjelmistot\/zoom\/"},{"@type":"ListItem","position":4,"name":"Zoom &#8211; Osallistujan polku kokoukseen (Windows)"}]},{"@type":"WebSite","@id":"https:\/\/help.jamk.fi\/videoteknologiat\/#website","url":"https:\/\/help.jamk.fi\/videoteknologiat\/","name":"Videoteknologiat","description":"","potentialAction":[{"@type":"SearchAction","target":{"@type":"EntryPoint","urlTemplate":"https:\/\/help.jamk.fi\/videoteknologiat\/?s={search_term_string}"},"query-input":{"@type":"PropertyValueSpecification","valueRequired":true,"valueName":"search_term_string"}}],"inLanguage":"fi"}]}},"_links":{"self":[{"href":"https:\/\/help.jamk.fi\/videoteknologiat\/wp-json\/wp\/v2\/pages\/72","targetHints":{"allow":["GET"]}}],"collection":[{"href":"https:\/\/help.jamk.fi\/videoteknologiat\/wp-json\/wp\/v2\/pages"}],"about":[{"href":"https:\/\/help.jamk.fi\/videoteknologiat\/wp-json\/wp\/v2\/types\/page"}],"author":[{"embeddable":true,"href":"https:\/\/help.jamk.fi\/videoteknologiat\/wp-json\/wp\/v2\/users\/65"}],"replies":[{"embeddable":true,"href":"https:\/\/help.jamk.fi\/videoteknologiat\/wp-json\/wp\/v2\/comments?post=72"}],"version-history":[{"count":23,"href":"https:\/\/help.jamk.fi\/videoteknologiat\/wp-json\/wp\/v2\/pages\/72\/revisions"}],"predecessor-version":[{"id":2323,"href":"https:\/\/help.jamk.fi\/videoteknologiat\/wp-json\/wp\/v2\/pages\/72\/revisions\/2323"}],"up":[{"embeddable":true,"href":"https:\/\/help.jamk.fi\/videoteknologiat\/wp-json\/wp\/v2\/pages\/69"}],"wp:attachment":[{"href":"https:\/\/help.jamk.fi\/videoteknologiat\/wp-json\/wp\/v2\/media?parent=72"}],"wp:term":[{"taxonomy":"category","embeddable":true,"href":"https:\/\/help.jamk.fi\/videoteknologiat\/wp-json\/wp\/v2\/categories?post=72"},{"taxonomy":"post_tag","embeddable":true,"href":"https:\/\/help.jamk.fi\/videoteknologiat\/wp-json\/wp\/v2\/tags?post=72"}],"curies":[{"name":"wp","href":"https:\/\/api.w.org\/{rel}","templated":true}]}}