{"id":1000,"date":"2023-12-20T10:14:54","date_gmt":"2023-12-20T08:14:54","guid":{"rendered":"https:\/\/help.jamk.fi\/wordpress\/?page_id=1000"},"modified":"2024-09-25T13:18:55","modified_gmt":"2024-09-25T10:18:55","slug":"mediakirjasto-ja-kuvakoot","status":"publish","type":"page","link":"https:\/\/help.jamk.fi\/wordpress\/fi\/sivut\/mediakirjasto-ja-kuvakoot\/","title":{"rendered":"Mediakirjasto"},"content":{"rendered":"\n<p>Mediakirjasto l\u00f6ytyy ohjauspaneelin vasemmasta valikosta kohdasta <strong>Media<\/strong>. T\u00e4\u00e4lt\u00e4 voit hallinnoida kaikkia sivuston kuvia ja liitteit\u00e4 sek\u00e4 yll\u00e4pit\u00e4\u00e4 kansioiden rakennetta. Kansiorakenne on vain kuvien yll\u00e4pidon helpottamista varten, eik\u00e4 se vaikuta sivuston varsinaiseen toimintaan.&nbsp; Mediakirjastossa voit muokata kuvien tietoja. Tiedot p\u00e4ivittyv\u00e4t kaikkiin sivuston kohtiin, joissa kuvaa on k\u00e4ytetty. Tietoja, joita voit muokata, ovat muun muassa vaihtoehtoinen teksti (alt-teksti), otsikko ja kuvateksti. Vaihtoehtoisen tekstin lis\u00e4\u00e4minen parantaa sivuston saavutettavuutta. Vaihtoehtoinen teksti n\u00e4ytet\u00e4\u00e4n k\u00e4ytt\u00e4j\u00e4lle silloin, kun kuvaa ei jostain syyst\u00e4 voida ladata. Vaihtoehtoiseen tekstiin kannattaa kuvata mahdollisimman hyvin, mit\u00e4 kuvassa esitet\u00e4\u00e4n. <\/p>\n\n\n\n<h2 class=\"wp-block-heading\">Kuvien lis\u00e4\u00e4minen<\/h2>\n\n\n\n<p>Voit lis\u00e4t\u00e4 uuden kuvan joko mediakirjastosta, lataamalla sen omalta koneeltasi tai URL-linkill\u00e4. Lis\u00e4\u00e4 kuva samalla tavalla kuin lis\u00e4isit uutta lohkoa eli &#8221;plus&#8221; -painikkeella ja valitse lohkoksi Kuva. Jos lataat uuden kuvan omalta koneeltasi, tallentuu se sivuston mediakirjastoon. Muista t\u00e4ytt\u00e4\u00e4 uudelle kuvalle vaaditut tiedot kuten Otsikko ja Vaihtoehtoinen teksti.<\/p>\n\n\n\n<figure class=\"wp-block-image size-full\"><img loading=\"lazy\" decoding=\"async\" width=\"384\" height=\"383\" src=\"https:\/\/help.jamk.fi\/wordpress\/wp-content\/uploads\/sites\/99\/2024\/06\/Lisaa_kuva-e1718369043118.png\" alt=\"Lis\u00e4\u00e4 uusi kuva &quot;Kuva&quot; -lohkolla\" class=\"wp-image-1404\" srcset=\"https:\/\/help.jamk.fi\/wordpress\/wp-content\/uploads\/sites\/99\/2024\/06\/Lisaa_kuva-e1718369043118.png 384w, https:\/\/help.jamk.fi\/wordpress\/wp-content\/uploads\/sites\/99\/2024\/06\/Lisaa_kuva-e1718369043118-300x300.png 300w, https:\/\/help.jamk.fi\/wordpress\/wp-content\/uploads\/sites\/99\/2024\/06\/Lisaa_kuva-e1718369043118-150x150.png 150w, https:\/\/help.jamk.fi\/wordpress\/wp-content\/uploads\/sites\/99\/2024\/06\/Lisaa_kuva-e1718369043118-100x100.png 100w\" sizes=\"auto, (max-width: 384px) 100vw, 384px\" \/><figcaption class=\"wp-element-caption\">Uuden kuvan lis\u00e4\u00e4minen<\/figcaption><\/figure>\n\n\n\n<h2 class=\"wp-block-heading\">Videoiden upotus<\/h2>\n\n\n\n<p>Voit upottaa sivuille YouTube ja Panopto -videoita. YouTube -videoiden upottamiseen k\u00e4yt\u00e4 sille tarkoitettua, omaa YouTube lohkoa. Muille videoille k\u00e4yt\u00e4 &#8221;Upotus&#8221; -lohkoa<\/p>\n\n\n\n<figure class=\"wp-block-image size-full\"><img loading=\"lazy\" decoding=\"async\" width=\"327\" height=\"727\" src=\"https:\/\/help.jamk.fi\/wordpress\/wp-content\/uploads\/sites\/99\/2024\/06\/video_lohkot.png\" alt=\"Videoupotuksille sopivat Youtube ja upotus l\u00e4hkot l\u00f6ytyv\u00e4t vasemman reunan lohko-luettelosta\" class=\"wp-image-1408\" srcset=\"https:\/\/help.jamk.fi\/wordpress\/wp-content\/uploads\/sites\/99\/2024\/06\/video_lohkot.png 327w, https:\/\/help.jamk.fi\/wordpress\/wp-content\/uploads\/sites\/99\/2024\/06\/video_lohkot-135x300.png 135w\" sizes=\"auto, (max-width: 327px) 100vw, 327px\" \/><figcaption class=\"wp-element-caption\">Videouptous lohkot l\u00f6ytyv\u00e4t lohkoluettelosta<\/figcaption><\/figure>\n\n\n\n<p>Videot tulee upottaa iframe -HTML koodauksella. Kyseisen koodin saat esimerkiksi Panoptosta menem\u00e4ll\u00e4 videon jakamisen asetuksiin ja valitsemalla sielt\u00e4 &#8221;Embed&#8221;. Kopio siel\u00e4 iframe -html koodi sille varattuun kentt\u00e4\u00e4n upotuksessa. Muista Panoptossa my\u00f6s muokata videon katseluoikeuksia. WordPress sivustot ovat julkisia, joten videoidenkin on hyv\u00e4 t\u00e4ll\u00f6in olla m\u00e4\u00e4ritetty julkisiksi esimerkiksi Public (unlisted) -katseluoikeudella.  Katseluoikeuden p\u00e4\u00e4set muokkaamaan videon jakamisen asetuksista &#8221;Who can access this video&#8221; -kohdasta. <\/p>\n\n\n\n<figure class=\"wp-block-image size-full\"><img loading=\"lazy\" decoding=\"async\" width=\"829\" height=\"577\" src=\"https:\/\/help.jamk.fi\/wordpress\/wp-content\/uploads\/sites\/99\/2024\/06\/Panopto_upotus.jpg\" alt=\"Panopton embed -valinnasta saat upotukseen sopivan iframe-html koodauksen. &quot;Who can access this video&quot; -kohdasta voit muokata videon julkiseksi.\" class=\"wp-image-1412\" srcset=\"https:\/\/help.jamk.fi\/wordpress\/wp-content\/uploads\/sites\/99\/2024\/06\/Panopto_upotus.jpg 829w, https:\/\/help.jamk.fi\/wordpress\/wp-content\/uploads\/sites\/99\/2024\/06\/Panopto_upotus-300x209.jpg 300w, https:\/\/help.jamk.fi\/wordpress\/wp-content\/uploads\/sites\/99\/2024\/06\/Panopto_upotus-768x535.jpg 768w\" sizes=\"auto, (max-width: 829px) 100vw, 829px\" \/><figcaption class=\"wp-element-caption\">Panopton videon jakoasetukset<\/figcaption><\/figure>\n\n\n<div id=\"info-lift-block_29c86b82e04a092539627cfb6235563f\" class=\"block-info-lift block-info-lift\">\n  <div class=\"row\">\n    <div class=\"col-12\">\n              <div class=\"block-info-lift__content\">\n          <div class=\"block-info-lift__content__icon\">\n            <span>!<\/span>\n          <\/div>\n          <p class=\"block-info-lift__content__text\">Muista m\u00e4\u00e4ritt\u00e4\u00e4 Panopto -upotuksille vaaditut ev\u00e4steet oikein!<\/p>\n        <\/div>\n          <\/div>\n  <\/div>\n<\/div>\n\n\n<p>Upotus -lohkossa p\u00e4\u00e4set m\u00e4\u00e4ritt\u00e4m\u00e4\u00e4n, mitk\u00e4 ev\u00e4steet tulee olla hyvk\u00e4ksyttyn\u00e4, jotta videon voi katsoa. Jos vaadittuja ev\u00e4steit\u00e4 ei sivustolla ole hyv\u00e4ksytty, tulee k\u00e4ytt\u00e4j\u00e4lle videon tilalle asiasta ilmoitus ja mahdollisuus hyv\u00e4ksy\u00e4 ev\u00e4steet katsoakseen videon. Panopto -upotuksille vaaditaan <strong>ainoastaan v\u00e4ltt\u00e4m\u00e4tt\u00f6mien ev\u00e4steiden lis\u00e4ksi vain &#8221;Mieltymykset \/ Preferences&#8221; -ev\u00e4steet. <\/strong><\/p>\n","protected":false},"excerpt":{"rendered":"<p>Mediakirjasto l\u00f6ytyy ohjauspaneelin vasemmasta valikosta kohdasta Media. T\u00e4\u00e4lt\u00e4 voit hallinnoida kaikkia sivuston kuvia ja liitteit\u00e4 sek\u00e4 yll\u00e4pit\u00e4\u00e4 kansioiden rakennetta. Kansiorakenne on vain kuvien yll\u00e4pidon helpottamista varten, eik\u00e4 se vaikuta sivuston varsinaiseen toimintaan.&nbsp; Mediakirjastossa voit muokata kuvien tietoja. Tiedot p\u00e4ivittyv\u00e4t kaikkiin sivuston kohtiin, joissa kuvaa on k\u00e4ytetty. Tietoja, joita voit muokata, ovat muun muassa vaihtoehtoinen teksti [&hellip;]<\/p>\n","protected":false},"author":66,"featured_media":0,"parent":984,"menu_order":0,"comment_status":"closed","ping_status":"closed","template":"","meta":{"_acf_changed":false,"_relevanssi_hide_post":"","_relevanssi_hide_content":"","_relevanssi_pin_for_all":"","_relevanssi_pin_keywords":"","_relevanssi_unpin_keywords":"","_relevanssi_related_keywords":"","_relevanssi_related_include_ids":"","_relevanssi_related_exclude_ids":"","_relevanssi_related_no_append":"","_relevanssi_related_not_related":"","_relevanssi_related_posts":"","_relevanssi_noindex_reason":"","footnotes":""},"categories":[],"tags":[],"class_list":["post-1000","page","type-page","status-publish","hentry"],"acf":[],"yoast_head":"<!-- This site is optimized with the Yoast SEO plugin v27.4 - https:\/\/yoast.com\/product\/yoast-seo-wordpress\/ -->\n<title>Mediakirjasto - WordPress<\/title>\n<meta name=\"robots\" content=\"index, follow, max-snippet:-1, max-image-preview:large, max-video-preview:-1\" \/>\n<link rel=\"canonical\" href=\"https:\/\/help.jamk.fi\/wordpress\/fi\/sivut\/mediakirjasto-ja-kuvakoot\/\" \/>\n<meta property=\"og:locale\" content=\"fi_FI\" \/>\n<meta property=\"og:type\" content=\"article\" \/>\n<meta property=\"og:title\" content=\"Mediakirjasto - WordPress\" \/>\n<meta property=\"og:description\" content=\"Mediakirjasto l\u00f6ytyy ohjauspaneelin vasemmasta valikosta kohdasta Media. T\u00e4\u00e4lt\u00e4 voit hallinnoida kaikkia sivuston kuvia ja liitteit\u00e4 sek\u00e4 yll\u00e4pit\u00e4\u00e4 kansioiden rakennetta. Kansiorakenne on vain kuvien yll\u00e4pidon helpottamista varten, eik\u00e4 se vaikuta sivuston varsinaiseen toimintaan.&nbsp; Mediakirjastossa voit muokata kuvien tietoja. Tiedot p\u00e4ivittyv\u00e4t kaikkiin sivuston kohtiin, joissa kuvaa on k\u00e4ytetty. Tietoja, joita voit muokata, ovat muun muassa vaihtoehtoinen teksti [&hellip;]\" \/>\n<meta property=\"og:url\" content=\"https:\/\/help.jamk.fi\/wordpress\/fi\/sivut\/mediakirjasto-ja-kuvakoot\/\" \/>\n<meta property=\"og:site_name\" content=\"WordPress\" \/>\n<meta property=\"article:modified_time\" content=\"2024-09-25T10:18:55+00:00\" \/>\n<meta property=\"og:image\" content=\"https:\/\/help.jamk.fi\/wordpress\/wp-content\/uploads\/sites\/99\/2024\/06\/Lisaa_kuva-e1718369043118.png\" \/>\n<meta name=\"twitter:card\" content=\"summary_large_image\" \/>\n<meta name=\"twitter:label1\" content=\"Arvioitu lukuaika\" \/>\n\t<meta name=\"twitter:data1\" content=\"3 minuuttia\" \/>\n<script type=\"application\/ld+json\" class=\"yoast-schema-graph\">{\"@context\":\"https:\\\/\\\/schema.org\",\"@graph\":[{\"@type\":\"WebPage\",\"@id\":\"https:\\\/\\\/help.jamk.fi\\\/wordpress\\\/fi\\\/sivut\\\/mediakirjasto-ja-kuvakoot\\\/\",\"url\":\"https:\\\/\\\/help.jamk.fi\\\/wordpress\\\/fi\\\/sivut\\\/mediakirjasto-ja-kuvakoot\\\/\",\"name\":\"Mediakirjasto - WordPress\",\"isPartOf\":{\"@id\":\"https:\\\/\\\/help.jamk.fi\\\/wordpress\\\/#website\"},\"primaryImageOfPage\":{\"@id\":\"https:\\\/\\\/help.jamk.fi\\\/wordpress\\\/fi\\\/sivut\\\/mediakirjasto-ja-kuvakoot\\\/#primaryimage\"},\"image\":{\"@id\":\"https:\\\/\\\/help.jamk.fi\\\/wordpress\\\/fi\\\/sivut\\\/mediakirjasto-ja-kuvakoot\\\/#primaryimage\"},\"thumbnailUrl\":\"https:\\\/\\\/help.jamk.fi\\\/wordpress\\\/wp-content\\\/uploads\\\/sites\\\/99\\\/2024\\\/06\\\/Lisaa_kuva-e1718369043118.png\",\"datePublished\":\"2023-12-20T08:14:54+00:00\",\"dateModified\":\"2024-09-25T10:18:55+00:00\",\"breadcrumb\":{\"@id\":\"https:\\\/\\\/help.jamk.fi\\\/wordpress\\\/fi\\\/sivut\\\/mediakirjasto-ja-kuvakoot\\\/#breadcrumb\"},\"inLanguage\":\"fi\",\"potentialAction\":[{\"@type\":\"ReadAction\",\"target\":[\"https:\\\/\\\/help.jamk.fi\\\/wordpress\\\/fi\\\/sivut\\\/mediakirjasto-ja-kuvakoot\\\/\"]}]},{\"@type\":\"ImageObject\",\"inLanguage\":\"fi\",\"@id\":\"https:\\\/\\\/help.jamk.fi\\\/wordpress\\\/fi\\\/sivut\\\/mediakirjasto-ja-kuvakoot\\\/#primaryimage\",\"url\":\"https:\\\/\\\/help.jamk.fi\\\/wordpress\\\/wp-content\\\/uploads\\\/sites\\\/99\\\/2024\\\/06\\\/Lisaa_kuva-e1718369043118.png\",\"contentUrl\":\"https:\\\/\\\/help.jamk.fi\\\/wordpress\\\/wp-content\\\/uploads\\\/sites\\\/99\\\/2024\\\/06\\\/Lisaa_kuva-e1718369043118.png\",\"width\":384,\"height\":383,\"caption\":\"Uuden kuvan lis\u00e4\u00e4minen\"},{\"@type\":\"BreadcrumbList\",\"@id\":\"https:\\\/\\\/help.jamk.fi\\\/wordpress\\\/fi\\\/sivut\\\/mediakirjasto-ja-kuvakoot\\\/#breadcrumb\",\"itemListElement\":[{\"@type\":\"ListItem\",\"position\":1,\"name\":\"Etusivu\",\"item\":\"https:\\\/\\\/help.jamk.fi\\\/wordpress\\\/fi\\\/\"},{\"@type\":\"ListItem\",\"position\":2,\"name\":\"Sivun luominen\",\"item\":\"https:\\\/\\\/help.jamk.fi\\\/wordpress\\\/fi\\\/sivut\\\/\"},{\"@type\":\"ListItem\",\"position\":3,\"name\":\"Mediakirjasto\"}]},{\"@type\":\"WebSite\",\"@id\":\"https:\\\/\\\/help.jamk.fi\\\/wordpress\\\/#website\",\"url\":\"https:\\\/\\\/help.jamk.fi\\\/wordpress\\\/\",\"name\":\"WordPress\",\"description\":\"Julkaisuohjeet WordPresseiss\u00e4\",\"potentialAction\":[{\"@type\":\"SearchAction\",\"target\":{\"@type\":\"EntryPoint\",\"urlTemplate\":\"https:\\\/\\\/help.jamk.fi\\\/wordpress\\\/?s={search_term_string}\"},\"query-input\":{\"@type\":\"PropertyValueSpecification\",\"valueRequired\":true,\"valueName\":\"search_term_string\"}}],\"inLanguage\":\"fi\"}]}<\/script>\n<!-- \/ Yoast SEO plugin. -->","yoast_head_json":{"title":"Mediakirjasto - WordPress","robots":{"index":"index","follow":"follow","max-snippet":"max-snippet:-1","max-image-preview":"max-image-preview:large","max-video-preview":"max-video-preview:-1"},"canonical":"https:\/\/help.jamk.fi\/wordpress\/fi\/sivut\/mediakirjasto-ja-kuvakoot\/","og_locale":"fi_FI","og_type":"article","og_title":"Mediakirjasto - WordPress","og_description":"Mediakirjasto l\u00f6ytyy ohjauspaneelin vasemmasta valikosta kohdasta Media. T\u00e4\u00e4lt\u00e4 voit hallinnoida kaikkia sivuston kuvia ja liitteit\u00e4 sek\u00e4 yll\u00e4pit\u00e4\u00e4 kansioiden rakennetta. Kansiorakenne on vain kuvien yll\u00e4pidon helpottamista varten, eik\u00e4 se vaikuta sivuston varsinaiseen toimintaan.&nbsp; Mediakirjastossa voit muokata kuvien tietoja. Tiedot p\u00e4ivittyv\u00e4t kaikkiin sivuston kohtiin, joissa kuvaa on k\u00e4ytetty. Tietoja, joita voit muokata, ovat muun muassa vaihtoehtoinen teksti [&hellip;]","og_url":"https:\/\/help.jamk.fi\/wordpress\/fi\/sivut\/mediakirjasto-ja-kuvakoot\/","og_site_name":"WordPress","article_modified_time":"2024-09-25T10:18:55+00:00","og_image":[{"url":"https:\/\/help.jamk.fi\/wordpress\/wp-content\/uploads\/sites\/99\/2024\/06\/Lisaa_kuva-e1718369043118.png","type":"","width":"","height":""}],"twitter_card":"summary_large_image","twitter_misc":{"Arvioitu lukuaika":"3 minuuttia"},"schema":{"@context":"https:\/\/schema.org","@graph":[{"@type":"WebPage","@id":"https:\/\/help.jamk.fi\/wordpress\/fi\/sivut\/mediakirjasto-ja-kuvakoot\/","url":"https:\/\/help.jamk.fi\/wordpress\/fi\/sivut\/mediakirjasto-ja-kuvakoot\/","name":"Mediakirjasto - WordPress","isPartOf":{"@id":"https:\/\/help.jamk.fi\/wordpress\/#website"},"primaryImageOfPage":{"@id":"https:\/\/help.jamk.fi\/wordpress\/fi\/sivut\/mediakirjasto-ja-kuvakoot\/#primaryimage"},"image":{"@id":"https:\/\/help.jamk.fi\/wordpress\/fi\/sivut\/mediakirjasto-ja-kuvakoot\/#primaryimage"},"thumbnailUrl":"https:\/\/help.jamk.fi\/wordpress\/wp-content\/uploads\/sites\/99\/2024\/06\/Lisaa_kuva-e1718369043118.png","datePublished":"2023-12-20T08:14:54+00:00","dateModified":"2024-09-25T10:18:55+00:00","breadcrumb":{"@id":"https:\/\/help.jamk.fi\/wordpress\/fi\/sivut\/mediakirjasto-ja-kuvakoot\/#breadcrumb"},"inLanguage":"fi","potentialAction":[{"@type":"ReadAction","target":["https:\/\/help.jamk.fi\/wordpress\/fi\/sivut\/mediakirjasto-ja-kuvakoot\/"]}]},{"@type":"ImageObject","inLanguage":"fi","@id":"https:\/\/help.jamk.fi\/wordpress\/fi\/sivut\/mediakirjasto-ja-kuvakoot\/#primaryimage","url":"https:\/\/help.jamk.fi\/wordpress\/wp-content\/uploads\/sites\/99\/2024\/06\/Lisaa_kuva-e1718369043118.png","contentUrl":"https:\/\/help.jamk.fi\/wordpress\/wp-content\/uploads\/sites\/99\/2024\/06\/Lisaa_kuva-e1718369043118.png","width":384,"height":383,"caption":"Uuden kuvan lis\u00e4\u00e4minen"},{"@type":"BreadcrumbList","@id":"https:\/\/help.jamk.fi\/wordpress\/fi\/sivut\/mediakirjasto-ja-kuvakoot\/#breadcrumb","itemListElement":[{"@type":"ListItem","position":1,"name":"Etusivu","item":"https:\/\/help.jamk.fi\/wordpress\/fi\/"},{"@type":"ListItem","position":2,"name":"Sivun luominen","item":"https:\/\/help.jamk.fi\/wordpress\/fi\/sivut\/"},{"@type":"ListItem","position":3,"name":"Mediakirjasto"}]},{"@type":"WebSite","@id":"https:\/\/help.jamk.fi\/wordpress\/#website","url":"https:\/\/help.jamk.fi\/wordpress\/","name":"WordPress","description":"Julkaisuohjeet WordPresseiss\u00e4","potentialAction":[{"@type":"SearchAction","target":{"@type":"EntryPoint","urlTemplate":"https:\/\/help.jamk.fi\/wordpress\/?s={search_term_string}"},"query-input":{"@type":"PropertyValueSpecification","valueRequired":true,"valueName":"search_term_string"}}],"inLanguage":"fi"}]}},"_links":{"self":[{"href":"https:\/\/help.jamk.fi\/wordpress\/wp-json\/wp\/v2\/pages\/1000","targetHints":{"allow":["GET"]}}],"collection":[{"href":"https:\/\/help.jamk.fi\/wordpress\/wp-json\/wp\/v2\/pages"}],"about":[{"href":"https:\/\/help.jamk.fi\/wordpress\/wp-json\/wp\/v2\/types\/page"}],"author":[{"embeddable":true,"href":"https:\/\/help.jamk.fi\/wordpress\/wp-json\/wp\/v2\/users\/66"}],"replies":[{"embeddable":true,"href":"https:\/\/help.jamk.fi\/wordpress\/wp-json\/wp\/v2\/comments?post=1000"}],"version-history":[{"count":15,"href":"https:\/\/help.jamk.fi\/wordpress\/wp-json\/wp\/v2\/pages\/1000\/revisions"}],"predecessor-version":[{"id":1527,"href":"https:\/\/help.jamk.fi\/wordpress\/wp-json\/wp\/v2\/pages\/1000\/revisions\/1527"}],"up":[{"embeddable":true,"href":"https:\/\/help.jamk.fi\/wordpress\/wp-json\/wp\/v2\/pages\/984"}],"wp:attachment":[{"href":"https:\/\/help.jamk.fi\/wordpress\/wp-json\/wp\/v2\/media?parent=1000"}],"wp:term":[{"taxonomy":"category","embeddable":true,"href":"https:\/\/help.jamk.fi\/wordpress\/wp-json\/wp\/v2\/categories?post=1000"},{"taxonomy":"post_tag","embeddable":true,"href":"https:\/\/help.jamk.fi\/wordpress\/wp-json\/wp\/v2\/tags?post=1000"}],"curies":[{"name":"wp","href":"https:\/\/api.w.org\/{rel}","templated":true}]}}