{"id":1022,"date":"2023-12-20T10:14:53","date_gmt":"2023-12-20T08:14:53","guid":{"rendered":"https:\/\/help.jamk.fi\/wordpress\/?page_id=1022"},"modified":"2025-02-11T14:25:51","modified_gmt":"2025-02-11T12:25:51","slug":"hakukoneoptimointi-ja-yoast-seo-tyokalu","status":"publish","type":"page","link":"https:\/\/help.jamk.fi\/wordpress\/fi\/blogin-poistaminen\/hakukoneoptimointi-ja-yoast-seo-tyokalu\/","title":{"rendered":"Hakukoneoptimointi ja Yoast SEO -ty\u00f6kalu"},"content":{"rendered":"\n<p>Yoast SEO -lis\u00e4osan avulla voit optimoida jokaisen sivun sis\u00e4ll\u00f6n hakukoneille. Voit k\u00e4ytt\u00e4\u00e4 lis\u00e4osaa m\u00e4\u00e4ritt\u00e4\u00e4ksesi otsikon, kuvauksen ja avainsanat, joita haluat k\u00e4ytt\u00e4\u00e4 sivullasi.<\/p>\n\n\n\n<p>Yoast SEO&nbsp; tarjoaa my\u00f6s analyysin jokaisesta sivusta, joka auttaa optimoimaan sis\u00e4lt\u00f6\u00e4 paremmin. T\u00e4m\u00e4 analyysi antaa palautetta siit\u00e4, miten hyvin olet optimoinut sivun avainsanoja, kuvauksia ja muita asioita, jotka voivat vaikuttaa hakukonen\u00e4kyvyyteesi.<\/p>\n\n\n\n<p>Jos avaat tietyn sivunja rullaat alas l\u00f6yd\u00e4t Yoast SEO:n asetukset kyseiselle sivulle. T\u00e4\u00e4lt\u00e4 kannattaa t\u00e4ytt\u00e4\u00e4 SEO title ja meta description. T\u00e4\u00e4lt\u00e4 voit my\u00f6s asettaa sivun asetuksen halutessasi niin, ettei hakukoneet l\u00f6yd\u00e4 sivua.<\/p>\n\n\n\n<p>Lis\u00e4ksi voit tarkastella ja muokata Social-v\u00e4lilehdelt\u00e4, somejaossa n\u00e4kyv\u00e4t tiedot. Esim. somejakokuva ja somejaon otsikko<\/p>\n\n\n\n<p>Helpin sis\u00e4iseen, omaan hakuun voit tarvittaessa vaikuttaa lis\u00e4\u00e4m\u00e4ll\u00e4 avainsanoja Sivu- palstan Avainsanat -laatikkoon.<\/p>\n","protected":false},"excerpt":{"rendered":"<p>Yoast SEO -lis\u00e4osan avulla voit optimoida jokaisen sivun sis\u00e4ll\u00f6n hakukoneille. Voit k\u00e4ytt\u00e4\u00e4 lis\u00e4osaa m\u00e4\u00e4ritt\u00e4\u00e4ksesi otsikon, kuvauksen ja avainsanat, joita haluat k\u00e4ytt\u00e4\u00e4 sivullasi. Yoast SEO&nbsp; tarjoaa my\u00f6s analyysin jokaisesta sivusta, joka auttaa optimoimaan sis\u00e4lt\u00f6\u00e4 paremmin. T\u00e4m\u00e4 analyysi antaa palautetta siit\u00e4, miten hyvin olet optimoinut sivun avainsanoja, kuvauksia ja muita asioita, jotka voivat vaikuttaa hakukonen\u00e4kyvyyteesi. Jos avaat [&hellip;]<\/p>\n","protected":false},"author":66,"featured_media":0,"parent":112,"menu_order":2,"comment_status":"closed","ping_status":"closed","template":"","meta":{"_acf_changed":false,"_relevanssi_hide_post":"","_relevanssi_hide_content":"","_relevanssi_pin_for_all":"","_relevanssi_pin_keywords":"","_relevanssi_unpin_keywords":"","_relevanssi_related_keywords":"","_relevanssi_related_include_ids":"","_relevanssi_related_exclude_ids":"","_relevanssi_related_no_append":"","_relevanssi_related_not_related":"","_relevanssi_related_posts":"","_relevanssi_noindex_reason":"","footnotes":""},"categories":[],"tags":[],"class_list":["post-1022","page","type-page","status-publish","hentry"],"acf":[],"yoast_head":"<!-- This site is optimized with the Yoast SEO plugin v27.5 - https:\/\/yoast.com\/product\/yoast-seo-wordpress\/ -->\n<title>Hakukoneoptimointi ja Yoast SEO -ty\u00f6kalu - WordPress<\/title>\n<meta name=\"robots\" content=\"index, follow, max-snippet:-1, max-image-preview:large, max-video-preview:-1\" \/>\n<link rel=\"canonical\" href=\"https:\/\/help.jamk.fi\/wordpress\/fi\/blogin-poistaminen\/hakukoneoptimointi-ja-yoast-seo-tyokalu\/\" \/>\n<meta property=\"og:locale\" content=\"fi_FI\" \/>\n<meta property=\"og:type\" content=\"article\" \/>\n<meta property=\"og:title\" content=\"Hakukoneoptimointi ja Yoast SEO -ty\u00f6kalu - WordPress\" \/>\n<meta property=\"og:description\" content=\"Yoast SEO -lis\u00e4osan avulla voit optimoida jokaisen sivun sis\u00e4ll\u00f6n hakukoneille. Voit k\u00e4ytt\u00e4\u00e4 lis\u00e4osaa m\u00e4\u00e4ritt\u00e4\u00e4ksesi otsikon, kuvauksen ja avainsanat, joita haluat k\u00e4ytt\u00e4\u00e4 sivullasi. Yoast SEO&nbsp; tarjoaa my\u00f6s analyysin jokaisesta sivusta, joka auttaa optimoimaan sis\u00e4lt\u00f6\u00e4 paremmin. T\u00e4m\u00e4 analyysi antaa palautetta siit\u00e4, miten hyvin olet optimoinut sivun avainsanoja, kuvauksia ja muita asioita, jotka voivat vaikuttaa hakukonen\u00e4kyvyyteesi. Jos avaat [&hellip;]\" \/>\n<meta property=\"og:url\" content=\"https:\/\/help.jamk.fi\/wordpress\/fi\/blogin-poistaminen\/hakukoneoptimointi-ja-yoast-seo-tyokalu\/\" \/>\n<meta property=\"og:site_name\" content=\"WordPress\" \/>\n<meta property=\"article:modified_time\" content=\"2025-02-11T12:25:51+00:00\" \/>\n<meta name=\"twitter:card\" content=\"summary_large_image\" \/>\n<meta name=\"twitter:label1\" content=\"Arvioitu lukuaika\" \/>\n\t<meta name=\"twitter:data1\" content=\"1 minuutti\" \/>\n<script type=\"application\/ld+json\" class=\"yoast-schema-graph\">{\"@context\":\"https:\\\/\\\/schema.org\",\"@graph\":[{\"@type\":\"WebPage\",\"@id\":\"https:\\\/\\\/help.jamk.fi\\\/wordpress\\\/fi\\\/blogin-poistaminen\\\/hakukoneoptimointi-ja-yoast-seo-tyokalu\\\/\",\"url\":\"https:\\\/\\\/help.jamk.fi\\\/wordpress\\\/fi\\\/blogin-poistaminen\\\/hakukoneoptimointi-ja-yoast-seo-tyokalu\\\/\",\"name\":\"Hakukoneoptimointi ja Yoast SEO -ty\u00f6kalu - WordPress\",\"isPartOf\":{\"@id\":\"https:\\\/\\\/help.jamk.fi\\\/wordpress\\\/#website\"},\"datePublished\":\"2023-12-20T08:14:53+00:00\",\"dateModified\":\"2025-02-11T12:25:51+00:00\",\"breadcrumb\":{\"@id\":\"https:\\\/\\\/help.jamk.fi\\\/wordpress\\\/fi\\\/blogin-poistaminen\\\/hakukoneoptimointi-ja-yoast-seo-tyokalu\\\/#breadcrumb\"},\"inLanguage\":\"fi\",\"potentialAction\":[{\"@type\":\"ReadAction\",\"target\":[\"https:\\\/\\\/help.jamk.fi\\\/wordpress\\\/fi\\\/blogin-poistaminen\\\/hakukoneoptimointi-ja-yoast-seo-tyokalu\\\/\"]}]},{\"@type\":\"BreadcrumbList\",\"@id\":\"https:\\\/\\\/help.jamk.fi\\\/wordpress\\\/fi\\\/blogin-poistaminen\\\/hakukoneoptimointi-ja-yoast-seo-tyokalu\\\/#breadcrumb\",\"itemListElement\":[{\"@type\":\"ListItem\",\"position\":1,\"name\":\"Etusivu\",\"item\":\"https:\\\/\\\/help.jamk.fi\\\/wordpress\\\/fi\\\/\"},{\"@type\":\"ListItem\",\"position\":2,\"name\":\"Sivustojen yll\u00e4pit\u00e4minen\",\"item\":\"https:\\\/\\\/help.jamk.fi\\\/wordpress\\\/fi\\\/blogin-poistaminen\\\/\"},{\"@type\":\"ListItem\",\"position\":3,\"name\":\"Hakukoneoptimointi ja Yoast SEO -ty\u00f6kalu\"}]},{\"@type\":\"WebSite\",\"@id\":\"https:\\\/\\\/help.jamk.fi\\\/wordpress\\\/#website\",\"url\":\"https:\\\/\\\/help.jamk.fi\\\/wordpress\\\/\",\"name\":\"WordPress\",\"description\":\"Julkaisuohjeet WordPresseiss\u00e4\",\"potentialAction\":[{\"@type\":\"SearchAction\",\"target\":{\"@type\":\"EntryPoint\",\"urlTemplate\":\"https:\\\/\\\/help.jamk.fi\\\/wordpress\\\/?s={search_term_string}\"},\"query-input\":{\"@type\":\"PropertyValueSpecification\",\"valueRequired\":true,\"valueName\":\"search_term_string\"}}],\"inLanguage\":\"fi\"}]}<\/script>\n<!-- \/ Yoast SEO plugin. -->","yoast_head_json":{"title":"Hakukoneoptimointi ja Yoast SEO -ty\u00f6kalu - WordPress","robots":{"index":"index","follow":"follow","max-snippet":"max-snippet:-1","max-image-preview":"max-image-preview:large","max-video-preview":"max-video-preview:-1"},"canonical":"https:\/\/help.jamk.fi\/wordpress\/fi\/blogin-poistaminen\/hakukoneoptimointi-ja-yoast-seo-tyokalu\/","og_locale":"fi_FI","og_type":"article","og_title":"Hakukoneoptimointi ja Yoast SEO -ty\u00f6kalu - WordPress","og_description":"Yoast SEO -lis\u00e4osan avulla voit optimoida jokaisen sivun sis\u00e4ll\u00f6n hakukoneille. Voit k\u00e4ytt\u00e4\u00e4 lis\u00e4osaa m\u00e4\u00e4ritt\u00e4\u00e4ksesi otsikon, kuvauksen ja avainsanat, joita haluat k\u00e4ytt\u00e4\u00e4 sivullasi. Yoast SEO&nbsp; tarjoaa my\u00f6s analyysin jokaisesta sivusta, joka auttaa optimoimaan sis\u00e4lt\u00f6\u00e4 paremmin. T\u00e4m\u00e4 analyysi antaa palautetta siit\u00e4, miten hyvin olet optimoinut sivun avainsanoja, kuvauksia ja muita asioita, jotka voivat vaikuttaa hakukonen\u00e4kyvyyteesi. Jos avaat [&hellip;]","og_url":"https:\/\/help.jamk.fi\/wordpress\/fi\/blogin-poistaminen\/hakukoneoptimointi-ja-yoast-seo-tyokalu\/","og_site_name":"WordPress","article_modified_time":"2025-02-11T12:25:51+00:00","twitter_card":"summary_large_image","twitter_misc":{"Arvioitu lukuaika":"1 minuutti"},"schema":{"@context":"https:\/\/schema.org","@graph":[{"@type":"WebPage","@id":"https:\/\/help.jamk.fi\/wordpress\/fi\/blogin-poistaminen\/hakukoneoptimointi-ja-yoast-seo-tyokalu\/","url":"https:\/\/help.jamk.fi\/wordpress\/fi\/blogin-poistaminen\/hakukoneoptimointi-ja-yoast-seo-tyokalu\/","name":"Hakukoneoptimointi ja Yoast SEO -ty\u00f6kalu - WordPress","isPartOf":{"@id":"https:\/\/help.jamk.fi\/wordpress\/#website"},"datePublished":"2023-12-20T08:14:53+00:00","dateModified":"2025-02-11T12:25:51+00:00","breadcrumb":{"@id":"https:\/\/help.jamk.fi\/wordpress\/fi\/blogin-poistaminen\/hakukoneoptimointi-ja-yoast-seo-tyokalu\/#breadcrumb"},"inLanguage":"fi","potentialAction":[{"@type":"ReadAction","target":["https:\/\/help.jamk.fi\/wordpress\/fi\/blogin-poistaminen\/hakukoneoptimointi-ja-yoast-seo-tyokalu\/"]}]},{"@type":"BreadcrumbList","@id":"https:\/\/help.jamk.fi\/wordpress\/fi\/blogin-poistaminen\/hakukoneoptimointi-ja-yoast-seo-tyokalu\/#breadcrumb","itemListElement":[{"@type":"ListItem","position":1,"name":"Etusivu","item":"https:\/\/help.jamk.fi\/wordpress\/fi\/"},{"@type":"ListItem","position":2,"name":"Sivustojen yll\u00e4pit\u00e4minen","item":"https:\/\/help.jamk.fi\/wordpress\/fi\/blogin-poistaminen\/"},{"@type":"ListItem","position":3,"name":"Hakukoneoptimointi ja Yoast SEO -ty\u00f6kalu"}]},{"@type":"WebSite","@id":"https:\/\/help.jamk.fi\/wordpress\/#website","url":"https:\/\/help.jamk.fi\/wordpress\/","name":"WordPress","description":"Julkaisuohjeet WordPresseiss\u00e4","potentialAction":[{"@type":"SearchAction","target":{"@type":"EntryPoint","urlTemplate":"https:\/\/help.jamk.fi\/wordpress\/?s={search_term_string}"},"query-input":{"@type":"PropertyValueSpecification","valueRequired":true,"valueName":"search_term_string"}}],"inLanguage":"fi"}]}},"_links":{"self":[{"href":"https:\/\/help.jamk.fi\/wordpress\/wp-json\/wp\/v2\/pages\/1022","targetHints":{"allow":["GET"]}}],"collection":[{"href":"https:\/\/help.jamk.fi\/wordpress\/wp-json\/wp\/v2\/pages"}],"about":[{"href":"https:\/\/help.jamk.fi\/wordpress\/wp-json\/wp\/v2\/types\/page"}],"author":[{"embeddable":true,"href":"https:\/\/help.jamk.fi\/wordpress\/wp-json\/wp\/v2\/users\/66"}],"replies":[{"embeddable":true,"href":"https:\/\/help.jamk.fi\/wordpress\/wp-json\/wp\/v2\/comments?post=1022"}],"version-history":[{"count":4,"href":"https:\/\/help.jamk.fi\/wordpress\/wp-json\/wp\/v2\/pages\/1022\/revisions"}],"predecessor-version":[{"id":1322,"href":"https:\/\/help.jamk.fi\/wordpress\/wp-json\/wp\/v2\/pages\/1022\/revisions\/1322"}],"up":[{"embeddable":true,"href":"https:\/\/help.jamk.fi\/wordpress\/wp-json\/wp\/v2\/pages\/112"}],"wp:attachment":[{"href":"https:\/\/help.jamk.fi\/wordpress\/wp-json\/wp\/v2\/media?parent=1022"}],"wp:term":[{"taxonomy":"category","embeddable":true,"href":"https:\/\/help.jamk.fi\/wordpress\/wp-json\/wp\/v2\/categories?post=1022"},{"taxonomy":"post_tag","embeddable":true,"href":"https:\/\/help.jamk.fi\/wordpress\/wp-json\/wp\/v2\/tags?post=1022"}],"curies":[{"name":"wp","href":"https:\/\/api.w.org\/{rel}","templated":true}]}}