{"id":1037,"date":"2023-12-20T10:14:51","date_gmt":"2023-12-20T08:14:51","guid":{"rendered":"https:\/\/help.jamk.fi\/wordpress\/?page_id=1037"},"modified":"2024-09-04T08:19:43","modified_gmt":"2024-09-04T05:19:43","slug":"media-library-and-imagesize","status":"publish","type":"page","link":"https:\/\/help.jamk.fi\/wordpress\/en\/pages\/media-library-and-imagesize\/","title":{"rendered":"Media library"},"content":{"rendered":"\n<p>The Media Library can be found in the left menu of the control panel under Media. Here you can manage all the site\u2019s images and attachments and maintain the folder structure. The folder structure is only for the ease of image maintenance and does not affect the actual operation of the site. In the Media Library, you can edit the information of images. The information will update in all parts of the site where the image has been used. The details you can edit include alternative text (alt-text), title, and caption. Adding alternative text improves the site\u2019s accessibility. The alternative text is displayed to the user when the image cannot be loaded for some reason. The alternative text should describe as accurately as possible what is presented in the image<\/p>\n\n\n\n<h2 class=\"wp-block-heading\">Adding an image<\/h2>\n\n\n\n<p>You can add a new image either from the media library, by uploading it from your own computer, or with a URL link. Add an image in the same way you would add a new block, that is, with the \u2018plus\u2019 button and select the Image block. If you upload a new image from your own computer, it will be saved to the site\u2019s media library. Remember to fill in the required information for the new image such as Title and Alternative text.<\/p>\n\n\n\n<figure class=\"wp-block-image size-full\"><img loading=\"lazy\" decoding=\"async\" width=\"357\" height=\"382\" src=\"https:\/\/help.jamk.fi\/wordpress\/wp-content\/uploads\/sites\/99\/2024\/06\/add_image.png\" alt=\"\" class=\"wp-image-1495\" srcset=\"https:\/\/help.jamk.fi\/wordpress\/wp-content\/uploads\/sites\/99\/2024\/06\/add_image.png 357w, https:\/\/help.jamk.fi\/wordpress\/wp-content\/uploads\/sites\/99\/2024\/06\/add_image-280x300.png 280w\" sizes=\"auto, (max-width: 357px) 100vw, 357px\" \/><figcaption class=\"wp-element-caption\">Add image with a image block<\/figcaption><\/figure>\n\n\n\n<h2 class=\"wp-block-heading\">Adding a video<\/h2>\n\n\n\n<p>You can embed YouTube and Panopto videos on pages. For embedding YouTube videos, use the dedicated YouTube block. For other videos, use the \u2018Upotus\u2019 block<\/p>\n\n\n\n<figure class=\"wp-block-image size-full\"><img loading=\"lazy\" decoding=\"async\" width=\"327\" height=\"727\" src=\"https:\/\/help.jamk.fi\/wordpress\/wp-content\/uploads\/sites\/99\/2024\/06\/video_lohkot.png\" alt=\"\" class=\"wp-image-1408\" srcset=\"https:\/\/help.jamk.fi\/wordpress\/wp-content\/uploads\/sites\/99\/2024\/06\/video_lohkot.png 327w, https:\/\/help.jamk.fi\/wordpress\/wp-content\/uploads\/sites\/99\/2024\/06\/video_lohkot-135x300.png 135w\" sizes=\"auto, (max-width: 327px) 100vw, 327px\" \/><\/figure>\n\n\n\n<p>Videos should be embedded using iframe HTML coding. You can get this code, for example, from Panopto by going to the video sharing settings and selecting \u2018Embed\u2019. Copy the iframe HTML code into the designated field for embedding. Remember to also edit the video viewing permissions in Panopto. WordPress sites are public, so it\u2019s good for the videos to be set to public as well, for example with the Public (unlisted) viewing permission. You can edit the viewing permission from the video sharing settings under the \u2018Who can access this video\u2019 section<\/p>\n\n\n\n<figure class=\"wp-block-image size-full\"><img loading=\"lazy\" decoding=\"async\" width=\"829\" height=\"577\" src=\"https:\/\/help.jamk.fi\/wordpress\/wp-content\/uploads\/sites\/99\/2024\/06\/Panopto_upotus.jpg\" alt=\"\" class=\"wp-image-1412\" srcset=\"https:\/\/help.jamk.fi\/wordpress\/wp-content\/uploads\/sites\/99\/2024\/06\/Panopto_upotus.jpg 829w, https:\/\/help.jamk.fi\/wordpress\/wp-content\/uploads\/sites\/99\/2024\/06\/Panopto_upotus-300x209.jpg 300w, https:\/\/help.jamk.fi\/wordpress\/wp-content\/uploads\/sites\/99\/2024\/06\/Panopto_upotus-768x535.jpg 768w\" sizes=\"auto, (max-width: 829px) 100vw, 829px\" \/><figcaption class=\"wp-element-caption\">Panopto video sharing settings<\/figcaption><\/figure>\n\n\n<div id=\"info-lift-block_9edb79546e4a8da1e337f49be9bf8daf\" class=\"block-info-lift block-info-lift\">\n  <div class=\"row\">\n    <div class=\"col-12\">\n              <div class=\"block-info-lift__content\">\n          <div class=\"block-info-lift__content__icon\">\n            <span>!<\/span>\n          <\/div>\n          <p class=\"block-info-lift__content__text\">Remember to set coorect cookies to be allowed with embed video. Settings are available on block settings<\/p>\n        <\/div>\n          <\/div>\n  <\/div>\n<\/div>\n\n\n<p>In the embed block, you can specify which cookies need to be accepted for the video to be viewable. If the required cookies have not been accepted on the site, the user will receive a notification in place of the video and the opportunity to accept the cookies to watch the video. <strong>For Panopto embeds, only the \u2018Preferences\u2019 cookies are required in addition to the necessary cookies<\/strong>. With Youtube videos, also marketing cookies must be allowed.<\/p>\n\n\n\r\n<div id=\"embed-block_8ea964baf4540ce0c479947251784f5e\" class=\"embed block-embed\">\r\n      <div class=\"block-embed__wrapper\">\r\n\r\n      \r\n          <div class=\"block-embed__cookie-notice--wrapper\" id=\"cookie-notice\">\r\n              <div class=\"block-embed__cookie-notice--text\">\r\n                                    <p>Hyv\u00e4ksy v\u00e4ltt\u00e4m\u00e4tt\u00f6m\u00e4t ev\u00e4steet n\u00e4hd\u00e4ksesi upotetun sis\u00e4ll\u00f6n: preferences.<\/p>\r\n                  <a href=\"#\" class=\"ch2-open-settings-btn\"> Hyv\u00e4ksy v\u00e4ltt\u00e4m\u00e4tt\u00f6m\u00e4t ev\u00e4steet<\/a>\r\n              <\/div>\r\n              <div class=\"block-embed__cookie-reload-notice\">\r\n                  <p class=\"cookie-reload-text\">\r\n                    (Jos olet hyv\u00e4ksynyt ev\u00e4steet, mutta n\u00e4et silti t\u00e4m\u00e4n viestin, lataa sivu uudelleen.)                  <\/p>\r\n                  <a href=\"#\" onclick=\"location.reload(); return false;\">\r\n                    Lataa sivu uudelleen                  <\/a>\r\n              <\/div>\r\n          <\/div>\r\n\r\n      \r\n      <\/div>\r\n<\/div>\r\n","protected":false},"excerpt":{"rendered":"<p>The Media Library can be found in the left menu of the control panel under Media. Here you can manage all the site\u2019s images and attachments and maintain the folder structure. The folder structure is only for the ease of image maintenance and does not affect the actual operation of the site. In the Media [&hellip;]<\/p>\n","protected":false},"author":66,"featured_media":0,"parent":1046,"menu_order":0,"comment_status":"closed","ping_status":"closed","template":"","meta":{"_acf_changed":false,"_relevanssi_hide_post":"","_relevanssi_hide_content":"","_relevanssi_pin_for_all":"","_relevanssi_pin_keywords":"","_relevanssi_unpin_keywords":"","_relevanssi_related_keywords":"","_relevanssi_related_include_ids":"","_relevanssi_related_exclude_ids":"","_relevanssi_related_no_append":"","_relevanssi_related_not_related":"","_relevanssi_related_posts":"","_relevanssi_noindex_reason":"","footnotes":""},"categories":[],"tags":[],"class_list":["post-1037","page","type-page","status-publish","hentry"],"acf":[],"yoast_head":"<!-- This site is optimized with the Yoast SEO plugin v27.3 - https:\/\/yoast.com\/product\/yoast-seo-wordpress\/ -->\n<title>Media library - WordPress<\/title>\n<meta name=\"robots\" content=\"index, follow, max-snippet:-1, max-image-preview:large, max-video-preview:-1\" \/>\n<link rel=\"canonical\" href=\"https:\/\/help.jamk.fi\/wordpress\/en\/pages\/media-library-and-imagesize\/\" \/>\n<meta property=\"og:locale\" content=\"fi_FI\" \/>\n<meta property=\"og:type\" content=\"article\" \/>\n<meta property=\"og:title\" content=\"Media library - WordPress\" \/>\n<meta property=\"og:description\" content=\"The Media Library can be found in the left menu of the control panel under Media. Here you can manage all the site\u2019s images and attachments and maintain the folder structure. The folder structure is only for the ease of image maintenance and does not affect the actual operation of the site. In the Media [&hellip;]\" \/>\n<meta property=\"og:url\" content=\"https:\/\/help.jamk.fi\/wordpress\/en\/pages\/media-library-and-imagesize\/\" \/>\n<meta property=\"og:site_name\" content=\"WordPress\" \/>\n<meta property=\"article:modified_time\" content=\"2024-09-04T05:19:43+00:00\" \/>\n<meta property=\"og:image\" content=\"https:\/\/help.jamk.fi\/wordpress\/wp-content\/uploads\/sites\/99\/2024\/06\/add_image.png\" \/>\n<meta name=\"twitter:card\" content=\"summary_large_image\" \/>\n<meta name=\"twitter:label1\" content=\"Arvioitu lukuaika\" \/>\n\t<meta name=\"twitter:data1\" content=\"4 minuuttia\" \/>\n<script type=\"application\/ld+json\" class=\"yoast-schema-graph\">{\"@context\":\"https:\\\/\\\/schema.org\",\"@graph\":[{\"@type\":\"WebPage\",\"@id\":\"https:\\\/\\\/help.jamk.fi\\\/wordpress\\\/en\\\/pages\\\/media-library-and-imagesize\\\/\",\"url\":\"https:\\\/\\\/help.jamk.fi\\\/wordpress\\\/en\\\/pages\\\/media-library-and-imagesize\\\/\",\"name\":\"Media library - WordPress\",\"isPartOf\":{\"@id\":\"https:\\\/\\\/help.jamk.fi\\\/wordpress\\\/#website\"},\"primaryImageOfPage\":{\"@id\":\"https:\\\/\\\/help.jamk.fi\\\/wordpress\\\/en\\\/pages\\\/media-library-and-imagesize\\\/#primaryimage\"},\"image\":{\"@id\":\"https:\\\/\\\/help.jamk.fi\\\/wordpress\\\/en\\\/pages\\\/media-library-and-imagesize\\\/#primaryimage\"},\"thumbnailUrl\":\"https:\\\/\\\/help.jamk.fi\\\/wordpress\\\/wp-content\\\/uploads\\\/sites\\\/99\\\/2024\\\/06\\\/add_image.png\",\"datePublished\":\"2023-12-20T08:14:51+00:00\",\"dateModified\":\"2024-09-04T05:19:43+00:00\",\"breadcrumb\":{\"@id\":\"https:\\\/\\\/help.jamk.fi\\\/wordpress\\\/en\\\/pages\\\/media-library-and-imagesize\\\/#breadcrumb\"},\"inLanguage\":\"fi\",\"potentialAction\":[{\"@type\":\"ReadAction\",\"target\":[\"https:\\\/\\\/help.jamk.fi\\\/wordpress\\\/en\\\/pages\\\/media-library-and-imagesize\\\/\"]}]},{\"@type\":\"ImageObject\",\"inLanguage\":\"fi\",\"@id\":\"https:\\\/\\\/help.jamk.fi\\\/wordpress\\\/en\\\/pages\\\/media-library-and-imagesize\\\/#primaryimage\",\"url\":\"https:\\\/\\\/help.jamk.fi\\\/wordpress\\\/wp-content\\\/uploads\\\/sites\\\/99\\\/2024\\\/06\\\/add_image.png\",\"contentUrl\":\"https:\\\/\\\/help.jamk.fi\\\/wordpress\\\/wp-content\\\/uploads\\\/sites\\\/99\\\/2024\\\/06\\\/add_image.png\",\"width\":357,\"height\":382},{\"@type\":\"BreadcrumbList\",\"@id\":\"https:\\\/\\\/help.jamk.fi\\\/wordpress\\\/en\\\/pages\\\/media-library-and-imagesize\\\/#breadcrumb\",\"itemListElement\":[{\"@type\":\"ListItem\",\"position\":1,\"name\":\"Etusivu\",\"item\":\"https:\\\/\\\/help.jamk.fi\\\/wordpress\\\/fi\\\/\"},{\"@type\":\"ListItem\",\"position\":2,\"name\":\"Creating a new page\",\"item\":\"https:\\\/\\\/help.jamk.fi\\\/wordpress\\\/en\\\/pages\\\/\"},{\"@type\":\"ListItem\",\"position\":3,\"name\":\"Media library\"}]},{\"@type\":\"WebSite\",\"@id\":\"https:\\\/\\\/help.jamk.fi\\\/wordpress\\\/#website\",\"url\":\"https:\\\/\\\/help.jamk.fi\\\/wordpress\\\/\",\"name\":\"WordPress\",\"description\":\"Julkaisuohjeet WordPresseiss\u00e4\",\"potentialAction\":[{\"@type\":\"SearchAction\",\"target\":{\"@type\":\"EntryPoint\",\"urlTemplate\":\"https:\\\/\\\/help.jamk.fi\\\/wordpress\\\/?s={search_term_string}\"},\"query-input\":{\"@type\":\"PropertyValueSpecification\",\"valueRequired\":true,\"valueName\":\"search_term_string\"}}],\"inLanguage\":\"fi\"}]}<\/script>\n<!-- \/ Yoast SEO plugin. -->","yoast_head_json":{"title":"Media library - WordPress","robots":{"index":"index","follow":"follow","max-snippet":"max-snippet:-1","max-image-preview":"max-image-preview:large","max-video-preview":"max-video-preview:-1"},"canonical":"https:\/\/help.jamk.fi\/wordpress\/en\/pages\/media-library-and-imagesize\/","og_locale":"fi_FI","og_type":"article","og_title":"Media library - WordPress","og_description":"The Media Library can be found in the left menu of the control panel under Media. Here you can manage all the site\u2019s images and attachments and maintain the folder structure. The folder structure is only for the ease of image maintenance and does not affect the actual operation of the site. In the Media [&hellip;]","og_url":"https:\/\/help.jamk.fi\/wordpress\/en\/pages\/media-library-and-imagesize\/","og_site_name":"WordPress","article_modified_time":"2024-09-04T05:19:43+00:00","og_image":[{"url":"https:\/\/help.jamk.fi\/wordpress\/wp-content\/uploads\/sites\/99\/2024\/06\/add_image.png","type":"","width":"","height":""}],"twitter_card":"summary_large_image","twitter_misc":{"Arvioitu lukuaika":"4 minuuttia"},"schema":{"@context":"https:\/\/schema.org","@graph":[{"@type":"WebPage","@id":"https:\/\/help.jamk.fi\/wordpress\/en\/pages\/media-library-and-imagesize\/","url":"https:\/\/help.jamk.fi\/wordpress\/en\/pages\/media-library-and-imagesize\/","name":"Media library - WordPress","isPartOf":{"@id":"https:\/\/help.jamk.fi\/wordpress\/#website"},"primaryImageOfPage":{"@id":"https:\/\/help.jamk.fi\/wordpress\/en\/pages\/media-library-and-imagesize\/#primaryimage"},"image":{"@id":"https:\/\/help.jamk.fi\/wordpress\/en\/pages\/media-library-and-imagesize\/#primaryimage"},"thumbnailUrl":"https:\/\/help.jamk.fi\/wordpress\/wp-content\/uploads\/sites\/99\/2024\/06\/add_image.png","datePublished":"2023-12-20T08:14:51+00:00","dateModified":"2024-09-04T05:19:43+00:00","breadcrumb":{"@id":"https:\/\/help.jamk.fi\/wordpress\/en\/pages\/media-library-and-imagesize\/#breadcrumb"},"inLanguage":"fi","potentialAction":[{"@type":"ReadAction","target":["https:\/\/help.jamk.fi\/wordpress\/en\/pages\/media-library-and-imagesize\/"]}]},{"@type":"ImageObject","inLanguage":"fi","@id":"https:\/\/help.jamk.fi\/wordpress\/en\/pages\/media-library-and-imagesize\/#primaryimage","url":"https:\/\/help.jamk.fi\/wordpress\/wp-content\/uploads\/sites\/99\/2024\/06\/add_image.png","contentUrl":"https:\/\/help.jamk.fi\/wordpress\/wp-content\/uploads\/sites\/99\/2024\/06\/add_image.png","width":357,"height":382},{"@type":"BreadcrumbList","@id":"https:\/\/help.jamk.fi\/wordpress\/en\/pages\/media-library-and-imagesize\/#breadcrumb","itemListElement":[{"@type":"ListItem","position":1,"name":"Etusivu","item":"https:\/\/help.jamk.fi\/wordpress\/fi\/"},{"@type":"ListItem","position":2,"name":"Creating a new page","item":"https:\/\/help.jamk.fi\/wordpress\/en\/pages\/"},{"@type":"ListItem","position":3,"name":"Media library"}]},{"@type":"WebSite","@id":"https:\/\/help.jamk.fi\/wordpress\/#website","url":"https:\/\/help.jamk.fi\/wordpress\/","name":"WordPress","description":"Julkaisuohjeet WordPresseiss\u00e4","potentialAction":[{"@type":"SearchAction","target":{"@type":"EntryPoint","urlTemplate":"https:\/\/help.jamk.fi\/wordpress\/?s={search_term_string}"},"query-input":{"@type":"PropertyValueSpecification","valueRequired":true,"valueName":"search_term_string"}}],"inLanguage":"fi"}]}},"_links":{"self":[{"href":"https:\/\/help.jamk.fi\/wordpress\/wp-json\/wp\/v2\/pages\/1037","targetHints":{"allow":["GET"]}}],"collection":[{"href":"https:\/\/help.jamk.fi\/wordpress\/wp-json\/wp\/v2\/pages"}],"about":[{"href":"https:\/\/help.jamk.fi\/wordpress\/wp-json\/wp\/v2\/types\/page"}],"author":[{"embeddable":true,"href":"https:\/\/help.jamk.fi\/wordpress\/wp-json\/wp\/v2\/users\/66"}],"replies":[{"embeddable":true,"href":"https:\/\/help.jamk.fi\/wordpress\/wp-json\/wp\/v2\/comments?post=1037"}],"version-history":[{"count":5,"href":"https:\/\/help.jamk.fi\/wordpress\/wp-json\/wp\/v2\/pages\/1037\/revisions"}],"predecessor-version":[{"id":1522,"href":"https:\/\/help.jamk.fi\/wordpress\/wp-json\/wp\/v2\/pages\/1037\/revisions\/1522"}],"up":[{"embeddable":true,"href":"https:\/\/help.jamk.fi\/wordpress\/wp-json\/wp\/v2\/pages\/1046"}],"wp:attachment":[{"href":"https:\/\/help.jamk.fi\/wordpress\/wp-json\/wp\/v2\/media?parent=1037"}],"wp:term":[{"taxonomy":"category","embeddable":true,"href":"https:\/\/help.jamk.fi\/wordpress\/wp-json\/wp\/v2\/categories?post=1037"},{"taxonomy":"post_tag","embeddable":true,"href":"https:\/\/help.jamk.fi\/wordpress\/wp-json\/wp\/v2\/tags?post=1037"}],"curies":[{"name":"wp","href":"https:\/\/api.w.org\/{rel}","templated":true}]}}