{"id":1046,"date":"2023-10-24T13:45:01","date_gmt":"2023-10-24T10:45:01","guid":{"rendered":"https:\/\/help.jamk.fi\/wordpress\/?page_id=1046"},"modified":"2024-06-19T14:34:33","modified_gmt":"2024-06-19T11:34:33","slug":"pages","status":"publish","type":"page","link":"https:\/\/help.jamk.fi\/wordpress\/en\/pages\/","title":{"rendered":"Creating a new page"},"content":{"rendered":"\n<p>This help page goes through how you can create a new page, how to create content for it, as well as how to edit, copy, or delete the page. Blocks are used on the Help pages for creating content and for visual presentation. You can use simple title and paragraph blocks or pre-tailored, more visual blocks.<\/p>\n\n\n\n<h2 class=\"wp-block-heading\">Creating a new page and settings<\/h2>\n\n\n\n<p>Add a new page by selecting Pages -> Add New Page from the left side of the control view. (Articles are not used!) The Content Page template are used as a default, so there is no need to select a template separately. If you are creating a front page for the site, you can change the page template used from the right-hand column. Select the Page tab and switch to the Jamk Front Page from the Page Template section. The site has two page templates available: Content Page (narrow page template) and Jamk Front Page (full-width page template). <strong>The Jamk Front Page template is used only on the front pages of sites.<\/strong><\/p>\n\n\n\n<figure class=\"wp-block-image size-full is-resized is-style-default\"><img loading=\"lazy\" decoding=\"async\" width=\"313\" height=\"592\" src=\"https:\/\/help.jamk.fi\/wordpress\/wp-content\/uploads\/sites\/99\/2023\/12\/WP-page-settings.png\" alt=\"Choosing page template from Page settings\" class=\"wp-image-1146\" style=\"aspect-ratio:0.5292712066905615;width:443px;height:auto\" srcset=\"https:\/\/help.jamk.fi\/wordpress\/wp-content\/uploads\/sites\/99\/2023\/12\/WP-page-settings.png 313w, https:\/\/help.jamk.fi\/wordpress\/wp-content\/uploads\/sites\/99\/2023\/12\/WP-page-settings-159x300.png 159w\" sizes=\"auto, (max-width: 313px) 100vw, 313px\" \/><\/figure>\n\n\n\n<p>You can also create a duplicate by opening the edit view of the page you want to copy and clicking the <em>Copy to New Draft <\/em>or <em>Duplicate Post <\/em>button at the top. When you have duplicated a page, <strong>name it differently<\/strong> and <strong>check the page path identifier from the permalink section<\/strong> on the right column.<\/p>\n\n\n<div id=\"info-lift-block_626bdde7cfb4ac35f795c6fbfe3c2c94\" class=\"block-info-lift block-info-lift\">\n  <div class=\"row\">\n    <div class=\"col-12\">\n              <div class=\"block-info-lift__content\">\n          <div class=\"block-info-lift__content__icon\">\n            <span>!<\/span>\n          <\/div>\n          <p class=\"block-info-lift__content__text\">Default site template is Content Page. Jamk Front Page -template is used only on Front pages of each sites!<\/p>\n        <\/div>\n          <\/div>\n  <\/div>\n<\/div>\n\n\n<h2 class=\"wp-block-heading\"><strong>Adding blocks<\/strong><\/h2>\n\n\n\n<p>You can add blocks by clicking the \u201cplus\u201d icon from the right-top corner. or hovering the cursor between blocks. After clicking, select the block you want, which will appear at the end of the editor view. You can search for a block by name <strong>Note! The available blocks vary depending on the page template used<\/strong>.<\/p>\n\n\n\n<figure class=\"wp-block-image size-full\"><img loading=\"lazy\" decoding=\"async\" width=\"1375\" height=\"407\" src=\"https:\/\/help.jamk.fi\/wordpress\/wp-content\/uploads\/sites\/99\/2023\/12\/wp-add-new-block-1.png\" alt=\"Add new block by clicking Plus-icon\" class=\"wp-image-1227\" srcset=\"https:\/\/help.jamk.fi\/wordpress\/wp-content\/uploads\/sites\/99\/2023\/12\/wp-add-new-block-1.png 1375w, https:\/\/help.jamk.fi\/wordpress\/wp-content\/uploads\/sites\/99\/2023\/12\/wp-add-new-block-1-300x89.png 300w, https:\/\/help.jamk.fi\/wordpress\/wp-content\/uploads\/sites\/99\/2023\/12\/wp-add-new-block-1-1024x303.png 1024w, https:\/\/help.jamk.fi\/wordpress\/wp-content\/uploads\/sites\/99\/2023\/12\/wp-add-new-block-1-768x227.png 768w\" sizes=\"auto, (max-width: 1375px) 100vw, 1375px\" \/><figcaption class=\"wp-element-caption\">Add new blocks with Plus -sign. (On the left-top corner)<\/figcaption><\/figure>\n\n\n\n<p>You can get familiar with the blocks available from Content Page Blocks and Full-width Page Blocks<\/p>\n\n\n\n<p>The new element always drops to the last in the content. You can raise it by clicking the element active and then up arrow on the page. You can also drag the element by pressing the six dots on the left side of the arrows.<\/p>\n\n\n\n<figure class=\"wp-block-image size-full\"><img loading=\"lazy\" decoding=\"async\" width=\"1081\" height=\"271\" src=\"https:\/\/help.jamk.fi\/wordpress\/wp-content\/uploads\/sites\/99\/2023\/12\/wp-move-block.png\" alt=\"Move blocks in page using arrows \" class=\"wp-image-1228\" srcset=\"https:\/\/help.jamk.fi\/wordpress\/wp-content\/uploads\/sites\/99\/2023\/12\/wp-move-block.png 1081w, https:\/\/help.jamk.fi\/wordpress\/wp-content\/uploads\/sites\/99\/2023\/12\/wp-move-block-300x75.png 300w, https:\/\/help.jamk.fi\/wordpress\/wp-content\/uploads\/sites\/99\/2023\/12\/wp-move-block-1024x257.png 1024w, https:\/\/help.jamk.fi\/wordpress\/wp-content\/uploads\/sites\/99\/2023\/12\/wp-move-block-768x193.png 768w\" sizes=\"auto, (max-width: 1081px) 100vw, 1081px\" \/><\/figure>\n\n\n\n<figure class=\"wp-block-image size-full is-resized\"><img loading=\"lazy\" decoding=\"async\" width=\"940\" height=\"470\" src=\"https:\/\/help.jamk.fi\/wordpress\/wp-content\/uploads\/sites\/99\/2023\/10\/image-11.png\" alt=\"Block settings, background color, choose order of text and image\" class=\"wp-image-991\" style=\"aspect-ratio:2;width:940px;height:auto\"\/><\/figure>\n\n\n\n<p>Use headings in hierarchical order. The main heading of the page (on a black background) is an H1-level heading. Therefore, use H2-level and smaller headings on the page itself. You can add regular content text with the \u2018Paragraph\u2019 block and get a visual appearance by using pre-tailored blocks. You can also copy text content from an old site. However, note that in the regular paste function (CTRL+V), the text definitions and styles (such as headings, boldings, links, etc.) are preserved. If you want to paste the copied text as plain text, use the CTRL+SHIFT+V key combination. <strong>Always remember to save your changes after editing with the \u2018Update\u2019 or \u2018Save Draft\u2019 buttons in the upper right corner<\/strong><\/p>\n\n\n<div id=\"info-lift-block_7f16b2d05e8364a7dcce1810507e1b32\" class=\"block-info-lift block-info-lift\">\n  <div class=\"row\">\n    <div class=\"col-12\">\n              <div class=\"block-info-lift__content\">\n          <div class=\"block-info-lift__content__icon\">\n            <span>!<\/span>\n          <\/div>\n          <p class=\"block-info-lift__content__text\">Consider what kind of content you are creating and what element best suits presenting the content.<\/p>\n        <\/div>\n          <\/div>\n  <\/div>\n<\/div>\n\n\n<h2 class=\"wp-block-heading\">Adding links<\/h2>\n\n\n\n<p>You can add a link to a page using the \u2018Add link\u2019 button. If the target page is on the same site, it is advisable to use relative links. This way, the link will automatically update if that page is moved or renamed. You can add a relative link by entering the page name in the search field and selecting the desired target page. <\/p>\n\n\n\n<figure class=\"wp-block-image size-full\"><img loading=\"lazy\" decoding=\"async\" width=\"366\" height=\"57\" src=\"https:\/\/help.jamk.fi\/wordpress\/wp-content\/uploads\/sites\/99\/2024\/06\/uusi_linkki.png\" alt=\"\" class=\"wp-image-1432\" srcset=\"https:\/\/help.jamk.fi\/wordpress\/wp-content\/uploads\/sites\/99\/2024\/06\/uusi_linkki.png 366w, https:\/\/help.jamk.fi\/wordpress\/wp-content\/uploads\/sites\/99\/2024\/06\/uusi_linkki-300x47.png 300w\" sizes=\"auto, (max-width: 366px) 100vw, 366px\" \/><figcaption class=\"wp-element-caption\">Add a link<\/figcaption><\/figure>\n\n\n\n<p>If the link destination is to another site, then use absolute addresses. Write and copy\/paste the entire target address into the designated box. Do not use the \u2018Open in a new tab\u2019 option; instead, let the end-user decide whether to open the page in a new tab or no<\/p>\n\n\n\n<h2 class=\"wp-block-heading\">Articles and announcements<\/h2>\n\n\n\n<p>News (Articles and annoucments) are published on Elmo-Intra are are fetch as a RSS-feed into Help front page automatically. Due to usage rights, any possible image in the news will not be transferred along with the feed to Help-site.<\/p>\n\n\n\n<h2 class=\"wp-block-heading\">Save as a draft and publishing<\/h2>\n\n\n\n<p>When you are creating a new page, it\u2019s a good idea to save a draft of the page at regular intervals. This can be done with the \u2018Save Draft\u2019 button in the upper right corner. You can access the Preview view with the \u2018View Page\u2019 button.<\/p>\n\n\n\n<p>When the page is ready, it\u2019s time to publish it. Click the \u2018Publish\u2019 button and then click \u2018Publish\u2019 again. After publication, the page is publicly available to everyone. It is always possible to edit the page or revert it back to draft status.<\/p>\n\n\n\n<figure class=\"wp-block-image size-full is-resized\"><img loading=\"lazy\" decoding=\"async\" width=\"431\" height=\"435\" src=\"https:\/\/help.jamk.fi\/wordpress\/wp-content\/uploads\/sites\/99\/2023\/10\/image-7.png\" alt=\"\" class=\"wp-image-987\" style=\"aspect-ratio:0.9908045977011494;width:431px;height:auto\"\/><\/figure>\n\n\n\n<p>Click the \u201cfile\u201d icon to activate it (blue) and then add the language version from the plus sign. This way you get a copy of the elements, and you only need to change the text content.<\/p>\n\n\n\n<p>At the end of the edit view, at the bottom of the page, you will also find edit fields for the right side column lifts. You can set an automatic content service request lift and\/or manually entered background color lifts (fields to be entered are title, ingress and link)<\/p>\n\n\n\n<p><strong>Sitemap and navigation<\/strong><\/p>\n\n\n\n<p>Scroll down the right column and select the top page for the page from the <em>\u201cPage Attributes\u201d <\/em>section. If the page you created is the top level, you don\u2019t need to make a selection.<\/p>\n\n\n\n<p>The sitemap and navigation is automatically built based on how main pages and subpages are set for the pages. You set the top page from the bottom of the right column in the <em>Page Attributes <\/em>section. The order describes in what structural order the pages come. The larger the number, the lower the page is located in the menu and vice versa.<\/p>\n\n\n\n<figure class=\"wp-block-image size-full is-resized\"><img loading=\"lazy\" decoding=\"async\" width=\"295\" height=\"190\" src=\"https:\/\/help.jamk.fi\/wordpress\/wp-content\/uploads\/sites\/99\/2023\/12\/WP-page-attributes-1.png\" alt=\"Page attributes, choosing Parent page and order in navigation\" class=\"wp-image-1147\" style=\"width:443px\"\/><\/figure>\n\n\n\n<p><strong>Note!<\/strong>  If a specific page should<strong> not <\/strong>appear in the navigation, this must be selected from the site settings.<\/p>\n\n\n\n<p>The setting can be found in the editing view, Page -&gt; N\u00e4ytet\u00e4\u00e4nk\u00f6 sivu navigaatiossa (Show page in navigation).<\/p>\n\n\n\n<p>Ei lis\u00e4t\u00e4 sivua valikkoon = Page is <strong>not<\/strong> added to navigation<\/p>\n\n\n\n<figure class=\"wp-block-image size-full\"><img loading=\"lazy\" decoding=\"async\" width=\"279\" height=\"239\" src=\"https:\/\/help.jamk.fi\/wordpress\/wp-content\/uploads\/sites\/99\/2023\/12\/WP-page-shown-in-navigation.png\" alt=\"Show page in navigation\" class=\"wp-image-1148\"\/><\/figure>\n\n\n\n<p> <\/p>\n\n\n\n<p>Link the page to the language version by clicking on the Languages section in the upper right corner and then typing the page name in the language version fields.<\/p>\n\n\n\n<p><\/p>\n","protected":false},"excerpt":{"rendered":"<p>This help page goes through how you can create a new page, how to create content for it, as well as how to edit, copy, or delete the page. Blocks are used on the Help pages for creating content and for visual presentation. You can use simple title and paragraph blocks or pre-tailored, more visual [&hellip;]<\/p>\n","protected":false},"author":66,"featured_media":0,"parent":0,"menu_order":2,"comment_status":"closed","ping_status":"closed","template":"","meta":{"_acf_changed":false,"_relevanssi_hide_post":"","_relevanssi_hide_content":"","_relevanssi_pin_for_all":"","_relevanssi_pin_keywords":"","_relevanssi_unpin_keywords":"","_relevanssi_related_keywords":"","_relevanssi_related_include_ids":"","_relevanssi_related_exclude_ids":"","_relevanssi_related_no_append":"","_relevanssi_related_not_related":"","_relevanssi_related_posts":"","_relevanssi_noindex_reason":"","footnotes":""},"categories":[],"tags":[],"class_list":["post-1046","page","type-page","status-publish","hentry"],"acf":[],"yoast_head":"<!-- This site is optimized with the Yoast SEO plugin v27.3 - https:\/\/yoast.com\/product\/yoast-seo-wordpress\/ -->\n<title>Creating a new page - WordPress<\/title>\n<meta name=\"robots\" content=\"index, follow, max-snippet:-1, max-image-preview:large, max-video-preview:-1\" \/>\n<link rel=\"canonical\" href=\"https:\/\/help.jamk.fi\/wordpress\/en\/pages\/\" \/>\n<meta property=\"og:locale\" content=\"fi_FI\" \/>\n<meta property=\"og:type\" content=\"article\" \/>\n<meta property=\"og:title\" content=\"Creating a new page - WordPress\" \/>\n<meta property=\"og:description\" content=\"This help page goes through how you can create a new page, how to create content for it, as well as how to edit, copy, or delete the page. Blocks are used on the Help pages for creating content and for visual presentation. You can use simple title and paragraph blocks or pre-tailored, more visual [&hellip;]\" \/>\n<meta property=\"og:url\" content=\"https:\/\/help.jamk.fi\/wordpress\/en\/pages\/\" \/>\n<meta property=\"og:site_name\" content=\"WordPress\" \/>\n<meta property=\"article:modified_time\" content=\"2024-06-19T11:34:33+00:00\" \/>\n<meta property=\"og:image\" content=\"https:\/\/help.jamk.fi\/wordpress\/wp-content\/uploads\/sites\/99\/2023\/12\/WP-page-settings.png\" \/>\n<meta name=\"twitter:card\" content=\"summary_large_image\" \/>\n<meta name=\"twitter:label1\" content=\"Arvioitu lukuaika\" \/>\n\t<meta name=\"twitter:data1\" content=\"8 minuuttia\" \/>\n<script type=\"application\/ld+json\" class=\"yoast-schema-graph\">{\"@context\":\"https:\\\/\\\/schema.org\",\"@graph\":[{\"@type\":\"WebPage\",\"@id\":\"https:\\\/\\\/help.jamk.fi\\\/wordpress\\\/en\\\/pages\\\/\",\"url\":\"https:\\\/\\\/help.jamk.fi\\\/wordpress\\\/en\\\/pages\\\/\",\"name\":\"Creating a new page - WordPress\",\"isPartOf\":{\"@id\":\"https:\\\/\\\/help.jamk.fi\\\/wordpress\\\/#website\"},\"primaryImageOfPage\":{\"@id\":\"https:\\\/\\\/help.jamk.fi\\\/wordpress\\\/en\\\/pages\\\/#primaryimage\"},\"image\":{\"@id\":\"https:\\\/\\\/help.jamk.fi\\\/wordpress\\\/en\\\/pages\\\/#primaryimage\"},\"thumbnailUrl\":\"https:\\\/\\\/help.jamk.fi\\\/wordpress\\\/wp-content\\\/uploads\\\/sites\\\/99\\\/2023\\\/12\\\/WP-page-settings.png\",\"datePublished\":\"2023-10-24T10:45:01+00:00\",\"dateModified\":\"2024-06-19T11:34:33+00:00\",\"breadcrumb\":{\"@id\":\"https:\\\/\\\/help.jamk.fi\\\/wordpress\\\/en\\\/pages\\\/#breadcrumb\"},\"inLanguage\":\"fi\",\"potentialAction\":[{\"@type\":\"ReadAction\",\"target\":[\"https:\\\/\\\/help.jamk.fi\\\/wordpress\\\/en\\\/pages\\\/\"]}]},{\"@type\":\"ImageObject\",\"inLanguage\":\"fi\",\"@id\":\"https:\\\/\\\/help.jamk.fi\\\/wordpress\\\/en\\\/pages\\\/#primaryimage\",\"url\":\"https:\\\/\\\/help.jamk.fi\\\/wordpress\\\/wp-content\\\/uploads\\\/sites\\\/99\\\/2023\\\/12\\\/WP-page-settings.png\",\"contentUrl\":\"https:\\\/\\\/help.jamk.fi\\\/wordpress\\\/wp-content\\\/uploads\\\/sites\\\/99\\\/2023\\\/12\\\/WP-page-settings.png\",\"width\":313,\"height\":592},{\"@type\":\"BreadcrumbList\",\"@id\":\"https:\\\/\\\/help.jamk.fi\\\/wordpress\\\/en\\\/pages\\\/#breadcrumb\",\"itemListElement\":[{\"@type\":\"ListItem\",\"position\":1,\"name\":\"Etusivu\",\"item\":\"https:\\\/\\\/help.jamk.fi\\\/wordpress\\\/fi\\\/\"},{\"@type\":\"ListItem\",\"position\":2,\"name\":\"Creating a new page\"}]},{\"@type\":\"WebSite\",\"@id\":\"https:\\\/\\\/help.jamk.fi\\\/wordpress\\\/#website\",\"url\":\"https:\\\/\\\/help.jamk.fi\\\/wordpress\\\/\",\"name\":\"WordPress\",\"description\":\"Julkaisuohjeet WordPresseiss\u00e4\",\"potentialAction\":[{\"@type\":\"SearchAction\",\"target\":{\"@type\":\"EntryPoint\",\"urlTemplate\":\"https:\\\/\\\/help.jamk.fi\\\/wordpress\\\/?s={search_term_string}\"},\"query-input\":{\"@type\":\"PropertyValueSpecification\",\"valueRequired\":true,\"valueName\":\"search_term_string\"}}],\"inLanguage\":\"fi\"}]}<\/script>\n<!-- \/ Yoast SEO plugin. -->","yoast_head_json":{"title":"Creating a new page - WordPress","robots":{"index":"index","follow":"follow","max-snippet":"max-snippet:-1","max-image-preview":"max-image-preview:large","max-video-preview":"max-video-preview:-1"},"canonical":"https:\/\/help.jamk.fi\/wordpress\/en\/pages\/","og_locale":"fi_FI","og_type":"article","og_title":"Creating a new page - WordPress","og_description":"This help page goes through how you can create a new page, how to create content for it, as well as how to edit, copy, or delete the page. Blocks are used on the Help pages for creating content and for visual presentation. You can use simple title and paragraph blocks or pre-tailored, more visual [&hellip;]","og_url":"https:\/\/help.jamk.fi\/wordpress\/en\/pages\/","og_site_name":"WordPress","article_modified_time":"2024-06-19T11:34:33+00:00","og_image":[{"url":"https:\/\/help.jamk.fi\/wordpress\/wp-content\/uploads\/sites\/99\/2023\/12\/WP-page-settings.png","type":"","width":"","height":""}],"twitter_card":"summary_large_image","twitter_misc":{"Arvioitu lukuaika":"8 minuuttia"},"schema":{"@context":"https:\/\/schema.org","@graph":[{"@type":"WebPage","@id":"https:\/\/help.jamk.fi\/wordpress\/en\/pages\/","url":"https:\/\/help.jamk.fi\/wordpress\/en\/pages\/","name":"Creating a new page - WordPress","isPartOf":{"@id":"https:\/\/help.jamk.fi\/wordpress\/#website"},"primaryImageOfPage":{"@id":"https:\/\/help.jamk.fi\/wordpress\/en\/pages\/#primaryimage"},"image":{"@id":"https:\/\/help.jamk.fi\/wordpress\/en\/pages\/#primaryimage"},"thumbnailUrl":"https:\/\/help.jamk.fi\/wordpress\/wp-content\/uploads\/sites\/99\/2023\/12\/WP-page-settings.png","datePublished":"2023-10-24T10:45:01+00:00","dateModified":"2024-06-19T11:34:33+00:00","breadcrumb":{"@id":"https:\/\/help.jamk.fi\/wordpress\/en\/pages\/#breadcrumb"},"inLanguage":"fi","potentialAction":[{"@type":"ReadAction","target":["https:\/\/help.jamk.fi\/wordpress\/en\/pages\/"]}]},{"@type":"ImageObject","inLanguage":"fi","@id":"https:\/\/help.jamk.fi\/wordpress\/en\/pages\/#primaryimage","url":"https:\/\/help.jamk.fi\/wordpress\/wp-content\/uploads\/sites\/99\/2023\/12\/WP-page-settings.png","contentUrl":"https:\/\/help.jamk.fi\/wordpress\/wp-content\/uploads\/sites\/99\/2023\/12\/WP-page-settings.png","width":313,"height":592},{"@type":"BreadcrumbList","@id":"https:\/\/help.jamk.fi\/wordpress\/en\/pages\/#breadcrumb","itemListElement":[{"@type":"ListItem","position":1,"name":"Etusivu","item":"https:\/\/help.jamk.fi\/wordpress\/fi\/"},{"@type":"ListItem","position":2,"name":"Creating a new page"}]},{"@type":"WebSite","@id":"https:\/\/help.jamk.fi\/wordpress\/#website","url":"https:\/\/help.jamk.fi\/wordpress\/","name":"WordPress","description":"Julkaisuohjeet WordPresseiss\u00e4","potentialAction":[{"@type":"SearchAction","target":{"@type":"EntryPoint","urlTemplate":"https:\/\/help.jamk.fi\/wordpress\/?s={search_term_string}"},"query-input":{"@type":"PropertyValueSpecification","valueRequired":true,"valueName":"search_term_string"}}],"inLanguage":"fi"}]}},"_links":{"self":[{"href":"https:\/\/help.jamk.fi\/wordpress\/wp-json\/wp\/v2\/pages\/1046","targetHints":{"allow":["GET"]}}],"collection":[{"href":"https:\/\/help.jamk.fi\/wordpress\/wp-json\/wp\/v2\/pages"}],"about":[{"href":"https:\/\/help.jamk.fi\/wordpress\/wp-json\/wp\/v2\/types\/page"}],"author":[{"embeddable":true,"href":"https:\/\/help.jamk.fi\/wordpress\/wp-json\/wp\/v2\/users\/66"}],"replies":[{"embeddable":true,"href":"https:\/\/help.jamk.fi\/wordpress\/wp-json\/wp\/v2\/comments?post=1046"}],"version-history":[{"count":9,"href":"https:\/\/help.jamk.fi\/wordpress\/wp-json\/wp\/v2\/pages\/1046\/revisions"}],"predecessor-version":[{"id":1493,"href":"https:\/\/help.jamk.fi\/wordpress\/wp-json\/wp\/v2\/pages\/1046\/revisions\/1493"}],"wp:attachment":[{"href":"https:\/\/help.jamk.fi\/wordpress\/wp-json\/wp\/v2\/media?parent=1046"}],"wp:term":[{"taxonomy":"category","embeddable":true,"href":"https:\/\/help.jamk.fi\/wordpress\/wp-json\/wp\/v2\/categories?post=1046"},{"taxonomy":"post_tag","embeddable":true,"href":"https:\/\/help.jamk.fi\/wordpress\/wp-json\/wp\/v2\/tags?post=1046"}],"curies":[{"name":"wp","href":"https:\/\/api.w.org\/{rel}","templated":true}]}}