{"id":1060,"date":"2023-12-15T09:23:14","date_gmt":"2023-12-15T07:23:14","guid":{"rendered":"https:\/\/help.jamk.fi\/wordpress\/?page_id=1060"},"modified":"2024-10-02T15:32:23","modified_gmt":"2024-10-02T12:32:23","slug":"kirjautuminen","status":"publish","type":"page","link":"https:\/\/help.jamk.fi\/wordpress\/fi\/wordpress-ohjausnakyma\/kirjautuminen\/","title":{"rendered":"Kirjautuminen"},"content":{"rendered":"\n<h2 class=\"wp-block-heading\">Sis\u00e4ll\u00f6ntuottajan kirjautuminen Helppiin<\/h2>\n\n\n\n<p>Helppiin kirjaudutaan <a href=\"https:\/\/help.jamk.fi\/wp-login.php\">Yll\u00e4pit\u00e4jien kirjautuminen -linkist\u00e4<\/a> joka l\u00f6ytyy sivuston alapalkista. WordPressin hallintapaneeli n\u00e4kym\u00e4 saattaa vaihdella riippuen siit\u00e4, mitk\u00e4 oikeudet sinulla sivustolle on.  <a href=\"https:\/\/help.jamk.fi\/wordpress\/fi\/wordpress-ohjausnakyma\/\">Katso WordPressin ohjausn\u00e4kym\u00e4n ohjeet<\/a><\/p>\n\n\n\n<figure class=\"wp-block-image size-full is-resized\"><img loading=\"lazy\" decoding=\"async\" width=\"1311\" height=\"311\" src=\"https:\/\/help.jamk.fi\/wordpress\/wp-content\/uploads\/sites\/99\/2024\/01\/yllapitajien-kirjautuminen.png\" alt=\"\" class=\"wp-image-1284\" style=\"width:750px\" srcset=\"https:\/\/help.jamk.fi\/wordpress\/wp-content\/uploads\/sites\/99\/2024\/01\/yllapitajien-kirjautuminen.png 1311w, https:\/\/help.jamk.fi\/wordpress\/wp-content\/uploads\/sites\/99\/2024\/01\/yllapitajien-kirjautuminen-300x71.png 300w, https:\/\/help.jamk.fi\/wordpress\/wp-content\/uploads\/sites\/99\/2024\/01\/yllapitajien-kirjautuminen-1024x243.png 1024w, https:\/\/help.jamk.fi\/wordpress\/wp-content\/uploads\/sites\/99\/2024\/01\/yllapitajien-kirjautuminen-768x182.png 768w\" sizes=\"auto, (max-width: 1311px) 100vw, 1311px\" \/><\/figure>\n\n\n\n<p>Kirjaudu omilla Microsoft-tunnuksillasi painamalla <em>Sign in with Microsoft<\/em> -painiketta. <\/p>\n\n\n\n<figure class=\"wp-block-image size-full is-resized\"><img loading=\"lazy\" decoding=\"async\" width=\"527\" height=\"746\" src=\"https:\/\/help.jamk.fi\/wordpress\/wp-content\/uploads\/sites\/99\/2023\/10\/image.png\" alt=\"microsoft login n\u00e4kym\u00e4\" class=\"wp-image-975\" style=\"width:374px;height:auto\"\/><\/figure>\n\n\n\n<p>J\u00e4rjestelm\u00e4 ohjaa sinut automaattisesti Microsoft-ymp\u00e4rist\u00f6n kirjautumisn\u00e4kym\u00e4\u00e4n. K\u00e4yt\u00e4 kirjautumiseen Jamkin s\u00e4hk\u00f6postiosoitetta ja verkkosalasanaa, mik\u00e4li et p\u00e4\u00e4se kirjautumaan automaattisesti sis\u00e4\u00e4n. Hyv\u00e4ksy kirjautuminen tarvittaessa kaksivaiheisella tunnistautumisella<\/p>\n\n\n\n<p>Jos tarvitset apua Microsoft Authenticatorin k\u00e4ytt\u00f6\u00f6n l\u00f6yd\u00e4t ohjeet <a href=\"https:\/\/help.jamk.fi\/kirjautuminen\/fi\/kaksivaiheisen-tunnistautumisen-kayttoonotto\/\">kaksivaiheisen tunnistautumisen k\u00e4ytt\u00f6\u00f6notto -ohjeesta<\/a><\/p>\n\n\n\n<h2 class=\"wp-block-heading\">Uloskirjautuminen<\/h2>\n\n\n\n<p>Helpist\u00e4 kirjaudutaan ulos painamalla<em> Kirjaudu ulos<\/em> WordPressin yl\u00e4reunen teht\u00e4v\u00e4palkista.<\/p>\n\n\n\n<figure class=\"wp-block-image size-full is-resized\"><img loading=\"lazy\" decoding=\"async\" width=\"343\" height=\"224\" src=\"https:\/\/help.jamk.fi\/wordpress\/wp-content\/uploads\/sites\/99\/2024\/01\/WP-logoff.png\" alt=\"\" class=\"wp-image-1285\" style=\"width:348px;height:auto\" srcset=\"https:\/\/help.jamk.fi\/wordpress\/wp-content\/uploads\/sites\/99\/2024\/01\/WP-logoff.png 343w, https:\/\/help.jamk.fi\/wordpress\/wp-content\/uploads\/sites\/99\/2024\/01\/WP-logoff-300x196.png 300w\" sizes=\"auto, (max-width: 343px) 100vw, 343px\" \/><\/figure>\n","protected":false},"excerpt":{"rendered":"<p>Sis\u00e4ll\u00f6ntuottajan kirjautuminen Helppiin Helppiin kirjaudutaan Yll\u00e4pit\u00e4jien kirjautuminen -linkist\u00e4 joka l\u00f6ytyy sivuston alapalkista. WordPressin hallintapaneeli n\u00e4kym\u00e4 saattaa vaihdella riippuen siit\u00e4, mitk\u00e4 oikeudet sinulla sivustolle on. Katso WordPressin ohjausn\u00e4kym\u00e4n ohjeet Kirjaudu omilla Microsoft-tunnuksillasi painamalla Sign in with Microsoft -painiketta. J\u00e4rjestelm\u00e4 ohjaa sinut automaattisesti Microsoft-ymp\u00e4rist\u00f6n kirjautumisn\u00e4kym\u00e4\u00e4n. K\u00e4yt\u00e4 kirjautumiseen Jamkin s\u00e4hk\u00f6postiosoitetta ja verkkosalasanaa, mik\u00e4li et p\u00e4\u00e4se kirjautumaan automaattisesti sis\u00e4\u00e4n. [&hellip;]<\/p>\n","protected":false},"author":66,"featured_media":0,"parent":974,"menu_order":0,"comment_status":"closed","ping_status":"closed","template":"","meta":{"_acf_changed":false,"_relevanssi_hide_post":"","_relevanssi_hide_content":"","_relevanssi_pin_for_all":"","_relevanssi_pin_keywords":"","_relevanssi_unpin_keywords":"","_relevanssi_related_keywords":"","_relevanssi_related_include_ids":"","_relevanssi_related_exclude_ids":"","_relevanssi_related_no_append":"","_relevanssi_related_not_related":"","_relevanssi_related_posts":"","_relevanssi_noindex_reason":"","footnotes":""},"categories":[],"tags":[],"class_list":["post-1060","page","type-page","status-publish","hentry"],"acf":[],"yoast_head":"<!-- This site is optimized with the Yoast SEO plugin v27.3 - https:\/\/yoast.com\/product\/yoast-seo-wordpress\/ -->\n<title>Kirjautuminen - WordPress<\/title>\n<meta name=\"robots\" content=\"index, follow, max-snippet:-1, max-image-preview:large, max-video-preview:-1\" \/>\n<link rel=\"canonical\" href=\"https:\/\/help.jamk.fi\/wordpress\/fi\/wordpress-ohjausnakyma\/kirjautuminen\/\" \/>\n<meta property=\"og:locale\" content=\"fi_FI\" \/>\n<meta property=\"og:type\" content=\"article\" \/>\n<meta property=\"og:title\" content=\"Kirjautuminen - WordPress\" \/>\n<meta property=\"og:description\" content=\"Sis\u00e4ll\u00f6ntuottajan kirjautuminen Helppiin Helppiin kirjaudutaan Yll\u00e4pit\u00e4jien kirjautuminen -linkist\u00e4 joka l\u00f6ytyy sivuston alapalkista. WordPressin hallintapaneeli n\u00e4kym\u00e4 saattaa vaihdella riippuen siit\u00e4, mitk\u00e4 oikeudet sinulla sivustolle on. Katso WordPressin ohjausn\u00e4kym\u00e4n ohjeet Kirjaudu omilla Microsoft-tunnuksillasi painamalla Sign in with Microsoft -painiketta. J\u00e4rjestelm\u00e4 ohjaa sinut automaattisesti Microsoft-ymp\u00e4rist\u00f6n kirjautumisn\u00e4kym\u00e4\u00e4n. K\u00e4yt\u00e4 kirjautumiseen Jamkin s\u00e4hk\u00f6postiosoitetta ja verkkosalasanaa, mik\u00e4li et p\u00e4\u00e4se kirjautumaan automaattisesti sis\u00e4\u00e4n. [&hellip;]\" \/>\n<meta property=\"og:url\" content=\"https:\/\/help.jamk.fi\/wordpress\/fi\/wordpress-ohjausnakyma\/kirjautuminen\/\" \/>\n<meta property=\"og:site_name\" content=\"WordPress\" \/>\n<meta property=\"article:modified_time\" content=\"2024-10-02T12:32:23+00:00\" \/>\n<meta property=\"og:image\" content=\"https:\/\/help.jamk.fi\/wordpress\/wp-content\/uploads\/sites\/99\/2024\/01\/yllapitajien-kirjautuminen.png\" \/>\n<meta name=\"twitter:card\" content=\"summary_large_image\" \/>\n<meta name=\"twitter:label1\" content=\"Arvioitu lukuaika\" \/>\n\t<meta name=\"twitter:data1\" content=\"2 minuuttia\" \/>\n<script type=\"application\/ld+json\" class=\"yoast-schema-graph\">{\"@context\":\"https:\\\/\\\/schema.org\",\"@graph\":[{\"@type\":\"WebPage\",\"@id\":\"https:\\\/\\\/help.jamk.fi\\\/wordpress\\\/fi\\\/wordpress-ohjausnakyma\\\/kirjautuminen\\\/\",\"url\":\"https:\\\/\\\/help.jamk.fi\\\/wordpress\\\/fi\\\/wordpress-ohjausnakyma\\\/kirjautuminen\\\/\",\"name\":\"Kirjautuminen - WordPress\",\"isPartOf\":{\"@id\":\"https:\\\/\\\/help.jamk.fi\\\/wordpress\\\/#website\"},\"primaryImageOfPage\":{\"@id\":\"https:\\\/\\\/help.jamk.fi\\\/wordpress\\\/fi\\\/wordpress-ohjausnakyma\\\/kirjautuminen\\\/#primaryimage\"},\"image\":{\"@id\":\"https:\\\/\\\/help.jamk.fi\\\/wordpress\\\/fi\\\/wordpress-ohjausnakyma\\\/kirjautuminen\\\/#primaryimage\"},\"thumbnailUrl\":\"https:\\\/\\\/help.jamk.fi\\\/wordpress\\\/wp-content\\\/uploads\\\/sites\\\/99\\\/2024\\\/01\\\/yllapitajien-kirjautuminen.png\",\"datePublished\":\"2023-12-15T07:23:14+00:00\",\"dateModified\":\"2024-10-02T12:32:23+00:00\",\"breadcrumb\":{\"@id\":\"https:\\\/\\\/help.jamk.fi\\\/wordpress\\\/fi\\\/wordpress-ohjausnakyma\\\/kirjautuminen\\\/#breadcrumb\"},\"inLanguage\":\"fi\",\"potentialAction\":[{\"@type\":\"ReadAction\",\"target\":[\"https:\\\/\\\/help.jamk.fi\\\/wordpress\\\/fi\\\/wordpress-ohjausnakyma\\\/kirjautuminen\\\/\"]}]},{\"@type\":\"ImageObject\",\"inLanguage\":\"fi\",\"@id\":\"https:\\\/\\\/help.jamk.fi\\\/wordpress\\\/fi\\\/wordpress-ohjausnakyma\\\/kirjautuminen\\\/#primaryimage\",\"url\":\"https:\\\/\\\/help.jamk.fi\\\/wordpress\\\/wp-content\\\/uploads\\\/sites\\\/99\\\/2024\\\/01\\\/yllapitajien-kirjautuminen.png\",\"contentUrl\":\"https:\\\/\\\/help.jamk.fi\\\/wordpress\\\/wp-content\\\/uploads\\\/sites\\\/99\\\/2024\\\/01\\\/yllapitajien-kirjautuminen.png\",\"width\":1311,\"height\":311},{\"@type\":\"BreadcrumbList\",\"@id\":\"https:\\\/\\\/help.jamk.fi\\\/wordpress\\\/fi\\\/wordpress-ohjausnakyma\\\/kirjautuminen\\\/#breadcrumb\",\"itemListElement\":[{\"@type\":\"ListItem\",\"position\":1,\"name\":\"Etusivu\",\"item\":\"https:\\\/\\\/help.jamk.fi\\\/wordpress\\\/fi\\\/\"},{\"@type\":\"ListItem\",\"position\":2,\"name\":\"WordPressin ohjausn\u00e4kym\u00e4\",\"item\":\"https:\\\/\\\/help.jamk.fi\\\/wordpress\\\/fi\\\/wordpress-ohjausnakyma\\\/\"},{\"@type\":\"ListItem\",\"position\":3,\"name\":\"Kirjautuminen\"}]},{\"@type\":\"WebSite\",\"@id\":\"https:\\\/\\\/help.jamk.fi\\\/wordpress\\\/#website\",\"url\":\"https:\\\/\\\/help.jamk.fi\\\/wordpress\\\/\",\"name\":\"WordPress\",\"description\":\"Julkaisuohjeet WordPresseiss\u00e4\",\"potentialAction\":[{\"@type\":\"SearchAction\",\"target\":{\"@type\":\"EntryPoint\",\"urlTemplate\":\"https:\\\/\\\/help.jamk.fi\\\/wordpress\\\/?s={search_term_string}\"},\"query-input\":{\"@type\":\"PropertyValueSpecification\",\"valueRequired\":true,\"valueName\":\"search_term_string\"}}],\"inLanguage\":\"fi\"}]}<\/script>\n<!-- \/ Yoast SEO plugin. -->","yoast_head_json":{"title":"Kirjautuminen - WordPress","robots":{"index":"index","follow":"follow","max-snippet":"max-snippet:-1","max-image-preview":"max-image-preview:large","max-video-preview":"max-video-preview:-1"},"canonical":"https:\/\/help.jamk.fi\/wordpress\/fi\/wordpress-ohjausnakyma\/kirjautuminen\/","og_locale":"fi_FI","og_type":"article","og_title":"Kirjautuminen - WordPress","og_description":"Sis\u00e4ll\u00f6ntuottajan kirjautuminen Helppiin Helppiin kirjaudutaan Yll\u00e4pit\u00e4jien kirjautuminen -linkist\u00e4 joka l\u00f6ytyy sivuston alapalkista. WordPressin hallintapaneeli n\u00e4kym\u00e4 saattaa vaihdella riippuen siit\u00e4, mitk\u00e4 oikeudet sinulla sivustolle on. Katso WordPressin ohjausn\u00e4kym\u00e4n ohjeet Kirjaudu omilla Microsoft-tunnuksillasi painamalla Sign in with Microsoft -painiketta. J\u00e4rjestelm\u00e4 ohjaa sinut automaattisesti Microsoft-ymp\u00e4rist\u00f6n kirjautumisn\u00e4kym\u00e4\u00e4n. K\u00e4yt\u00e4 kirjautumiseen Jamkin s\u00e4hk\u00f6postiosoitetta ja verkkosalasanaa, mik\u00e4li et p\u00e4\u00e4se kirjautumaan automaattisesti sis\u00e4\u00e4n. [&hellip;]","og_url":"https:\/\/help.jamk.fi\/wordpress\/fi\/wordpress-ohjausnakyma\/kirjautuminen\/","og_site_name":"WordPress","article_modified_time":"2024-10-02T12:32:23+00:00","og_image":[{"url":"https:\/\/help.jamk.fi\/wordpress\/wp-content\/uploads\/sites\/99\/2024\/01\/yllapitajien-kirjautuminen.png","type":"","width":"","height":""}],"twitter_card":"summary_large_image","twitter_misc":{"Arvioitu lukuaika":"2 minuuttia"},"schema":{"@context":"https:\/\/schema.org","@graph":[{"@type":"WebPage","@id":"https:\/\/help.jamk.fi\/wordpress\/fi\/wordpress-ohjausnakyma\/kirjautuminen\/","url":"https:\/\/help.jamk.fi\/wordpress\/fi\/wordpress-ohjausnakyma\/kirjautuminen\/","name":"Kirjautuminen - WordPress","isPartOf":{"@id":"https:\/\/help.jamk.fi\/wordpress\/#website"},"primaryImageOfPage":{"@id":"https:\/\/help.jamk.fi\/wordpress\/fi\/wordpress-ohjausnakyma\/kirjautuminen\/#primaryimage"},"image":{"@id":"https:\/\/help.jamk.fi\/wordpress\/fi\/wordpress-ohjausnakyma\/kirjautuminen\/#primaryimage"},"thumbnailUrl":"https:\/\/help.jamk.fi\/wordpress\/wp-content\/uploads\/sites\/99\/2024\/01\/yllapitajien-kirjautuminen.png","datePublished":"2023-12-15T07:23:14+00:00","dateModified":"2024-10-02T12:32:23+00:00","breadcrumb":{"@id":"https:\/\/help.jamk.fi\/wordpress\/fi\/wordpress-ohjausnakyma\/kirjautuminen\/#breadcrumb"},"inLanguage":"fi","potentialAction":[{"@type":"ReadAction","target":["https:\/\/help.jamk.fi\/wordpress\/fi\/wordpress-ohjausnakyma\/kirjautuminen\/"]}]},{"@type":"ImageObject","inLanguage":"fi","@id":"https:\/\/help.jamk.fi\/wordpress\/fi\/wordpress-ohjausnakyma\/kirjautuminen\/#primaryimage","url":"https:\/\/help.jamk.fi\/wordpress\/wp-content\/uploads\/sites\/99\/2024\/01\/yllapitajien-kirjautuminen.png","contentUrl":"https:\/\/help.jamk.fi\/wordpress\/wp-content\/uploads\/sites\/99\/2024\/01\/yllapitajien-kirjautuminen.png","width":1311,"height":311},{"@type":"BreadcrumbList","@id":"https:\/\/help.jamk.fi\/wordpress\/fi\/wordpress-ohjausnakyma\/kirjautuminen\/#breadcrumb","itemListElement":[{"@type":"ListItem","position":1,"name":"Etusivu","item":"https:\/\/help.jamk.fi\/wordpress\/fi\/"},{"@type":"ListItem","position":2,"name":"WordPressin ohjausn\u00e4kym\u00e4","item":"https:\/\/help.jamk.fi\/wordpress\/fi\/wordpress-ohjausnakyma\/"},{"@type":"ListItem","position":3,"name":"Kirjautuminen"}]},{"@type":"WebSite","@id":"https:\/\/help.jamk.fi\/wordpress\/#website","url":"https:\/\/help.jamk.fi\/wordpress\/","name":"WordPress","description":"Julkaisuohjeet WordPresseiss\u00e4","potentialAction":[{"@type":"SearchAction","target":{"@type":"EntryPoint","urlTemplate":"https:\/\/help.jamk.fi\/wordpress\/?s={search_term_string}"},"query-input":{"@type":"PropertyValueSpecification","valueRequired":true,"valueName":"search_term_string"}}],"inLanguage":"fi"}]}},"_links":{"self":[{"href":"https:\/\/help.jamk.fi\/wordpress\/wp-json\/wp\/v2\/pages\/1060","targetHints":{"allow":["GET"]}}],"collection":[{"href":"https:\/\/help.jamk.fi\/wordpress\/wp-json\/wp\/v2\/pages"}],"about":[{"href":"https:\/\/help.jamk.fi\/wordpress\/wp-json\/wp\/v2\/types\/page"}],"author":[{"embeddable":true,"href":"https:\/\/help.jamk.fi\/wordpress\/wp-json\/wp\/v2\/users\/66"}],"replies":[{"embeddable":true,"href":"https:\/\/help.jamk.fi\/wordpress\/wp-json\/wp\/v2\/comments?post=1060"}],"version-history":[{"count":18,"href":"https:\/\/help.jamk.fi\/wordpress\/wp-json\/wp\/v2\/pages\/1060\/revisions"}],"predecessor-version":[{"id":1551,"href":"https:\/\/help.jamk.fi\/wordpress\/wp-json\/wp\/v2\/pages\/1060\/revisions\/1551"}],"up":[{"embeddable":true,"href":"https:\/\/help.jamk.fi\/wordpress\/wp-json\/wp\/v2\/pages\/974"}],"wp:attachment":[{"href":"https:\/\/help.jamk.fi\/wordpress\/wp-json\/wp\/v2\/media?parent=1060"}],"wp:term":[{"taxonomy":"category","embeddable":true,"href":"https:\/\/help.jamk.fi\/wordpress\/wp-json\/wp\/v2\/categories?post=1060"},{"taxonomy":"post_tag","embeddable":true,"href":"https:\/\/help.jamk.fi\/wordpress\/wp-json\/wp\/v2\/tags?post=1060"}],"curies":[{"name":"wp","href":"https:\/\/api.w.org\/{rel}","templated":true}]}}