{"id":1065,"date":"2023-12-14T15:20:13","date_gmt":"2023-12-14T13:20:13","guid":{"rendered":"https:\/\/help.jamk.fi\/wordpress\/?page_id=1065"},"modified":"2024-06-19T12:46:42","modified_gmt":"2024-06-19T09:46:42","slug":"broken-link-checker","status":"publish","type":"page","link":"https:\/\/help.jamk.fi\/wordpress\/fi\/blogin-poistaminen\/broken-link-checker\/","title":{"rendered":"Broken links checker -lis\u00e4osa"},"content":{"rendered":"\n<p><em>Broken Link checker<\/em> -lis\u00e4osan avulla pystyt tarkistamaan, ett\u00e4 kaikki sivustolla olevat linkit ovat toimivia eik\u00e4 tieto ole vaihtanut osoitetta. L\u00f6yd\u00e4t lis\u00e4osan ohjauspaneelista. Lis\u00e4osa skannaa sivut automaattisesti 72 tunnin v\u00e4lein.<\/p>\n\n\n\n<figure class=\"wp-block-image size-full is-style-default\"><img loading=\"lazy\" decoding=\"async\" width=\"164\" height=\"217\" src=\"https:\/\/help.jamk.fi\/wordpress\/wp-content\/uploads\/sites\/99\/2023\/10\/image-17.png\" alt=\"Broken link checker lis\u00e4osa ohjauspaneelissa\" class=\"wp-image-1067\"\/><\/figure>\n\n\n\n<p>Sivuston kaikki linkit on listattu <em>All<\/em> v\u00e4lilehdelle. Rikkin\u00e4iset linkit l\u00f6ytyv\u00e4t<em> Broken<\/em> v\u00e4lilehdelt\u00e4 josta voit tarkistaa ja korjata mahdolliset rikkin\u00e4iset linkit.<\/p>\n\n\n\n<figure class=\"wp-block-image size-full\"><img loading=\"lazy\" decoding=\"async\" width=\"778\" height=\"419\" src=\"https:\/\/help.jamk.fi\/wordpress\/wp-content\/uploads\/sites\/99\/2023\/10\/image-18.png\" alt=\"Broken link checker lis\u00e4osan asetukset n\u00e4kym\u00e4\" class=\"wp-image-1068\"\/><\/figure>\n\n\n\n<p><\/p>\n","protected":false},"excerpt":{"rendered":"<p>Broken Link checker -lis\u00e4osan avulla pystyt tarkistamaan, ett\u00e4 kaikki sivustolla olevat linkit ovat toimivia eik\u00e4 tieto ole vaihtanut osoitetta. L\u00f6yd\u00e4t lis\u00e4osan ohjauspaneelista. Lis\u00e4osa skannaa sivut automaattisesti 72 tunnin v\u00e4lein. Sivuston kaikki linkit on listattu All v\u00e4lilehdelle. Rikkin\u00e4iset linkit l\u00f6ytyv\u00e4t Broken v\u00e4lilehdelt\u00e4 josta voit tarkistaa ja korjata mahdolliset rikkin\u00e4iset linkit.<\/p>\n","protected":false},"author":66,"featured_media":0,"parent":112,"menu_order":1,"comment_status":"closed","ping_status":"closed","template":"","meta":{"_acf_changed":false,"_relevanssi_hide_post":"","_relevanssi_hide_content":"","_relevanssi_pin_for_all":"","_relevanssi_pin_keywords":"","_relevanssi_unpin_keywords":"","_relevanssi_related_keywords":"","_relevanssi_related_include_ids":"","_relevanssi_related_exclude_ids":"","_relevanssi_related_no_append":"","_relevanssi_related_not_related":"","_relevanssi_related_posts":"","_relevanssi_noindex_reason":"","footnotes":""},"categories":[],"tags":[],"class_list":["post-1065","page","type-page","status-publish","hentry"],"acf":[],"yoast_head":"<!-- This site is optimized with the Yoast SEO plugin v27.4 - https:\/\/yoast.com\/product\/yoast-seo-wordpress\/ -->\n<title>Broken links checker -lis\u00e4osa - WordPress<\/title>\n<meta name=\"robots\" content=\"index, follow, max-snippet:-1, max-image-preview:large, max-video-preview:-1\" \/>\n<link rel=\"canonical\" href=\"https:\/\/help.jamk.fi\/wordpress\/fi\/blogin-poistaminen\/broken-link-checker\/\" \/>\n<meta property=\"og:locale\" content=\"fi_FI\" \/>\n<meta property=\"og:type\" content=\"article\" \/>\n<meta property=\"og:title\" content=\"Broken links checker -lis\u00e4osa - WordPress\" \/>\n<meta property=\"og:description\" content=\"Broken Link checker -lis\u00e4osan avulla pystyt tarkistamaan, ett\u00e4 kaikki sivustolla olevat linkit ovat toimivia eik\u00e4 tieto ole vaihtanut osoitetta. L\u00f6yd\u00e4t lis\u00e4osan ohjauspaneelista. Lis\u00e4osa skannaa sivut automaattisesti 72 tunnin v\u00e4lein. Sivuston kaikki linkit on listattu All v\u00e4lilehdelle. Rikkin\u00e4iset linkit l\u00f6ytyv\u00e4t Broken v\u00e4lilehdelt\u00e4 josta voit tarkistaa ja korjata mahdolliset rikkin\u00e4iset linkit.\" \/>\n<meta property=\"og:url\" content=\"https:\/\/help.jamk.fi\/wordpress\/fi\/blogin-poistaminen\/broken-link-checker\/\" \/>\n<meta property=\"og:site_name\" content=\"WordPress\" \/>\n<meta property=\"article:modified_time\" content=\"2024-06-19T09:46:42+00:00\" \/>\n<meta property=\"og:image\" content=\"https:\/\/help.jamk.fi\/wordpress\/wp-content\/uploads\/sites\/99\/2023\/10\/image-17.png\" \/>\n<meta name=\"twitter:card\" content=\"summary_large_image\" \/>\n<meta name=\"twitter:label1\" content=\"Arvioitu lukuaika\" \/>\n\t<meta name=\"twitter:data1\" content=\"1 minuutti\" \/>\n<script type=\"application\/ld+json\" class=\"yoast-schema-graph\">{\"@context\":\"https:\\\/\\\/schema.org\",\"@graph\":[{\"@type\":\"WebPage\",\"@id\":\"https:\\\/\\\/help.jamk.fi\\\/wordpress\\\/fi\\\/blogin-poistaminen\\\/broken-link-checker\\\/\",\"url\":\"https:\\\/\\\/help.jamk.fi\\\/wordpress\\\/fi\\\/blogin-poistaminen\\\/broken-link-checker\\\/\",\"name\":\"Broken links checker -lis\u00e4osa - WordPress\",\"isPartOf\":{\"@id\":\"https:\\\/\\\/help.jamk.fi\\\/wordpress\\\/#website\"},\"primaryImageOfPage\":{\"@id\":\"https:\\\/\\\/help.jamk.fi\\\/wordpress\\\/fi\\\/blogin-poistaminen\\\/broken-link-checker\\\/#primaryimage\"},\"image\":{\"@id\":\"https:\\\/\\\/help.jamk.fi\\\/wordpress\\\/fi\\\/blogin-poistaminen\\\/broken-link-checker\\\/#primaryimage\"},\"thumbnailUrl\":\"https:\\\/\\\/help.jamk.fi\\\/wordpress\\\/wp-content\\\/uploads\\\/sites\\\/99\\\/2023\\\/10\\\/image-17.png\",\"datePublished\":\"2023-12-14T13:20:13+00:00\",\"dateModified\":\"2024-06-19T09:46:42+00:00\",\"breadcrumb\":{\"@id\":\"https:\\\/\\\/help.jamk.fi\\\/wordpress\\\/fi\\\/blogin-poistaminen\\\/broken-link-checker\\\/#breadcrumb\"},\"inLanguage\":\"fi\",\"potentialAction\":[{\"@type\":\"ReadAction\",\"target\":[\"https:\\\/\\\/help.jamk.fi\\\/wordpress\\\/fi\\\/blogin-poistaminen\\\/broken-link-checker\\\/\"]}]},{\"@type\":\"ImageObject\",\"inLanguage\":\"fi\",\"@id\":\"https:\\\/\\\/help.jamk.fi\\\/wordpress\\\/fi\\\/blogin-poistaminen\\\/broken-link-checker\\\/#primaryimage\",\"url\":\"https:\\\/\\\/help.jamk.fi\\\/wordpress\\\/wp-content\\\/uploads\\\/sites\\\/99\\\/2023\\\/10\\\/image-17.png\",\"contentUrl\":\"https:\\\/\\\/help.jamk.fi\\\/wordpress\\\/wp-content\\\/uploads\\\/sites\\\/99\\\/2023\\\/10\\\/image-17.png\",\"width\":164,\"height\":217},{\"@type\":\"BreadcrumbList\",\"@id\":\"https:\\\/\\\/help.jamk.fi\\\/wordpress\\\/fi\\\/blogin-poistaminen\\\/broken-link-checker\\\/#breadcrumb\",\"itemListElement\":[{\"@type\":\"ListItem\",\"position\":1,\"name\":\"Etusivu\",\"item\":\"https:\\\/\\\/help.jamk.fi\\\/wordpress\\\/fi\\\/\"},{\"@type\":\"ListItem\",\"position\":2,\"name\":\"Sivustojen yll\u00e4pit\u00e4minen\",\"item\":\"https:\\\/\\\/help.jamk.fi\\\/wordpress\\\/fi\\\/blogin-poistaminen\\\/\"},{\"@type\":\"ListItem\",\"position\":3,\"name\":\"Broken links checker -lis\u00e4osa\"}]},{\"@type\":\"WebSite\",\"@id\":\"https:\\\/\\\/help.jamk.fi\\\/wordpress\\\/#website\",\"url\":\"https:\\\/\\\/help.jamk.fi\\\/wordpress\\\/\",\"name\":\"WordPress\",\"description\":\"Julkaisuohjeet WordPresseiss\u00e4\",\"potentialAction\":[{\"@type\":\"SearchAction\",\"target\":{\"@type\":\"EntryPoint\",\"urlTemplate\":\"https:\\\/\\\/help.jamk.fi\\\/wordpress\\\/?s={search_term_string}\"},\"query-input\":{\"@type\":\"PropertyValueSpecification\",\"valueRequired\":true,\"valueName\":\"search_term_string\"}}],\"inLanguage\":\"fi\"}]}<\/script>\n<!-- \/ Yoast SEO plugin. -->","yoast_head_json":{"title":"Broken links checker -lis\u00e4osa - WordPress","robots":{"index":"index","follow":"follow","max-snippet":"max-snippet:-1","max-image-preview":"max-image-preview:large","max-video-preview":"max-video-preview:-1"},"canonical":"https:\/\/help.jamk.fi\/wordpress\/fi\/blogin-poistaminen\/broken-link-checker\/","og_locale":"fi_FI","og_type":"article","og_title":"Broken links checker -lis\u00e4osa - WordPress","og_description":"Broken Link checker -lis\u00e4osan avulla pystyt tarkistamaan, ett\u00e4 kaikki sivustolla olevat linkit ovat toimivia eik\u00e4 tieto ole vaihtanut osoitetta. L\u00f6yd\u00e4t lis\u00e4osan ohjauspaneelista. Lis\u00e4osa skannaa sivut automaattisesti 72 tunnin v\u00e4lein. Sivuston kaikki linkit on listattu All v\u00e4lilehdelle. Rikkin\u00e4iset linkit l\u00f6ytyv\u00e4t Broken v\u00e4lilehdelt\u00e4 josta voit tarkistaa ja korjata mahdolliset rikkin\u00e4iset linkit.","og_url":"https:\/\/help.jamk.fi\/wordpress\/fi\/blogin-poistaminen\/broken-link-checker\/","og_site_name":"WordPress","article_modified_time":"2024-06-19T09:46:42+00:00","og_image":[{"url":"https:\/\/help.jamk.fi\/wordpress\/wp-content\/uploads\/sites\/99\/2023\/10\/image-17.png","type":"","width":"","height":""}],"twitter_card":"summary_large_image","twitter_misc":{"Arvioitu lukuaika":"1 minuutti"},"schema":{"@context":"https:\/\/schema.org","@graph":[{"@type":"WebPage","@id":"https:\/\/help.jamk.fi\/wordpress\/fi\/blogin-poistaminen\/broken-link-checker\/","url":"https:\/\/help.jamk.fi\/wordpress\/fi\/blogin-poistaminen\/broken-link-checker\/","name":"Broken links checker -lis\u00e4osa - WordPress","isPartOf":{"@id":"https:\/\/help.jamk.fi\/wordpress\/#website"},"primaryImageOfPage":{"@id":"https:\/\/help.jamk.fi\/wordpress\/fi\/blogin-poistaminen\/broken-link-checker\/#primaryimage"},"image":{"@id":"https:\/\/help.jamk.fi\/wordpress\/fi\/blogin-poistaminen\/broken-link-checker\/#primaryimage"},"thumbnailUrl":"https:\/\/help.jamk.fi\/wordpress\/wp-content\/uploads\/sites\/99\/2023\/10\/image-17.png","datePublished":"2023-12-14T13:20:13+00:00","dateModified":"2024-06-19T09:46:42+00:00","breadcrumb":{"@id":"https:\/\/help.jamk.fi\/wordpress\/fi\/blogin-poistaminen\/broken-link-checker\/#breadcrumb"},"inLanguage":"fi","potentialAction":[{"@type":"ReadAction","target":["https:\/\/help.jamk.fi\/wordpress\/fi\/blogin-poistaminen\/broken-link-checker\/"]}]},{"@type":"ImageObject","inLanguage":"fi","@id":"https:\/\/help.jamk.fi\/wordpress\/fi\/blogin-poistaminen\/broken-link-checker\/#primaryimage","url":"https:\/\/help.jamk.fi\/wordpress\/wp-content\/uploads\/sites\/99\/2023\/10\/image-17.png","contentUrl":"https:\/\/help.jamk.fi\/wordpress\/wp-content\/uploads\/sites\/99\/2023\/10\/image-17.png","width":164,"height":217},{"@type":"BreadcrumbList","@id":"https:\/\/help.jamk.fi\/wordpress\/fi\/blogin-poistaminen\/broken-link-checker\/#breadcrumb","itemListElement":[{"@type":"ListItem","position":1,"name":"Etusivu","item":"https:\/\/help.jamk.fi\/wordpress\/fi\/"},{"@type":"ListItem","position":2,"name":"Sivustojen yll\u00e4pit\u00e4minen","item":"https:\/\/help.jamk.fi\/wordpress\/fi\/blogin-poistaminen\/"},{"@type":"ListItem","position":3,"name":"Broken links checker -lis\u00e4osa"}]},{"@type":"WebSite","@id":"https:\/\/help.jamk.fi\/wordpress\/#website","url":"https:\/\/help.jamk.fi\/wordpress\/","name":"WordPress","description":"Julkaisuohjeet WordPresseiss\u00e4","potentialAction":[{"@type":"SearchAction","target":{"@type":"EntryPoint","urlTemplate":"https:\/\/help.jamk.fi\/wordpress\/?s={search_term_string}"},"query-input":{"@type":"PropertyValueSpecification","valueRequired":true,"valueName":"search_term_string"}}],"inLanguage":"fi"}]}},"_links":{"self":[{"href":"https:\/\/help.jamk.fi\/wordpress\/wp-json\/wp\/v2\/pages\/1065","targetHints":{"allow":["GET"]}}],"collection":[{"href":"https:\/\/help.jamk.fi\/wordpress\/wp-json\/wp\/v2\/pages"}],"about":[{"href":"https:\/\/help.jamk.fi\/wordpress\/wp-json\/wp\/v2\/types\/page"}],"author":[{"embeddable":true,"href":"https:\/\/help.jamk.fi\/wordpress\/wp-json\/wp\/v2\/users\/66"}],"replies":[{"embeddable":true,"href":"https:\/\/help.jamk.fi\/wordpress\/wp-json\/wp\/v2\/comments?post=1065"}],"version-history":[{"count":8,"href":"https:\/\/help.jamk.fi\/wordpress\/wp-json\/wp\/v2\/pages\/1065\/revisions"}],"predecessor-version":[{"id":1476,"href":"https:\/\/help.jamk.fi\/wordpress\/wp-json\/wp\/v2\/pages\/1065\/revisions\/1476"}],"up":[{"embeddable":true,"href":"https:\/\/help.jamk.fi\/wordpress\/wp-json\/wp\/v2\/pages\/112"}],"wp:attachment":[{"href":"https:\/\/help.jamk.fi\/wordpress\/wp-json\/wp\/v2\/media?parent=1065"}],"wp:term":[{"taxonomy":"category","embeddable":true,"href":"https:\/\/help.jamk.fi\/wordpress\/wp-json\/wp\/v2\/categories?post=1065"},{"taxonomy":"post_tag","embeddable":true,"href":"https:\/\/help.jamk.fi\/wordpress\/wp-json\/wp\/v2\/tags?post=1065"}],"curies":[{"name":"wp","href":"https:\/\/api.w.org\/{rel}","templated":true}]}}