{"id":112,"date":"2023-12-20T10:14:56","date_gmt":"2023-12-20T08:14:56","guid":{"rendered":"https:\/\/help.jamk.fi\/blogi\/blogin-poistaminen\/"},"modified":"2024-06-19T12:19:03","modified_gmt":"2024-06-19T09:19:03","slug":"blogin-poistaminen","status":"publish","type":"page","link":"https:\/\/help.jamk.fi\/wordpress\/fi\/blogin-poistaminen\/","title":{"rendered":"Sivustojen yll\u00e4pit\u00e4minen"},"content":{"rendered":"\n<p>Jokaisella sivustolla on yleens\u00e4 useampi yll\u00e4pit\u00e4j\u00e4, jotka ovat vastuussa sivuston sis\u00e4ll\u00f6st\u00e4, ajantasaisuudesta ja saavutettavuudesta. Sivustoilla on lis\u00e4ksi p\u00e4\u00e4toimittajia, joilla on oikeus luoda sivuja ja sis\u00e4lt\u00f6\u00e4. Jos koet, ett\u00e4 sinun teht\u00e4viisi kuuluu jonkin aihealueen ohjeiden p\u00e4ivitt\u00e4minen, tai huomaat ett\u00e4 jossain ohjeessa on virheit\u00e4, ole yhteydess\u00e4 palveupyynn\u00f6n kautta. Ohjaamme sinut kyseisen sivuston yll\u00e4pit\u00e4j\u00e4lle.<\/p>\n\n\n\n<h2 class=\"wp-block-heading\">Uuden sivuston tilaaminen<\/h2>\n\n\n\n<p>Help-sivustolle voidaan luoda lis\u00e4\u00e4 uusia sivustoja. Ennen kuin tilaat sivuston, mieti ensiksi tarvitsetko kokonaan uuden sivuston aiheellesi vai riitt\u00e4isik\u00f6 yksitt\u00e4inen sivu tai pari jo olemassa olevaan sivustoon. Sivusto muodostuu aina useasta eri sivusta, joten uuden sivuston luominen ei v\u00e4ltt\u00e4m\u00e4tt\u00e4 ole tarpeen, mik\u00e4li aihe-alue ei ole kovin laaja. <\/p>\n\n\n\n<p>Uuden sivuston p\u00e4\u00e4set tilaamaan <a href=\"https:\/\/help.jamk.fi\/fi\/ohjesivuston-tilaaminen\/\">ohjesivun tilauslomakkeella<\/a><\/p>\n\n\n\n<h2 class=\"wp-block-heading\">Sivuston poistaminen<\/h2>\n\n\n\n<p>Mik\u00e4li olet sivuston p\u00e4\u00e4k\u00e4ytt\u00e4j\u00e4, voit poistaa sivuston tarvittaessa kokonaan. Huomaa, ett\u00e4 t\u00e4m\u00e4 toiminto poistaa sivuston lopullisesti<strong> mukaan lukien sivustoon kuuluvat kaikki sivut, mediat jne. <\/strong>Tietoja ei voida palauttaa, joten harkitse tarkkaan, mik\u00e4li aiot t\u00e4m\u00e4n toimenpiteen tehd\u00e4.  Yksitt\u00e4isen sivun voit siirt\u00e4\u00e4 roskakoriin ohjausn\u00e4kym\u00e4n Sivut-valikosta.<\/p>\n\n\n\n<ol class=\"wp-block-list\">\n<li>Oman sivustonsa saa poistettua valitsemalla Ohjausn\u00e4kym\u00e4ss\u00e4&nbsp; valitsemalla ensin Ty\u00f6kalut ja sitten Poista sivusto<br><img loading=\"lazy\" decoding=\"async\" width=\"144\" height=\"242\" class=\"alignnone size-full wp-image-167\" src=\"https:\/\/help.jamk.fi\/blogi\/wp-content\/uploads\/sites\/99\/2023\/09\/poistaminen1.png\" alt=\"\"><\/li>\n\n\n\n<li>Vahvista sivuston poistaminen lis\u00e4\u00e4m\u00e4ll\u00e4 rasti ruutuun. <strong>Huomaathan, ett\u00e4 sivustoa ei voida palauttaa poistamisen j\u00e4lkeen. <\/strong><br>Paina Poista sivusto pysyv\u00e4sti -painiketta.<br><img loading=\"lazy\" decoding=\"async\" width=\"300\" height=\"113\" class=\"alignnone size-medium wp-image-168\" src=\"https:\/\/help.jamk.fi\/blogi\/wp-content\/uploads\/sites\/99\/2023\/09\/poistaminen2.png\" alt=\"\"><\/li>\n\n\n\n<li>Paina s\u00e4hk\u00f6postiisi tulleessa sivuston poistamisesta vahvistusviestiss\u00e4 olevaa linkki\u00e4, jotta sivusto poistuu.<\/li>\n<\/ol>\n","protected":false},"excerpt":{"rendered":"<p>Jokaisella sivustolla on yleens\u00e4 useampi yll\u00e4pit\u00e4j\u00e4, jotka ovat vastuussa sivuston sis\u00e4ll\u00f6st\u00e4, ajantasaisuudesta ja saavutettavuudesta. Sivustoilla on lis\u00e4ksi p\u00e4\u00e4toimittajia, joilla on oikeus luoda sivuja ja sis\u00e4lt\u00f6\u00e4. Jos koet, ett\u00e4 sinun teht\u00e4viisi kuuluu jonkin aihealueen ohjeiden p\u00e4ivitt\u00e4minen, tai huomaat ett\u00e4 jossain ohjeessa on virheit\u00e4, ole yhteydess\u00e4 palveupyynn\u00f6n kautta. Ohjaamme sinut kyseisen sivuston yll\u00e4pit\u00e4j\u00e4lle. Uuden sivuston tilaaminen Help-sivustolle [&hellip;]<\/p>\n","protected":false},"author":66,"featured_media":0,"parent":0,"menu_order":3,"comment_status":"closed","ping_status":"closed","template":"","meta":{"_acf_changed":false,"_relevanssi_hide_post":"","_relevanssi_hide_content":"","_relevanssi_pin_for_all":"","_relevanssi_pin_keywords":"","_relevanssi_unpin_keywords":"","_relevanssi_related_keywords":"","_relevanssi_related_include_ids":"","_relevanssi_related_exclude_ids":"","_relevanssi_related_no_append":"","_relevanssi_related_not_related":"","_relevanssi_related_posts":"131,134","_relevanssi_noindex_reason":"","footnotes":""},"categories":[1],"tags":[],"class_list":["post-112","page","type-page","status-publish","hentry","category-yleinen"],"acf":[],"yoast_head":"<!-- This site is optimized with the Yoast SEO plugin v27.4 - https:\/\/yoast.com\/product\/yoast-seo-wordpress\/ -->\n<title>Sivustojen yll\u00e4pit\u00e4minen - WordPress<\/title>\n<meta name=\"robots\" content=\"index, follow, max-snippet:-1, max-image-preview:large, max-video-preview:-1\" \/>\n<link rel=\"canonical\" href=\"https:\/\/help.jamk.fi\/wordpress\/fi\/blogin-poistaminen\/\" \/>\n<meta property=\"og:locale\" content=\"fi_FI\" \/>\n<meta property=\"og:type\" content=\"article\" \/>\n<meta property=\"og:title\" content=\"Sivustojen yll\u00e4pit\u00e4minen - WordPress\" \/>\n<meta property=\"og:description\" content=\"Jokaisella sivustolla on yleens\u00e4 useampi yll\u00e4pit\u00e4j\u00e4, jotka ovat vastuussa sivuston sis\u00e4ll\u00f6st\u00e4, ajantasaisuudesta ja saavutettavuudesta. Sivustoilla on lis\u00e4ksi p\u00e4\u00e4toimittajia, joilla on oikeus luoda sivuja ja sis\u00e4lt\u00f6\u00e4. Jos koet, ett\u00e4 sinun teht\u00e4viisi kuuluu jonkin aihealueen ohjeiden p\u00e4ivitt\u00e4minen, tai huomaat ett\u00e4 jossain ohjeessa on virheit\u00e4, ole yhteydess\u00e4 palveupyynn\u00f6n kautta. Ohjaamme sinut kyseisen sivuston yll\u00e4pit\u00e4j\u00e4lle. Uuden sivuston tilaaminen Help-sivustolle [&hellip;]\" \/>\n<meta property=\"og:url\" content=\"https:\/\/help.jamk.fi\/wordpress\/fi\/blogin-poistaminen\/\" \/>\n<meta property=\"og:site_name\" content=\"WordPress\" \/>\n<meta property=\"article:modified_time\" content=\"2024-06-19T09:19:03+00:00\" \/>\n<meta property=\"og:image\" content=\"https:\/\/help.jamk.fi\/blogi\/wp-content\/uploads\/sites\/99\/2023\/09\/poistaminen1.png\" \/>\n<meta name=\"twitter:card\" content=\"summary_large_image\" \/>\n<meta name=\"twitter:label1\" content=\"Arvioitu lukuaika\" \/>\n\t<meta name=\"twitter:data1\" content=\"2 minuuttia\" \/>\n<script type=\"application\/ld+json\" class=\"yoast-schema-graph\">{\"@context\":\"https:\\\/\\\/schema.org\",\"@graph\":[{\"@type\":\"WebPage\",\"@id\":\"https:\\\/\\\/help.jamk.fi\\\/wordpress\\\/fi\\\/blogin-poistaminen\\\/\",\"url\":\"https:\\\/\\\/help.jamk.fi\\\/wordpress\\\/fi\\\/blogin-poistaminen\\\/\",\"name\":\"Sivustojen yll\u00e4pit\u00e4minen - WordPress\",\"isPartOf\":{\"@id\":\"https:\\\/\\\/help.jamk.fi\\\/wordpress\\\/#website\"},\"primaryImageOfPage\":{\"@id\":\"https:\\\/\\\/help.jamk.fi\\\/wordpress\\\/fi\\\/blogin-poistaminen\\\/#primaryimage\"},\"image\":{\"@id\":\"https:\\\/\\\/help.jamk.fi\\\/wordpress\\\/fi\\\/blogin-poistaminen\\\/#primaryimage\"},\"thumbnailUrl\":\"https:\\\/\\\/help.jamk.fi\\\/blogi\\\/wp-content\\\/uploads\\\/sites\\\/99\\\/2023\\\/09\\\/poistaminen1.png\",\"datePublished\":\"2023-12-20T08:14:56+00:00\",\"dateModified\":\"2024-06-19T09:19:03+00:00\",\"breadcrumb\":{\"@id\":\"https:\\\/\\\/help.jamk.fi\\\/wordpress\\\/fi\\\/blogin-poistaminen\\\/#breadcrumb\"},\"inLanguage\":\"fi\",\"potentialAction\":[{\"@type\":\"ReadAction\",\"target\":[\"https:\\\/\\\/help.jamk.fi\\\/wordpress\\\/fi\\\/blogin-poistaminen\\\/\"]}]},{\"@type\":\"ImageObject\",\"inLanguage\":\"fi\",\"@id\":\"https:\\\/\\\/help.jamk.fi\\\/wordpress\\\/fi\\\/blogin-poistaminen\\\/#primaryimage\",\"url\":\"https:\\\/\\\/help.jamk.fi\\\/blogi\\\/wp-content\\\/uploads\\\/sites\\\/99\\\/2023\\\/09\\\/poistaminen1.png\",\"contentUrl\":\"https:\\\/\\\/help.jamk.fi\\\/blogi\\\/wp-content\\\/uploads\\\/sites\\\/99\\\/2023\\\/09\\\/poistaminen1.png\"},{\"@type\":\"BreadcrumbList\",\"@id\":\"https:\\\/\\\/help.jamk.fi\\\/wordpress\\\/fi\\\/blogin-poistaminen\\\/#breadcrumb\",\"itemListElement\":[{\"@type\":\"ListItem\",\"position\":1,\"name\":\"Etusivu\",\"item\":\"https:\\\/\\\/help.jamk.fi\\\/wordpress\\\/fi\\\/\"},{\"@type\":\"ListItem\",\"position\":2,\"name\":\"Sivustojen yll\u00e4pit\u00e4minen\"}]},{\"@type\":\"WebSite\",\"@id\":\"https:\\\/\\\/help.jamk.fi\\\/wordpress\\\/#website\",\"url\":\"https:\\\/\\\/help.jamk.fi\\\/wordpress\\\/\",\"name\":\"WordPress\",\"description\":\"Julkaisuohjeet WordPresseiss\u00e4\",\"potentialAction\":[{\"@type\":\"SearchAction\",\"target\":{\"@type\":\"EntryPoint\",\"urlTemplate\":\"https:\\\/\\\/help.jamk.fi\\\/wordpress\\\/?s={search_term_string}\"},\"query-input\":{\"@type\":\"PropertyValueSpecification\",\"valueRequired\":true,\"valueName\":\"search_term_string\"}}],\"inLanguage\":\"fi\"}]}<\/script>\n<!-- \/ Yoast SEO plugin. -->","yoast_head_json":{"title":"Sivustojen yll\u00e4pit\u00e4minen - WordPress","robots":{"index":"index","follow":"follow","max-snippet":"max-snippet:-1","max-image-preview":"max-image-preview:large","max-video-preview":"max-video-preview:-1"},"canonical":"https:\/\/help.jamk.fi\/wordpress\/fi\/blogin-poistaminen\/","og_locale":"fi_FI","og_type":"article","og_title":"Sivustojen yll\u00e4pit\u00e4minen - WordPress","og_description":"Jokaisella sivustolla on yleens\u00e4 useampi yll\u00e4pit\u00e4j\u00e4, jotka ovat vastuussa sivuston sis\u00e4ll\u00f6st\u00e4, ajantasaisuudesta ja saavutettavuudesta. Sivustoilla on lis\u00e4ksi p\u00e4\u00e4toimittajia, joilla on oikeus luoda sivuja ja sis\u00e4lt\u00f6\u00e4. Jos koet, ett\u00e4 sinun teht\u00e4viisi kuuluu jonkin aihealueen ohjeiden p\u00e4ivitt\u00e4minen, tai huomaat ett\u00e4 jossain ohjeessa on virheit\u00e4, ole yhteydess\u00e4 palveupyynn\u00f6n kautta. Ohjaamme sinut kyseisen sivuston yll\u00e4pit\u00e4j\u00e4lle. Uuden sivuston tilaaminen Help-sivustolle [&hellip;]","og_url":"https:\/\/help.jamk.fi\/wordpress\/fi\/blogin-poistaminen\/","og_site_name":"WordPress","article_modified_time":"2024-06-19T09:19:03+00:00","og_image":[{"url":"https:\/\/help.jamk.fi\/blogi\/wp-content\/uploads\/sites\/99\/2023\/09\/poistaminen1.png","type":"","width":"","height":""}],"twitter_card":"summary_large_image","twitter_misc":{"Arvioitu lukuaika":"2 minuuttia"},"schema":{"@context":"https:\/\/schema.org","@graph":[{"@type":"WebPage","@id":"https:\/\/help.jamk.fi\/wordpress\/fi\/blogin-poistaminen\/","url":"https:\/\/help.jamk.fi\/wordpress\/fi\/blogin-poistaminen\/","name":"Sivustojen yll\u00e4pit\u00e4minen - WordPress","isPartOf":{"@id":"https:\/\/help.jamk.fi\/wordpress\/#website"},"primaryImageOfPage":{"@id":"https:\/\/help.jamk.fi\/wordpress\/fi\/blogin-poistaminen\/#primaryimage"},"image":{"@id":"https:\/\/help.jamk.fi\/wordpress\/fi\/blogin-poistaminen\/#primaryimage"},"thumbnailUrl":"https:\/\/help.jamk.fi\/blogi\/wp-content\/uploads\/sites\/99\/2023\/09\/poistaminen1.png","datePublished":"2023-12-20T08:14:56+00:00","dateModified":"2024-06-19T09:19:03+00:00","breadcrumb":{"@id":"https:\/\/help.jamk.fi\/wordpress\/fi\/blogin-poistaminen\/#breadcrumb"},"inLanguage":"fi","potentialAction":[{"@type":"ReadAction","target":["https:\/\/help.jamk.fi\/wordpress\/fi\/blogin-poistaminen\/"]}]},{"@type":"ImageObject","inLanguage":"fi","@id":"https:\/\/help.jamk.fi\/wordpress\/fi\/blogin-poistaminen\/#primaryimage","url":"https:\/\/help.jamk.fi\/blogi\/wp-content\/uploads\/sites\/99\/2023\/09\/poistaminen1.png","contentUrl":"https:\/\/help.jamk.fi\/blogi\/wp-content\/uploads\/sites\/99\/2023\/09\/poistaminen1.png"},{"@type":"BreadcrumbList","@id":"https:\/\/help.jamk.fi\/wordpress\/fi\/blogin-poistaminen\/#breadcrumb","itemListElement":[{"@type":"ListItem","position":1,"name":"Etusivu","item":"https:\/\/help.jamk.fi\/wordpress\/fi\/"},{"@type":"ListItem","position":2,"name":"Sivustojen yll\u00e4pit\u00e4minen"}]},{"@type":"WebSite","@id":"https:\/\/help.jamk.fi\/wordpress\/#website","url":"https:\/\/help.jamk.fi\/wordpress\/","name":"WordPress","description":"Julkaisuohjeet WordPresseiss\u00e4","potentialAction":[{"@type":"SearchAction","target":{"@type":"EntryPoint","urlTemplate":"https:\/\/help.jamk.fi\/wordpress\/?s={search_term_string}"},"query-input":{"@type":"PropertyValueSpecification","valueRequired":true,"valueName":"search_term_string"}}],"inLanguage":"fi"}]}},"_links":{"self":[{"href":"https:\/\/help.jamk.fi\/wordpress\/wp-json\/wp\/v2\/pages\/112","targetHints":{"allow":["GET"]}}],"collection":[{"href":"https:\/\/help.jamk.fi\/wordpress\/wp-json\/wp\/v2\/pages"}],"about":[{"href":"https:\/\/help.jamk.fi\/wordpress\/wp-json\/wp\/v2\/types\/page"}],"author":[{"embeddable":true,"href":"https:\/\/help.jamk.fi\/wordpress\/wp-json\/wp\/v2\/users\/66"}],"replies":[{"embeddable":true,"href":"https:\/\/help.jamk.fi\/wordpress\/wp-json\/wp\/v2\/comments?post=112"}],"version-history":[{"count":19,"href":"https:\/\/help.jamk.fi\/wordpress\/wp-json\/wp\/v2\/pages\/112\/revisions"}],"predecessor-version":[{"id":1469,"href":"https:\/\/help.jamk.fi\/wordpress\/wp-json\/wp\/v2\/pages\/112\/revisions\/1469"}],"wp:attachment":[{"href":"https:\/\/help.jamk.fi\/wordpress\/wp-json\/wp\/v2\/media?parent=112"}],"wp:term":[{"taxonomy":"category","embeddable":true,"href":"https:\/\/help.jamk.fi\/wordpress\/wp-json\/wp\/v2\/categories?post=112"},{"taxonomy":"post_tag","embeddable":true,"href":"https:\/\/help.jamk.fi\/wordpress\/wp-json\/wp\/v2\/tags?post=112"}],"curies":[{"name":"wp","href":"https:\/\/api.w.org\/{rel}","templated":true}]}}